{"id":71,"date":"2024-07-10T07:26:31","date_gmt":"2024-07-10T07:26:31","guid":{"rendered":"https:\/\/delego.hu\/?page_id=71"},"modified":"2025-02-18T10:15:35","modified_gmt":"2025-02-18T10:15:35","slug":"minositett-kolcsonzes-2","status":"publish","type":"page","link":"https:\/\/delego.hu\/zh\/minositett-kolcsonzes-2\/","title":{"rendered":"\u8ba4\u8bc1\u4e34\u65f6\u96c7\u4f63\u670d\u52a1"},"content":{"rendered":"<div data-elementor-type=\"wp-page\" data-elementor-id=\"71\" class=\"elementor elementor-71\" data-elementor-post-type=\"page\">\n\t\t\t\t<div data-dce-background-image-url=\"http:\/\/delego.hu\/wp-content\/uploads\/2024\/07\/delego1-scaled-1.jpg\" class=\"elementor-element elementor-element-5f1b878 e-flex e-con-boxed e-con e-parent\" data-id=\"5f1b878\" data-element_type=\"container\" data-e-type=\"container\" data-settings=\"{&quot;background_background&quot;:&quot;classic&quot;}\">\n\t\t\t\t\t<div class=\"e-con-inner\">\n\t\t<div class=\"elementor-element elementor-element-3fd7bba e-con-full e-flex e-con e-child\" data-id=\"3fd7bba\" data-element_type=\"container\" data-e-type=\"container\">\n\t\t\t\t<div data-dce-title-color=\"#000000\" class=\"elementor-element elementor-element-74f8a9f elementor-widget elementor-widget-heading\" data-id=\"74f8a9f\" data-element_type=\"widget\" data-e-type=\"widget\" data-widget_type=\"heading.default\">\n\t\t\t\t<div class=\"elementor-widget-container\">\n\t\t\t\t\t<h2 class=\"elementor-heading-title elementor-size-default\">A Delego Kft. Min\u0151s\u00edtett Munkaer\u0151-k\u00f6lcs\u00f6nz\u0151.<\/h2>\t\t\t\t<\/div>\n\t\t\t\t<\/div>\n\t\t\t\t<div data-dce-text-color=\"#000000\" class=\"elementor-element elementor-element-b2ba18b elementor-widget elementor-widget-text-editor\" data-id=\"b2ba18b\" data-element_type=\"widget\" data-e-type=\"widget\" data-widget_type=\"text-editor.default\">\n\t\t\t\t<div class=\"elementor-widget-container\">\n\t\t\t\t\t\t\t\t\t<p class=\"translation-block\" data-ninja-font=\"helvetica_light_normal\">A Korm\u00e1nyhivatalok \u00e1ltal kiadott szigor\u00fa min\u0151s\u00edt\u00e9sre a&nbsp;<strong class=\"\" data-ninja-font=\"helvetica_bold_normal\">t\u00f6bb sz\u00e1z hazai munkaer\u0151-k\u00f6lcs\u00f6nz\u0151 v\u00e1llalat k\u00f6z\u00fcl csup\u00e1n n\u00e9h\u00e1ny<\/strong>&nbsp;v\u00e1lik jogosultt\u00e1, amennyiben teljes\u00edtette az enged\u00e9ly kiad\u00e1s\u00e1hoz felt\u00e9tel\u00fcl szabott&nbsp;<strong class=\"\" data-ninja-font=\"helvetica_bold_normal\">szigor\u00fa p\u00e9nz\u00fcgyi, szakmai, szem\u00e9lyi \u00e9s \u00e1tl\u00e1that\u00f3s\u00e1gi felt\u00e9teleket<\/strong>. (<a class=\"\" href=\"https:\/\/net.jogtar.hu\/jogszabaly?docid=a2200226.kor\" data-ninja-font=\"helvetica_light_normal\" target=\"_self\">226\/2022. (VI. 28.) Korm. rendelet<\/a>)<\/p>\n<p class=\"translation-block\" data-ninja-font=\"helvetica_light_normal\">A felt\u00e9telek k\u00f6z\u00f6tt szerepel a 15 milli\u00f3 Ft-os k\u00f6lcs\u00f6nz\u00e9si let\u00e9ten fel\u00fcl tov\u00e1bbi \u2013 elk\u00fcl\u00f6n\u00edtetten kezelt \u2013&nbsp;<strong class=\"\" data-ninja-font=\"helvetica_bold_normal\">50 milli\u00f3 Ft-os p\u00e9nz\u00fcgyi let\u00e9t<\/strong>&nbsp;biztos\u00edt\u00e1sa is, ez\u00e1ltal t\u00f6bbsz\u00f6r\u00f6s&nbsp;<strong class=\"\" data-ninja-font=\"helvetica_bold_normal\">garanci\u00e1t<\/strong>&nbsp;biztos\u00edtva a&nbsp;<strong class=\"\" data-ninja-font=\"helvetica_bold_normal\">k\u00f6lcs\u00f6nz\u00f6tt dolgoz\u00f3k<\/strong>&nbsp;r\u00e9sz\u00e9re.<\/p>\n<p class=\"translation-block\"><span class=\"\" style=\"color: #cf3334;\" data-ninja-font=\"helvetica_light_normal\">Min\u0151s\u00edtett k\u00f6lcs\u00f6nz\u0151k\u00e9nt a Delego Kft.&nbsp;<strong><u class=\"\" data-ninja-font=\"helvetica_bold_normal\">11 EU-n k\u00edv\u00fcli orsz\u00e1gb\u00f3l<\/u><\/strong>&nbsp;k\u00f6nny\u00edtett elj\u00e1r\u00e1ssal,&nbsp;<strong><u class=\"\" data-ninja-font=\"helvetica_bold_normal\">munkav\u00e1llal\u00e1si enged\u00e9ly ig\u00e9nyl\u00e9se n\u00e9lk\u00fcl<\/u><\/strong>&nbsp;<strong class=\"\" data-ninja-font=\"helvetica_bold_normal\">toborozhat<\/strong>&nbsp;\u00e9s k\u00f6lcs\u00f6n\u00f6zhet&nbsp;<strong class=\"\" data-ninja-font=\"helvetica_bold_normal\">munkav\u00e1llal\u00f3kat<\/strong>, term\u00e9szetesen az idegenrend\u00e9szeti szab\u00e1lyok betart\u00e1sa mellett.<\/span><\/p>\t\t\t\t\t\t\t\t<\/div>\n\t\t\t\t<\/div>\n\t\t\t\t<div data-dce-background-color=\"#CF3334\" class=\"elementor-element elementor-element-ec7402d elementor-widget elementor-widget-button\" data-id=\"ec7402d\" data-element_type=\"widget\" data-e-type=\"widget\" data-widget_type=\"button.default\">\n\t\t\t\t<div class=\"elementor-widget-container\">\n\t\t\t\t\t\t\t\t\t<div class=\"elementor-button-wrapper\">\n\t\t\t\t\t<a class=\"elementor-button elementor-button-link elementor-size-sm\" href=\"https:\/\/delego.hu\/zh\/ajanlatkeres\/\">\n\t\t\t\t\t\t<span class=\"elementor-button-content-wrapper\">\n\t\t\t\t\t\t\t\t\t<span class=\"elementor-button-text\">\u804c\u4f4d\u7a7a\u7f3a<\/span>\n\t\t\t\t\t<\/span>\n\t\t\t\t\t<\/a>\n\t\t\t\t<\/div>\n\t\t\t\t\t\t\t\t<\/div>\n\t\t\t\t<\/div>\n\t\t\t\t<\/div>\n\t\t<div class=\"elementor-element elementor-element-ca4a715 e-con-full e-flex e-con e-child\" data-id=\"ca4a715\" data-element_type=\"container\" data-e-type=\"container\">\n\t\t\t\t<\/div>\n\t\t\t\t\t<\/div>\n\t\t\t\t<\/div>\n\t\t<div data-dce-background-image-url=\"http:\/\/delego.hu\/wp-content\/uploads\/2024\/07\/delego3-scaled-1.jpg\" class=\"elementor-element elementor-element-1152d71 e-flex e-con-boxed e-con e-parent\" data-id=\"1152d71\" data-element_type=\"container\" data-e-type=\"container\" data-settings=\"{&quot;background_background&quot;:&quot;classic&quot;}\">\n\t\t\t\t\t<div class=\"e-con-inner\">\n\t\t<div class=\"elementor-element elementor-element-e89fb0b e-con-full e-flex e-con e-child\" data-id=\"e89fb0b\" data-element_type=\"container\" data-e-type=\"container\">\n\t\t\t\t<div data-dce-title-color=\"#FFFFFF\" class=\"elementor-element elementor-element-41df272 elementor-widget elementor-widget-heading\" data-id=\"41df272\" data-element_type=\"widget\" data-e-type=\"widget\" data-widget_type=\"heading.default\">\n\t\t\t\t<div class=\"elementor-widget-container\">\n\t\t\t\t\t<h2 class=\"elementor-heading-title elementor-size-default\">Az al\u00e1bbi orsz\u00e1gok munkav\u00e1llal\u00f3i mostant\u00f3l az \u00d6n c\u00e9ge r\u00e9sz\u00e9re is el\u00e9rhet\u0151ek a Delego \u00e1ltal:<\/h2>\t\t\t\t<\/div>\n\t\t\t\t<\/div>\n\t\t\t\t<div data-dce-text-color=\"#FFFFFF\" class=\"elementor-element elementor-element-0381327 elementor-widget elementor-widget-text-editor\" data-id=\"0381327\" data-element_type=\"widget\" data-e-type=\"widget\" data-widget_type=\"text-editor.default\">\n\t\t\t\t<div class=\"elementor-widget-container\">\n\t\t\t\t\t\t\t\t\t<ul><li data-start=\"33\" data-end=\"79\">Bosznia \u00e9s Hercegovina \u2013 boszniai munkaer\u0151<\/li><li data-start=\"80\" data-end=\"124\">\u00c9szak-Maced\u00f3nia \u2013 \u00e9szak-maced\u00f3n munkaer\u0151<\/li><li data-start=\"125\" data-end=\"167\">Feh\u00e9roroszorsz\u00e1g \u2013 feh\u00e9rorosz munkaer\u0151<\/li><li data-start=\"168\" data-end=\"226\">F\u00fcl\u00f6p-szigeteki K\u00f6zt\u00e1rsas\u00e1g \u2013 f\u00fcl\u00f6p-szigeteki munkaer\u0151<\/li><li data-start=\"227\" data-end=\"253\" class=\"translation-block\">Gr\u00fazia \u2013 <a style=\"color: white;\" href=\"http:\/\/delego.hu\/zh\/gruzia-gruz-munkaero\/\" target=\"_self\"><u>gr\u00faz munkaer\u0151<\/u><\/a><\/li><li data-start=\"254\" data-end=\"285\">Moldova \u2013 moldovai munkaer\u0151<\/li><\/ul>\t\t\t\t\t\t\t\t<\/div>\n\t\t\t\t<\/div>\n\t\t\t\t<\/div>\n\t\t<div class=\"elementor-element elementor-element-f90f3e6 e-con-full e-flex e-con e-child\" data-id=\"f90f3e6\" data-element_type=\"container\" data-e-type=\"container\">\n\t\t\t\t<div data-dce-text-color=\"#FFFFFF\" class=\"elementor-element elementor-element-5e81b85 elementor-widget elementor-widget-text-editor\" data-id=\"5e81b85\" data-element_type=\"widget\" data-e-type=\"widget\" data-widget_type=\"text-editor.default\">\n\t\t\t\t<div class=\"elementor-widget-container\">\n\t\t\t\t\t\t\t\t\t<p>\u00a0<\/p><p>\u00a0<\/p><ul><li data-start=\"286\" data-end=\"323\">Montenegr\u00f3 \u2013 montenegr\u00f3i munkaer\u0151<\/li><li data-start=\"324\" data-end=\"356\">Oroszorsz\u00e1g \u2013 orosz munkaer\u0151<\/li><li data-start=\"357\" data-end=\"385\">Szerbia \u2013 szerb munkaer\u0151<\/li><li data-start=\"386\" data-end=\"414\">Ukrajna \u2013 ukr\u00e1n munkaer\u0151<\/li><li data-start=\"415\" data-end=\"447\" data-is-last-node=\"\" class=\"translation-block\">\u00d6rm\u00e9nyorsz\u00e1g \u2013 <a href=\"http:\/\/delego.hu\/zh\/ormenyorszag-ormeny-munkaero\/\" style=\"color:white\" target=\"_self\"><u>\u00f6rm\u00e9ny munkaer\u0151<\/u><\/a><\/li><\/ul>\t\t\t\t\t\t\t\t<\/div>\n\t\t\t\t<\/div>\n\t\t\t\t<\/div>\n\t\t\t\t\t<\/div>\n\t\t\t\t<\/div>\n\t\t<div data-dce-background-image-url=\"http:\/\/delego.hu\/wp-content\/uploads\/2024\/07\/delego2-scaled-1.jpg\" class=\"elementor-element elementor-element-e7cf4f6 e-flex e-con-boxed e-con e-parent\" data-id=\"e7cf4f6\" data-element_type=\"container\" data-e-type=\"container\" data-settings=\"{&quot;background_background&quot;:&quot;classic&quot;}\">\n\t\t\t\t\t<div class=\"e-con-inner\">\n\t\t<div class=\"elementor-element elementor-element-de90d43 e-con-full e-flex e-con e-child\" data-id=\"de90d43\" data-element_type=\"container\" data-e-type=\"container\">\n\t\t\t\t<\/div>\n\t\t<div class=\"elementor-element elementor-element-5bd26ca e-con-full e-flex e-con e-child\" data-id=\"5bd26ca\" data-element_type=\"container\" data-e-type=\"container\">\n\t\t\t\t<div data-dce-text-color=\"#000000\" class=\"elementor-element elementor-element-b730990 elementor-widget elementor-widget-text-editor\" data-id=\"b730990\" data-element_type=\"widget\" data-e-type=\"widget\" data-widget_type=\"text-editor.default\">\n\t\t\t\t<div class=\"elementor-widget-container\">\n\t\t\t\t\t\t\t\t\t<p class=\"\" data-ninja-font=\"helvetica_light_normal\">Az elt\u00e9r\u0151 kultur\u00e1lis \u00e9s t\u00e1rsadalmi jellemz\u0151k miatt az egyes orsz\u00e1gok munkav\u00e1llal\u00f3i m\u00e1s-m\u00e1s ter\u00fcleteken m\u00e1s-m\u00e1s tapasztalattal rendelkeznek. Ig\u00e9ny szerint seg\u00edt\u00fcnk az \u00d6n \u00e1gazat\u00e1nak \u00e9s c\u00e9ljainak legink\u00e1bb megfelel\u0151 forr\u00e1sorsz\u00e1g kiv\u00e1laszt\u00e1s\u00e1ban \u00e9s az egyes orsz\u00e1gokra vonatkoz\u00f3 szak\u00e9rt\u0151i tan\u00e1csad\u00e1sban.<\/p><p class=\"\" data-ninja-font=\"helvetica_light_normal\">A kapcsolatfelv\u00e9telt k\u00f6vet\u0151en sz\u00edvesen megismertetj\u00fck \u00d6nnel k\u00fclf\u00f6ldi toborz\u00e1si referenci\u00e1inkat is.<\/p>\t\t\t\t\t\t\t\t<\/div>\n\t\t\t\t<\/div>\n\t\t\t\t<div data-dce-title-color=\"#000000\" class=\"elementor-element elementor-element-72430bd elementor-widget elementor-widget-heading\" data-id=\"72430bd\" data-element_type=\"widget\" data-e-type=\"widget\" data-widget_type=\"heading.default\">\n\t\t\t\t<div class=\"elementor-widget-container\">\n\t\t\t\t\t<h2 class=\"elementor-heading-title elementor-size-default\"><a href=\"https:\/\/delego.hu\/zh\/ajanlatkeres\/\">Keressen minket bizalommal! K\u00e9rje aj\u00e1nlatunkat!<\/a><\/h2>\t\t\t\t<\/div>\n\t\t\t\t<\/div>\n\t\t\t\t<div data-dce-text-color=\"#000000\" class=\"elementor-element elementor-element-ea81652 elementor-widget elementor-widget-text-editor\" data-id=\"ea81652\" data-element_type=\"widget\" data-e-type=\"widget\" data-widget_type=\"text-editor.default\">\n\t\t\t\t<div class=\"elementor-widget-container\">\n\t\t\t\t\t\t\t\t\t<div class=\"wpb_text_column wpb_content_element\"><div class=\"wpb_wrapper\"><p>Min\u0151s\u00edtett munkaer\u0151-k\u00f6lcs\u00f6nz\u0151i enged\u00e9lysz\u00e1m: BP\/0701\/075046-5\/2022-10<\/p><\/div><\/div>\t\t\t\t\t\t\t\t<\/div>\n\t\t\t\t<\/div>\n\t\t\t\t<div data-dce-background-color=\"#CF3334\" class=\"elementor-element elementor-element-d9ee6e5 elementor-widget elementor-widget-button\" data-id=\"d9ee6e5\" data-element_type=\"widget\" data-e-type=\"widget\" data-widget_type=\"button.default\">\n\t\t\t\t<div class=\"elementor-widget-container\">\n\t\t\t\t\t\t\t\t\t<div class=\"elementor-button-wrapper\">\n\t\t\t\t\t<a class=\"elementor-button elementor-button-link elementor-size-sm\" href=\"https:\/\/delego.hu\/zh\/ajanlatkeres\/\">\n\t\t\t\t\t\t<span class=\"elementor-button-content-wrapper\">\n\t\t\t\t\t\t\t\t\t<span class=\"elementor-button-text\">\u804c\u4f4d\u7a7a\u7f3a<\/span>\n\t\t\t\t\t<\/span>\n\t\t\t\t\t<\/a>\n\t\t\t\t<\/div>\n\t\t\t\t\t\t\t\t<\/div>\n\t\t\t\t<\/div>\n\t\t\t\t<\/div>\n\t\t\t\t\t<\/div>\n\t\t\t\t<\/div>\n\t\t\t\t<\/div>","protected":false},"excerpt":{"rendered":"<p>A Delego Kft. Min\u0151s\u00edtett Munkaer\u0151-k\u00f6lcs\u00f6nz\u0151. A Korm\u00e1nyhivatalok \u00e1ltal kiadott szigor\u00fa min\u0151s\u00edt\u00e9sre a&nbsp;t\u00f6bb sz\u00e1z hazai munkaer\u0151-k\u00f6lcs\u00f6nz\u0151 v\u00e1llalat k\u00f6z\u00fcl csup\u00e1n n\u00e9h\u00e1ny&nbsp;v\u00e1lik jogosultt\u00e1, amennyiben teljes\u00edtette az enged\u00e9ly kiad\u00e1s\u00e1hoz felt\u00e9tel\u00fcl szabott&nbsp;szigor\u00fa p\u00e9nz\u00fcgyi, szakmai, szem\u00e9lyi \u00e9s \u00e1tl\u00e1that\u00f3s\u00e1gi felt\u00e9teleket. (226\/2022. (VI. 28.) Korm. rendelet) A felt\u00e9telek k\u00f6z\u00f6tt szerepel a 15 milli\u00f3 Ft-os k\u00f6lcs\u00f6nz\u00e9si let\u00e9ten fel\u00fcl tov\u00e1bbi \u2013 elk\u00fcl\u00f6n\u00edtetten kezelt \u2013&nbsp;50 milli\u00f3 [&hellip;]<\/p>","protected":false},"author":1,"featured_media":0,"parent":0,"menu_order":0,"comment_status":"closed","ping_status":"closed","template":"","meta":{"_acf_changed":false,"footnotes":""},"class_list":["post-71","page","type-page","status-publish","hentry"],"acf":[],"yoast_head":"<!-- This site is optimized with the Yoast SEO plugin v25.3 - https:\/\/yoast.com\/wordpress\/plugins\/seo\/ -->\n<title>Min\u0151s\u00edtett k\u00f6lcs\u00f6nz\u00e9s - Delego<\/title>\n<meta name=\"robots\" content=\"index, follow, max-snippet:-1, max-image-preview:large, max-video-preview:-1\" \/>\n<link rel=\"canonical\" href=\"https:\/\/delego.hu\/zh\/minositett-kolcsonzes-2\/\" \/>\n<meta property=\"og:locale\" content=\"zh_CN\" \/>\n<meta property=\"og:type\" content=\"article\" \/>\n<meta property=\"og:title\" content=\"Min\u0151s\u00edtett k\u00f6lcs\u00f6nz\u00e9s - Delego\" \/>\n<meta property=\"og:description\" content=\"A Delego Kft. Min\u0151s\u00edtett Munkaer\u0151-k\u00f6lcs\u00f6nz\u0151. A Korm\u00e1nyhivatalok \u00e1ltal kiadott szigor\u00fa min\u0151s\u00edt\u00e9sre a&nbsp;t\u00f6bb sz\u00e1z hazai munkaer\u0151-k\u00f6lcs\u00f6nz\u0151 v\u00e1llalat k\u00f6z\u00fcl csup\u00e1n n\u00e9h\u00e1ny&nbsp;v\u00e1lik jogosultt\u00e1, amennyiben teljes\u00edtette az enged\u00e9ly kiad\u00e1s\u00e1hoz felt\u00e9tel\u00fcl szabott&nbsp;szigor\u00fa p\u00e9nz\u00fcgyi, szakmai, szem\u00e9lyi \u00e9s \u00e1tl\u00e1that\u00f3s\u00e1gi felt\u00e9teleket. (226\/2022. (VI. 28.) Korm. rendelet) A felt\u00e9telek k\u00f6z\u00f6tt szerepel a 15 milli\u00f3 Ft-os k\u00f6lcs\u00f6nz\u00e9si let\u00e9ten fel\u00fcl tov\u00e1bbi \u2013 elk\u00fcl\u00f6n\u00edtetten kezelt \u2013&nbsp;50 milli\u00f3 [&hellip;]\" \/>\n<meta property=\"og:url\" content=\"https:\/\/delego.hu\/zh\/minositett-kolcsonzes-2\/\" \/>\n<meta property=\"og:site_name\" content=\"Delego\" \/>\n<meta property=\"article:modified_time\" content=\"2025-02-18T10:15:35+00:00\" \/>\n<meta name=\"twitter:card\" content=\"summary_large_image\" \/>\n<meta name=\"twitter:label1\" content=\"\u9884\u8ba1\u9605\u8bfb\u65f6\u95f4\" \/>\n\t<meta name=\"twitter:data1\" content=\"2 \u5206\" \/>\n<script type=\"application\/ld+json\" class=\"yoast-schema-graph\">{\"@context\":\"https:\/\/schema.org\",\"@graph\":[{\"@type\":\"WebPage\",\"@id\":\"https:\/\/delego.hu\/hu\/minositett-kolcsonzes-2\/\",\"url\":\"https:\/\/delego.hu\/hu\/minositett-kolcsonzes-2\/\",\"name\":\"Min\u0151s\u00edtett k\u00f6lcs\u00f6nz\u00e9s - Delego\",\"isPartOf\":{\"@id\":\"https:\/\/delego.hu\/ru\/#website\"},\"datePublished\":\"2024-07-10T07:26:31+00:00\",\"dateModified\":\"2025-02-18T10:15:35+00:00\",\"breadcrumb\":{\"@id\":\"https:\/\/delego.hu\/hu\/minositett-kolcsonzes-2\/#breadcrumb\"},\"inLanguage\":\"zh-Hans\",\"potentialAction\":[{\"@type\":\"ReadAction\",\"target\":[\"https:\/\/delego.hu\/hu\/minositett-kolcsonzes-2\/\"]}]},{\"@type\":\"BreadcrumbList\",\"@id\":\"https:\/\/delego.hu\/hu\/minositett-kolcsonzes-2\/#breadcrumb\",\"itemListElement\":[{\"@type\":\"ListItem\",\"position\":1,\"name\":\"Kezd\u0151lap\",\"item\":\"https:\/\/delego.hu\/hu\/\"},{\"@type\":\"ListItem\",\"position\":2,\"name\":\"Min\u0151s\u00edtett k\u00f6lcs\u00f6nz\u00e9s\"}]},{\"@type\":\"WebSite\",\"@id\":\"https:\/\/delego.hu\/ru\/#website\",\"url\":\"https:\/\/delego.hu\/ru\/\",\"name\":\"Delego\",\"description\":\"\",\"publisher\":{\"@id\":\"https:\/\/delego.hu\/ru\/#organization\"},\"potentialAction\":[{\"@type\":\"SearchAction\",\"target\":{\"@type\":\"EntryPoint\",\"urlTemplate\":\"https:\/\/delego.hu\/ru\/?s={search_term_string}\"},\"query-input\":{\"@type\":\"PropertyValueSpecification\",\"valueRequired\":true,\"valueName\":\"search_term_string\"}}],\"inLanguage\":\"zh-Hans\"},{\"@type\":\"Organization\",\"@id\":\"https:\/\/delego.hu\/ru\/#organization\",\"name\":\"Delego\",\"url\":\"https:\/\/delego.hu\/ru\/\",\"logo\":{\"@type\":\"ImageObject\",\"inLanguage\":\"zh-Hans\",\"@id\":\"https:\/\/delego.hu\/ru\/#\/schema\/logo\/image\/\",\"url\":\"https:\/\/delego.hu\/wp-content\/uploads\/2024\/07\/logodelego.png\",\"contentUrl\":\"https:\/\/delego.hu\/wp-content\/uploads\/2024\/07\/logodelego.png\",\"width\":117,\"height\":50,\"caption\":\"Delego\"},\"image\":{\"@id\":\"https:\/\/delego.hu\/ru\/#\/schema\/logo\/image\/\"}}]}<\/script>\n<!-- \/ Yoast SEO plugin. -->","yoast_head_json":{"title":"Min\u0151s\u00edtett k\u00f6lcs\u00f6nz\u00e9s - Delego","robots":{"index":"index","follow":"follow","max-snippet":"max-snippet:-1","max-image-preview":"max-image-preview:large","max-video-preview":"max-video-preview:-1"},"canonical":"https:\/\/delego.hu\/zh\/minositett-kolcsonzes-2\/","og_locale":"zh_CN","og_type":"article","og_title":"Min\u0151s\u00edtett k\u00f6lcs\u00f6nz\u00e9s - Delego","og_description":"A Delego Kft. Min\u0151s\u00edtett Munkaer\u0151-k\u00f6lcs\u00f6nz\u0151. A Korm\u00e1nyhivatalok \u00e1ltal kiadott szigor\u00fa min\u0151s\u00edt\u00e9sre a&nbsp;t\u00f6bb sz\u00e1z hazai munkaer\u0151-k\u00f6lcs\u00f6nz\u0151 v\u00e1llalat k\u00f6z\u00fcl csup\u00e1n n\u00e9h\u00e1ny&nbsp;v\u00e1lik jogosultt\u00e1, amennyiben teljes\u00edtette az enged\u00e9ly kiad\u00e1s\u00e1hoz felt\u00e9tel\u00fcl szabott&nbsp;szigor\u00fa p\u00e9nz\u00fcgyi, szakmai, szem\u00e9lyi \u00e9s \u00e1tl\u00e1that\u00f3s\u00e1gi felt\u00e9teleket. (226\/2022. (VI. 28.) Korm. rendelet) A felt\u00e9telek k\u00f6z\u00f6tt szerepel a 15 milli\u00f3 Ft-os k\u00f6lcs\u00f6nz\u00e9si let\u00e9ten fel\u00fcl tov\u00e1bbi \u2013 elk\u00fcl\u00f6n\u00edtetten kezelt \u2013&nbsp;50 milli\u00f3 [&hellip;]","og_url":"https:\/\/delego.hu\/zh\/minositett-kolcsonzes-2\/","og_site_name":"Delego","article_modified_time":"2025-02-18T10:15:35+00:00","twitter_card":"summary_large_image","twitter_misc":{"\u9884\u8ba1\u9605\u8bfb\u65f6\u95f4":"2 \u5206"},"schema":{"@context":"https:\/\/schema.org","@graph":[{"@type":"WebPage","@id":"https:\/\/delego.hu\/hu\/minositett-kolcsonzes-2\/","url":"https:\/\/delego.hu\/hu\/minositett-kolcsonzes-2\/","name":"Min\u0151s\u00edtett k\u00f6lcs\u00f6nz\u00e9s - Delego","isPartOf":{"@id":"https:\/\/delego.hu\/ru\/#website"},"datePublished":"2024-07-10T07:26:31+00:00","dateModified":"2025-02-18T10:15:35+00:00","breadcrumb":{"@id":"https:\/\/delego.hu\/hu\/minositett-kolcsonzes-2\/#breadcrumb"},"inLanguage":"zh-Hans","potentialAction":[{"@type":"ReadAction","target":["https:\/\/delego.hu\/hu\/minositett-kolcsonzes-2\/"]}]},{"@type":"BreadcrumbList","@id":"https:\/\/delego.hu\/hu\/minositett-kolcsonzes-2\/#breadcrumb","itemListElement":[{"@type":"ListItem","position":1,"name":"Kezd\u0151lap","item":"https:\/\/delego.hu\/hu\/"},{"@type":"ListItem","position":2,"name":"Min\u0151s\u00edtett k\u00f6lcs\u00f6nz\u00e9s"}]},{"@type":"WebSite","@id":"https:\/\/delego.hu\/ru\/#website","url":"https:\/\/delego.hu\/ru\/","name":"Delego","description":"","publisher":{"@id":"https:\/\/delego.hu\/ru\/#organization"},"potentialAction":[{"@type":"SearchAction","target":{"@type":"EntryPoint","urlTemplate":"https:\/\/delego.hu\/ru\/?s={search_term_string}"},"query-input":{"@type":"PropertyValueSpecification","valueRequired":true,"valueName":"search_term_string"}}],"inLanguage":"zh-Hans"},{"@type":"Organization","@id":"https:\/\/delego.hu\/ru\/#organization","name":"Delego","url":"https:\/\/delego.hu\/ru\/","logo":{"@type":"ImageObject","inLanguage":"zh-Hans","@id":"https:\/\/delego.hu\/ru\/#\/schema\/logo\/image\/","url":"https:\/\/delego.hu\/wp-content\/uploads\/2024\/07\/logodelego.png","contentUrl":"https:\/\/delego.hu\/wp-content\/uploads\/2024\/07\/logodelego.png","width":117,"height":50,"caption":"Delego"},"image":{"@id":"https:\/\/delego.hu\/ru\/#\/schema\/logo\/image\/"}}]}},"_links":{"self":[{"href":"https:\/\/delego.hu\/zh\/wp-json\/wp\/v2\/pages\/71","targetHints":{"allow":["GET"]}}],"collection":[{"href":"https:\/\/delego.hu\/zh\/wp-json\/wp\/v2\/pages"}],"about":[{"href":"https:\/\/delego.hu\/zh\/wp-json\/wp\/v2\/types\/page"}],"author":[{"embeddable":true,"href":"https:\/\/delego.hu\/zh\/wp-json\/wp\/v2\/users\/1"}],"replies":[{"embeddable":true,"href":"https:\/\/delego.hu\/zh\/wp-json\/wp\/v2\/comments?post=71"}],"version-history":[{"count":25,"href":"https:\/\/delego.hu\/zh\/wp-json\/wp\/v2\/pages\/71\/revisions"}],"predecessor-version":[{"id":1582,"href":"https:\/\/delego.hu\/zh\/wp-json\/wp\/v2\/pages\/71\/revisions\/1582"}],"wp:attachment":[{"href":"https:\/\/delego.hu\/zh\/wp-json\/wp\/v2\/media?parent=71"}],"curies":[{"name":"wp","href":"https:\/\/api.w.org\/{rel}","templated":true}]}}