{"id":317,"date":"2024-07-16T11:43:23","date_gmt":"2024-07-16T11:43:23","guid":{"rendered":"https:\/\/delego.hu\/?page_id=317"},"modified":"2026-02-12T13:16:37","modified_gmt":"2026-02-12T13:16:37","slug":"diakmunka2","status":"publish","type":"page","link":"https:\/\/delego.hu\/zh\/diakmunka2\/","title":{"rendered":"\u9752\u5e74\u5c31\u4e1a"},"content":{"rendered":"<div data-elementor-type=\"wp-page\" data-elementor-id=\"317\" class=\"elementor elementor-317\" data-elementor-post-type=\"page\">\n\t\t\t\t<div class=\"elementor-element elementor-element-5c6cd9b e-flex e-con-boxed e-con e-parent\" data-id=\"5c6cd9b\" data-element_type=\"container\" data-e-type=\"container\">\n\t\t\t\t\t<div class=\"e-con-inner\">\n\t\t\t\t<div data-dce-text-color=\"#000000\" class=\"elementor-element elementor-element-8894e6e elementor-widget elementor-widget-text-editor\" data-id=\"8894e6e\" data-element_type=\"widget\" data-e-type=\"widget\" data-widget_type=\"text-editor.default\">\n\t\t\t\t<div class=\"elementor-widget-container\">\n\t\t\t\t\t\t\t\t\t<p class=\"translation-block\">\u901a\u8fc7\u5b66\u6821\u5408\u4f5c\u793e\u96c7\u4f63\u5b66\u751f\u5458\u5de5\u662f\u76ee\u524d\u6700\u7075\u6d3b\u3001\u6700\u5212\u7b97\u7684\u89e3\u51b3\u65b9\u6848\uff0c\u8ba9\u60a8\u53ef\u4ee5\u96c7\u4f63\u4e00\u652f\u53ef\u9760\u3001\u7eaa\u5f8b\u826f\u597d\u4e14\u5177\u5907\u5fc5\u8981\u5de5\u4f5c\u6280\u80fd\u7684\u52b3\u52a8\u529b\u3002<\/p><p class=\"translation-block\">\u5408\u4f5c\u793e\u4e0e\u60a8\u7684\u516c\u53f8\u7b7e\u8ba2\u4ee3\u7406\u6216\u4e3b\u534f\u8bae\u5e76\u4ee5\u9884\u5148\u786e\u5b9a\u7684\u7edf\u4e00\u8d39\u7387\u4e3a\u60a8\u63d0\u4f9b\u5b66\u751f\u5458\u5de5\u3002\u6211\u4eec\u670d\u52a1\u4ec5\u6536\u53d6\u95f4\u63a5\u8d39\u7528\uff0c\u4e0d\u4f1a\u6839\u636e\u5ba2\u6237\u7684\u5de5\u8d44\u5355\u6536\u8d39\u3002<\/p>\t\t\t\t\t\t\t\t<\/div>\n\t\t\t\t<\/div>\n\t\t\t\t\t<\/div>\n\t\t\t\t<\/div>\n\t\t<div data-dce-background-image-url=\"http:\/\/delego.hu\/wp-content\/uploads\/2024\/07\/diakmunka.jpg\" class=\"elementor-element elementor-element-90c00ae e-flex e-con-boxed e-con e-parent\" data-id=\"90c00ae\" data-element_type=\"container\" data-e-type=\"container\" data-settings=\"{&quot;background_background&quot;:&quot;classic&quot;}\">\n\t\t\t\t\t<div class=\"e-con-inner\">\n\t\t<div class=\"elementor-element elementor-element-ca9aab8 e-con-full e-flex e-con e-child\" data-id=\"ca9aab8\" data-element_type=\"container\" data-e-type=\"container\">\n\t\t\t\t<\/div>\n\t\t<div class=\"elementor-element elementor-element-b7e249b e-con-full e-flex e-con e-child\" data-id=\"b7e249b\" data-element_type=\"container\" data-e-type=\"container\">\n\t\t\t\t<div data-dce-text-color=\"#000000\" class=\"elementor-element elementor-element-f310454 elementor-widget elementor-widget-text-editor\" data-id=\"f310454\" data-element_type=\"widget\" data-e-type=\"widget\" data-widget_type=\"text-editor.default\">\n\t\t\t\t<div class=\"elementor-widget-container\">\n\t\t\t\t\t\t\t\t\t<div class=\"wpb_column vc_column_container vc_col-sm-6 vc_hidden-sm vc_hidden-xs\"><div class=\"vc_column-inner\"><div class=\"wpb_wrapper\"><strong>\u901a\u8fc7\u96c7\u7528\u5b66\u751f\u5458\u5de5\uff0c\u60a8\u53ef\u4ee5\u4ee5\u975e\u5e38\u7075\u6d3b\u7684\u65b9\u5f0f\u6ee1\u8db3\u60a8\u7684\u4eba\u5458\u914d\u5907\u9700\u6c42\uff0c\u5e76\u4e14\u7531\u4e8e\u4e0d\u7528\u652f\u4ed8\u793e\u4f1a\u4fdd\u969c\u8d39\u7528\u3001\u5047\u671f\u548c\u75c5\u5047\u5de5\u8d44\uff0c\u4e0e\u5168\u804c\u5458\u5de5\u76f8\u6bd4\uff0c\u6700\u591a\u53ef\u8282\u7701 30-40% \u7684\u8d39\u7528\u3002<\/strong><\/div><\/div><\/div>\t\t\t\t\t\t\t\t<\/div>\n\t\t\t\t<\/div>\n\t\t\t\t<\/div>\n\t\t\t\t\t<\/div>\n\t\t\t\t<\/div>\n\t\t<div class=\"elementor-element elementor-element-e86b9e5 e-flex e-con-boxed e-con e-parent\" data-id=\"e86b9e5\" data-element_type=\"container\" data-e-type=\"container\">\n\t\t\t\t\t<div class=\"e-con-inner\">\n\t\t<div class=\"elementor-element elementor-element-31db2c9 e-con-full e-flex e-con e-child\" data-id=\"31db2c9\" data-element_type=\"container\" data-e-type=\"container\">\n\t\t\t\t<div data-dce-text-color=\"#000000\" class=\"elementor-element elementor-element-d6f6385 elementor-widget elementor-widget-text-editor\" data-id=\"d6f6385\" data-element_type=\"widget\" data-e-type=\"widget\" data-widget_type=\"text-editor.default\">\n\t\t\t\t<div class=\"elementor-widget-container\">\n\t\t\t\t\t\t\t\t\t<p class=\"translation-block\">\u6839\u636e\u73b0\u884c\u7acb\u6cd5\uff0c\u5168\u65e5\u5236\u5b66\u751f\u53ef\u4ee5\u4ee5\u5b66\u6821\u5408\u4f5c\u793e\u6210\u5458\u7684\u8eab\u4efd\u5de5\u4f5c\uff0c\u65e0\u9700\u652f\u4ed8\u4f1a\u8d39\uff0c\u4e5f\u4e0d\u4f1a\u4ea7\u751f\u5047\u671f\u3001\u75c5\u5047\u6216\u89e3\u96c7\u8d39\u7528\u3002\u76f8\u6bd4\u5168\u804c\u5458\u5de5\uff0c\u6211\u4eec\u7684\u5408\u4f5c\u4f19\u4f34\u6700\u591a\u53ef\u8282\u7701 30-40% \u7684\u8d39\u7528\u3002\n\u9664\u5de5\u8d44\u548c\u7a0e\u6536\u5916\uff0c\u96c7\u7528\u8d39\u7528\u8fd8\u5305\u62ec\u5ba3\u4f20\u3001\u62db\u8058\u3001\u7ec4\u7ec7\u3001\u4f1a\u8ba1\u548c\u884c\u653f\u8d39\u7528\u3002<\/p><p>\u65e0\u8bba\u662f\u5728\u5236\u9020\/\u751f\u4ea7\u3001\u96f6\u552e\u3001\u5feb\u901f\u6d88\u8d39\u54c1\u3001\u7269\u6d41\u8fd8\u662f SSC\uff0c\u6211\u4eec\u7684\u5b66\u751f\u90fd\u80fd\u80dc\u4efb\uff0c\u4ece\u6bcf\u5929\u8f6e\u73ed\u7684\u4f53\u529b\u52b3\u52a8\u5230\u957f\u671f\u7684\u6587\u4e66\u548c\u884c\u653f\u5de5\u4f5c\uff0c\u518d\u5230\u9700\u8981\u4e13\u4e1a\u6280\u80fd\u7684\u5de5\u4f5c\u3002<\/p><p class=\"translation-block\">\u6211\u4eec\u8fd8\u8ba9\u60a8\u6709\u673a\u4f1a\u901a\u8fc7\u6211\u4eec\u7684\u5b66\u6821\u5408\u4f5c\u7ec4\u7ec7\u96c7\u7528\u60a8\u7684\u540c\u4e8b\u6216\u670b\u53cb\u7684\u5b69\u5b50\u3002\u5728\u8fd9\u79cd\u60c5\u51b5\u4e0b\uff0c\u9664\u4e86\u5546\u5b9a\u7684\u5b66\u751f\u5de5\u8d44\u5916\uff0c\u6211\u4eec\u5c06\u5411\u60a8\u6536\u53d6\u5c11\u91cf\u7ba1\u7406\u8d39\u3002<\/p>\t\t\t\t\t\t\t\t<\/div>\n\t\t\t\t<\/div>\n\t\t\t\t<div data-dce-background-color=\"#61CE7000\" class=\"elementor-element elementor-element-89e5795 elementor-align-left elementor-widget elementor-widget-button\" data-id=\"89e5795\" data-element_type=\"widget\" data-e-type=\"widget\" data-widget_type=\"button.default\">\n\t\t\t\t<div class=\"elementor-widget-container\">\n\t\t\t\t\t\t\t\t\t<div class=\"elementor-button-wrapper\">\n\t\t\t\t\t<a class=\"elementor-button elementor-button-link elementor-size-sm\" href=\"https:\/\/delego.hu\/zh\/ajanlatkeres\/\">\n\t\t\t\t\t\t<span class=\"elementor-button-content-wrapper\">\n\t\t\t\t\t\t\t\t\t<span class=\"elementor-button-text\">\u54a8\u8be2\u62a5\u4ef7<\/span>\n\t\t\t\t\t<\/span>\n\t\t\t\t\t<\/a>\n\t\t\t\t<\/div>\n\t\t\t\t\t\t\t\t<\/div>\n\t\t\t\t<\/div>\n\t\t\t\t<\/div>\n\t\t<div class=\"elementor-element elementor-element-652fcd1 e-con-full e-flex e-con e-child\" data-id=\"652fcd1\" data-element_type=\"container\" data-e-type=\"container\">\n\t\t\t\t<div data-dce-text-color=\"#000000\" class=\"elementor-element elementor-element-e9acf7e elementor-widget elementor-widget-text-editor\" data-id=\"e9acf7e\" data-element_type=\"widget\" data-e-type=\"widget\" data-widget_type=\"text-editor.default\">\n\t\t\t\t<div class=\"elementor-widget-container\">\n\t\t\t\t\t\t\t\t\t<div class=\"wpb_text_column wpb_content_element\"><div class=\"wpb_wrapper\"><p><strong class=\"\" data-ninja-font=\"muli_bold_normal\">\u5b66\u751f\u53ef\u4ee5\u8fdb\u884c\u7684\u6d3b\u52a8\uff1a<\/strong><\/p><\/div><\/div>\t\t\t\t\t\t\t\t<\/div>\n\t\t\t\t<\/div>\n\t\t\t\t<div class=\"elementor-element elementor-element-ac8f82b elementor-icon-list--layout-traditional elementor-list-item-link-full_width elementor-widget elementor-widget-icon-list\" data-id=\"ac8f82b\" data-element_type=\"widget\" data-e-type=\"widget\" data-widget_type=\"icon-list.default\">\n\t\t\t\t<div class=\"elementor-widget-container\">\n\t\t\t\t\t\t\t<ul class=\"elementor-icon-list-items\">\n\t\t\t\t\t\t\t<li class=\"elementor-icon-list-item\">\n\t\t\t\t\t\t\t\t\t\t\t<span class=\"elementor-icon-list-icon\">\n\t\t\t\t\t\t\t<i aria-hidden=\"true\" class=\"fas fa-chevron-circle-right\"><\/i>\t\t\t\t\t\t<\/span>\n\t\t\t\t\t\t\t\t\t\t<span class=\"elementor-icon-list-text\">\u7ba1\u7406<\/span>\n\t\t\t\t\t\t\t\t\t<\/li>\n\t\t\t\t\t\t\t\t<li class=\"elementor-icon-list-item\">\n\t\t\t\t\t\t\t\t\t\t\t<span class=\"elementor-icon-list-icon\">\n\t\t\t\t\t\t\t<i aria-hidden=\"true\" class=\"fas fa-chevron-circle-right\"><\/i>\t\t\t\t\t\t<\/span>\n\t\t\t\t\t\t\t\t\t\t<span class=\"elementor-icon-list-text\">\u6570\u636e\u8bb0\u5f55<\/span>\n\t\t\t\t\t\t\t\t\t<\/li>\n\t\t\t\t\t\t\t\t<li class=\"elementor-icon-list-item\">\n\t\t\t\t\t\t\t\t\t\t\t<span class=\"elementor-icon-list-icon\">\n\t\t\t\t\t\t\t<i aria-hidden=\"true\" class=\"fas fa-chevron-circle-right\"><\/i>\t\t\t\t\t\t<\/span>\n\t\t\t\t\t\t\t\t\t\t<span class=\"elementor-icon-list-text\">\u6587\u4ef6\u6574\u7406<\/span>\n\t\t\t\t\t\t\t\t\t<\/li>\n\t\t\t\t\t\t\t\t<li class=\"elementor-icon-list-item\">\n\t\t\t\t\t\t\t\t\t\t\t<span class=\"elementor-icon-list-icon\">\n\t\t\t\t\t\t\t<i aria-hidden=\"true\" class=\"fas fa-chevron-circle-right\"><\/i>\t\t\t\t\t\t<\/span>\n\t\t\t\t\t\t\t\t\t\t<span class=\"elementor-icon-list-text\">\u63a5\u5f85\u5458\u3001\u6587\u79d8\u5de5\u4f5c<\/span>\n\t\t\t\t\t\t\t\t\t<\/li>\n\t\t\t\t\t\t\t\t<li class=\"elementor-icon-list-item\">\n\t\t\t\t\t\t\t\t\t\t\t<span class=\"elementor-icon-list-icon\">\n\t\t\t\t\t\t\t<i aria-hidden=\"true\" class=\"fas fa-chevron-circle-right\"><\/i>\t\t\t\t\t\t<\/span>\n\t\t\t\t\t\t\t\t\t\t<span class=\"elementor-icon-list-text\">\u4e3b\u6301\u6d3b\u52a8<\/span>\n\t\t\t\t\t\t\t\t\t<\/li>\n\t\t\t\t\t\t\t\t<li class=\"elementor-icon-list-item\">\n\t\t\t\t\t\t\t\t\t\t\t<span class=\"elementor-icon-list-icon\">\n\t\t\t\t\t\t\t<i aria-hidden=\"true\" class=\"fas fa-chevron-circle-right\"><\/i>\t\t\t\t\t\t<\/span>\n\t\t\t\t\t\t\t\t\t\t<span class=\"elementor-icon-list-text\">\u7535\u8bdd\u901a\u4fe1\u3001\u7535\u8bdd\u7ba1\u7406\u3001\u7535\u8bdd\u8425\u9500\u3001\u7535\u8bdd\u670d\u52a1\u4e2d\u5fc3<\/span>\n\t\t\t\t\t\t\t\t\t<\/li>\n\t\t\t\t\t\t\t\t<li class=\"elementor-icon-list-item\">\n\t\t\t\t\t\t\t\t\t\t\t<span class=\"elementor-icon-list-icon\">\n\t\t\t\t\t\t\t<i aria-hidden=\"true\" class=\"fas fa-chevron-circle-right\"><\/i>\t\t\t\t\t\t<\/span>\n\t\t\t\t\t\t\t\t\t\t<span class=\"elementor-icon-list-text\">\u6253\u5305<\/span>\n\t\t\t\t\t\t\t\t\t<\/li>\n\t\t\t\t\t\t\t\t<li class=\"elementor-icon-list-item\">\n\t\t\t\t\t\t\t\t\t\t\t<span class=\"elementor-icon-list-icon\">\n\t\t\t\t\t\t\t<i aria-hidden=\"true\" class=\"fas fa-chevron-circle-right\"><\/i>\t\t\t\t\t\t<\/span>\n\t\t\t\t\t\t\t\t\t\t<span class=\"elementor-icon-list-text\">\u8d34\u6807<\/span>\n\t\t\t\t\t\t\t\t\t<\/li>\n\t\t\t\t\t\t\t\t<li class=\"elementor-icon-list-item\">\n\t\t\t\t\t\t\t\t\t\t\t<span class=\"elementor-icon-list-icon\">\n\t\t\t\t\t\t\t<i aria-hidden=\"true\" class=\"fas fa-chevron-circle-right\"><\/i>\t\t\t\t\t\t<\/span>\n\t\t\t\t\t\t\t\t\t\t<span class=\"elementor-icon-list-text\">\u4fe1\u5c01\u5305\u88c5<\/span>\n\t\t\t\t\t\t\t\t\t<\/li>\n\t\t\t\t\t\t\t\t<li class=\"elementor-icon-list-item\">\n\t\t\t\t\t\t\t\t\t\t\t<span class=\"elementor-icon-list-icon\">\n\t\t\t\t\t\t\t<i aria-hidden=\"true\" class=\"fas fa-chevron-circle-right\"><\/i>\t\t\t\t\t\t<\/span>\n\t\t\t\t\t\t\t\t\t\t<span class=\"elementor-icon-list-text\">\u7c98\u5408<\/span>\n\t\t\t\t\t\t\t\t\t<\/li>\n\t\t\t\t\t\t\t\t<li class=\"elementor-icon-list-item\">\n\t\t\t\t\t\t\t\t\t\t\t<span class=\"elementor-icon-list-icon\">\n\t\t\t\t\t\t\t<i aria-hidden=\"true\" class=\"fas fa-chevron-circle-right\"><\/i>\t\t\t\t\t\t<\/span>\n\t\t\t\t\t\t\t\t\t\t<span class=\"elementor-icon-list-text\">\u7b14\u8bd1\u3001\u53e3\u8bd1<\/span>\n\t\t\t\t\t\t\t\t\t<\/li>\n\t\t\t\t\t\t\t\t<li class=\"elementor-icon-list-item\">\n\t\t\t\t\t\t\t\t\t\t\t<span class=\"elementor-icon-list-icon\">\n\t\t\t\t\t\t\t<i aria-hidden=\"true\" class=\"fas fa-chevron-circle-right\"><\/i>\t\t\t\t\t\t<\/span>\n\t\t\t\t\t\t\t\t\t\t<span class=\"elementor-icon-list-text\">\u5206\u53d1\u4f20\u5355<\/span>\n\t\t\t\t\t\t\t\t\t<\/li>\n\t\t\t\t\t\t\t\t<li class=\"elementor-icon-list-item\">\n\t\t\t\t\t\t\t\t\t\t\t<span class=\"elementor-icon-list-icon\">\n\t\t\t\t\t\t\t<i aria-hidden=\"true\" class=\"fas fa-chevron-circle-right\"><\/i>\t\t\t\t\t\t<\/span>\n\t\t\t\t\t\t\t\t\t\t<span class=\"elementor-icon-list-text\">\u5176\u4ed6\u9700\u8981\u4e13\u4e1a\u77e5\u8bc6\u7684\u4efb\u52a1<\/span>\n\t\t\t\t\t\t\t\t\t<\/li>\n\t\t\t\t\t\t<\/ul>\n\t\t\t\t\t\t<\/div>\n\t\t\t\t<\/div>\n\t\t\t\t<\/div>\n\t\t\t\t\t<\/div>\n\t\t\t\t<\/div>\n\t\t<div class=\"elementor-element elementor-element-3642a66 e-flex e-con-boxed e-con e-parent\" data-id=\"3642a66\" data-element_type=\"container\" data-e-type=\"container\">\n\t\t\t\t\t<div class=\"e-con-inner\">\n\t\t\t\t\t<\/div>\n\t\t\t\t<\/div>\n\t\t\t\t<\/div>","protected":false},"excerpt":{"rendered":"<p>Di\u00e1k munkav\u00e1llal\u00f3k iskolasz\u00f6vetkezeten kereszt\u00fcl t\u00f6rt\u00e9n\u0151 foglalkoztat\u00e1sa\u00a0a jelenleg el\u00e9rhet\u0151 legrugalmasabb \u00e9s legolcs\u00f3bb megold\u00e1s az ig\u00e9nyelt szakmai kompetenci\u00e1kkal rendelkez\u0151, megb\u00edzhat\u00f3, j\u00f3l szervezett munkaer\u0151 alkalmaz\u00e1s\u00e1ra. A sz\u00f6vetkezet megb\u00edz\u00e1si vagy\u00a0v\u00e1llalkoz\u00e1si keretszerz\u0151d\u00e9st\u00a0k\u00f6t c\u00e9g\u00e9vel \u00e9s el\u0151re meghat\u00e1rozott, minden k\u00f6lts\u00e9get mag\u00e1ban foglal\u00f3\u00a0rezsi\u00f3rad\u00edjakon\u00a0di\u00e1k munkav\u00e1llal\u00f3kat biztos\u00edt az \u00d6n\u00f6k sz\u00e1m\u00e1ra. Szolg\u00e1ltat\u00e1sunk ellen\u00e9rt\u00e9ke \u00e1ltal\u00e1nos k\u00f6lts\u00e9gk\u00e9nt elsz\u00e1molhat\u00f3, nem terheli a megb\u00edz\u00f3 b\u00e9rk\u00f6lts\u00e9g-keret\u00e9t. L\u00e9tsz\u00e1mig\u00e9nyeit di\u00e1k munkaer\u0151 alkalmaz\u00e1s\u00e1val rendk\u00edv\u00fcl [&hellip;]<\/p>","protected":false},"author":1,"featured_media":0,"parent":0,"menu_order":0,"comment_status":"closed","ping_status":"closed","template":"","meta":{"_acf_changed":false,"footnotes":""},"class_list":["post-317","page","type-page","status-publish","hentry"],"acf":[],"yoast_head":"<!-- This site is optimized with the Yoast SEO plugin v25.3 - https:\/\/yoast.com\/wordpress\/plugins\/seo\/ -->\n<title>Di\u00e1kmunka - Delego<\/title>\n<meta name=\"robots\" content=\"index, follow, max-snippet:-1, max-image-preview:large, max-video-preview:-1\" \/>\n<link rel=\"canonical\" href=\"https:\/\/delego.hu\/zh\/diakmunka2\/\" \/>\n<meta property=\"og:locale\" content=\"zh_CN\" \/>\n<meta property=\"og:type\" content=\"article\" \/>\n<meta property=\"og:title\" content=\"Di\u00e1kmunka - Delego\" \/>\n<meta property=\"og:description\" content=\"Di\u00e1k munkav\u00e1llal\u00f3k iskolasz\u00f6vetkezeten kereszt\u00fcl t\u00f6rt\u00e9n\u0151 foglalkoztat\u00e1sa\u00a0a jelenleg el\u00e9rhet\u0151 legrugalmasabb \u00e9s legolcs\u00f3bb megold\u00e1s az ig\u00e9nyelt szakmai kompetenci\u00e1kkal rendelkez\u0151, megb\u00edzhat\u00f3, j\u00f3l szervezett munkaer\u0151 alkalmaz\u00e1s\u00e1ra. A sz\u00f6vetkezet megb\u00edz\u00e1si vagy\u00a0v\u00e1llalkoz\u00e1si keretszerz\u0151d\u00e9st\u00a0k\u00f6t c\u00e9g\u00e9vel \u00e9s el\u0151re meghat\u00e1rozott, minden k\u00f6lts\u00e9get mag\u00e1ban foglal\u00f3\u00a0rezsi\u00f3rad\u00edjakon\u00a0di\u00e1k munkav\u00e1llal\u00f3kat biztos\u00edt az \u00d6n\u00f6k sz\u00e1m\u00e1ra. Szolg\u00e1ltat\u00e1sunk ellen\u00e9rt\u00e9ke \u00e1ltal\u00e1nos k\u00f6lts\u00e9gk\u00e9nt elsz\u00e1molhat\u00f3, nem terheli a megb\u00edz\u00f3 b\u00e9rk\u00f6lts\u00e9g-keret\u00e9t. L\u00e9tsz\u00e1mig\u00e9nyeit di\u00e1k munkaer\u0151 alkalmaz\u00e1s\u00e1val rendk\u00edv\u00fcl [&hellip;]\" \/>\n<meta property=\"og:url\" content=\"https:\/\/delego.hu\/zh\/diakmunka2\/\" \/>\n<meta property=\"og:site_name\" content=\"Delego\" \/>\n<meta property=\"article:modified_time\" content=\"2026-02-12T13:16:37+00:00\" \/>\n<meta name=\"twitter:card\" content=\"summary_large_image\" \/>\n<meta name=\"twitter:label1\" content=\"\u9884\u8ba1\u9605\u8bfb\u65f6\u95f4\" \/>\n\t<meta name=\"twitter:data1\" content=\"2 \u5206\" \/>\n<script type=\"application\/ld+json\" class=\"yoast-schema-graph\">{\"@context\":\"https:\/\/schema.org\",\"@graph\":[{\"@type\":\"WebPage\",\"@id\":\"https:\/\/delego.hu\/diakmunka2\/\",\"url\":\"https:\/\/delego.hu\/diakmunka2\/\",\"name\":\"Di\u00e1kmunka - Delego\",\"isPartOf\":{\"@id\":\"https:\/\/delego.hu\/ru\/#website\"},\"datePublished\":\"2024-07-16T11:43:23+00:00\",\"dateModified\":\"2026-02-12T13:16:37+00:00\",\"breadcrumb\":{\"@id\":\"https:\/\/delego.hu\/diakmunka2\/#breadcrumb\"},\"inLanguage\":\"zh-Hans\",\"potentialAction\":[{\"@type\":\"ReadAction\",\"target\":[\"https:\/\/delego.hu\/diakmunka2\/\"]}]},{\"@type\":\"BreadcrumbList\",\"@id\":\"https:\/\/delego.hu\/diakmunka2\/#breadcrumb\",\"itemListElement\":[{\"@type\":\"ListItem\",\"position\":1,\"name\":\"Kezd\u0151lap\",\"item\":\"https:\/\/delego.hu\/hu\/\"},{\"@type\":\"ListItem\",\"position\":2,\"name\":\"Di\u00e1kmunka\"}]},{\"@type\":\"WebSite\",\"@id\":\"https:\/\/delego.hu\/ru\/#website\",\"url\":\"https:\/\/delego.hu\/ru\/\",\"name\":\"Delego\",\"description\":\"\",\"publisher\":{\"@id\":\"https:\/\/delego.hu\/ru\/#organization\"},\"potentialAction\":[{\"@type\":\"SearchAction\",\"target\":{\"@type\":\"EntryPoint\",\"urlTemplate\":\"https:\/\/delego.hu\/ru\/?s={search_term_string}\"},\"query-input\":{\"@type\":\"PropertyValueSpecification\",\"valueRequired\":true,\"valueName\":\"search_term_string\"}}],\"inLanguage\":\"zh-Hans\"},{\"@type\":\"Organization\",\"@id\":\"https:\/\/delego.hu\/ru\/#organization\",\"name\":\"Delego\",\"url\":\"https:\/\/delego.hu\/ru\/\",\"logo\":{\"@type\":\"ImageObject\",\"inLanguage\":\"zh-Hans\",\"@id\":\"https:\/\/delego.hu\/ru\/#\/schema\/logo\/image\/\",\"url\":\"https:\/\/delego.hu\/wp-content\/uploads\/2024\/07\/logodelego.png\",\"contentUrl\":\"https:\/\/delego.hu\/wp-content\/uploads\/2024\/07\/logodelego.png\",\"width\":117,\"height\":50,\"caption\":\"Delego\"},\"image\":{\"@id\":\"https:\/\/delego.hu\/ru\/#\/schema\/logo\/image\/\"}}]}<\/script>\n<!-- \/ Yoast SEO plugin. -->","yoast_head_json":{"title":"Di\u00e1kmunka - Delego","robots":{"index":"index","follow":"follow","max-snippet":"max-snippet:-1","max-image-preview":"max-image-preview:large","max-video-preview":"max-video-preview:-1"},"canonical":"https:\/\/delego.hu\/zh\/diakmunka2\/","og_locale":"zh_CN","og_type":"article","og_title":"Di\u00e1kmunka - Delego","og_description":"Di\u00e1k munkav\u00e1llal\u00f3k iskolasz\u00f6vetkezeten kereszt\u00fcl t\u00f6rt\u00e9n\u0151 foglalkoztat\u00e1sa\u00a0a jelenleg el\u00e9rhet\u0151 legrugalmasabb \u00e9s legolcs\u00f3bb megold\u00e1s az ig\u00e9nyelt szakmai kompetenci\u00e1kkal rendelkez\u0151, megb\u00edzhat\u00f3, j\u00f3l szervezett munkaer\u0151 alkalmaz\u00e1s\u00e1ra. A sz\u00f6vetkezet megb\u00edz\u00e1si vagy\u00a0v\u00e1llalkoz\u00e1si keretszerz\u0151d\u00e9st\u00a0k\u00f6t c\u00e9g\u00e9vel \u00e9s el\u0151re meghat\u00e1rozott, minden k\u00f6lts\u00e9get mag\u00e1ban foglal\u00f3\u00a0rezsi\u00f3rad\u00edjakon\u00a0di\u00e1k munkav\u00e1llal\u00f3kat biztos\u00edt az \u00d6n\u00f6k sz\u00e1m\u00e1ra. Szolg\u00e1ltat\u00e1sunk ellen\u00e9rt\u00e9ke \u00e1ltal\u00e1nos k\u00f6lts\u00e9gk\u00e9nt elsz\u00e1molhat\u00f3, nem terheli a megb\u00edz\u00f3 b\u00e9rk\u00f6lts\u00e9g-keret\u00e9t. L\u00e9tsz\u00e1mig\u00e9nyeit di\u00e1k munkaer\u0151 alkalmaz\u00e1s\u00e1val rendk\u00edv\u00fcl [&hellip;]","og_url":"https:\/\/delego.hu\/zh\/diakmunka2\/","og_site_name":"Delego","article_modified_time":"2026-02-12T13:16:37+00:00","twitter_card":"summary_large_image","twitter_misc":{"\u9884\u8ba1\u9605\u8bfb\u65f6\u95f4":"2 \u5206"},"schema":{"@context":"https:\/\/schema.org","@graph":[{"@type":"WebPage","@id":"https:\/\/delego.hu\/diakmunka2\/","url":"https:\/\/delego.hu\/diakmunka2\/","name":"Di\u00e1kmunka - Delego","isPartOf":{"@id":"https:\/\/delego.hu\/ru\/#website"},"datePublished":"2024-07-16T11:43:23+00:00","dateModified":"2026-02-12T13:16:37+00:00","breadcrumb":{"@id":"https:\/\/delego.hu\/diakmunka2\/#breadcrumb"},"inLanguage":"zh-Hans","potentialAction":[{"@type":"ReadAction","target":["https:\/\/delego.hu\/diakmunka2\/"]}]},{"@type":"BreadcrumbList","@id":"https:\/\/delego.hu\/diakmunka2\/#breadcrumb","itemListElement":[{"@type":"ListItem","position":1,"name":"Kezd\u0151lap","item":"https:\/\/delego.hu\/hu\/"},{"@type":"ListItem","position":2,"name":"Di\u00e1kmunka"}]},{"@type":"WebSite","@id":"https:\/\/delego.hu\/ru\/#website","url":"https:\/\/delego.hu\/ru\/","name":"Delego","description":"","publisher":{"@id":"https:\/\/delego.hu\/ru\/#organization"},"potentialAction":[{"@type":"SearchAction","target":{"@type":"EntryPoint","urlTemplate":"https:\/\/delego.hu\/ru\/?s={search_term_string}"},"query-input":{"@type":"PropertyValueSpecification","valueRequired":true,"valueName":"search_term_string"}}],"inLanguage":"zh-Hans"},{"@type":"Organization","@id":"https:\/\/delego.hu\/ru\/#organization","name":"Delego","url":"https:\/\/delego.hu\/ru\/","logo":{"@type":"ImageObject","inLanguage":"zh-Hans","@id":"https:\/\/delego.hu\/ru\/#\/schema\/logo\/image\/","url":"https:\/\/delego.hu\/wp-content\/uploads\/2024\/07\/logodelego.png","contentUrl":"https:\/\/delego.hu\/wp-content\/uploads\/2024\/07\/logodelego.png","width":117,"height":50,"caption":"Delego"},"image":{"@id":"https:\/\/delego.hu\/ru\/#\/schema\/logo\/image\/"}}]}},"_links":{"self":[{"href":"https:\/\/delego.hu\/zh\/wp-json\/wp\/v2\/pages\/317","targetHints":{"allow":["GET"]}}],"collection":[{"href":"https:\/\/delego.hu\/zh\/wp-json\/wp\/v2\/pages"}],"about":[{"href":"https:\/\/delego.hu\/zh\/wp-json\/wp\/v2\/types\/page"}],"author":[{"embeddable":true,"href":"https:\/\/delego.hu\/zh\/wp-json\/wp\/v2\/users\/1"}],"replies":[{"embeddable":true,"href":"https:\/\/delego.hu\/zh\/wp-json\/wp\/v2\/comments?post=317"}],"version-history":[{"count":15,"href":"https:\/\/delego.hu\/zh\/wp-json\/wp\/v2\/pages\/317\/revisions"}],"predecessor-version":[{"id":2072,"href":"https:\/\/delego.hu\/zh\/wp-json\/wp\/v2\/pages\/317\/revisions\/2072"}],"wp:attachment":[{"href":"https:\/\/delego.hu\/zh\/wp-json\/wp\/v2\/media?parent=317"}],"curies":[{"name":"wp","href":"https:\/\/api.w.org\/{rel}","templated":true}]}}