{"id":305,"date":"2024-07-16T09:09:33","date_gmt":"2024-07-16T09:09:33","guid":{"rendered":"https:\/\/delego.hu\/?page_id=305"},"modified":"2025-07-09T09:34:06","modified_gmt":"2025-07-09T09:34:06","slug":"egyszerusitett-foglalkoztatas","status":"publish","type":"page","link":"https:\/\/delego.hu\/zh\/egyszerusitett-foglalkoztatas\/","title":{"rendered":"\u7b80\u5316\u96c7\u4f63"},"content":{"rendered":"<div data-elementor-type=\"wp-page\" data-elementor-id=\"305\" class=\"elementor elementor-305\" data-elementor-post-type=\"page\">\n\t\t\t\t<div class=\"elementor-element elementor-element-5c6cd9b e-flex e-con-boxed e-con e-parent\" data-id=\"5c6cd9b\" data-element_type=\"container\" data-e-type=\"container\">\n\t\t\t\t\t<div class=\"e-con-inner\">\n\t\t\t\t<div data-dce-text-color=\"#000000\" class=\"elementor-element elementor-element-8894e6e elementor-widget elementor-widget-text-editor\" data-id=\"8894e6e\" data-element_type=\"widget\" data-e-type=\"widget\" data-widget_type=\"text-editor.default\">\n\t\t\t\t<div class=\"elementor-widget-container\">\n\t\t\t\t\t\t\t\t\t<p class=\"translation-block\">\u65b0\u300a\u52b3\u52a8\u6cd5\u300b\u5141\u8bb8\u540c\u65f6\u8fd0\u7528\u591a\u79cd\u975e\u5178\u578b\u5c31\u4e1a\u5f62\u5f0f\uff0c\u56e0\u6b64\uff0c\u5bf9\u4e34\u65f6\u5c31\u4e1a\u4ecb\u7ecd\u6240\u6765\u8bf4\uff0c\u4e34\u65f6\u5c31\u4e1a\u4ecb\u7ecd\u6240\u5c31\u53ef\u4ee5\u6839\u636e\u7b80\u5316\u96c7\u4f63\u6761\u4f8b\u4e3a\u5408\u4f5c\u4f19\u4f34\u63d0\u4f9b\u5458\u5de5\u3002<\/p><p class=\"translation-block\">\u6211\u4eec\u4f1a\u901a\u8fc7\u8fd9\u79cd\u65b9\u5f0f\u8ba9\u60a8\u6709\u673a\u4f1a\u7ed3\u5408\u4e34\u65f6\u548c\u77ed\u671f\u96c7\u4f63\u7684\u4f18\u52bf\uff0c\u4e3a\u5236\u9020\/\u751f\u4ea7\u548c\u7269\u6d41\u4e2d\u6bcf\u5929\u53d8\u5316\u7684\u52b3\u52a8\u529b\u9700\u6c42\u63d0\u4f9b\u4e00\u4e2a\u6781\u5176\u7075\u6d3b\u3001\u5212\u7b97\u7684\u89e3\u51b3\u65b9\u6848\u3002<\/p>\t\t\t\t\t\t\t\t<\/div>\n\t\t\t\t<\/div>\n\t\t\t\t\t<\/div>\n\t\t\t\t<\/div>\n\t\t<div data-dce-background-image-url=\"http:\/\/delego.hu\/wp-content\/uploads\/2024\/07\/egyszerusitett.jpg\" class=\"elementor-element elementor-element-90c00ae e-flex e-con-boxed e-con e-parent\" data-id=\"90c00ae\" data-element_type=\"container\" data-e-type=\"container\" data-settings=\"{&quot;background_background&quot;:&quot;classic&quot;}\">\n\t\t\t\t\t<div class=\"e-con-inner\">\n\t\t<div class=\"elementor-element elementor-element-ca9aab8 e-con-full e-flex e-con e-child\" data-id=\"ca9aab8\" data-element_type=\"container\" data-e-type=\"container\">\n\t\t\t\t<div data-dce-title-color=\"#FFFFFF\" class=\"elementor-element elementor-element-0416c02 elementor-widget elementor-widget-heading\" data-id=\"0416c02\" data-element_type=\"widget\" data-e-type=\"widget\" data-widget_type=\"heading.default\">\n\t\t\t\t<div class=\"elementor-widget-container\">\n\t\t\t\t\t<h2 class=\"elementor-heading-title elementor-size-default\">\n\u7b80\u5316\u96c7\u4f63\uff0c\u4e34\u65f6\u5de5\u4f5c<\/h2>\t\t\t\t<\/div>\n\t\t\t\t<\/div>\n\t\t\t\t<div data-dce-text-color=\"#FFFFFF\" class=\"elementor-element elementor-element-f310454 elementor-widget elementor-widget-text-editor\" data-id=\"f310454\" data-element_type=\"widget\" data-e-type=\"widget\" data-widget_type=\"text-editor.default\">\n\t\t\t\t<div class=\"elementor-widget-container\">\n\t\t\t\t\t\t\t\t\t<div class=\"wpb_text_column wpb_content_element\">\n<div class=\"wpb_wrapper\">\n\u534a\u5929\u62db\u8058\u548c\u91cd\u65b0\u62db\u8058\u622a\u6b62\u65e5\u671f\u3001\u4f4e\u516c\u5171\u8d39\u7528\u3001\u8282\u65e5\u548c\u75c5\u5047\u5de5\u8d44\u3001\u66f4\u9ad8\u7684\u51c0\u5de5\u8d44\u3001\u4fdd\u7559\u798f\u5229\u3001\u5bb9\u6613\u7ba1\u7406\u3001\u65e0\u9700\u804c\u4e1a\u533b\u751f\u5373\u53ef\u5feb\u901f\u542f\u52a8\u3002\u660e\u663e\u6bd4\u4f20\u7edf\u96c7\u4f63\u66f4\u7701\u94b1\u3002\u8fd9\u5c31\u662f\u7b80\u5316\u96c7\u4f63\u3002\n<\/div>\n<\/div>\t\t\t\t\t\t\t\t<\/div>\n\t\t\t\t<\/div>\n\t\t\t\t<\/div>\n\t\t<div class=\"elementor-element elementor-element-b7e249b e-con-full e-flex e-con e-child\" data-id=\"b7e249b\" data-element_type=\"container\" data-e-type=\"container\">\n\t\t\t\t<\/div>\n\t\t\t\t\t<\/div>\n\t\t\t\t<\/div>\n\t\t<div class=\"elementor-element elementor-element-3642a66 e-flex e-con-boxed e-con e-parent\" data-id=\"3642a66\" data-element_type=\"container\" data-e-type=\"container\">\n\t\t\t\t\t<div class=\"e-con-inner\">\n\t\t\t\t<div data-dce-text-color=\"#000000\" class=\"elementor-element elementor-element-d6f6385 elementor-widget elementor-widget-text-editor\" data-id=\"d6f6385\" data-element_type=\"widget\" data-e-type=\"widget\" data-widget_type=\"text-editor.default\">\n\t\t\t\t<div class=\"elementor-widget-container\">\n\t\t\t\t\t\t\t\t\t<p class=\"translation-block\">\u6211\u4eec\u53ef\u4ee5\u5728\u7b80\u5316\u96c7\u4f63\u7684\u57fa\u7840\u4e0a\u4e3a\u60a8\u63d0\u4f9b\u4e34\u65f6\u5458\u5de5s\uff0c\u4ee5\u6309\u65e5\u8f6e\u73ed\u548c\u6309\u65f6\u8f6e\u73ed\u7684\u65b9\u5f0f\u7ec4\u7ec7\u5de5\u4f5c\uff0c\u6211\u4eec\u6709\u968f\u65f6\u5f85\u547d\u7684\u8054\u7cfb\u4eba\uff0c\u6211\u4eec\u63d0\u4f9b\u591a\u6e20\u9053\u62db\u8058\u3001\u7cbe\u5fc3\u9009\u62d4\u3001\u4eba\u624d\u5e93\u548c \u5373\u65f6\u6362\u4eba\u7684\u673a\u4f1a\u3002<\/p><p class=\"translation-block\">\u60a8\u53ea\u9700\u8981\u8bbe\u5b9a\u5458\u5de5\u9700\u6c42\u548c\u671f\u671b\uff0c\u7136\u540e\u6211\u4eec\u4f1a\u6839\u636e\u5b9e\u9645\u5de5\u4f5c\u65f6\u95f4\u5411\u60a8\u6536\u53d6\u8d39\u7528\uff0c\u8fd9\u610f\u5473\u4e0d\u4f1a\u56e0\u4e3a\u8282\u65e5\u3001\u75c5\u5047\u3001\u5e26\u85aa\u4f11\u5047\u3001\u505c\u5de5\u6216\u89e3\u96c7\u4ea7\u751f\u4efb\u4f55\u8d39\u7528\u3002<\/p><p class=\"translation-block\">\u4e0e\u81ea\u5df1\u96c7\u4f63\u5458\u5de5\u76f8\u6bd4\uff0c\u60a8\u53ef\u4ee5\u5229\u7528\u8fd9\u79cd\u5212\u7b97\u7684\u96c7\u4f63\u9009\u62e9\u6765\u7075\u6d3b\u96c7\u4f63\u6bd4\u8f83\u7a33\u5b9a\u7684\u5e74\u8f7b\u4eba\u548c\u7ecf\u9a8c\u4e30\u5bcc\u7684\u6210\u4eba\u52b3\u52a8\u529b\u3002<\/p>\t\t\t\t\t\t\t\t<\/div>\n\t\t\t\t<\/div>\n\t\t\t\t<div data-dce-background-color=\"#61CE7000\" class=\"elementor-element elementor-element-89e5795 elementor-align-left elementor-widget elementor-widget-button\" data-id=\"89e5795\" data-element_type=\"widget\" data-e-type=\"widget\" data-widget_type=\"button.default\">\n\t\t\t\t<div class=\"elementor-widget-container\">\n\t\t\t\t\t\t\t\t\t<div class=\"elementor-button-wrapper\">\n\t\t\t\t\t<a class=\"elementor-button elementor-button-link elementor-size-sm\" href=\"https:\/\/delego.hu\/zh\/ajanlatkeres\/\">\n\t\t\t\t\t\t<span class=\"elementor-button-content-wrapper\">\n\t\t\t\t\t\t\t\t\t<span class=\"elementor-button-text\">\u54a8\u8be2\u62a5\u4ef7<\/span>\n\t\t\t\t\t<\/span>\n\t\t\t\t\t<\/a>\n\t\t\t\t<\/div>\n\t\t\t\t\t\t\t\t<\/div>\n\t\t\t\t<\/div>\n\t\t\t\t\t<\/div>\n\t\t\t\t<\/div>\n\t\t\t\t<\/div>","protected":false},"excerpt":{"rendered":"<p>Az\u00a0\u00faj\u00a0Munka T\u00f6rv\u00e9nyk\u00f6nyve\u00a0lehet\u0151v\u00e9 teszi\u00a0t\u00f6bb atipikus foglalkoztat\u00e1si forma egyidej\u0171leg t\u00f6rt\u00e9n\u0151 alkalmaz\u00e1s\u00e1t, \u00edgy munkaer\u0151-k\u00f6lcs\u00f6nz\u00e9s eset\u00e9n a k\u00f6lcs\u00f6nbead\u00f3 c\u00e9g az \u201eegyszer\u0171s\u00edtett foglalkoztat\u00e1s\u201d\u00a0szab\u00e1lyai szerint is biztos\u00edthat munkav\u00e1llal\u00f3kat Partnerei sz\u00e1m\u00e1ra. Ez\u00e1ltal olyan lehet\u0151s\u00e9get k\u00edn\u00e1lunk \u00d6n\u00f6knek, amely\u00a0\u00f6tv\u00f6zi az alkalmi munkav\u00e1llal\u00e1s \u00e9s a munkaer\u0151-k\u00f6lcs\u00f6nz\u00e9s el\u0151nyeit, \u00edgy\u00a0kiemelten rugalmas\u00a0\u00e9s k\u00f6lts\u00e9ghat\u00e9kony\u00a0megold\u00e1st ny\u00fajt a gy\u00e1rt\u00e1s\/termel\u00e9sben, logisztik\u00e1ban felmer\u00fcl\u0151,\u00a0naponta v\u00e1ltoz\u00f3 munkaer\u0151-ig\u00e9nyek\u00a0lefed\u00e9s\u00e9re. Egyszer\u0171s\u00edtett foglalkoztat\u00e1s, alkalmi munkav\u00e1llal\u00e1s F\u00e9l napos toborz\u00e1si \u00e9s [&hellip;]<\/p>","protected":false},"author":1,"featured_media":0,"parent":0,"menu_order":0,"comment_status":"closed","ping_status":"closed","template":"","meta":{"_acf_changed":false,"footnotes":""},"class_list":["post-305","page","type-page","status-publish","hentry"],"acf":[],"yoast_head":"<!-- This site is optimized with the Yoast SEO plugin v25.3 - https:\/\/yoast.com\/wordpress\/plugins\/seo\/ -->\n<title>Egyszer\u0171s\u00edtett foglalkoztat\u00e1s - Delego<\/title>\n<meta name=\"robots\" content=\"index, follow, max-snippet:-1, max-image-preview:large, max-video-preview:-1\" \/>\n<link rel=\"canonical\" href=\"https:\/\/delego.hu\/zh\/egyszerusitett-foglalkoztatas\/\" \/>\n<meta property=\"og:locale\" content=\"zh_CN\" \/>\n<meta property=\"og:type\" content=\"article\" \/>\n<meta property=\"og:title\" content=\"Egyszer\u0171s\u00edtett foglalkoztat\u00e1s - Delego\" \/>\n<meta property=\"og:description\" content=\"Az\u00a0\u00faj\u00a0Munka T\u00f6rv\u00e9nyk\u00f6nyve\u00a0lehet\u0151v\u00e9 teszi\u00a0t\u00f6bb atipikus foglalkoztat\u00e1si forma egyidej\u0171leg t\u00f6rt\u00e9n\u0151 alkalmaz\u00e1s\u00e1t, \u00edgy munkaer\u0151-k\u00f6lcs\u00f6nz\u00e9s eset\u00e9n a k\u00f6lcs\u00f6nbead\u00f3 c\u00e9g az \u201eegyszer\u0171s\u00edtett foglalkoztat\u00e1s\u201d\u00a0szab\u00e1lyai szerint is biztos\u00edthat munkav\u00e1llal\u00f3kat Partnerei sz\u00e1m\u00e1ra. Ez\u00e1ltal olyan lehet\u0151s\u00e9get k\u00edn\u00e1lunk \u00d6n\u00f6knek, amely\u00a0\u00f6tv\u00f6zi az alkalmi munkav\u00e1llal\u00e1s \u00e9s a munkaer\u0151-k\u00f6lcs\u00f6nz\u00e9s el\u0151nyeit, \u00edgy\u00a0kiemelten rugalmas\u00a0\u00e9s k\u00f6lts\u00e9ghat\u00e9kony\u00a0megold\u00e1st ny\u00fajt a gy\u00e1rt\u00e1s\/termel\u00e9sben, logisztik\u00e1ban felmer\u00fcl\u0151,\u00a0naponta v\u00e1ltoz\u00f3 munkaer\u0151-ig\u00e9nyek\u00a0lefed\u00e9s\u00e9re. Egyszer\u0171s\u00edtett foglalkoztat\u00e1s, alkalmi munkav\u00e1llal\u00e1s F\u00e9l napos toborz\u00e1si \u00e9s [&hellip;]\" \/>\n<meta property=\"og:url\" content=\"https:\/\/delego.hu\/zh\/egyszerusitett-foglalkoztatas\/\" \/>\n<meta property=\"og:site_name\" content=\"Delego\" \/>\n<meta property=\"article:modified_time\" content=\"2025-07-09T09:34:06+00:00\" \/>\n<meta name=\"twitter:card\" content=\"summary_large_image\" \/>\n<meta name=\"twitter:label1\" content=\"\u9884\u8ba1\u9605\u8bfb\u65f6\u95f4\" \/>\n\t<meta name=\"twitter:data1\" content=\"2 \u5206\" \/>\n<script type=\"application\/ld+json\" class=\"yoast-schema-graph\">{\"@context\":\"https:\/\/schema.org\",\"@graph\":[{\"@type\":\"WebPage\",\"@id\":\"https:\/\/delego.hu\/en\/egyszerusitett-foglalkoztatas\/\",\"url\":\"https:\/\/delego.hu\/en\/egyszerusitett-foglalkoztatas\/\",\"name\":\"Egyszer\u0171s\u00edtett foglalkoztat\u00e1s - Delego\",\"isPartOf\":{\"@id\":\"https:\/\/delego.hu\/ru\/#website\"},\"datePublished\":\"2024-07-16T09:09:33+00:00\",\"dateModified\":\"2025-07-09T09:34:06+00:00\",\"breadcrumb\":{\"@id\":\"https:\/\/delego.hu\/en\/egyszerusitett-foglalkoztatas\/#breadcrumb\"},\"inLanguage\":\"zh-Hans\",\"potentialAction\":[{\"@type\":\"ReadAction\",\"target\":[\"https:\/\/delego.hu\/en\/egyszerusitett-foglalkoztatas\/\"]}]},{\"@type\":\"BreadcrumbList\",\"@id\":\"https:\/\/delego.hu\/en\/egyszerusitett-foglalkoztatas\/#breadcrumb\",\"itemListElement\":[{\"@type\":\"ListItem\",\"position\":1,\"name\":\"Kezd\u0151lap\",\"item\":\"https:\/\/delego.hu\/hu\/\"},{\"@type\":\"ListItem\",\"position\":2,\"name\":\"Egyszer\u0171s\u00edtett foglalkoztat\u00e1s\"}]},{\"@type\":\"WebSite\",\"@id\":\"https:\/\/delego.hu\/ru\/#website\",\"url\":\"https:\/\/delego.hu\/ru\/\",\"name\":\"Delego\",\"description\":\"\",\"publisher\":{\"@id\":\"https:\/\/delego.hu\/ru\/#organization\"},\"potentialAction\":[{\"@type\":\"SearchAction\",\"target\":{\"@type\":\"EntryPoint\",\"urlTemplate\":\"https:\/\/delego.hu\/ru\/?s={search_term_string}\"},\"query-input\":{\"@type\":\"PropertyValueSpecification\",\"valueRequired\":true,\"valueName\":\"search_term_string\"}}],\"inLanguage\":\"zh-Hans\"},{\"@type\":\"Organization\",\"@id\":\"https:\/\/delego.hu\/ru\/#organization\",\"name\":\"Delego\",\"url\":\"https:\/\/delego.hu\/ru\/\",\"logo\":{\"@type\":\"ImageObject\",\"inLanguage\":\"zh-Hans\",\"@id\":\"https:\/\/delego.hu\/ru\/#\/schema\/logo\/image\/\",\"url\":\"https:\/\/delego.hu\/wp-content\/uploads\/2024\/07\/logodelego.png\",\"contentUrl\":\"https:\/\/delego.hu\/wp-content\/uploads\/2024\/07\/logodelego.png\",\"width\":117,\"height\":50,\"caption\":\"Delego\"},\"image\":{\"@id\":\"https:\/\/delego.hu\/ru\/#\/schema\/logo\/image\/\"}}]}<\/script>\n<!-- \/ Yoast SEO plugin. -->","yoast_head_json":{"title":"Egyszer\u0171s\u00edtett foglalkoztat\u00e1s - Delego","robots":{"index":"index","follow":"follow","max-snippet":"max-snippet:-1","max-image-preview":"max-image-preview:large","max-video-preview":"max-video-preview:-1"},"canonical":"https:\/\/delego.hu\/zh\/egyszerusitett-foglalkoztatas\/","og_locale":"zh_CN","og_type":"article","og_title":"Egyszer\u0171s\u00edtett foglalkoztat\u00e1s - Delego","og_description":"Az\u00a0\u00faj\u00a0Munka T\u00f6rv\u00e9nyk\u00f6nyve\u00a0lehet\u0151v\u00e9 teszi\u00a0t\u00f6bb atipikus foglalkoztat\u00e1si forma egyidej\u0171leg t\u00f6rt\u00e9n\u0151 alkalmaz\u00e1s\u00e1t, \u00edgy munkaer\u0151-k\u00f6lcs\u00f6nz\u00e9s eset\u00e9n a k\u00f6lcs\u00f6nbead\u00f3 c\u00e9g az \u201eegyszer\u0171s\u00edtett foglalkoztat\u00e1s\u201d\u00a0szab\u00e1lyai szerint is biztos\u00edthat munkav\u00e1llal\u00f3kat Partnerei sz\u00e1m\u00e1ra. Ez\u00e1ltal olyan lehet\u0151s\u00e9get k\u00edn\u00e1lunk \u00d6n\u00f6knek, amely\u00a0\u00f6tv\u00f6zi az alkalmi munkav\u00e1llal\u00e1s \u00e9s a munkaer\u0151-k\u00f6lcs\u00f6nz\u00e9s el\u0151nyeit, \u00edgy\u00a0kiemelten rugalmas\u00a0\u00e9s k\u00f6lts\u00e9ghat\u00e9kony\u00a0megold\u00e1st ny\u00fajt a gy\u00e1rt\u00e1s\/termel\u00e9sben, logisztik\u00e1ban felmer\u00fcl\u0151,\u00a0naponta v\u00e1ltoz\u00f3 munkaer\u0151-ig\u00e9nyek\u00a0lefed\u00e9s\u00e9re. Egyszer\u0171s\u00edtett foglalkoztat\u00e1s, alkalmi munkav\u00e1llal\u00e1s F\u00e9l napos toborz\u00e1si \u00e9s [&hellip;]","og_url":"https:\/\/delego.hu\/zh\/egyszerusitett-foglalkoztatas\/","og_site_name":"Delego","article_modified_time":"2025-07-09T09:34:06+00:00","twitter_card":"summary_large_image","twitter_misc":{"\u9884\u8ba1\u9605\u8bfb\u65f6\u95f4":"2 \u5206"},"schema":{"@context":"https:\/\/schema.org","@graph":[{"@type":"WebPage","@id":"https:\/\/delego.hu\/en\/egyszerusitett-foglalkoztatas\/","url":"https:\/\/delego.hu\/en\/egyszerusitett-foglalkoztatas\/","name":"Egyszer\u0171s\u00edtett foglalkoztat\u00e1s - Delego","isPartOf":{"@id":"https:\/\/delego.hu\/ru\/#website"},"datePublished":"2024-07-16T09:09:33+00:00","dateModified":"2025-07-09T09:34:06+00:00","breadcrumb":{"@id":"https:\/\/delego.hu\/en\/egyszerusitett-foglalkoztatas\/#breadcrumb"},"inLanguage":"zh-Hans","potentialAction":[{"@type":"ReadAction","target":["https:\/\/delego.hu\/en\/egyszerusitett-foglalkoztatas\/"]}]},{"@type":"BreadcrumbList","@id":"https:\/\/delego.hu\/en\/egyszerusitett-foglalkoztatas\/#breadcrumb","itemListElement":[{"@type":"ListItem","position":1,"name":"Kezd\u0151lap","item":"https:\/\/delego.hu\/hu\/"},{"@type":"ListItem","position":2,"name":"Egyszer\u0171s\u00edtett foglalkoztat\u00e1s"}]},{"@type":"WebSite","@id":"https:\/\/delego.hu\/ru\/#website","url":"https:\/\/delego.hu\/ru\/","name":"Delego","description":"","publisher":{"@id":"https:\/\/delego.hu\/ru\/#organization"},"potentialAction":[{"@type":"SearchAction","target":{"@type":"EntryPoint","urlTemplate":"https:\/\/delego.hu\/ru\/?s={search_term_string}"},"query-input":{"@type":"PropertyValueSpecification","valueRequired":true,"valueName":"search_term_string"}}],"inLanguage":"zh-Hans"},{"@type":"Organization","@id":"https:\/\/delego.hu\/ru\/#organization","name":"Delego","url":"https:\/\/delego.hu\/ru\/","logo":{"@type":"ImageObject","inLanguage":"zh-Hans","@id":"https:\/\/delego.hu\/ru\/#\/schema\/logo\/image\/","url":"https:\/\/delego.hu\/wp-content\/uploads\/2024\/07\/logodelego.png","contentUrl":"https:\/\/delego.hu\/wp-content\/uploads\/2024\/07\/logodelego.png","width":117,"height":50,"caption":"Delego"},"image":{"@id":"https:\/\/delego.hu\/ru\/#\/schema\/logo\/image\/"}}]}},"_links":{"self":[{"href":"https:\/\/delego.hu\/zh\/wp-json\/wp\/v2\/pages\/305","targetHints":{"allow":["GET"]}}],"collection":[{"href":"https:\/\/delego.hu\/zh\/wp-json\/wp\/v2\/pages"}],"about":[{"href":"https:\/\/delego.hu\/zh\/wp-json\/wp\/v2\/types\/page"}],"author":[{"embeddable":true,"href":"https:\/\/delego.hu\/zh\/wp-json\/wp\/v2\/users\/1"}],"replies":[{"embeddable":true,"href":"https:\/\/delego.hu\/zh\/wp-json\/wp\/v2\/comments?post=305"}],"version-history":[{"count":16,"href":"https:\/\/delego.hu\/zh\/wp-json\/wp\/v2\/pages\/305\/revisions"}],"predecessor-version":[{"id":1759,"href":"https:\/\/delego.hu\/zh\/wp-json\/wp\/v2\/pages\/305\/revisions\/1759"}],"wp:attachment":[{"href":"https:\/\/delego.hu\/zh\/wp-json\/wp\/v2\/media?parent=305"}],"curies":[{"name":"wp","href":"https:\/\/api.w.org\/{rel}","templated":true}]}}