{"id":299,"date":"2024-07-16T08:53:58","date_gmt":"2024-07-16T08:53:58","guid":{"rendered":"https:\/\/delego.hu\/?page_id=299"},"modified":"2025-07-09T09:32:49","modified_gmt":"2025-07-09T09:32:49","slug":"munkaero-kozvetites","status":"publish","type":"page","link":"https:\/\/delego.hu\/zh\/munkaero-kozvetites\/","title":{"rendered":"\u62db\u8058\u670d\u52a1"},"content":{"rendered":"<div data-elementor-type=\"wp-page\" data-elementor-id=\"299\" class=\"elementor elementor-299\" data-elementor-post-type=\"page\">\n\t\t\t\t<div class=\"elementor-element elementor-element-5c6cd9b e-flex e-con-boxed e-con e-parent\" data-id=\"5c6cd9b\" data-element_type=\"container\" data-e-type=\"container\">\n\t\t\t\t\t<div class=\"e-con-inner\">\n\t\t\t\t<div data-dce-text-color=\"#000000\" class=\"elementor-element elementor-element-8894e6e elementor-widget elementor-widget-text-editor\" data-id=\"8894e6e\" data-element_type=\"widget\" data-e-type=\"widget\" data-widget_type=\"text-editor.default\">\n\t\t\t\t<div class=\"elementor-widget-container\">\n\t\t\t\t\t\t\t\t\t<p class=\"translation-block\">\u6211\u4eec\u7684\u62db\u8058\u548c\u9009\u62d4\u6d41\u7a0b\u7684\u57fa\u7840\u662f\u6211\u4eec\u540c\u4e8b\u7684\u957f\u671f\u7ecf\u9a8c\u4ee5\u53ca\u4e3a\u5b9e\u73b0\u6700\u5feb\u3001\u6700\u9ad8\u6548\u548c\u6700\u9ad8\u8d28\u91cf\u7684\u7ee9\u6548\uff0c\u6b63\u786e\u4f7f\u7528\u53ef\u7528\u7684\u5de5\u5177\u548c\u65b9\u6cd5\u3002\u6211\u4eec\u4f1a\u6839\u636e\u804c\u4f4d\u7684\u7c7b\u578b\u548c\u7ea7\u522b\u4ee5\u53ca\u9700\u8981\u7684\u7ecf\u9a8c\u548c\u6280\u80fd\u6765\u786e\u5b9a\u5ba3\u4f20\u624b\u6bb5\u548c\u62db\u8058\u5de5\u5177\uff0c\u4ece\u800c\u786e\u4fdd\u6211\u4eec\u7684\u5ba2\u6237\u82b1\u8d39\u6700\u5c11\u7684\u65f6\u95f4\u548c\u7cbe\u529b\u627e\u5230\u6700\u9002\u5408\u804c\u4f4d\u7684\u4eba\u9009\u3002\u6211\u4eec\u4f1a\u8d1f\u8d23\u6574\u4e2a\u9009\u62d4\u7a0b\u5e8f\uff0c\u6211\u4eec\u7684\u5ba2\u6237\u53ea\u9700\u8981\u82b1\u65f6\u95f4\u786e\u5b9a\u6700\u9002\u5408\u5ba3\u4f20\u804c\u4f4d\u7684\u5e94\u8058\u4eba\u3002<\/p>\t\t\t\t\t\t\t\t<\/div>\n\t\t\t\t<\/div>\n\t\t\t\t\t<\/div>\n\t\t\t\t<\/div>\n\t\t<div data-dce-background-image-url=\"http:\/\/delego.hu\/wp-content\/uploads\/2024\/07\/piroshatter-2.png\" class=\"elementor-element elementor-element-90c00ae e-flex e-con-boxed e-con e-parent\" data-id=\"90c00ae\" data-element_type=\"container\" data-e-type=\"container\" data-settings=\"{&quot;background_background&quot;:&quot;classic&quot;}\">\n\t\t\t\t\t<div class=\"e-con-inner\">\n\t\t<div class=\"elementor-element elementor-element-ca9aab8 e-con-full e-flex e-con e-child\" data-id=\"ca9aab8\" data-element_type=\"container\" data-e-type=\"container\">\n\t\t\t\t<div data-dce-title-color=\"#FFFFFF\" class=\"elementor-element elementor-element-0416c02 elementor-widget elementor-widget-heading\" data-id=\"0416c02\" data-element_type=\"widget\" data-e-type=\"widget\" data-widget_type=\"heading.default\">\n\t\t\t\t<div class=\"elementor-widget-container\">\n\t\t\t\t\t<h2 class=\"elementor-heading-title elementor-size-default\">\u62db\u8058\u3001\u76f4\u63a5\u641c\u7d22\u3001\u7ba1\u7406\u4eba\u5458\u9009\u62d4<\/h2>\t\t\t\t<\/div>\n\t\t\t\t<\/div>\n\t\t\t\t<div data-dce-text-color=\"#FFFFFF\" class=\"elementor-element elementor-element-f310454 elementor-widget elementor-widget-text-editor\" data-id=\"f310454\" data-element_type=\"widget\" data-e-type=\"widget\" data-widget_type=\"text-editor.default\">\n\t\t\t\t<div class=\"elementor-widget-container\">\n\t\t\t\t\t\t\t\t\t<div class=\"wpb_text_column wpb_content_element\"><div class=\"wpb_wrapper\"><h5>Delego Consulting Ltd.<\/h5><\/div><\/div><div class=\"wpb_text_column wpb_content_element\"><div class=\"wpb_wrapper\"><p class=\"translation-block\">\u60a8\u662f\u5426\u82b1\u4e86\u5f88\u591a\u65f6\u95f4\u4f46\u8fd8\u662f\u6ca1\u627e\u5230\u5408\u9002\u7684\u5458\u5de5\uff1f\u6ca1\u6709\u80fd\u529b\u96c7\u7528\u5458\u5de5\uff1f\u60a8\u9700\u8981\u4e13\u4e1a\u5458\u5de5\u5417\uff1f\u60a8\u6b63\u5728\u5bfb\u627e\u7ba1\u7406\u804c\u4f4d\u7684\u4e13\u5bb6\u5417\uff1f\u9009\u62e9 Delego Consulting Kft \u7684\u62db\u8058\u548c\u76f4\u63a5\u641c\u7d22\u670d\u52a1\u3002<\/p><\/div><\/div>\t\t\t\t\t\t\t\t<\/div>\n\t\t\t\t<\/div>\n\t\t\t\t<\/div>\n\t\t<div class=\"elementor-element elementor-element-b7e249b e-con-full e-flex e-con e-child\" data-id=\"b7e249b\" data-element_type=\"container\" data-e-type=\"container\">\n\t\t\t\t<\/div>\n\t\t\t\t\t<\/div>\n\t\t\t\t<\/div>\n\t\t<div class=\"elementor-element elementor-element-3642a66 e-flex e-con-boxed e-con e-parent\" data-id=\"3642a66\" data-element_type=\"container\" data-e-type=\"container\">\n\t\t\t\t\t<div class=\"e-con-inner\">\n\t\t\t\t<div data-dce-text-color=\"#000000\" class=\"elementor-element elementor-element-d6f6385 elementor-widget elementor-widget-text-editor\" data-id=\"d6f6385\" data-element_type=\"widget\" data-e-type=\"widget\" data-widget_type=\"text-editor.default\">\n\t\t\t\t<div class=\"elementor-widget-container\">\n\t\t\t\t\t\t\t\t\t<p class=\"fontsninja-font translation-block\" data-ninja-font=\"helvetica_light_normal\">\u6211\u4eec\u7684\u9009\u62d4\u6d41\u7a0b\u975e\u5e38\u7075\u6d3b\uff0c\u53ef\u4ee5\u6ee1\u8db3\u5ba2\u6237\u7684\u9700\u6c42\u3002\u56e0\u6b64\u6211\u4eec\u624d\u80fd\u591f\u4e3a\u60a8\u7684\u516c\u53f8\u548c\u804c\u4f4d\u63d0\u4f9b\u91cf\u8eab\u5b9a\u5236\u7684\u670d\u52a1\u3002\u5bf9\u4e8e\u6bcf\u4e2a\u804c\u4f4d\uff0c\u6211\u4eec\u90fd\u4f1a\u68c0\u9a8c\u7406\u60f3\u5019\u9009\u4eba\u5e94\u5177\u5907\u7684\u4e2a\u4eba\u548c\u4e13\u4e1a\u80fd\u529b\uff0c\u7136\u540e\u5c06\u4ed6\u4eec\u7684\u8fd9\u4e9b\u80fd\u529b\u548c\u6700\u6709\u6548\u3001\u6700\u53ef\u9760\u7684\u9009\u62d4\u5de5\u5177\u5339\u914d\u8d77\u6765\u3002<\/p><p class=\"fontsninja-font translation-block\" data-ninja-font=\"helvetica_light_normal\">\u67d0\u4e9b\u9886\u57df\u3001\u90e8\u95e8\u548c\u804c\u4e1a\u4f1a\u53d7\u5230\u56fd\u5185\u96c7\u4e3b\u7684\u9ad8\u5ea6\u91cd\u89c6\u3002\u8fd9\u4e9b\u5177\u5907\u7279\u5b9a\u6280\u80fd\u7684\u4e13\u4e1a\u4eba\u5458\u548c\u7ba1\u7406\u4eba\u5458\u5728\u52b3\u52a8\u529b\u5e02\u573a\u4e0a\u5e76\u4e0d\u591a\u89c1\uff0c\u4ed6\u4eec\u4e5f\u4e0d\u9700\u8981\u79ef\u6781\u5bfb\u627e\u5c31\u4e1a\u673a\u4f1a\u3002\u96c7\u4e3b\u9700\u8981\u4e3b\u52a8\u8054\u7cfb\u4ed6\u4eec \u5e76\u9f13\u52b1\u4ed6\u4eec\u505a\u51fa\u6539\u53d8\u3002<\/p><p class=\"fontsninja-font translation-block\" data-ninja-font=\"helvetica_light_normal\">\u5728\u8fd9\u79cd\u60c5\u51b5\u4e0b\uff0c\u5ba3\u4f20\u5e7f\u544a\u548c\u4e92\u8054\u7f51\u6570\u636e\u5e93\u5e76\u4e0d\u662f\u6211\u4eec\u5de5\u4f5c\u7684\u4e3b\u8981\u57fa\u7840\u3002\u6211\u4eec\u591a\u5e74\u7684\u7ecf\u9a8c\u3001\u6211\u4eec\u7684\u4eba\u8109\u7f51\u7edc \u548c\u5176\u4ed6\u8d44\u6e90\u4f1a\u5e2e\u52a9\u6211\u4eec\u627e\u5230\u76ee\u524d\u52b3\u52a8\u529b\u5e02\u573a\u4e0a\u65e0\u6cd5\u627e\u5230\u7684\u4e13\u4e1a\u4eba\u5458\u548c\u7ba1\u7406\u4eba\u5458\u3002<\/p><p class=\"fontsninja-font translation-block\" data-ninja-font=\"helvetica_light_normal\">\u6211\u4eec\u5408\u4f5c\u56e2\u961f\u80fd\u591f\u627e\u5230\u7684\u4e3b\u8981\u662f \u638c\u63e1\u591a\u79cd\u8bed\u8a00\u7684 SSC \u5458\u5de5\u3001\u673a\u68b0\u5de5\u7a0b\u5e08\u3001\u7535\u5b50\u7269\u6d41\u5de5\u7a0b\u5e08\u548c\u7ecf\u6d4e\u3001\u91d1\u878d\u3001 IT \u4e13\u5bb6\u3002<\/p>\t\t\t\t\t\t\t\t<\/div>\n\t\t\t\t<\/div>\n\t\t\t\t<div data-dce-background-color=\"#61CE7000\" class=\"elementor-element elementor-element-89e5795 elementor-align-left elementor-widget elementor-widget-button\" data-id=\"89e5795\" data-element_type=\"widget\" data-e-type=\"widget\" data-widget_type=\"button.default\">\n\t\t\t\t<div class=\"elementor-widget-container\">\n\t\t\t\t\t\t\t\t\t<div class=\"elementor-button-wrapper\">\n\t\t\t\t\t<a class=\"elementor-button elementor-button-link elementor-size-sm\" href=\"https:\/\/delego.hu\/zh\/ajanlatkeres\/\">\n\t\t\t\t\t\t<span class=\"elementor-button-content-wrapper\">\n\t\t\t\t\t\t\t\t\t<span class=\"elementor-button-text\">\u54a8\u8be2\u62a5\u4ef7<\/span>\n\t\t\t\t\t<\/span>\n\t\t\t\t\t<\/a>\n\t\t\t\t<\/div>\n\t\t\t\t\t\t\t\t<\/div>\n\t\t\t\t<\/div>\n\t\t\t\t\t<\/div>\n\t\t\t\t<\/div>\n\t\t\t\t<\/div>","protected":false},"excerpt":{"rendered":"<p>Toborz\u00e1si- kiv\u00e1laszt\u00e1si folyamatunk koll\u00e9g\u00e1ink\u00a0sok\u00e9ves tapasztalat\u00e1n \u00e9s a\u00a0rendelkez\u00e9sre \u00e1ll\u00f3\u00a0eszk\u00f6z\u00f6k, m\u00f3dszerek megfelel\u0151 felhaszn\u00e1l\u00e1s\u00e1n\u00a0alapulnak. A poz\u00edci\u00f3 t\u00edpus\u00e1nak, szintj\u00e9nek, valamint az elv\u00e1rt tapasztalat \u00e9s szaktud\u00e1s ismeret\u00e9ben hat\u00e1rozzuk meg azokat a toborz\u00e1si eszk\u00f6z\u00f6ket, amelyekkel biztos\u00edtani tudjuk, hogy \u00dcgyfeleink a legjobb munkat\u00e1rsat a legkevesebb id\u0151 \u00e9s energia r\u00e1ford\u00edt\u00e1ssal tal\u00e1lj\u00e1k meg. A kiv\u00e1laszt\u00e1s szinte teljes folyamat\u00e1t magunkra v\u00e1llaljuk, \u00dcgyfeleinknek m\u00e1r csak azon [&hellip;]<\/p>","protected":false},"author":1,"featured_media":0,"parent":0,"menu_order":0,"comment_status":"closed","ping_status":"closed","template":"","meta":{"_acf_changed":false,"footnotes":""},"class_list":["post-299","page","type-page","status-publish","hentry"],"acf":[],"yoast_head":"<!-- This site is optimized with the Yoast SEO plugin v25.3 - https:\/\/yoast.com\/wordpress\/plugins\/seo\/ -->\n<title>Munkaer\u0151-k\u00f6zvet\u00edt\u00e9s - Delego<\/title>\n<meta name=\"robots\" content=\"index, follow, max-snippet:-1, max-image-preview:large, max-video-preview:-1\" \/>\n<link rel=\"canonical\" href=\"https:\/\/delego.hu\/zh\/munkaero-kozvetites\/\" \/>\n<meta property=\"og:locale\" content=\"zh_CN\" \/>\n<meta property=\"og:type\" content=\"article\" \/>\n<meta property=\"og:title\" content=\"Munkaer\u0151-k\u00f6zvet\u00edt\u00e9s - Delego\" \/>\n<meta property=\"og:description\" content=\"Toborz\u00e1si- kiv\u00e1laszt\u00e1si folyamatunk koll\u00e9g\u00e1ink\u00a0sok\u00e9ves tapasztalat\u00e1n \u00e9s a\u00a0rendelkez\u00e9sre \u00e1ll\u00f3\u00a0eszk\u00f6z\u00f6k, m\u00f3dszerek megfelel\u0151 felhaszn\u00e1l\u00e1s\u00e1n\u00a0alapulnak. A poz\u00edci\u00f3 t\u00edpus\u00e1nak, szintj\u00e9nek, valamint az elv\u00e1rt tapasztalat \u00e9s szaktud\u00e1s ismeret\u00e9ben hat\u00e1rozzuk meg azokat a toborz\u00e1si eszk\u00f6z\u00f6ket, amelyekkel biztos\u00edtani tudjuk, hogy \u00dcgyfeleink a legjobb munkat\u00e1rsat a legkevesebb id\u0151 \u00e9s energia r\u00e1ford\u00edt\u00e1ssal tal\u00e1lj\u00e1k meg. A kiv\u00e1laszt\u00e1s szinte teljes folyamat\u00e1t magunkra v\u00e1llaljuk, \u00dcgyfeleinknek m\u00e1r csak azon [&hellip;]\" \/>\n<meta property=\"og:url\" content=\"https:\/\/delego.hu\/zh\/munkaero-kozvetites\/\" \/>\n<meta property=\"og:site_name\" content=\"Delego\" \/>\n<meta property=\"article:modified_time\" content=\"2025-07-09T09:32:49+00:00\" \/>\n<meta name=\"twitter:card\" content=\"summary_large_image\" \/>\n<meta name=\"twitter:label1\" content=\"\u9884\u8ba1\u9605\u8bfb\u65f6\u95f4\" \/>\n\t<meta name=\"twitter:data1\" content=\"2 \u5206\" \/>\n<script type=\"application\/ld+json\" class=\"yoast-schema-graph\">{\"@context\":\"https:\/\/schema.org\",\"@graph\":[{\"@type\":\"WebPage\",\"@id\":\"https:\/\/delego.hu\/hu\/munkaero-kozvetites\/\",\"url\":\"https:\/\/delego.hu\/hu\/munkaero-kozvetites\/\",\"name\":\"Munkaer\u0151-k\u00f6zvet\u00edt\u00e9s - Delego\",\"isPartOf\":{\"@id\":\"https:\/\/delego.hu\/ru\/#website\"},\"datePublished\":\"2024-07-16T08:53:58+00:00\",\"dateModified\":\"2025-07-09T09:32:49+00:00\",\"breadcrumb\":{\"@id\":\"https:\/\/delego.hu\/hu\/munkaero-kozvetites\/#breadcrumb\"},\"inLanguage\":\"zh-Hans\",\"potentialAction\":[{\"@type\":\"ReadAction\",\"target\":[\"https:\/\/delego.hu\/hu\/munkaero-kozvetites\/\"]}]},{\"@type\":\"BreadcrumbList\",\"@id\":\"https:\/\/delego.hu\/hu\/munkaero-kozvetites\/#breadcrumb\",\"itemListElement\":[{\"@type\":\"ListItem\",\"position\":1,\"name\":\"Kezd\u0151lap\",\"item\":\"https:\/\/delego.hu\/hu\/\"},{\"@type\":\"ListItem\",\"position\":2,\"name\":\"Munkaer\u0151-k\u00f6zvet\u00edt\u00e9s\"}]},{\"@type\":\"WebSite\",\"@id\":\"https:\/\/delego.hu\/ru\/#website\",\"url\":\"https:\/\/delego.hu\/ru\/\",\"name\":\"Delego\",\"description\":\"\",\"publisher\":{\"@id\":\"https:\/\/delego.hu\/ru\/#organization\"},\"potentialAction\":[{\"@type\":\"SearchAction\",\"target\":{\"@type\":\"EntryPoint\",\"urlTemplate\":\"https:\/\/delego.hu\/ru\/?s={search_term_string}\"},\"query-input\":{\"@type\":\"PropertyValueSpecification\",\"valueRequired\":true,\"valueName\":\"search_term_string\"}}],\"inLanguage\":\"zh-Hans\"},{\"@type\":\"Organization\",\"@id\":\"https:\/\/delego.hu\/ru\/#organization\",\"name\":\"Delego\",\"url\":\"https:\/\/delego.hu\/ru\/\",\"logo\":{\"@type\":\"ImageObject\",\"inLanguage\":\"zh-Hans\",\"@id\":\"https:\/\/delego.hu\/ru\/#\/schema\/logo\/image\/\",\"url\":\"https:\/\/delego.hu\/wp-content\/uploads\/2024\/07\/logodelego.png\",\"contentUrl\":\"https:\/\/delego.hu\/wp-content\/uploads\/2024\/07\/logodelego.png\",\"width\":117,\"height\":50,\"caption\":\"Delego\"},\"image\":{\"@id\":\"https:\/\/delego.hu\/ru\/#\/schema\/logo\/image\/\"}}]}<\/script>\n<!-- \/ Yoast SEO plugin. -->","yoast_head_json":{"title":"Munkaer\u0151-k\u00f6zvet\u00edt\u00e9s - Delego","robots":{"index":"index","follow":"follow","max-snippet":"max-snippet:-1","max-image-preview":"max-image-preview:large","max-video-preview":"max-video-preview:-1"},"canonical":"https:\/\/delego.hu\/zh\/munkaero-kozvetites\/","og_locale":"zh_CN","og_type":"article","og_title":"Munkaer\u0151-k\u00f6zvet\u00edt\u00e9s - Delego","og_description":"Toborz\u00e1si- kiv\u00e1laszt\u00e1si folyamatunk koll\u00e9g\u00e1ink\u00a0sok\u00e9ves tapasztalat\u00e1n \u00e9s a\u00a0rendelkez\u00e9sre \u00e1ll\u00f3\u00a0eszk\u00f6z\u00f6k, m\u00f3dszerek megfelel\u0151 felhaszn\u00e1l\u00e1s\u00e1n\u00a0alapulnak. A poz\u00edci\u00f3 t\u00edpus\u00e1nak, szintj\u00e9nek, valamint az elv\u00e1rt tapasztalat \u00e9s szaktud\u00e1s ismeret\u00e9ben hat\u00e1rozzuk meg azokat a toborz\u00e1si eszk\u00f6z\u00f6ket, amelyekkel biztos\u00edtani tudjuk, hogy \u00dcgyfeleink a legjobb munkat\u00e1rsat a legkevesebb id\u0151 \u00e9s energia r\u00e1ford\u00edt\u00e1ssal tal\u00e1lj\u00e1k meg. A kiv\u00e1laszt\u00e1s szinte teljes folyamat\u00e1t magunkra v\u00e1llaljuk, \u00dcgyfeleinknek m\u00e1r csak azon [&hellip;]","og_url":"https:\/\/delego.hu\/zh\/munkaero-kozvetites\/","og_site_name":"Delego","article_modified_time":"2025-07-09T09:32:49+00:00","twitter_card":"summary_large_image","twitter_misc":{"\u9884\u8ba1\u9605\u8bfb\u65f6\u95f4":"2 \u5206"},"schema":{"@context":"https:\/\/schema.org","@graph":[{"@type":"WebPage","@id":"https:\/\/delego.hu\/hu\/munkaero-kozvetites\/","url":"https:\/\/delego.hu\/hu\/munkaero-kozvetites\/","name":"Munkaer\u0151-k\u00f6zvet\u00edt\u00e9s - Delego","isPartOf":{"@id":"https:\/\/delego.hu\/ru\/#website"},"datePublished":"2024-07-16T08:53:58+00:00","dateModified":"2025-07-09T09:32:49+00:00","breadcrumb":{"@id":"https:\/\/delego.hu\/hu\/munkaero-kozvetites\/#breadcrumb"},"inLanguage":"zh-Hans","potentialAction":[{"@type":"ReadAction","target":["https:\/\/delego.hu\/hu\/munkaero-kozvetites\/"]}]},{"@type":"BreadcrumbList","@id":"https:\/\/delego.hu\/hu\/munkaero-kozvetites\/#breadcrumb","itemListElement":[{"@type":"ListItem","position":1,"name":"Kezd\u0151lap","item":"https:\/\/delego.hu\/hu\/"},{"@type":"ListItem","position":2,"name":"Munkaer\u0151-k\u00f6zvet\u00edt\u00e9s"}]},{"@type":"WebSite","@id":"https:\/\/delego.hu\/ru\/#website","url":"https:\/\/delego.hu\/ru\/","name":"Delego","description":"","publisher":{"@id":"https:\/\/delego.hu\/ru\/#organization"},"potentialAction":[{"@type":"SearchAction","target":{"@type":"EntryPoint","urlTemplate":"https:\/\/delego.hu\/ru\/?s={search_term_string}"},"query-input":{"@type":"PropertyValueSpecification","valueRequired":true,"valueName":"search_term_string"}}],"inLanguage":"zh-Hans"},{"@type":"Organization","@id":"https:\/\/delego.hu\/ru\/#organization","name":"Delego","url":"https:\/\/delego.hu\/ru\/","logo":{"@type":"ImageObject","inLanguage":"zh-Hans","@id":"https:\/\/delego.hu\/ru\/#\/schema\/logo\/image\/","url":"https:\/\/delego.hu\/wp-content\/uploads\/2024\/07\/logodelego.png","contentUrl":"https:\/\/delego.hu\/wp-content\/uploads\/2024\/07\/logodelego.png","width":117,"height":50,"caption":"Delego"},"image":{"@id":"https:\/\/delego.hu\/ru\/#\/schema\/logo\/image\/"}}]}},"_links":{"self":[{"href":"https:\/\/delego.hu\/zh\/wp-json\/wp\/v2\/pages\/299","targetHints":{"allow":["GET"]}}],"collection":[{"href":"https:\/\/delego.hu\/zh\/wp-json\/wp\/v2\/pages"}],"about":[{"href":"https:\/\/delego.hu\/zh\/wp-json\/wp\/v2\/types\/page"}],"author":[{"embeddable":true,"href":"https:\/\/delego.hu\/zh\/wp-json\/wp\/v2\/users\/1"}],"replies":[{"embeddable":true,"href":"https:\/\/delego.hu\/zh\/wp-json\/wp\/v2\/comments?post=299"}],"version-history":[{"count":10,"href":"https:\/\/delego.hu\/zh\/wp-json\/wp\/v2\/pages\/299\/revisions"}],"predecessor-version":[{"id":1756,"href":"https:\/\/delego.hu\/zh\/wp-json\/wp\/v2\/pages\/299\/revisions\/1756"}],"wp:attachment":[{"href":"https:\/\/delego.hu\/zh\/wp-json\/wp\/v2\/media?parent=299"}],"curies":[{"name":"wp","href":"https:\/\/api.w.org\/{rel}","templated":true}]}}