{"id":283,"date":"2024-07-16T08:13:53","date_gmt":"2024-07-16T08:13:53","guid":{"rendered":"https:\/\/delego.hu\/?page_id=283"},"modified":"2025-07-09T09:31:39","modified_gmt":"2025-07-09T09:31:39","slug":"munkaero-kolcsonzes","status":"publish","type":"page","link":"https:\/\/delego.hu\/zh\/munkaero-kolcsonzes\/","title":{"rendered":"\u4e34\u65f6\u96c7\u4f63\u670d\u52a1"},"content":{"rendered":"<div data-elementor-type=\"wp-page\" data-elementor-id=\"283\" class=\"elementor elementor-283\" data-elementor-post-type=\"page\">\n\t\t\t\t<div class=\"elementor-element elementor-element-5c6cd9b e-flex e-con-boxed e-con e-parent\" data-id=\"5c6cd9b\" data-element_type=\"container\" data-e-type=\"container\">\n\t\t\t\t\t<div class=\"e-con-inner\">\n\t\t\t\t<div data-dce-text-color=\"#000000\" class=\"elementor-element elementor-element-8894e6e elementor-widget elementor-widget-text-editor\" data-id=\"8894e6e\" data-element_type=\"widget\" data-e-type=\"widget\" data-widget_type=\"text-editor.default\">\n\t\t\t\t<div class=\"elementor-widget-container\">\n\t\t\t\t\t\t\t\t\t<p class=\"translation-block\">\u5f53\u4eca\u4e0d\u65ad\u53d8\u5316\u7684\u7ecf\u6d4e\u73af\u5883\u4e3a\u804c\u4e1a\u9886\u57df\u5e26\u6765\u4e86\u65b0\u6311\u6218\u3002\u80fd\u591f\u652f\u6301\u6211\u4eec\u5e94\u5bf9\u6311\u6218\u7684\u7075\u6d3b\u6027\u3001\u5feb\u901f\u5e94\u53d8\u529b \u548c\u9ad8\u6c34\u5e73\u4e13\u4e1a\u77e5\u8bc6\u5df2\u6210\u4e3a\u975e\u5e38\u5173\u952e\u7684\u6982\u5ff5\u3002<\/p><p class=\"translation-block\">\u5728\u5e94\u5bf9\u6311\u6218\u7684\u8fc7\u7a0b\u4e2d\uff0c\u4e0d\u540c\u4e8e\u4f20\u7edf\u201c\u5178\u578b\u201d\u96c7\u4f63\u5f62\u5f0f\u7684\u7075\u6d3b\u89e3\u51b3\u65b9\u6848\u51fa\u73b0\u4e86\uff0c\u5176\u4e2d\u6700\u91cd\u8981\u7684\u5c31\u662f\u4e34\u65f6\u5de5\u4f5c\u589e\u52a0\u4e86\u3002<\/p>\t\t\t\t\t\t\t\t<\/div>\n\t\t\t\t<\/div>\n\t\t\t\t\t<\/div>\n\t\t\t\t<\/div>\n\t\t<div data-dce-background-image-url=\"http:\/\/delego.hu\/wp-content\/uploads\/2024\/07\/careers-lg-1.jpg\" class=\"elementor-element elementor-element-90c00ae e-flex e-con-boxed e-con e-parent\" data-id=\"90c00ae\" data-element_type=\"container\" data-e-type=\"container\" data-settings=\"{&quot;background_background&quot;:&quot;classic&quot;}\">\n\t\t\t\t\t<div class=\"e-con-inner\">\n\t\t<div class=\"elementor-element elementor-element-ca9aab8 e-con-full e-flex e-con e-child\" data-id=\"ca9aab8\" data-element_type=\"container\" data-e-type=\"container\">\n\t\t\t\t<\/div>\n\t\t<div class=\"elementor-element elementor-element-b7e249b e-con-full e-flex e-con e-child\" data-id=\"b7e249b\" data-element_type=\"container\" data-e-type=\"container\">\n\t\t\t\t<div data-dce-title-color=\"#000000\" class=\"elementor-element elementor-element-0416c02 elementor-widget elementor-widget-heading\" data-id=\"0416c02\" data-element_type=\"widget\" data-e-type=\"widget\" data-widget_type=\"heading.default\">\n\t\t\t\t<div class=\"elementor-widget-container\">\n\t\t\t\t\t<h2 class=\"elementor-heading-title elementor-size-default\">\u54c1\u8d28\u4fdd\u8bc1\n\u4e34\u65f6\u96c7\u4f63\u670d\u52a1<\/h2>\t\t\t\t<\/div>\n\t\t\t\t<\/div>\n\t\t\t\t<div data-dce-text-color=\"#000000\" class=\"elementor-element elementor-element-f310454 elementor-widget elementor-widget-text-editor\" data-id=\"f310454\" data-element_type=\"widget\" data-e-type=\"widget\" data-widget_type=\"text-editor.default\">\n\t\t\t\t<div class=\"elementor-widget-container\">\n\t\t\t\t\t\t\t\t\t<p>\u60a8\u662f\u5426\u6b63\u5728\u5bfb\u627e\u6bd4\u4f20\u7edf\u96c7\u4f63\u5f62\u5f0f\u66f4\u5212\u7b97\u3001\u66f4\u7075\u6d3b\u7684\u89e3\u51b3\u65b9\u6848\uff1f\u60a8\u7684\u52b3\u52a8\u529b\u9700\u6c42\u662f\u5426\u5728\u4e0d\u65ad\u53d8\u5316\uff1f\u60a8\u662f\u5426\u6ca1\u6709\u8ba1\u5212\u6269\u5145\u5458\u5de5\u961f\u4f0d\uff0c\u4f46\u5374\u9700\u8981\u4eba\u624b\uff1f\u90a3\u4e48 Delego Kft \u7684\u4e34\u65f6\u96c7\u4f63\u670d\u52a1\u5c31\u662f\u660e\u667a\u7684\u9009\u62e9\uff01<\/p>\t\t\t\t\t\t\t\t<\/div>\n\t\t\t\t<\/div>\n\t\t\t\t<\/div>\n\t\t\t\t\t<\/div>\n\t\t\t\t<\/div>\n\t\t<div class=\"elementor-element elementor-element-3642a66 e-flex e-con-boxed e-con e-parent\" data-id=\"3642a66\" data-element_type=\"container\" data-e-type=\"container\">\n\t\t\t\t\t<div class=\"e-con-inner\">\n\t\t\t\t<div data-dce-text-color=\"#000000\" class=\"elementor-element elementor-element-d6f6385 elementor-widget elementor-widget-text-editor\" data-id=\"d6f6385\" data-element_type=\"widget\" data-e-type=\"widget\" data-widget_type=\"text-editor.default\">\n\t\t\t\t<div class=\"elementor-widget-container\">\n\t\t\t\t\t\t\t\t\t<p class=\"fontsninja-font translation-block\" data-ninja-font=\"helvetica_light_normal\">\u8fd1\u5e74\u6765\uff0c\u7edd\u5927\u591a\u6570\u65b0\u5de5\u4f5c\u5c97\u4f4d\u90fd\u662f\u4ee5\u4e34\u65f6\u5de5\u4f5c\u7684\u5f62\u5f0f\u51fa\u73b0\u7684\uff0c\u56e0\u4e3a\u8fd9\u6837\u4e00\u6765\uff0c\u4f01\u4e1a\u4e0d\u9700\u8981\u589e\u52a0\u5458\u5de5\u6570\u91cf\u5c31\u80fd\u6ee1\u8db3\u52b3\u52a8\u529b\u9700\u6c42\u3002\u5982\u4eca\uff0c\u6bcf\u5e74\u88ab\u501f\u7528\u7684\u5458\u5de5\u8d85\u8fc7 130,000 \u540d\uff0c\u800c\u4e14\u8fd9\u4e2a\u6570\u5b57\u8fd8\u5728\u7ee7\u7eed\u589e\u957f\u3002<\/p><p class=\"fontsninja-font translation-block\" data-ninja-font=\"helvetica_light_normal\">\u8003\u8651\u5230\u5c31\u4e1a\u5f62\u52bf\uff0c\u65b0\u300a\u52b3\u52a8\u6cd5\u300b\u548c\u76f8\u5173\u7acb\u6cd5\u4ee5\u9ad8\u5ea6\u7075\u6d3b\u548c\u6709\u5229\u96c7\u4e3b\u7684\u65b9\u5f0f,\u5bf9\u4e34\u65f6\u5de5\u4f5c\u505a\u51fa\u4e86\u89c4\u5b9a\uff0c\u8d77\u5230\u4e86\u4fc3\u8fdb\u5c31\u4e1a\u589e\u957f\u7684\u4f5c\u7528\u3002<\/p><p class=\"fontsninja-font translation-block\" data-ninja-font=\"helvetica_light_normal\">\u901a\u8fc7\u6211\u4eec\u7684\u4e34\u65f6\u96c7\u4f63\u670d\u52a1\uff0c\u6211\u4eec\u53ef\u4ee5\u786e\u4fdd\u6211\u4eec\u7684\u5ba2\u6237\u53ef\u4ee5\u5feb\u901f\u3001\u7075\u6d3b\u5730\u8c03\u6574\u81ea\u5df1\u7684\u5458\u5de5\u6570\u91cf\u6765\u5e94\u5bf9\u4e0d\u65ad\u53d8\u5316\u7684\u751f\u4ea7\u9700\u6c42\uff0c\u540c\u65f6\u8fd8\u80fd\u5b9e\u73b0\u76f4\u63a5\u7684\u52b3\u52a8\u529b\u548c\u6210\u672c\u6548\u76ca\u3002\u6211\u4eec\u7684\u4e13\u4e1a\u4eba\u5458\u5728\u7535\u5b50\u4ea7\u54c1\u3001\u6c7d\u8f66\u5236\u9020\/\u751f\u4ea7\u3001\u7269\u6d41\u3001\u96f6\u552e\u3001\u5ba2\u6237\u670d\u52a1\u3001\u7535\u8bdd\u670d\u52a1\u4e2d\u5fc3\u3001SSC \u7b49\u9886\u57df\u7684\u8457\u540d\u4e34\u65f6\u5de5\u4f5c\u4ecb\u7ecd\u6240\u79ef\u7d2f\u4e86\u4e30\u5bcc\u7684\u7ecf\u9a8c\u3002<\/p>\t\t\t\t\t\t\t\t<\/div>\n\t\t\t\t<\/div>\n\t\t\t\t<div data-dce-background-color=\"#61CE7000\" class=\"elementor-element elementor-element-89e5795 elementor-align-left elementor-widget elementor-widget-button\" data-id=\"89e5795\" data-element_type=\"widget\" data-e-type=\"widget\" data-widget_type=\"button.default\">\n\t\t\t\t<div class=\"elementor-widget-container\">\n\t\t\t\t\t\t\t\t\t<div class=\"elementor-button-wrapper\">\n\t\t\t\t\t<a class=\"elementor-button elementor-button-link elementor-size-sm\" href=\"https:\/\/delego.hu\/zh\/ajanlatkeres\/\">\n\t\t\t\t\t\t<span class=\"elementor-button-content-wrapper\">\n\t\t\t\t\t\t\t\t\t<span class=\"elementor-button-text\">\u54a8\u8be2\u62a5\u4ef7<\/span>\n\t\t\t\t\t<\/span>\n\t\t\t\t\t<\/a>\n\t\t\t\t<\/div>\n\t\t\t\t\t\t\t\t<\/div>\n\t\t\t\t<\/div>\n\t\t\t\t\t<\/div>\n\t\t\t\t<\/div>\n\t\t\t\t<\/div>","protected":false},"excerpt":{"rendered":"<p>Napjaink v\u00e1ltoz\u00f3 gazdas\u00e1gi k\u00f6rnyezete a\u00a0munka vil\u00e1g\u00e1nak\u00a0szerepl\u0151it\u0151l is\u00a0\u00faj kih\u00edv\u00e1sokat\u00a0k\u00f6vetel meg. A\u00a0rugalmass\u00e1g, a v\u00e1ltoz\u00e1sokhoz t\u00f6rt\u00e9n\u0151\u00a0gyors alkalmazkod\u00e1s\u00a0\u00e9s mindezt t\u00e1mogat\u00f3 magas szint\u0171\u00a0szakmai tud\u00e1s v\u00e1ltak kulcsfogalmakk\u00e1. Ezen kih\u00edv\u00e1sokra adott\u00a0v\u00e1lasz\u00a0a hagyom\u00e1nyos \u2013 \u201etipikus\u201d \u2013 foglalkoztat\u00e1si form\u00e1kt\u00f3l elt\u00e9r\u0151 rugalmas megold\u00e1sok, ezen bel\u00fcl is els\u0151sorban a\u00a0munkaer\u0151-k\u00f6lcs\u00f6nz\u00e9s t\u00e9rnyer\u00e9se. A min\u0151s\u00e9g garanci\u00e1ja Munkaer\u0151-k\u00f6lcs\u00f6nz\u00e9s A hagyom\u00e1nyos foglalkoztat\u00e1si form\u00e1kn\u00e1l kedvez\u0151bb, rugalmasabb megold\u00e1st keres? Munkaer\u0151-ig\u00e9nye folyamatosan v\u00e1ltozik? Nem [&hellip;]<\/p>","protected":false},"author":1,"featured_media":0,"parent":0,"menu_order":0,"comment_status":"closed","ping_status":"closed","template":"","meta":{"_acf_changed":false,"footnotes":""},"class_list":["post-283","page","type-page","status-publish","hentry"],"acf":[],"yoast_head":"<!-- This site is optimized with the Yoast SEO plugin v25.3 - https:\/\/yoast.com\/wordpress\/plugins\/seo\/ -->\n<title>Munkaer\u0151-k\u00f6lcs\u00f6nz\u00e9s - Delego<\/title>\n<meta name=\"robots\" content=\"index, follow, max-snippet:-1, max-image-preview:large, max-video-preview:-1\" \/>\n<link rel=\"canonical\" href=\"https:\/\/delego.hu\/zh\/munkaero-kolcsonzes\/\" \/>\n<meta property=\"og:locale\" content=\"zh_CN\" \/>\n<meta property=\"og:type\" content=\"article\" \/>\n<meta property=\"og:title\" content=\"Munkaer\u0151-k\u00f6lcs\u00f6nz\u00e9s - Delego\" \/>\n<meta property=\"og:description\" content=\"Napjaink v\u00e1ltoz\u00f3 gazdas\u00e1gi k\u00f6rnyezete a\u00a0munka vil\u00e1g\u00e1nak\u00a0szerepl\u0151it\u0151l is\u00a0\u00faj kih\u00edv\u00e1sokat\u00a0k\u00f6vetel meg. A\u00a0rugalmass\u00e1g, a v\u00e1ltoz\u00e1sokhoz t\u00f6rt\u00e9n\u0151\u00a0gyors alkalmazkod\u00e1s\u00a0\u00e9s mindezt t\u00e1mogat\u00f3 magas szint\u0171\u00a0szakmai tud\u00e1s v\u00e1ltak kulcsfogalmakk\u00e1. Ezen kih\u00edv\u00e1sokra adott\u00a0v\u00e1lasz\u00a0a hagyom\u00e1nyos \u2013 \u201etipikus\u201d \u2013 foglalkoztat\u00e1si form\u00e1kt\u00f3l elt\u00e9r\u0151 rugalmas megold\u00e1sok, ezen bel\u00fcl is els\u0151sorban a\u00a0munkaer\u0151-k\u00f6lcs\u00f6nz\u00e9s t\u00e9rnyer\u00e9se. A min\u0151s\u00e9g garanci\u00e1ja Munkaer\u0151-k\u00f6lcs\u00f6nz\u00e9s A hagyom\u00e1nyos foglalkoztat\u00e1si form\u00e1kn\u00e1l kedvez\u0151bb, rugalmasabb megold\u00e1st keres? Munkaer\u0151-ig\u00e9nye folyamatosan v\u00e1ltozik? Nem [&hellip;]\" \/>\n<meta property=\"og:url\" content=\"https:\/\/delego.hu\/zh\/munkaero-kolcsonzes\/\" \/>\n<meta property=\"og:site_name\" content=\"Delego\" \/>\n<meta property=\"article:modified_time\" content=\"2025-07-09T09:31:39+00:00\" \/>\n<meta name=\"twitter:card\" content=\"summary_large_image\" \/>\n<meta name=\"twitter:label1\" content=\"\u9884\u8ba1\u9605\u8bfb\u65f6\u95f4\" \/>\n\t<meta name=\"twitter:data1\" content=\"2 \u5206\" \/>\n<script type=\"application\/ld+json\" class=\"yoast-schema-graph\">{\"@context\":\"https:\/\/schema.org\",\"@graph\":[{\"@type\":\"WebPage\",\"@id\":\"https:\/\/delego.hu\/hu\/munkaero-kolcsonzes\/\",\"url\":\"https:\/\/delego.hu\/hu\/munkaero-kolcsonzes\/\",\"name\":\"Munkaer\u0151-k\u00f6lcs\u00f6nz\u00e9s - Delego\",\"isPartOf\":{\"@id\":\"https:\/\/delego.hu\/ru\/#website\"},\"datePublished\":\"2024-07-16T08:13:53+00:00\",\"dateModified\":\"2025-07-09T09:31:39+00:00\",\"breadcrumb\":{\"@id\":\"https:\/\/delego.hu\/hu\/munkaero-kolcsonzes\/#breadcrumb\"},\"inLanguage\":\"zh-Hans\",\"potentialAction\":[{\"@type\":\"ReadAction\",\"target\":[\"https:\/\/delego.hu\/hu\/munkaero-kolcsonzes\/\"]}]},{\"@type\":\"BreadcrumbList\",\"@id\":\"https:\/\/delego.hu\/hu\/munkaero-kolcsonzes\/#breadcrumb\",\"itemListElement\":[{\"@type\":\"ListItem\",\"position\":1,\"name\":\"Kezd\u0151lap\",\"item\":\"https:\/\/delego.hu\/hu\/\"},{\"@type\":\"ListItem\",\"position\":2,\"name\":\"Munkaer\u0151-k\u00f6lcs\u00f6nz\u00e9s\"}]},{\"@type\":\"WebSite\",\"@id\":\"https:\/\/delego.hu\/ru\/#website\",\"url\":\"https:\/\/delego.hu\/ru\/\",\"name\":\"Delego\",\"description\":\"\",\"publisher\":{\"@id\":\"https:\/\/delego.hu\/ru\/#organization\"},\"potentialAction\":[{\"@type\":\"SearchAction\",\"target\":{\"@type\":\"EntryPoint\",\"urlTemplate\":\"https:\/\/delego.hu\/ru\/?s={search_term_string}\"},\"query-input\":{\"@type\":\"PropertyValueSpecification\",\"valueRequired\":true,\"valueName\":\"search_term_string\"}}],\"inLanguage\":\"zh-Hans\"},{\"@type\":\"Organization\",\"@id\":\"https:\/\/delego.hu\/ru\/#organization\",\"name\":\"Delego\",\"url\":\"https:\/\/delego.hu\/ru\/\",\"logo\":{\"@type\":\"ImageObject\",\"inLanguage\":\"zh-Hans\",\"@id\":\"https:\/\/delego.hu\/ru\/#\/schema\/logo\/image\/\",\"url\":\"https:\/\/delego.hu\/wp-content\/uploads\/2024\/07\/logodelego.png\",\"contentUrl\":\"https:\/\/delego.hu\/wp-content\/uploads\/2024\/07\/logodelego.png\",\"width\":117,\"height\":50,\"caption\":\"Delego\"},\"image\":{\"@id\":\"https:\/\/delego.hu\/ru\/#\/schema\/logo\/image\/\"}}]}<\/script>\n<!-- \/ Yoast SEO plugin. -->","yoast_head_json":{"title":"Munkaer\u0151-k\u00f6lcs\u00f6nz\u00e9s - Delego","robots":{"index":"index","follow":"follow","max-snippet":"max-snippet:-1","max-image-preview":"max-image-preview:large","max-video-preview":"max-video-preview:-1"},"canonical":"https:\/\/delego.hu\/zh\/munkaero-kolcsonzes\/","og_locale":"zh_CN","og_type":"article","og_title":"Munkaer\u0151-k\u00f6lcs\u00f6nz\u00e9s - Delego","og_description":"Napjaink v\u00e1ltoz\u00f3 gazdas\u00e1gi k\u00f6rnyezete a\u00a0munka vil\u00e1g\u00e1nak\u00a0szerepl\u0151it\u0151l is\u00a0\u00faj kih\u00edv\u00e1sokat\u00a0k\u00f6vetel meg. A\u00a0rugalmass\u00e1g, a v\u00e1ltoz\u00e1sokhoz t\u00f6rt\u00e9n\u0151\u00a0gyors alkalmazkod\u00e1s\u00a0\u00e9s mindezt t\u00e1mogat\u00f3 magas szint\u0171\u00a0szakmai tud\u00e1s v\u00e1ltak kulcsfogalmakk\u00e1. Ezen kih\u00edv\u00e1sokra adott\u00a0v\u00e1lasz\u00a0a hagyom\u00e1nyos \u2013 \u201etipikus\u201d \u2013 foglalkoztat\u00e1si form\u00e1kt\u00f3l elt\u00e9r\u0151 rugalmas megold\u00e1sok, ezen bel\u00fcl is els\u0151sorban a\u00a0munkaer\u0151-k\u00f6lcs\u00f6nz\u00e9s t\u00e9rnyer\u00e9se. A min\u0151s\u00e9g garanci\u00e1ja Munkaer\u0151-k\u00f6lcs\u00f6nz\u00e9s A hagyom\u00e1nyos foglalkoztat\u00e1si form\u00e1kn\u00e1l kedvez\u0151bb, rugalmasabb megold\u00e1st keres? Munkaer\u0151-ig\u00e9nye folyamatosan v\u00e1ltozik? Nem [&hellip;]","og_url":"https:\/\/delego.hu\/zh\/munkaero-kolcsonzes\/","og_site_name":"Delego","article_modified_time":"2025-07-09T09:31:39+00:00","twitter_card":"summary_large_image","twitter_misc":{"\u9884\u8ba1\u9605\u8bfb\u65f6\u95f4":"2 \u5206"},"schema":{"@context":"https:\/\/schema.org","@graph":[{"@type":"WebPage","@id":"https:\/\/delego.hu\/hu\/munkaero-kolcsonzes\/","url":"https:\/\/delego.hu\/hu\/munkaero-kolcsonzes\/","name":"Munkaer\u0151-k\u00f6lcs\u00f6nz\u00e9s - Delego","isPartOf":{"@id":"https:\/\/delego.hu\/ru\/#website"},"datePublished":"2024-07-16T08:13:53+00:00","dateModified":"2025-07-09T09:31:39+00:00","breadcrumb":{"@id":"https:\/\/delego.hu\/hu\/munkaero-kolcsonzes\/#breadcrumb"},"inLanguage":"zh-Hans","potentialAction":[{"@type":"ReadAction","target":["https:\/\/delego.hu\/hu\/munkaero-kolcsonzes\/"]}]},{"@type":"BreadcrumbList","@id":"https:\/\/delego.hu\/hu\/munkaero-kolcsonzes\/#breadcrumb","itemListElement":[{"@type":"ListItem","position":1,"name":"Kezd\u0151lap","item":"https:\/\/delego.hu\/hu\/"},{"@type":"ListItem","position":2,"name":"Munkaer\u0151-k\u00f6lcs\u00f6nz\u00e9s"}]},{"@type":"WebSite","@id":"https:\/\/delego.hu\/ru\/#website","url":"https:\/\/delego.hu\/ru\/","name":"Delego","description":"","publisher":{"@id":"https:\/\/delego.hu\/ru\/#organization"},"potentialAction":[{"@type":"SearchAction","target":{"@type":"EntryPoint","urlTemplate":"https:\/\/delego.hu\/ru\/?s={search_term_string}"},"query-input":{"@type":"PropertyValueSpecification","valueRequired":true,"valueName":"search_term_string"}}],"inLanguage":"zh-Hans"},{"@type":"Organization","@id":"https:\/\/delego.hu\/ru\/#organization","name":"Delego","url":"https:\/\/delego.hu\/ru\/","logo":{"@type":"ImageObject","inLanguage":"zh-Hans","@id":"https:\/\/delego.hu\/ru\/#\/schema\/logo\/image\/","url":"https:\/\/delego.hu\/wp-content\/uploads\/2024\/07\/logodelego.png","contentUrl":"https:\/\/delego.hu\/wp-content\/uploads\/2024\/07\/logodelego.png","width":117,"height":50,"caption":"Delego"},"image":{"@id":"https:\/\/delego.hu\/ru\/#\/schema\/logo\/image\/"}}]}},"_links":{"self":[{"href":"https:\/\/delego.hu\/zh\/wp-json\/wp\/v2\/pages\/283","targetHints":{"allow":["GET"]}}],"collection":[{"href":"https:\/\/delego.hu\/zh\/wp-json\/wp\/v2\/pages"}],"about":[{"href":"https:\/\/delego.hu\/zh\/wp-json\/wp\/v2\/types\/page"}],"author":[{"embeddable":true,"href":"https:\/\/delego.hu\/zh\/wp-json\/wp\/v2\/users\/1"}],"replies":[{"embeddable":true,"href":"https:\/\/delego.hu\/zh\/wp-json\/wp\/v2\/comments?post=283"}],"version-history":[{"count":28,"href":"https:\/\/delego.hu\/zh\/wp-json\/wp\/v2\/pages\/283\/revisions"}],"predecessor-version":[{"id":1753,"href":"https:\/\/delego.hu\/zh\/wp-json\/wp\/v2\/pages\/283\/revisions\/1753"}],"wp:attachment":[{"href":"https:\/\/delego.hu\/zh\/wp-json\/wp\/v2\/media?parent=283"}],"curies":[{"name":"wp","href":"https:\/\/api.w.org\/{rel}","templated":true}]}}