{"id":1531,"date":"2025-02-12T08:51:51","date_gmt":"2025-02-12T08:51:51","guid":{"rendered":"https:\/\/delego.hu\/?page_id=1531"},"modified":"2025-02-12T09:26:03","modified_gmt":"2025-02-12T09:26:03","slug":"berszamfejtes","status":"publish","type":"page","link":"https:\/\/delego.hu\/zh\/berszamfejtes\/","title":{"rendered":"\u5de5\u8d44\u5355"},"content":{"rendered":"<div data-elementor-type=\"wp-page\" data-elementor-id=\"1531\" class=\"elementor elementor-1531\" data-elementor-post-type=\"page\">\n\t\t\t\t<div class=\"elementor-element elementor-element-5c6cd9b e-flex e-con-boxed e-con e-parent\" data-id=\"5c6cd9b\" data-element_type=\"container\" data-e-type=\"container\">\n\t\t\t\t\t<div class=\"e-con-inner\">\n\t\t\t\t<div data-dce-text-color=\"#000000\" class=\"elementor-element elementor-element-8894e6e elementor-widget elementor-widget-text-editor\" data-id=\"8894e6e\" data-element_type=\"widget\" data-e-type=\"widget\" data-widget_type=\"text-editor.default\">\n\t\t\t\t<div class=\"elementor-widget-container\">\n\t\t\t\t\t\t\t\t\t<h4 style=\"font-weight: 400; text-align: center;\"><strong>B\u00e9rsz\u00e1mfejt\u00e9s outsourcing \u2013 Pontos, gyors \u00e9s megb\u00edzhat\u00f3 megold\u00e1s<\/strong><\/h4><p style=\"font-weight: 400;\">A b\u00e9rsz\u00e1mfejt\u00e9s id\u0151ig\u00e9nyes \u00e9s \u00f6sszetett feladat, amely folyamatosan v\u00e1ltoz\u00f3 jogszab\u00e1lyi k\u00f6rnyezetet k\u00f6vetel meg.\u00a0<\/p><p style=\"font-weight: 400;\" class=\"translation-block\"><strong>Teljes k\u00f6r\u0171 b\u00e9rsz\u00e1mfejt\u00e9si szolg\u00e1ltat\u00e1sunkkal<\/strong>&nbsp;levessz\u00fck ezt a terhet v\u00e1ll\u00e1r\u00f3l, hogy \u00d6n \u00e9s csapata a c\u00e9g fejl\u0151d\u00e9s\u00e9re \u00f6sszpontos\u00edthasson.<\/p>\t\t\t\t\t\t\t\t<\/div>\n\t\t\t\t<\/div>\n\t\t\t\t\t<\/div>\n\t\t\t\t<\/div>\n\t\t<div data-dce-background-image-url=\"http:\/\/delego.hu\/wp-content\/uploads\/2025\/02\/emberazelso.jpg\" class=\"elementor-element elementor-element-90c00ae e-flex e-con-boxed e-con e-parent\" data-id=\"90c00ae\" data-element_type=\"container\" data-e-type=\"container\" data-settings=\"{&quot;background_background&quot;:&quot;classic&quot;}\">\n\t\t\t\t\t<div class=\"e-con-inner\">\n\t\t<div class=\"elementor-element elementor-element-ca9aab8 e-con-full e-flex e-con e-child\" data-id=\"ca9aab8\" data-element_type=\"container\" data-e-type=\"container\">\n\t\t\t\t<div data-dce-title-color=\"#FFFFFF\" class=\"elementor-element elementor-element-0416c02 elementor-widget elementor-widget-heading\" data-id=\"0416c02\" data-element_type=\"widget\" data-e-type=\"widget\" data-widget_type=\"heading.default\">\n\t\t\t\t<div class=\"elementor-widget-container\">\n\t\t\t\t\t<h2 class=\"elementor-heading-title elementor-size-default\">\nSzolg\u00e1ltat\u00e1sunk el\u0151nyei:<\/h2>\t\t\t\t<\/div>\n\t\t\t\t<\/div>\n\t\t\t\t<div data-dce-text-color=\"#FFFFFF\" class=\"elementor-element elementor-element-f310454 elementor-widget elementor-widget-text-editor\" data-id=\"f310454\" data-element_type=\"widget\" data-e-type=\"widget\" data-widget_type=\"text-editor.default\">\n\t\t\t\t<div class=\"elementor-widget-container\">\n\t\t\t\t\t\t\t\t\t<div class=\"wpb_text_column wpb_content_element\"><div class=\"wpb_wrapper\"><ul type=\"disc\"><li class=\"m_8445591813561521866MsoListParagraph translation-block\"><b>Jogszab\u00e1lyk\u00f6vet\u0151 \u00e9s prec\u00edz b\u00e9rsz\u00e1mfejt\u00e9s<\/b>&nbsp;\u2013 Folyamatosan friss\u00edtj\u00fck tud\u00e1sunkat, hogy minden sz\u00e1mfejt\u00e9s a legfrissebb el\u0151\u00edr\u00e1sok szerint t\u00f6rt\u00e9njen.<u><\/u><u><\/u><\/li><li class=\"m_8445591813561521866MsoListParagraph translation-block\"><b>Id\u0151- \u00e9s k\u00f6lts\u00e9ghat\u00e9kony megold\u00e1s<\/b>&nbsp;\u2013 Nincs sz\u00fcks\u00e9g bels\u0151 b\u00e9rsz\u00e1mfejt\u0151 csapat fenntart\u00e1s\u00e1ra, cs\u00f6kkentve ezzel a HR-adminisztr\u00e1ci\u00f3 k\u00f6lts\u00e9geit<b>.<\/b><u><\/u><u><\/u><\/li><li class=\"m_8445591813561521866MsoListParagraph translation-block\"><b>Biztons\u00e1gos adatkezel\u00e9s<\/b>&nbsp;\u2013 Megb\u00edzhat\u00f3 rendszereink \u00e9s szak\u00e9rt\u0151i csapatunk garant\u00e1lja az \u00e9rz\u00e9keny adatok v\u00e9delm\u00e9t.<u><\/u><u><\/u><\/li><li class=\"m_8445591813561521866MsoListParagraph translation-block\"><b>Teljes k\u00f6r\u0171 \u00fcgyint\u00e9z\u00e9s<\/b>&nbsp;\u2013 A b\u00e9rsz\u00e1mfejt\u00e9s mellett seg\u00edt\u00fcnk a j\u00e1rul\u00e9kbevall\u00e1sok, NAV-adatszolg\u00e1ltat\u00e1sok \u00e9s egy\u00e9b adminisztr\u00e1ci\u00f3s feladatok elv\u00e9gz\u00e9s\u00e9ben is.<\/li><\/ul><\/div><\/div>\t\t\t\t\t\t\t\t<\/div>\n\t\t\t\t<\/div>\n\t\t\t\t<\/div>\n\t\t<div class=\"elementor-element elementor-element-b7e249b e-con-full e-flex e-con e-child\" data-id=\"b7e249b\" data-element_type=\"container\" data-e-type=\"container\">\n\t\t\t\t<\/div>\n\t\t\t\t\t<\/div>\n\t\t\t\t<\/div>\n\t\t<div class=\"elementor-element elementor-element-3642a66 e-flex e-con-boxed e-con e-parent\" data-id=\"3642a66\" data-element_type=\"container\" data-e-type=\"container\">\n\t\t\t\t\t<div class=\"e-con-inner\">\n\t\t\t\t<div data-dce-text-color=\"#000000\" class=\"elementor-element elementor-element-d6f6385 elementor-widget elementor-widget-text-editor\" data-id=\"d6f6385\" data-element_type=\"widget\" data-e-type=\"widget\" data-widget_type=\"text-editor.default\">\n\t\t\t\t<div class=\"elementor-widget-container\">\n\t\t\t\t\t\t\t\t\t<p>B\u00edzza r\u00e1nk a b\u00e9rsz\u00e1mfejt\u00e9st, \u00e9s \u00e9lvezze a kiszervez\u00e9s el\u0151nyeit!<\/p>\t\t\t\t\t\t\t\t<\/div>\n\t\t\t\t<\/div>\n\t\t\t\t<div data-dce-background-color=\"#61CE7000\" class=\"elementor-element elementor-element-89e5795 elementor-align-left elementor-widget elementor-widget-button\" data-id=\"89e5795\" data-element_type=\"widget\" data-e-type=\"widget\" data-widget_type=\"button.default\">\n\t\t\t\t<div class=\"elementor-widget-container\">\n\t\t\t\t\t\t\t\t\t<div class=\"elementor-button-wrapper\">\n\t\t\t\t\t<a class=\"elementor-button elementor-button-link elementor-size-sm\" href=\"https:\/\/delego.hu\/zh\/ajanlatkeres\/\">\n\t\t\t\t\t\t<span class=\"elementor-button-content-wrapper\">\n\t\t\t\t\t\t\t\t\t<span class=\"elementor-button-text\">\u54a8\u8be2\u62a5\u4ef7<\/span>\n\t\t\t\t\t<\/span>\n\t\t\t\t\t<\/a>\n\t\t\t\t<\/div>\n\t\t\t\t\t\t\t\t<\/div>\n\t\t\t\t<\/div>\n\t\t\t\t\t<\/div>\n\t\t\t\t<\/div>\n\t\t\t\t<\/div>","protected":false},"excerpt":{"rendered":"<p>B\u00e9rsz\u00e1mfejt\u00e9s outsourcing \u2013 Pontos, gyors \u00e9s megb\u00edzhat\u00f3 megold\u00e1s A b\u00e9rsz\u00e1mfejt\u00e9s id\u0151ig\u00e9nyes \u00e9s \u00f6sszetett feladat, amely folyamatosan v\u00e1ltoz\u00f3 jogszab\u00e1lyi k\u00f6rnyezetet k\u00f6vetel meg.\u00a0 Teljes k\u00f6r\u0171 b\u00e9rsz\u00e1mfejt\u00e9si szolg\u00e1ltat\u00e1sunkkal\u00a0levessz\u00fck ezt a terhet v\u00e1ll\u00e1r\u00f3l, hogy \u00d6n \u00e9s csapata a c\u00e9g fejl\u0151d\u00e9s\u00e9re \u00f6sszpontos\u00edthasson. Szolg\u00e1ltat\u00e1sunk el\u0151nyei: Jogszab\u00e1lyk\u00f6vet\u0151 \u00e9s prec\u00edz b\u00e9rsz\u00e1mfejt\u00e9s\u00a0\u2013 Folyamatosan friss\u00edtj\u00fck tud\u00e1sunkat, hogy minden sz\u00e1mfejt\u00e9s a legfrissebb el\u0151\u00edr\u00e1sok szerint t\u00f6rt\u00e9njen. Id\u0151- [&hellip;]<\/p>","protected":false},"author":1,"featured_media":0,"parent":0,"menu_order":0,"comment_status":"closed","ping_status":"closed","template":"","meta":{"_acf_changed":false,"footnotes":""},"class_list":["post-1531","page","type-page","status-publish","hentry"],"acf":[],"yoast_head":"<!-- This site is optimized with the Yoast SEO plugin v25.3 - https:\/\/yoast.com\/wordpress\/plugins\/seo\/ -->\n<title>B\u00e9rsz\u00e1mfejt\u00e9s - Delego<\/title>\n<meta name=\"robots\" content=\"index, follow, max-snippet:-1, max-image-preview:large, max-video-preview:-1\" \/>\n<link rel=\"canonical\" href=\"https:\/\/delego.hu\/zh\/berszamfejtes\/\" \/>\n<meta property=\"og:locale\" content=\"zh_CN\" \/>\n<meta property=\"og:type\" content=\"article\" \/>\n<meta property=\"og:title\" content=\"B\u00e9rsz\u00e1mfejt\u00e9s - Delego\" \/>\n<meta property=\"og:description\" content=\"B\u00e9rsz\u00e1mfejt\u00e9s outsourcing \u2013 Pontos, gyors \u00e9s megb\u00edzhat\u00f3 megold\u00e1s A b\u00e9rsz\u00e1mfejt\u00e9s id\u0151ig\u00e9nyes \u00e9s \u00f6sszetett feladat, amely folyamatosan v\u00e1ltoz\u00f3 jogszab\u00e1lyi k\u00f6rnyezetet k\u00f6vetel meg.\u00a0 Teljes k\u00f6r\u0171 b\u00e9rsz\u00e1mfejt\u00e9si szolg\u00e1ltat\u00e1sunkkal\u00a0levessz\u00fck ezt a terhet v\u00e1ll\u00e1r\u00f3l, hogy \u00d6n \u00e9s csapata a c\u00e9g fejl\u0151d\u00e9s\u00e9re \u00f6sszpontos\u00edthasson. Szolg\u00e1ltat\u00e1sunk el\u0151nyei: Jogszab\u00e1lyk\u00f6vet\u0151 \u00e9s prec\u00edz b\u00e9rsz\u00e1mfejt\u00e9s\u00a0\u2013 Folyamatosan friss\u00edtj\u00fck tud\u00e1sunkat, hogy minden sz\u00e1mfejt\u00e9s a legfrissebb el\u0151\u00edr\u00e1sok szerint t\u00f6rt\u00e9njen. Id\u0151- [&hellip;]\" \/>\n<meta property=\"og:url\" content=\"https:\/\/delego.hu\/zh\/berszamfejtes\/\" \/>\n<meta property=\"og:site_name\" content=\"Delego\" \/>\n<meta property=\"article:modified_time\" content=\"2025-02-12T09:26:03+00:00\" \/>\n<meta name=\"twitter:card\" content=\"summary_large_image\" \/>\n<meta name=\"twitter:label1\" content=\"\u9884\u8ba1\u9605\u8bfb\u65f6\u95f4\" \/>\n\t<meta name=\"twitter:data1\" content=\"1 \u5206\" \/>\n<script type=\"application\/ld+json\" class=\"yoast-schema-graph\">{\"@context\":\"https:\/\/schema.org\",\"@graph\":[{\"@type\":\"WebPage\",\"@id\":\"https:\/\/delego.hu\/en\/berszamfejtes\/\",\"url\":\"https:\/\/delego.hu\/en\/berszamfejtes\/\",\"name\":\"B\u00e9rsz\u00e1mfejt\u00e9s - Delego\",\"isPartOf\":{\"@id\":\"https:\/\/delego.hu\/ru\/#website\"},\"datePublished\":\"2025-02-12T08:51:51+00:00\",\"dateModified\":\"2025-02-12T09:26:03+00:00\",\"breadcrumb\":{\"@id\":\"https:\/\/delego.hu\/en\/berszamfejtes\/#breadcrumb\"},\"inLanguage\":\"zh-Hans\",\"potentialAction\":[{\"@type\":\"ReadAction\",\"target\":[\"https:\/\/delego.hu\/en\/berszamfejtes\/\"]}]},{\"@type\":\"BreadcrumbList\",\"@id\":\"https:\/\/delego.hu\/en\/berszamfejtes\/#breadcrumb\",\"itemListElement\":[{\"@type\":\"ListItem\",\"position\":1,\"name\":\"Kezd\u0151lap\",\"item\":\"https:\/\/delego.hu\/hu\/\"},{\"@type\":\"ListItem\",\"position\":2,\"name\":\"B\u00e9rsz\u00e1mfejt\u00e9s\"}]},{\"@type\":\"WebSite\",\"@id\":\"https:\/\/delego.hu\/ru\/#website\",\"url\":\"https:\/\/delego.hu\/ru\/\",\"name\":\"Delego\",\"description\":\"\",\"publisher\":{\"@id\":\"https:\/\/delego.hu\/ru\/#organization\"},\"potentialAction\":[{\"@type\":\"SearchAction\",\"target\":{\"@type\":\"EntryPoint\",\"urlTemplate\":\"https:\/\/delego.hu\/ru\/?s={search_term_string}\"},\"query-input\":{\"@type\":\"PropertyValueSpecification\",\"valueRequired\":true,\"valueName\":\"search_term_string\"}}],\"inLanguage\":\"zh-Hans\"},{\"@type\":\"Organization\",\"@id\":\"https:\/\/delego.hu\/ru\/#organization\",\"name\":\"Delego\",\"url\":\"https:\/\/delego.hu\/ru\/\",\"logo\":{\"@type\":\"ImageObject\",\"inLanguage\":\"zh-Hans\",\"@id\":\"https:\/\/delego.hu\/ru\/#\/schema\/logo\/image\/\",\"url\":\"https:\/\/delego.hu\/wp-content\/uploads\/2024\/07\/logodelego.png\",\"contentUrl\":\"https:\/\/delego.hu\/wp-content\/uploads\/2024\/07\/logodelego.png\",\"width\":117,\"height\":50,\"caption\":\"Delego\"},\"image\":{\"@id\":\"https:\/\/delego.hu\/ru\/#\/schema\/logo\/image\/\"}}]}<\/script>\n<!-- \/ Yoast SEO plugin. -->","yoast_head_json":{"title":"B\u00e9rsz\u00e1mfejt\u00e9s - Delego","robots":{"index":"index","follow":"follow","max-snippet":"max-snippet:-1","max-image-preview":"max-image-preview:large","max-video-preview":"max-video-preview:-1"},"canonical":"https:\/\/delego.hu\/zh\/berszamfejtes\/","og_locale":"zh_CN","og_type":"article","og_title":"B\u00e9rsz\u00e1mfejt\u00e9s - Delego","og_description":"B\u00e9rsz\u00e1mfejt\u00e9s outsourcing \u2013 Pontos, gyors \u00e9s megb\u00edzhat\u00f3 megold\u00e1s A b\u00e9rsz\u00e1mfejt\u00e9s id\u0151ig\u00e9nyes \u00e9s \u00f6sszetett feladat, amely folyamatosan v\u00e1ltoz\u00f3 jogszab\u00e1lyi k\u00f6rnyezetet k\u00f6vetel meg.\u00a0 Teljes k\u00f6r\u0171 b\u00e9rsz\u00e1mfejt\u00e9si szolg\u00e1ltat\u00e1sunkkal\u00a0levessz\u00fck ezt a terhet v\u00e1ll\u00e1r\u00f3l, hogy \u00d6n \u00e9s csapata a c\u00e9g fejl\u0151d\u00e9s\u00e9re \u00f6sszpontos\u00edthasson. Szolg\u00e1ltat\u00e1sunk el\u0151nyei: Jogszab\u00e1lyk\u00f6vet\u0151 \u00e9s prec\u00edz b\u00e9rsz\u00e1mfejt\u00e9s\u00a0\u2013 Folyamatosan friss\u00edtj\u00fck tud\u00e1sunkat, hogy minden sz\u00e1mfejt\u00e9s a legfrissebb el\u0151\u00edr\u00e1sok szerint t\u00f6rt\u00e9njen. Id\u0151- [&hellip;]","og_url":"https:\/\/delego.hu\/zh\/berszamfejtes\/","og_site_name":"Delego","article_modified_time":"2025-02-12T09:26:03+00:00","twitter_card":"summary_large_image","twitter_misc":{"\u9884\u8ba1\u9605\u8bfb\u65f6\u95f4":"1 \u5206"},"schema":{"@context":"https:\/\/schema.org","@graph":[{"@type":"WebPage","@id":"https:\/\/delego.hu\/en\/berszamfejtes\/","url":"https:\/\/delego.hu\/en\/berszamfejtes\/","name":"B\u00e9rsz\u00e1mfejt\u00e9s - Delego","isPartOf":{"@id":"https:\/\/delego.hu\/ru\/#website"},"datePublished":"2025-02-12T08:51:51+00:00","dateModified":"2025-02-12T09:26:03+00:00","breadcrumb":{"@id":"https:\/\/delego.hu\/en\/berszamfejtes\/#breadcrumb"},"inLanguage":"zh-Hans","potentialAction":[{"@type":"ReadAction","target":["https:\/\/delego.hu\/en\/berszamfejtes\/"]}]},{"@type":"BreadcrumbList","@id":"https:\/\/delego.hu\/en\/berszamfejtes\/#breadcrumb","itemListElement":[{"@type":"ListItem","position":1,"name":"Kezd\u0151lap","item":"https:\/\/delego.hu\/hu\/"},{"@type":"ListItem","position":2,"name":"B\u00e9rsz\u00e1mfejt\u00e9s"}]},{"@type":"WebSite","@id":"https:\/\/delego.hu\/ru\/#website","url":"https:\/\/delego.hu\/ru\/","name":"Delego","description":"","publisher":{"@id":"https:\/\/delego.hu\/ru\/#organization"},"potentialAction":[{"@type":"SearchAction","target":{"@type":"EntryPoint","urlTemplate":"https:\/\/delego.hu\/ru\/?s={search_term_string}"},"query-input":{"@type":"PropertyValueSpecification","valueRequired":true,"valueName":"search_term_string"}}],"inLanguage":"zh-Hans"},{"@type":"Organization","@id":"https:\/\/delego.hu\/ru\/#organization","name":"Delego","url":"https:\/\/delego.hu\/ru\/","logo":{"@type":"ImageObject","inLanguage":"zh-Hans","@id":"https:\/\/delego.hu\/ru\/#\/schema\/logo\/image\/","url":"https:\/\/delego.hu\/wp-content\/uploads\/2024\/07\/logodelego.png","contentUrl":"https:\/\/delego.hu\/wp-content\/uploads\/2024\/07\/logodelego.png","width":117,"height":50,"caption":"Delego"},"image":{"@id":"https:\/\/delego.hu\/ru\/#\/schema\/logo\/image\/"}}]}},"_links":{"self":[{"href":"https:\/\/delego.hu\/zh\/wp-json\/wp\/v2\/pages\/1531","targetHints":{"allow":["GET"]}}],"collection":[{"href":"https:\/\/delego.hu\/zh\/wp-json\/wp\/v2\/pages"}],"about":[{"href":"https:\/\/delego.hu\/zh\/wp-json\/wp\/v2\/types\/page"}],"author":[{"embeddable":true,"href":"https:\/\/delego.hu\/zh\/wp-json\/wp\/v2\/users\/1"}],"replies":[{"embeddable":true,"href":"https:\/\/delego.hu\/zh\/wp-json\/wp\/v2\/comments?post=1531"}],"version-history":[{"count":10,"href":"https:\/\/delego.hu\/zh\/wp-json\/wp\/v2\/pages\/1531\/revisions"}],"predecessor-version":[{"id":1562,"href":"https:\/\/delego.hu\/zh\/wp-json\/wp\/v2\/pages\/1531\/revisions\/1562"}],"wp:attachment":[{"href":"https:\/\/delego.hu\/zh\/wp-json\/wp\/v2\/media?parent=1531"}],"curies":[{"name":"wp","href":"https:\/\/api.w.org\/{rel}","templated":true}]}}