{"id":153,"date":"2024-07-12T07:46:46","date_gmt":"2024-07-12T07:46:46","guid":{"rendered":"https:\/\/delego.hu\/?page_id=153"},"modified":"2024-07-12T07:55:45","modified_gmt":"2024-07-12T07:55:45","slug":"versenyjogi-megfeleles","status":"publish","type":"page","link":"https:\/\/delego.hu\/zh\/versenyjogi-megfeleles\/","title":{"rendered":"\u793e\u533a\u7ade\u4e89\u6cd5"},"content":{"rendered":"<div data-elementor-type=\"wp-page\" data-elementor-id=\"153\" class=\"elementor elementor-153\" data-elementor-post-type=\"page\">\n\t\t\t\t<div class=\"elementor-element elementor-element-8892669 e-flex e-con-boxed e-con e-parent\" data-id=\"8892669\" data-element_type=\"container\" data-e-type=\"container\">\n\t\t\t\t\t<div class=\"e-con-inner\">\n\t\t<div class=\"elementor-element elementor-element-bdb9551 e-con-full e-flex e-con e-child\" data-id=\"bdb9551\" data-element_type=\"container\" data-e-type=\"container\">\n\t\t\t\t<div data-dce-title-color=\"#000000\" class=\"elementor-element elementor-element-0a1d298 elementor-widget elementor-widget-heading\" data-id=\"0a1d298\" data-element_type=\"widget\" data-e-type=\"widget\" data-widget_type=\"heading.default\">\n\t\t\t\t<div class=\"elementor-widget-container\">\n\t\t\t\t\t<h2 class=\"elementor-heading-title elementor-size-default\">\u793e\u533a\u7ade\u4e89\u6cd5\uff08\u5408\u89c4\u653f\u7b56\uff09<\/h2>\t\t\t\t<\/div>\n\t\t\t\t<\/div>\n\t\t\t\t<div data-dce-text-color=\"#000000\" class=\"elementor-element elementor-element-c5d5e2e elementor-widget elementor-widget-text-editor\" data-id=\"c5d5e2e\" data-element_type=\"widget\" data-e-type=\"widget\" data-widget_type=\"text-editor.default\">\n\t\t\t\t<div class=\"elementor-widget-container\">\n\t\t\t\t\t\t\t\t\t<p>Delego \u52aa\u529b\u9075\u5b88\u9002\u7528\u7ade\u4e89\u6cd5\u7684\u89c4\u5b9a\u3002\u6211\u4eec\u516c\u53f8\u6709\u4e00\u4e2a\u7531\u5f8b\u5e08\u7ba1\u7406\u548c\u76d1\u7763\u7684\u590d\u6742\u7684\u5408\u89c4\u8ba1\u5212\uff0c\u5176\u4e2d\u5305\u62ec\u5b9a\u671f\u5bf9\u5f00\u5c55\u7ade\u4e89\u6cd5\u5458\u5de5\u57f9\u8bad\uff0c\u5e76\u68c0\u9a8c\u5458\u5de5\u5728\u57f9\u8bad\u4e2d\u638c\u63e1\u7684\u77e5\u8bc6\u3002\u6211\u4eec\u8fd8\u4ee5\u7ba1\u7406\u6307\u5357\u7684\u5f62\u5f0f\u5f15\u5165\u4e86\u4e00\u7cfb\u5217\u5173\u4e8e\u7ade\u4e89\u6cd5\u7ec6\u8282\u7684\u8981\u6c42\uff0c\u6211\u4eec\u4e25\u683c\u8981\u6c42\u6211\u4eec\u7684\u5458\u5de5\u9075\u5b88\u8fd9\u4e9b\u8981\u6c42\uff0c\u5e76\u5c06\u8fd9\u4e9b\u8981\u6c42\u4f5c\u4e3a\u6211\u4eec\u6838\u5fc3\u4efb\u52a1\u548c\u76ee\u6807\u7684\u4e00\u90e8\u5206\u6301\u7eed\u76d1\u63a7\uff0c\u4ee5\u786e\u4fdd\u9075\u5b88\u65b0\u7684\u7ade\u4e89\u6cd5\u8981\u6c42\u3002\u6bcf\u5e74\u91cd\u590d\u5f00\u5c55\u4e00\u6b21\u5b9a\u671f\u57f9\u8bad\u8bfe\u7a0b\uff0c\u65b0\u5458\u5de5\u5fc5\u987b\u53c2\u52a0\u3002<u><\/u><u><\/u><\/p><p>\u6211\u4eec\u81f4\u529b\u4e8e\u9075\u5b88\u6cd5\u5f8b\uff0c\u6211\u4eec\u671f\u671b\u6211\u4eec\u7684\u5458\u5de5\u505a\u51fa\u540c\u6837\u7684\u627f\u8bfa\u3002<\/p>\t\t\t\t\t\t\t\t<\/div>\n\t\t\t\t<\/div>\n\t\t\t\t<\/div>\n\t\t\t\t\t<\/div>\n\t\t\t\t<\/div>\n\t\t\t\t<\/div>","protected":false},"excerpt":{"rendered":"<p>VERSENYJOGI MEGFELEL\u00c9S (COMPLIANCE POLICY) A Delego mindent megtesz annak \u00e9rdek\u00e9ben, hogy a hat\u00e1lyos versenyjog szab\u00e1lyainak keretei k\u00f6z\u00f6tt m\u0171k\u00f6dj\u00f6n. T\u00e1rsas\u00e1gunkn\u00e1l olyan jog\u00e1szok \u00e1ltal ir\u00e1ny\u00edtott \u00e9s ellen\u0151rz\u00f6tt komplex megfelel\u00e9si program van alkalmaz\u00e1sban, amely mag\u00e1ban foglalja munkav\u00e1llal\u00f3ink rendszeres versenyjogi k\u00e9pz\u00e9s\u00e9t \u00e9s a k\u00e9pz\u00e9sen szerzett tud\u00e1sanyag vizsg\u00e1val val\u00f3 ellen\u0151rz\u00e9s\u00e9t. Tov\u00e1bb\u00e1 \u00fcgyvezet\u0151i utas\u00edt\u00e1s form\u00e1j\u00e1ban a versenyjog r\u00e9szleteire kiterjed\u0151 k\u00f6vetelm\u00e9nyrendszert l\u00e9ptett\u00fcnk [&hellip;]<\/p>","protected":false},"author":1,"featured_media":0,"parent":0,"menu_order":0,"comment_status":"closed","ping_status":"closed","template":"","meta":{"_acf_changed":false,"footnotes":""},"class_list":["post-153","page","type-page","status-publish","hentry"],"acf":[],"yoast_head":"<!-- This site is optimized with the Yoast SEO plugin v25.3 - https:\/\/yoast.com\/wordpress\/plugins\/seo\/ -->\n<title>Versenyjogi megfelel\u00e9s - Delego<\/title>\n<meta name=\"robots\" content=\"index, follow, max-snippet:-1, max-image-preview:large, max-video-preview:-1\" \/>\n<link rel=\"canonical\" href=\"https:\/\/delego.hu\/zh\/versenyjogi-megfeleles\/\" \/>\n<meta property=\"og:locale\" content=\"zh_CN\" \/>\n<meta property=\"og:type\" content=\"article\" \/>\n<meta property=\"og:title\" content=\"Versenyjogi megfelel\u00e9s - Delego\" \/>\n<meta property=\"og:description\" content=\"VERSENYJOGI MEGFELEL\u00c9S (COMPLIANCE POLICY) A Delego mindent megtesz annak \u00e9rdek\u00e9ben, hogy a hat\u00e1lyos versenyjog szab\u00e1lyainak keretei k\u00f6z\u00f6tt m\u0171k\u00f6dj\u00f6n. T\u00e1rsas\u00e1gunkn\u00e1l olyan jog\u00e1szok \u00e1ltal ir\u00e1ny\u00edtott \u00e9s ellen\u0151rz\u00f6tt komplex megfelel\u00e9si program van alkalmaz\u00e1sban, amely mag\u00e1ban foglalja munkav\u00e1llal\u00f3ink rendszeres versenyjogi k\u00e9pz\u00e9s\u00e9t \u00e9s a k\u00e9pz\u00e9sen szerzett tud\u00e1sanyag vizsg\u00e1val val\u00f3 ellen\u0151rz\u00e9s\u00e9t. Tov\u00e1bb\u00e1 \u00fcgyvezet\u0151i utas\u00edt\u00e1s form\u00e1j\u00e1ban a versenyjog r\u00e9szleteire kiterjed\u0151 k\u00f6vetelm\u00e9nyrendszert l\u00e9ptett\u00fcnk [&hellip;]\" \/>\n<meta property=\"og:url\" content=\"https:\/\/delego.hu\/zh\/versenyjogi-megfeleles\/\" \/>\n<meta property=\"og:site_name\" content=\"Delego\" \/>\n<meta property=\"article:modified_time\" content=\"2024-07-12T07:55:45+00:00\" \/>\n<meta name=\"twitter:card\" content=\"summary_large_image\" \/>\n<meta name=\"twitter:label1\" content=\"\u9884\u8ba1\u9605\u8bfb\u65f6\u95f4\" \/>\n\t<meta name=\"twitter:data1\" content=\"1 \u5206\" \/>\n<script type=\"application\/ld+json\" class=\"yoast-schema-graph\">{\"@context\":\"https:\/\/schema.org\",\"@graph\":[{\"@type\":\"WebPage\",\"@id\":\"https:\/\/delego.hu\/hu\/versenyjogi-megfeleles\/\",\"url\":\"https:\/\/delego.hu\/hu\/versenyjogi-megfeleles\/\",\"name\":\"Versenyjogi megfelel\u00e9s - Delego\",\"isPartOf\":{\"@id\":\"https:\/\/delego.hu\/ru\/#website\"},\"datePublished\":\"2024-07-12T07:46:46+00:00\",\"dateModified\":\"2024-07-12T07:55:45+00:00\",\"breadcrumb\":{\"@id\":\"https:\/\/delego.hu\/hu\/versenyjogi-megfeleles\/#breadcrumb\"},\"inLanguage\":\"zh-Hans\",\"potentialAction\":[{\"@type\":\"ReadAction\",\"target\":[\"https:\/\/delego.hu\/hu\/versenyjogi-megfeleles\/\"]}]},{\"@type\":\"BreadcrumbList\",\"@id\":\"https:\/\/delego.hu\/hu\/versenyjogi-megfeleles\/#breadcrumb\",\"itemListElement\":[{\"@type\":\"ListItem\",\"position\":1,\"name\":\"Kezd\u0151lap\",\"item\":\"https:\/\/delego.hu\/hu\/\"},{\"@type\":\"ListItem\",\"position\":2,\"name\":\"Versenyjogi megfelel\u00e9s\"}]},{\"@type\":\"WebSite\",\"@id\":\"https:\/\/delego.hu\/ru\/#website\",\"url\":\"https:\/\/delego.hu\/ru\/\",\"name\":\"Delego\",\"description\":\"\",\"publisher\":{\"@id\":\"https:\/\/delego.hu\/ru\/#organization\"},\"potentialAction\":[{\"@type\":\"SearchAction\",\"target\":{\"@type\":\"EntryPoint\",\"urlTemplate\":\"https:\/\/delego.hu\/ru\/?s={search_term_string}\"},\"query-input\":{\"@type\":\"PropertyValueSpecification\",\"valueRequired\":true,\"valueName\":\"search_term_string\"}}],\"inLanguage\":\"zh-Hans\"},{\"@type\":\"Organization\",\"@id\":\"https:\/\/delego.hu\/ru\/#organization\",\"name\":\"Delego\",\"url\":\"https:\/\/delego.hu\/ru\/\",\"logo\":{\"@type\":\"ImageObject\",\"inLanguage\":\"zh-Hans\",\"@id\":\"https:\/\/delego.hu\/ru\/#\/schema\/logo\/image\/\",\"url\":\"https:\/\/delego.hu\/wp-content\/uploads\/2024\/07\/logodelego.png\",\"contentUrl\":\"https:\/\/delego.hu\/wp-content\/uploads\/2024\/07\/logodelego.png\",\"width\":117,\"height\":50,\"caption\":\"Delego\"},\"image\":{\"@id\":\"https:\/\/delego.hu\/ru\/#\/schema\/logo\/image\/\"}}]}<\/script>\n<!-- \/ Yoast SEO plugin. -->","yoast_head_json":{"title":"Versenyjogi megfelel\u00e9s - Delego","robots":{"index":"index","follow":"follow","max-snippet":"max-snippet:-1","max-image-preview":"max-image-preview:large","max-video-preview":"max-video-preview:-1"},"canonical":"https:\/\/delego.hu\/zh\/versenyjogi-megfeleles\/","og_locale":"zh_CN","og_type":"article","og_title":"Versenyjogi megfelel\u00e9s - Delego","og_description":"VERSENYJOGI MEGFELEL\u00c9S (COMPLIANCE POLICY) A Delego mindent megtesz annak \u00e9rdek\u00e9ben, hogy a hat\u00e1lyos versenyjog szab\u00e1lyainak keretei k\u00f6z\u00f6tt m\u0171k\u00f6dj\u00f6n. T\u00e1rsas\u00e1gunkn\u00e1l olyan jog\u00e1szok \u00e1ltal ir\u00e1ny\u00edtott \u00e9s ellen\u0151rz\u00f6tt komplex megfelel\u00e9si program van alkalmaz\u00e1sban, amely mag\u00e1ban foglalja munkav\u00e1llal\u00f3ink rendszeres versenyjogi k\u00e9pz\u00e9s\u00e9t \u00e9s a k\u00e9pz\u00e9sen szerzett tud\u00e1sanyag vizsg\u00e1val val\u00f3 ellen\u0151rz\u00e9s\u00e9t. Tov\u00e1bb\u00e1 \u00fcgyvezet\u0151i utas\u00edt\u00e1s form\u00e1j\u00e1ban a versenyjog r\u00e9szleteire kiterjed\u0151 k\u00f6vetelm\u00e9nyrendszert l\u00e9ptett\u00fcnk [&hellip;]","og_url":"https:\/\/delego.hu\/zh\/versenyjogi-megfeleles\/","og_site_name":"Delego","article_modified_time":"2024-07-12T07:55:45+00:00","twitter_card":"summary_large_image","twitter_misc":{"\u9884\u8ba1\u9605\u8bfb\u65f6\u95f4":"1 \u5206"},"schema":{"@context":"https:\/\/schema.org","@graph":[{"@type":"WebPage","@id":"https:\/\/delego.hu\/hu\/versenyjogi-megfeleles\/","url":"https:\/\/delego.hu\/hu\/versenyjogi-megfeleles\/","name":"Versenyjogi megfelel\u00e9s - Delego","isPartOf":{"@id":"https:\/\/delego.hu\/ru\/#website"},"datePublished":"2024-07-12T07:46:46+00:00","dateModified":"2024-07-12T07:55:45+00:00","breadcrumb":{"@id":"https:\/\/delego.hu\/hu\/versenyjogi-megfeleles\/#breadcrumb"},"inLanguage":"zh-Hans","potentialAction":[{"@type":"ReadAction","target":["https:\/\/delego.hu\/hu\/versenyjogi-megfeleles\/"]}]},{"@type":"BreadcrumbList","@id":"https:\/\/delego.hu\/hu\/versenyjogi-megfeleles\/#breadcrumb","itemListElement":[{"@type":"ListItem","position":1,"name":"Kezd\u0151lap","item":"https:\/\/delego.hu\/hu\/"},{"@type":"ListItem","position":2,"name":"Versenyjogi megfelel\u00e9s"}]},{"@type":"WebSite","@id":"https:\/\/delego.hu\/ru\/#website","url":"https:\/\/delego.hu\/ru\/","name":"Delego","description":"","publisher":{"@id":"https:\/\/delego.hu\/ru\/#organization"},"potentialAction":[{"@type":"SearchAction","target":{"@type":"EntryPoint","urlTemplate":"https:\/\/delego.hu\/ru\/?s={search_term_string}"},"query-input":{"@type":"PropertyValueSpecification","valueRequired":true,"valueName":"search_term_string"}}],"inLanguage":"zh-Hans"},{"@type":"Organization","@id":"https:\/\/delego.hu\/ru\/#organization","name":"Delego","url":"https:\/\/delego.hu\/ru\/","logo":{"@type":"ImageObject","inLanguage":"zh-Hans","@id":"https:\/\/delego.hu\/ru\/#\/schema\/logo\/image\/","url":"https:\/\/delego.hu\/wp-content\/uploads\/2024\/07\/logodelego.png","contentUrl":"https:\/\/delego.hu\/wp-content\/uploads\/2024\/07\/logodelego.png","width":117,"height":50,"caption":"Delego"},"image":{"@id":"https:\/\/delego.hu\/ru\/#\/schema\/logo\/image\/"}}]}},"_links":{"self":[{"href":"https:\/\/delego.hu\/zh\/wp-json\/wp\/v2\/pages\/153","targetHints":{"allow":["GET"]}}],"collection":[{"href":"https:\/\/delego.hu\/zh\/wp-json\/wp\/v2\/pages"}],"about":[{"href":"https:\/\/delego.hu\/zh\/wp-json\/wp\/v2\/types\/page"}],"author":[{"embeddable":true,"href":"https:\/\/delego.hu\/zh\/wp-json\/wp\/v2\/users\/1"}],"replies":[{"embeddable":true,"href":"https:\/\/delego.hu\/zh\/wp-json\/wp\/v2\/comments?post=153"}],"version-history":[{"count":4,"href":"https:\/\/delego.hu\/zh\/wp-json\/wp\/v2\/pages\/153\/revisions"}],"predecessor-version":[{"id":169,"href":"https:\/\/delego.hu\/zh\/wp-json\/wp\/v2\/pages\/153\/revisions\/169"}],"wp:attachment":[{"href":"https:\/\/delego.hu\/zh\/wp-json\/wp\/v2\/media?parent=153"}],"curies":[{"name":"wp","href":"https:\/\/api.w.org\/{rel}","templated":true}]}}