{"id":1067,"date":"2024-08-22T09:18:32","date_gmt":"2024-08-22T09:18:32","guid":{"rendered":"https:\/\/delego.hu\/?page_id=1067"},"modified":"2025-04-01T09:45:53","modified_gmt":"2025-04-01T09:45:53","slug":"europai-unios-tamogatasok","status":"publish","type":"page","link":"https:\/\/delego.hu\/zh\/europai-unios-tamogatasok\/","title":{"rendered":"Eur\u00f3pai Uni\u00f3s t\u00e1mogat\u00e1sok"},"content":{"rendered":"<div data-elementor-type=\"wp-page\" data-elementor-id=\"1067\" class=\"elementor elementor-1067\" data-elementor-post-type=\"page\">\n\t\t\t\t<div class=\"elementor-element elementor-element-2a5d396 e-flex e-con-boxed e-con e-parent\" data-id=\"2a5d396\" data-element_type=\"container\" data-e-type=\"container\">\n\t\t\t\t\t<div class=\"e-con-inner\">\n\t\t\t\t<div data-dce-text-color=\"#000000\" class=\"elementor-element elementor-element-6875d73 elementor-widget elementor-widget-text-editor\" data-id=\"6875d73\" data-element_type=\"widget\" data-e-type=\"widget\" data-widget_type=\"text-editor.default\">\n\t\t\t\t<div class=\"elementor-widget-container\">\n\t\t\t\t\t\t\t\t\t<div class=\"section\"><strong>Projekt c\u00edme:<\/strong>&nbsp;\u201eA munkav\u00e1llal\u00f3k \u00e9s v\u00e1llalatok alkalmazkod\u00f3k\u00e9pess\u00e9g\u00e9nek \u00e9s termel\u00e9kenys\u00e9g\u00e9nek jav\u00edt\u00e1sa a munkaer\u0151 fejleszt\u00e9s\u00e9n kereszt\u00fcl\u201d<\/div>\n<div class=\"section\"><strong>Projekt azonos\u00edt\u00f3sz\u00e1m:<\/strong>&nbsp;GINOP_Plusz \u2013 3.2.1-21<\/div>\n<div class=\"section\"><strong>P\u00e1ly\u00e1z\u00f3:<\/strong>&nbsp;<a href=\"https:\/\/delego.hu\/zh\/bemutatkozas\/\" target=\"_blank\" rel=\"noopener\">Delego Szem\u00e9lyzeti Szolg\u00e1ltat\u00f3 Kft.<\/a>&nbsp;(sz\u00e9kely:&nbsp;<strong>2161 Csom\u00e1d, Csereszny\u00e9s utca 1\/A<\/strong>., ad\u00f3sz\u00e1m: 23869354-2-13)<\/div>\n<div class=\"section\">\n<p><strong>Szerz\u0151d\u00f6tt t\u00e1mogat\u00e1s \u00f6sszege:<\/strong>&nbsp;11.960.000 Ft<\/p>\n<p><strong>A projekt kezd\u00e9si d\u00e1tuma:<\/strong>&nbsp;2024. \u00e9v 07. h\u00f3 04. nap<\/p>\n<\/div>\n<div class=\"section\">&nbsp;<\/div>\n<div class=\"section underline\" style=\"font-size: 40;\">\n<p><strong>A projekt keretein bel\u00fcl megval\u00f3sul\u00f3 k\u00e9pz\u00e9sek tartalm\u00e1nak bemutat\u00e1sa \u00e9s c\u00e9lja:<\/strong><\/p>\n<p><\/p>\n<\/div>\n<div class=\"section\">\n<hr>\n<p><strong>&nbsp;<\/strong><\/p>\n<\/div>\n<div class=\"section\">\n<p><strong>Kommunik\u00e1ci\u00f3, stressz-\u00e9s konfliktuskezel\u00e9s fejleszt\u00e9se:<\/strong><\/p>\n<p>Kommunik\u00e1ci\u00f3s m\u00f3dszerek \u00e9s technik\u00e1k alkalmaz\u00e1s\u00e1val el\u0151seg\u00edtse a hat\u00e9kony munkav\u00e9gz\u00e9st. Az \u00f6nismeret m\u00e9ly\u00edt\u00e9s\u00e9vel, valamint a gyakorlati tapasztalatok rendszerbe foglal\u00e1s\u00e1val, felsz\u00ednre hoz\u00e1s\u00e1val, az \u00e9rintettek szakmai \u2013 \u00e9s munkamotiv\u00e1ci\u00f3ja, szem\u00e9lyis\u00e9g\u00fck \u00e9s k\u00e9pess\u00e9geik fejl\u0151djenek. Olyan m\u00f3dszerek, technik\u00e1k elsaj\u00e1t\u00edt\u00e1sa, amelyek alkalmaz\u00e1s\u00e1val a probl\u00e9m\u00e1k kezel\u00e9se egyszer\u0171bb\u00e9 v\u00e1lhat, valamint elker\u00fclhet\u0151k legyenek a konfliktusok, a stressz-csapd\u00e1k.<\/p>\n<\/div>\n<div class=\"section\">\n<p><strong><em><br>K\u00e9pz\u00e9s tervezett kezd\u00e9si \u00e9s befejez\u00e9si d\u00e1tuma:<\/em><\/strong>&nbsp; 2024.11.14.&nbsp; <strong>&#8211;<\/strong>&nbsp; 2025.02.04.<\/p>\n<\/div>\n<hr>\n<div class=\"section\"><strong>&nbsp;<\/strong><\/div>\n<div class=\"section\"><strong>Munkav\u00e1llal\u00f3 kulcskompetenci\u00e1k fejleszt\u00e9se:<\/strong><\/div>\n<div class=\"section\">A k\u00e9pz\u00e9sben r\u00e9sztvev\u0151 kulcskompetenci\u00e1inak kialak\u00edt\u00e1s\u00e1val, ill. szinten-tart\u00e1s\u00e1val, m\u00e9ly\u00edt\u00e9s\u00e9vel a t\u00e1rsadalmi integr\u00e1ci\u00f3j\u00e1nak- \u00e9s szerepv\u00e1llal\u00e1s\u00e1nak el\u0151seg\u00edt\u00e9se. Sikerorient\u00e1lt szeml\u00e9letm\u00f3d \u2013 \u00e9s a bels\u0151 kontroloss\u00e1g form\u00e1l\u00f3d\u00e1s\u00e1val k\u00e9pess\u00e9 v\u00e1lik pozit\u00edv gondolkod\u00e1sra, re\u00e1lis \u00e9letc\u00e9lok megfogalmaz\u00e1s\u00e1ra, \u00e9s megval\u00f3s\u00edt\u00e1s\u00e1ra. A munkav\u00e1llal\u00e1shoz sz\u00fcks\u00e9ges kulcskompetenci\u00e1k \u00e1ltal a k\u00e9pz\u00e9sben r\u00e9sztvev\u0151k motiv\u00e1l\u00e1sa a munkahely megszervez\u00e9se \u00e9s megtart\u00e1sa.<\/div>\n<div class=\"section\">\n<p><strong><em><br>K\u00e9pz\u00e9s tervezett kezd\u00e9si \u00e9s befejez\u00e9si d\u00e1tuma:<\/em><\/strong>&nbsp; &nbsp;2024.11.14.&nbsp; <strong>&#8211;<\/strong>&nbsp; 2024.02.18.<\/p>\n<\/div>\n<hr>\n<div class=\"section\">\n<p><strong><br>Csapat\u00e9p\u00edt\u00e9s \u00e9s hat\u00e9kony kommunik\u00e1ci\u00f3:<\/strong><\/p>\n<p>A k\u00e9pz\u00e9sben r\u00e9sztvev\u0151 sz\u00e1m\u00e1ra a szoci\u00e1lis kompetenci\u00e1nak a sz\u0171kebb k\u00f6rnyezettel val\u00f3 harmonikus kapcsolat kialak\u00edt\u00e1s\u00e1ra val\u00f3 k\u00e9pess\u00e9g meger\u0151s\u00edt\u00e9se. F\u00f3kusz\u00e1ban k\u00e9szs\u00e9g-\u00e9s k\u00e9pess\u00e9gform\u00e1l\u00e1s, a t\u00e1rsas dimenzi\u00f3 fejleszt\u00e9se, ezen bel\u00fcl is els\u0151sorban az egy\u00fcttm\u0171k\u00f6d\u00e9si k\u00e9szs\u00e9g \u2013 \u00e9s k\u00e9pess\u00e9gfejleszt\u00e9s \u00e1ll, de kihat fontos attit\u0171d\u00f6k \u00e9s szem\u00e9lyes kompetencia \u2013 elemek fejl\u0151d\u00e9s\u00e9re is. K\u00e9pes legyen felismerni saj\u00e1t szem\u00e9lyis\u00e9g\u00e9nek szerep\u00e9t a munkahely megszerz\u00e9s\u00e9ben \u00e9s megtart\u00e1s\u00e1ban. A munkaer\u0151 \u2013 piaci \u00e9rdekek, \u00e9rt\u00e9kek, munkahelyi viszonyok \u00e1tl\u00e1t\u00e1s\u00e1val, -\u00e9s a partnerekkel val\u00f3 kommunik\u00e1ci\u00f3s, kooper\u00e1ci\u00f3s k\u00e9szs\u00e9gek, technik\u00e1k elsaj\u00e1t\u00edt\u00e1s\u00e1val, az egy\u00e9ni hat\u00e9konys\u00e1g \u00e9s a munkamotiv\u00e1ci\u00f3, siker\u00e9lm\u00e9ny n\u00f6vel\u00e9se. Kommunik\u00e1ci\u00f3s technik\u00e1inak fejleszt\u00e9se, \u00f6nismeret\u00fck m\u00e9ly\u00edt\u00e9se, \u00e9rdek\u00e9rv\u00e9nyes\u00edt\u0151 k\u00e9szs\u00e9g\u00fck er\u0151s\u00edt\u00e9se, a k\u00fcl\u00f6nb\u00f6z\u0151 kommunik\u00e1ci\u00f3s helyzetek meg\u00e9rt\u00e9se, konfliktusos helyzetek kezel\u00e9se asszert\u00edv m\u00f3don, saj\u00e1t kommunik\u00e1ci\u00f3s st\u00edlus kialak\u00edt\u00e1sa, egy\u00fcttm\u0171k\u00f6d\u00e9sre \u00f6szt\u00f6nz\u00e9s.<\/p>\n<\/div>\n<div class=\"section\"><strong><em><br>K\u00e9pz\u00e9s tervezett kezd\u00e9si \u00e9s befejez\u00e9si d\u00e1tuma:<\/em><\/strong>&nbsp; 2024.10.29&nbsp; <strong>&#8211;<\/strong>&nbsp; 2025.01.24<\/div>\n<div>&nbsp;<\/div>\n<hr>\n<div class=\"section\">\n<p><strong><br>Megval\u00f3s\u00edt\u00e1si helysz\u00ednek:<\/strong><\/p>\n<div>\n<ul>\n<li>2660 Balassagyarmat, R\u00e1k\u00f3czi fejedelem \u00fatja 63.<\/li>\n<li>2161 Csom\u00e1d, Csereszny\u00e9s utca 1\/a.<\/li>\n<\/ul>\n<\/div>\n<\/div>\t\t\t\t\t\t\t\t<\/div>\n\t\t\t\t<\/div>\n\t\t\t\t\t<\/div>\n\t\t\t\t<\/div>\n\t\t<div class=\"elementor-element elementor-element-0c6581e e-flex e-con-boxed e-con e-parent\" data-id=\"0c6581e\" data-element_type=\"container\" data-e-type=\"container\">\n\t\t\t\t\t<div class=\"e-con-inner\">\n\t\t<div data-dce-background-image-url=\"http:\/\/delego.hu\/wp-content\/uploads\/2024\/08\/delego-tp-r.png\" class=\"elementor-element elementor-element-f2bde76 e-con-full e-flex e-con e-child\" data-id=\"f2bde76\" data-element_type=\"container\" data-e-type=\"container\" data-settings=\"{&quot;background_background&quot;:&quot;classic&quot;}\">\n\t\t\t\t<\/div>\n\t\t<div data-dce-background-image-url=\"http:\/\/delego.hu\/wp-content\/uploads\/2024\/07\/szechenyi.png\" class=\"elementor-element elementor-element-c916759 e-con-full e-flex e-con e-child\" data-id=\"c916759\" data-element_type=\"container\" data-e-type=\"container\" data-settings=\"{&quot;background_background&quot;:&quot;classic&quot;}\">\n\t\t\t\t<\/div>\n\t\t\t\t\t<\/div>\n\t\t\t\t<\/div>\n\t\t\t\t<\/div>","protected":false},"excerpt":{"rendered":"<p>Projekt c\u00edme:&nbsp;\u201eA munkav\u00e1llal\u00f3k \u00e9s v\u00e1llalatok alkalmazkod\u00f3k\u00e9pess\u00e9g\u00e9nek \u00e9s termel\u00e9kenys\u00e9g\u00e9nek jav\u00edt\u00e1sa a munkaer\u0151 fejleszt\u00e9s\u00e9n kereszt\u00fcl\u201d Projekt azonos\u00edt\u00f3sz\u00e1m:&nbsp;GINOP_Plusz \u2013 3.2.1-21 P\u00e1ly\u00e1z\u00f3:&nbsp;Delego Szem\u00e9lyzeti Szolg\u00e1ltat\u00f3 Kft.&nbsp;(sz\u00e9kely:&nbsp;2161 Csom\u00e1d, Csereszny\u00e9s utca 1\/A., ad\u00f3sz\u00e1m: 23869354-2-13) Szerz\u0151d\u00f6tt t\u00e1mogat\u00e1s \u00f6sszege:&nbsp;11.960.000 Ft A projekt kezd\u00e9si d\u00e1tuma:&nbsp;2024. \u00e9v 07. h\u00f3 04. nap &nbsp; A projekt keretein bel\u00fcl megval\u00f3sul\u00f3 k\u00e9pz\u00e9sek tartalm\u00e1nak bemutat\u00e1sa \u00e9s c\u00e9lja: &nbsp; Kommunik\u00e1ci\u00f3, stressz-\u00e9s konfliktuskezel\u00e9s [&hellip;]<\/p>","protected":false},"author":1,"featured_media":0,"parent":0,"menu_order":0,"comment_status":"closed","ping_status":"closed","template":"","meta":{"_acf_changed":false,"footnotes":""},"class_list":["post-1067","page","type-page","status-publish","hentry"],"acf":[],"yoast_head":"<!-- This site is optimized with the Yoast SEO plugin v25.3 - https:\/\/yoast.com\/wordpress\/plugins\/seo\/ -->\n<title>Eur\u00f3pai Uni\u00f3s t\u00e1mogat\u00e1sok - Delego<\/title>\n<meta name=\"robots\" content=\"index, follow, max-snippet:-1, max-image-preview:large, max-video-preview:-1\" \/>\n<link rel=\"canonical\" href=\"https:\/\/delego.hu\/zh\/europai-unios-tamogatasok\/\" \/>\n<meta property=\"og:locale\" content=\"zh_CN\" \/>\n<meta property=\"og:type\" content=\"article\" \/>\n<meta property=\"og:title\" content=\"Eur\u00f3pai Uni\u00f3s t\u00e1mogat\u00e1sok - Delego\" \/>\n<meta property=\"og:description\" content=\"Projekt c\u00edme:&nbsp;\u201eA munkav\u00e1llal\u00f3k \u00e9s v\u00e1llalatok alkalmazkod\u00f3k\u00e9pess\u00e9g\u00e9nek \u00e9s termel\u00e9kenys\u00e9g\u00e9nek jav\u00edt\u00e1sa a munkaer\u0151 fejleszt\u00e9s\u00e9n kereszt\u00fcl\u201d Projekt azonos\u00edt\u00f3sz\u00e1m:&nbsp;GINOP_Plusz \u2013 3.2.1-21 P\u00e1ly\u00e1z\u00f3:&nbsp;Delego Szem\u00e9lyzeti Szolg\u00e1ltat\u00f3 Kft.&nbsp;(sz\u00e9kely:&nbsp;2161 Csom\u00e1d, Csereszny\u00e9s utca 1\/A., ad\u00f3sz\u00e1m: 23869354-2-13) Szerz\u0151d\u00f6tt t\u00e1mogat\u00e1s \u00f6sszege:&nbsp;11.960.000 Ft A projekt kezd\u00e9si d\u00e1tuma:&nbsp;2024. \u00e9v 07. h\u00f3 04. nap &nbsp; A projekt keretein bel\u00fcl megval\u00f3sul\u00f3 k\u00e9pz\u00e9sek tartalm\u00e1nak bemutat\u00e1sa \u00e9s c\u00e9lja: &nbsp; Kommunik\u00e1ci\u00f3, stressz-\u00e9s konfliktuskezel\u00e9s [&hellip;]\" \/>\n<meta property=\"og:url\" content=\"https:\/\/delego.hu\/zh\/europai-unios-tamogatasok\/\" \/>\n<meta property=\"og:site_name\" content=\"Delego\" \/>\n<meta property=\"article:modified_time\" content=\"2025-04-01T09:45:53+00:00\" \/>\n<meta name=\"twitter:card\" content=\"summary_large_image\" \/>\n<meta name=\"twitter:label1\" content=\"\u9884\u8ba1\u9605\u8bfb\u65f6\u95f4\" \/>\n\t<meta name=\"twitter:data1\" content=\"2 \u5206\" \/>\n<script type=\"application\/ld+json\" class=\"yoast-schema-graph\">{\"@context\":\"https:\/\/schema.org\",\"@graph\":[{\"@type\":\"WebPage\",\"@id\":\"https:\/\/delego.hu\/hu\/europai-unios-tamogatasok\/\",\"url\":\"https:\/\/delego.hu\/hu\/europai-unios-tamogatasok\/\",\"name\":\"Eur\u00f3pai Uni\u00f3s t\u00e1mogat\u00e1sok - Delego\",\"isPartOf\":{\"@id\":\"https:\/\/delego.hu\/ru\/#website\"},\"datePublished\":\"2024-08-22T09:18:32+00:00\",\"dateModified\":\"2025-04-01T09:45:53+00:00\",\"breadcrumb\":{\"@id\":\"https:\/\/delego.hu\/hu\/europai-unios-tamogatasok\/#breadcrumb\"},\"inLanguage\":\"zh-Hans\",\"potentialAction\":[{\"@type\":\"ReadAction\",\"target\":[\"https:\/\/delego.hu\/hu\/europai-unios-tamogatasok\/\"]}]},{\"@type\":\"BreadcrumbList\",\"@id\":\"https:\/\/delego.hu\/hu\/europai-unios-tamogatasok\/#breadcrumb\",\"itemListElement\":[{\"@type\":\"ListItem\",\"position\":1,\"name\":\"Kezd\u0151lap\",\"item\":\"https:\/\/delego.hu\/hu\/\"},{\"@type\":\"ListItem\",\"position\":2,\"name\":\"Eur\u00f3pai Uni\u00f3s t\u00e1mogat\u00e1sok\"}]},{\"@type\":\"WebSite\",\"@id\":\"https:\/\/delego.hu\/ru\/#website\",\"url\":\"https:\/\/delego.hu\/ru\/\",\"name\":\"Delego\",\"description\":\"\",\"publisher\":{\"@id\":\"https:\/\/delego.hu\/ru\/#organization\"},\"potentialAction\":[{\"@type\":\"SearchAction\",\"target\":{\"@type\":\"EntryPoint\",\"urlTemplate\":\"https:\/\/delego.hu\/ru\/?s={search_term_string}\"},\"query-input\":{\"@type\":\"PropertyValueSpecification\",\"valueRequired\":true,\"valueName\":\"search_term_string\"}}],\"inLanguage\":\"zh-Hans\"},{\"@type\":\"Organization\",\"@id\":\"https:\/\/delego.hu\/ru\/#organization\",\"name\":\"Delego\",\"url\":\"https:\/\/delego.hu\/ru\/\",\"logo\":{\"@type\":\"ImageObject\",\"inLanguage\":\"zh-Hans\",\"@id\":\"https:\/\/delego.hu\/ru\/#\/schema\/logo\/image\/\",\"url\":\"https:\/\/delego.hu\/wp-content\/uploads\/2024\/07\/logodelego.png\",\"contentUrl\":\"https:\/\/delego.hu\/wp-content\/uploads\/2024\/07\/logodelego.png\",\"width\":117,\"height\":50,\"caption\":\"Delego\"},\"image\":{\"@id\":\"https:\/\/delego.hu\/ru\/#\/schema\/logo\/image\/\"}}]}<\/script>\n<!-- \/ Yoast SEO plugin. -->","yoast_head_json":{"title":"Eur\u00f3pai Uni\u00f3s t\u00e1mogat\u00e1sok - Delego","robots":{"index":"index","follow":"follow","max-snippet":"max-snippet:-1","max-image-preview":"max-image-preview:large","max-video-preview":"max-video-preview:-1"},"canonical":"https:\/\/delego.hu\/zh\/europai-unios-tamogatasok\/","og_locale":"zh_CN","og_type":"article","og_title":"Eur\u00f3pai Uni\u00f3s t\u00e1mogat\u00e1sok - Delego","og_description":"Projekt c\u00edme:&nbsp;\u201eA munkav\u00e1llal\u00f3k \u00e9s v\u00e1llalatok alkalmazkod\u00f3k\u00e9pess\u00e9g\u00e9nek \u00e9s termel\u00e9kenys\u00e9g\u00e9nek jav\u00edt\u00e1sa a munkaer\u0151 fejleszt\u00e9s\u00e9n kereszt\u00fcl\u201d Projekt azonos\u00edt\u00f3sz\u00e1m:&nbsp;GINOP_Plusz \u2013 3.2.1-21 P\u00e1ly\u00e1z\u00f3:&nbsp;Delego Szem\u00e9lyzeti Szolg\u00e1ltat\u00f3 Kft.&nbsp;(sz\u00e9kely:&nbsp;2161 Csom\u00e1d, Csereszny\u00e9s utca 1\/A., ad\u00f3sz\u00e1m: 23869354-2-13) Szerz\u0151d\u00f6tt t\u00e1mogat\u00e1s \u00f6sszege:&nbsp;11.960.000 Ft A projekt kezd\u00e9si d\u00e1tuma:&nbsp;2024. \u00e9v 07. h\u00f3 04. nap &nbsp; A projekt keretein bel\u00fcl megval\u00f3sul\u00f3 k\u00e9pz\u00e9sek tartalm\u00e1nak bemutat\u00e1sa \u00e9s c\u00e9lja: &nbsp; Kommunik\u00e1ci\u00f3, stressz-\u00e9s konfliktuskezel\u00e9s [&hellip;]","og_url":"https:\/\/delego.hu\/zh\/europai-unios-tamogatasok\/","og_site_name":"Delego","article_modified_time":"2025-04-01T09:45:53+00:00","twitter_card":"summary_large_image","twitter_misc":{"\u9884\u8ba1\u9605\u8bfb\u65f6\u95f4":"2 \u5206"},"schema":{"@context":"https:\/\/schema.org","@graph":[{"@type":"WebPage","@id":"https:\/\/delego.hu\/hu\/europai-unios-tamogatasok\/","url":"https:\/\/delego.hu\/hu\/europai-unios-tamogatasok\/","name":"Eur\u00f3pai Uni\u00f3s t\u00e1mogat\u00e1sok - Delego","isPartOf":{"@id":"https:\/\/delego.hu\/ru\/#website"},"datePublished":"2024-08-22T09:18:32+00:00","dateModified":"2025-04-01T09:45:53+00:00","breadcrumb":{"@id":"https:\/\/delego.hu\/hu\/europai-unios-tamogatasok\/#breadcrumb"},"inLanguage":"zh-Hans","potentialAction":[{"@type":"ReadAction","target":["https:\/\/delego.hu\/hu\/europai-unios-tamogatasok\/"]}]},{"@type":"BreadcrumbList","@id":"https:\/\/delego.hu\/hu\/europai-unios-tamogatasok\/#breadcrumb","itemListElement":[{"@type":"ListItem","position":1,"name":"Kezd\u0151lap","item":"https:\/\/delego.hu\/hu\/"},{"@type":"ListItem","position":2,"name":"Eur\u00f3pai Uni\u00f3s t\u00e1mogat\u00e1sok"}]},{"@type":"WebSite","@id":"https:\/\/delego.hu\/ru\/#website","url":"https:\/\/delego.hu\/ru\/","name":"Delego","description":"","publisher":{"@id":"https:\/\/delego.hu\/ru\/#organization"},"potentialAction":[{"@type":"SearchAction","target":{"@type":"EntryPoint","urlTemplate":"https:\/\/delego.hu\/ru\/?s={search_term_string}"},"query-input":{"@type":"PropertyValueSpecification","valueRequired":true,"valueName":"search_term_string"}}],"inLanguage":"zh-Hans"},{"@type":"Organization","@id":"https:\/\/delego.hu\/ru\/#organization","name":"Delego","url":"https:\/\/delego.hu\/ru\/","logo":{"@type":"ImageObject","inLanguage":"zh-Hans","@id":"https:\/\/delego.hu\/ru\/#\/schema\/logo\/image\/","url":"https:\/\/delego.hu\/wp-content\/uploads\/2024\/07\/logodelego.png","contentUrl":"https:\/\/delego.hu\/wp-content\/uploads\/2024\/07\/logodelego.png","width":117,"height":50,"caption":"Delego"},"image":{"@id":"https:\/\/delego.hu\/ru\/#\/schema\/logo\/image\/"}}]}},"_links":{"self":[{"href":"https:\/\/delego.hu\/zh\/wp-json\/wp\/v2\/pages\/1067","targetHints":{"allow":["GET"]}}],"collection":[{"href":"https:\/\/delego.hu\/zh\/wp-json\/wp\/v2\/pages"}],"about":[{"href":"https:\/\/delego.hu\/zh\/wp-json\/wp\/v2\/types\/page"}],"author":[{"embeddable":true,"href":"https:\/\/delego.hu\/zh\/wp-json\/wp\/v2\/users\/1"}],"replies":[{"embeddable":true,"href":"https:\/\/delego.hu\/zh\/wp-json\/wp\/v2\/comments?post=1067"}],"version-history":[{"count":13,"href":"https:\/\/delego.hu\/zh\/wp-json\/wp\/v2\/pages\/1067\/revisions"}],"predecessor-version":[{"id":1606,"href":"https:\/\/delego.hu\/zh\/wp-json\/wp\/v2\/pages\/1067\/revisions\/1606"}],"wp:attachment":[{"href":"https:\/\/delego.hu\/zh\/wp-json\/wp\/v2\/media?parent=1067"}],"curies":[{"name":"wp","href":"https:\/\/api.w.org\/{rel}","templated":true}]}}