{"id":90,"date":"2024-07-10T12:17:59","date_gmt":"2024-07-10T12:17:59","guid":{"rendered":"https:\/\/delego.hu\/?page_id=90"},"modified":"2025-04-01T09:53:00","modified_gmt":"2025-04-01T09:53:00","slug":"irodak","status":"publish","type":"page","link":"https:\/\/delego.hu\/ru\/irodak\/","title":{"rendered":"\u041e\u0444\u0438\u0441\u044b"},"content":{"rendered":"<div data-elementor-type=\"wp-page\" data-elementor-id=\"90\" class=\"elementor elementor-90\" data-elementor-post-type=\"page\">\n\t\t\t\t<div data-dce-background-image-url=\"http:\/\/delego.hu\/wp-content\/uploads\/2024\/07\/ajanlatkeres_irodak_ures-04.png\" class=\"elementor-element elementor-element-df7af81 e-con-full e-flex e-con e-parent\" data-id=\"df7af81\" data-element_type=\"container\" data-e-type=\"container\" data-settings=\"{&quot;background_background&quot;:&quot;classic&quot;}\">\n\t\t<div class=\"elementor-element elementor-element-e3f777f e-con-full e-flex e-con e-child\" data-id=\"e3f777f\" data-element_type=\"container\" data-e-type=\"container\">\n\t\t<div data-dce-background-color=\"#DD3333B0\" class=\"elementor-element elementor-element-043af0c e-con-full e-flex e-con e-child\" data-id=\"043af0c\" data-element_type=\"container\" data-e-type=\"container\" data-settings=\"{&quot;background_background&quot;:&quot;classic&quot;}\">\n\t\t\t\t<div class=\"elementor-element elementor-element-7aa8ac2 elementor-widget elementor-widget-text-editor\" data-id=\"7aa8ac2\" data-element_type=\"widget\" data-e-type=\"widget\" data-widget_type=\"text-editor.default\">\n\t\t\t\t<div class=\"elementor-widget-container\">\n\t\t\t\t\t\t\t\t\t<p style=\"font-weight: 400;\"><strong><span style=\"color: #ffffff;\">BALASSAGYARMAT:<\/span><\/strong>\n<br>\n<a href=\"https:\/\/www.google.com\/maps\/place\/Balassagyarmat,+R\u00e1k\u00f3czi+fejedelem+\u00fat+61,+2660\/@48.0796071,19.2941075,17z\/data=!3m1!4b1!4m6!3m5!1s0x476aa070f4f3bfcd:0x5cb841352aef584b!8m2!3d48.0796035!4d19.2963015!16s%2Fg%2F11csf5x6zw\" target=\"_blank\" rel=\"noopener\"><span style=\"color: #ffffff;\">2660 Balassagyarmat, R\u00e1k\u00f3czi \u00fat 61.<\/span><\/a>\n<br>\n<a href=\"https:\/\/maps.app.goo.gl\/vJFXGpp7ipKC8ELu8\" target=\"_blank\" rel=\"noopener\"><span style=\"color: #ffffff;\">2660 Balassagyarmat, R\u00e1k\u00f3czi Fejedelem \u00fat 63.<\/span><\/a>\n<br>\n<span style=\"color: #ffffff;\">Nyitva tart\u00e1s: H\u00e9tf\u0151- P\u00e9ntek: 08:30-17:00<\/span><\/p>\t\t\t\t\t\t\t\t<\/div>\n\t\t\t\t<\/div>\n\t\t\t\t<\/div>\n\t\t<div data-dce-background-color=\"#DD3333B0\" class=\"elementor-element elementor-element-7cd3ccf e-con-full e-flex e-con e-child\" data-id=\"7cd3ccf\" data-element_type=\"container\" data-e-type=\"container\" data-settings=\"{&quot;background_background&quot;:&quot;classic&quot;}\">\n\t\t\t\t<div class=\"elementor-element elementor-element-c6f07f1 elementor-widget elementor-widget-text-editor\" data-id=\"c6f07f1\" data-element_type=\"widget\" data-e-type=\"widget\" data-widget_type=\"text-editor.default\">\n\t\t\t\t<div class=\"elementor-widget-container\">\n\t\t\t\t\t\t\t\t\t<p style=\"font-weight: 400;\"><strong><span style=\"color: #ffffff;\">TATAB\u00c1NYA:<\/span><\/strong>\n<br>\n<a href=\"https:\/\/www.google.com\/maps\/place\/Tatab\u00e1nya,+Magyary+Zolt\u00e1n+utca+2b,+2800\/@47.5639202,18.4075736,17z\/data=!3m1!4b1!4m6!3m5!1s0x476a408b8155ee4d:0x1c4d039ad364a228!8m2!3d47.5639166!4d18.4097676!16s%2Fg%2F11rpthcg6t\" target=\"_blank\" rel=\"noopener\"><span style=\"color: #ffffff;\">2800 Tatab\u00e1nya, Magyary Zolt\u00e1n utca 2\/b<\/span><\/a>\n<span style=\"color: #ffffff;\">Nyitva tart\u00e1s: H\u00e9tf\u0151- P\u00e9ntek: 08:30- 17:00<\/span><\/p>\t\t\t\t\t\t\t\t<\/div>\n\t\t\t\t<\/div>\n\t\t\t\t<\/div>\n\t\t<div data-dce-background-color=\"#DD3333B0\" class=\"elementor-element elementor-element-f2ba893 e-con-full e-flex e-con e-child\" data-id=\"f2ba893\" data-element_type=\"container\" data-e-type=\"container\" data-settings=\"{&quot;background_background&quot;:&quot;classic&quot;}\">\n\t\t\t\t<div class=\"elementor-element elementor-element-da517f0 elementor-widget elementor-widget-text-editor\" data-id=\"da517f0\" data-element_type=\"widget\" data-e-type=\"widget\" data-widget_type=\"text-editor.default\">\n\t\t\t\t<div class=\"elementor-widget-container\">\n\t\t\t\t\t\t\t\t\t<p style=\"font-weight: 400;\"><strong><span style=\"color: #ffffff;\">BUDAPEST:<\/span><\/strong>\n<br>\n<a href=\"https:\/\/www.google.com\/maps\/place\/Delego+Consulting+Kft.\/@47.5076918,19.0514103,17z\/data=!4m10!1m2!2m1!1s1065+Budapest,+Podmaniczky+utca+6.+fszt.+2!3m6!1s0x4741dc129a77cd8d:0x4d9d25ad9e9aac5f!8m2!3d47.5078794!4d19.0553107!15sCioxMDY1IEJ1ZGFwZXN0LCBQb2RtYW5pY3preSB1dGNhIDYuIGZzenQuIDKSAQlyZWNydWl0ZXLgAQA!16s%2Fg%2F11cn8t5rvz\"><span style=\"color: #ffffff;\">1065 Budapest, Podmaniczky utca 6. fszt. 2<\/span><\/a>\n<a href=\"tel:3613015018\"><span style=\"color: #ffffff;\">+361\u00a0301 50 18<\/span><\/a><\/p>\t\t\t\t\t\t\t\t<\/div>\n\t\t\t\t<\/div>\n\t\t\t\t<\/div>\n\t\t<div data-dce-background-color=\"#DD3333B0\" class=\"elementor-element elementor-element-39b120a e-con-full e-flex e-con e-child\" data-id=\"39b120a\" data-element_type=\"container\" data-e-type=\"container\" data-settings=\"{&quot;background_background&quot;:&quot;classic&quot;}\">\n\t\t\t\t<div class=\"elementor-element elementor-element-ba572a6 elementor-widget elementor-widget-text-editor\" data-id=\"ba572a6\" data-element_type=\"widget\" data-e-type=\"widget\" data-widget_type=\"text-editor.default\">\n\t\t\t\t<div class=\"elementor-widget-container\">\n\t\t\t\t\t\t\t\t\t<p style=\"font-weight: 400;\"><strong><span style=\"color: #ffffff;\">SZOLNOK:<\/span><\/strong>\n<br>\n<a href=\"https:\/\/www.google.com\/maps\/search\/5000+Szolnok,+Baross+\u00fat+24.+fszt.+1\/@47.1758744,20.1882905,18z\/data=!3m1!4b1\" target=\"_blank\" rel=\"noopener\"><span style=\"color: #ffffff;\">5000 Szolnok, Baross \u00fat 24. fszt. 1<\/span><\/a>\n<a href=\"tel:3656319782\"><span style=\"color: #ffffff;\">+36 56\u00a0319\u00a0782<\/span><\/a>\n<span style=\"color: #ffffff;\">Nyitva tart\u00e1s: H\u00e9tf\u0151- P\u00e9ntek 08:30- 17:00<\/span><\/p>\t\t\t\t\t\t\t\t<\/div>\n\t\t\t\t<\/div>\n\t\t\t\t<\/div>\n\t\t\t\t<\/div>\n\t\t<div class=\"elementor-element elementor-element-a620f70 e-con-full e-flex e-con e-child\" data-id=\"a620f70\" data-element_type=\"container\" data-e-type=\"container\">\n\t\t\t\t<\/div>\n\t\t<div class=\"elementor-element elementor-element-7fd8eac e-con-full e-flex e-con e-child\" data-id=\"7fd8eac\" data-element_type=\"container\" data-e-type=\"container\">\n\t\t<div data-dce-background-color=\"#DD3333B0\" class=\"elementor-element elementor-element-d44f756 e-con-full e-flex e-con e-child\" data-id=\"d44f756\" data-element_type=\"container\" data-e-type=\"container\" data-settings=\"{&quot;background_background&quot;:&quot;classic&quot;}\">\n\t\t\t\t<div class=\"elementor-element elementor-element-aff1da0 elementor-widget elementor-widget-text-editor\" data-id=\"aff1da0\" data-element_type=\"widget\" data-e-type=\"widget\" data-widget_type=\"text-editor.default\">\n\t\t\t\t<div class=\"elementor-widget-container\">\n\t\t\t\t\t\t\t\t\t<p style=\"font-weight: 400;\"><strong><span style=\"color: #ffffff;\">BUDAPEST:<\/span><\/strong>\n<br>\n<a href=\"https:\/\/www.google.com\/maps\/place\/Delego+Consulting+Kft.\/@47.5078448,19.0532488,17z\/data=!4m15!1m8!3m7!1s0x4741dc1297e8706f:0x2ca3bf5683349ece!2sBudapest,+Bajcsy-Zsilinszky+\u00fat+51,+1065!3b1!8m2!3d47.5078412!4d19.0554428!16s%2Fg%2F11cp5hpnk9!3m5!1s0x4741dc129a77cd8d:0x4d9d25ad9e9aac5f!8m2!3d47.5078794!4d19.0553107!16s%2Fg%2F11cn8t5rvz\" target=\"_blank\" rel=\"noopener\"><span style=\"color: #ffffff;\">1065 Budapest, Bajcsy- Zsilinszky \u00fat 51.<\/span><\/a>\n<a href=\"tel:3613015018\"><span style=\"color: #ffffff;\">+361\u00a0301 50 18<\/span><\/a>\n<span style=\"color: #ffffff;\">Nyitva tart\u00e1s: H\u00e9tf\u0151- P\u00e9ntek: 08:30- 17:00<\/span><\/p>\t\t\t\t\t\t\t\t<\/div>\n\t\t\t\t<\/div>\n\t\t\t\t<\/div>\n\t\t<div data-dce-background-color=\"#DD3333B0\" class=\"elementor-element elementor-element-81693b7 e-con-full e-flex e-con e-child\" data-id=\"81693b7\" data-element_type=\"container\" data-e-type=\"container\" data-settings=\"{&quot;background_background&quot;:&quot;classic&quot;}\">\n\t\t\t\t<div class=\"elementor-element elementor-element-0118de2 elementor-widget elementor-widget-text-editor\" data-id=\"0118de2\" data-element_type=\"widget\" data-e-type=\"widget\" data-widget_type=\"text-editor.default\">\n\t\t\t\t<div class=\"elementor-widget-container\">\n\t\t\t\t\t\t\t\t\t<p style=\"font-weight: 400;\"><strong><span style=\"color: #ffffff;\">CSOM\u00c1D:<\/span><\/strong>\n<br>\n<a href=\"https:\/\/www.google.com\/maps\/place\/Csom\u00e1d,+Csereszny\u00e9s+u.+1,+2161\/@47.6485434,19.2326454,17z\/data=!3m1!4b1!4m6!3m5!1s0x4741d1f8e39e383d:0xe5e1bb962ddbe37d!8m2!3d47.6485398!4d19.2348394!16s%2Fg%2F11c2f1rsyk\" target=\"_blank\" rel=\"noopener\"><span style=\"color: #ffffff;\">2161 Csom\u00e1d, Csereszny\u00e9s utca 1\/A<\/span><\/a>\n<span style=\"color: #ffffff;\"><a style=\"color: #ffffff;\" href=\"tel:0628796202\">0628 796 202<\/a><\/span>\n<span style=\"color: #ffffff;\">Nyitva tart\u00e1s: H\u00e9tf\u0151- P\u00e9ntek: 08:30- 17:00<\/span><\/p>\t\t\t\t\t\t\t\t<\/div>\n\t\t\t\t<\/div>\n\t\t\t\t<\/div>\n\t\t<div data-dce-background-color=\"#DD3333B0\" class=\"elementor-element elementor-element-2227c7d e-con-full e-flex e-con e-child\" data-id=\"2227c7d\" data-element_type=\"container\" data-e-type=\"container\" data-settings=\"{&quot;background_background&quot;:&quot;classic&quot;}\">\n\t\t\t\t<div class=\"elementor-element elementor-element-9b49eae elementor-widget elementor-widget-text-editor\" data-id=\"9b49eae\" data-element_type=\"widget\" data-e-type=\"widget\" data-widget_type=\"text-editor.default\">\n\t\t\t\t<div class=\"elementor-widget-container\">\n\t\t\t\t\t\t\t\t\t<p style=\"font-weight: 400;\"><strong><span style=\"color: #ffffff;\">NAGYK\u0150R\u00d6S:<\/span><\/strong>\n<br>\n<a href=\"https:\/\/www.google.com\/maps\/place\/Nagyk\u0151r\u00f6s,+Sz\u00e9chenyi+t\u00e9r+3,+2750\/@47.0339815,19.7785745,17z\/data=!3m1!4b1!4m6!3m5!1s0x47416324f5cdae5d:0xb68b6e0e867a0e38!8m2!3d47.0339779!4d19.7807685!16s%2Fg%2F11c5jwqk2n\" target=\"_blank\" rel=\"noopener\"><span style=\"color: #ffffff;\">2750 Nagyk\u0151r\u00f6s, Sz\u00e9chenyi t\u00e9r 3.<\/span><\/a>\n<a href=\"tel:3653316183\"><span style=\"color: #ffffff;\">+36 53 316\u00a0183<\/span><\/a>\n<span style=\"color: #ffffff;\">Nyitva tart\u00e1s: H\u00e9tf\u0151- P\u00e9ntek 08:30- 17:00<\/span><\/p>\t\t\t\t\t\t\t\t<\/div>\n\t\t\t\t<\/div>\n\t\t\t\t<\/div>\n\t\t\t\t<\/div>\n\t\t\t\t<\/div>\n\t\t<div data-dce-background-image-url=\"http:\/\/delego.hu\/wp-content\/uploads\/2024\/08\/ajanlatkeres_irodak-02.jpg\" class=\"elementor-element elementor-element-92f74fa e-flex e-con-boxed e-con e-parent\" data-id=\"92f74fa\" data-element_type=\"container\" data-e-type=\"container\" data-settings=\"{&quot;background_background&quot;:&quot;classic&quot;}\">\n\t\t\t\t\t<div class=\"e-con-inner\">\n\t\t<div data-dce-background-color=\"#CF3334BF\" class=\"elementor-element elementor-element-5a3867a e-con-full e-flex e-con e-child\" data-id=\"5a3867a\" data-element_type=\"container\" data-e-type=\"container\" data-settings=\"{&quot;background_background&quot;:&quot;classic&quot;}\">\n\t\t\t\t<div data-dce-title-color=\"#FFFFFF\" class=\"elementor-element elementor-element-8d04cfa elementor-widget elementor-widget-heading\" data-id=\"8d04cfa\" data-element_type=\"widget\" data-e-type=\"widget\" data-widget_type=\"heading.default\">\n\t\t\t\t<div class=\"elementor-widget-container\">\n\t\t\t\t\t<h2 class=\"elementor-heading-title elementor-size-default\">K\u00e9rd\u00e9se van?<\/h2>\t\t\t\t<\/div>\n\t\t\t\t<\/div>\n\t\t\t\t<div data-dce-title-color=\"#FFFFFF\" class=\"elementor-element elementor-element-5ae4129 elementor-widget elementor-widget-heading\" data-id=\"5ae4129\" data-element_type=\"widget\" data-e-type=\"widget\" data-widget_type=\"heading.default\">\n\t\t\t\t<div class=\"elementor-widget-container\">\n\t\t\t\t\t<h2 class=\"elementor-heading-title elementor-size-default\">Koll\u00e9g\u00e1ink sz\u00edvesen \u00e1llnak rendelkez\u00e9s\u00e9re.<\/h2>\t\t\t\t<\/div>\n\t\t\t\t<\/div>\n\t\t\t\t<div class=\"elementor-element elementor-element-a52f5f5 elementor-button-align-stretch elementor-widget elementor-widget-form\" data-id=\"a52f5f5\" data-element_type=\"widget\" data-e-type=\"widget\" data-settings=\"{&quot;button_width&quot;:&quot;20&quot;,&quot;step_next_label&quot;:&quot;K\\u00f6vetkez\\u0151&quot;,&quot;step_previous_label&quot;:&quot;El\\u0151z\\u0151&quot;,&quot;dce_confirm_dialog_enabled&quot;:&quot;no&quot;,&quot;step_type&quot;:&quot;number_text&quot;,&quot;step_icon_shape&quot;:&quot;circle&quot;,&quot;label_icon_size&quot;:{&quot;unit&quot;:&quot;px&quot;,&quot;size&quot;:&quot;&quot;,&quot;sizes&quot;:[]},&quot;field_icon_size&quot;:{&quot;unit&quot;:&quot;px&quot;,&quot;size&quot;:&quot;&quot;,&quot;sizes&quot;:[]}}\" data-widget_type=\"form.default\">\n\t\t\t\t<div class=\"elementor-widget-container\">\n\t\t\t\t\t\t\t<form class=\"elementor-form\" method=\"post\" name=\"\u00daj \u0171rlap\" aria-label=\"\u00daj \u0171rlap\" action=\"\">\n\t\t\t<input type=\"hidden\" name=\"post_id\" value=\"90\"\/>\n\t\t\t<input type=\"hidden\" name=\"form_id\" value=\"a52f5f5\"\/>\n\t\t\t<input type=\"hidden\" name=\"referer_title\" value=\"Irod\u00e1k - Delego\" \/>\n\n\t\t\t\t\t\t\t<input type=\"hidden\" name=\"queried_id\" value=\"90\"\/>\n\t\t\t\n\t\t\t<div class=\"elementor-form-fields-wrapper elementor-labels-\">\n\t\t\t\t\t\t\t\t<div class=\"elementor-field-type-text elementor-field-group elementor-column elementor-field-group-name elementor-col-100\">\n\t\t\t\t\t\t\t\t\t\t\t\t<label for=\"form-field-name\" class=\"elementor-field-label elementor-screen-only\">\n\t\t\t\t\t\t\t\tN\u00e9v\t\t\t\t\t\t\t<\/label>\n\t\t\t\t\t\t\t\t\t\t\t\t\t\t<input size=\"1\" type=\"text\" name=\"form_fields[name]\" id=\"form-field-name\" class=\"elementor-field elementor-size-sm  elementor-field-textual\" placeholder=\"N\u00e9v\">\n\t\t\t\t\t\t\t\t\t\t\t<\/div>\n\t\t\t\t\t\t\t\t<div class=\"elementor-field-type-email elementor-field-group elementor-column elementor-field-group-email elementor-col-100 elementor-field-required\">\n\t\t\t\t\t\t\t\t\t\t\t\t<label for=\"form-field-email\" class=\"elementor-field-label elementor-screen-only\">\n\t\t\t\t\t\t\t\tEmail\t\t\t\t\t\t\t<\/label>\n\t\t\t\t\t\t\t\t\t\t\t\t\t\t<input size=\"1\" type=\"email\" name=\"form_fields[email]\" id=\"form-field-email\" class=\"elementor-field elementor-size-sm  elementor-field-textual\" placeholder=\"E-mail c\u00edm\" required=\"required\">\n\t\t\t\t\t\t\t\t\t\t\t<\/div>\n\t\t\t\t\t\t\t\t<div class=\"elementor-field-type-text elementor-field-group elementor-column elementor-field-group-field_d16d1c2 elementor-col-100\">\n\t\t\t\t\t\t\t\t\t\t\t\t\t<input size=\"1\" type=\"text\" name=\"form_fields[field_d16d1c2]\" id=\"form-field-field_d16d1c2\" class=\"elementor-field elementor-size-sm  elementor-field-textual\" placeholder=\"T\u00e1rgy\">\n\t\t\t\t\t\t\t\t\t\t\t<\/div>\n\t\t\t\t\t\t\t\t<div class=\"elementor-field-type-textarea elementor-field-group elementor-column elementor-field-group-message elementor-col-100\">\n\t\t\t\t\t\t\t\t\t\t\t\t<label for=\"form-field-message\" class=\"elementor-field-label elementor-screen-only\">\n\t\t\t\t\t\t\t\t\u00dczenet\t\t\t\t\t\t\t<\/label>\n\t\t\t\t\t\t<textarea class=\"elementor-field-textual elementor-field  elementor-size-sm\" name=\"form_fields[message]\" id=\"form-field-message\" rows=\"4\" placeholder=\"\u00dczenet\"><\/textarea>\t\t\t\t<\/div>\n\t\t\t\t\t\t\t\t<div class=\"elementor-field-type-acceptance elementor-field-group elementor-column elementor-field-group-field_072c5ba elementor-col-100 elementor-field-required\">\n\t\t\t\t\t\t\t<div class=\"elementor-field-subgroup\">\n\t\t\t<span class=\"elementor-field-option\">\n\t\t\t\t<input type=\"checkbox\" name=\"form_fields[field_072c5ba]\" id=\"form-field-field_072c5ba\" class=\"elementor-field elementor-size-sm  elementor-acceptance-field\" required=\"required\">\n\t\t\t\t<label for=\"form-field-field_072c5ba\"><a href=\"https:\/\/delego.hu\/ru\/adatvedelem\/\" style=\"color:#FFFFFF; text-decoration: underline;\">\u042f \u043f\u0440\u0438\u043d\u0438\u043c\u0430\u044e \u043f\u043e\u043b\u0438\u0442\u0438\u043a\u0443 \u043a\u043e\u043d\u0444\u0438\u0434\u0435\u043d\u0446\u0438\u0430\u043b\u044c\u043d\u043e\u0441\u0442\u0438<\/a><\/label>\t\t\t<\/span>\n\t\t<\/div>\n\t\t\t\t\t\t<\/div>\n\t\t\t\t\t\t\t\t<div class=\"elementor-field-group elementor-column elementor-field-type-submit elementor-col-20 e-form__buttons\">\n\t\t\t\t\t<button class=\"elementor-button elementor-size-sm\" type=\"submit\">\n\t\t\t\t\t\t<span class=\"elementor-button-content-wrapper\">\n\t\t\t\t\t\t\t\t\t\t\t\t\t\t\t\t\t\t\t\t\t\t<span class=\"elementor-button-text\">\u043e\u0442\u043f\u0440\u0430\u0432\u043a\u0430<\/span>\n\t\t\t\t\t\t\t\t\t\t\t\t\t<\/span>\n\t\t\t\t\t<\/button>\n\t\t\t\t<\/div>\n\t\t\t<\/div>\n\t\t<input type=\"hidden\" name=\"trp-form-language\" value=\"ru\"\/><\/form>\n\t\t\t\t\t\t<\/div>\n\t\t\t\t<\/div>\n\t\t\t\t<\/div>\n\t\t<div class=\"elementor-element elementor-element-f9422cb e-con-full e-flex e-con e-child\" data-id=\"f9422cb\" data-element_type=\"container\" data-e-type=\"container\">\n\t\t\t\t<\/div>\n\t\t\t\t\t<\/div>\n\t\t\t\t<\/div>\n\t\t\t\t<\/div>","protected":false},"excerpt":{"rendered":"<p>BALASSAGYARMAT: 2660 Balassagyarmat, R\u00e1k\u00f3czi \u00fat 61. 2660 Balassagyarmat, R\u00e1k\u00f3czi Fejedelem \u00fat 63. Nyitva tart\u00e1s: H\u00e9tf\u0151- P\u00e9ntek: 08:30-17:00 TATAB\u00c1NYA: 2800 Tatab\u00e1nya, Magyary Zolt\u00e1n utca 2\/b Nyitva tart\u00e1s: H\u00e9tf\u0151- P\u00e9ntek: 08:30- 17:00 BUDAPEST: 1065 Budapest, Podmaniczky utca 6. fszt. 2 +361\u00a0301 50 18 SZOLNOK: 5000 Szolnok, Baross \u00fat 24. fszt. 1 +36 56\u00a0319\u00a0782 Nyitva tart\u00e1s: H\u00e9tf\u0151- P\u00e9ntek [&hellip;]<\/p>","protected":false},"author":1,"featured_media":0,"parent":0,"menu_order":0,"comment_status":"closed","ping_status":"closed","template":"","meta":{"_acf_changed":false,"footnotes":""},"class_list":["post-90","page","type-page","status-publish","hentry"],"acf":[],"yoast_head":"<!-- This site is optimized with the Yoast SEO plugin v25.3 - https:\/\/yoast.com\/wordpress\/plugins\/seo\/ -->\n<title>Irod\u00e1k - Delego<\/title>\n<meta name=\"robots\" content=\"index, follow, max-snippet:-1, max-image-preview:large, max-video-preview:-1\" \/>\n<link rel=\"canonical\" href=\"https:\/\/delego.hu\/ru\/irodak\/\" \/>\n<meta property=\"og:locale\" content=\"ru_RU\" \/>\n<meta property=\"og:type\" content=\"article\" \/>\n<meta property=\"og:title\" content=\"Irod\u00e1k - Delego\" \/>\n<meta property=\"og:description\" content=\"BALASSAGYARMAT: 2660 Balassagyarmat, R\u00e1k\u00f3czi \u00fat 61. 2660 Balassagyarmat, R\u00e1k\u00f3czi Fejedelem \u00fat 63. Nyitva tart\u00e1s: H\u00e9tf\u0151- P\u00e9ntek: 08:30-17:00 TATAB\u00c1NYA: 2800 Tatab\u00e1nya, Magyary Zolt\u00e1n utca 2\/b Nyitva tart\u00e1s: H\u00e9tf\u0151- P\u00e9ntek: 08:30- 17:00 BUDAPEST: 1065 Budapest, Podmaniczky utca 6. fszt. 2 +361\u00a0301 50 18 SZOLNOK: 5000 Szolnok, Baross \u00fat 24. fszt. 1 +36 56\u00a0319\u00a0782 Nyitva tart\u00e1s: H\u00e9tf\u0151- P\u00e9ntek [&hellip;]\" \/>\n<meta property=\"og:url\" content=\"https:\/\/delego.hu\/ru\/irodak\/\" \/>\n<meta property=\"og:site_name\" content=\"Delego\" \/>\n<meta property=\"article:modified_time\" content=\"2025-04-01T09:53:00+00:00\" \/>\n<meta name=\"twitter:card\" content=\"summary_large_image\" \/>\n<meta name=\"twitter:label1\" content=\"\u041f\u0440\u0438\u043c\u0435\u0440\u043d\u043e\u0435 \u0432\u0440\u0435\u043c\u044f \u0434\u043b\u044f \u0447\u0442\u0435\u043d\u0438\u044f\" \/>\n\t<meta name=\"twitter:data1\" content=\"1 \u043c\u0438\u043d\u0443\u0442\u0430\" \/>\n<script type=\"application\/ld+json\" class=\"yoast-schema-graph\">{\"@context\":\"https:\/\/schema.org\",\"@graph\":[{\"@type\":\"WebPage\",\"@id\":\"https:\/\/delego.hu\/hu\/irodak\/\",\"url\":\"https:\/\/delego.hu\/hu\/irodak\/\",\"name\":\"Irod\u00e1k - Delego\",\"isPartOf\":{\"@id\":\"https:\/\/delego.hu\/ru\/#website\"},\"datePublished\":\"2024-07-10T12:17:59+00:00\",\"dateModified\":\"2025-04-01T09:53:00+00:00\",\"breadcrumb\":{\"@id\":\"https:\/\/delego.hu\/hu\/irodak\/#breadcrumb\"},\"inLanguage\":\"ru-RU\",\"potentialAction\":[{\"@type\":\"ReadAction\",\"target\":[\"https:\/\/delego.hu\/hu\/irodak\/\"]}]},{\"@type\":\"BreadcrumbList\",\"@id\":\"https:\/\/delego.hu\/hu\/irodak\/#breadcrumb\",\"itemListElement\":[{\"@type\":\"ListItem\",\"position\":1,\"name\":\"Kezd\u0151lap\",\"item\":\"https:\/\/delego.hu\/hu\/\"},{\"@type\":\"ListItem\",\"position\":2,\"name\":\"Irod\u00e1k\"}]},{\"@type\":\"WebSite\",\"@id\":\"https:\/\/delego.hu\/ru\/#website\",\"url\":\"https:\/\/delego.hu\/ru\/\",\"name\":\"Delego\",\"description\":\"\",\"publisher\":{\"@id\":\"https:\/\/delego.hu\/ru\/#organization\"},\"potentialAction\":[{\"@type\":\"SearchAction\",\"target\":{\"@type\":\"EntryPoint\",\"urlTemplate\":\"https:\/\/delego.hu\/ru\/?s={search_term_string}\"},\"query-input\":{\"@type\":\"PropertyValueSpecification\",\"valueRequired\":true,\"valueName\":\"search_term_string\"}}],\"inLanguage\":\"ru-RU\"},{\"@type\":\"Organization\",\"@id\":\"https:\/\/delego.hu\/ru\/#organization\",\"name\":\"Delego\",\"url\":\"https:\/\/delego.hu\/ru\/\",\"logo\":{\"@type\":\"ImageObject\",\"inLanguage\":\"ru-RU\",\"@id\":\"https:\/\/delego.hu\/ru\/#\/schema\/logo\/image\/\",\"url\":\"https:\/\/delego.hu\/wp-content\/uploads\/2024\/07\/logodelego.png\",\"contentUrl\":\"https:\/\/delego.hu\/wp-content\/uploads\/2024\/07\/logodelego.png\",\"width\":117,\"height\":50,\"caption\":\"Delego\"},\"image\":{\"@id\":\"https:\/\/delego.hu\/ru\/#\/schema\/logo\/image\/\"}}]}<\/script>\n<!-- \/ Yoast SEO plugin. -->","yoast_head_json":{"title":"Irod\u00e1k - Delego","robots":{"index":"index","follow":"follow","max-snippet":"max-snippet:-1","max-image-preview":"max-image-preview:large","max-video-preview":"max-video-preview:-1"},"canonical":"https:\/\/delego.hu\/ru\/irodak\/","og_locale":"ru_RU","og_type":"article","og_title":"Irod\u00e1k - Delego","og_description":"BALASSAGYARMAT: 2660 Balassagyarmat, R\u00e1k\u00f3czi \u00fat 61. 2660 Balassagyarmat, R\u00e1k\u00f3czi Fejedelem \u00fat 63. Nyitva tart\u00e1s: H\u00e9tf\u0151- P\u00e9ntek: 08:30-17:00 TATAB\u00c1NYA: 2800 Tatab\u00e1nya, Magyary Zolt\u00e1n utca 2\/b Nyitva tart\u00e1s: H\u00e9tf\u0151- P\u00e9ntek: 08:30- 17:00 BUDAPEST: 1065 Budapest, Podmaniczky utca 6. fszt. 2 +361\u00a0301 50 18 SZOLNOK: 5000 Szolnok, Baross \u00fat 24. fszt. 1 +36 56\u00a0319\u00a0782 Nyitva tart\u00e1s: H\u00e9tf\u0151- P\u00e9ntek [&hellip;]","og_url":"https:\/\/delego.hu\/ru\/irodak\/","og_site_name":"Delego","article_modified_time":"2025-04-01T09:53:00+00:00","twitter_card":"summary_large_image","twitter_misc":{"\u041f\u0440\u0438\u043c\u0435\u0440\u043d\u043e\u0435 \u0432\u0440\u0435\u043c\u044f \u0434\u043b\u044f \u0447\u0442\u0435\u043d\u0438\u044f":"1 \u043c\u0438\u043d\u0443\u0442\u0430"},"schema":{"@context":"https:\/\/schema.org","@graph":[{"@type":"WebPage","@id":"https:\/\/delego.hu\/hu\/irodak\/","url":"https:\/\/delego.hu\/hu\/irodak\/","name":"Irod\u00e1k - Delego","isPartOf":{"@id":"https:\/\/delego.hu\/ru\/#website"},"datePublished":"2024-07-10T12:17:59+00:00","dateModified":"2025-04-01T09:53:00+00:00","breadcrumb":{"@id":"https:\/\/delego.hu\/hu\/irodak\/#breadcrumb"},"inLanguage":"ru-RU","potentialAction":[{"@type":"ReadAction","target":["https:\/\/delego.hu\/hu\/irodak\/"]}]},{"@type":"BreadcrumbList","@id":"https:\/\/delego.hu\/hu\/irodak\/#breadcrumb","itemListElement":[{"@type":"ListItem","position":1,"name":"Kezd\u0151lap","item":"https:\/\/delego.hu\/hu\/"},{"@type":"ListItem","position":2,"name":"Irod\u00e1k"}]},{"@type":"WebSite","@id":"https:\/\/delego.hu\/ru\/#website","url":"https:\/\/delego.hu\/ru\/","name":"Delego","description":"","publisher":{"@id":"https:\/\/delego.hu\/ru\/#organization"},"potentialAction":[{"@type":"SearchAction","target":{"@type":"EntryPoint","urlTemplate":"https:\/\/delego.hu\/ru\/?s={search_term_string}"},"query-input":{"@type":"PropertyValueSpecification","valueRequired":true,"valueName":"search_term_string"}}],"inLanguage":"ru-RU"},{"@type":"Organization","@id":"https:\/\/delego.hu\/ru\/#organization","name":"Delego","url":"https:\/\/delego.hu\/ru\/","logo":{"@type":"ImageObject","inLanguage":"ru-RU","@id":"https:\/\/delego.hu\/ru\/#\/schema\/logo\/image\/","url":"https:\/\/delego.hu\/wp-content\/uploads\/2024\/07\/logodelego.png","contentUrl":"https:\/\/delego.hu\/wp-content\/uploads\/2024\/07\/logodelego.png","width":117,"height":50,"caption":"Delego"},"image":{"@id":"https:\/\/delego.hu\/ru\/#\/schema\/logo\/image\/"}}]}},"_links":{"self":[{"href":"https:\/\/delego.hu\/ru\/wp-json\/wp\/v2\/pages\/90","targetHints":{"allow":["GET"]}}],"collection":[{"href":"https:\/\/delego.hu\/ru\/wp-json\/wp\/v2\/pages"}],"about":[{"href":"https:\/\/delego.hu\/ru\/wp-json\/wp\/v2\/types\/page"}],"author":[{"embeddable":true,"href":"https:\/\/delego.hu\/ru\/wp-json\/wp\/v2\/users\/1"}],"replies":[{"embeddable":true,"href":"https:\/\/delego.hu\/ru\/wp-json\/wp\/v2\/comments?post=90"}],"version-history":[{"count":55,"href":"https:\/\/delego.hu\/ru\/wp-json\/wp\/v2\/pages\/90\/revisions"}],"predecessor-version":[{"id":1610,"href":"https:\/\/delego.hu\/ru\/wp-json\/wp\/v2\/pages\/90\/revisions\/1610"}],"wp:attachment":[{"href":"https:\/\/delego.hu\/ru\/wp-json\/wp\/v2\/media?parent=90"}],"curies":[{"name":"wp","href":"https:\/\/api.w.org\/{rel}","templated":true}]}}