{"id":347,"date":"2024-07-24T07:00:36","date_gmt":"2024-07-24T07:00:36","guid":{"rendered":"https:\/\/delego.hu\/?page_id=347"},"modified":"2025-08-25T06:55:04","modified_gmt":"2025-08-25T06:55:04","slug":"ajanlatkeres","status":"publish","type":"page","link":"https:\/\/delego.hu\/ru\/ajanlatkeres\/","title":{"rendered":"\u0417\u0430\u043f\u0440\u043e\u0441 \u043f\u0440\u0435\u0434\u043b\u043e\u0436\u0435\u043d\u0438\u044f"},"content":{"rendered":"<div data-elementor-type=\"wp-page\" data-elementor-id=\"347\" class=\"elementor elementor-347\" data-elementor-post-type=\"page\">\n\t\t\t\t<div data-dce-background-image-url=\"http:\/\/delego.hu\/wp-content\/uploads\/2024\/07\/ajanlatkeres.jpg\" class=\"elementor-element elementor-element-338fedd e-flex e-con-boxed e-con e-parent\" data-id=\"338fedd\" data-element_type=\"container\" data-e-type=\"container\" data-settings=\"{&quot;background_background&quot;:&quot;classic&quot;}\">\n\t\t\t\t\t<div class=\"e-con-inner\">\n\t\t<div class=\"elementor-element elementor-element-4e22b93 e-con-full e-flex e-con e-child\" data-id=\"4e22b93\" data-element_type=\"container\" data-e-type=\"container\">\n\t\t\t\t<\/div>\n\t\t<div data-dce-background-color=\"#CF3334BF\" class=\"elementor-element elementor-element-e954eea e-con-full e-flex e-con e-child\" data-id=\"e954eea\" data-element_type=\"container\" data-e-type=\"container\" data-settings=\"{&quot;background_background&quot;:&quot;classic&quot;}\">\n\t\t\t\t<div data-dce-title-color=\"#FFFFFF\" class=\"elementor-element elementor-element-6f3f97f elementor-widget elementor-widget-heading\" data-id=\"6f3f97f\" data-element_type=\"widget\" data-e-type=\"widget\" data-widget_type=\"heading.default\">\n\t\t\t\t<div class=\"elementor-widget-container\">\n\t\t\t\t\t<h2 class=\"elementor-heading-title elementor-size-default\">\u0417\u0430\u043f\u0440\u043e\u0441 \u043f\u0440\u0435\u0434\u043b\u043e\u0436\u0435\u043d\u0438\u044f<\/h2>\t\t\t\t<\/div>\n\t\t\t\t<\/div>\n\t\t\t\t<div class=\"elementor-element elementor-element-76fb110 elementor-button-align-stretch elementor-widget elementor-widget-form\" data-id=\"76fb110\" data-element_type=\"widget\" data-e-type=\"widget\" data-settings=\"{&quot;step_next_label&quot;:&quot;K\\u00f6vetkez\\u0151&quot;,&quot;step_previous_label&quot;:&quot;El\\u0151z\\u0151&quot;,&quot;button_width&quot;:&quot;25&quot;,&quot;dce_confirm_dialog_enabled&quot;:&quot;no&quot;,&quot;step_type&quot;:&quot;number_text&quot;,&quot;step_icon_shape&quot;:&quot;circle&quot;,&quot;label_icon_size&quot;:{&quot;unit&quot;:&quot;px&quot;,&quot;size&quot;:&quot;&quot;,&quot;sizes&quot;:[]},&quot;field_icon_size&quot;:{&quot;unit&quot;:&quot;px&quot;,&quot;size&quot;:&quot;&quot;,&quot;sizes&quot;:[]}}\" data-widget_type=\"form.default\">\n\t\t\t\t<div class=\"elementor-widget-container\">\n\t\t\t\t\t\t\t<form class=\"elementor-form\" method=\"post\" name=\"\u00daj \u0171rlap\" aria-label=\"\u00daj \u0171rlap\" action=\"\">\n\t\t\t<input type=\"hidden\" name=\"post_id\" value=\"347\"\/>\n\t\t\t<input type=\"hidden\" name=\"form_id\" value=\"76fb110\"\/>\n\t\t\t<input type=\"hidden\" name=\"referer_title\" value=\"Aj\u00e1nlatk\u00e9r\u00e9s - Delego\" \/>\n\n\t\t\t\t\t\t\t<input type=\"hidden\" name=\"queried_id\" value=\"347\"\/>\n\t\t\t\n\t\t\t<div class=\"elementor-form-fields-wrapper elementor-labels-above\">\n\t\t\t\t\t\t\t\t<div class=\"elementor-field-type-text elementor-field-group elementor-column elementor-field-group-name elementor-col-100 elementor-field-required\">\n\t\t\t\t\t\t\t\t\t\t\t\t\t<input size=\"1\" type=\"text\" name=\"form_fields[name]\" id=\"form-field-name\" class=\"elementor-field elementor-size-sm  elementor-field-textual\" placeholder=\"\u041a\u043e\u043c\u043f\u0430\u043d\u0438\u044f*\" required=\"required\">\n\t\t\t\t\t\t\t\t\t\t\t<\/div>\n\t\t\t\t\t\t\t\t<div class=\"elementor-field-type-text elementor-field-group elementor-column elementor-field-group-field_55a012e elementor-col-100 elementor-field-required\">\n\t\t\t\t\t\t\t\t\t\t\t\t\t<input size=\"1\" type=\"text\" name=\"form_fields[field_55a012e]\" id=\"form-field-field_55a012e\" class=\"elementor-field elementor-size-sm  elementor-field-textual\" placeholder=\"\u0410\u0434\u0440\u0435\u0441*\" required=\"required\">\n\t\t\t\t\t\t\t\t\t\t\t<\/div>\n\t\t\t\t\t\t\t\t<div class=\"elementor-field-type-text elementor-field-group elementor-column elementor-field-group-field_478f2bd elementor-col-100 elementor-field-required\">\n\t\t\t\t\t\t\t\t\t\t\t\t\t<input size=\"1\" type=\"text\" name=\"form_fields[field_478f2bd]\" id=\"form-field-field_478f2bd\" class=\"elementor-field elementor-size-sm  elementor-field-textual\" placeholder=\"\u0418\u043c\u044f \u043a\u043e\u043d\u0442\u0430\u043a\u0442\u043d\u043e\u0433\u043e \u043b\u0438\u0446\u0430*\" required=\"required\">\n\t\t\t\t\t\t\t\t\t\t\t<\/div>\n\t\t\t\t\t\t\t\t<div class=\"elementor-field-type-tel elementor-field-group elementor-column elementor-field-group-field_56d15db elementor-col-100 elementor-field-required\">\n\t\t\t\t\t\t\t<input size=\"1\" type=\"tel\" name=\"form_fields[field_56d15db]\" id=\"form-field-field_56d15db\" class=\"elementor-field elementor-size-sm  elementor-field-textual\" placeholder=\"\u041d\u043e\u043c\u0435\u0440 \u0442\u0435\u043b\u0435\u0444\u043e\u043d\u0430\" required=\"required\" pattern=\"[0-9()#&amp;+*-=.]+\" title=\"Only numbers and phone characters (#, -, *, etc) are accepted.\" data-no-translation-title=\"\">\n\n\t\t\t\t\t\t<\/div>\n\t\t\t\t\t\t\t\t<div class=\"elementor-field-type-email elementor-field-group elementor-column elementor-field-group-email elementor-col-100 elementor-field-required\">\n\t\t\t\t\t\t\t\t\t\t\t\t\t<input size=\"1\" type=\"email\" name=\"form_fields[email]\" id=\"form-field-email\" class=\"elementor-field elementor-size-sm  elementor-field-textual\" placeholder=\"\u0410\u0434\u0440\u0435\u0441 \u044d\u043b\u0435\u043a\u0442\u0440\u043e\u043d\u043d\u043e\u0439 \u043f\u043e\u0447\u0442\u044b*\" required=\"required\">\n\t\t\t\t\t\t\t\t\t\t\t<\/div>\n\t\t\t\t\t\t\t\t<div class=\"elementor-field-type-text elementor-field-group elementor-column elementor-field-group-field_32d7510 elementor-col-100\">\n\t\t\t\t\t\t\t\t\t\t\t\t\t<input size=\"1\" type=\"text\" name=\"form_fields[field_32d7510]\" id=\"form-field-field_32d7510\" class=\"elementor-field elementor-size-sm  elementor-field-textual\" placeholder=\"\u041e\u0431\u043e\u0437\u043d\u0430\u0447\u0435\u043d\u0438\u0435 \u0434\u043e\u043b\u0436\u043d\u043e\u0441\u0442\u0438\">\n\t\t\t\t\t\t\t\t\t\t\t<\/div>\n\t\t\t\t\t\t\t\t<div class=\"elementor-field-type-checkbox elementor-field-group elementor-column elementor-field-group-field_cab60f3 elementor-col-100\">\n\t\t\t\t\t\t\t\t\t\t\t\t<label for=\"form-field-field_cab60f3\" class=\"elementor-field-label\">\n\t\t\t\t\t\t\t\t\u041f\u043e\u0436\u0430\u043b\u0443\u0439\u0441\u0442\u0430, \u0432\u044b\u0431\u0435\u0440\u0438\u0442\u0435, \u043a\u0430\u043a\u0443\u044e \u0438\u0437 \u043d\u0430\u0448\u0438\u0445 \u0443\u0441\u043b\u0443\u0433 \u0412\u044b \u0445\u043e\u0442\u0435\u043b\u0438 \u0431\u044b \u043f\u0440\u043e\u0446\u0438\u0442\u0438\u0440\u043e\u0432\u0430\u0442\u044c:*\t\t\t\t\t\t\t<\/label>\n\t\t\t\t\t\t<div class=\"elementor-field-subgroup  elementor-subgroup-inline\"><span class=\"elementor-field-option\"><input type=\"checkbox\" value=\"Munkaer\u0151 k\u00f6lcs\u00f6nz\u00e9s\" id=\"form-field-field_cab60f3-0\" name=\"form_fields[field_cab60f3][]\"> <label for=\"form-field-field_cab60f3-0\">\u0412\u0440\u0435\u043c\u0435\u043d\u043d\u0430\u044f \u0437\u0430\u043d\u044f\u0442\u043e\u0441\u0442\u044c<\/label><\/span><span class=\"elementor-field-option\"><input type=\"checkbox\" value=\"K\u00fclf\u00f6ldi munkaer\u0151\" id=\"form-field-field_cab60f3-1\" name=\"form_fields[field_cab60f3][]\"> <label for=\"form-field-field_cab60f3-1\">\u041f\u043b\u0430\u0442\u0435\u0436\u043d\u044b\u0439 \u0443\u0447\u0435\u0442<\/label><\/span><span class=\"elementor-field-option\"><input type=\"checkbox\" value=\"Munkaer\u0151 k\u00f6zvet\u00edt\u00e9s\" id=\"form-field-field_cab60f3-2\" name=\"form_fields[field_cab60f3][]\"> <label for=\"form-field-field_cab60f3-2\">\u0418\u043d\u043e\u0441\u0442\u0440\u0430\u043d\u043d\u0430\u044f \u0440\u0430\u0431\u043e\u0447\u0430\u044f \u0441\u0438\u043b\u0430<\/label><\/span><span class=\"elementor-field-option\"><input type=\"checkbox\" value=\"Egyszer\u0171s\u00edtett foglalkoztat\u00e1s\" id=\"form-field-field_cab60f3-3\" name=\"form_fields[field_cab60f3][]\"> <label for=\"form-field-field_cab60f3-3\">\u041f\u043e\u0441\u0440\u0435\u0434\u043d\u0438\u0447\u0435\u0441\u0442\u0432\u043e \u0440\u0430\u0431\u043e\u0447\u0435\u0439 \u0441\u0438\u043b\u044b<\/label><\/span><span class=\"elementor-field-option\"><input type=\"checkbox\" value=\"Di\u00e1kmunka\" id=\"form-field-field_cab60f3-4\" name=\"form_fields[field_cab60f3][]\"> <label for=\"form-field-field_cab60f3-4\">\u0421\u0442\u0443\u0434\u0435\u043d\u0447\u0435\u0441\u043a\u0430\u044f \u0440\u0430\u0431\u043e\u0442\u0430<\/label><\/span><span class=\"elementor-field-option\"><input type=\"checkbox\" value=\"HR tan\u00e1csad\u00e1s\" id=\"form-field-field_cab60f3-5\" name=\"form_fields[field_cab60f3][]\"> <label for=\"form-field-field_cab60f3-5\">\u041a\u0430\u0434\u0440\u043e\u0432\u044b\u0439-\u043a\u043e\u043d\u0441\u0430\u043b\u0442\u0438\u043d\u0433<\/label><\/span><span class=\"elementor-field-option\"><input type=\"checkbox\" value=\"B\u00e9rsz\u00e1mfejt\u00e9s\" id=\"form-field-field_cab60f3-6\" name=\"form_fields[field_cab60f3][]\"> <label for=\"form-field-field_cab60f3-6\">\u041f\u043b\u0430\u0442\u0435\u0436\u043d\u044b\u0439 \u0443\u0447\u0435\u0442<\/label><\/span><span class=\"elementor-field-option\"><input type=\"checkbox\" value=\"Outplacement\" id=\"form-field-field_cab60f3-7\" name=\"form_fields[field_cab60f3][]\"> <label for=\"form-field-field_cab60f3-7\">Outplacement<\/label><\/span><\/div>\t\t\t\t<\/div>\n\t\t\t\t\t\t\t\t<div class=\"elementor-field-type-radio elementor-field-group elementor-column elementor-field-group-field_a4fab0f elementor-col-100 elementor-field-required\">\n\t\t\t\t\t\t\t\t\t\t\t\t<label for=\"form-field-field_a4fab0f\" class=\"elementor-field-label\">\n\t\t\t\t\t\t\t\t\u041a\u0430\u043a \u0432\u044b \u0445\u043e\u0442\u0435\u043b\u0438 \u0431\u044b, \u0447\u0442\u043e\u0431\u044b \u043c\u044b \u0441 \u0432\u0430\u043c\u0438 \u0441\u0432\u044f\u0437\u0430\u043b\u0438\u0441\u044c?\t\t\t\t\t\t\t<\/label>\n\t\t\t\t\t\t<div class=\"elementor-field-subgroup  elementor-subgroup-inline\"><span class=\"elementor-field-option\"><input type=\"radio\" value=\"Emailben\" id=\"form-field-field_a4fab0f-0\" name=\"form_fields[field_a4fab0f]\" required=\"required\"> <label for=\"form-field-field_a4fab0f-0\">\u041f\u043e \u044d\u043b\u0435\u043a\u0442\u0440\u043e\u043d\u043d\u043e\u0439 \u043f\u043e\u0447\u0442\u0435<\/label><\/span><span class=\"elementor-field-option\"><input type=\"radio\" value=\"Telefonon\" id=\"form-field-field_a4fab0f-1\" name=\"form_fields[field_a4fab0f]\" required=\"required\"> <label for=\"form-field-field_a4fab0f-1\">\u041f\u043e \u0442\u0435\u043b\u0435\u0444\u043e\u043d\u0443<\/label><\/span><\/div>\t\t\t\t<\/div>\n\t\t\t\t\t\t\t\t<div class=\"elementor-field-type-textarea elementor-field-group elementor-column elementor-field-group-field_239456e elementor-col-100\">\n\t\t\t\t\t<textarea class=\"elementor-field-textual elementor-field  elementor-size-sm\" name=\"form_fields[field_239456e]\" id=\"form-field-field_239456e\" rows=\"4\" placeholder=\"\u00dczenet\"><\/textarea>\t\t\t\t<\/div>\n\t\t\t\t\t\t\t\t<div class=\"elementor-field-type-acceptance elementor-field-group elementor-column elementor-field-group-field_ffb4a3b elementor-col-100 elementor-field-required\">\n\t\t\t\t\t\t\t<div class=\"elementor-field-subgroup\">\n\t\t\t<span class=\"elementor-field-option\">\n\t\t\t\t<input type=\"checkbox\" name=\"form_fields[field_ffb4a3b]\" id=\"form-field-field_ffb4a3b\" class=\"elementor-field elementor-size-sm  elementor-acceptance-field\" required=\"required\">\n\t\t\t\t<label for=\"form-field-field_ffb4a3b\"><a href=\"https:\/\/delego.hu\/ru\/adatvedelem\/\" style=\"color:#FFFFFF; text-decoration: underline;\">\u042f \u043f\u0440\u0438\u043d\u0438\u043c\u0430\u044e \u043f\u043e\u043b\u0438\u0442\u0438\u043a\u0443 \u043a\u043e\u043d\u0444\u0438\u0434\u0435\u043d\u0446\u0438\u0430\u043b\u044c\u043d\u043e\u0441\u0442\u0438<\/a><\/label>\t\t\t<\/span>\n\t\t<\/div>\n\t\t\t\t\t\t<\/div>\n\t\t\t\t\t\t\t\t<div class=\"elementor-field-type-recaptcha_v3 elementor-field-group elementor-column elementor-field-group-field_83d48fc elementor-col-100 recaptcha_v3-bottomright\">\n\t\t\t\t\t<div class=\"elementor-field\" id=\"form-field-field_83d48fc\"><div class=\"elementor-g-recaptcha\" data-sitekey=\"6LdHglcqAAAAAHUHX0kMPwa10fFsWiwzVRxdtLGg\" data-type=\"v3\" data-action=\"Form\" data-badge=\"bottomright\" data-size=\"invisible\"><\/div><\/div>\t\t\t\t<\/div>\n\t\t\t\t\t\t\t\t<div class=\"elementor-field-group elementor-column elementor-field-type-submit elementor-col-25 e-form__buttons\">\n\t\t\t\t\t<button class=\"elementor-button elementor-size-sm elementor-animation-grow\" type=\"submit\">\n\t\t\t\t\t\t<span class=\"elementor-button-content-wrapper\">\n\t\t\t\t\t\t\t\t\t\t\t\t\t\t\t\t\t\t\t\t\t\t<span class=\"elementor-button-text\">\u043e\u0442\u043f\u0440\u0430\u0432\u043a\u0430<\/span>\n\t\t\t\t\t\t\t\t\t\t\t\t\t<\/span>\n\t\t\t\t\t<\/button>\n\t\t\t\t<\/div>\n\t\t\t<\/div>\n\t\t<input type=\"hidden\" name=\"trp-form-language\" value=\"ru\"\/><\/form>\n\t\t\t\t\t\t<\/div>\n\t\t\t\t<\/div>\n\t\t\t\t<\/div>\n\t\t\t\t\t<\/div>\n\t\t\t\t<\/div>\n\t\t\t\t<\/div>","protected":false},"excerpt":{"rendered":"<p>\u0417\u0430\u043f\u0440\u043e\u0441 \u043f\u0440\u0435\u0434\u043b\u043e\u0436\u0435\u043d\u0438\u044f<\/p>","protected":false},"author":1,"featured_media":0,"parent":0,"menu_order":0,"comment_status":"closed","ping_status":"closed","template":"","meta":{"_acf_changed":false,"footnotes":""},"class_list":["post-347","page","type-page","status-publish","hentry"],"acf":[],"yoast_head":"<!-- This site is optimized with the Yoast SEO plugin v25.3 - https:\/\/yoast.com\/wordpress\/plugins\/seo\/ -->\n<title>Aj\u00e1nlatk\u00e9r\u00e9s - Delego<\/title>\n<meta name=\"robots\" content=\"index, follow, max-snippet:-1, max-image-preview:large, max-video-preview:-1\" \/>\n<link rel=\"canonical\" href=\"https:\/\/delego.hu\/ru\/ajanlatkeres\/\" \/>\n<meta property=\"og:locale\" content=\"ru_RU\" \/>\n<meta property=\"og:type\" content=\"article\" \/>\n<meta property=\"og:title\" content=\"Aj\u00e1nlatk\u00e9r\u00e9s - Delego\" \/>\n<meta property=\"og:description\" content=\"Aj\u00e1nlatk\u00e9r\u00e9s\" \/>\n<meta property=\"og:url\" content=\"https:\/\/delego.hu\/ru\/ajanlatkeres\/\" \/>\n<meta property=\"og:site_name\" content=\"Delego\" \/>\n<meta property=\"article:modified_time\" content=\"2025-08-25T06:55:04+00:00\" \/>\n<meta name=\"twitter:card\" content=\"summary_large_image\" \/>\n<meta name=\"twitter:label1\" content=\"\u041f\u0440\u0438\u043c\u0435\u0440\u043d\u043e\u0435 \u0432\u0440\u0435\u043c\u044f \u0434\u043b\u044f \u0447\u0442\u0435\u043d\u0438\u044f\" \/>\n\t<meta name=\"twitter:data1\" content=\"1 \u043c\u0438\u043d\u0443\u0442\u0430\" \/>\n<script type=\"application\/ld+json\" class=\"yoast-schema-graph\">{\"@context\":\"https:\/\/schema.org\",\"@graph\":[{\"@type\":\"WebPage\",\"@id\":\"https:\/\/delego.hu\/en\/ajanlatkeres\/\",\"url\":\"https:\/\/delego.hu\/en\/ajanlatkeres\/\",\"name\":\"Aj\u00e1nlatk\u00e9r\u00e9s - Delego\",\"isPartOf\":{\"@id\":\"https:\/\/delego.hu\/ru\/#website\"},\"datePublished\":\"2024-07-24T07:00:36+00:00\",\"dateModified\":\"2025-08-25T06:55:04+00:00\",\"breadcrumb\":{\"@id\":\"https:\/\/delego.hu\/en\/ajanlatkeres\/#breadcrumb\"},\"inLanguage\":\"ru-RU\",\"potentialAction\":[{\"@type\":\"ReadAction\",\"target\":[\"https:\/\/delego.hu\/en\/ajanlatkeres\/\"]}]},{\"@type\":\"BreadcrumbList\",\"@id\":\"https:\/\/delego.hu\/en\/ajanlatkeres\/#breadcrumb\",\"itemListElement\":[{\"@type\":\"ListItem\",\"position\":1,\"name\":\"Kezd\u0151lap\",\"item\":\"https:\/\/delego.hu\/hu\/\"},{\"@type\":\"ListItem\",\"position\":2,\"name\":\"Aj\u00e1nlatk\u00e9r\u00e9s\"}]},{\"@type\":\"WebSite\",\"@id\":\"https:\/\/delego.hu\/ru\/#website\",\"url\":\"https:\/\/delego.hu\/ru\/\",\"name\":\"Delego\",\"description\":\"\",\"publisher\":{\"@id\":\"https:\/\/delego.hu\/ru\/#organization\"},\"potentialAction\":[{\"@type\":\"SearchAction\",\"target\":{\"@type\":\"EntryPoint\",\"urlTemplate\":\"https:\/\/delego.hu\/ru\/?s={search_term_string}\"},\"query-input\":{\"@type\":\"PropertyValueSpecification\",\"valueRequired\":true,\"valueName\":\"search_term_string\"}}],\"inLanguage\":\"ru-RU\"},{\"@type\":\"Organization\",\"@id\":\"https:\/\/delego.hu\/ru\/#organization\",\"name\":\"Delego\",\"url\":\"https:\/\/delego.hu\/ru\/\",\"logo\":{\"@type\":\"ImageObject\",\"inLanguage\":\"ru-RU\",\"@id\":\"https:\/\/delego.hu\/ru\/#\/schema\/logo\/image\/\",\"url\":\"https:\/\/delego.hu\/wp-content\/uploads\/2024\/07\/logodelego.png\",\"contentUrl\":\"https:\/\/delego.hu\/wp-content\/uploads\/2024\/07\/logodelego.png\",\"width\":117,\"height\":50,\"caption\":\"Delego\"},\"image\":{\"@id\":\"https:\/\/delego.hu\/ru\/#\/schema\/logo\/image\/\"}}]}<\/script>\n<!-- \/ Yoast SEO plugin. -->","yoast_head_json":{"title":"Aj\u00e1nlatk\u00e9r\u00e9s - Delego","robots":{"index":"index","follow":"follow","max-snippet":"max-snippet:-1","max-image-preview":"max-image-preview:large","max-video-preview":"max-video-preview:-1"},"canonical":"https:\/\/delego.hu\/ru\/ajanlatkeres\/","og_locale":"ru_RU","og_type":"article","og_title":"Aj\u00e1nlatk\u00e9r\u00e9s - Delego","og_description":"Aj\u00e1nlatk\u00e9r\u00e9s","og_url":"https:\/\/delego.hu\/ru\/ajanlatkeres\/","og_site_name":"Delego","article_modified_time":"2025-08-25T06:55:04+00:00","twitter_card":"summary_large_image","twitter_misc":{"\u041f\u0440\u0438\u043c\u0435\u0440\u043d\u043e\u0435 \u0432\u0440\u0435\u043c\u044f \u0434\u043b\u044f \u0447\u0442\u0435\u043d\u0438\u044f":"1 \u043c\u0438\u043d\u0443\u0442\u0430"},"schema":{"@context":"https:\/\/schema.org","@graph":[{"@type":"WebPage","@id":"https:\/\/delego.hu\/en\/ajanlatkeres\/","url":"https:\/\/delego.hu\/en\/ajanlatkeres\/","name":"Aj\u00e1nlatk\u00e9r\u00e9s - Delego","isPartOf":{"@id":"https:\/\/delego.hu\/ru\/#website"},"datePublished":"2024-07-24T07:00:36+00:00","dateModified":"2025-08-25T06:55:04+00:00","breadcrumb":{"@id":"https:\/\/delego.hu\/en\/ajanlatkeres\/#breadcrumb"},"inLanguage":"ru-RU","potentialAction":[{"@type":"ReadAction","target":["https:\/\/delego.hu\/en\/ajanlatkeres\/"]}]},{"@type":"BreadcrumbList","@id":"https:\/\/delego.hu\/en\/ajanlatkeres\/#breadcrumb","itemListElement":[{"@type":"ListItem","position":1,"name":"Kezd\u0151lap","item":"https:\/\/delego.hu\/hu\/"},{"@type":"ListItem","position":2,"name":"Aj\u00e1nlatk\u00e9r\u00e9s"}]},{"@type":"WebSite","@id":"https:\/\/delego.hu\/ru\/#website","url":"https:\/\/delego.hu\/ru\/","name":"Delego","description":"","publisher":{"@id":"https:\/\/delego.hu\/ru\/#organization"},"potentialAction":[{"@type":"SearchAction","target":{"@type":"EntryPoint","urlTemplate":"https:\/\/delego.hu\/ru\/?s={search_term_string}"},"query-input":{"@type":"PropertyValueSpecification","valueRequired":true,"valueName":"search_term_string"}}],"inLanguage":"ru-RU"},{"@type":"Organization","@id":"https:\/\/delego.hu\/ru\/#organization","name":"Delego","url":"https:\/\/delego.hu\/ru\/","logo":{"@type":"ImageObject","inLanguage":"ru-RU","@id":"https:\/\/delego.hu\/ru\/#\/schema\/logo\/image\/","url":"https:\/\/delego.hu\/wp-content\/uploads\/2024\/07\/logodelego.png","contentUrl":"https:\/\/delego.hu\/wp-content\/uploads\/2024\/07\/logodelego.png","width":117,"height":50,"caption":"Delego"},"image":{"@id":"https:\/\/delego.hu\/ru\/#\/schema\/logo\/image\/"}}]}},"_links":{"self":[{"href":"https:\/\/delego.hu\/ru\/wp-json\/wp\/v2\/pages\/347","targetHints":{"allow":["GET"]}}],"collection":[{"href":"https:\/\/delego.hu\/ru\/wp-json\/wp\/v2\/pages"}],"about":[{"href":"https:\/\/delego.hu\/ru\/wp-json\/wp\/v2\/types\/page"}],"author":[{"embeddable":true,"href":"https:\/\/delego.hu\/ru\/wp-json\/wp\/v2\/users\/1"}],"replies":[{"embeddable":true,"href":"https:\/\/delego.hu\/ru\/wp-json\/wp\/v2\/comments?post=347"}],"version-history":[{"count":79,"href":"https:\/\/delego.hu\/ru\/wp-json\/wp\/v2\/pages\/347\/revisions"}],"predecessor-version":[{"id":1964,"href":"https:\/\/delego.hu\/ru\/wp-json\/wp\/v2\/pages\/347\/revisions\/1964"}],"wp:attachment":[{"href":"https:\/\/delego.hu\/ru\/wp-json\/wp\/v2\/media?parent=347"}],"curies":[{"name":"wp","href":"https:\/\/api.w.org\/{rel}","templated":true}]}}