{"id":299,"date":"2024-07-16T08:53:58","date_gmt":"2024-07-16T08:53:58","guid":{"rendered":"https:\/\/delego.hu\/?page_id=299"},"modified":"2025-07-09T09:32:49","modified_gmt":"2025-07-09T09:32:49","slug":"munkaero-kozvetites","status":"publish","type":"page","link":"https:\/\/delego.hu\/ru\/munkaero-kozvetites\/","title":{"rendered":"\u0422\u0440\u0443\u0434\u043e\u0432\u043e\u0435 \u043f\u043e\u0441\u0440\u0435\u0434\u043d\u0438\u0447\u0435\u0441\u0442\u0432\u043e"},"content":{"rendered":"<div data-elementor-type=\"wp-page\" data-elementor-id=\"299\" class=\"elementor elementor-299\" data-elementor-post-type=\"page\">\n\t\t\t\t<div class=\"elementor-element elementor-element-5c6cd9b e-flex e-con-boxed e-con e-parent\" data-id=\"5c6cd9b\" data-element_type=\"container\" data-e-type=\"container\">\n\t\t\t\t\t<div class=\"e-con-inner\">\n\t\t\t\t<div data-dce-text-color=\"#000000\" class=\"elementor-element elementor-element-8894e6e elementor-widget elementor-widget-text-editor\" data-id=\"8894e6e\" data-element_type=\"widget\" data-e-type=\"widget\" data-widget_type=\"text-editor.default\">\n\t\t\t\t<div class=\"elementor-widget-container\">\n\t\t\t\t\t\t\t\t\t<p class=\"translation-block\">\u041d\u0430\u0448 \u043f\u0440\u043e\u0446\u0435\u0441\u0441 \u043d\u0430\u0439\u043c\u0430 \u0438 \u043e\u0442\u0431\u043e\u0440\u0430 \u043e\u0441\u043d\u043e\u0432\u0430\u043d \u043d\u0430 \u043c\u043d\u043e\u0433\u043e\u043b\u0435\u0442\u043d\u0435\u043c \u043e\u043f\u044b\u0442\u0435 \u043d\u0430\u0448\u0438\u0445 \u043a\u043e\u043b\u043b\u0435\u0433 \u0438 \u043d\u0430\u0434\u043b\u0435\u0436\u0430\u0449\u0435\u043c \u0438\u0441\u043f\u043e\u043b\u044c\u0437\u043e\u0432\u0430\u043d\u0438\u0438 \u0434\u043e\u0441\u0442\u0443\u043f\u043d\u044b\u0445 \u0438\u043d\u0441\u0442\u0440\u0443\u043c\u0435\u043d\u0442\u043e\u0432 \u0438 \u043c\u0435\u0442\u043e\u0434\u043e\u0432. \u0417\u043d\u0430\u044f \u0442\u0438\u043f \u0438 \u0443\u0440\u043e\u0432\u0435\u043d\u044c \u0434\u043e\u043b\u0436\u043d\u043e\u0441\u0442\u0438, \u0430 \u0442\u0430\u043a\u0436\u0435 \u043d\u0435\u043e\u0431\u0445\u043e\u0434\u0438\u043c\u044b\u0439 \u043e\u043f\u044b\u0442 \u0438 \u0437\u043d\u0430\u043d\u0438\u044f, \u043c\u044b \u043e\u043f\u0440\u0435\u0434\u0435\u043b\u044f\u0435\u043c \u0438\u043d\u0441\u0442\u0440\u0443\u043c\u0435\u043d\u0442\u044b \u043f\u043e\u0434\u0431\u043e\u0440\u0430 \u043f\u0435\u0440\u0441\u043e\u043d\u0430\u043b\u0430, \u0441 \u043f\u043e\u043c\u043e\u0449\u044c\u044e \u043a\u043e\u0442\u043e\u0440\u044b\u0445 \u043c\u044b \u043c\u043e\u0436\u0435\u043c \u0433\u0430\u0440\u0430\u043d\u0442\u0438\u0440\u043e\u0432\u0430\u0442\u044c, \u0447\u0442\u043e \u043d\u0430\u0448\u0438 \u043a\u043b\u0438\u0435\u043d\u0442\u044b \u043d\u0430\u0439\u0434\u0443\u0442 \u043b\u0443\u0447\u0448\u0435\u0433\u043e \u0441\u043e\u0442\u0440\u0443\u0434\u043d\u0438\u043a\u0430 \u0441 \u043d\u0430\u0438\u043c\u0435\u043d\u044c\u0448\u0438\u043c\u0438 \u0437\u0430\u0442\u0440\u0430\u0442\u0430\u043c\u0438 \u0432\u0440\u0435\u043c\u0435\u043d\u0438 \u0438 \u044d\u043d\u0435\u0440\u0433\u0438\u0438. \u041f\u0440\u0430\u043a\u0442\u0438\u0447\u0435\u0441\u043a\u0438 \u0432\u0435\u0441\u044c \u043f\u0440\u043e\u0446\u0435\u0441\u0441 \u043e\u0442\u0431\u043e\u0440\u0430 \u043c\u044b \u0431\u0435\u0440\u0435\u043c \u043d\u0430 \u0441\u0435\u0431\u044f, \u043d\u0430\u0448\u0438\u043c \u043a\u043b\u0438\u0435\u043d\u0442\u0430\u043c \u043d\u0443\u0436\u043d\u043e \u0442\u043e\u043b\u044c\u043a\u043e \u043f\u043e\u0442\u0440\u0430\u0442\u0438\u0442\u044c \u0432\u0440\u0435\u043c\u044f \u043d\u0430 \u0442\u0435\u0445 \u043a\u0430\u043d\u0434\u0438\u0434\u0430\u0442\u043e\u0432, \u043a\u043e\u0442\u043e\u0440\u044b\u0435 \u0434\u0435\u0439\u0441\u0442\u0432\u0438\u0442\u0435\u043b\u044c\u043d\u043e \u043f\u043e\u0442\u0435\u043d\u0446\u0438\u0430\u043b\u044c\u043d\u043e \u043f\u043e\u0434\u0445\u043e\u0434\u044f\u0442 \u043d\u0430 \u0440\u0435\u043a\u043b\u0430\u043c\u0438\u0440\u0443\u0435\u043c\u0443\u044e \u0434\u043e\u043b\u0436\u043d\u043e\u0441\u0442\u044c.<\/p>\t\t\t\t\t\t\t\t<\/div>\n\t\t\t\t<\/div>\n\t\t\t\t\t<\/div>\n\t\t\t\t<\/div>\n\t\t<div data-dce-background-image-url=\"http:\/\/delego.hu\/wp-content\/uploads\/2024\/07\/piroshatter-2.png\" class=\"elementor-element elementor-element-90c00ae e-flex e-con-boxed e-con e-parent\" data-id=\"90c00ae\" data-element_type=\"container\" data-e-type=\"container\" data-settings=\"{&quot;background_background&quot;:&quot;classic&quot;}\">\n\t\t\t\t\t<div class=\"e-con-inner\">\n\t\t<div class=\"elementor-element elementor-element-ca9aab8 e-con-full e-flex e-con e-child\" data-id=\"ca9aab8\" data-element_type=\"container\" data-e-type=\"container\">\n\t\t\t\t<div data-dce-title-color=\"#FFFFFF\" class=\"elementor-element elementor-element-0416c02 elementor-widget elementor-widget-heading\" data-id=\"0416c02\" data-element_type=\"widget\" data-e-type=\"widget\" data-widget_type=\"heading.default\">\n\t\t\t\t<div class=\"elementor-widget-container\">\n\t\t\t\t\t<h2 class=\"elementor-heading-title elementor-size-default\">\u041f\u043e\u0441\u0440\u0435\u0434\u043d\u0438\u0447\u0435\u0441\u0442\u0432\u043e \u0432 \u043f\u043e\u0434\u0431\u043e\u0440\u0435 \u043f\u0435\u0440\u0441\u043e\u043d\u0430\u043b\u0430, \u043f\u0440\u044f\u043c\u043e\u0439 \u043f\u043e\u0438\u0441\u043a, \u043f\u043e\u0434\u0431\u043e\u0440 \u043c\u0435\u043d\u0435\u0434\u0436\u0435\u0440\u0430.<\/h2>\t\t\t\t<\/div>\n\t\t\t\t<\/div>\n\t\t\t\t<div data-dce-text-color=\"#FFFFFF\" class=\"elementor-element elementor-element-f310454 elementor-widget elementor-widget-text-editor\" data-id=\"f310454\" data-element_type=\"widget\" data-e-type=\"widget\" data-widget_type=\"text-editor.default\">\n\t\t\t\t<div class=\"elementor-widget-container\">\n\t\t\t\t\t\t\t\t\t<div class=\"wpb_text_column wpb_content_element\"><div class=\"wpb_wrapper\"><h5>Delego Consulting Ltd.<\/h5><\/div><\/div><div class=\"wpb_text_column wpb_content_element\"><div class=\"wpb_wrapper\"><p class=\"translation-block\">\u0412\u044b \u0434\u0430\u0432\u043d\u043e \u0438\u0449\u0435\u0442\u0435, \u043d\u043e \u043d\u0435 \u043c\u043e\u0436\u0435\u0442\u0435 \u043d\u0430\u0439\u0442\u0438 \u043f\u043e\u0434\u0445\u043e\u0434\u044f\u0449\u0435\u0433\u043e \u0441\u043e\u0442\u0440\u0443\u0434\u043d\u0438\u043a\u0430? \u0423 \u0432\u0430\u0441 \u043d\u0435\u0434\u043e\u0441\u0442\u0430\u0442\u043e\u0447\u043d\u043e \u0432\u043e\u0437\u043c\u043e\u0436\u043d\u043e\u0441\u0442\u0435\u0439 \u0434\u043b\u044f \u043d\u0430\u0439\u043c\u0430 \u0440\u0430\u0431\u043e\u0442\u043d\u0438\u043a\u043e\u0432? \u0412\u0430\u043c \u043d\u0443\u0436\u043d\u0430 \u0440\u0430\u0431\u043e\u0447\u0430\u044f \u0441\u0438\u043b\u0430 \u0441 \u043e\u043f\u0440\u0435\u0434\u0435\u043b\u0435\u043d\u043d\u044b\u043c\u0438 \u043d\u0430\u0432\u044b\u043a\u0430\u043c\u0438? \u0412\u044b \u0438\u0449\u0435\u0442\u0435 \u0441\u043f\u0435\u0446\u0438\u0430\u043b\u0438\u0441\u0442\u0430 \u043d\u0430 \u0440\u0443\u043a\u043e\u0432\u043e\u0434\u044f\u0449\u0443\u044e \u0434\u043e\u043b\u0436\u043d\u043e\u0441\u0442\u044c? \u0412\u044b\u0431\u0435\u0440\u0438\u0442\u0435 \u0443\u0441\u043b\u0443\u0433\u0438 Delego Consulting Kft. \u043f\u043e \u043f\u043e\u0441\u0440\u0435\u0434\u043d\u0438\u0447\u0435\u0441\u0442\u0432\u0443 \u0438 \u043f\u0440\u044f\u043c\u043e\u043c\u0443 \u043f\u043e\u0438\u0441\u043a\u0443.<\/p><\/div><\/div>\t\t\t\t\t\t\t\t<\/div>\n\t\t\t\t<\/div>\n\t\t\t\t<\/div>\n\t\t<div class=\"elementor-element elementor-element-b7e249b e-con-full e-flex e-con e-child\" data-id=\"b7e249b\" data-element_type=\"container\" data-e-type=\"container\">\n\t\t\t\t<\/div>\n\t\t\t\t\t<\/div>\n\t\t\t\t<\/div>\n\t\t<div class=\"elementor-element elementor-element-3642a66 e-flex e-con-boxed e-con e-parent\" data-id=\"3642a66\" data-element_type=\"container\" data-e-type=\"container\">\n\t\t\t\t\t<div class=\"e-con-inner\">\n\t\t\t\t<div data-dce-text-color=\"#000000\" class=\"elementor-element elementor-element-d6f6385 elementor-widget elementor-widget-text-editor\" data-id=\"d6f6385\" data-element_type=\"widget\" data-e-type=\"widget\" data-widget_type=\"text-editor.default\">\n\t\t\t\t<div class=\"elementor-widget-container\">\n\t\t\t\t\t\t\t\t\t<p class=\"fontsninja-font translation-block\" data-ninja-font=\"helvetica_light_normal\">\u0412\u044b\u0431\u0435\u0440\u0438\u0442\u0435 \u0443\u0441\u043b\u0443\u0433\u0438 Delego Consulting Kft. \u043f\u043e \u043f\u043e\u0441\u0440\u0435\u0434\u043d\u0438\u0447\u0435\u0441\u0442\u0432\u0443 \u0438 \u043f\u0440\u044f\u043c\u043e\u043c\u0443 \u043f\u043e\u0438\u0441\u043a\u0443 \u0440\u0430\u0431\u043e\u0447\u0435\u0439 \u0441\u0438\u043b\u044b.\n\n\u041c\u044b \u0433\u0438\u0431\u043a\u043e \u0430\u0434\u0430\u043f\u0442\u0438\u0440\u0443\u0435\u043c \u043d\u0430\u0448 \u043f\u0440\u043e\u0446\u0435\u0441\u0441 \u043e\u0442\u0431\u043e\u0440\u0430, \u0447\u0442\u043e \u043f\u043e\u0437\u0432\u043e\u043b\u0438\u0442 \u0432\u0430\u043c \u0431\u044b\u0442\u044c \u0446\u0435\u043b\u0435\u043d\u0430\u043f\u0440\u0430\u0432\u043b\u0435\u043d\u043d\u044b\u043c \u043f\u0440\u0438 \u0442\u0440\u0443\u0434\u043e\u0443\u0441\u0442\u0440\u043e\u0439\u0441\u0442\u0432\u0435 \u0440\u0430\u0431\u043e\u0442\u043d\u0438\u043a\u0430.<\/p><p class=\"fontsninja-font translation-block\" data-ninja-font=\"helvetica_light_normal\">\u0414\u043b\u044f \u043a\u0430\u0436\u0434\u043e\u0439 \u0434\u043e\u043b\u0436\u043d\u043e\u0441\u0442\u0438 \u043c\u044b \u0440\u0430\u0441\u0441\u043c\u0430\u0442\u0440\u0438\u0432\u0430\u0435\u043c \u0438\u043d\u0434\u0438\u0432\u0438\u0434\u0443\u0430\u043b\u044c\u043d\u043e, \u043a\u0430\u043a\u043e\u0439 \u043b\u0438\u0447\u043d\u043e\u0439 \u0438 \u043f\u0440\u043e\u0444\u0435\u0441\u0441\u0438\u043e\u043d\u0430\u043b\u044c\u043d\u043e\u0439 \u043a\u043e\u043c\u043f\u0435\u0442\u0435\u043d\u0446\u0438\u0435\u0439 \u0434\u043e\u043b\u0436\u0435\u043d \u043e\u0431\u043b\u0430\u0434\u0430\u0442\u044c \u0438\u0434\u0435\u0430\u043b\u044c\u043d\u044b\u0439 \u0441\u043e\u0438\u0441\u043a\u0430\u0442\u0435\u043b\u044c, \u0430 \u0437\u0430\u0442\u0435\u043c \u043f\u0440\u0438\u0441\u0432\u0430\u0438\u0432\u0430\u0435\u043c \u044d\u0442\u0438\u043c \u043a\u043e\u043c\u043f\u0435\u0442\u0435\u043d\u0446\u0438\u044f\u043c \u0438\u043d\u0441\u0442\u0440\u0443\u043c\u0435\u043d\u0442\u044b \u043e\u0442\u0431\u043e\u0440\u0430, \u0441 \u043f\u043e\u043c\u043e\u0449\u044c\u044e \u043a\u043e\u0442\u043e\u0440\u044b\u0445 \u043d\u0430\u0438\u0431\u043e\u043b\u0435\u0435 \u043d\u0430\u0434\u0451\u0436\u043d\u043e \u043c\u043e\u0436\u043d\u043e \u043e\u0442\u043e\u0431\u0440\u0430\u0442\u044c \u043a\u0430\u043d\u0434\u0438\u0434\u0430\u0442\u043e\u0432 \u0434\u043b\u044f \u0441\u043e\u0431\u0435\u0441\u0435\u0434\u043e\u0432\u0430\u043d\u0438\u044f.\n\n\u041d\u0435\u043a\u043e\u0442\u043e\u0440\u044b\u0435 \u0441\u0444\u0435\u0440\u044b, \u043e\u0442\u0440\u0430\u0441\u043b\u0438, \u043f\u0440\u043e\u0444\u0435\u0441\u0441\u0438\u0438 \u0441\u0442\u0430\u043b\u0438 \u0441\u0435\u0440\u044c\u0435\u0437\u043d\u043e \u0446\u0435\u043d\u0438\u0442\u044c\u0441\u044f \u0441\u0440\u0435\u0434\u0438 \u043e\u0442\u0435\u0447\u0435\u0441\u0442\u0432\u0435\u043d\u043d\u044b\u0445\n\n\u0440\u0430\u0431\u043e\u0442\u043e\u0434\u0430\u0442\u0435\u043b\u0435\u0439.<\/p><p class=\"fontsninja-font translation-block\" data-ninja-font=\"helvetica_light_normal\">\u042d\u0442\u0438 \u0441\u043f\u0435\u0446\u0438\u0430\u043b\u0438\u0441\u0442\u044b \u0438 \u043c\u0435\u043d\u0435\u0434\u0436\u0435\u0440\u044b \u0441\u043e \u0441\u043f\u0435\u0446\u0438\u0430\u043b\u044c\u043d\u044b\u043c\u0438 \u0437\u043d\u0430\u043d\u0438\u044f\u043c\u0438 \u043d\u0435 \u043d\u0430\u0445\u043e\u0434\u044f\u0442\u0441\u044f \u0432 \u0441\u0432\u043e\u0431\u043e\u0434\u043d\u043e\u043c \u0434\u043e\u0441\u0442\u0443\u043f\u0435 \u043d\u0430 \u0440\u044b\u043d\u043a\u0435 \u0442\u0440\u0443\u0434\u0430. \u0421 \u043d\u0438\u043c\u0438 \u043d\u0443\u0436\u043d\u043e \u0441\u0432\u044f\u0437\u0430\u0442\u044c\u0441\u044f \u0438 \u043c\u043e\u0442\u0438\u0432\u0438\u0440\u043e\u0432\u0430\u0442\u044c.\n\n\u0412 \u0442\u0430\u043a\u0438\u0445 \u0441\u043b\u0443\u0447\u0430\u044f\u0445 \u0440\u0435\u043a\u043b\u0430\u043c\u0430 \u0438 \u043f\u043e\u0438\u0441\u043a \u0432 \u0438\u043d\u0442\u0435\u0440\u043d\u0435\u0442 \u0431\u0430\u0437\u0430\u0445 \u043d\u0435\u0434\u043e\u0441\u0442\u0430\u0442\u043e\u0447\u043d\u044b.<\/p><p class=\"fontsninja-font translation-block\" data-ninja-font=\"helvetica_light_normal\">\u041d\u0430\u0448 \u043c\u043d\u043e\u0433\u043e\u043b\u0435\u0442\u043d\u0438\u0439 \u043e\u043f\u044b\u0442, \u0441\u0435\u0442\u044c \u043a\u043e\u043d\u0442\u0430\u043a\u0442\u043e\u0432 \u0438 \u0430\u043b\u044c\u0442\u0435\u0440\u043d\u0430\u0442\u0438\u0432\u043d\u044b\u0435 \u043c\u0435\u0442\u043e\u0434\u044b \u043f\u043e\u043c\u043e\u0433\u0443\u0442 \u0412\u0430\u043c \u043d\u0430\u0439\u0442\u0438 \u043f\u043e\u0434\u0445\u043e\u0434\u044f\u0449\u0443\u044e \u043a\u0430\u043d\u0434\u0438\u0434\u0430\u0442\u0443\u0440\u0443.\n\n\u041c\u044b \u0441\u043f\u0435\u0446\u0438\u0430\u043b\u0438\u0437\u0438\u0440\u043e\u0432\u0430\u043b\u0438\u0441\u044c \u043d\u0430 \u0440\u0435\u043a\u0440\u0443\u0438\u0442\u0438\u043d\u0433\u0435 \u0441\u043f\u0435\u0446\u0438\u0430\u043b\u0438\u0441\u0442\u043e\u0432 SSC, \u0438\u043d\u0436\u0435\u043d\u0435\u0440\u043e\u0432 \u044d\u043b\u0435\u043a\u0442\u0440\u0438\u043a\u043e\u0432, \u0442\u0435\u0445\u043d\u043e\u043b\u043e\u0433\u043e\u0432, \u0441\u043f\u0435\u0446\u0438\u0430\u043b\u0438\u0441\u0442\u043e\u0432 \u043f\u043e \u043b\u043e\u0433\u0438\u0441\u0442\u0438\u043a\u0435, \u044d\u043a\u043e\u043d\u043e\u043c\u0438\u0441\u0442\u043e\u0432, \u0444\u0438\u043d\u0430\u043d\u0441\u0438\u0441\u0442\u043e\u0432 \u0438 IT-\u0448\u043d\u0438\u043a\u043e\u0432 \u0441\u043e \u0437\u043d\u0430\u043d\u0438\u044f\u043c\u0438 \u0438\u043d\u043e\u0441\u0442\u0440\u0430\u043d\u043d\u044b\u0445 \u044f\u0437\u044b\u043a\u043e\u0432.<\/p>\t\t\t\t\t\t\t\t<\/div>\n\t\t\t\t<\/div>\n\t\t\t\t<div data-dce-background-color=\"#61CE7000\" class=\"elementor-element elementor-element-89e5795 elementor-align-left elementor-widget elementor-widget-button\" data-id=\"89e5795\" data-element_type=\"widget\" data-e-type=\"widget\" data-widget_type=\"button.default\">\n\t\t\t\t<div class=\"elementor-widget-container\">\n\t\t\t\t\t\t\t\t\t<div class=\"elementor-button-wrapper\">\n\t\t\t\t\t<a class=\"elementor-button elementor-button-link elementor-size-sm\" href=\"https:\/\/delego.hu\/ru\/ajanlatkeres\/\">\n\t\t\t\t\t\t<span class=\"elementor-button-content-wrapper\">\n\t\t\t\t\t\t\t\t\t<span class=\"elementor-button-text\">\u0421\u043f\u0440\u043e\u0441\u0438\u0442\u0435 \u043d\u0430\u0448\u0435 \u043f\u0440\u0435\u0434\u043b\u043e\u0436\u0435\u043d\u0438\u0435<\/span>\n\t\t\t\t\t<\/span>\n\t\t\t\t\t<\/a>\n\t\t\t\t<\/div>\n\t\t\t\t\t\t\t\t<\/div>\n\t\t\t\t<\/div>\n\t\t\t\t\t<\/div>\n\t\t\t\t<\/div>\n\t\t\t\t<\/div>","protected":false},"excerpt":{"rendered":"<p>Toborz\u00e1si- kiv\u00e1laszt\u00e1si folyamatunk koll\u00e9g\u00e1ink\u00a0sok\u00e9ves tapasztalat\u00e1n \u00e9s a\u00a0rendelkez\u00e9sre \u00e1ll\u00f3\u00a0eszk\u00f6z\u00f6k, m\u00f3dszerek megfelel\u0151 felhaszn\u00e1l\u00e1s\u00e1n\u00a0alapulnak. A poz\u00edci\u00f3 t\u00edpus\u00e1nak, szintj\u00e9nek, valamint az elv\u00e1rt tapasztalat \u00e9s szaktud\u00e1s ismeret\u00e9ben hat\u00e1rozzuk meg azokat a toborz\u00e1si eszk\u00f6z\u00f6ket, amelyekkel biztos\u00edtani tudjuk, hogy \u00dcgyfeleink a legjobb munkat\u00e1rsat a legkevesebb id\u0151 \u00e9s energia r\u00e1ford\u00edt\u00e1ssal tal\u00e1lj\u00e1k meg. A kiv\u00e1laszt\u00e1s szinte teljes folyamat\u00e1t magunkra v\u00e1llaljuk, \u00dcgyfeleinknek m\u00e1r csak azon [&hellip;]<\/p>","protected":false},"author":1,"featured_media":0,"parent":0,"menu_order":0,"comment_status":"closed","ping_status":"closed","template":"","meta":{"_acf_changed":false,"footnotes":""},"class_list":["post-299","page","type-page","status-publish","hentry"],"acf":[],"yoast_head":"<!-- This site is optimized with the Yoast SEO plugin v25.3 - https:\/\/yoast.com\/wordpress\/plugins\/seo\/ -->\n<title>Munkaer\u0151-k\u00f6zvet\u00edt\u00e9s - Delego<\/title>\n<meta name=\"robots\" content=\"index, follow, max-snippet:-1, max-image-preview:large, max-video-preview:-1\" \/>\n<link rel=\"canonical\" href=\"https:\/\/delego.hu\/ru\/munkaero-kozvetites\/\" \/>\n<meta property=\"og:locale\" content=\"ru_RU\" \/>\n<meta property=\"og:type\" content=\"article\" \/>\n<meta property=\"og:title\" content=\"Munkaer\u0151-k\u00f6zvet\u00edt\u00e9s - Delego\" \/>\n<meta property=\"og:description\" content=\"Toborz\u00e1si- kiv\u00e1laszt\u00e1si folyamatunk koll\u00e9g\u00e1ink\u00a0sok\u00e9ves tapasztalat\u00e1n \u00e9s a\u00a0rendelkez\u00e9sre \u00e1ll\u00f3\u00a0eszk\u00f6z\u00f6k, m\u00f3dszerek megfelel\u0151 felhaszn\u00e1l\u00e1s\u00e1n\u00a0alapulnak. A poz\u00edci\u00f3 t\u00edpus\u00e1nak, szintj\u00e9nek, valamint az elv\u00e1rt tapasztalat \u00e9s szaktud\u00e1s ismeret\u00e9ben hat\u00e1rozzuk meg azokat a toborz\u00e1si eszk\u00f6z\u00f6ket, amelyekkel biztos\u00edtani tudjuk, hogy \u00dcgyfeleink a legjobb munkat\u00e1rsat a legkevesebb id\u0151 \u00e9s energia r\u00e1ford\u00edt\u00e1ssal tal\u00e1lj\u00e1k meg. A kiv\u00e1laszt\u00e1s szinte teljes folyamat\u00e1t magunkra v\u00e1llaljuk, \u00dcgyfeleinknek m\u00e1r csak azon [&hellip;]\" \/>\n<meta property=\"og:url\" content=\"https:\/\/delego.hu\/ru\/munkaero-kozvetites\/\" \/>\n<meta property=\"og:site_name\" content=\"Delego\" \/>\n<meta property=\"article:modified_time\" content=\"2025-07-09T09:32:49+00:00\" \/>\n<meta name=\"twitter:card\" content=\"summary_large_image\" \/>\n<meta name=\"twitter:label1\" content=\"\u041f\u0440\u0438\u043c\u0435\u0440\u043d\u043e\u0435 \u0432\u0440\u0435\u043c\u044f \u0434\u043b\u044f \u0447\u0442\u0435\u043d\u0438\u044f\" \/>\n\t<meta name=\"twitter:data1\" content=\"2 \u043c\u0438\u043d\u0443\u0442\u044b\" \/>\n<script type=\"application\/ld+json\" class=\"yoast-schema-graph\">{\"@context\":\"https:\/\/schema.org\",\"@graph\":[{\"@type\":\"WebPage\",\"@id\":\"https:\/\/delego.hu\/hu\/munkaero-kozvetites\/\",\"url\":\"https:\/\/delego.hu\/hu\/munkaero-kozvetites\/\",\"name\":\"Munkaer\u0151-k\u00f6zvet\u00edt\u00e9s - Delego\",\"isPartOf\":{\"@id\":\"https:\/\/delego.hu\/ru\/#website\"},\"datePublished\":\"2024-07-16T08:53:58+00:00\",\"dateModified\":\"2025-07-09T09:32:49+00:00\",\"breadcrumb\":{\"@id\":\"https:\/\/delego.hu\/hu\/munkaero-kozvetites\/#breadcrumb\"},\"inLanguage\":\"ru-RU\",\"potentialAction\":[{\"@type\":\"ReadAction\",\"target\":[\"https:\/\/delego.hu\/hu\/munkaero-kozvetites\/\"]}]},{\"@type\":\"BreadcrumbList\",\"@id\":\"https:\/\/delego.hu\/hu\/munkaero-kozvetites\/#breadcrumb\",\"itemListElement\":[{\"@type\":\"ListItem\",\"position\":1,\"name\":\"Kezd\u0151lap\",\"item\":\"https:\/\/delego.hu\/hu\/\"},{\"@type\":\"ListItem\",\"position\":2,\"name\":\"Munkaer\u0151-k\u00f6zvet\u00edt\u00e9s\"}]},{\"@type\":\"WebSite\",\"@id\":\"https:\/\/delego.hu\/ru\/#website\",\"url\":\"https:\/\/delego.hu\/ru\/\",\"name\":\"Delego\",\"description\":\"\",\"publisher\":{\"@id\":\"https:\/\/delego.hu\/ru\/#organization\"},\"potentialAction\":[{\"@type\":\"SearchAction\",\"target\":{\"@type\":\"EntryPoint\",\"urlTemplate\":\"https:\/\/delego.hu\/ru\/?s={search_term_string}\"},\"query-input\":{\"@type\":\"PropertyValueSpecification\",\"valueRequired\":true,\"valueName\":\"search_term_string\"}}],\"inLanguage\":\"ru-RU\"},{\"@type\":\"Organization\",\"@id\":\"https:\/\/delego.hu\/ru\/#organization\",\"name\":\"Delego\",\"url\":\"https:\/\/delego.hu\/ru\/\",\"logo\":{\"@type\":\"ImageObject\",\"inLanguage\":\"ru-RU\",\"@id\":\"https:\/\/delego.hu\/ru\/#\/schema\/logo\/image\/\",\"url\":\"https:\/\/delego.hu\/wp-content\/uploads\/2024\/07\/logodelego.png\",\"contentUrl\":\"https:\/\/delego.hu\/wp-content\/uploads\/2024\/07\/logodelego.png\",\"width\":117,\"height\":50,\"caption\":\"Delego\"},\"image\":{\"@id\":\"https:\/\/delego.hu\/ru\/#\/schema\/logo\/image\/\"}}]}<\/script>\n<!-- \/ Yoast SEO plugin. -->","yoast_head_json":{"title":"Munkaer\u0151-k\u00f6zvet\u00edt\u00e9s - Delego","robots":{"index":"index","follow":"follow","max-snippet":"max-snippet:-1","max-image-preview":"max-image-preview:large","max-video-preview":"max-video-preview:-1"},"canonical":"https:\/\/delego.hu\/ru\/munkaero-kozvetites\/","og_locale":"ru_RU","og_type":"article","og_title":"Munkaer\u0151-k\u00f6zvet\u00edt\u00e9s - Delego","og_description":"Toborz\u00e1si- kiv\u00e1laszt\u00e1si folyamatunk koll\u00e9g\u00e1ink\u00a0sok\u00e9ves tapasztalat\u00e1n \u00e9s a\u00a0rendelkez\u00e9sre \u00e1ll\u00f3\u00a0eszk\u00f6z\u00f6k, m\u00f3dszerek megfelel\u0151 felhaszn\u00e1l\u00e1s\u00e1n\u00a0alapulnak. A poz\u00edci\u00f3 t\u00edpus\u00e1nak, szintj\u00e9nek, valamint az elv\u00e1rt tapasztalat \u00e9s szaktud\u00e1s ismeret\u00e9ben hat\u00e1rozzuk meg azokat a toborz\u00e1si eszk\u00f6z\u00f6ket, amelyekkel biztos\u00edtani tudjuk, hogy \u00dcgyfeleink a legjobb munkat\u00e1rsat a legkevesebb id\u0151 \u00e9s energia r\u00e1ford\u00edt\u00e1ssal tal\u00e1lj\u00e1k meg. A kiv\u00e1laszt\u00e1s szinte teljes folyamat\u00e1t magunkra v\u00e1llaljuk, \u00dcgyfeleinknek m\u00e1r csak azon [&hellip;]","og_url":"https:\/\/delego.hu\/ru\/munkaero-kozvetites\/","og_site_name":"Delego","article_modified_time":"2025-07-09T09:32:49+00:00","twitter_card":"summary_large_image","twitter_misc":{"\u041f\u0440\u0438\u043c\u0435\u0440\u043d\u043e\u0435 \u0432\u0440\u0435\u043c\u044f \u0434\u043b\u044f \u0447\u0442\u0435\u043d\u0438\u044f":"2 \u043c\u0438\u043d\u0443\u0442\u044b"},"schema":{"@context":"https:\/\/schema.org","@graph":[{"@type":"WebPage","@id":"https:\/\/delego.hu\/hu\/munkaero-kozvetites\/","url":"https:\/\/delego.hu\/hu\/munkaero-kozvetites\/","name":"Munkaer\u0151-k\u00f6zvet\u00edt\u00e9s - Delego","isPartOf":{"@id":"https:\/\/delego.hu\/ru\/#website"},"datePublished":"2024-07-16T08:53:58+00:00","dateModified":"2025-07-09T09:32:49+00:00","breadcrumb":{"@id":"https:\/\/delego.hu\/hu\/munkaero-kozvetites\/#breadcrumb"},"inLanguage":"ru-RU","potentialAction":[{"@type":"ReadAction","target":["https:\/\/delego.hu\/hu\/munkaero-kozvetites\/"]}]},{"@type":"BreadcrumbList","@id":"https:\/\/delego.hu\/hu\/munkaero-kozvetites\/#breadcrumb","itemListElement":[{"@type":"ListItem","position":1,"name":"Kezd\u0151lap","item":"https:\/\/delego.hu\/hu\/"},{"@type":"ListItem","position":2,"name":"Munkaer\u0151-k\u00f6zvet\u00edt\u00e9s"}]},{"@type":"WebSite","@id":"https:\/\/delego.hu\/ru\/#website","url":"https:\/\/delego.hu\/ru\/","name":"Delego","description":"","publisher":{"@id":"https:\/\/delego.hu\/ru\/#organization"},"potentialAction":[{"@type":"SearchAction","target":{"@type":"EntryPoint","urlTemplate":"https:\/\/delego.hu\/ru\/?s={search_term_string}"},"query-input":{"@type":"PropertyValueSpecification","valueRequired":true,"valueName":"search_term_string"}}],"inLanguage":"ru-RU"},{"@type":"Organization","@id":"https:\/\/delego.hu\/ru\/#organization","name":"Delego","url":"https:\/\/delego.hu\/ru\/","logo":{"@type":"ImageObject","inLanguage":"ru-RU","@id":"https:\/\/delego.hu\/ru\/#\/schema\/logo\/image\/","url":"https:\/\/delego.hu\/wp-content\/uploads\/2024\/07\/logodelego.png","contentUrl":"https:\/\/delego.hu\/wp-content\/uploads\/2024\/07\/logodelego.png","width":117,"height":50,"caption":"Delego"},"image":{"@id":"https:\/\/delego.hu\/ru\/#\/schema\/logo\/image\/"}}]}},"_links":{"self":[{"href":"https:\/\/delego.hu\/ru\/wp-json\/wp\/v2\/pages\/299","targetHints":{"allow":["GET"]}}],"collection":[{"href":"https:\/\/delego.hu\/ru\/wp-json\/wp\/v2\/pages"}],"about":[{"href":"https:\/\/delego.hu\/ru\/wp-json\/wp\/v2\/types\/page"}],"author":[{"embeddable":true,"href":"https:\/\/delego.hu\/ru\/wp-json\/wp\/v2\/users\/1"}],"replies":[{"embeddable":true,"href":"https:\/\/delego.hu\/ru\/wp-json\/wp\/v2\/comments?post=299"}],"version-history":[{"count":10,"href":"https:\/\/delego.hu\/ru\/wp-json\/wp\/v2\/pages\/299\/revisions"}],"predecessor-version":[{"id":1756,"href":"https:\/\/delego.hu\/ru\/wp-json\/wp\/v2\/pages\/299\/revisions\/1756"}],"wp:attachment":[{"href":"https:\/\/delego.hu\/ru\/wp-json\/wp\/v2\/media?parent=299"}],"curies":[{"name":"wp","href":"https:\/\/api.w.org\/{rel}","templated":true}]}}