{"id":283,"date":"2024-07-16T08:13:53","date_gmt":"2024-07-16T08:13:53","guid":{"rendered":"https:\/\/delego.hu\/?page_id=283"},"modified":"2025-07-09T09:31:39","modified_gmt":"2025-07-09T09:31:39","slug":"munkaero-kolcsonzes","status":"publish","type":"page","link":"https:\/\/delego.hu\/ru\/munkaero-kolcsonzes\/","title":{"rendered":"\u041f\u043e \u0432\u0440\u0435\u043c\u0435\u043d\u043d\u043e\u043c\u0443 \u0442\u0440\u0443\u0434\u043e\u0443\u0441\u0442\u0440\u043e\u0439\u0441\u0442\u0432\u0443"},"content":{"rendered":"<div data-elementor-type=\"wp-page\" data-elementor-id=\"283\" class=\"elementor elementor-283\" data-elementor-post-type=\"page\">\n\t\t\t\t<div class=\"elementor-element elementor-element-5c6cd9b e-flex e-con-boxed e-con e-parent\" data-id=\"5c6cd9b\" data-element_type=\"container\" data-e-type=\"container\">\n\t\t\t\t\t<div class=\"e-con-inner\">\n\t\t\t\t<div data-dce-text-color=\"#000000\" class=\"elementor-element elementor-element-8894e6e elementor-widget elementor-widget-text-editor\" data-id=\"8894e6e\" data-element_type=\"widget\" data-e-type=\"widget\" data-widget_type=\"text-editor.default\">\n\t\t\t\t<div class=\"elementor-widget-container\">\n\t\t\t\t\t\t\t\t\t<p class=\"translation-block\">\u0421\u0435\u0433\u043e\u0434\u043d\u044f\u0448\u043d\u0438\u0435 \u043c\u0435\u043d\u044f\u044e\u0449\u0438\u0435\u0441\u044f \u044d\u043a\u043e\u043d\u043e\u043c\u0438\u0447\u0435\u0441\u043a\u0438\u0435 \u0443\u0441\u043b\u043e\u0432\u0438\u044f \u0441\u0442\u0430\u0432\u044f\u0442 \u043d\u0430\u0441 \u043f\u0435\u0440\u0435\u0434 \u043d\u043e\u0432\u044b\u043c\u0438 \u0432\u044b\u0437\u043e\u0432\u0430\u043c\u0438 \u043d\u0430 \u0440\u044b\u043d\u043a\u0435 \u0442\u0440\u0443\u0434\u0430.\n\n\u0413\u0438\u0431\u043a\u043e\u0441\u0442\u044c, \u0431\u044b\u0441\u0442\u0440\u0430\u044f \u0430\u0434\u0430\u043f\u0442\u0430\u0446\u0438\u044f \u043a \u0438\u0437\u043c\u0435\u043d\u0435\u043d\u0438\u044f\u043c \u0438 \u043f\u043e\u0434\u0434\u0435\u0440\u0436\u043a\u0430, \u0432\u044b\u0441\u043e\u043a\u0438\u0439 \u0443\u0440\u043e\u0432\u0435\u043d\u044c \u043f\u0440\u043e\u0444\u0435\u0441\u0441\u0438\u043e\u043d\u0430\u043b\u044c\u043d\u044b\u0445 \u0437\u043d\u0430\u043d\u0438\u0439 \u0441\u0442\u0430\u043b\u0438 \u043a\u043b\u044e\u0447\u0435\u0432\u044b\u043c\u0438 \u043f\u043e\u043d\u044f\u0442\u0438\u044f\u043c\u0438.<\/p><p class=\"translation-block\">\u041e\u0442\u0432\u0435\u0442 \u043d\u0430 \u044d\u0442\u0438 \u0432\u044b\u0437\u043e\u0432\u044b \u043e\u0442\u043b\u0438\u0447\u0430\u0435\u0442\u0441\u044f \u043e\u0442 \u0442\u0440\u0430\u0434\u0438\u0446\u0438\u043e\u043d\u043d\u044b\u0445 \u2013 \u00ab\u0442\u0438\u043f\u0438\u0447\u043d\u044b\u0445\u00bb \u0444\u043e\u0440\u043c \u0437\u0430\u043d\u044f\u0442\u043e\u0441\u0442\u0438 \u0438 \u043f\u0440\u0438\u0432\u0435\u043b\u0438 \u0440\u044b\u043d\u043e\u043a \u043a \u0448\u0438\u0440\u043e\u043a\u043e\u043c\u0443 \u0438\u0441\u043f\u043e\u043b\u044c\u0437\u043e\u0432\u0430\u043d\u0438\u044e \u0430\u0443\u0442\u0441\u0442\u0430\u0444\u0444\u0438\u043d\u0433\u043e\u0432\u044b\u0445 \u0443\u0441\u043b\u0443\u0433.<\/p>\t\t\t\t\t\t\t\t<\/div>\n\t\t\t\t<\/div>\n\t\t\t\t\t<\/div>\n\t\t\t\t<\/div>\n\t\t<div data-dce-background-image-url=\"http:\/\/delego.hu\/wp-content\/uploads\/2024\/07\/careers-lg-1.jpg\" class=\"elementor-element elementor-element-90c00ae e-flex e-con-boxed e-con e-parent\" data-id=\"90c00ae\" data-element_type=\"container\" data-e-type=\"container\" data-settings=\"{&quot;background_background&quot;:&quot;classic&quot;}\">\n\t\t\t\t\t<div class=\"e-con-inner\">\n\t\t<div class=\"elementor-element elementor-element-ca9aab8 e-con-full e-flex e-con e-child\" data-id=\"ca9aab8\" data-element_type=\"container\" data-e-type=\"container\">\n\t\t\t\t<\/div>\n\t\t<div class=\"elementor-element elementor-element-b7e249b e-con-full e-flex e-con e-child\" data-id=\"b7e249b\" data-element_type=\"container\" data-e-type=\"container\">\n\t\t\t\t<div data-dce-title-color=\"#000000\" class=\"elementor-element elementor-element-0416c02 elementor-widget elementor-widget-heading\" data-id=\"0416c02\" data-element_type=\"widget\" data-e-type=\"widget\" data-widget_type=\"heading.default\">\n\t\t\t\t<div class=\"elementor-widget-container\">\n\t\t\t\t\t<h2 class=\"elementor-heading-title elementor-size-default\">\u0413\u0430\u0440\u0430\u043d\u0442\u0438\u044f \u043a\u0430\u0447\u0435\u0441\u0442\u0432\u0430\n\u0410\u0440\u0435\u043d\u0434\u0430 \u0440\u0430\u0431\u043e\u0447\u0435\u0439 \u0441\u0438\u043b\u044b<\/h2>\t\t\t\t<\/div>\n\t\t\t\t<\/div>\n\t\t\t\t<div data-dce-text-color=\"#000000\" class=\"elementor-element elementor-element-f310454 elementor-widget elementor-widget-text-editor\" data-id=\"f310454\" data-element_type=\"widget\" data-e-type=\"widget\" data-widget_type=\"text-editor.default\">\n\t\t\t\t<div class=\"elementor-widget-container\">\n\t\t\t\t\t\t\t\t\t<p>\u0412\u044b \u0438\u0449\u0435\u0442\u0435 \u0431\u043e\u043b\u0435\u0435 \u0432\u044b\u0433\u043e\u0434\u043d\u043e\u0435, \u0433\u0438\u0431\u043a\u043e\u0435 \u0440\u0435\u0448\u0435\u043d\u0438\u0435, \u0447\u0435\u043c \u0442\u0440\u0430\u0434\u0438\u0446\u0438\u043e\u043d\u043d\u044b\u0435 \u0444\u043e\u0440\u043c\u044b \u0437\u0430\u043d\u044f\u0442\u043e\u0441\u0442\u0438? \u0412\u0430\u0448\u0438 \u043f\u043e\u0442\u0440\u0435\u0431\u043d\u043e\u0441\u0442\u0438 \u0432 \u0440\u0430\u0431\u043e\u0447\u0435\u0439 \u0441\u0438\u043b\u0435 \u043f\u043e\u0441\u0442\u043e\u044f\u043d\u043d\u043e \u043c\u0435\u043d\u044f\u044e\u0442\u0441\u044f? \u0412\u044b \u043d\u0435 \u043f\u043b\u0430\u043d\u0438\u0440\u0443\u0435\u0442\u0435 \u0440\u0430\u0441\u0448\u0438\u0440\u044f\u0442\u044c \u0441\u0432\u043e\u0439 \u0441\u043e\u0431\u0441\u0442\u0432\u0435\u043d\u043d\u044b\u0439 \u0440\u0430\u0431\u043e\u0447\u0438\u0439 \u043f\u0435\u0440\u0441\u043e\u043d\u0430\u043b, \u043d\u043e \u0432\u0430\u043c \u0432\u0441\u0435 \u0435\u0449\u0435 \u043d\u0443\u0436\u043d\u0430 \u0440\u0430\u0431\u043e\u0447\u0430\u044f \u0441\u0438\u043b\u0430? \u0422\u043e\u0433\u0434\u0430 \u0441\u043b\u0443\u0436\u0431\u0430 \u0432\u0440\u0435\u043c\u0435\u043d\u043d\u043e\u0433\u043e \u0442\u0440\u0443\u0434\u043e\u0443\u0441\u0442\u0440\u043e\u0439\u0441\u0442\u0432\u0430 Delego Kft. \u2013 \u043f\u0440\u0430\u0432\u0438\u043b\u044c\u043d\u044b\u0439 \u0432\u044b\u0431\u043e\u0440!<\/p>\t\t\t\t\t\t\t\t<\/div>\n\t\t\t\t<\/div>\n\t\t\t\t<\/div>\n\t\t\t\t\t<\/div>\n\t\t\t\t<\/div>\n\t\t<div class=\"elementor-element elementor-element-3642a66 e-flex e-con-boxed e-con e-parent\" data-id=\"3642a66\" data-element_type=\"container\" data-e-type=\"container\">\n\t\t\t\t\t<div class=\"e-con-inner\">\n\t\t\t\t<div data-dce-text-color=\"#000000\" class=\"elementor-element elementor-element-d6f6385 elementor-widget elementor-widget-text-editor\" data-id=\"d6f6385\" data-element_type=\"widget\" data-e-type=\"widget\" data-widget_type=\"text-editor.default\">\n\t\t\t\t<div class=\"elementor-widget-container\">\n\t\t\t\t\t\t\t\t\t<p class=\"fontsninja-font translation-block\" data-ninja-font=\"helvetica_light_normal\">\u0421\u0435\u0433\u043e\u0434\u043d\u044f \u0435\u0436\u0435\u0433\u043e\u0434\u043d\u043e \u0442\u0440\u0443\u0434\u043e\u0443\u0441\u0442\u0440\u0430\u0438\u0432\u0430\u0435\u0442\u0441\u044f \u0431\u043e\u043b\u0435\u0435 130 000 \u0440\u0430\u0431\u043e\u0442\u043d\u0438\u043a\u043e\u0432 \u0447\u0435\u0440\u0435\u0437 \u0430\u0443\u0442\u0441\u0442\u0430\u0444\u0444\u0435\u0440\u043e\u0432, \u0438 \u0438\u0445 \u043a\u043e\u043b\u0438\u0447\u0435\u0441\u0442\u0432\u043e \u0440\u0430\u0441\u0442\u0451\u0442.<\/p><p class=\"fontsninja-font translation-block\" data-ninja-font=\"helvetica_light_normal\">\u0421 \u0443\u0447\u0435\u0442\u043e\u043c \u0442\u0435\u043d\u0434\u0435\u043d\u0446\u0438\u0439 \u0432 \u0441\u0444\u0435\u0440\u0435 \u0437\u0430\u043d\u044f\u0442\u043e\u0441\u0442\u0438 \u0440\u0430\u0437\u0440\u0430\u0431\u043e\u0442\u0430\u043d \u043d\u043e\u0432\u044b\u0439 \u0422\u0440\u0443\u0434\u043e\u0432\u043e\u0439 \u043a\u043e\u0434\u0435\u043a\u0441 \u2013 \u0438 \u0434\u043e\u043f\u043e\u043b\u043d\u0438\u0442\u0435\u043b\u044c\u043d\u043e\u0435 \u0437\u0430\u043a\u043e\u043d\u043e\u0434\u0430\u0442\u0435\u043b\u044c\u0441\u0442\u0432\u043e \u2013 \u043a\u043e\u0442\u043e\u0440\u043e\u0435 \u0441\u043f\u043e\u0441\u043e\u0431\u0441\u0442\u0432\u0443\u0435\u0442 \u0440\u0430\u0437\u0432\u0438\u0442\u0438\u044e \u0430\u0443\u0442\u0441\u0442\u0430\u0444\u0444\u0438\u043d\u0433\u043e\u0432\u044b\u0445 \u043a\u043e\u043c\u043f\u0430\u043d\u0438\u0439 \u0438 \u0443\u0432\u0435\u043b\u0438\u0447\u0435\u043d\u0438\u044e \u0437\u0430\u043d\u044f\u0442\u043e\u0441\u0442\u0438.<\/p><p class=\"fontsninja-font translation-block\" data-ninja-font=\"helvetica_light_normal\">\u041f\u0440\u0438 \u043d\u0435\u043e\u0431\u0445\u043e\u0434\u0438\u043c\u043e\u0441\u0442\u0438 \u043c\u044b \u043e\u0431\u0435\u0441\u043f\u0435\u0447\u0438\u0432\u0430\u0435\u043c \u043d\u0430\u0448\u0438\u0445 \u043f\u0430\u0440\u0442\u043d\u0451\u0440\u043e\u0432 \u044e\u0440\u0438\u0434\u0438\u0447\u0435\u0441\u043a\u043e\u0439 \u043a\u043e\u043d\u0441\u0443\u043b\u044c\u0442\u0430\u0446\u0438\u0435\u0439 \u0432 \u0432\u0435\u0441\u044c\u043c\u0430 \u0441\u043b\u043e\u0436\u043d\u043e\u0439 \u0441\u0444\u0435\u0440\u0435 \u0442\u0440\u0443\u0434\u043e\u0443\u0441\u0442\u0440\u043e\u0439\u0441\u0442\u0432\u0430, \u043a\u043e\u0442\u043e\u0440\u0430\u044f \u043d\u0435 \u0440\u0435\u0434\u043a\u043e \u043f\u0440\u0438\u0432\u043e\u0434\u0438\u0442 \u043a \u0437\u043d\u0430\u0447\u0438\u0442\u0435\u043b\u044c\u043d\u043e\u0439 \u044d\u043a\u043e\u043d\u043e\u043c\u0438\u0438 \u0437\u0430\u0442\u0440\u0430\u0442. \u0423\u0441\u043b\u0443\u0433\u0438 \u0430\u0443\u0442\u0441\u0442\u0430\u0444\u0444\u0438\u043d\u0433\u0430 \u0434\u0430\u044e\u0442 \u0433\u0438\u0431\u043a\u043e\u0441\u0442\u044c \u0432 \u0438\u0441\u043f\u043e\u043b\u044c\u0437\u043e\u0432\u0430\u043d\u0438\u0438 \u043d\u0435\u043e\u0431\u0445\u043e\u0434\u0438\u043c\u043e\u0433\u043e \u043a\u043e\u043b\u0438\u0447\u0435\u0441\u0442\u0432\u0430 \u0440\u0430\u0431\u043e\u0447\u0435\u0439 \u0441\u0438\u043b\u044b. \u041d\u0430\u0448\u0438 \u0441\u043f\u0435\u0446\u0438\u0430\u043b\u0438\u0441\u0442\u044b \u043d\u0430\u043a\u043e\u043f\u0438\u043b\u0438 \u043e\u043f\u044b\u0442 \u0440\u0430\u0431\u043e\u0442\u044b \u0432 \u0430\u0443\u0442\u0441\u0442\u0430\u0444\u0444\u0438\u043d\u0433\u0435 \u0432 \u0442\u0430\u043a\u0438\u0445 \u043e\u0431\u043b\u0430\u0441\u0442\u044f\u0445, \u043a\u0430\u043a \u044d\u043b\u0435\u043a\u0442\u0440\u043e\u043d\u0438\u043a\u0430, \u0430\u0432\u0442\u043e\u043c\u043e\u0431\u0438\u043b\u0435\u0441\u0442\u0440\u043e\u0435\u043d\u0438\u0435, \u043f\u0440\u043e\u0438\u0437\u0432\u043e\u0434\u0441\u0442\u0432\u043e, \u043b\u043e\u0433\u0438\u0441\u0442\u0438\u043a\u0430, \u0442\u043e\u0440\u0433\u043e\u0432\u043b\u044f, \u043e\u0431\u0441\u043b\u0443\u0436\u0438\u0432\u0430\u043d\u0438\u0435 \u043a\u043b\u0438\u0435\u043d\u0442\u043e\u0432, \u043a\u043e\u043b\u043b-\u0446\u0435\u043d\u0442\u0440 \u0438 SSC.<\/p>\t\t\t\t\t\t\t\t<\/div>\n\t\t\t\t<\/div>\n\t\t\t\t<div data-dce-background-color=\"#61CE7000\" class=\"elementor-element elementor-element-89e5795 elementor-align-left elementor-widget elementor-widget-button\" data-id=\"89e5795\" data-element_type=\"widget\" data-e-type=\"widget\" data-widget_type=\"button.default\">\n\t\t\t\t<div class=\"elementor-widget-container\">\n\t\t\t\t\t\t\t\t\t<div class=\"elementor-button-wrapper\">\n\t\t\t\t\t<a class=\"elementor-button elementor-button-link elementor-size-sm\" href=\"https:\/\/delego.hu\/ru\/ajanlatkeres\/\">\n\t\t\t\t\t\t<span class=\"elementor-button-content-wrapper\">\n\t\t\t\t\t\t\t\t\t<span class=\"elementor-button-text\">\u0421\u043f\u0440\u043e\u0441\u0438\u0442\u0435 \u043d\u0430\u0448\u0435 \u043f\u0440\u0435\u0434\u043b\u043e\u0436\u0435\u043d\u0438\u0435<\/span>\n\t\t\t\t\t<\/span>\n\t\t\t\t\t<\/a>\n\t\t\t\t<\/div>\n\t\t\t\t\t\t\t\t<\/div>\n\t\t\t\t<\/div>\n\t\t\t\t\t<\/div>\n\t\t\t\t<\/div>\n\t\t\t\t<\/div>","protected":false},"excerpt":{"rendered":"<p>Napjaink v\u00e1ltoz\u00f3 gazdas\u00e1gi k\u00f6rnyezete a\u00a0munka vil\u00e1g\u00e1nak\u00a0szerepl\u0151it\u0151l is\u00a0\u00faj kih\u00edv\u00e1sokat\u00a0k\u00f6vetel meg. A\u00a0rugalmass\u00e1g, a v\u00e1ltoz\u00e1sokhoz t\u00f6rt\u00e9n\u0151\u00a0gyors alkalmazkod\u00e1s\u00a0\u00e9s mindezt t\u00e1mogat\u00f3 magas szint\u0171\u00a0szakmai tud\u00e1s v\u00e1ltak kulcsfogalmakk\u00e1. Ezen kih\u00edv\u00e1sokra adott\u00a0v\u00e1lasz\u00a0a hagyom\u00e1nyos \u2013 \u201etipikus\u201d \u2013 foglalkoztat\u00e1si form\u00e1kt\u00f3l elt\u00e9r\u0151 rugalmas megold\u00e1sok, ezen bel\u00fcl is els\u0151sorban a\u00a0munkaer\u0151-k\u00f6lcs\u00f6nz\u00e9s t\u00e9rnyer\u00e9se. A min\u0151s\u00e9g garanci\u00e1ja Munkaer\u0151-k\u00f6lcs\u00f6nz\u00e9s A hagyom\u00e1nyos foglalkoztat\u00e1si form\u00e1kn\u00e1l kedvez\u0151bb, rugalmasabb megold\u00e1st keres? Munkaer\u0151-ig\u00e9nye folyamatosan v\u00e1ltozik? Nem [&hellip;]<\/p>","protected":false},"author":1,"featured_media":0,"parent":0,"menu_order":0,"comment_status":"closed","ping_status":"closed","template":"","meta":{"_acf_changed":false,"footnotes":""},"class_list":["post-283","page","type-page","status-publish","hentry"],"acf":[],"yoast_head":"<!-- This site is optimized with the Yoast SEO plugin v25.3 - https:\/\/yoast.com\/wordpress\/plugins\/seo\/ -->\n<title>Munkaer\u0151-k\u00f6lcs\u00f6nz\u00e9s - Delego<\/title>\n<meta name=\"robots\" content=\"index, follow, max-snippet:-1, max-image-preview:large, max-video-preview:-1\" \/>\n<link rel=\"canonical\" href=\"https:\/\/delego.hu\/ru\/munkaero-kolcsonzes\/\" \/>\n<meta property=\"og:locale\" content=\"ru_RU\" \/>\n<meta property=\"og:type\" content=\"article\" \/>\n<meta property=\"og:title\" content=\"Munkaer\u0151-k\u00f6lcs\u00f6nz\u00e9s - Delego\" \/>\n<meta property=\"og:description\" content=\"Napjaink v\u00e1ltoz\u00f3 gazdas\u00e1gi k\u00f6rnyezete a\u00a0munka vil\u00e1g\u00e1nak\u00a0szerepl\u0151it\u0151l is\u00a0\u00faj kih\u00edv\u00e1sokat\u00a0k\u00f6vetel meg. A\u00a0rugalmass\u00e1g, a v\u00e1ltoz\u00e1sokhoz t\u00f6rt\u00e9n\u0151\u00a0gyors alkalmazkod\u00e1s\u00a0\u00e9s mindezt t\u00e1mogat\u00f3 magas szint\u0171\u00a0szakmai tud\u00e1s v\u00e1ltak kulcsfogalmakk\u00e1. Ezen kih\u00edv\u00e1sokra adott\u00a0v\u00e1lasz\u00a0a hagyom\u00e1nyos \u2013 \u201etipikus\u201d \u2013 foglalkoztat\u00e1si form\u00e1kt\u00f3l elt\u00e9r\u0151 rugalmas megold\u00e1sok, ezen bel\u00fcl is els\u0151sorban a\u00a0munkaer\u0151-k\u00f6lcs\u00f6nz\u00e9s t\u00e9rnyer\u00e9se. A min\u0151s\u00e9g garanci\u00e1ja Munkaer\u0151-k\u00f6lcs\u00f6nz\u00e9s A hagyom\u00e1nyos foglalkoztat\u00e1si form\u00e1kn\u00e1l kedvez\u0151bb, rugalmasabb megold\u00e1st keres? Munkaer\u0151-ig\u00e9nye folyamatosan v\u00e1ltozik? Nem [&hellip;]\" \/>\n<meta property=\"og:url\" content=\"https:\/\/delego.hu\/ru\/munkaero-kolcsonzes\/\" \/>\n<meta property=\"og:site_name\" content=\"Delego\" \/>\n<meta property=\"article:modified_time\" content=\"2025-07-09T09:31:39+00:00\" \/>\n<meta name=\"twitter:card\" content=\"summary_large_image\" \/>\n<meta name=\"twitter:label1\" content=\"\u041f\u0440\u0438\u043c\u0435\u0440\u043d\u043e\u0435 \u0432\u0440\u0435\u043c\u044f \u0434\u043b\u044f \u0447\u0442\u0435\u043d\u0438\u044f\" \/>\n\t<meta name=\"twitter:data1\" content=\"2 \u043c\u0438\u043d\u0443\u0442\u044b\" \/>\n<script type=\"application\/ld+json\" class=\"yoast-schema-graph\">{\"@context\":\"https:\/\/schema.org\",\"@graph\":[{\"@type\":\"WebPage\",\"@id\":\"https:\/\/delego.hu\/hu\/munkaero-kolcsonzes\/\",\"url\":\"https:\/\/delego.hu\/hu\/munkaero-kolcsonzes\/\",\"name\":\"Munkaer\u0151-k\u00f6lcs\u00f6nz\u00e9s - Delego\",\"isPartOf\":{\"@id\":\"https:\/\/delego.hu\/ru\/#website\"},\"datePublished\":\"2024-07-16T08:13:53+00:00\",\"dateModified\":\"2025-07-09T09:31:39+00:00\",\"breadcrumb\":{\"@id\":\"https:\/\/delego.hu\/hu\/munkaero-kolcsonzes\/#breadcrumb\"},\"inLanguage\":\"ru-RU\",\"potentialAction\":[{\"@type\":\"ReadAction\",\"target\":[\"https:\/\/delego.hu\/hu\/munkaero-kolcsonzes\/\"]}]},{\"@type\":\"BreadcrumbList\",\"@id\":\"https:\/\/delego.hu\/hu\/munkaero-kolcsonzes\/#breadcrumb\",\"itemListElement\":[{\"@type\":\"ListItem\",\"position\":1,\"name\":\"Kezd\u0151lap\",\"item\":\"https:\/\/delego.hu\/hu\/\"},{\"@type\":\"ListItem\",\"position\":2,\"name\":\"Munkaer\u0151-k\u00f6lcs\u00f6nz\u00e9s\"}]},{\"@type\":\"WebSite\",\"@id\":\"https:\/\/delego.hu\/ru\/#website\",\"url\":\"https:\/\/delego.hu\/ru\/\",\"name\":\"Delego\",\"description\":\"\",\"publisher\":{\"@id\":\"https:\/\/delego.hu\/ru\/#organization\"},\"potentialAction\":[{\"@type\":\"SearchAction\",\"target\":{\"@type\":\"EntryPoint\",\"urlTemplate\":\"https:\/\/delego.hu\/ru\/?s={search_term_string}\"},\"query-input\":{\"@type\":\"PropertyValueSpecification\",\"valueRequired\":true,\"valueName\":\"search_term_string\"}}],\"inLanguage\":\"ru-RU\"},{\"@type\":\"Organization\",\"@id\":\"https:\/\/delego.hu\/ru\/#organization\",\"name\":\"Delego\",\"url\":\"https:\/\/delego.hu\/ru\/\",\"logo\":{\"@type\":\"ImageObject\",\"inLanguage\":\"ru-RU\",\"@id\":\"https:\/\/delego.hu\/ru\/#\/schema\/logo\/image\/\",\"url\":\"https:\/\/delego.hu\/wp-content\/uploads\/2024\/07\/logodelego.png\",\"contentUrl\":\"https:\/\/delego.hu\/wp-content\/uploads\/2024\/07\/logodelego.png\",\"width\":117,\"height\":50,\"caption\":\"Delego\"},\"image\":{\"@id\":\"https:\/\/delego.hu\/ru\/#\/schema\/logo\/image\/\"}}]}<\/script>\n<!-- \/ Yoast SEO plugin. -->","yoast_head_json":{"title":"Munkaer\u0151-k\u00f6lcs\u00f6nz\u00e9s - Delego","robots":{"index":"index","follow":"follow","max-snippet":"max-snippet:-1","max-image-preview":"max-image-preview:large","max-video-preview":"max-video-preview:-1"},"canonical":"https:\/\/delego.hu\/ru\/munkaero-kolcsonzes\/","og_locale":"ru_RU","og_type":"article","og_title":"Munkaer\u0151-k\u00f6lcs\u00f6nz\u00e9s - Delego","og_description":"Napjaink v\u00e1ltoz\u00f3 gazdas\u00e1gi k\u00f6rnyezete a\u00a0munka vil\u00e1g\u00e1nak\u00a0szerepl\u0151it\u0151l is\u00a0\u00faj kih\u00edv\u00e1sokat\u00a0k\u00f6vetel meg. A\u00a0rugalmass\u00e1g, a v\u00e1ltoz\u00e1sokhoz t\u00f6rt\u00e9n\u0151\u00a0gyors alkalmazkod\u00e1s\u00a0\u00e9s mindezt t\u00e1mogat\u00f3 magas szint\u0171\u00a0szakmai tud\u00e1s v\u00e1ltak kulcsfogalmakk\u00e1. Ezen kih\u00edv\u00e1sokra adott\u00a0v\u00e1lasz\u00a0a hagyom\u00e1nyos \u2013 \u201etipikus\u201d \u2013 foglalkoztat\u00e1si form\u00e1kt\u00f3l elt\u00e9r\u0151 rugalmas megold\u00e1sok, ezen bel\u00fcl is els\u0151sorban a\u00a0munkaer\u0151-k\u00f6lcs\u00f6nz\u00e9s t\u00e9rnyer\u00e9se. A min\u0151s\u00e9g garanci\u00e1ja Munkaer\u0151-k\u00f6lcs\u00f6nz\u00e9s A hagyom\u00e1nyos foglalkoztat\u00e1si form\u00e1kn\u00e1l kedvez\u0151bb, rugalmasabb megold\u00e1st keres? Munkaer\u0151-ig\u00e9nye folyamatosan v\u00e1ltozik? Nem [&hellip;]","og_url":"https:\/\/delego.hu\/ru\/munkaero-kolcsonzes\/","og_site_name":"Delego","article_modified_time":"2025-07-09T09:31:39+00:00","twitter_card":"summary_large_image","twitter_misc":{"\u041f\u0440\u0438\u043c\u0435\u0440\u043d\u043e\u0435 \u0432\u0440\u0435\u043c\u044f \u0434\u043b\u044f \u0447\u0442\u0435\u043d\u0438\u044f":"2 \u043c\u0438\u043d\u0443\u0442\u044b"},"schema":{"@context":"https:\/\/schema.org","@graph":[{"@type":"WebPage","@id":"https:\/\/delego.hu\/hu\/munkaero-kolcsonzes\/","url":"https:\/\/delego.hu\/hu\/munkaero-kolcsonzes\/","name":"Munkaer\u0151-k\u00f6lcs\u00f6nz\u00e9s - Delego","isPartOf":{"@id":"https:\/\/delego.hu\/ru\/#website"},"datePublished":"2024-07-16T08:13:53+00:00","dateModified":"2025-07-09T09:31:39+00:00","breadcrumb":{"@id":"https:\/\/delego.hu\/hu\/munkaero-kolcsonzes\/#breadcrumb"},"inLanguage":"ru-RU","potentialAction":[{"@type":"ReadAction","target":["https:\/\/delego.hu\/hu\/munkaero-kolcsonzes\/"]}]},{"@type":"BreadcrumbList","@id":"https:\/\/delego.hu\/hu\/munkaero-kolcsonzes\/#breadcrumb","itemListElement":[{"@type":"ListItem","position":1,"name":"Kezd\u0151lap","item":"https:\/\/delego.hu\/hu\/"},{"@type":"ListItem","position":2,"name":"Munkaer\u0151-k\u00f6lcs\u00f6nz\u00e9s"}]},{"@type":"WebSite","@id":"https:\/\/delego.hu\/ru\/#website","url":"https:\/\/delego.hu\/ru\/","name":"Delego","description":"","publisher":{"@id":"https:\/\/delego.hu\/ru\/#organization"},"potentialAction":[{"@type":"SearchAction","target":{"@type":"EntryPoint","urlTemplate":"https:\/\/delego.hu\/ru\/?s={search_term_string}"},"query-input":{"@type":"PropertyValueSpecification","valueRequired":true,"valueName":"search_term_string"}}],"inLanguage":"ru-RU"},{"@type":"Organization","@id":"https:\/\/delego.hu\/ru\/#organization","name":"Delego","url":"https:\/\/delego.hu\/ru\/","logo":{"@type":"ImageObject","inLanguage":"ru-RU","@id":"https:\/\/delego.hu\/ru\/#\/schema\/logo\/image\/","url":"https:\/\/delego.hu\/wp-content\/uploads\/2024\/07\/logodelego.png","contentUrl":"https:\/\/delego.hu\/wp-content\/uploads\/2024\/07\/logodelego.png","width":117,"height":50,"caption":"Delego"},"image":{"@id":"https:\/\/delego.hu\/ru\/#\/schema\/logo\/image\/"}}]}},"_links":{"self":[{"href":"https:\/\/delego.hu\/ru\/wp-json\/wp\/v2\/pages\/283","targetHints":{"allow":["GET"]}}],"collection":[{"href":"https:\/\/delego.hu\/ru\/wp-json\/wp\/v2\/pages"}],"about":[{"href":"https:\/\/delego.hu\/ru\/wp-json\/wp\/v2\/types\/page"}],"author":[{"embeddable":true,"href":"https:\/\/delego.hu\/ru\/wp-json\/wp\/v2\/users\/1"}],"replies":[{"embeddable":true,"href":"https:\/\/delego.hu\/ru\/wp-json\/wp\/v2\/comments?post=283"}],"version-history":[{"count":28,"href":"https:\/\/delego.hu\/ru\/wp-json\/wp\/v2\/pages\/283\/revisions"}],"predecessor-version":[{"id":1753,"href":"https:\/\/delego.hu\/ru\/wp-json\/wp\/v2\/pages\/283\/revisions\/1753"}],"wp:attachment":[{"href":"https:\/\/delego.hu\/ru\/wp-json\/wp\/v2\/media?parent=283"}],"curies":[{"name":"wp","href":"https:\/\/api.w.org\/{rel}","templated":true}]}}