{"id":1363,"date":"2024-12-31T11:25:20","date_gmt":"2024-12-31T11:25:20","guid":{"rendered":"https:\/\/delego.hu\/?page_id=1363"},"modified":"2025-02-18T08:17:51","modified_gmt":"2025-02-18T08:17:51","slug":"fulop-szigetek-fulop-szigeteki-munkaero","status":"publish","type":"page","link":"https:\/\/delego.hu\/ru\/fulop-szigetek-fulop-szigeteki-munkaero\/","title":{"rendered":"F\u00fcl\u00f6p-szigetek &#8211; f\u00fcl\u00f6p-szigeteki munkaer\u0151"},"content":{"rendered":"<div data-elementor-type=\"wp-page\" data-elementor-id=\"1363\" class=\"elementor elementor-1363\" data-elementor-post-type=\"page\">\n\t\t\t\t<div data-dce-background-color=\"#CF3334\" data-dce-background-image-url=\"http:\/\/delego.hu\/wp-content\/uploads\/2024\/12\/fulopszigetek-munkaero-1-e1739866558822-1024x317.png\" class=\"elementor-element elementor-element-ca4aa65 elementor-hidden-mobile e-flex e-con-boxed e-con e-parent\" data-id=\"ca4aa65\" data-element_type=\"container\" data-e-type=\"container\" data-settings=\"{&quot;background_background&quot;:&quot;classic&quot;}\">\n\t\t\t\t\t<div class=\"e-con-inner\">\n\t\t\t\t\t<\/div>\n\t\t\t\t<\/div>\n\t\t<div class=\"elementor-element elementor-element-325ce17 e-flex e-con-boxed e-con e-parent\" data-id=\"325ce17\" data-element_type=\"container\" data-e-type=\"container\">\n\t\t\t\t\t<div class=\"e-con-inner\">\n\t\t\t\t<div data-dce-title-color=\"#CF3334\" class=\"elementor-element elementor-element-ac44823 elementor-widget elementor-widget-heading\" data-id=\"ac44823\" data-element_type=\"widget\" data-e-type=\"widget\" data-widget_type=\"heading.default\">\n\t\t\t\t<div class=\"elementor-widget-container\">\n\t\t\t\t\t<h2 class=\"elementor-heading-title elementor-size-default\">Mi\u00e9rt \u00e9rdemes f\u00fcl\u00f6p-szigeteki munkaer\u0151t alkalmazni Magyarorsz\u00e1gon?<\/h2>\t\t\t\t<\/div>\n\t\t\t\t<\/div>\n\t\t\t\t<div data-dce-text-color=\"#222222\" class=\"elementor-element elementor-element-b7e54ab elementor-widget elementor-widget-text-editor\" data-id=\"b7e54ab\" data-element_type=\"widget\" data-e-type=\"widget\" data-widget_type=\"text-editor.default\">\n\t\t\t\t<div class=\"elementor-widget-container\">\n\t\t\t\t\t\t\t\t\t<p class=\"translation-block\">A <a href=\"https:\/\/hu.wikipedia.org\/wiki\/Flp-szigetek\" target=\"_self\">F\u00fcl\u00f6p-szigetek<\/a> az elm\u00falt \u00e9vtizedekben egyre fontosabb szerepl\u0151v\u00e9 v\u00e1lt a nemzetk\u00f6zi munkaer\u0151piacon, k\u00fcl\u00f6n\u00f6sen a fizikai \u00e9s szakk\u00e9pzett munkaer\u0151 ter\u00fclet\u00e9n. Az orsz\u00e1g rendk\u00edv\u00fcl kedvez\u0151 munkaer\u0151-piaci felt\u00e9teleket k\u00edn\u00e1l, amelyek lehet\u0151v\u00e9 teszik, hogy sz\u00e1mos ipari szektorban, bele\u00e9rtve a gy\u00e1rt\u00e1si munk\u00e1kat \u00e9s egy\u00e9b fizikai feladatokat, k\u00f6nnyen tal\u00e1ljanak megfelel\u0151 munkav\u00e1llal\u00f3kat. Magyarorsz\u00e1g sz\u00e1m\u00e1ra a F\u00fcl\u00f6p-szigeteki munkaer\u0151 kiemelked\u0151 fontoss\u00e1ggal b\u00edr, mivel a magas szint\u0171 angol nyelvtud\u00e1s, a k\u00e9pzett szakemberek sz\u00e9les r\u00e9tege \u00e9s a stabil munkaer\u0151piaci k\u00f6rnyezet sz\u00e1mos el\u0151nyt k\u00edn\u00e1l a magyar v\u00e1llalatok sz\u00e1m\u00e1ra.<\/p><h3>A F\u00fcl\u00f6p-szigeteki munkaer\u0151piac \u00e9s k\u00e9pzetts\u00e9g<\/h3><p>A F\u00fcl\u00f6p-szigeteki munkaer\u0151piac k\u00fcl\u00f6nb\u00f6zik sz\u00e1mos m\u00e1s \u00e1zsiai orsz\u00e1g piac\u00e1t\u00f3l, mivel az orsz\u00e1g rendk\u00edv\u00fcl j\u00f3l k\u00e9pzett munkav\u00e1llal\u00f3kkal rendelkezik, k\u00fcl\u00f6n\u00f6sen a fizikai munk\u00e1k \u00e9s szakk\u00e9pzett szakm\u00e1k ter\u00fclet\u00e9n. A munkaer\u0151 folyamatosan fejl\u0151dik \u00e9s b\u0151v\u00fcl, amit a korm\u00e1nyzati t\u00e1mogat\u00e1s \u00e9s a szakk\u00e9pz\u00e9si programok seg\u00edtenek. A F\u00fcl\u00f6p-szigeteken t\u00f6bb milli\u00f3 munkav\u00e1llal\u00f3 keres k\u00fclf\u00f6ldi munkalehet\u0151s\u00e9geket k\u00fcl\u00f6nb\u00f6z\u0151 ipar\u00e1gakban, bele\u00e9rtve az \u00e9p\u00edt\u0151ipart, az eg\u00e9szs\u00e9g\u00fcgyet, valamint az informatikai \u00e9s m\u00e9rn\u00f6ki szektorokat.<\/p><p>A F\u00fcl\u00f6p-szigetek korm\u00e1nyzati politik\u00e1ja lehet\u0151v\u00e9 teszi, hogy a munkav\u00e1llal\u00f3k gyorsan \u00e9s hat\u00e9konyan el\u00e9rj\u00e9k a k\u00edv\u00e1nt k\u00fclf\u00f6ldi munkalehet\u0151s\u00e9geket. Az orsz\u00e1gban sz\u00e1mos k\u00f6zvet\u00edt\u0151 \u00fcgyn\u00f6ks\u00e9g m\u0171k\u00f6dik, amelyek seg\u00edtenek a munkav\u00e1llal\u00f3k \u00e9s a munkaad\u00f3k k\u00f6z\u00f6tti kapcsolatok kialak\u00edt\u00e1s\u00e1ban \u00e9s fenntart\u00e1s\u00e1ban. Ez az infrastrukt\u00fara lehet\u0151v\u00e9 teszi a magyar v\u00e1llalatok sz\u00e1m\u00e1ra, hogy gyorsan \u00e9s megb\u00edzhat\u00f3an toborozzanak filippin\u00f3 munkaer\u0151t.<\/p><h3>Filippin\u00f3 munkaer\u0151 \u00e9s a magyar gazdas\u00e1g<\/h3><p>A F\u00fcl\u00f6p-szigeteki munkaer\u0151 jelenl\u00e9te a magyar gazdas\u00e1gban folyamatosan b\u0151v\u00fcl, mivel a magyar v\u00e1llalatok egyre ink\u00e1bb felismerik a filippin\u00f3 munkav\u00e1llal\u00f3k el\u0151nyeit. A magyar munkaer\u0151piacon az ipari szektorokban, k\u00fcl\u00f6n\u00f6sen a gy\u00e1rt\u00e1si munk\u00e1kban \u00e9s fizikai feladatok elv\u00e9gz\u00e9s\u00e9re keresett k\u00fclf\u00f6ldi munkaer\u0151 jelent\u0151s r\u00e9sze filippin\u00f3 sz\u00e1rmaz\u00e1s\u00fa. A magas szint\u0171 angol nyelvtud\u00e1s, a szakmai k\u00e9pzetts\u00e9g \u00e9s a munkav\u00e1llal\u00f3k elk\u00f6telezetts\u00e9ge mind hozz\u00e1j\u00e1rulnak ahhoz, hogy a magyar c\u00e9gek el\u0151nyben r\u00e9szes\u00edtik a F\u00fcl\u00f6p-szigeteki munkaer\u0151t.<\/p><p>A F\u00fcl\u00f6p-szigeteki munkav\u00e1llal\u00f3k alkalmaz\u00e1sa a magyar gazdas\u00e1g sz\u00e1m\u00e1ra t\u00f6bb szempontb\u00f3l is el\u0151ny\u00f6s. A filippin\u00f3 munkav\u00e1llal\u00f3k stabilit\u00e1st \u00e9s megb\u00edzhat\u00f3s\u00e1got biztos\u00edtanak, mivel alacsony fluktu\u00e1ci\u00f3s r\u00e1t\u00e1val rendelkeznek. E munkav\u00e1llal\u00f3k hossz\u00fa t\u00e1von elk\u00f6telezettek a munk\u00e1juk ir\u00e1nt, ami jelent\u0151s k\u00f6lts\u00e9gmegtakar\u00edt\u00e1st eredm\u00e9nyezhet a magyar v\u00e1llalatok sz\u00e1m\u00e1ra. Az ipari termel\u00e9sben p\u00e9ld\u00e1ul a filippin\u00f3 munkaer\u0151 alkalmaz\u00e1sa ak\u00e1r 15-20%-os termel\u00e9kenys\u00e9gn\u00f6veked\u00e9st is eredm\u00e9nyezhet, mivel a munkav\u00e1llal\u00f3k magas szint\u0171 elk\u00f6telezetts\u00e9ge \u00e9s kiv\u00e1l\u00f3 munkamor\u00e1lja hozz\u00e1j\u00e1rul a v\u00e1llalatok siker\u00e9hez.<\/p><h3>A F\u00fcl\u00f6p-szigeteki korm\u00e1ny szerepe<\/h3><p class=\"translation-block\">A F\u00fcl\u00f6p-szigeteki korm\u00e1ny akt\u00edvan t\u00e1mogatja a munkaer\u0151-kiv\u00e1ndorl\u00e1st, \u00e9s biztos\u00edtja a k\u00fclf\u00f6ld\u00f6n dolgoz\u00f3 munkav\u00e1llal\u00f3k jogi v\u00e9delm\u00e9t. Az <a href=\"https:\/\/owwa.gov.ph\/\" target=\"_self\">Overseas Workers Welfare Administration<\/a> (OWWA) \u00e9s a <a href=\"https:\/\/dmw.gov.ph\/\" target=\"_self\">Department of Migrant Workers<\/a> (DMW) fel\u00fcgyelik a munkav\u00e1llal\u00f3k elhelyez\u00e9s\u00e9t \u00e9s biztos\u00edtj\u00e1k a megfelel\u0151 munkak\u00f6r\u00fclm\u00e9nyeket. Az OWWA \u00e9s a DMW sz\u00e1mos olyan int\u00e9zked\u00e9st hozott, amelyek biztos\u00edtj\u00e1k a munkav\u00e1llal\u00f3k j\u00f3l\u00e9t\u00e9t, seg\u00edtik \u0151ket a k\u00fclf\u00f6ldi munkav\u00e1llal\u00e1s sor\u00e1n, valamint t\u00e1mogatj\u00e1k az \u0151ket fogad\u00f3 orsz\u00e1gokkal val\u00f3 egy\u00fcttm\u0171k\u00f6d\u00e9st.<\/p><p class=\"translation-block\">A F\u00fcl\u00f6p-szigeteki korm\u00e1ny a helyi munkaer\u0151piacra ir\u00e1nyul\u00f3 k\u00fclf\u00f6ldi kereslet kiel\u00e9g\u00edt\u00e9s\u00e9re ind\u00edtott programjaival el\u0151seg\u00edti a filippin\u00f3 munkav\u00e1llal\u00f3k nemzetk\u00f6zi elhelyezked\u00e9s\u00e9t. Ennek r\u00e9szek\u00e9nt a <a href=\"https:\/\/theglobalfilipinomagazine.com\/migrant-workers-offices-open-in-budapest-and-vienna-to-assist-filipino-workers-in-central-europe\/\" target=\"_self\">F\u00fcl\u00f6p-szigeteki Migrant Workers Office (MWO) Budapestre is irod\u00e1t nyitott<\/a>, amely lehet\u0151v\u00e9 teszi, hogy a magyar v\u00e1llalatok helyben int\u00e9zz\u00e9k az akkredit\u00e1ci\u00f3s k\u00e9relmeket, \u00e9s gyorsan megszerezz\u00e9k a sz\u00fcks\u00e9ges enged\u00e9lyeket. Az MWO seg\u00edt a munk\u00e1ltat\u00f3knak abban, hogy megfeleljenek a filippin\u00f3 korm\u00e1ny \u00e1ltal el\u0151\u00edrt k\u00f6vetelm\u00e9nyeknek, amelyek biztos\u00edtj\u00e1k, hogy a munkav\u00e1llal\u00f3k megfelel\u0151 munkak\u00f6r\u00fclm\u00e9nyek k\u00f6z\u00f6tt dolgozhassanak.<\/p><h3>A Delego Kft. szerepe a F\u00fcl\u00f6p-szigeteki munkaer\u0151-k\u00f6lcs\u00f6nz\u00e9s\u00e9ben<\/h3><p class=\"translation-block\">A <a href=\"http:\/\/delego.hu\/ru\/\" target=\"_self\">Delego Kft.<\/a> egy olyan <a href=\"https:\/\/delego.hu\/ru\/minositett-kolcsonzes-2\/\" target=\"_self\">min\u0151s\u00edtett munkaer\u0151-k\u00f6lcs\u00f6nz\u0151<\/a>,&nbsp;<span style=\"text-align: var(--text-align); font-size: 1rem;\">amely teljes k\u00f6r\u0171 t\u00e1mogat\u00e1st ny\u00fajt a filippin\u00f3 munkav\u00e1llal\u00f3k toborz\u00e1s\u00e1hoz \u00e9s alkalmaz\u00e1s\u00e1hoz. C\u00e9g\u00fcnk nemcsak k\u00f6zvet\u00edti a filippin\u00f3 munkav\u00e1llal\u00f3kat, hanem biztos\u00edtja, hogy a toborz\u00e1si folyamat sor\u00e1n a jogszab\u00e1lyoknak val\u00f3 megfelel\u00e9s minden szempontb\u00f3l garant\u00e1lt legyen. A Delego Kft. megb\u00edzhat\u00f3 kapcsolatokat \u00e1pol a F\u00fcl\u00f6p-szigeteki hat\u00f3s\u00e1gokkal \u00e9s k\u00f6zvet\u00edt\u0151 irod\u00e1kkal.<\/span><\/p><p>A Delego Kft. \u00e1ltal ny\u00fajtott szolg\u00e1ltat\u00e1sok nemcsak a munkaad\u00f3k sz\u00e1m\u00e1ra jelentik a k\u00e9nyelmet \u00e9s a biztons\u00e1got, hanem a filippin\u00f3 munkav\u00e1llal\u00f3k sz\u00e1m\u00e1ra is biztos\u00edtj\u00e1k a megfelel\u0151 jogi v\u00e9delmet \u00e9s a tisztess\u00e9ges munkak\u00f6r\u00fclm\u00e9nyeket. A v\u00e1llalat szak\u00e9rtelme \u00e9s tapasztalata lehet\u0151v\u00e9 teszi, hogy a filippin\u00f3 munkav\u00e1llal\u00f3k sikeresen beilleszkedjenek a magyar munkaer\u0151piacra, hozz\u00e1j\u00e1rulva ezzel a helyi gazdas\u00e1g fejl\u0151d\u00e9s\u00e9hez \u00e9s a v\u00e1llalatok siker\u00e9hez.<\/p><h3>Hogy mi\u00e9rt \u00e9ppen mi?<\/h3><p>A F\u00fcl\u00f6p-szigeteki munkaer\u0151 egyre fontosabb szerepl\u0151v\u00e9 v\u00e1lik a magyar gazdas\u00e1gban, k\u00fcl\u00f6n\u00f6sen az ipari szektorokban. A filippin\u00f3 munkav\u00e1llal\u00f3k kiv\u00e1l\u00f3 k\u00e9pzetts\u00e9ge, elk\u00f6telezetts\u00e9ge \u00e9s stabilit\u00e1s ir\u00e1nti hajlama r\u00e9v\u00e9n sz\u00e1mos magyar v\u00e1llalat sz\u00e1m\u00e1ra biztos\u00edtanak versenyel\u0151nyt \u00e9s hossz\u00fa t\u00e1v\u00fa sikereket. A F\u00fcl\u00f6p-szigeteki korm\u00e1ny akt\u00edv t\u00e1mogat\u00e1sa \u00e9s a megfelel\u0151 k\u00f6zvet\u00edt\u0151i h\u00e1l\u00f3zatok lehet\u0151v\u00e9 teszik, hogy a munkaad\u00f3k gyorsan \u00e9s biztons\u00e1gosan alkalmazhass\u00e1k a filippin\u00f3 munkav\u00e1llal\u00f3kat.<\/p><p>A Delego Kft. a filippin\u00f3 munkaer\u0151 k\u00f6zvet\u00edt\u00e9s\u00e9ben szak\u00e9rt\u0151i tapasztalat\u00e1val \u00e9s sz\u00e9lesk\u00f6r\u0171 kapcsolatrendszer\u00e9vel seg\u00edti a magyar v\u00e1llalatokat abban, hogy gyorsan, jogszer\u0171en \u00e9s hat\u00e9konyan tal\u00e1ljanak megfelel\u0151 munkav\u00e1llal\u00f3kat. C\u00e9g\u00fcnk nemcsak k\u00f6zvet\u00edt, hanem biztos\u00edtja a megfelel\u0151 munkak\u00f6r\u00fclm\u00e9nyeket \u00e9s jogi v\u00e9delmet a munkav\u00e1llal\u00f3k sz\u00e1m\u00e1ra is, hozz\u00e1j\u00e1rulva ezzel a gazdas\u00e1g fejl\u0151d\u00e9s\u00e9hez.<\/p><p>Ha filippin\u00f3 munkaer\u0151re van sz\u00fcks\u00e9ge, a Delego Kft. a legmegb\u00edzhat\u00f3bb partner, hogy v\u00e1llalata sikeresen \u00e9s fenntarthat\u00f3 m\u00f3don n\u00f6vekedhessen.<\/p>\t\t\t\t\t\t\t\t<\/div>\n\t\t\t\t<\/div>\n\t\t\t\t\t<\/div>\n\t\t\t\t<\/div>\n\t\t<div class=\"elementor-element elementor-element-76ef46e e-flex e-con-boxed e-con e-parent\" data-id=\"76ef46e\" data-element_type=\"container\" data-e-type=\"container\">\n\t\t\t\t\t<div class=\"e-con-inner\">\n\t\t\t\t<div data-dce-background-color=\"#61CE7000\" class=\"elementor-element elementor-element-9b40d8e elementor-align-left elementor-widget elementor-widget-button\" data-id=\"9b40d8e\" data-element_type=\"widget\" data-e-type=\"widget\" data-widget_type=\"button.default\">\n\t\t\t\t<div class=\"elementor-widget-container\">\n\t\t\t\t\t\t\t\t\t<div class=\"elementor-button-wrapper\">\n\t\t\t\t\t<a class=\"elementor-button elementor-button-link elementor-size-sm\" href=\"https:\/\/delego.hu\/ru\/ajanlatkeres\/\">\n\t\t\t\t\t\t<span class=\"elementor-button-content-wrapper\">\n\t\t\t\t\t\t\t\t\t<span class=\"elementor-button-text\">\u0417\u0430\u043f\u0440\u043e\u0441 \u043f\u0440\u0435\u0434\u043b\u043e\u0436\u0435\u043d\u0438\u044f<\/span>\n\t\t\t\t\t<\/span>\n\t\t\t\t\t<\/a>\n\t\t\t\t<\/div>\n\t\t\t\t\t\t\t\t<\/div>\n\t\t\t\t<\/div>\n\t\t\t\t\t<\/div>\n\t\t\t\t<\/div>\n\t\t\t\t<\/div>","protected":false},"excerpt":{"rendered":"<p>Mi\u00e9rt \u00e9rdemes f\u00fcl\u00f6p-szigeteki munkaer\u0151t alkalmazni Magyarorsz\u00e1gon? A F\u00fcl\u00f6p-szigetek az elm\u00falt \u00e9vtizedekben egyre fontosabb szerepl\u0151v\u00e9 v\u00e1lt a nemzetk\u00f6zi munkaer\u0151piacon, k\u00fcl\u00f6n\u00f6sen a fizikai \u00e9s szakk\u00e9pzett munkaer\u0151 ter\u00fclet\u00e9n. Az orsz\u00e1g rendk\u00edv\u00fcl kedvez\u0151 munkaer\u0151-piaci felt\u00e9teleket k\u00edn\u00e1l, amelyek lehet\u0151v\u00e9 teszik, hogy sz\u00e1mos ipari szektorban, bele\u00e9rtve a gy\u00e1rt\u00e1si munk\u00e1kat \u00e9s egy\u00e9b fizikai feladatokat, k\u00f6nnyen tal\u00e1ljanak megfelel\u0151 munkav\u00e1llal\u00f3kat. Magyarorsz\u00e1g sz\u00e1m\u00e1ra a F\u00fcl\u00f6p-szigeteki [&hellip;]<\/p>","protected":false},"author":2,"featured_media":1371,"parent":0,"menu_order":0,"comment_status":"closed","ping_status":"closed","template":"","meta":{"_acf_changed":false,"footnotes":""},"class_list":["post-1363","page","type-page","status-publish","has-post-thumbnail","hentry"],"acf":[],"yoast_head":"<!-- This site is optimized with the Yoast SEO plugin v25.3 - https:\/\/yoast.com\/wordpress\/plugins\/seo\/ -->\n<title>F\u00fcl\u00f6p-szigetek - f\u00fcl\u00f6p-szigeteki munkaer\u0151 - Delego<\/title>\n<meta name=\"description\" content=\"A F\u00fcl\u00f6p-szigeteki munkaer\u0151 kulcsszerepe a magyar gazdas\u00e1g fejl\u0151d\u00e9s\u00e9ben \u00e9s n\u00f6veked\u00e9s\u00e9ben 2025-ben, amely er\u0151s\u00edti a versenyk\u00e9pess\u00e9get.\" \/>\n<meta name=\"robots\" content=\"index, follow, max-snippet:-1, max-image-preview:large, max-video-preview:-1\" \/>\n<link rel=\"canonical\" href=\"https:\/\/delego.hu\/ru\/fulop-szigetek-fulop-szigeteki-munkaero\/\" \/>\n<meta property=\"og:locale\" content=\"ru_RU\" \/>\n<meta property=\"og:type\" content=\"article\" \/>\n<meta property=\"og:title\" content=\"F\u00fcl\u00f6p-szigetek - f\u00fcl\u00f6p-szigeteki munkaer\u0151 - Delego\" \/>\n<meta property=\"og:description\" content=\"A F\u00fcl\u00f6p-szigeteki munkaer\u0151 kulcsszerepe a magyar gazdas\u00e1g fejl\u0151d\u00e9s\u00e9ben \u00e9s n\u00f6veked\u00e9s\u00e9ben 2025-ben, amely er\u0151s\u00edti a versenyk\u00e9pess\u00e9get.\" \/>\n<meta property=\"og:url\" content=\"https:\/\/delego.hu\/ru\/fulop-szigetek-fulop-szigeteki-munkaero\/\" \/>\n<meta property=\"og:site_name\" content=\"Delego\" \/>\n<meta property=\"article:modified_time\" content=\"2025-02-18T08:17:51+00:00\" \/>\n<meta property=\"og:image\" content=\"https:\/\/delego.hu\/wp-content\/uploads\/2024\/12\/fulopszigetek-munkaero-1-e1739866558822.png\" \/>\n\t<meta property=\"og:image:width\" content=\"1340\" \/>\n\t<meta property=\"og:image:height\" content=\"415\" \/>\n\t<meta property=\"og:image:type\" content=\"image\/png\" \/>\n<meta name=\"twitter:card\" content=\"summary_large_image\" \/>\n<meta name=\"twitter:label1\" content=\"\u041f\u0440\u0438\u043c\u0435\u0440\u043d\u043e\u0435 \u0432\u0440\u0435\u043c\u044f \u0434\u043b\u044f \u0447\u0442\u0435\u043d\u0438\u044f\" \/>\n\t<meta name=\"twitter:data1\" content=\"4 \u043c\u0438\u043d\u0443\u0442\u044b\" \/>\n<script type=\"application\/ld+json\" class=\"yoast-schema-graph\">{\"@context\":\"https:\/\/schema.org\",\"@graph\":[{\"@type\":\"WebPage\",\"@id\":\"https:\/\/delego.hu\/hu\/fulop-szigetek-fulop-szigeteki-munkaero\/\",\"url\":\"https:\/\/delego.hu\/hu\/fulop-szigetek-fulop-szigeteki-munkaero\/\",\"name\":\"F\u00fcl\u00f6p-szigetek - f\u00fcl\u00f6p-szigeteki munkaer\u0151 - Delego\",\"isPartOf\":{\"@id\":\"https:\/\/delego.hu\/ru\/#website\"},\"primaryImageOfPage\":{\"@id\":\"https:\/\/delego.hu\/hu\/fulop-szigetek-fulop-szigeteki-munkaero\/#primaryimage\"},\"image\":{\"@id\":\"https:\/\/delego.hu\/hu\/fulop-szigetek-fulop-szigeteki-munkaero\/#primaryimage\"},\"thumbnailUrl\":\"https:\/\/delego.hu\/wp-content\/uploads\/2024\/12\/fulopszigetek-munkaero-1-e1739866558822.png\",\"datePublished\":\"2024-12-31T11:25:20+00:00\",\"dateModified\":\"2025-02-18T08:17:51+00:00\",\"description\":\"A F\u00fcl\u00f6p-szigeteki munkaer\u0151 kulcsszerepe a magyar gazdas\u00e1g fejl\u0151d\u00e9s\u00e9ben \u00e9s n\u00f6veked\u00e9s\u00e9ben 2025-ben, amely er\u0151s\u00edti a versenyk\u00e9pess\u00e9get.\",\"breadcrumb\":{\"@id\":\"https:\/\/delego.hu\/hu\/fulop-szigetek-fulop-szigeteki-munkaero\/#breadcrumb\"},\"inLanguage\":\"ru-RU\",\"potentialAction\":[{\"@type\":\"ReadAction\",\"target\":[\"https:\/\/delego.hu\/hu\/fulop-szigetek-fulop-szigeteki-munkaero\/\"]}]},{\"@type\":\"ImageObject\",\"inLanguage\":\"ru-RU\",\"@id\":\"https:\/\/delego.hu\/hu\/fulop-szigetek-fulop-szigeteki-munkaero\/#primaryimage\",\"url\":\"https:\/\/delego.hu\/wp-content\/uploads\/2024\/12\/fulopszigetek-munkaero-1-e1739866558822.png\",\"contentUrl\":\"https:\/\/delego.hu\/wp-content\/uploads\/2024\/12\/fulopszigetek-munkaero-1-e1739866558822.png\",\"width\":1340,\"height\":415,\"caption\":\"Fedezd fel a F\u00fcl\u00f6p-szigetek sz\u00e9ps\u00e9geit \u00e9s a helyi munkaer\u0151 fontoss\u00e1g\u00e1t.\"},{\"@type\":\"BreadcrumbList\",\"@id\":\"https:\/\/delego.hu\/hu\/fulop-szigetek-fulop-szigeteki-munkaero\/#breadcrumb\",\"itemListElement\":[{\"@type\":\"ListItem\",\"position\":1,\"name\":\"Kezd\u0151lap\",\"item\":\"https:\/\/delego.hu\/hu\/\"},{\"@type\":\"ListItem\",\"position\":2,\"name\":\"F\u00fcl\u00f6p-szigetek &#8211; f\u00fcl\u00f6p-szigeteki munkaer\u0151\"}]},{\"@type\":\"WebSite\",\"@id\":\"https:\/\/delego.hu\/ru\/#website\",\"url\":\"https:\/\/delego.hu\/ru\/\",\"name\":\"Delego\",\"description\":\"\",\"publisher\":{\"@id\":\"https:\/\/delego.hu\/ru\/#organization\"},\"potentialAction\":[{\"@type\":\"SearchAction\",\"target\":{\"@type\":\"EntryPoint\",\"urlTemplate\":\"https:\/\/delego.hu\/ru\/?s={search_term_string}\"},\"query-input\":{\"@type\":\"PropertyValueSpecification\",\"valueRequired\":true,\"valueName\":\"search_term_string\"}}],\"inLanguage\":\"ru-RU\"},{\"@type\":\"Organization\",\"@id\":\"https:\/\/delego.hu\/ru\/#organization\",\"name\":\"Delego\",\"url\":\"https:\/\/delego.hu\/ru\/\",\"logo\":{\"@type\":\"ImageObject\",\"inLanguage\":\"ru-RU\",\"@id\":\"https:\/\/delego.hu\/ru\/#\/schema\/logo\/image\/\",\"url\":\"https:\/\/delego.hu\/wp-content\/uploads\/2024\/07\/logodelego.png\",\"contentUrl\":\"https:\/\/delego.hu\/wp-content\/uploads\/2024\/07\/logodelego.png\",\"width\":117,\"height\":50,\"caption\":\"Delego\"},\"image\":{\"@id\":\"https:\/\/delego.hu\/ru\/#\/schema\/logo\/image\/\"}}]}<\/script>\n<!-- \/ Yoast SEO plugin. -->","yoast_head_json":{"title":"F\u00fcl\u00f6p-szigetek - f\u00fcl\u00f6p-szigeteki munkaer\u0151 - Delego","description":"A F\u00fcl\u00f6p-szigeteki munkaer\u0151 kulcsszerepe a magyar gazdas\u00e1g fejl\u0151d\u00e9s\u00e9ben \u00e9s n\u00f6veked\u00e9s\u00e9ben 2025-ben, amely er\u0151s\u00edti a versenyk\u00e9pess\u00e9get.","robots":{"index":"index","follow":"follow","max-snippet":"max-snippet:-1","max-image-preview":"max-image-preview:large","max-video-preview":"max-video-preview:-1"},"canonical":"https:\/\/delego.hu\/ru\/fulop-szigetek-fulop-szigeteki-munkaero\/","og_locale":"ru_RU","og_type":"article","og_title":"F\u00fcl\u00f6p-szigetek - f\u00fcl\u00f6p-szigeteki munkaer\u0151 - Delego","og_description":"A F\u00fcl\u00f6p-szigeteki munkaer\u0151 kulcsszerepe a magyar gazdas\u00e1g fejl\u0151d\u00e9s\u00e9ben \u00e9s n\u00f6veked\u00e9s\u00e9ben 2025-ben, amely er\u0151s\u00edti a versenyk\u00e9pess\u00e9get.","og_url":"https:\/\/delego.hu\/ru\/fulop-szigetek-fulop-szigeteki-munkaero\/","og_site_name":"Delego","article_modified_time":"2025-02-18T08:17:51+00:00","og_image":[{"width":1340,"height":415,"url":"https:\/\/delego.hu\/wp-content\/uploads\/2024\/12\/fulopszigetek-munkaero-1-e1739866558822.png","type":"image\/png"}],"twitter_card":"summary_large_image","twitter_misc":{"\u041f\u0440\u0438\u043c\u0435\u0440\u043d\u043e\u0435 \u0432\u0440\u0435\u043c\u044f \u0434\u043b\u044f \u0447\u0442\u0435\u043d\u0438\u044f":"4 \u043c\u0438\u043d\u0443\u0442\u044b"},"schema":{"@context":"https:\/\/schema.org","@graph":[{"@type":"WebPage","@id":"https:\/\/delego.hu\/hu\/fulop-szigetek-fulop-szigeteki-munkaero\/","url":"https:\/\/delego.hu\/hu\/fulop-szigetek-fulop-szigeteki-munkaero\/","name":"F\u00fcl\u00f6p-szigetek - f\u00fcl\u00f6p-szigeteki munkaer\u0151 - Delego","isPartOf":{"@id":"https:\/\/delego.hu\/ru\/#website"},"primaryImageOfPage":{"@id":"https:\/\/delego.hu\/hu\/fulop-szigetek-fulop-szigeteki-munkaero\/#primaryimage"},"image":{"@id":"https:\/\/delego.hu\/hu\/fulop-szigetek-fulop-szigeteki-munkaero\/#primaryimage"},"thumbnailUrl":"https:\/\/delego.hu\/wp-content\/uploads\/2024\/12\/fulopszigetek-munkaero-1-e1739866558822.png","datePublished":"2024-12-31T11:25:20+00:00","dateModified":"2025-02-18T08:17:51+00:00","description":"A F\u00fcl\u00f6p-szigeteki munkaer\u0151 kulcsszerepe a magyar gazdas\u00e1g fejl\u0151d\u00e9s\u00e9ben \u00e9s n\u00f6veked\u00e9s\u00e9ben 2025-ben, amely er\u0151s\u00edti a versenyk\u00e9pess\u00e9get.","breadcrumb":{"@id":"https:\/\/delego.hu\/hu\/fulop-szigetek-fulop-szigeteki-munkaero\/#breadcrumb"},"inLanguage":"ru-RU","potentialAction":[{"@type":"ReadAction","target":["https:\/\/delego.hu\/hu\/fulop-szigetek-fulop-szigeteki-munkaero\/"]}]},{"@type":"ImageObject","inLanguage":"ru-RU","@id":"https:\/\/delego.hu\/hu\/fulop-szigetek-fulop-szigeteki-munkaero\/#primaryimage","url":"https:\/\/delego.hu\/wp-content\/uploads\/2024\/12\/fulopszigetek-munkaero-1-e1739866558822.png","contentUrl":"https:\/\/delego.hu\/wp-content\/uploads\/2024\/12\/fulopszigetek-munkaero-1-e1739866558822.png","width":1340,"height":415,"caption":"Fedezd fel a F\u00fcl\u00f6p-szigetek sz\u00e9ps\u00e9geit \u00e9s a helyi munkaer\u0151 fontoss\u00e1g\u00e1t."},{"@type":"BreadcrumbList","@id":"https:\/\/delego.hu\/hu\/fulop-szigetek-fulop-szigeteki-munkaero\/#breadcrumb","itemListElement":[{"@type":"ListItem","position":1,"name":"Kezd\u0151lap","item":"https:\/\/delego.hu\/hu\/"},{"@type":"ListItem","position":2,"name":"F\u00fcl\u00f6p-szigetek &#8211; f\u00fcl\u00f6p-szigeteki munkaer\u0151"}]},{"@type":"WebSite","@id":"https:\/\/delego.hu\/ru\/#website","url":"https:\/\/delego.hu\/ru\/","name":"Delego","description":"","publisher":{"@id":"https:\/\/delego.hu\/ru\/#organization"},"potentialAction":[{"@type":"SearchAction","target":{"@type":"EntryPoint","urlTemplate":"https:\/\/delego.hu\/ru\/?s={search_term_string}"},"query-input":{"@type":"PropertyValueSpecification","valueRequired":true,"valueName":"search_term_string"}}],"inLanguage":"ru-RU"},{"@type":"Organization","@id":"https:\/\/delego.hu\/ru\/#organization","name":"Delego","url":"https:\/\/delego.hu\/ru\/","logo":{"@type":"ImageObject","inLanguage":"ru-RU","@id":"https:\/\/delego.hu\/ru\/#\/schema\/logo\/image\/","url":"https:\/\/delego.hu\/wp-content\/uploads\/2024\/07\/logodelego.png","contentUrl":"https:\/\/delego.hu\/wp-content\/uploads\/2024\/07\/logodelego.png","width":117,"height":50,"caption":"Delego"},"image":{"@id":"https:\/\/delego.hu\/ru\/#\/schema\/logo\/image\/"}}]}},"_links":{"self":[{"href":"https:\/\/delego.hu\/ru\/wp-json\/wp\/v2\/pages\/1363","targetHints":{"allow":["GET"]}}],"collection":[{"href":"https:\/\/delego.hu\/ru\/wp-json\/wp\/v2\/pages"}],"about":[{"href":"https:\/\/delego.hu\/ru\/wp-json\/wp\/v2\/types\/page"}],"author":[{"embeddable":true,"href":"https:\/\/delego.hu\/ru\/wp-json\/wp\/v2\/users\/2"}],"replies":[{"embeddable":true,"href":"https:\/\/delego.hu\/ru\/wp-json\/wp\/v2\/comments?post=1363"}],"version-history":[{"count":44,"href":"https:\/\/delego.hu\/ru\/wp-json\/wp\/v2\/pages\/1363\/revisions"}],"predecessor-version":[{"id":1569,"href":"https:\/\/delego.hu\/ru\/wp-json\/wp\/v2\/pages\/1363\/revisions\/1569"}],"wp:featuredmedia":[{"embeddable":true,"href":"https:\/\/delego.hu\/ru\/wp-json\/wp\/v2\/media\/1371"}],"wp:attachment":[{"href":"https:\/\/delego.hu\/ru\/wp-json\/wp\/v2\/media?parent=1363"}],"curies":[{"name":"wp","href":"https:\/\/api.w.org\/{rel}","templated":true}]}}