{"id":305,"date":"2024-07-16T09:09:33","date_gmt":"2024-07-16T09:09:33","guid":{"rendered":"https:\/\/delego.hu\/?page_id=305"},"modified":"2025-07-09T09:34:06","modified_gmt":"2025-07-09T09:34:06","slug":"egyszerusitett-foglalkoztatas","status":"publish","type":"page","link":"https:\/\/delego.hu\/ko\/egyszerusitett-foglalkoztatas\/","title":{"rendered":"\uc815\uaddc\uc9c1 \uc54c\uc120"},"content":{"rendered":"<div data-elementor-type=\"wp-page\" data-elementor-id=\"305\" class=\"elementor elementor-305\" data-elementor-post-type=\"page\">\n\t\t\t\t<div class=\"elementor-element elementor-element-5c6cd9b e-flex e-con-boxed e-con e-parent\" data-id=\"5c6cd9b\" data-element_type=\"container\" data-e-type=\"container\">\n\t\t\t\t\t<div class=\"e-con-inner\">\n\t\t\t\t<div data-dce-text-color=\"#000000\" class=\"elementor-element elementor-element-8894e6e elementor-widget elementor-widget-text-editor\" data-id=\"8894e6e\" data-element_type=\"widget\" data-e-type=\"widget\" data-widget_type=\"text-editor.default\">\n\t\t\t\t<div class=\"elementor-widget-container\">\n\t\t\t\t\t\t\t\t\t<p class=\"translation-block\">\uc0c8 \ub178\ub3d9\ubc95\uc740 \ub2e4\uc591\ud55c \ube44\uc815\ud615 \uace0\uc6a9 \ud615\ud0dc\ub97c \ub3d9\uc2dc\uc5d0 \uc0ac\uc6a9\ud560 \uc218 \uc788\ub3c4\ub85d \ud5c8\uc6a9\ud558\uace0 \uc788\uc73c\ubbc0\ub85c \uc784\uc2dc\uc9c1 \uc54c\uc120\uc758 \uacbd\uc6b0 \uc9c1\uc5c5\uc18c\uac1c\uc18c\ub294 \u201c\ub2e8\uc21c \uace0\uc6a9\u201d \uaddc\uce59\uc5d0 \ub530\ub77c \ud30c\ud2b8\ub108\uc5d0\uac8c \uc9c1\uc6d0\uc744 \uc81c\uacf5\ud560 \uc218 \uc788\uc2b5\ub2c8\ub2e4.<\/p><p class=\"translation-block\">\ub530\ub77c\uc11c \ub2f9\uc0ac\ub294 \uc218\uc2dc \uadfc\ubb34\uc640 \uc784\uc2dc \ubc30\uce58\uc758 \uc7a5\uc810\uc744 \uacb0\ud569\ud558\uc5ec \uc81c\uc870, \uc0dd\uc0b0 \ubc0f \ubb3c\ub958 \ubd84\uc57c\uc5d0\uc11c \ub9e4\uc77c \ubcc0\ud654\ud558\ub294 \ub178\ub3d9\ub825 \uc218\uc694\ub97c \ucda9\uc871\ud560 \uc218 \uc788\ub294 \ub9e4\uc6b0 \uc720\uc5f0\ud558\uace0 \ube44\uc6a9 \ud6a8\uc728\uc801\uc778 \uc194\ub8e8\uc158\uc744 \uc81c\uacf5\ud569\ub2c8\ub2e4.<\/p>\t\t\t\t\t\t\t\t<\/div>\n\t\t\t\t<\/div>\n\t\t\t\t\t<\/div>\n\t\t\t\t<\/div>\n\t\t<div data-dce-background-image-url=\"http:\/\/delego.hu\/wp-content\/uploads\/2024\/07\/egyszerusitett.jpg\" class=\"elementor-element elementor-element-90c00ae e-flex e-con-boxed e-con e-parent\" data-id=\"90c00ae\" data-element_type=\"container\" data-e-type=\"container\" data-settings=\"{&quot;background_background&quot;:&quot;classic&quot;}\">\n\t\t\t\t\t<div class=\"e-con-inner\">\n\t\t<div class=\"elementor-element elementor-element-ca9aab8 e-con-full e-flex e-con e-child\" data-id=\"ca9aab8\" data-element_type=\"container\" data-e-type=\"container\">\n\t\t\t\t<div data-dce-title-color=\"#FFFFFF\" class=\"elementor-element elementor-element-0416c02 elementor-widget elementor-widget-heading\" data-id=\"0416c02\" data-element_type=\"widget\" data-e-type=\"widget\" data-widget_type=\"heading.default\">\n\t\t\t\t<div class=\"elementor-widget-container\">\n\t\t\t\t\t<h2 class=\"elementor-heading-title elementor-size-default\">\n\ub2e8\uc21c \uace0\uc6a9, \uc77c\uc2dc \uace0\uc6a9<\/h2>\t\t\t\t<\/div>\n\t\t\t\t<\/div>\n\t\t\t\t<div data-dce-text-color=\"#FFFFFF\" class=\"elementor-element elementor-element-f310454 elementor-widget elementor-widget-text-editor\" data-id=\"f310454\" data-element_type=\"widget\" data-e-type=\"widget\" data-widget_type=\"text-editor.default\">\n\t\t\t\t<div class=\"elementor-widget-container\">\n\t\t\t\t\t\t\t\t\t<div class=\"wpb_text_column wpb_content_element\">\n<div class=\"wpb_wrapper\">\n\ucc44\uc6a9 \ubc0f \ub300\uccb4\ub97c \uc704\ud55c \ubc18\ub098\uc808 \ub9c8\uac10, \ub0ae\uc740 \uc138\uae08, \ud734\uac00 \ubc0f \ubcd1\uac00 \uc5c6\ub294 \uadfc\ub85c \ud65c\ub3d9, \ub354 \ub192\uc740 \uc21c \uc784\uae08, \uc0ac\ud68c \uc9c0\uc6d0 \uc720\uc9c0 \uac00\ub2a5, \uac04\ub2e8\ud55c \uad00\ub9ac, \ube60\ub978 \uace0\uc6a9 \uc2dc\uc791, \uc9c1\uc5c5 \uac74\uac15 \uac80\uc9c4 \ud544\uc694 \uc5c6\uc74c. \uc804\ud1b5\uc801\uc778 \ucc44\uc6a9\uacfc \ube44\uad50\ud574 \uc0c1\ub2f9\ud55c \ube44\uc6a9 \uc808\uc57d\uc774 \uac00\ub2a5\ud569\ub2c8\ub2e4. \uc774\uac83\uc744 \ub2e8\uc21c \uace0\uc6a9\uc774\ub77c \ubd80\ub985\ub2c8\ub2e4.\n<\/div>\n<\/div>\t\t\t\t\t\t\t\t<\/div>\n\t\t\t\t<\/div>\n\t\t\t\t<\/div>\n\t\t<div class=\"elementor-element elementor-element-b7e249b e-con-full e-flex e-con e-child\" data-id=\"b7e249b\" data-element_type=\"container\" data-e-type=\"container\">\n\t\t\t\t<\/div>\n\t\t\t\t\t<\/div>\n\t\t\t\t<\/div>\n\t\t<div class=\"elementor-element elementor-element-3642a66 e-flex e-con-boxed e-con e-parent\" data-id=\"3642a66\" data-element_type=\"container\" data-e-type=\"container\">\n\t\t\t\t\t<div class=\"e-con-inner\">\n\t\t\t\t<div data-dce-text-color=\"#000000\" class=\"elementor-element elementor-element-d6f6385 elementor-widget elementor-widget-text-editor\" data-id=\"d6f6385\" data-element_type=\"widget\" data-e-type=\"widget\" data-widget_type=\"text-editor.default\">\n\t\t\t\t<div class=\"elementor-widget-container\">\n\t\t\t\t\t\t\t\t\t<p class=\"translation-block\">\ub2e8\uc21c \uace0\uc6a9\uc744 \ud1b5\ud574 \uc77c\ubcc4 \ub610\ub294 \uad50\ub300\ubcc4\ub85c \uac00\ubcc0\uc801\uc778 \uc778\ub825 \uc218\uc694\uc5d0 \ub9de\uac8c \uad6c\uc131\ub41c \ube44\uc0c1\uadfc \uc9c1\uc6d0\uc744 \uc81c\uacf5\ud558\uba70, \ub2f4\ub2f9\uc790\uac00 \uc0c1\uc2dc \uc0c1\uc8fc\ud558\uace0 \uac00\uc6a9\uc131\uc744 \uc720\uc9c0\ud569\ub2c8\ub2e4, \ub2e4\uc591\ud55c \ucc44\uc6a9 \ucc44\ub110 \uc0ac\uc6a9, \uc2e0\uc911\ud55c \uc120\ubc1c, \uc608\ube44 \uc9c1\uc6d0 \uc81c\uacf5 (\u2018\uc778\ub825\ud480 \uc778\uc6d0\u2019) \ubc0f \uc989\uc2dc \uad50\uccb4 \uc635\uc158\uc744 \uc81c\uacf5\ud569\ub2c8\ub2e4.<\/p><p class=\"translation-block\">\uc9c1\uc6d0\uc5d0 \ub300\ud55c \uc778\ub825 \uc218\uc694\uc640 \uae30\ub300\uce58\ub97c \uacb0\uc815\ud558\uae30\ub9cc \ud558\uba74 \ub418\uba70, \ud734\uac00, \ubcd1\uac00, \uc720\uae09 \ud734\uac00, \ud734\uac8c \uc2dc\uac04 \ub610\ub294 \ud574\uace0 \ube44\uc6a9 \uc5c6\uc774 \uc2e4\uc81c \uadfc\ubb34 \uc2dc\uac04\uc744 \uae30\uc900\uc73c\ub85c \uae09\uc5ec\ub97c \uc9c0\uae09\ud569\ub2c8\ub2e4.<\/p><p class=\"translation-block\">\ud2b9\ud788 \uc9c1\uc6d0\uc744 \uc9c1\uc811 \uace0\uc6a9\ud558\ub294 \uac83\uc5d0 \ube44\ud574 \ube44\uc6a9 \ud6a8\uc728\uc801\uc778 \uace0\uc6a9 \uae30\ud68c\ub85c \uc219\ub828\ub41c \uc131\uc778 \ub178\ub3d9\ub825\uc744 \ud655\ubcf4\ud560 \uc218 \uc788\uc73c\uba70 \ud559\uc0dd \uc778\ub825 \ud2b9\uc720\uc758 \uc720\uc5f0\uc131\uc744 \uac16\ucd94\uba74\uc11c\ub3c4 \ubcc0\ub3d9\uc131\uc740 \ub354 \ub0ae\uc2b5\ub2c8\ub2e4.<\/p>\t\t\t\t\t\t\t\t<\/div>\n\t\t\t\t<\/div>\n\t\t\t\t<div data-dce-background-color=\"#61CE7000\" class=\"elementor-element elementor-element-89e5795 elementor-align-left elementor-widget elementor-widget-button\" data-id=\"89e5795\" data-element_type=\"widget\" data-e-type=\"widget\" data-widget_type=\"button.default\">\n\t\t\t\t<div class=\"elementor-widget-container\">\n\t\t\t\t\t\t\t\t\t<div class=\"elementor-button-wrapper\">\n\t\t\t\t\t<a class=\"elementor-button elementor-button-link elementor-size-sm\" href=\"https:\/\/delego.hu\/ko\/ajanlatkeres\/\">\n\t\t\t\t\t\t<span class=\"elementor-button-content-wrapper\">\n\t\t\t\t\t\t\t\t\t<span class=\"elementor-button-text\">\uc81c\uc548\uc744 \uc694\uccad\ud558\uc138\uc694<\/span>\n\t\t\t\t\t<\/span>\n\t\t\t\t\t<\/a>\n\t\t\t\t<\/div>\n\t\t\t\t\t\t\t\t<\/div>\n\t\t\t\t<\/div>\n\t\t\t\t\t<\/div>\n\t\t\t\t<\/div>\n\t\t\t\t<\/div>","protected":false},"excerpt":{"rendered":"<p>Az\u00a0\u00faj\u00a0Munka T\u00f6rv\u00e9nyk\u00f6nyve\u00a0lehet\u0151v\u00e9 teszi\u00a0t\u00f6bb atipikus foglalkoztat\u00e1si forma egyidej\u0171leg t\u00f6rt\u00e9n\u0151 alkalmaz\u00e1s\u00e1t, \u00edgy munkaer\u0151-k\u00f6lcs\u00f6nz\u00e9s eset\u00e9n a k\u00f6lcs\u00f6nbead\u00f3 c\u00e9g az \u201eegyszer\u0171s\u00edtett foglalkoztat\u00e1s\u201d\u00a0szab\u00e1lyai szerint is biztos\u00edthat munkav\u00e1llal\u00f3kat Partnerei sz\u00e1m\u00e1ra. Ez\u00e1ltal olyan lehet\u0151s\u00e9get k\u00edn\u00e1lunk \u00d6n\u00f6knek, amely\u00a0\u00f6tv\u00f6zi az alkalmi munkav\u00e1llal\u00e1s \u00e9s a munkaer\u0151-k\u00f6lcs\u00f6nz\u00e9s el\u0151nyeit, \u00edgy\u00a0kiemelten rugalmas\u00a0\u00e9s k\u00f6lts\u00e9ghat\u00e9kony\u00a0megold\u00e1st ny\u00fajt a gy\u00e1rt\u00e1s\/termel\u00e9sben, logisztik\u00e1ban felmer\u00fcl\u0151,\u00a0naponta v\u00e1ltoz\u00f3 munkaer\u0151-ig\u00e9nyek\u00a0lefed\u00e9s\u00e9re. Egyszer\u0171s\u00edtett foglalkoztat\u00e1s, alkalmi munkav\u00e1llal\u00e1s F\u00e9l napos toborz\u00e1si \u00e9s [&hellip;]<\/p>","protected":false},"author":1,"featured_media":0,"parent":0,"menu_order":0,"comment_status":"closed","ping_status":"closed","template":"","meta":{"_acf_changed":false,"footnotes":""},"class_list":["post-305","page","type-page","status-publish","hentry"],"acf":[],"yoast_head":"<!-- This site is optimized with the Yoast SEO plugin v25.3 - https:\/\/yoast.com\/wordpress\/plugins\/seo\/ -->\n<title>Egyszer\u0171s\u00edtett foglalkoztat\u00e1s - Delego<\/title>\n<meta name=\"robots\" content=\"index, follow, max-snippet:-1, max-image-preview:large, max-video-preview:-1\" \/>\n<link rel=\"canonical\" href=\"https:\/\/delego.hu\/ko\/egyszerusitett-foglalkoztatas\/\" \/>\n<meta property=\"og:locale\" content=\"ko_KR\" \/>\n<meta property=\"og:type\" content=\"article\" \/>\n<meta property=\"og:title\" content=\"Egyszer\u0171s\u00edtett foglalkoztat\u00e1s - Delego\" \/>\n<meta property=\"og:description\" content=\"Az\u00a0\u00faj\u00a0Munka T\u00f6rv\u00e9nyk\u00f6nyve\u00a0lehet\u0151v\u00e9 teszi\u00a0t\u00f6bb atipikus foglalkoztat\u00e1si forma egyidej\u0171leg t\u00f6rt\u00e9n\u0151 alkalmaz\u00e1s\u00e1t, \u00edgy munkaer\u0151-k\u00f6lcs\u00f6nz\u00e9s eset\u00e9n a k\u00f6lcs\u00f6nbead\u00f3 c\u00e9g az \u201eegyszer\u0171s\u00edtett foglalkoztat\u00e1s\u201d\u00a0szab\u00e1lyai szerint is biztos\u00edthat munkav\u00e1llal\u00f3kat Partnerei sz\u00e1m\u00e1ra. Ez\u00e1ltal olyan lehet\u0151s\u00e9get k\u00edn\u00e1lunk \u00d6n\u00f6knek, amely\u00a0\u00f6tv\u00f6zi az alkalmi munkav\u00e1llal\u00e1s \u00e9s a munkaer\u0151-k\u00f6lcs\u00f6nz\u00e9s el\u0151nyeit, \u00edgy\u00a0kiemelten rugalmas\u00a0\u00e9s k\u00f6lts\u00e9ghat\u00e9kony\u00a0megold\u00e1st ny\u00fajt a gy\u00e1rt\u00e1s\/termel\u00e9sben, logisztik\u00e1ban felmer\u00fcl\u0151,\u00a0naponta v\u00e1ltoz\u00f3 munkaer\u0151-ig\u00e9nyek\u00a0lefed\u00e9s\u00e9re. Egyszer\u0171s\u00edtett foglalkoztat\u00e1s, alkalmi munkav\u00e1llal\u00e1s F\u00e9l napos toborz\u00e1si \u00e9s [&hellip;]\" \/>\n<meta property=\"og:url\" content=\"https:\/\/delego.hu\/ko\/egyszerusitett-foglalkoztatas\/\" \/>\n<meta property=\"og:site_name\" content=\"Delego\" \/>\n<meta property=\"article:modified_time\" content=\"2025-07-09T09:34:06+00:00\" \/>\n<meta name=\"twitter:card\" content=\"summary_large_image\" \/>\n<meta name=\"twitter:label1\" content=\"\uc608\uc0c1 \ub418\ub294 \ud310\ub3c5 \uc2dc\uac04\" \/>\n\t<meta name=\"twitter:data1\" content=\"2\ubd84\" \/>\n<script type=\"application\/ld+json\" class=\"yoast-schema-graph\">{\"@context\":\"https:\/\/schema.org\",\"@graph\":[{\"@type\":\"WebPage\",\"@id\":\"https:\/\/delego.hu\/en\/egyszerusitett-foglalkoztatas\/\",\"url\":\"https:\/\/delego.hu\/en\/egyszerusitett-foglalkoztatas\/\",\"name\":\"Egyszer\u0171s\u00edtett foglalkoztat\u00e1s - Delego\",\"isPartOf\":{\"@id\":\"https:\/\/delego.hu\/ru\/#website\"},\"datePublished\":\"2024-07-16T09:09:33+00:00\",\"dateModified\":\"2025-07-09T09:34:06+00:00\",\"breadcrumb\":{\"@id\":\"https:\/\/delego.hu\/en\/egyszerusitett-foglalkoztatas\/#breadcrumb\"},\"inLanguage\":\"ko-KR\",\"potentialAction\":[{\"@type\":\"ReadAction\",\"target\":[\"https:\/\/delego.hu\/en\/egyszerusitett-foglalkoztatas\/\"]}]},{\"@type\":\"BreadcrumbList\",\"@id\":\"https:\/\/delego.hu\/en\/egyszerusitett-foglalkoztatas\/#breadcrumb\",\"itemListElement\":[{\"@type\":\"ListItem\",\"position\":1,\"name\":\"Kezd\u0151lap\",\"item\":\"https:\/\/delego.hu\/hu\/\"},{\"@type\":\"ListItem\",\"position\":2,\"name\":\"Egyszer\u0171s\u00edtett foglalkoztat\u00e1s\"}]},{\"@type\":\"WebSite\",\"@id\":\"https:\/\/delego.hu\/ru\/#website\",\"url\":\"https:\/\/delego.hu\/ru\/\",\"name\":\"Delego\",\"description\":\"\",\"publisher\":{\"@id\":\"https:\/\/delego.hu\/ru\/#organization\"},\"potentialAction\":[{\"@type\":\"SearchAction\",\"target\":{\"@type\":\"EntryPoint\",\"urlTemplate\":\"https:\/\/delego.hu\/ru\/?s={search_term_string}\"},\"query-input\":{\"@type\":\"PropertyValueSpecification\",\"valueRequired\":true,\"valueName\":\"search_term_string\"}}],\"inLanguage\":\"ko-KR\"},{\"@type\":\"Organization\",\"@id\":\"https:\/\/delego.hu\/ru\/#organization\",\"name\":\"Delego\",\"url\":\"https:\/\/delego.hu\/ru\/\",\"logo\":{\"@type\":\"ImageObject\",\"inLanguage\":\"ko-KR\",\"@id\":\"https:\/\/delego.hu\/ru\/#\/schema\/logo\/image\/\",\"url\":\"https:\/\/delego.hu\/wp-content\/uploads\/2024\/07\/logodelego.png\",\"contentUrl\":\"https:\/\/delego.hu\/wp-content\/uploads\/2024\/07\/logodelego.png\",\"width\":117,\"height\":50,\"caption\":\"Delego\"},\"image\":{\"@id\":\"https:\/\/delego.hu\/ru\/#\/schema\/logo\/image\/\"}}]}<\/script>\n<!-- \/ Yoast SEO plugin. -->","yoast_head_json":{"title":"Egyszer\u0171s\u00edtett foglalkoztat\u00e1s - Delego","robots":{"index":"index","follow":"follow","max-snippet":"max-snippet:-1","max-image-preview":"max-image-preview:large","max-video-preview":"max-video-preview:-1"},"canonical":"https:\/\/delego.hu\/ko\/egyszerusitett-foglalkoztatas\/","og_locale":"ko_KR","og_type":"article","og_title":"Egyszer\u0171s\u00edtett foglalkoztat\u00e1s - Delego","og_description":"Az\u00a0\u00faj\u00a0Munka T\u00f6rv\u00e9nyk\u00f6nyve\u00a0lehet\u0151v\u00e9 teszi\u00a0t\u00f6bb atipikus foglalkoztat\u00e1si forma egyidej\u0171leg t\u00f6rt\u00e9n\u0151 alkalmaz\u00e1s\u00e1t, \u00edgy munkaer\u0151-k\u00f6lcs\u00f6nz\u00e9s eset\u00e9n a k\u00f6lcs\u00f6nbead\u00f3 c\u00e9g az \u201eegyszer\u0171s\u00edtett foglalkoztat\u00e1s\u201d\u00a0szab\u00e1lyai szerint is biztos\u00edthat munkav\u00e1llal\u00f3kat Partnerei sz\u00e1m\u00e1ra. Ez\u00e1ltal olyan lehet\u0151s\u00e9get k\u00edn\u00e1lunk \u00d6n\u00f6knek, amely\u00a0\u00f6tv\u00f6zi az alkalmi munkav\u00e1llal\u00e1s \u00e9s a munkaer\u0151-k\u00f6lcs\u00f6nz\u00e9s el\u0151nyeit, \u00edgy\u00a0kiemelten rugalmas\u00a0\u00e9s k\u00f6lts\u00e9ghat\u00e9kony\u00a0megold\u00e1st ny\u00fajt a gy\u00e1rt\u00e1s\/termel\u00e9sben, logisztik\u00e1ban felmer\u00fcl\u0151,\u00a0naponta v\u00e1ltoz\u00f3 munkaer\u0151-ig\u00e9nyek\u00a0lefed\u00e9s\u00e9re. Egyszer\u0171s\u00edtett foglalkoztat\u00e1s, alkalmi munkav\u00e1llal\u00e1s F\u00e9l napos toborz\u00e1si \u00e9s [&hellip;]","og_url":"https:\/\/delego.hu\/ko\/egyszerusitett-foglalkoztatas\/","og_site_name":"Delego","article_modified_time":"2025-07-09T09:34:06+00:00","twitter_card":"summary_large_image","twitter_misc":{"\uc608\uc0c1 \ub418\ub294 \ud310\ub3c5 \uc2dc\uac04":"2\ubd84"},"schema":{"@context":"https:\/\/schema.org","@graph":[{"@type":"WebPage","@id":"https:\/\/delego.hu\/en\/egyszerusitett-foglalkoztatas\/","url":"https:\/\/delego.hu\/en\/egyszerusitett-foglalkoztatas\/","name":"Egyszer\u0171s\u00edtett foglalkoztat\u00e1s - Delego","isPartOf":{"@id":"https:\/\/delego.hu\/ru\/#website"},"datePublished":"2024-07-16T09:09:33+00:00","dateModified":"2025-07-09T09:34:06+00:00","breadcrumb":{"@id":"https:\/\/delego.hu\/en\/egyszerusitett-foglalkoztatas\/#breadcrumb"},"inLanguage":"ko-KR","potentialAction":[{"@type":"ReadAction","target":["https:\/\/delego.hu\/en\/egyszerusitett-foglalkoztatas\/"]}]},{"@type":"BreadcrumbList","@id":"https:\/\/delego.hu\/en\/egyszerusitett-foglalkoztatas\/#breadcrumb","itemListElement":[{"@type":"ListItem","position":1,"name":"Kezd\u0151lap","item":"https:\/\/delego.hu\/hu\/"},{"@type":"ListItem","position":2,"name":"Egyszer\u0171s\u00edtett foglalkoztat\u00e1s"}]},{"@type":"WebSite","@id":"https:\/\/delego.hu\/ru\/#website","url":"https:\/\/delego.hu\/ru\/","name":"Delego","description":"","publisher":{"@id":"https:\/\/delego.hu\/ru\/#organization"},"potentialAction":[{"@type":"SearchAction","target":{"@type":"EntryPoint","urlTemplate":"https:\/\/delego.hu\/ru\/?s={search_term_string}"},"query-input":{"@type":"PropertyValueSpecification","valueRequired":true,"valueName":"search_term_string"}}],"inLanguage":"ko-KR"},{"@type":"Organization","@id":"https:\/\/delego.hu\/ru\/#organization","name":"Delego","url":"https:\/\/delego.hu\/ru\/","logo":{"@type":"ImageObject","inLanguage":"ko-KR","@id":"https:\/\/delego.hu\/ru\/#\/schema\/logo\/image\/","url":"https:\/\/delego.hu\/wp-content\/uploads\/2024\/07\/logodelego.png","contentUrl":"https:\/\/delego.hu\/wp-content\/uploads\/2024\/07\/logodelego.png","width":117,"height":50,"caption":"Delego"},"image":{"@id":"https:\/\/delego.hu\/ru\/#\/schema\/logo\/image\/"}}]}},"_links":{"self":[{"href":"https:\/\/delego.hu\/ko\/wp-json\/wp\/v2\/pages\/305","targetHints":{"allow":["GET"]}}],"collection":[{"href":"https:\/\/delego.hu\/ko\/wp-json\/wp\/v2\/pages"}],"about":[{"href":"https:\/\/delego.hu\/ko\/wp-json\/wp\/v2\/types\/page"}],"author":[{"embeddable":true,"href":"https:\/\/delego.hu\/ko\/wp-json\/wp\/v2\/users\/1"}],"replies":[{"embeddable":true,"href":"https:\/\/delego.hu\/ko\/wp-json\/wp\/v2\/comments?post=305"}],"version-history":[{"count":16,"href":"https:\/\/delego.hu\/ko\/wp-json\/wp\/v2\/pages\/305\/revisions"}],"predecessor-version":[{"id":1759,"href":"https:\/\/delego.hu\/ko\/wp-json\/wp\/v2\/pages\/305\/revisions\/1759"}],"wp:attachment":[{"href":"https:\/\/delego.hu\/ko\/wp-json\/wp\/v2\/media?parent=305"}],"curies":[{"name":"wp","href":"https:\/\/api.w.org\/{rel}","templated":true}]}}