{"id":299,"date":"2024-07-16T08:53:58","date_gmt":"2024-07-16T08:53:58","guid":{"rendered":"https:\/\/delego.hu\/?page_id=299"},"modified":"2025-07-09T09:32:49","modified_gmt":"2025-07-09T09:32:49","slug":"munkaero-kozvetites","status":"publish","type":"page","link":"https:\/\/delego.hu\/ko\/munkaero-kozvetites\/","title":{"rendered":"\uc815\uaddc\uc9c1 \uc54c\uc120"},"content":{"rendered":"<div data-elementor-type=\"wp-page\" data-elementor-id=\"299\" class=\"elementor elementor-299\" data-elementor-post-type=\"page\">\n\t\t\t\t<div class=\"elementor-element elementor-element-5c6cd9b e-flex e-con-boxed e-con e-parent\" data-id=\"5c6cd9b\" data-element_type=\"container\" data-e-type=\"container\">\n\t\t\t\t\t<div class=\"e-con-inner\">\n\t\t\t\t<div data-dce-text-color=\"#000000\" class=\"elementor-element elementor-element-8894e6e elementor-widget elementor-widget-text-editor\" data-id=\"8894e6e\" data-element_type=\"widget\" data-e-type=\"widget\" data-widget_type=\"text-editor.default\">\n\t\t\t\t<div class=\"elementor-widget-container\">\n\t\t\t\t\t\t\t\t\t<p class=\"translation-block\">\ub2f9\uc0ac\uc758 \ucc44\uc6a9 \ubc0f \uc120\ubc1c \ud504\ub85c\uc138\uc2a4\ub294 \ub2e4\ub144\uac04\uc758 \uacbd\ud5d8\uacfc \uc0ac\uc6a9 \uac00\ub2a5\ud55c \ub3c4\uad6c \ubc0f \ubc29\ubc95\uc758 \uc801\uc808\ud55c \uc0ac\uc6a9\uc744 \uae30\ubc18\uc73c\ub85c \uc774\ub8e8\uc5b4\uc9d1\ub2c8\ub2e4. \uc9c1\ucc45 \uc720\ud615, \uc218\uc900, \ud544\uc694\ud55c \uacbd\ud5d8 \ubc0f \uc804\ubb38\uc131 \ub4f1\uc744 \uae30\ubc18\uc73c\ub85c \uc758\ub8b0\uc778\uc774 \ucd5c\uc18c\ud55c\uc758 \uc2dc\uac04\uacfc \uc5d0\ub108\uc9c0\ub97c \ud22c\uc790\ud558\uc5ec \ucd5c\uace0\uc758 \uc9c1\uc6d0\uc744 \ucc3e\uc744 \uc218 \uc788\ub294 \ucc44\uc6a9 \ub3c4\uad6c\ub97c \uacb0\uc815\ud569\ub2c8\ub2e4. \ub2f9\uc0ac\uac00 \uac70\uc758 \ubaa8\ub4e0 \uc120\ubc1c \uacfc\uc815\uc744 \uc218\ud589\ud558\ubbc0\ub85c \uc758\ub8b0\uc778\uc740 \uad11\uace0\ub41c \ud3ec\uc9c0\uc158\uc5d0 \uc801\ud569\ud55c \ud6c4\ubcf4\uc790\uc5d0\uac8c\ub9cc \uc2dc\uac04\uc744 \ud22c\uc790\ud558\uba74 \ub429\ub2c8\ub2e4.<\/p>\t\t\t\t\t\t\t\t<\/div>\n\t\t\t\t<\/div>\n\t\t\t\t\t<\/div>\n\t\t\t\t<\/div>\n\t\t<div data-dce-background-image-url=\"http:\/\/delego.hu\/wp-content\/uploads\/2024\/07\/piroshatter-2.png\" class=\"elementor-element elementor-element-90c00ae e-flex e-con-boxed e-con e-parent\" data-id=\"90c00ae\" data-element_type=\"container\" data-e-type=\"container\" data-settings=\"{&quot;background_background&quot;:&quot;classic&quot;}\">\n\t\t\t\t\t<div class=\"e-con-inner\">\n\t\t<div class=\"elementor-element elementor-element-ca9aab8 e-con-full e-flex e-con e-child\" data-id=\"ca9aab8\" data-element_type=\"container\" data-e-type=\"container\">\n\t\t\t\t<div data-dce-title-color=\"#FFFFFF\" class=\"elementor-element elementor-element-0416c02 elementor-widget elementor-widget-heading\" data-id=\"0416c02\" data-element_type=\"widget\" data-e-type=\"widget\" data-widget_type=\"heading.default\">\n\t\t\t\t<div class=\"elementor-widget-container\">\n\t\t\t\t\t<h2 class=\"elementor-heading-title elementor-size-default\">\uc815\uaddc\uc9c1 \uc54c\uc120, \uc9c1\uc811 \uac80\uc0c9, \uc784\uc6d0 \uc120\ubc1c<\/h2>\t\t\t\t<\/div>\n\t\t\t\t<\/div>\n\t\t\t\t<div data-dce-text-color=\"#FFFFFF\" class=\"elementor-element elementor-element-f310454 elementor-widget elementor-widget-text-editor\" data-id=\"f310454\" data-element_type=\"widget\" data-e-type=\"widget\" data-widget_type=\"text-editor.default\">\n\t\t\t\t<div class=\"elementor-widget-container\">\n\t\t\t\t\t\t\t\t\t<div class=\"wpb_text_column wpb_content_element\"><div class=\"wpb_wrapper\"><h5>Delego Consulting Ltd.<\/h5><\/div><\/div><div class=\"wpb_text_column wpb_content_element\"><div class=\"wpb_wrapper\"><p class=\"translation-block\">\uc9c1\uc6d0\uc744 \uc624\ub798\ub3c4\ub85d \ucc3e\uc544\ubcf4\uc558\uc9c0\ub9cc \uc54c\ub9de\ub294 \uc9c1\uc6d0\uc744 \ucc3e\uc744 \uc218 \uc5c6\uc73c\uc168\uc2b5\ub2c8\uae4c? \ucc44\uc6a9\uc744 \uc704\ud55c \uc5ec\ub825\uacfc \uc2dc\uac04\uc774 \ubd80\uc871\ud558\uc2ed\ub2c8\uae4c? \ud2b9\ubcc4\ud788 \uc219\ub828\ub41c \uc9c1\uc6d0\uc744 \ucc3e\uace0 \uacc4\uc2ed\ub2c8\uae4c? \uc784\uc6d0 \uc9c1\ucc45\uc5d0 \uc801\ud569\ud55c \ud6c4\ubcf4\uc790\ub97c \ucc3e\uace0 \uacc4\uc2ed\ub2c8\uae4c? Delege Consulting Ltd\uc758 \uc815\uaddc\uc9c1 \uc54c\uc120\uacfc \uc9c1\uc811 \uac80\uc0c9 \uc11c\ube44\uc2a4\ub97c \uc120\ud0dd\ud558\uc138\uc694!<\/p><\/div><\/div>\t\t\t\t\t\t\t\t<\/div>\n\t\t\t\t<\/div>\n\t\t\t\t<\/div>\n\t\t<div class=\"elementor-element elementor-element-b7e249b e-con-full e-flex e-con e-child\" data-id=\"b7e249b\" data-element_type=\"container\" data-e-type=\"container\">\n\t\t\t\t<\/div>\n\t\t\t\t\t<\/div>\n\t\t\t\t<\/div>\n\t\t<div class=\"elementor-element elementor-element-3642a66 e-flex e-con-boxed e-con e-parent\" data-id=\"3642a66\" data-element_type=\"container\" data-e-type=\"container\">\n\t\t\t\t\t<div class=\"e-con-inner\">\n\t\t\t\t<div data-dce-text-color=\"#000000\" class=\"elementor-element elementor-element-d6f6385 elementor-widget elementor-widget-text-editor\" data-id=\"d6f6385\" data-element_type=\"widget\" data-e-type=\"widget\" data-widget_type=\"text-editor.default\">\n\t\t\t\t<div class=\"elementor-widget-container\">\n\t\t\t\t\t\t\t\t\t<p class=\"fontsninja-font translation-block\" data-ninja-font=\"helvetica_light_normal\">\ub2f9\uc0ac\ub294 \uc758\ub8b0\uc778\uc758 \ud544\uc694\uc5d0 \uc120\ubc1c \uacfc\uc815\uc744 \ub9de\ucdb0\ub4dc\ub9bd\ub2c8\ub2e4. \uc774\ub97c \ud1b5\ud574 \ud68c\uc0ac \ubc0f \uc9c1\ucc45\uc5d0 \ub9de\ucda4\ud654\ub41c \uc11c\ube44\uc2a4\ub97c \uc81c\uacf5\ud560 \uc218 \uc788\uc2b5\ub2c8\ub2e4. \uac01 \uc9c1\ubb34\ubcc4\ub85c \uc774\uc0c1\uc801\uc778 \uc9c0\uc6d0\uc790\uc5d0\uac8c \ud544\uc694\ud55c \uac1c\uc778\uc801 \uc5ed\ub7c9\uacfc \ud64d\ubcf4\uc804\ubb38\uc801 \uc5ed\ub7c9\uc774 \ubb34\uc5c7\uc778\uc9c0 \uc870\uc0ac\ud55c \ub2e4\uc74c, \uc774\ub7ec\ud55c \uc5ed\ub7c9\uc744 \ud3c9\uac00\ud558\ub294 \ub370 \uac00\uc7a5 \ud6a8\uacfc\uc801\uc774\uace0 \uc2e0\ub8b0\ud560 \uc218 \uc788\ub294 \uc120\ubc1c \ub3c4\uad6c\ub97c \ud560\ub2f9\ud569\ub2c8\ub2e4.<\/p><p class=\"fontsninja-font translation-block\" data-ninja-font=\"helvetica_light_normal\">\ud2b9\uc815\ud55c \uc601\uc5ed, \uc9c1\uad70, \uc9c1\uc5c5\uc740 \ud5dd\uac00\ub9ac \uace0\uc6a9\uc8fc\ub4e4\ub85c\ubd80\ud130 \ud070 \uac00\uce58\ub97c \ubd80\uc5ec\ubc1b\uace0 \uc788\uc2b5\ub2c8\ub2e4. \uc774\ub7f0 \uc804\ubb38\uac00\uc640 \ub9ac\ub354\ub294 \ub178\ub3d9 \uc2dc\uc7a5\uc5d0\uc11c \uc27d\uac8c \uad6c\ud560 \uc218 \uc5c6\uc73c\uba70, \uc801\uadf9\uc801\uc73c\ub85c \uc77c\uc790\ub9ac\ub97c \ucc3e\uc9c0 \uc54a\uc2b5\ub2c8\ub2e4. \ubcc0\ud654\ub97c \ub9cc\ub4e4\uae30 \uc704\ud574\uc11c\ub294\uadf8\ub4e4\uc5d0\uac8c \uc811\uadfc\ud558\uace0 \ub3d9\uae30\ub97c \ubd80\uc5ec\ud574\uc57c \ud569\ub2c8\ub2e4.<\/p><p class=\"fontsninja-font translation-block\" data-ninja-font=\"helvetica_light_normal\">\uc774 \uacbd\uc6b0 \ub2f9\uc0ac\ub294 \uad11\uace0\uc640 \uc628\ub77c\uc778 \ub370\uc774\ud130\ubca0\uc774\uc2a4\ub97c \uae30\ubcf8\uc73c\ub85c \uc0bc\uc9c0 \uc54a\uc2b5\ub2c8\ub2e4. \ub2e4\ub144\uac04\uc758 \uacbd\ud5d8\uacfc \uc5f0\ub77d \ub124\ud2b8\uc6cc\ud06c, \ub300\uccb4 \uc790\uc6d0\uc740 \ub2f9\uc0ac\uac00 \ud604\uc7ac \uad6c\uc9c1 \uc2dc\uc7a5\uc5d0 \uc788\uc9c0 \uc54a\uc740 \uc804\ubb38\uac00\ub098 \uc784\uc6d0\uc744 \ucc3e\uc744 \uc218 \uc788\ub3c4\ub85d \ub3c4\uc640\uc90d\ub2c8\ub2e4.<\/p><p class=\"fontsninja-font translation-block\" data-ninja-font=\"helvetica_light_normal\">\ub2f9\uc0ac\uc758 \ud30c\ud2b8\ub108\ub4e4\uc740 \ub2f9\uc0ac\uc758 \ub3c4\uc6c0\uc744 \ubc1b\uc544 \uc8fc\ub85c \ub2e4\uad6d\uc5b4\ub97c \uad6c\uc0ac\ud558\ub294 SSC \uc9c1\uc6d0, \uae30\uacc4-\uc804\uc790-\ubb3c\ub958 \uc5d4\uc9c0\ub2c8\uc5b4, \uacbd\uc81c, \uae08\uc735 \ubc0f  IT \ubd84\uc57c \uc804\ubb38\uac00\ub97c \ucc3e\uc558\uc2b5\ub2c8\ub2e4.<\/p>\t\t\t\t\t\t\t\t<\/div>\n\t\t\t\t<\/div>\n\t\t\t\t<div data-dce-background-color=\"#61CE7000\" class=\"elementor-element elementor-element-89e5795 elementor-align-left elementor-widget elementor-widget-button\" data-id=\"89e5795\" data-element_type=\"widget\" data-e-type=\"widget\" data-widget_type=\"button.default\">\n\t\t\t\t<div class=\"elementor-widget-container\">\n\t\t\t\t\t\t\t\t\t<div class=\"elementor-button-wrapper\">\n\t\t\t\t\t<a class=\"elementor-button elementor-button-link elementor-size-sm\" href=\"https:\/\/delego.hu\/ko\/ajanlatkeres\/\">\n\t\t\t\t\t\t<span class=\"elementor-button-content-wrapper\">\n\t\t\t\t\t\t\t\t\t<span class=\"elementor-button-text\">\uc81c\uc548\uc744 \uc694\uccad\ud558\uc138\uc694<\/span>\n\t\t\t\t\t<\/span>\n\t\t\t\t\t<\/a>\n\t\t\t\t<\/div>\n\t\t\t\t\t\t\t\t<\/div>\n\t\t\t\t<\/div>\n\t\t\t\t\t<\/div>\n\t\t\t\t<\/div>\n\t\t\t\t<\/div>","protected":false},"excerpt":{"rendered":"<p>Toborz\u00e1si- kiv\u00e1laszt\u00e1si folyamatunk koll\u00e9g\u00e1ink\u00a0sok\u00e9ves tapasztalat\u00e1n \u00e9s a\u00a0rendelkez\u00e9sre \u00e1ll\u00f3\u00a0eszk\u00f6z\u00f6k, m\u00f3dszerek megfelel\u0151 felhaszn\u00e1l\u00e1s\u00e1n\u00a0alapulnak. A poz\u00edci\u00f3 t\u00edpus\u00e1nak, szintj\u00e9nek, valamint az elv\u00e1rt tapasztalat \u00e9s szaktud\u00e1s ismeret\u00e9ben hat\u00e1rozzuk meg azokat a toborz\u00e1si eszk\u00f6z\u00f6ket, amelyekkel biztos\u00edtani tudjuk, hogy \u00dcgyfeleink a legjobb munkat\u00e1rsat a legkevesebb id\u0151 \u00e9s energia r\u00e1ford\u00edt\u00e1ssal tal\u00e1lj\u00e1k meg. A kiv\u00e1laszt\u00e1s szinte teljes folyamat\u00e1t magunkra v\u00e1llaljuk, \u00dcgyfeleinknek m\u00e1r csak azon [&hellip;]<\/p>","protected":false},"author":1,"featured_media":0,"parent":0,"menu_order":0,"comment_status":"closed","ping_status":"closed","template":"","meta":{"_acf_changed":false,"footnotes":""},"class_list":["post-299","page","type-page","status-publish","hentry"],"acf":[],"yoast_head":"<!-- This site is optimized with the Yoast SEO plugin v25.3 - https:\/\/yoast.com\/wordpress\/plugins\/seo\/ -->\n<title>Munkaer\u0151-k\u00f6zvet\u00edt\u00e9s - Delego<\/title>\n<meta name=\"robots\" content=\"index, follow, max-snippet:-1, max-image-preview:large, max-video-preview:-1\" \/>\n<link rel=\"canonical\" href=\"https:\/\/delego.hu\/ko\/munkaero-kozvetites\/\" \/>\n<meta property=\"og:locale\" content=\"ko_KR\" \/>\n<meta property=\"og:type\" content=\"article\" \/>\n<meta property=\"og:title\" content=\"Munkaer\u0151-k\u00f6zvet\u00edt\u00e9s - Delego\" \/>\n<meta property=\"og:description\" content=\"Toborz\u00e1si- kiv\u00e1laszt\u00e1si folyamatunk koll\u00e9g\u00e1ink\u00a0sok\u00e9ves tapasztalat\u00e1n \u00e9s a\u00a0rendelkez\u00e9sre \u00e1ll\u00f3\u00a0eszk\u00f6z\u00f6k, m\u00f3dszerek megfelel\u0151 felhaszn\u00e1l\u00e1s\u00e1n\u00a0alapulnak. A poz\u00edci\u00f3 t\u00edpus\u00e1nak, szintj\u00e9nek, valamint az elv\u00e1rt tapasztalat \u00e9s szaktud\u00e1s ismeret\u00e9ben hat\u00e1rozzuk meg azokat a toborz\u00e1si eszk\u00f6z\u00f6ket, amelyekkel biztos\u00edtani tudjuk, hogy \u00dcgyfeleink a legjobb munkat\u00e1rsat a legkevesebb id\u0151 \u00e9s energia r\u00e1ford\u00edt\u00e1ssal tal\u00e1lj\u00e1k meg. A kiv\u00e1laszt\u00e1s szinte teljes folyamat\u00e1t magunkra v\u00e1llaljuk, \u00dcgyfeleinknek m\u00e1r csak azon [&hellip;]\" \/>\n<meta property=\"og:url\" content=\"https:\/\/delego.hu\/ko\/munkaero-kozvetites\/\" \/>\n<meta property=\"og:site_name\" content=\"Delego\" \/>\n<meta property=\"article:modified_time\" content=\"2025-07-09T09:32:49+00:00\" \/>\n<meta name=\"twitter:card\" content=\"summary_large_image\" \/>\n<meta name=\"twitter:label1\" content=\"\uc608\uc0c1 \ub418\ub294 \ud310\ub3c5 \uc2dc\uac04\" \/>\n\t<meta name=\"twitter:data1\" content=\"2\ubd84\" \/>\n<script type=\"application\/ld+json\" class=\"yoast-schema-graph\">{\"@context\":\"https:\/\/schema.org\",\"@graph\":[{\"@type\":\"WebPage\",\"@id\":\"https:\/\/delego.hu\/hu\/munkaero-kozvetites\/\",\"url\":\"https:\/\/delego.hu\/hu\/munkaero-kozvetites\/\",\"name\":\"Munkaer\u0151-k\u00f6zvet\u00edt\u00e9s - Delego\",\"isPartOf\":{\"@id\":\"https:\/\/delego.hu\/ru\/#website\"},\"datePublished\":\"2024-07-16T08:53:58+00:00\",\"dateModified\":\"2025-07-09T09:32:49+00:00\",\"breadcrumb\":{\"@id\":\"https:\/\/delego.hu\/hu\/munkaero-kozvetites\/#breadcrumb\"},\"inLanguage\":\"ko-KR\",\"potentialAction\":[{\"@type\":\"ReadAction\",\"target\":[\"https:\/\/delego.hu\/hu\/munkaero-kozvetites\/\"]}]},{\"@type\":\"BreadcrumbList\",\"@id\":\"https:\/\/delego.hu\/hu\/munkaero-kozvetites\/#breadcrumb\",\"itemListElement\":[{\"@type\":\"ListItem\",\"position\":1,\"name\":\"Kezd\u0151lap\",\"item\":\"https:\/\/delego.hu\/hu\/\"},{\"@type\":\"ListItem\",\"position\":2,\"name\":\"Munkaer\u0151-k\u00f6zvet\u00edt\u00e9s\"}]},{\"@type\":\"WebSite\",\"@id\":\"https:\/\/delego.hu\/ru\/#website\",\"url\":\"https:\/\/delego.hu\/ru\/\",\"name\":\"Delego\",\"description\":\"\",\"publisher\":{\"@id\":\"https:\/\/delego.hu\/ru\/#organization\"},\"potentialAction\":[{\"@type\":\"SearchAction\",\"target\":{\"@type\":\"EntryPoint\",\"urlTemplate\":\"https:\/\/delego.hu\/ru\/?s={search_term_string}\"},\"query-input\":{\"@type\":\"PropertyValueSpecification\",\"valueRequired\":true,\"valueName\":\"search_term_string\"}}],\"inLanguage\":\"ko-KR\"},{\"@type\":\"Organization\",\"@id\":\"https:\/\/delego.hu\/ru\/#organization\",\"name\":\"Delego\",\"url\":\"https:\/\/delego.hu\/ru\/\",\"logo\":{\"@type\":\"ImageObject\",\"inLanguage\":\"ko-KR\",\"@id\":\"https:\/\/delego.hu\/ru\/#\/schema\/logo\/image\/\",\"url\":\"https:\/\/delego.hu\/wp-content\/uploads\/2024\/07\/logodelego.png\",\"contentUrl\":\"https:\/\/delego.hu\/wp-content\/uploads\/2024\/07\/logodelego.png\",\"width\":117,\"height\":50,\"caption\":\"Delego\"},\"image\":{\"@id\":\"https:\/\/delego.hu\/ru\/#\/schema\/logo\/image\/\"}}]}<\/script>\n<!-- \/ Yoast SEO plugin. -->","yoast_head_json":{"title":"Munkaer\u0151-k\u00f6zvet\u00edt\u00e9s - Delego","robots":{"index":"index","follow":"follow","max-snippet":"max-snippet:-1","max-image-preview":"max-image-preview:large","max-video-preview":"max-video-preview:-1"},"canonical":"https:\/\/delego.hu\/ko\/munkaero-kozvetites\/","og_locale":"ko_KR","og_type":"article","og_title":"Munkaer\u0151-k\u00f6zvet\u00edt\u00e9s - Delego","og_description":"Toborz\u00e1si- kiv\u00e1laszt\u00e1si folyamatunk koll\u00e9g\u00e1ink\u00a0sok\u00e9ves tapasztalat\u00e1n \u00e9s a\u00a0rendelkez\u00e9sre \u00e1ll\u00f3\u00a0eszk\u00f6z\u00f6k, m\u00f3dszerek megfelel\u0151 felhaszn\u00e1l\u00e1s\u00e1n\u00a0alapulnak. A poz\u00edci\u00f3 t\u00edpus\u00e1nak, szintj\u00e9nek, valamint az elv\u00e1rt tapasztalat \u00e9s szaktud\u00e1s ismeret\u00e9ben hat\u00e1rozzuk meg azokat a toborz\u00e1si eszk\u00f6z\u00f6ket, amelyekkel biztos\u00edtani tudjuk, hogy \u00dcgyfeleink a legjobb munkat\u00e1rsat a legkevesebb id\u0151 \u00e9s energia r\u00e1ford\u00edt\u00e1ssal tal\u00e1lj\u00e1k meg. A kiv\u00e1laszt\u00e1s szinte teljes folyamat\u00e1t magunkra v\u00e1llaljuk, \u00dcgyfeleinknek m\u00e1r csak azon [&hellip;]","og_url":"https:\/\/delego.hu\/ko\/munkaero-kozvetites\/","og_site_name":"Delego","article_modified_time":"2025-07-09T09:32:49+00:00","twitter_card":"summary_large_image","twitter_misc":{"\uc608\uc0c1 \ub418\ub294 \ud310\ub3c5 \uc2dc\uac04":"2\ubd84"},"schema":{"@context":"https:\/\/schema.org","@graph":[{"@type":"WebPage","@id":"https:\/\/delego.hu\/hu\/munkaero-kozvetites\/","url":"https:\/\/delego.hu\/hu\/munkaero-kozvetites\/","name":"Munkaer\u0151-k\u00f6zvet\u00edt\u00e9s - Delego","isPartOf":{"@id":"https:\/\/delego.hu\/ru\/#website"},"datePublished":"2024-07-16T08:53:58+00:00","dateModified":"2025-07-09T09:32:49+00:00","breadcrumb":{"@id":"https:\/\/delego.hu\/hu\/munkaero-kozvetites\/#breadcrumb"},"inLanguage":"ko-KR","potentialAction":[{"@type":"ReadAction","target":["https:\/\/delego.hu\/hu\/munkaero-kozvetites\/"]}]},{"@type":"BreadcrumbList","@id":"https:\/\/delego.hu\/hu\/munkaero-kozvetites\/#breadcrumb","itemListElement":[{"@type":"ListItem","position":1,"name":"Kezd\u0151lap","item":"https:\/\/delego.hu\/hu\/"},{"@type":"ListItem","position":2,"name":"Munkaer\u0151-k\u00f6zvet\u00edt\u00e9s"}]},{"@type":"WebSite","@id":"https:\/\/delego.hu\/ru\/#website","url":"https:\/\/delego.hu\/ru\/","name":"Delego","description":"","publisher":{"@id":"https:\/\/delego.hu\/ru\/#organization"},"potentialAction":[{"@type":"SearchAction","target":{"@type":"EntryPoint","urlTemplate":"https:\/\/delego.hu\/ru\/?s={search_term_string}"},"query-input":{"@type":"PropertyValueSpecification","valueRequired":true,"valueName":"search_term_string"}}],"inLanguage":"ko-KR"},{"@type":"Organization","@id":"https:\/\/delego.hu\/ru\/#organization","name":"Delego","url":"https:\/\/delego.hu\/ru\/","logo":{"@type":"ImageObject","inLanguage":"ko-KR","@id":"https:\/\/delego.hu\/ru\/#\/schema\/logo\/image\/","url":"https:\/\/delego.hu\/wp-content\/uploads\/2024\/07\/logodelego.png","contentUrl":"https:\/\/delego.hu\/wp-content\/uploads\/2024\/07\/logodelego.png","width":117,"height":50,"caption":"Delego"},"image":{"@id":"https:\/\/delego.hu\/ru\/#\/schema\/logo\/image\/"}}]}},"_links":{"self":[{"href":"https:\/\/delego.hu\/ko\/wp-json\/wp\/v2\/pages\/299","targetHints":{"allow":["GET"]}}],"collection":[{"href":"https:\/\/delego.hu\/ko\/wp-json\/wp\/v2\/pages"}],"about":[{"href":"https:\/\/delego.hu\/ko\/wp-json\/wp\/v2\/types\/page"}],"author":[{"embeddable":true,"href":"https:\/\/delego.hu\/ko\/wp-json\/wp\/v2\/users\/1"}],"replies":[{"embeddable":true,"href":"https:\/\/delego.hu\/ko\/wp-json\/wp\/v2\/comments?post=299"}],"version-history":[{"count":10,"href":"https:\/\/delego.hu\/ko\/wp-json\/wp\/v2\/pages\/299\/revisions"}],"predecessor-version":[{"id":1756,"href":"https:\/\/delego.hu\/ko\/wp-json\/wp\/v2\/pages\/299\/revisions\/1756"}],"wp:attachment":[{"href":"https:\/\/delego.hu\/ko\/wp-json\/wp\/v2\/media?parent=299"}],"curies":[{"name":"wp","href":"https:\/\/api.w.org\/{rel}","templated":true}]}}