{"id":283,"date":"2024-07-16T08:13:53","date_gmt":"2024-07-16T08:13:53","guid":{"rendered":"https:\/\/delego.hu\/?page_id=283"},"modified":"2025-07-09T09:31:39","modified_gmt":"2025-07-09T09:31:39","slug":"munkaero-kolcsonzes","status":"publish","type":"page","link":"https:\/\/delego.hu\/ko\/munkaero-kolcsonzes\/","title":{"rendered":"\uc784\uc2dc\uc9c1 \uc54c\uc120"},"content":{"rendered":"<div data-elementor-type=\"wp-page\" data-elementor-id=\"283\" class=\"elementor elementor-283\" data-elementor-post-type=\"page\">\n\t\t\t\t<div class=\"elementor-element elementor-element-5c6cd9b e-flex e-con-boxed e-con e-parent\" data-id=\"5c6cd9b\" data-element_type=\"container\" data-e-type=\"container\">\n\t\t\t\t\t<div class=\"e-con-inner\">\n\t\t\t\t<div data-dce-text-color=\"#000000\" class=\"elementor-element elementor-element-8894e6e elementor-widget elementor-widget-text-editor\" data-id=\"8894e6e\" data-element_type=\"widget\" data-e-type=\"widget\" data-widget_type=\"text-editor.default\">\n\t\t\t\t<div class=\"elementor-widget-container\">\n\t\t\t\t\t\t\t\t\t<p class=\"translation-block\">\ub04a\uc784\uc5c6\uc774 \ubcc0\ud654\ud558\ub294 \uc624\ub298\ub0a0\uc758 \uacbd\uc81c \ud658\uacbd\uc740 \uc9c1\uc5c5\uc758 \uc138\uacc4\uc5d0\uc11c \uc77c\ud558\ub294 \uc0ac\ub78c\ub4e4\uc5d0\uac8c \uc0c8\ub85c\uc6b4 \ub3c4\uc804\uc744 \uc694\uad6c\ud569\ub2c8\ub2e4. \uc720\uc5f0\uc131, \ubcc0\ud654\uc5d0 \ube60\ub974\uac8c \uc801\uc751\ud558\ub294 \ub2a5\ub825, \uadf8\ub9ac\uace0 \uc774 \ubaa8\ub4e0 \uac83\uc744 \ub4b7\ubc1b\uce68\ud558\ub294 \ub192\uc740 \uc218\uc900\uc758 \uc804\ubb38 \uc9c0\uc2dd\uc774 \ud575\uc2ec \uac1c\ub150\uc73c\ub85c \uc790\ub9ac \uc7a1\uc558\uc2b5\ub2c8\ub2e4.<\/p><p class=\"translation-block\">\uc774\ub7ec\ud55c \ub3c4\uc804\uc5d0 \ub300\ud55c \uc751\ub2f5\uc740 \uc804\ud1b5\uc801\uc774\uace0, \u201c\uc804\ud615\uc801\uc778\u201d \ud615\ud0dc\uc758 \uace0\uc6a9\uacfc\ub294 \ub2e4\ub978 \uc720\uc5f0\ud55c \uc194\ub8e8\uc158\uc758 \ubd80\uc0c1\uc774\uc5c8\uc73c\uba70, \uc8fc\ub85c \uc784\uc2dc\uc9c1\uace0\uc6a9\uc758 \ud655\uc7a5\uc744 \ud1b5\ud574 \uc774\ub8e8\uc5b4\uc9d1\ub2c8\ub2e4.<\/p>\t\t\t\t\t\t\t\t<\/div>\n\t\t\t\t<\/div>\n\t\t\t\t\t<\/div>\n\t\t\t\t<\/div>\n\t\t<div data-dce-background-image-url=\"http:\/\/delego.hu\/wp-content\/uploads\/2024\/07\/careers-lg-1.jpg\" class=\"elementor-element elementor-element-90c00ae e-flex e-con-boxed e-con e-parent\" data-id=\"90c00ae\" data-element_type=\"container\" data-e-type=\"container\" data-settings=\"{&quot;background_background&quot;:&quot;classic&quot;}\">\n\t\t\t\t\t<div class=\"e-con-inner\">\n\t\t<div class=\"elementor-element elementor-element-ca9aab8 e-con-full e-flex e-con e-child\" data-id=\"ca9aab8\" data-element_type=\"container\" data-e-type=\"container\">\n\t\t\t\t<\/div>\n\t\t<div class=\"elementor-element elementor-element-b7e249b e-con-full e-flex e-con e-child\" data-id=\"b7e249b\" data-element_type=\"container\" data-e-type=\"container\">\n\t\t\t\t<div data-dce-title-color=\"#000000\" class=\"elementor-element elementor-element-0416c02 elementor-widget elementor-widget-heading\" data-id=\"0416c02\" data-element_type=\"widget\" data-e-type=\"widget\" data-widget_type=\"heading.default\">\n\t\t\t\t<div class=\"elementor-widget-container\">\n\t\t\t\t\t<h2 class=\"elementor-heading-title elementor-size-default\">\ud488\uc9c8 \ubcf4\uc99d\n\uc784\uc2dc\uc9c1 \uc54c\uc120<\/h2>\t\t\t\t<\/div>\n\t\t\t\t<\/div>\n\t\t\t\t<div data-dce-text-color=\"#000000\" class=\"elementor-element elementor-element-f310454 elementor-widget elementor-widget-text-editor\" data-id=\"f310454\" data-element_type=\"widget\" data-e-type=\"widget\" data-widget_type=\"text-editor.default\">\n\t\t\t\t<div class=\"elementor-widget-container\">\n\t\t\t\t\t\t\t\t\t<p>\uc804\ud1b5\uc801\uc778 \ucc44\uc6a9 \ubc29\uc2dd\ubcf4\ub2e4 \ub354 \uc720\uc5f0\ud558\uace0 \uc800\ub834\ud55c \uc194\ub8e8\uc158\uc744 \ucc3e\uace0 \uacc4\uc2ed\ub2c8\uae4c? \ub178\ub3d9 \uc218\uc694\uac00 \uacc4\uc18d\ud574\uc11c \ubcc0\ub3d9\ud558\uc2ed\ub2c8\uae4c? \uadfc\ub85c \uc778\ub825\uc744 \ud655\uc7a5\ud560 \uacc4\ud68d\uc740 \uc5c6\uc9c0\ub9cc \uc219\ub828\ub41c \uc9c1\uc6d0\uc774 \ud544\uc694\ud558\uc2ed\ub2c8\uae4c? \uc774\ub7f0 \ubd84\ub4e4\uc5d0\uac8c Delego Ltd\uc758 \uc784\uc2dc \uace0\uc6a9 \uc11c\ube44\uc2a4\ub294 \ub531 \ub9de\ub294 \uc120\ud0dd\uc785\ub2c8\ub2e4!<\/p>\t\t\t\t\t\t\t\t<\/div>\n\t\t\t\t<\/div>\n\t\t\t\t<\/div>\n\t\t\t\t\t<\/div>\n\t\t\t\t<\/div>\n\t\t<div class=\"elementor-element elementor-element-3642a66 e-flex e-con-boxed e-con e-parent\" data-id=\"3642a66\" data-element_type=\"container\" data-e-type=\"container\">\n\t\t\t\t\t<div class=\"e-con-inner\">\n\t\t\t\t<div data-dce-text-color=\"#000000\" class=\"elementor-element elementor-element-d6f6385 elementor-widget elementor-widget-text-editor\" data-id=\"d6f6385\" data-element_type=\"widget\" data-e-type=\"widget\" data-widget_type=\"text-editor.default\">\n\t\t\t\t<div class=\"elementor-widget-container\">\n\t\t\t\t\t\t\t\t\t<p class=\"fontsninja-font translation-block\" data-ninja-font=\"helvetica_light_normal\">\ucd5c\uadfc \uba87 \ub144 \ub3d9\uc548 \ub300\ubd80\ubd84\uc758 \uc2e0\uaddc \uc77c\uc790\ub9ac\ub294 \uc784\uc2dc\uc9c1 \uc54c\uc120\uc744 \ud1b5\ud574 \ucc3d\ucd9c\ub418\uc5c8\uc73c\uba70, \uae30\uc5c5\ub4e4\uc740 \uc790\uccb4 \uc778\ub825\uc744 \ud655\ucda9\ud558\uc9c0 \uc54a\uace0\ub3c4 \ub178\ub3d9 \uc218\uc694\ub97c \ucda9\uc871\ud560 \uc218 \uc788\uac8c \ub418\uc5c8\uc2b5\ub2c8\ub2e4. \uc624\ub298\ub0a0 130,000\uba85 \uc774\uc0c1\uc758 \uc9c1\uc6d0\uc774 \ub9e4\ub144 \ud30c\uacac\ub418\uba70\uadf8 \uc22b\uc790\ub294 \uc99d\uac00\ud558\uace0 \uc788\uc2b5\ub2c8\ub2e4.<\/p><p class=\"fontsninja-font translation-block\" data-ninja-font=\"helvetica_light_normal\">\uc0c8\ub85c\uc6b4 \ub178\ub3d9\ubc95 \ubc0f \uad00\ub828 \ubc95\uc548\uc740 \uace0\uc6a9 \ud2b8\ub80c\ub4dc\uc5d0 \ub9de\ucdb0 \uac1c\ubc1c\ub418\uc5c8\uc73c\uba70, \ub9e4\uc6b0 \uc720\uc5f0\ud558\uace0 \uace0\uc6a9\uc8fc \uce5c\ud654\uc801\uc778 \ubc29\uc2dd\uc73c\ub85c \uc784\uc2dc\uc9c1 \uc54c\uc120\uc744 \uaddc\uc81c\ud558\uc5ec \uace0\uc6a9 \uc99d\uac00\ub97c \uc7a5\ub824\ud569\ub2c8\ub2e4.<\/p><p class=\"fontsninja-font translation-block\" data-ninja-font=\"helvetica_light_normal\">\ub2f9\uc0ac\uc758 \ud30c\uacac \uc11c\ube44\uc2a4\ub97c \ud1b5\ud574 \ub2f9\uc0ac\ub294 \uc758\ub8b0\uc778\uc774 \ube60\ub974\uace0 \uc720\uc5f0\ud558\uac8c \ubcc0\ud654\ud558\ub294 \uc778\ub825 \uc218\uc694\ub97c \uc870\uc815\ud558\uace0\uc9c1\uc811 \uace0\uc6a9\ubc95 \ubc0f \ube44\uc6a9\uc0c1 \ud61c\ud0dd\uc744 \uc54c \uc218 \uc788\ub3c4\ub85d \ubcf4\uc7a5\ud569\ub2c8\ub2e4. \ub2f9\uc0ac\ub294 \uc804\uc790, \uc790\ub3d9\ucc28 \uc81c\uc870\/\uc0dd\uc0b0, \ubb3c\ub958, \uc0c1\uc5c5, \uace0\uac1d \uc11c\ube44\uc2a4, \ucf5c\uc13c\ud130, \uacf5\uc720 \uc11c\ube44\uc2a4 \uc13c\ud130 \ub4f1\uc758 \ubd84\uc57c\uc5d0\uc11c \uc778\uc815\ubc1b\ub294 \uace0\uc6a9 \uae30\uad00\uc5d0\uc11c \uacbd\ub825\uc744 \uc313\uc740 \uc804\ubb38\uac00\ub97c \ubcf4\uc720\ud558\uace0 \uc788\uc2b5\ub2c8\ub2e4.<\/p>\t\t\t\t\t\t\t\t<\/div>\n\t\t\t\t<\/div>\n\t\t\t\t<div data-dce-background-color=\"#61CE7000\" class=\"elementor-element elementor-element-89e5795 elementor-align-left elementor-widget elementor-widget-button\" data-id=\"89e5795\" data-element_type=\"widget\" data-e-type=\"widget\" data-widget_type=\"button.default\">\n\t\t\t\t<div class=\"elementor-widget-container\">\n\t\t\t\t\t\t\t\t\t<div class=\"elementor-button-wrapper\">\n\t\t\t\t\t<a class=\"elementor-button elementor-button-link elementor-size-sm\" href=\"https:\/\/delego.hu\/ko\/ajanlatkeres\/\">\n\t\t\t\t\t\t<span class=\"elementor-button-content-wrapper\">\n\t\t\t\t\t\t\t\t\t<span class=\"elementor-button-text\">\uc81c\uc548\uc744 \uc694\uccad\ud558\uc138\uc694<\/span>\n\t\t\t\t\t<\/span>\n\t\t\t\t\t<\/a>\n\t\t\t\t<\/div>\n\t\t\t\t\t\t\t\t<\/div>\n\t\t\t\t<\/div>\n\t\t\t\t\t<\/div>\n\t\t\t\t<\/div>\n\t\t\t\t<\/div>","protected":false},"excerpt":{"rendered":"<p>Napjaink v\u00e1ltoz\u00f3 gazdas\u00e1gi k\u00f6rnyezete a\u00a0munka vil\u00e1g\u00e1nak\u00a0szerepl\u0151it\u0151l is\u00a0\u00faj kih\u00edv\u00e1sokat\u00a0k\u00f6vetel meg. A\u00a0rugalmass\u00e1g, a v\u00e1ltoz\u00e1sokhoz t\u00f6rt\u00e9n\u0151\u00a0gyors alkalmazkod\u00e1s\u00a0\u00e9s mindezt t\u00e1mogat\u00f3 magas szint\u0171\u00a0szakmai tud\u00e1s v\u00e1ltak kulcsfogalmakk\u00e1. Ezen kih\u00edv\u00e1sokra adott\u00a0v\u00e1lasz\u00a0a hagyom\u00e1nyos \u2013 \u201etipikus\u201d \u2013 foglalkoztat\u00e1si form\u00e1kt\u00f3l elt\u00e9r\u0151 rugalmas megold\u00e1sok, ezen bel\u00fcl is els\u0151sorban a\u00a0munkaer\u0151-k\u00f6lcs\u00f6nz\u00e9s t\u00e9rnyer\u00e9se. A min\u0151s\u00e9g garanci\u00e1ja Munkaer\u0151-k\u00f6lcs\u00f6nz\u00e9s A hagyom\u00e1nyos foglalkoztat\u00e1si form\u00e1kn\u00e1l kedvez\u0151bb, rugalmasabb megold\u00e1st keres? Munkaer\u0151-ig\u00e9nye folyamatosan v\u00e1ltozik? Nem [&hellip;]<\/p>","protected":false},"author":1,"featured_media":0,"parent":0,"menu_order":0,"comment_status":"closed","ping_status":"closed","template":"","meta":{"_acf_changed":false,"footnotes":""},"class_list":["post-283","page","type-page","status-publish","hentry"],"acf":[],"yoast_head":"<!-- This site is optimized with the Yoast SEO plugin v25.3 - https:\/\/yoast.com\/wordpress\/plugins\/seo\/ -->\n<title>Munkaer\u0151-k\u00f6lcs\u00f6nz\u00e9s - Delego<\/title>\n<meta name=\"robots\" content=\"index, follow, max-snippet:-1, max-image-preview:large, max-video-preview:-1\" \/>\n<link rel=\"canonical\" href=\"https:\/\/delego.hu\/ko\/munkaero-kolcsonzes\/\" \/>\n<meta property=\"og:locale\" content=\"ko_KR\" \/>\n<meta property=\"og:type\" content=\"article\" \/>\n<meta property=\"og:title\" content=\"Munkaer\u0151-k\u00f6lcs\u00f6nz\u00e9s - Delego\" \/>\n<meta property=\"og:description\" content=\"Napjaink v\u00e1ltoz\u00f3 gazdas\u00e1gi k\u00f6rnyezete a\u00a0munka vil\u00e1g\u00e1nak\u00a0szerepl\u0151it\u0151l is\u00a0\u00faj kih\u00edv\u00e1sokat\u00a0k\u00f6vetel meg. A\u00a0rugalmass\u00e1g, a v\u00e1ltoz\u00e1sokhoz t\u00f6rt\u00e9n\u0151\u00a0gyors alkalmazkod\u00e1s\u00a0\u00e9s mindezt t\u00e1mogat\u00f3 magas szint\u0171\u00a0szakmai tud\u00e1s v\u00e1ltak kulcsfogalmakk\u00e1. Ezen kih\u00edv\u00e1sokra adott\u00a0v\u00e1lasz\u00a0a hagyom\u00e1nyos \u2013 \u201etipikus\u201d \u2013 foglalkoztat\u00e1si form\u00e1kt\u00f3l elt\u00e9r\u0151 rugalmas megold\u00e1sok, ezen bel\u00fcl is els\u0151sorban a\u00a0munkaer\u0151-k\u00f6lcs\u00f6nz\u00e9s t\u00e9rnyer\u00e9se. A min\u0151s\u00e9g garanci\u00e1ja Munkaer\u0151-k\u00f6lcs\u00f6nz\u00e9s A hagyom\u00e1nyos foglalkoztat\u00e1si form\u00e1kn\u00e1l kedvez\u0151bb, rugalmasabb megold\u00e1st keres? Munkaer\u0151-ig\u00e9nye folyamatosan v\u00e1ltozik? Nem [&hellip;]\" \/>\n<meta property=\"og:url\" content=\"https:\/\/delego.hu\/ko\/munkaero-kolcsonzes\/\" \/>\n<meta property=\"og:site_name\" content=\"Delego\" \/>\n<meta property=\"article:modified_time\" content=\"2025-07-09T09:31:39+00:00\" \/>\n<meta name=\"twitter:card\" content=\"summary_large_image\" \/>\n<meta name=\"twitter:label1\" content=\"\uc608\uc0c1 \ub418\ub294 \ud310\ub3c5 \uc2dc\uac04\" \/>\n\t<meta name=\"twitter:data1\" content=\"2\ubd84\" \/>\n<script type=\"application\/ld+json\" class=\"yoast-schema-graph\">{\"@context\":\"https:\/\/schema.org\",\"@graph\":[{\"@type\":\"WebPage\",\"@id\":\"https:\/\/delego.hu\/hu\/munkaero-kolcsonzes\/\",\"url\":\"https:\/\/delego.hu\/hu\/munkaero-kolcsonzes\/\",\"name\":\"Munkaer\u0151-k\u00f6lcs\u00f6nz\u00e9s - Delego\",\"isPartOf\":{\"@id\":\"https:\/\/delego.hu\/ru\/#website\"},\"datePublished\":\"2024-07-16T08:13:53+00:00\",\"dateModified\":\"2025-07-09T09:31:39+00:00\",\"breadcrumb\":{\"@id\":\"https:\/\/delego.hu\/hu\/munkaero-kolcsonzes\/#breadcrumb\"},\"inLanguage\":\"ko-KR\",\"potentialAction\":[{\"@type\":\"ReadAction\",\"target\":[\"https:\/\/delego.hu\/hu\/munkaero-kolcsonzes\/\"]}]},{\"@type\":\"BreadcrumbList\",\"@id\":\"https:\/\/delego.hu\/hu\/munkaero-kolcsonzes\/#breadcrumb\",\"itemListElement\":[{\"@type\":\"ListItem\",\"position\":1,\"name\":\"Kezd\u0151lap\",\"item\":\"https:\/\/delego.hu\/hu\/\"},{\"@type\":\"ListItem\",\"position\":2,\"name\":\"Munkaer\u0151-k\u00f6lcs\u00f6nz\u00e9s\"}]},{\"@type\":\"WebSite\",\"@id\":\"https:\/\/delego.hu\/ru\/#website\",\"url\":\"https:\/\/delego.hu\/ru\/\",\"name\":\"Delego\",\"description\":\"\",\"publisher\":{\"@id\":\"https:\/\/delego.hu\/ru\/#organization\"},\"potentialAction\":[{\"@type\":\"SearchAction\",\"target\":{\"@type\":\"EntryPoint\",\"urlTemplate\":\"https:\/\/delego.hu\/ru\/?s={search_term_string}\"},\"query-input\":{\"@type\":\"PropertyValueSpecification\",\"valueRequired\":true,\"valueName\":\"search_term_string\"}}],\"inLanguage\":\"ko-KR\"},{\"@type\":\"Organization\",\"@id\":\"https:\/\/delego.hu\/ru\/#organization\",\"name\":\"Delego\",\"url\":\"https:\/\/delego.hu\/ru\/\",\"logo\":{\"@type\":\"ImageObject\",\"inLanguage\":\"ko-KR\",\"@id\":\"https:\/\/delego.hu\/ru\/#\/schema\/logo\/image\/\",\"url\":\"https:\/\/delego.hu\/wp-content\/uploads\/2024\/07\/logodelego.png\",\"contentUrl\":\"https:\/\/delego.hu\/wp-content\/uploads\/2024\/07\/logodelego.png\",\"width\":117,\"height\":50,\"caption\":\"Delego\"},\"image\":{\"@id\":\"https:\/\/delego.hu\/ru\/#\/schema\/logo\/image\/\"}}]}<\/script>\n<!-- \/ Yoast SEO plugin. -->","yoast_head_json":{"title":"Munkaer\u0151-k\u00f6lcs\u00f6nz\u00e9s - Delego","robots":{"index":"index","follow":"follow","max-snippet":"max-snippet:-1","max-image-preview":"max-image-preview:large","max-video-preview":"max-video-preview:-1"},"canonical":"https:\/\/delego.hu\/ko\/munkaero-kolcsonzes\/","og_locale":"ko_KR","og_type":"article","og_title":"Munkaer\u0151-k\u00f6lcs\u00f6nz\u00e9s - Delego","og_description":"Napjaink v\u00e1ltoz\u00f3 gazdas\u00e1gi k\u00f6rnyezete a\u00a0munka vil\u00e1g\u00e1nak\u00a0szerepl\u0151it\u0151l is\u00a0\u00faj kih\u00edv\u00e1sokat\u00a0k\u00f6vetel meg. A\u00a0rugalmass\u00e1g, a v\u00e1ltoz\u00e1sokhoz t\u00f6rt\u00e9n\u0151\u00a0gyors alkalmazkod\u00e1s\u00a0\u00e9s mindezt t\u00e1mogat\u00f3 magas szint\u0171\u00a0szakmai tud\u00e1s v\u00e1ltak kulcsfogalmakk\u00e1. Ezen kih\u00edv\u00e1sokra adott\u00a0v\u00e1lasz\u00a0a hagyom\u00e1nyos \u2013 \u201etipikus\u201d \u2013 foglalkoztat\u00e1si form\u00e1kt\u00f3l elt\u00e9r\u0151 rugalmas megold\u00e1sok, ezen bel\u00fcl is els\u0151sorban a\u00a0munkaer\u0151-k\u00f6lcs\u00f6nz\u00e9s t\u00e9rnyer\u00e9se. A min\u0151s\u00e9g garanci\u00e1ja Munkaer\u0151-k\u00f6lcs\u00f6nz\u00e9s A hagyom\u00e1nyos foglalkoztat\u00e1si form\u00e1kn\u00e1l kedvez\u0151bb, rugalmasabb megold\u00e1st keres? Munkaer\u0151-ig\u00e9nye folyamatosan v\u00e1ltozik? Nem [&hellip;]","og_url":"https:\/\/delego.hu\/ko\/munkaero-kolcsonzes\/","og_site_name":"Delego","article_modified_time":"2025-07-09T09:31:39+00:00","twitter_card":"summary_large_image","twitter_misc":{"\uc608\uc0c1 \ub418\ub294 \ud310\ub3c5 \uc2dc\uac04":"2\ubd84"},"schema":{"@context":"https:\/\/schema.org","@graph":[{"@type":"WebPage","@id":"https:\/\/delego.hu\/hu\/munkaero-kolcsonzes\/","url":"https:\/\/delego.hu\/hu\/munkaero-kolcsonzes\/","name":"Munkaer\u0151-k\u00f6lcs\u00f6nz\u00e9s - Delego","isPartOf":{"@id":"https:\/\/delego.hu\/ru\/#website"},"datePublished":"2024-07-16T08:13:53+00:00","dateModified":"2025-07-09T09:31:39+00:00","breadcrumb":{"@id":"https:\/\/delego.hu\/hu\/munkaero-kolcsonzes\/#breadcrumb"},"inLanguage":"ko-KR","potentialAction":[{"@type":"ReadAction","target":["https:\/\/delego.hu\/hu\/munkaero-kolcsonzes\/"]}]},{"@type":"BreadcrumbList","@id":"https:\/\/delego.hu\/hu\/munkaero-kolcsonzes\/#breadcrumb","itemListElement":[{"@type":"ListItem","position":1,"name":"Kezd\u0151lap","item":"https:\/\/delego.hu\/hu\/"},{"@type":"ListItem","position":2,"name":"Munkaer\u0151-k\u00f6lcs\u00f6nz\u00e9s"}]},{"@type":"WebSite","@id":"https:\/\/delego.hu\/ru\/#website","url":"https:\/\/delego.hu\/ru\/","name":"Delego","description":"","publisher":{"@id":"https:\/\/delego.hu\/ru\/#organization"},"potentialAction":[{"@type":"SearchAction","target":{"@type":"EntryPoint","urlTemplate":"https:\/\/delego.hu\/ru\/?s={search_term_string}"},"query-input":{"@type":"PropertyValueSpecification","valueRequired":true,"valueName":"search_term_string"}}],"inLanguage":"ko-KR"},{"@type":"Organization","@id":"https:\/\/delego.hu\/ru\/#organization","name":"Delego","url":"https:\/\/delego.hu\/ru\/","logo":{"@type":"ImageObject","inLanguage":"ko-KR","@id":"https:\/\/delego.hu\/ru\/#\/schema\/logo\/image\/","url":"https:\/\/delego.hu\/wp-content\/uploads\/2024\/07\/logodelego.png","contentUrl":"https:\/\/delego.hu\/wp-content\/uploads\/2024\/07\/logodelego.png","width":117,"height":50,"caption":"Delego"},"image":{"@id":"https:\/\/delego.hu\/ru\/#\/schema\/logo\/image\/"}}]}},"_links":{"self":[{"href":"https:\/\/delego.hu\/ko\/wp-json\/wp\/v2\/pages\/283","targetHints":{"allow":["GET"]}}],"collection":[{"href":"https:\/\/delego.hu\/ko\/wp-json\/wp\/v2\/pages"}],"about":[{"href":"https:\/\/delego.hu\/ko\/wp-json\/wp\/v2\/types\/page"}],"author":[{"embeddable":true,"href":"https:\/\/delego.hu\/ko\/wp-json\/wp\/v2\/users\/1"}],"replies":[{"embeddable":true,"href":"https:\/\/delego.hu\/ko\/wp-json\/wp\/v2\/comments?post=283"}],"version-history":[{"count":28,"href":"https:\/\/delego.hu\/ko\/wp-json\/wp\/v2\/pages\/283\/revisions"}],"predecessor-version":[{"id":1753,"href":"https:\/\/delego.hu\/ko\/wp-json\/wp\/v2\/pages\/283\/revisions\/1753"}],"wp:attachment":[{"href":"https:\/\/delego.hu\/ko\/wp-json\/wp\/v2\/media?parent=283"}],"curies":[{"name":"wp","href":"https:\/\/api.w.org\/{rel}","templated":true}]}}