{"id":1294,"date":"2024-12-19T13:37:58","date_gmt":"2024-12-19T13:37:58","guid":{"rendered":"https:\/\/delego.hu\/?page_id=1294"},"modified":"2025-02-18T08:19:21","modified_gmt":"2025-02-18T08:19:21","slug":"gruzia-gruz-munkaero","status":"publish","type":"page","link":"https:\/\/delego.hu\/ko\/gruzia-gruz-munkaero\/","title":{"rendered":"Gr\u00fazia &#8211; gr\u00faz munkaer\u0151"},"content":{"rendered":"<div data-elementor-type=\"wp-page\" data-elementor-id=\"1294\" class=\"elementor elementor-1294\" data-elementor-post-type=\"page\">\n\t\t\t\t<div data-dce-background-color=\"#CF3334\" data-dce-background-image-url=\"http:\/\/delego.hu\/wp-content\/uploads\/2024\/12\/gruzia-kep-e1739866749176.png\" class=\"elementor-element elementor-element-ca4aa65 elementor-hidden-mobile e-flex e-con-boxed e-con e-parent\" data-id=\"ca4aa65\" data-element_type=\"container\" data-e-type=\"container\" data-settings=\"{&quot;background_background&quot;:&quot;classic&quot;}\">\n\t\t\t\t\t<div class=\"e-con-inner\">\n\t\t\t\t\t<\/div>\n\t\t\t\t<\/div>\n\t\t<div class=\"elementor-element elementor-element-325ce17 e-flex e-con-boxed e-con e-parent\" data-id=\"325ce17\" data-element_type=\"container\" data-e-type=\"container\">\n\t\t\t\t\t<div class=\"e-con-inner\">\n\t\t\t\t<div data-dce-title-color=\"#CF3334\" class=\"elementor-element elementor-element-ac44823 elementor-widget elementor-widget-heading\" data-id=\"ac44823\" data-element_type=\"widget\" data-e-type=\"widget\" data-widget_type=\"heading.default\">\n\t\t\t\t<div class=\"elementor-widget-container\">\n\t\t\t\t\t<h2 class=\"elementor-heading-title elementor-size-default\">Mi\u00e9rt \u00e9rdemes gr\u00faz munkav\u00e1llal\u00f3kat alkalmazni Magyarorsz\u00e1gon?<\/h2>\t\t\t\t<\/div>\n\t\t\t\t<\/div>\n\t\t\t\t<div data-dce-text-color=\"#222222\" class=\"elementor-element elementor-element-b7e54ab elementor-widget elementor-widget-text-editor\" data-id=\"b7e54ab\" data-element_type=\"widget\" data-e-type=\"widget\" data-widget_type=\"text-editor.default\">\n\t\t\t\t<div class=\"elementor-widget-container\">\n\t\t\t\t\t\t\t\t\t<p class=\"translation-block\"><span style=\"font-weight: 400;\"><a href=\"https:\/\/hu.wikipedia.org\/wiki\/Grzia\" target=\"_self\">Gr\u00fazia<\/a>, a Kauk\u00e1zus gy\u00f6ngyszeme, egy gy\u00f6ny\u00f6r\u0171 term\u00e9szeti kincsekkel \u00e9s gazdag kultur\u00e1lis \u00f6r\u00f6ks\u00e9ggel meg\u00e1ldott orsz\u00e1g. Az itt \u00e9l\u0151 emberek kedvess\u00e9g\u00fckr\u0151l, vend\u00e9gszeretet\u00fckr\u0151l \u00e9s szorgalmukr\u00f3l ismertek. Az elm\u00falt \u00e9vekben egyre t\u00f6bb magyar c\u00e9g ford\u00edtja figyelm\u00e9t Gr\u00fazia fel\u00e9, amikor megb\u00edzhat\u00f3, elhivatott munkaer\u0151t keres. De mi\u00e9rt olyan k\u00fcl\u00f6nlegesek a gr\u00faz munkav\u00e1llal\u00f3k, \u00e9s hogyan j\u00e1rulhatnak hozz\u00e1 a magyar v\u00e1llalkoz\u00e1sok siker\u00e9hez?<\/span><\/p>\n<p><b>Gr\u00fazia kultur\u00e1lis \u00f6r\u00f6ks\u00e9ge \u00e9s munkamor\u00e1lja<\/b><\/p>\n<p><span style=\"font-weight: 400;\">Gr\u00fazia lak\u00f3it \u00e1titatja a csal\u00e1dcentrikus gondolkod\u00e1s, az egym\u00e1s ir\u00e1nti tisztelet \u00e9s a kem\u00e9ny munka ir\u00e1nti elhivatotts\u00e1g. Az orsz\u00e1gban m\u00e1r fiatal korban nagy hangs\u00falyt fektetnek az \u00f6n\u00e1ll\u00f3s\u00e1gra \u00e9s a felel\u0151ss\u00e9gv\u00e1llal\u00e1sra, ami a gr\u00faz munkav\u00e1llal\u00f3k professzion\u00e1lis szeml\u00e9let\u00e9t is alak\u00edtja.<\/span><\/p>\n<p><span style=\"font-weight: 400;\">A gr\u00faz kult\u00fara nagyra \u00e9rt\u00e9keli a vend\u00e9gszeretetet \u00e9s az egym\u00e1s t\u00e1mogat\u00e1s\u00e1t. Ez az \u00e9letfelfog\u00e1s t\u00f6k\u00e9letesen t\u00fckr\u00f6zi mag\u00e1t a munkakult\u00far\u00e1ban is: a gr\u00faz munkav\u00e1llal\u00f3k csapatj\u00e1t\u00e9kosok, akik k\u00e9pesek hat\u00e9konyan egy\u00fcttm\u0171k\u00f6dni b\u00e1rmilyen munkak\u00f6rnyezetben.<\/span><\/p>\n<p><b>Mi\u00e9rt el\u0151ny\u00f6s gr\u00faz munkaer\u0151t alkalmazni?<\/b><\/p>\n<ol>\n<li style=\"font-weight: 400;\" aria-level=\"1\" class=\"translation-block\"><b>Elhivatotts\u00e1g \u00e9s szorgalom \u2013 <\/b><span style=\"font-weight: 400;\">A gr\u00faz munkav\u00e1llal\u00f3k rendk\u00edv\u00fcl kitart\u00f3ak \u00e9s lelkiismeretesek. Legyen sz\u00f3 fizikai munk\u00e1r\u00f3l vagy szakmai kih\u00edv\u00e1sokr\u00f3l, mindig arra t\u00f6rekszenek, hogy a lehet\u0151 legjobb teljes\u00edtm\u00e9nyt ny\u00fajts\u00e1k.<\/span><\/li>\n<li style=\"font-weight: 400;\" aria-level=\"1\" class=\"translation-block\"><b>Gyors alkalmazkod\u00e1s<\/b><span style=\"font-weight: 400;\"> \u2013 A gr\u00faz munkav\u00e1llal\u00f3k k\u00f6nnyen alkalmazkodnak az \u00faj k\u00f6rnyezethez \u00e9s munkafolyamatokhoz. Nyitottak az \u00faj ismeretek elsaj\u00e1t\u00edt\u00e1s\u00e1ra \u00e9s az innovat\u00edv megold\u00e1sokra.<\/span><\/li>\n<li style=\"font-weight: 400;\" aria-level=\"1\" class=\"translation-block\"><b>Nyelvtud\u00e1s <\/b><span style=\"font-weight: 400;\">\u2013 A gr\u00fazok nemcsak anyanyelv\u00fcket, hanem jellemz\u0151en oroszul is besz\u00e9lnek. Ez k\u00fcl\u00f6n\u00f6sen el\u0151ny\u00f6s azok sz\u00e1m\u00e1ra, akik kor\u00e1bban ukr\u00e1n vagy kirgiz munkaer\u0151vel dolgoztak, hiszen a gr\u00faz munkav\u00e1llal\u00f3k z\u00f6kken\u0151mentesen illeszkednek ezekhez a k\u00f6rnyezetekhez.<\/span><\/li>\n<li style=\"font-weight: 400;\" aria-level=\"1\" class=\"translation-block\"><b>Er\u0151s fizikum<\/b><span style=\"font-weight: 400;\"> \u2013 A gr\u00faz munkav\u00e1llal\u00f3kra k\u00e9k gall\u00e9ros ter\u00fcleten \u00e1ltal\u00e1ban jellemz\u0151 az er\u0151s fizikum, amely hozz\u00e1j\u00e1rul ahhoz, hogy k\u00fcl\u00f6n\u00f6sen j\u00f3l teljes\u00edtsenek a fizikai ig\u00e9nybev\u00e9tellel j\u00e1r\u00f3 munkak\u00f6r\u00f6kben. Ez a tulajdons\u00e1guk az ipari feladatok sor\u00e1n is kifejezetten el\u0151ny\u00f6s, ahol a teherb\u00edr\u00e1s \u00e9s a kitart\u00e1s alapvet\u0151 fontoss\u00e1g\u00fa.<\/span><\/li>\n<li style=\"font-weight: 400;\" aria-level=\"1\" class=\"translation-block\"><b>Stabil \u00e9rt\u00e9krend<\/b><span style=\"font-weight: 400;\"> \u2013 A gr\u00faz kult\u00fara er\u0151s etikai alapokat biztos\u00edt, ami a munkahelyi megb\u00edzhat\u00f3s\u00e1gban is megmutatkozik. A gr\u00faz munkav\u00e1llal\u00f3k loj\u00e1lisak, pontosak \u00e9s \u00fcgyelnek a r\u00e1juk b\u00edzott feladatok prec\u00edz elv\u00e9gz\u00e9s\u00e9re.<\/span><\/li>\n<li style=\"font-weight: 400;\" aria-level=\"1\" class=\"translation-block\"><b>Kereszt\u00e9ny kult\u00fark\u00f6r<\/b><span style=\"font-weight: 400;\"> \u2013 A gr\u00fazok a kereszt\u00e9ny kult\u00fark\u00f6rb\u0151l sz\u00e1rmaznak, hiszen az ortodox kereszt\u00e9nys\u00e9g a vezet\u0151 vall\u00e1s az orsz\u00e1gban. Ez az erk\u00f6lcsi alap biztos\u00edtja a harmonikus egy\u00fcttm\u0171k\u00f6d\u00e9st a magyar munkak\u00f6rnyezetben.<\/span><\/li>\n<li style=\"font-weight: 400;\" aria-level=\"1\" class=\"translation-block\"><b>Fiatal, dinamikus munkaer\u0151<\/b><span style=\"font-weight: 400;\"> \u2013 Az aktu\u00e1lis gazdas\u00e1gi \u00e9s politikai kl\u00edm\u00e1nak k\u00f6sz\u00f6nhet\u0151en nagy sz\u00e1mban \u00e9rkezik Magyarorsz\u00e1gra tettrek\u00e9sz, dinamikus fiatal munkaer\u0151 Gr\u00fazi\u00e1b\u00f3l. Ezek a munkav\u00e1llal\u00f3k motiv\u00e1ltak, \u00e9s hossz\u00fa t\u00e1von terveznek a magyar munkaer\u0151piacon.<\/span><\/li>\n<\/ol>\n<p><b>Hogyan seg\u00edthet a gr\u00faz munkaer\u0151 a magyar gazdas\u00e1g fellend\u00edt\u00e9s\u00e9ben?<\/b><\/p>\n<p><span style=\"font-weight: 400;\">A magyar gazdas\u00e1g sz\u00e1mos \u00e1gazat\u00e1ban, k\u00fcl\u00f6n\u00f6sen az iparban \u00e9s az \u00e9p\u00edt\u0151iparban, nagy az ig\u00e9ny a szakk\u00e9pzett \u00e9s motiv\u00e1lt munkaer\u0151re. A gr\u00faz munkav\u00e1llal\u00f3k jelenl\u00e9te hozz\u00e1j\u00e1rulhat ezen \u00e1gazatok stabilit\u00e1s\u00e1hoz \u00e9s fejl\u0151d\u00e9s\u00e9hez.<\/span><\/p>\n<p><span style=\"font-weight: 400;\">A gr\u00faz munkaer\u0151 alkalmaz\u00e1sa nemcsak a c\u00e9gek teljes\u00edt\u0151k\u00e9pess\u00e9g\u00e9t n\u00f6veli, hanem hozz\u00e1j\u00e1rul a kult\u00far\u00e1k k\u00f6z\u00f6tti p\u00e1rbesz\u00e9d er\u0151s\u00edt\u00e9s\u00e9hez is. Ez egy olyan k\u00f6lcs\u00f6n\u00f6s el\u0151ny\u00f6kkel j\u00e1r\u00f3 kapcsolat, amely hossz\u00fa t\u00e1von gazdag\u00edtja mindk\u00e9t orsz\u00e1got.<\/span><\/p>\n<p class=\"translation-block\"><b><a href=\"http:\/\/delego.hu\/ko\/\" target=\"_self\">Delego Kft. <\/a>\u2013 Az \u00f6n partnere a gr\u00faz munkaer\u0151 alkalmaz\u00e1s\u00e1ban<\/b><\/p>\n<p><span style=\"font-weight: 400;\">A Delego Kft. k\u00fcl\u00f6nleges szak\u00e9rtelemmel seg\u00edt abban, hogy Gr\u00fazi\u00e1b\u00f3l megb\u00edzhat\u00f3 \u00e9s elhivatott munkav\u00e1llal\u00f3kat tal\u00e1ljon. Tapasztalt csapatunk gondoskodik a teljes adminisztr\u00e1ci\u00f3s folyamatr\u00f3l, \u00edgy \u00d6nnek csak a l\u00e9nyeggel kell foglalkoznia: a megfelel\u0151 munkaer\u0151vel.<\/span><\/p>\n<p class=\"translation-block\"><b>V\u00e1lassza a <a href=\"http:\/\/delego.hu\/ko\/ajanlatkeres\/\" target=\"_self\">DELEGOT<\/a> \u2013 v\u00e1lassza a min\u0151s\u00e9get!<\/b><\/p>\t\t\t\t\t\t\t\t<\/div>\n\t\t\t\t<\/div>\n\t\t\t\t\t<\/div>\n\t\t\t\t<\/div>\n\t\t<div class=\"elementor-element elementor-element-76ef46e e-flex e-con-boxed e-con e-parent\" data-id=\"76ef46e\" data-element_type=\"container\" data-e-type=\"container\">\n\t\t\t\t\t<div class=\"e-con-inner\">\n\t\t\t\t<div data-dce-background-color=\"#61CE7000\" class=\"elementor-element elementor-element-9b40d8e elementor-align-left elementor-widget elementor-widget-button\" data-id=\"9b40d8e\" data-element_type=\"widget\" data-e-type=\"widget\" data-widget_type=\"button.default\">\n\t\t\t\t<div class=\"elementor-widget-container\">\n\t\t\t\t\t\t\t\t\t<div class=\"elementor-button-wrapper\">\n\t\t\t\t\t<a class=\"elementor-button elementor-button-link elementor-size-sm\" href=\"https:\/\/delego.hu\/ko\/ajanlatkeres\/\">\n\t\t\t\t\t\t<span class=\"elementor-button-content-wrapper\">\n\t\t\t\t\t\t\t\t\t<span class=\"elementor-button-text\">\uacac\uc801 \uc694\uccad<\/span>\n\t\t\t\t\t<\/span>\n\t\t\t\t\t<\/a>\n\t\t\t\t<\/div>\n\t\t\t\t\t\t\t\t<\/div>\n\t\t\t\t<\/div>\n\t\t\t\t\t<\/div>\n\t\t\t\t<\/div>\n\t\t\t\t<\/div>","protected":false},"excerpt":{"rendered":"<p>Mi\u00e9rt \u00e9rdemes gr\u00faz munkav\u00e1llal\u00f3kat alkalmazni Magyarorsz\u00e1gon? Gr\u00fazia, a Kauk\u00e1zus gy\u00f6ngyszeme, egy gy\u00f6ny\u00f6r\u0171 term\u00e9szeti kincsekkel \u00e9s gazdag kultur\u00e1lis \u00f6r\u00f6ks\u00e9ggel meg\u00e1ldott orsz\u00e1g. Az itt \u00e9l\u0151 emberek kedvess\u00e9g\u00fckr\u0151l, vend\u00e9gszeretet\u00fckr\u0151l \u00e9s szorgalmukr\u00f3l ismertek. Az elm\u00falt \u00e9vekben egyre t\u00f6bb magyar c\u00e9g ford\u00edtja figyelm\u00e9t Gr\u00fazia fel\u00e9, amikor megb\u00edzhat\u00f3, elhivatott munkaer\u0151t keres. De mi\u00e9rt olyan k\u00fcl\u00f6nlegesek a gr\u00faz munkav\u00e1llal\u00f3k, \u00e9s hogyan j\u00e1rulhatnak [&hellip;]<\/p>","protected":false},"author":1,"featured_media":1566,"parent":0,"menu_order":0,"comment_status":"closed","ping_status":"closed","template":"","meta":{"_acf_changed":false,"footnotes":""},"class_list":["post-1294","page","type-page","status-publish","has-post-thumbnail","hentry"],"acf":[],"yoast_head":"<!-- This site is optimized with the Yoast SEO plugin v25.3 - https:\/\/yoast.com\/wordpress\/plugins\/seo\/ -->\n<title>Gr\u00fazia - gr\u00faz munkaer\u0151 - Delego<\/title>\n<meta name=\"robots\" content=\"index, follow, max-snippet:-1, max-image-preview:large, max-video-preview:-1\" \/>\n<link rel=\"canonical\" href=\"https:\/\/delego.hu\/ko\/gruzia-gruz-munkaero\/\" \/>\n<meta property=\"og:locale\" content=\"ko_KR\" \/>\n<meta property=\"og:type\" content=\"article\" \/>\n<meta property=\"og:title\" content=\"Gr\u00fazia - gr\u00faz munkaer\u0151 - Delego\" \/>\n<meta property=\"og:description\" content=\"Mi\u00e9rt \u00e9rdemes gr\u00faz munkav\u00e1llal\u00f3kat alkalmazni Magyarorsz\u00e1gon? Gr\u00fazia, a Kauk\u00e1zus gy\u00f6ngyszeme, egy gy\u00f6ny\u00f6r\u0171 term\u00e9szeti kincsekkel \u00e9s gazdag kultur\u00e1lis \u00f6r\u00f6ks\u00e9ggel meg\u00e1ldott orsz\u00e1g. Az itt \u00e9l\u0151 emberek kedvess\u00e9g\u00fckr\u0151l, vend\u00e9gszeretet\u00fckr\u0151l \u00e9s szorgalmukr\u00f3l ismertek. Az elm\u00falt \u00e9vekben egyre t\u00f6bb magyar c\u00e9g ford\u00edtja figyelm\u00e9t Gr\u00fazia fel\u00e9, amikor megb\u00edzhat\u00f3, elhivatott munkaer\u0151t keres. De mi\u00e9rt olyan k\u00fcl\u00f6nlegesek a gr\u00faz munkav\u00e1llal\u00f3k, \u00e9s hogyan j\u00e1rulhatnak [&hellip;]\" \/>\n<meta property=\"og:url\" content=\"https:\/\/delego.hu\/ko\/gruzia-gruz-munkaero\/\" \/>\n<meta property=\"og:site_name\" content=\"Delego\" \/>\n<meta property=\"article:modified_time\" content=\"2025-02-18T08:19:21+00:00\" \/>\n<meta property=\"og:image\" content=\"https:\/\/delego.hu\/wp-content\/uploads\/2025\/02\/georgia-workforce-delego.png\" \/>\n\t<meta property=\"og:image:width\" content=\"1366\" \/>\n\t<meta property=\"og:image:height\" content=\"768\" \/>\n\t<meta property=\"og:image:type\" content=\"image\/png\" \/>\n<meta name=\"twitter:card\" content=\"summary_large_image\" \/>\n<meta name=\"twitter:label1\" content=\"\uc608\uc0c1 \ub418\ub294 \ud310\ub3c5 \uc2dc\uac04\" \/>\n\t<meta name=\"twitter:data1\" content=\"3\ubd84\" \/>\n<script type=\"application\/ld+json\" class=\"yoast-schema-graph\">{\"@context\":\"https:\/\/schema.org\",\"@graph\":[{\"@type\":\"WebPage\",\"@id\":\"https:\/\/delego.hu\/hu\/gruzia-gruz-munkaero\/\",\"url\":\"https:\/\/delego.hu\/hu\/gruzia-gruz-munkaero\/\",\"name\":\"Gr\u00fazia - gr\u00faz munkaer\u0151 - Delego\",\"isPartOf\":{\"@id\":\"https:\/\/delego.hu\/ru\/#website\"},\"primaryImageOfPage\":{\"@id\":\"https:\/\/delego.hu\/hu\/gruzia-gruz-munkaero\/#primaryimage\"},\"image\":{\"@id\":\"https:\/\/delego.hu\/hu\/gruzia-gruz-munkaero\/#primaryimage\"},\"thumbnailUrl\":\"https:\/\/delego.hu\/wp-content\/uploads\/2025\/02\/georgia-workforce-delego.png\",\"datePublished\":\"2024-12-19T13:37:58+00:00\",\"dateModified\":\"2025-02-18T08:19:21+00:00\",\"breadcrumb\":{\"@id\":\"https:\/\/delego.hu\/hu\/gruzia-gruz-munkaero\/#breadcrumb\"},\"inLanguage\":\"ko-KR\",\"potentialAction\":[{\"@type\":\"ReadAction\",\"target\":[\"https:\/\/delego.hu\/hu\/gruzia-gruz-munkaero\/\"]}]},{\"@type\":\"ImageObject\",\"inLanguage\":\"ko-KR\",\"@id\":\"https:\/\/delego.hu\/hu\/gruzia-gruz-munkaero\/#primaryimage\",\"url\":\"https:\/\/delego.hu\/wp-content\/uploads\/2025\/02\/georgia-workforce-delego.png\",\"contentUrl\":\"https:\/\/delego.hu\/wp-content\/uploads\/2025\/02\/georgia-workforce-delego.png\",\"width\":1366,\"height\":768,\"caption\":\"Georgian workforce image with our Comapany Delego\"},{\"@type\":\"BreadcrumbList\",\"@id\":\"https:\/\/delego.hu\/hu\/gruzia-gruz-munkaero\/#breadcrumb\",\"itemListElement\":[{\"@type\":\"ListItem\",\"position\":1,\"name\":\"Kezd\u0151lap\",\"item\":\"https:\/\/delego.hu\/hu\/\"},{\"@type\":\"ListItem\",\"position\":2,\"name\":\"Gr\u00fazia &#8211; gr\u00faz munkaer\u0151\"}]},{\"@type\":\"WebSite\",\"@id\":\"https:\/\/delego.hu\/ru\/#website\",\"url\":\"https:\/\/delego.hu\/ru\/\",\"name\":\"Delego\",\"description\":\"\",\"publisher\":{\"@id\":\"https:\/\/delego.hu\/ru\/#organization\"},\"potentialAction\":[{\"@type\":\"SearchAction\",\"target\":{\"@type\":\"EntryPoint\",\"urlTemplate\":\"https:\/\/delego.hu\/ru\/?s={search_term_string}\"},\"query-input\":{\"@type\":\"PropertyValueSpecification\",\"valueRequired\":true,\"valueName\":\"search_term_string\"}}],\"inLanguage\":\"ko-KR\"},{\"@type\":\"Organization\",\"@id\":\"https:\/\/delego.hu\/ru\/#organization\",\"name\":\"Delego\",\"url\":\"https:\/\/delego.hu\/ru\/\",\"logo\":{\"@type\":\"ImageObject\",\"inLanguage\":\"ko-KR\",\"@id\":\"https:\/\/delego.hu\/ru\/#\/schema\/logo\/image\/\",\"url\":\"https:\/\/delego.hu\/wp-content\/uploads\/2024\/07\/logodelego.png\",\"contentUrl\":\"https:\/\/delego.hu\/wp-content\/uploads\/2024\/07\/logodelego.png\",\"width\":117,\"height\":50,\"caption\":\"Delego\"},\"image\":{\"@id\":\"https:\/\/delego.hu\/ru\/#\/schema\/logo\/image\/\"}}]}<\/script>\n<!-- \/ Yoast SEO plugin. -->","yoast_head_json":{"title":"Gr\u00fazia - gr\u00faz munkaer\u0151 - Delego","robots":{"index":"index","follow":"follow","max-snippet":"max-snippet:-1","max-image-preview":"max-image-preview:large","max-video-preview":"max-video-preview:-1"},"canonical":"https:\/\/delego.hu\/ko\/gruzia-gruz-munkaero\/","og_locale":"ko_KR","og_type":"article","og_title":"Gr\u00fazia - gr\u00faz munkaer\u0151 - Delego","og_description":"Mi\u00e9rt \u00e9rdemes gr\u00faz munkav\u00e1llal\u00f3kat alkalmazni Magyarorsz\u00e1gon? Gr\u00fazia, a Kauk\u00e1zus gy\u00f6ngyszeme, egy gy\u00f6ny\u00f6r\u0171 term\u00e9szeti kincsekkel \u00e9s gazdag kultur\u00e1lis \u00f6r\u00f6ks\u00e9ggel meg\u00e1ldott orsz\u00e1g. Az itt \u00e9l\u0151 emberek kedvess\u00e9g\u00fckr\u0151l, vend\u00e9gszeretet\u00fckr\u0151l \u00e9s szorgalmukr\u00f3l ismertek. Az elm\u00falt \u00e9vekben egyre t\u00f6bb magyar c\u00e9g ford\u00edtja figyelm\u00e9t Gr\u00fazia fel\u00e9, amikor megb\u00edzhat\u00f3, elhivatott munkaer\u0151t keres. De mi\u00e9rt olyan k\u00fcl\u00f6nlegesek a gr\u00faz munkav\u00e1llal\u00f3k, \u00e9s hogyan j\u00e1rulhatnak [&hellip;]","og_url":"https:\/\/delego.hu\/ko\/gruzia-gruz-munkaero\/","og_site_name":"Delego","article_modified_time":"2025-02-18T08:19:21+00:00","og_image":[{"width":1366,"height":768,"url":"https:\/\/delego.hu\/wp-content\/uploads\/2025\/02\/georgia-workforce-delego.png","type":"image\/png"}],"twitter_card":"summary_large_image","twitter_misc":{"\uc608\uc0c1 \ub418\ub294 \ud310\ub3c5 \uc2dc\uac04":"3\ubd84"},"schema":{"@context":"https:\/\/schema.org","@graph":[{"@type":"WebPage","@id":"https:\/\/delego.hu\/hu\/gruzia-gruz-munkaero\/","url":"https:\/\/delego.hu\/hu\/gruzia-gruz-munkaero\/","name":"Gr\u00fazia - gr\u00faz munkaer\u0151 - Delego","isPartOf":{"@id":"https:\/\/delego.hu\/ru\/#website"},"primaryImageOfPage":{"@id":"https:\/\/delego.hu\/hu\/gruzia-gruz-munkaero\/#primaryimage"},"image":{"@id":"https:\/\/delego.hu\/hu\/gruzia-gruz-munkaero\/#primaryimage"},"thumbnailUrl":"https:\/\/delego.hu\/wp-content\/uploads\/2025\/02\/georgia-workforce-delego.png","datePublished":"2024-12-19T13:37:58+00:00","dateModified":"2025-02-18T08:19:21+00:00","breadcrumb":{"@id":"https:\/\/delego.hu\/hu\/gruzia-gruz-munkaero\/#breadcrumb"},"inLanguage":"ko-KR","potentialAction":[{"@type":"ReadAction","target":["https:\/\/delego.hu\/hu\/gruzia-gruz-munkaero\/"]}]},{"@type":"ImageObject","inLanguage":"ko-KR","@id":"https:\/\/delego.hu\/hu\/gruzia-gruz-munkaero\/#primaryimage","url":"https:\/\/delego.hu\/wp-content\/uploads\/2025\/02\/georgia-workforce-delego.png","contentUrl":"https:\/\/delego.hu\/wp-content\/uploads\/2025\/02\/georgia-workforce-delego.png","width":1366,"height":768,"caption":"Georgian workforce image with our Comapany Delego"},{"@type":"BreadcrumbList","@id":"https:\/\/delego.hu\/hu\/gruzia-gruz-munkaero\/#breadcrumb","itemListElement":[{"@type":"ListItem","position":1,"name":"Kezd\u0151lap","item":"https:\/\/delego.hu\/hu\/"},{"@type":"ListItem","position":2,"name":"Gr\u00fazia &#8211; gr\u00faz munkaer\u0151"}]},{"@type":"WebSite","@id":"https:\/\/delego.hu\/ru\/#website","url":"https:\/\/delego.hu\/ru\/","name":"Delego","description":"","publisher":{"@id":"https:\/\/delego.hu\/ru\/#organization"},"potentialAction":[{"@type":"SearchAction","target":{"@type":"EntryPoint","urlTemplate":"https:\/\/delego.hu\/ru\/?s={search_term_string}"},"query-input":{"@type":"PropertyValueSpecification","valueRequired":true,"valueName":"search_term_string"}}],"inLanguage":"ko-KR"},{"@type":"Organization","@id":"https:\/\/delego.hu\/ru\/#organization","name":"Delego","url":"https:\/\/delego.hu\/ru\/","logo":{"@type":"ImageObject","inLanguage":"ko-KR","@id":"https:\/\/delego.hu\/ru\/#\/schema\/logo\/image\/","url":"https:\/\/delego.hu\/wp-content\/uploads\/2024\/07\/logodelego.png","contentUrl":"https:\/\/delego.hu\/wp-content\/uploads\/2024\/07\/logodelego.png","width":117,"height":50,"caption":"Delego"},"image":{"@id":"https:\/\/delego.hu\/ru\/#\/schema\/logo\/image\/"}}]}},"_links":{"self":[{"href":"https:\/\/delego.hu\/ko\/wp-json\/wp\/v2\/pages\/1294","targetHints":{"allow":["GET"]}}],"collection":[{"href":"https:\/\/delego.hu\/ko\/wp-json\/wp\/v2\/pages"}],"about":[{"href":"https:\/\/delego.hu\/ko\/wp-json\/wp\/v2\/types\/page"}],"author":[{"embeddable":true,"href":"https:\/\/delego.hu\/ko\/wp-json\/wp\/v2\/users\/1"}],"replies":[{"embeddable":true,"href":"https:\/\/delego.hu\/ko\/wp-json\/wp\/v2\/comments?post=1294"}],"version-history":[{"count":23,"href":"https:\/\/delego.hu\/ko\/wp-json\/wp\/v2\/pages\/1294\/revisions"}],"predecessor-version":[{"id":1572,"href":"https:\/\/delego.hu\/ko\/wp-json\/wp\/v2\/pages\/1294\/revisions\/1572"}],"wp:featuredmedia":[{"embeddable":true,"href":"https:\/\/delego.hu\/ko\/wp-json\/wp\/v2\/media\/1566"}],"wp:attachment":[{"href":"https:\/\/delego.hu\/ko\/wp-json\/wp\/v2\/media?parent=1294"}],"curies":[{"name":"wp","href":"https:\/\/api.w.org\/{rel}","templated":true}]}}