{"id":83,"date":"2024-07-10T12:12:24","date_gmt":"2024-07-10T12:12:24","guid":{"rendered":"https:\/\/delego.hu\/?page_id=83"},"modified":"2026-03-31T09:21:24","modified_gmt":"2026-03-31T09:21:24","slug":"penzugyi-megfeleloseg","status":"publish","type":"page","link":"https:\/\/delego.hu\/hu\/penzugyi-megfeleloseg\/","title":{"rendered":"P\u00e9nz\u00fcgyi megfelel\u0151s\u00e9g"},"content":{"rendered":"\t\t<div data-elementor-type=\"wp-page\" data-elementor-id=\"83\" class=\"elementor elementor-83\" data-elementor-post-type=\"page\">\n\t\t\t\t<div class=\"elementor-element elementor-element-eabf54e e-flex e-con-boxed e-con e-parent\" data-id=\"eabf54e\" data-element_type=\"container\" data-e-type=\"container\">\n\t\t\t\t\t<div class=\"e-con-inner\">\n\t\t\t\t<div data-dce-text-color=\"#000000\" class=\"elementor-element elementor-element-30d192d elementor-widget elementor-widget-text-editor\" data-id=\"30d192d\" data-element_type=\"widget\" data-e-type=\"widget\" data-widget_type=\"text-editor.default\">\n\t\t\t\t<div class=\"elementor-widget-container\">\n\t\t\t\t\t\t\t\t\t<p>B\u00fcszk\u00e9k vagyunk arra, hogy Magyarorsz\u00e1g p\u00e9nz\u00fcgyileg egyik legstabilabb v\u00e1llalatak\u00e9nt, AAA (\u00fczleti kapcsolat kialak\u00edt\u00e1s\u00e1nak p\u00e9nz\u00fcgyi kock\u00e1zata rendk\u00edv\u00fcl alacsony) tan\u00fas\u00edtv\u00e1nyt kapunk \u00e9vr\u0151l \u00e9vre<\/p>\t\t\t\t\t\t\t\t<\/div>\n\t\t\t\t<\/div>\n\t\t\t\t<div class=\"elementor-element elementor-element-a548472 dce_masking-none elementor-widget elementor-widget-image\" data-id=\"a548472\" data-element_type=\"widget\" data-e-type=\"widget\" data-widget_type=\"image.default\">\n\t\t\t\t<div class=\"elementor-widget-container\">\n\t\t\t\t\t\t\t\t\t\t\t\t\t\t\t\t<a href=\"https:\/\/delego.hu\/wp-content\/uploads\/2026\/03\/adun.png\" data-elementor-open-lightbox=\"yes\" data-elementor-lightbox-title=\"D&amp;D tanus\u00edtv\u00e1ny 2026 - Delego KFT.\" data-e-action-hash=\"#elementor-action%3Aaction%3Dlightbox%26settings%3DeyJpZCI6MjE0OCwidXJsIjoiaHR0cHM6XC9cL2RlbGVnby5odVwvd3AtY29udGVudFwvdXBsb2Fkc1wvMjAyNlwvMDNcL2FkdW4ucG5nIn0%3D\">\n\t\t\t\t\t\t\t<img fetchpriority=\"high\" decoding=\"async\" width=\"552\" height=\"817\" src=\"https:\/\/delego.hu\/wp-content\/uploads\/2026\/03\/adun.png\" class=\"attachment-full size-full wp-image-2148\" alt=\"Delego D&amp;D tanis\u00edtv\u00e1ny 2026\" srcset=\"https:\/\/delego.hu\/wp-content\/uploads\/2026\/03\/adun.png 552w, https:\/\/delego.hu\/wp-content\/uploads\/2026\/03\/adun-203x300.png 203w, https:\/\/delego.hu\/wp-content\/uploads\/2026\/03\/adun-8x12.png 8w\" sizes=\"(max-width: 552px) 100vw, 552px\" \/>\t\t\t\t\t\t\t\t<\/a>\n\t\t\t\t\t\t\t\t\t\t\t\t\t\t\t<\/div>\n\t\t\t\t<\/div>\n\t\t\t\t\t<\/div>\n\t\t\t\t<\/div>\n\t\t\t\t<\/div>\n\t\t","protected":false},"excerpt":{"rendered":"<p>B\u00fcszk\u00e9k vagyunk arra, hogy Magyarorsz\u00e1g p\u00e9nz\u00fcgyileg egyik legstabilabb v\u00e1llalatak\u00e9nt, AAA (\u00fczleti kapcsolat kialak\u00edt\u00e1s\u00e1nak p\u00e9nz\u00fcgyi kock\u00e1zata rendk\u00edv\u00fcl alacsony) tan\u00fas\u00edtv\u00e1nyt kapunk \u00e9vr\u0151l \u00e9vre<\/p>\n","protected":false},"author":1,"featured_media":0,"parent":0,"menu_order":0,"comment_status":"closed","ping_status":"closed","template":"","meta":{"_acf_changed":false,"footnotes":""},"class_list":["post-83","page","type-page","status-publish","hentry"],"acf":[],"yoast_head":"<!-- This site is optimized with the Yoast SEO plugin v25.3 - https:\/\/yoast.com\/wordpress\/plugins\/seo\/ -->\n<title>P\u00e9nz\u00fcgyi megfelel\u0151s\u00e9g - Delego<\/title>\n<meta name=\"robots\" content=\"index, follow, max-snippet:-1, max-image-preview:large, max-video-preview:-1\" \/>\n<link rel=\"canonical\" href=\"https:\/\/delego.hu\/hu\/penzugyi-megfeleloseg\/\" \/>\n<meta property=\"og:locale\" content=\"hu_HU\" \/>\n<meta property=\"og:type\" content=\"article\" \/>\n<meta property=\"og:title\" content=\"P\u00e9nz\u00fcgyi megfelel\u0151s\u00e9g - Delego\" \/>\n<meta property=\"og:description\" content=\"B\u00fcszk\u00e9k vagyunk arra, hogy Magyarorsz\u00e1g p\u00e9nz\u00fcgyileg egyik legstabilabb v\u00e1llalatak\u00e9nt, AAA (\u00fczleti kapcsolat kialak\u00edt\u00e1s\u00e1nak p\u00e9nz\u00fcgyi kock\u00e1zata rendk\u00edv\u00fcl alacsony) tan\u00fas\u00edtv\u00e1nyt kapunk \u00e9vr\u0151l \u00e9vre\" \/>\n<meta property=\"og:url\" content=\"https:\/\/delego.hu\/hu\/penzugyi-megfeleloseg\/\" \/>\n<meta property=\"og:site_name\" content=\"Delego\" \/>\n<meta property=\"article:modified_time\" content=\"2026-03-31T09:21:24+00:00\" \/>\n<meta property=\"og:image\" content=\"https:\/\/delego.hu\/wp-content\/uploads\/2026\/03\/adun.png\" \/>\n<meta name=\"twitter:card\" content=\"summary_large_image\" \/>\n<meta name=\"twitter:label1\" content=\"Becs\u00fclt olvas\u00e1si id\u0151\" \/>\n\t<meta name=\"twitter:data1\" content=\"1 perc\" \/>\n<script type=\"application\/ld+json\" class=\"yoast-schema-graph\">{\"@context\":\"https:\/\/schema.org\",\"@graph\":[{\"@type\":\"WebPage\",\"@id\":\"https:\/\/delego.hu\/penzugyi-megfeleloseg\/\",\"url\":\"https:\/\/delego.hu\/penzugyi-megfeleloseg\/\",\"name\":\"P\u00e9nz\u00fcgyi megfelel\u0151s\u00e9g - Delego\",\"isPartOf\":{\"@id\":\"https:\/\/delego.hu\/ru\/#website\"},\"primaryImageOfPage\":{\"@id\":\"https:\/\/delego.hu\/penzugyi-megfeleloseg\/#primaryimage\"},\"image\":{\"@id\":\"https:\/\/delego.hu\/penzugyi-megfeleloseg\/#primaryimage\"},\"thumbnailUrl\":\"https:\/\/delego.hu\/wp-content\/uploads\/2026\/03\/adun.png\",\"datePublished\":\"2024-07-10T12:12:24+00:00\",\"dateModified\":\"2026-03-31T09:21:24+00:00\",\"breadcrumb\":{\"@id\":\"https:\/\/delego.hu\/penzugyi-megfeleloseg\/#breadcrumb\"},\"inLanguage\":\"hu\",\"potentialAction\":[{\"@type\":\"ReadAction\",\"target\":[\"https:\/\/delego.hu\/penzugyi-megfeleloseg\/\"]}]},{\"@type\":\"ImageObject\",\"inLanguage\":\"hu\",\"@id\":\"https:\/\/delego.hu\/penzugyi-megfeleloseg\/#primaryimage\",\"url\":\"https:\/\/delego.hu\/wp-content\/uploads\/2026\/03\/adun.png\",\"contentUrl\":\"https:\/\/delego.hu\/wp-content\/uploads\/2026\/03\/adun.png\"},{\"@type\":\"BreadcrumbList\",\"@id\":\"https:\/\/delego.hu\/penzugyi-megfeleloseg\/#breadcrumb\",\"itemListElement\":[{\"@type\":\"ListItem\",\"position\":1,\"name\":\"Kezd\u0151lap\",\"item\":\"https:\/\/delego.hu\/hu\/\"},{\"@type\":\"ListItem\",\"position\":2,\"name\":\"P\u00e9nz\u00fcgyi megfelel\u0151s\u00e9g\"}]},{\"@type\":\"WebSite\",\"@id\":\"https:\/\/delego.hu\/ru\/#website\",\"url\":\"https:\/\/delego.hu\/ru\/\",\"name\":\"Delego\",\"description\":\"\",\"publisher\":{\"@id\":\"https:\/\/delego.hu\/ru\/#organization\"},\"potentialAction\":[{\"@type\":\"SearchAction\",\"target\":{\"@type\":\"EntryPoint\",\"urlTemplate\":\"https:\/\/delego.hu\/ru\/?s={search_term_string}\"},\"query-input\":{\"@type\":\"PropertyValueSpecification\",\"valueRequired\":true,\"valueName\":\"search_term_string\"}}],\"inLanguage\":\"hu\"},{\"@type\":\"Organization\",\"@id\":\"https:\/\/delego.hu\/ru\/#organization\",\"name\":\"Delego\",\"url\":\"https:\/\/delego.hu\/ru\/\",\"logo\":{\"@type\":\"ImageObject\",\"inLanguage\":\"hu\",\"@id\":\"https:\/\/delego.hu\/ru\/#\/schema\/logo\/image\/\",\"url\":\"https:\/\/delego.hu\/wp-content\/uploads\/2024\/07\/logodelego.png\",\"contentUrl\":\"https:\/\/delego.hu\/wp-content\/uploads\/2024\/07\/logodelego.png\",\"width\":117,\"height\":50,\"caption\":\"Delego\"},\"image\":{\"@id\":\"https:\/\/delego.hu\/ru\/#\/schema\/logo\/image\/\"}}]}<\/script>\n<!-- \/ Yoast SEO plugin. -->","yoast_head_json":{"title":"P\u00e9nz\u00fcgyi megfelel\u0151s\u00e9g - Delego","robots":{"index":"index","follow":"follow","max-snippet":"max-snippet:-1","max-image-preview":"max-image-preview:large","max-video-preview":"max-video-preview:-1"},"canonical":"https:\/\/delego.hu\/hu\/penzugyi-megfeleloseg\/","og_locale":"hu_HU","og_type":"article","og_title":"P\u00e9nz\u00fcgyi megfelel\u0151s\u00e9g - Delego","og_description":"B\u00fcszk\u00e9k vagyunk arra, hogy Magyarorsz\u00e1g p\u00e9nz\u00fcgyileg egyik legstabilabb v\u00e1llalatak\u00e9nt, AAA (\u00fczleti kapcsolat kialak\u00edt\u00e1s\u00e1nak p\u00e9nz\u00fcgyi kock\u00e1zata rendk\u00edv\u00fcl alacsony) tan\u00fas\u00edtv\u00e1nyt kapunk \u00e9vr\u0151l \u00e9vre","og_url":"https:\/\/delego.hu\/hu\/penzugyi-megfeleloseg\/","og_site_name":"Delego","article_modified_time":"2026-03-31T09:21:24+00:00","og_image":[{"url":"https:\/\/delego.hu\/wp-content\/uploads\/2026\/03\/adun.png","type":"","width":"","height":""}],"twitter_card":"summary_large_image","twitter_misc":{"Becs\u00fclt olvas\u00e1si id\u0151":"1 perc"},"schema":{"@context":"https:\/\/schema.org","@graph":[{"@type":"WebPage","@id":"https:\/\/delego.hu\/penzugyi-megfeleloseg\/","url":"https:\/\/delego.hu\/penzugyi-megfeleloseg\/","name":"P\u00e9nz\u00fcgyi megfelel\u0151s\u00e9g - Delego","isPartOf":{"@id":"https:\/\/delego.hu\/ru\/#website"},"primaryImageOfPage":{"@id":"https:\/\/delego.hu\/penzugyi-megfeleloseg\/#primaryimage"},"image":{"@id":"https:\/\/delego.hu\/penzugyi-megfeleloseg\/#primaryimage"},"thumbnailUrl":"https:\/\/delego.hu\/wp-content\/uploads\/2026\/03\/adun.png","datePublished":"2024-07-10T12:12:24+00:00","dateModified":"2026-03-31T09:21:24+00:00","breadcrumb":{"@id":"https:\/\/delego.hu\/penzugyi-megfeleloseg\/#breadcrumb"},"inLanguage":"hu","potentialAction":[{"@type":"ReadAction","target":["https:\/\/delego.hu\/penzugyi-megfeleloseg\/"]}]},{"@type":"ImageObject","inLanguage":"hu","@id":"https:\/\/delego.hu\/penzugyi-megfeleloseg\/#primaryimage","url":"https:\/\/delego.hu\/wp-content\/uploads\/2026\/03\/adun.png","contentUrl":"https:\/\/delego.hu\/wp-content\/uploads\/2026\/03\/adun.png"},{"@type":"BreadcrumbList","@id":"https:\/\/delego.hu\/penzugyi-megfeleloseg\/#breadcrumb","itemListElement":[{"@type":"ListItem","position":1,"name":"Kezd\u0151lap","item":"https:\/\/delego.hu\/hu\/"},{"@type":"ListItem","position":2,"name":"P\u00e9nz\u00fcgyi megfelel\u0151s\u00e9g"}]},{"@type":"WebSite","@id":"https:\/\/delego.hu\/ru\/#website","url":"https:\/\/delego.hu\/ru\/","name":"Delego","description":"","publisher":{"@id":"https:\/\/delego.hu\/ru\/#organization"},"potentialAction":[{"@type":"SearchAction","target":{"@type":"EntryPoint","urlTemplate":"https:\/\/delego.hu\/ru\/?s={search_term_string}"},"query-input":{"@type":"PropertyValueSpecification","valueRequired":true,"valueName":"search_term_string"}}],"inLanguage":"hu"},{"@type":"Organization","@id":"https:\/\/delego.hu\/ru\/#organization","name":"Delego","url":"https:\/\/delego.hu\/ru\/","logo":{"@type":"ImageObject","inLanguage":"hu","@id":"https:\/\/delego.hu\/ru\/#\/schema\/logo\/image\/","url":"https:\/\/delego.hu\/wp-content\/uploads\/2024\/07\/logodelego.png","contentUrl":"https:\/\/delego.hu\/wp-content\/uploads\/2024\/07\/logodelego.png","width":117,"height":50,"caption":"Delego"},"image":{"@id":"https:\/\/delego.hu\/ru\/#\/schema\/logo\/image\/"}}]}},"_links":{"self":[{"href":"https:\/\/delego.hu\/hu\/wp-json\/wp\/v2\/pages\/83","targetHints":{"allow":["GET"]}}],"collection":[{"href":"https:\/\/delego.hu\/hu\/wp-json\/wp\/v2\/pages"}],"about":[{"href":"https:\/\/delego.hu\/hu\/wp-json\/wp\/v2\/types\/page"}],"author":[{"embeddable":true,"href":"https:\/\/delego.hu\/hu\/wp-json\/wp\/v2\/users\/1"}],"replies":[{"embeddable":true,"href":"https:\/\/delego.hu\/hu\/wp-json\/wp\/v2\/comments?post=83"}],"version-history":[{"count":19,"href":"https:\/\/delego.hu\/hu\/wp-json\/wp\/v2\/pages\/83\/revisions"}],"predecessor-version":[{"id":2151,"href":"https:\/\/delego.hu\/hu\/wp-json\/wp\/v2\/pages\/83\/revisions\/2151"}],"wp:attachment":[{"href":"https:\/\/delego.hu\/hu\/wp-json\/wp\/v2\/media?parent=83"}],"curies":[{"name":"wp","href":"https:\/\/api.w.org\/{rel}","templated":true}]}}