{"id":59,"date":"2024-07-10T06:38:04","date_gmt":"2024-07-10T06:38:04","guid":{"rendered":"https:\/\/delego.hu\/?page_id=59"},"modified":"2025-07-09T09:44:38","modified_gmt":"2025-07-09T09:44:38","slug":"bemutatkozas","status":"publish","type":"page","link":"https:\/\/delego.hu\/hu\/bemutatkozas\/","title":{"rendered":"Bemutatkoz\u00e1s"},"content":{"rendered":"\t\t<div data-elementor-type=\"wp-page\" data-elementor-id=\"59\" class=\"elementor elementor-59\" data-elementor-post-type=\"page\">\n\t\t\t\t<div data-dce-background-image-url=\"http:\/\/delego.hu\/wp-content\/uploads\/2024\/07\/bemutatkozas4-scaled-1.jpg\" class=\"elementor-element elementor-element-e2defd8 e-flex e-con-boxed e-con e-parent\" data-id=\"e2defd8\" data-element_type=\"container\" data-e-type=\"container\" data-settings=\"{&quot;background_background&quot;:&quot;classic&quot;}\">\n\t\t\t\t\t<div class=\"e-con-inner\">\n\t\t<div class=\"elementor-element elementor-element-0aa2b1c e-con-full e-flex e-con e-child\" data-id=\"0aa2b1c\" data-element_type=\"container\" data-e-type=\"container\">\n\t\t\t\t<div data-dce-title-color=\"#000000\" class=\"elementor-element elementor-element-cd4246c elementor-widget elementor-widget-heading\" data-id=\"cd4246c\" data-element_type=\"widget\" data-e-type=\"widget\" data-widget_type=\"heading.default\">\n\t\t\t\t<div class=\"elementor-widget-container\">\n\t\t\t\t\t<h2 class=\"elementor-heading-title elementor-size-default\">\"Az Ember az Els\u0151\"<\/h2>\t\t\t\t<\/div>\n\t\t\t\t<\/div>\n\t\t\t\t<div data-dce-text-color=\"#000000\" class=\"elementor-element elementor-element-b81c0ae elementor-widget elementor-widget-text-editor\" data-id=\"b81c0ae\" data-element_type=\"widget\" data-e-type=\"widget\" data-widget_type=\"text-editor.default\">\n\t\t\t\t<div class=\"elementor-widget-container\">\n\t\t\t\t\t\t\t\t\t<p>A Delego Magyarorsz\u00e1g\u00a0<strong>egyik legdinamikusabban b\u0151v\u00fcl\u0151<\/strong>\u00a0<strong>munkaer\u0151-k\u00f6lcs\u00f6nz\u0151 v\u00e1llalatak\u00e9nt<\/strong>\u00a0teljes k\u00f6r\u0171 HR szolg\u00e1ltat\u00e1st ny\u00fajt \u00dcgyfelei r\u00e9sz\u00e9re. Gyors fejl\u0151d\u00e9s\u00fcnk igazolja, hogy van helye egy magyar tulajdon\u00fa, min\u0151s\u00e9gi \u00e9s komplex szolg\u00e1ltat\u00e1st ny\u00fajt\u00f3 v\u00e1llalatnak a piacon.<\/p><p>Megrendel\u0151ink \u00e9s Munkav\u00e1llal\u00f3ink egyar\u00e1nt \u00dcgyfeleink. El\u00e9gedetts\u00e9g\u00fck alapja Koll\u00e9g\u00e1ink szak\u00e9rtelme \u00e9s motiv\u00e1ci\u00f3ja. Minden Munkat\u00e1rsunk \u00dcgyfeleink k\u00e9pvisel\u0151je.<\/p><p><strong>M\u0171k\u00f6d\u00e9s\u00fcnk alapja, egyben legf\u0151bb t\u0151k\u00e9je \u00e9s \u00e9rt\u00e9ke maga az Ember.\u00a0<\/strong>Min\u0151s\u00e9gi hum\u00e1ner\u0151forr\u00e1s szolg\u00e1ltat\u00e1s ny\u00fajt\u00e1s\u00e1hoz elengedhetetlen, hogy a\u00a0<strong>szakm\u00e1hoz \u00e9rt\u0151, a sikerhez vezet\u0151 utat ismer\u0151 emberek alkossanak csapatot<\/strong>.<\/p><p>A Delegot 2011-ben olyan\u00a0<strong>tapasztalt szakemberek h\u00edvt\u00e1k \u00e9letre<\/strong>, akik a munkaer\u0151-k\u00f6lcs\u00f6nz\u00e9s \u00e9s -k\u00f6zvet\u00edt\u00e9s ter\u00fclet\u00e9n az elm\u00falt \u00e9vtizedben\u00a0<strong>kiemelked\u0151 sikereket \u00e9rtek el<\/strong>. Ennek a h\u00e1tt\u00e9rnek, szakmai tud\u00e1snak \u00e9s tapasztalatnak k\u00f6sz\u00f6nhet\u0151en a Delego megalakul\u00e1sa \u00f3ta jelent\u0151s eredm\u00e9nyeket \u00e9r el.<\/p>\t\t\t\t\t\t\t\t<\/div>\n\t\t\t\t<\/div>\n\t\t\t\t<\/div>\n\t\t<div class=\"elementor-element elementor-element-b1efb19 e-con-full e-flex e-con e-child\" data-id=\"b1efb19\" data-element_type=\"container\" data-e-type=\"container\">\n\t\t\t\t<\/div>\n\t\t\t\t\t<\/div>\n\t\t\t\t<\/div>\n\t\t<div data-dce-background-image-url=\"http:\/\/delego.hu\/wp-content\/uploads\/2024\/07\/fejlodik2-scaled-1.jpg\" class=\"elementor-element elementor-element-a70f7cb e-flex e-con-boxed e-con e-parent\" data-id=\"a70f7cb\" data-element_type=\"container\" data-e-type=\"container\" data-settings=\"{&quot;background_background&quot;:&quot;classic&quot;,&quot;background_motion_fx_motion_fx_scrolling&quot;:&quot;yes&quot;,&quot;background_motion_fx_translateY_effect&quot;:&quot;yes&quot;,&quot;background_motion_fx_translateY_speed&quot;:{&quot;unit&quot;:&quot;px&quot;,&quot;size&quot;:7,&quot;sizes&quot;:[]},&quot;background_motion_fx_translateY_affectedRange&quot;:{&quot;unit&quot;:&quot;%&quot;,&quot;size&quot;:&quot;&quot;,&quot;sizes&quot;:{&quot;start&quot;:0,&quot;end&quot;:100}},&quot;background_motion_fx_devices&quot;:[&quot;desktop&quot;,&quot;tablet&quot;,&quot;mobile&quot;]}\">\n\t\t\t\t\t<div class=\"e-con-inner\">\n\t\t\t\t<div data-dce-title-color=\"#FFFFFF\" class=\"elementor-element elementor-element-00b81c3 elementor-widget elementor-widget-heading\" data-id=\"00b81c3\" data-element_type=\"widget\" data-e-type=\"widget\" data-widget_type=\"heading.default\">\n\t\t\t\t<div class=\"elementor-widget-container\">\n\t\t\t\t\t<h2 class=\"elementor-heading-title elementor-size-default\">A <b>Delego <\/b>dinamikusan fejl\u0151dik<\/h2>\t\t\t\t<\/div>\n\t\t\t\t<\/div>\n\t\t\t\t<div data-dce-text-color=\"#FFFFFF\" class=\"elementor-element elementor-element-f563c3e elementor-widget elementor-widget-text-editor\" data-id=\"f563c3e\" data-element_type=\"widget\" data-e-type=\"widget\" data-widget_type=\"text-editor.default\">\n\t\t\t\t<div class=\"elementor-widget-container\">\n\t\t\t\t\t\t\t\t\t<p>\u00dcgyfeleink elv\u00e1r\u00e1sai jelentik a v\u00edzszintet. Az elv\u00e1r\u00e1sokat teljes\u00edteni annyi, mint \u00e9letben maradni, meghaladni azokat pedig nem kevesebb, mint kiemelkedni. A Delego v\u00e1llal\u00e1sait minimum betartja, de ink\u00e1bb meghaladja..<\/p><p>A Delego Kft.\u00a0<strong>az eg\u00e9sz orsz\u00e1gban ny\u00fajt szolg\u00e1ltat\u00e1st\u00a0<\/strong>\u00e9s t\u00f6bb mint\u00a0<strong>1000 k\u00f6lcs\u00f6nz\u00f6tt<\/strong>\u00a0munkav\u00e1llal\u00f3t foglalkoztat.\u00a0<strong>K\u00f6z\u00f6ss\u00e9gi m\u00e9dia fel\u00fcleteinken k\u00f6zel 100.000 f\u0151s k\u00f6vet\u0151t\u00e1borral rendelkez\u00fcnk.<\/strong>\u00a0Gyors fejl\u0151d\u00e9s\u00fcnk igazolja, hogy van helye egy \u00faj<strong>, magyar tulajdon\u00fa<\/strong>, min\u0151s\u00e9gi szolg\u00e1ltat\u00e1st ny\u00fajt\u00f3 v\u00e1llalatnak a piacon.<\/p>\t\t\t\t\t\t\t\t<\/div>\n\t\t\t\t<\/div>\n\t\t\t\t<div data-dce-title-color=\"#FFFFFF\" class=\"elementor-element elementor-element-be70953 elementor-widget elementor-widget-heading\" data-id=\"be70953\" data-element_type=\"widget\" data-e-type=\"widget\" data-widget_type=\"heading.default\">\n\t\t\t\t<div class=\"elementor-widget-container\">\n\t\t\t\t\t<h2 class=\"elementor-heading-title elementor-size-default\">A <b>Delego <\/b>a j\u00f6v\u0151t \u00e9p\u00edti<\/h2>\t\t\t\t<\/div>\n\t\t\t\t<\/div>\n\t\t\t\t<div data-dce-text-color=\"#FFFFFF\" class=\"elementor-element elementor-element-fa6ae45 elementor-widget elementor-widget-text-editor\" data-id=\"fa6ae45\" data-element_type=\"widget\" data-e-type=\"widget\" data-widget_type=\"text-editor.default\">\n\t\t\t\t<div class=\"elementor-widget-container\">\n\t\t\t\t\t\t\t\t\t<p><strong>A Delego Kft. MIN\u0150S\u00cdTETT munkaer\u0151-k\u00f6lcs\u00f6nz\u0151<\/strong>. A Korm\u00e1nyhivatalok \u00e1ltal kiadott szigor\u00fa min\u0151s\u00edt\u00e9sre a t\u00f6bb sz\u00e1z hazai munkaer\u0151-k\u00f6lcs\u00f6nz\u0151 v\u00e1llalat k\u00f6z\u00fcl csup\u00e1n n\u00e9h\u00e1ny v\u00e1lik jogosultt\u00e1, amennyiben teljes\u00edtette az enged\u00e9ly kiad\u00e1s\u00e1hoz felt\u00e9tel\u00fcl szabott szigor\u00fa p\u00e9nz\u00fcgyi, szakmai, szem\u00e9lyi \u00e9s \u00e1tl\u00e1that\u00f3s\u00e1gi felt\u00e9teleket.<span style=\"color: #ffffff; text-decoration: underline;\">\u00a0<a style=\"color: #ffffff; text-decoration: underline;\" href=\"https:\/\/delego.hu\/minositett-kolcsonzes-2\/\">&gt;&gt;B\u0151vebben<\/a><\/span><\/p><p>B\u00fcszk\u00e9k vagyunk arra, hogy Magyarorsz\u00e1g p\u00e9nz\u00fcgyileg egyik legstabilabb v\u00e1llalatak\u00e9nt,\u00a0<strong>AAA (\u00fczleti kapcsolat kialak\u00edt\u00e1s\u00e1nak p\u00e9nz\u00fcgyi kock\u00e1zata rendk\u00edv\u00fcl alacsony) tan\u00fas\u00edtv\u00e1nyt kapunk \u00e9vr\u0151l \u00e9vre a Dun &amp; Bradstreet\u00a0 nemzetk\u00f6zi min\u0151s\u00edt\u00e9si rendszere \u00e1ltal.<\/strong><\/p><p>A Delego MSZ EN<strong>\u00a0<\/strong><span style=\"font-size: 12.0pt; font-family: 'Aptos',sans-serif; mso-fareast-font-family: 'Times New Roman'; mso-bidi-font-family: Aptos; color: black; mso-ansi-language: HU; mso-fareast-language: ZH-CN; mso-bidi-language: AR-SA;\"><b><span style=\"color: white;\">ISO 9001:2015<\/span><\/b><\/span><strong>\u00a0min\u0151s\u00edt\u00e9ssel<\/strong>\u00a0rendelkezik.<\/p>\t\t\t\t\t\t\t\t<\/div>\n\t\t\t\t<\/div>\n\t\t\t\t\t<\/div>\n\t\t\t\t<\/div>\n\t\t\t\t<\/div>\n\t\t","protected":false},"excerpt":{"rendered":"<p>&#8222;Az Ember az Els\u0151&#8221; A Delego Magyarorsz\u00e1g\u00a0egyik legdinamikusabban b\u0151v\u00fcl\u0151\u00a0munkaer\u0151-k\u00f6lcs\u00f6nz\u0151 v\u00e1llalatak\u00e9nt\u00a0teljes k\u00f6r\u0171 HR szolg\u00e1ltat\u00e1st ny\u00fajt \u00dcgyfelei r\u00e9sz\u00e9re. Gyors fejl\u0151d\u00e9s\u00fcnk igazolja, hogy van helye egy magyar tulajdon\u00fa, min\u0151s\u00e9gi \u00e9s komplex szolg\u00e1ltat\u00e1st ny\u00fajt\u00f3 v\u00e1llalatnak a piacon. Megrendel\u0151ink \u00e9s Munkav\u00e1llal\u00f3ink egyar\u00e1nt \u00dcgyfeleink. El\u00e9gedetts\u00e9g\u00fck alapja Koll\u00e9g\u00e1ink szak\u00e9rtelme \u00e9s motiv\u00e1ci\u00f3ja. Minden Munkat\u00e1rsunk \u00dcgyfeleink k\u00e9pvisel\u0151je. M\u0171k\u00f6d\u00e9s\u00fcnk alapja, egyben legf\u0151bb t\u0151k\u00e9je \u00e9s \u00e9rt\u00e9ke [&hellip;]<\/p>\n","protected":false},"author":1,"featured_media":0,"parent":0,"menu_order":0,"comment_status":"closed","ping_status":"closed","template":"","meta":{"_acf_changed":false,"footnotes":""},"class_list":["post-59","page","type-page","status-publish","hentry"],"acf":[],"yoast_head":"<!-- This site is optimized with the Yoast SEO plugin v25.3 - https:\/\/yoast.com\/wordpress\/plugins\/seo\/ -->\n<title>Bemutatkoz\u00e1s - Delego<\/title>\n<meta name=\"robots\" content=\"index, follow, max-snippet:-1, max-image-preview:large, max-video-preview:-1\" \/>\n<link rel=\"canonical\" href=\"https:\/\/delego.hu\/hu\/bemutatkozas\/\" \/>\n<meta property=\"og:locale\" content=\"hu_HU\" \/>\n<meta property=\"og:type\" content=\"article\" \/>\n<meta property=\"og:title\" content=\"Bemutatkoz\u00e1s - Delego\" \/>\n<meta property=\"og:description\" content=\"&#8222;Az Ember az Els\u0151&#8221; A Delego Magyarorsz\u00e1g\u00a0egyik legdinamikusabban b\u0151v\u00fcl\u0151\u00a0munkaer\u0151-k\u00f6lcs\u00f6nz\u0151 v\u00e1llalatak\u00e9nt\u00a0teljes k\u00f6r\u0171 HR szolg\u00e1ltat\u00e1st ny\u00fajt \u00dcgyfelei r\u00e9sz\u00e9re. Gyors fejl\u0151d\u00e9s\u00fcnk igazolja, hogy van helye egy magyar tulajdon\u00fa, min\u0151s\u00e9gi \u00e9s komplex szolg\u00e1ltat\u00e1st ny\u00fajt\u00f3 v\u00e1llalatnak a piacon. Megrendel\u0151ink \u00e9s Munkav\u00e1llal\u00f3ink egyar\u00e1nt \u00dcgyfeleink. El\u00e9gedetts\u00e9g\u00fck alapja Koll\u00e9g\u00e1ink szak\u00e9rtelme \u00e9s motiv\u00e1ci\u00f3ja. Minden Munkat\u00e1rsunk \u00dcgyfeleink k\u00e9pvisel\u0151je. M\u0171k\u00f6d\u00e9s\u00fcnk alapja, egyben legf\u0151bb t\u0151k\u00e9je \u00e9s \u00e9rt\u00e9ke [&hellip;]\" \/>\n<meta property=\"og:url\" content=\"https:\/\/delego.hu\/hu\/bemutatkozas\/\" \/>\n<meta property=\"og:site_name\" content=\"Delego\" \/>\n<meta property=\"article:modified_time\" content=\"2025-07-09T09:44:38+00:00\" \/>\n<meta name=\"twitter:card\" content=\"summary_large_image\" \/>\n<meta name=\"twitter:label1\" content=\"Becs\u00fclt olvas\u00e1si id\u0151\" \/>\n\t<meta name=\"twitter:data1\" content=\"2 perc\" \/>\n<script type=\"application\/ld+json\" class=\"yoast-schema-graph\">{\"@context\":\"https:\/\/schema.org\",\"@graph\":[{\"@type\":\"WebPage\",\"@id\":\"https:\/\/delego.hu\/hu\/bemutatkozas\/\",\"url\":\"https:\/\/delego.hu\/hu\/bemutatkozas\/\",\"name\":\"Bemutatkoz\u00e1s - Delego\",\"isPartOf\":{\"@id\":\"https:\/\/delego.hu\/ru\/#website\"},\"datePublished\":\"2024-07-10T06:38:04+00:00\",\"dateModified\":\"2025-07-09T09:44:38+00:00\",\"breadcrumb\":{\"@id\":\"https:\/\/delego.hu\/hu\/bemutatkozas\/#breadcrumb\"},\"inLanguage\":\"hu\",\"potentialAction\":[{\"@type\":\"ReadAction\",\"target\":[\"https:\/\/delego.hu\/hu\/bemutatkozas\/\"]}]},{\"@type\":\"BreadcrumbList\",\"@id\":\"https:\/\/delego.hu\/hu\/bemutatkozas\/#breadcrumb\",\"itemListElement\":[{\"@type\":\"ListItem\",\"position\":1,\"name\":\"Kezd\u0151lap\",\"item\":\"https:\/\/delego.hu\/hu\/\"},{\"@type\":\"ListItem\",\"position\":2,\"name\":\"Bemutatkoz\u00e1s\"}]},{\"@type\":\"WebSite\",\"@id\":\"https:\/\/delego.hu\/ru\/#website\",\"url\":\"https:\/\/delego.hu\/ru\/\",\"name\":\"Delego\",\"description\":\"\",\"publisher\":{\"@id\":\"https:\/\/delego.hu\/ru\/#organization\"},\"potentialAction\":[{\"@type\":\"SearchAction\",\"target\":{\"@type\":\"EntryPoint\",\"urlTemplate\":\"https:\/\/delego.hu\/ru\/?s={search_term_string}\"},\"query-input\":{\"@type\":\"PropertyValueSpecification\",\"valueRequired\":true,\"valueName\":\"search_term_string\"}}],\"inLanguage\":\"hu\"},{\"@type\":\"Organization\",\"@id\":\"https:\/\/delego.hu\/ru\/#organization\",\"name\":\"Delego\",\"url\":\"https:\/\/delego.hu\/ru\/\",\"logo\":{\"@type\":\"ImageObject\",\"inLanguage\":\"hu\",\"@id\":\"https:\/\/delego.hu\/ru\/#\/schema\/logo\/image\/\",\"url\":\"https:\/\/delego.hu\/wp-content\/uploads\/2024\/07\/logodelego.png\",\"contentUrl\":\"https:\/\/delego.hu\/wp-content\/uploads\/2024\/07\/logodelego.png\",\"width\":117,\"height\":50,\"caption\":\"Delego\"},\"image\":{\"@id\":\"https:\/\/delego.hu\/ru\/#\/schema\/logo\/image\/\"}}]}<\/script>\n<!-- \/ Yoast SEO plugin. -->","yoast_head_json":{"title":"Bemutatkoz\u00e1s - Delego","robots":{"index":"index","follow":"follow","max-snippet":"max-snippet:-1","max-image-preview":"max-image-preview:large","max-video-preview":"max-video-preview:-1"},"canonical":"https:\/\/delego.hu\/hu\/bemutatkozas\/","og_locale":"hu_HU","og_type":"article","og_title":"Bemutatkoz\u00e1s - Delego","og_description":"&#8222;Az Ember az Els\u0151&#8221; A Delego Magyarorsz\u00e1g\u00a0egyik legdinamikusabban b\u0151v\u00fcl\u0151\u00a0munkaer\u0151-k\u00f6lcs\u00f6nz\u0151 v\u00e1llalatak\u00e9nt\u00a0teljes k\u00f6r\u0171 HR szolg\u00e1ltat\u00e1st ny\u00fajt \u00dcgyfelei r\u00e9sz\u00e9re. Gyors fejl\u0151d\u00e9s\u00fcnk igazolja, hogy van helye egy magyar tulajdon\u00fa, min\u0151s\u00e9gi \u00e9s komplex szolg\u00e1ltat\u00e1st ny\u00fajt\u00f3 v\u00e1llalatnak a piacon. Megrendel\u0151ink \u00e9s Munkav\u00e1llal\u00f3ink egyar\u00e1nt \u00dcgyfeleink. El\u00e9gedetts\u00e9g\u00fck alapja Koll\u00e9g\u00e1ink szak\u00e9rtelme \u00e9s motiv\u00e1ci\u00f3ja. Minden Munkat\u00e1rsunk \u00dcgyfeleink k\u00e9pvisel\u0151je. M\u0171k\u00f6d\u00e9s\u00fcnk alapja, egyben legf\u0151bb t\u0151k\u00e9je \u00e9s \u00e9rt\u00e9ke [&hellip;]","og_url":"https:\/\/delego.hu\/hu\/bemutatkozas\/","og_site_name":"Delego","article_modified_time":"2025-07-09T09:44:38+00:00","twitter_card":"summary_large_image","twitter_misc":{"Becs\u00fclt olvas\u00e1si id\u0151":"2 perc"},"schema":{"@context":"https:\/\/schema.org","@graph":[{"@type":"WebPage","@id":"https:\/\/delego.hu\/hu\/bemutatkozas\/","url":"https:\/\/delego.hu\/hu\/bemutatkozas\/","name":"Bemutatkoz\u00e1s - Delego","isPartOf":{"@id":"https:\/\/delego.hu\/ru\/#website"},"datePublished":"2024-07-10T06:38:04+00:00","dateModified":"2025-07-09T09:44:38+00:00","breadcrumb":{"@id":"https:\/\/delego.hu\/hu\/bemutatkozas\/#breadcrumb"},"inLanguage":"hu","potentialAction":[{"@type":"ReadAction","target":["https:\/\/delego.hu\/hu\/bemutatkozas\/"]}]},{"@type":"BreadcrumbList","@id":"https:\/\/delego.hu\/hu\/bemutatkozas\/#breadcrumb","itemListElement":[{"@type":"ListItem","position":1,"name":"Kezd\u0151lap","item":"https:\/\/delego.hu\/hu\/"},{"@type":"ListItem","position":2,"name":"Bemutatkoz\u00e1s"}]},{"@type":"WebSite","@id":"https:\/\/delego.hu\/ru\/#website","url":"https:\/\/delego.hu\/ru\/","name":"Delego","description":"","publisher":{"@id":"https:\/\/delego.hu\/ru\/#organization"},"potentialAction":[{"@type":"SearchAction","target":{"@type":"EntryPoint","urlTemplate":"https:\/\/delego.hu\/ru\/?s={search_term_string}"},"query-input":{"@type":"PropertyValueSpecification","valueRequired":true,"valueName":"search_term_string"}}],"inLanguage":"hu"},{"@type":"Organization","@id":"https:\/\/delego.hu\/ru\/#organization","name":"Delego","url":"https:\/\/delego.hu\/ru\/","logo":{"@type":"ImageObject","inLanguage":"hu","@id":"https:\/\/delego.hu\/ru\/#\/schema\/logo\/image\/","url":"https:\/\/delego.hu\/wp-content\/uploads\/2024\/07\/logodelego.png","contentUrl":"https:\/\/delego.hu\/wp-content\/uploads\/2024\/07\/logodelego.png","width":117,"height":50,"caption":"Delego"},"image":{"@id":"https:\/\/delego.hu\/ru\/#\/schema\/logo\/image\/"}}]}},"_links":{"self":[{"href":"https:\/\/delego.hu\/hu\/wp-json\/wp\/v2\/pages\/59","targetHints":{"allow":["GET"]}}],"collection":[{"href":"https:\/\/delego.hu\/hu\/wp-json\/wp\/v2\/pages"}],"about":[{"href":"https:\/\/delego.hu\/hu\/wp-json\/wp\/v2\/types\/page"}],"author":[{"embeddable":true,"href":"https:\/\/delego.hu\/hu\/wp-json\/wp\/v2\/users\/1"}],"replies":[{"embeddable":true,"href":"https:\/\/delego.hu\/hu\/wp-json\/wp\/v2\/comments?post=59"}],"version-history":[{"count":43,"href":"https:\/\/delego.hu\/hu\/wp-json\/wp\/v2\/pages\/59\/revisions"}],"predecessor-version":[{"id":1765,"href":"https:\/\/delego.hu\/hu\/wp-json\/wp\/v2\/pages\/59\/revisions\/1765"}],"wp:attachment":[{"href":"https:\/\/delego.hu\/hu\/wp-json\/wp\/v2\/media?parent=59"}],"curies":[{"name":"wp","href":"https:\/\/api.w.org\/{rel}","templated":true}]}}