{"id":317,"date":"2024-07-16T11:43:23","date_gmt":"2024-07-16T11:43:23","guid":{"rendered":"https:\/\/delego.hu\/?page_id=317"},"modified":"2026-02-12T13:16:37","modified_gmt":"2026-02-12T13:16:37","slug":"diakmunka2","status":"publish","type":"page","link":"https:\/\/delego.hu\/hu\/diakmunka2\/","title":{"rendered":"Di\u00e1kmunka"},"content":{"rendered":"\t\t<div data-elementor-type=\"wp-page\" data-elementor-id=\"317\" class=\"elementor elementor-317\" data-elementor-post-type=\"page\">\n\t\t\t\t<div class=\"elementor-element elementor-element-5c6cd9b e-flex e-con-boxed e-con e-parent\" data-id=\"5c6cd9b\" data-element_type=\"container\" data-e-type=\"container\">\n\t\t\t\t\t<div class=\"e-con-inner\">\n\t\t\t\t<div data-dce-text-color=\"#000000\" class=\"elementor-element elementor-element-8894e6e elementor-widget elementor-widget-text-editor\" data-id=\"8894e6e\" data-element_type=\"widget\" data-e-type=\"widget\" data-widget_type=\"text-editor.default\">\n\t\t\t\t<div class=\"elementor-widget-container\">\n\t\t\t\t\t\t\t\t\t<p><strong>Di\u00e1k munkav\u00e1llal\u00f3k iskolasz\u00f6vetkezeten kereszt\u00fcl t\u00f6rt\u00e9n\u0151 foglalkoztat\u00e1sa<\/strong>\u00a0a jelenleg el\u00e9rhet\u0151 legrugalmasabb \u00e9s legolcs\u00f3bb megold\u00e1s az ig\u00e9nyelt szakmai kompetenci\u00e1kkal rendelkez\u0151, megb\u00edzhat\u00f3, j\u00f3l szervezett munkaer\u0151 alkalmaz\u00e1s\u00e1ra.<\/p><p>A sz\u00f6vetkezet megb\u00edz\u00e1si vagy\u00a0<strong>v\u00e1llalkoz\u00e1si keretszerz\u0151d\u00e9st<\/strong>\u00a0k\u00f6t c\u00e9g\u00e9vel \u00e9s el\u0151re meghat\u00e1rozott, minden k\u00f6lts\u00e9get mag\u00e1ban foglal\u00f3\u00a0<strong>rezsi\u00f3rad\u00edjakon\u00a0<\/strong>di\u00e1k munkav\u00e1llal\u00f3kat biztos\u00edt az \u00d6n\u00f6k sz\u00e1m\u00e1ra. Szolg\u00e1ltat\u00e1sunk ellen\u00e9rt\u00e9ke \u00e1ltal\u00e1nos k\u00f6lts\u00e9gk\u00e9nt elsz\u00e1molhat\u00f3, nem terheli a megb\u00edz\u00f3 b\u00e9rk\u00f6lts\u00e9g-keret\u00e9t.<\/p>\t\t\t\t\t\t\t\t<\/div>\n\t\t\t\t<\/div>\n\t\t\t\t\t<\/div>\n\t\t\t\t<\/div>\n\t\t<div data-dce-background-image-url=\"http:\/\/delego.hu\/wp-content\/uploads\/2024\/07\/diakmunka.jpg\" class=\"elementor-element elementor-element-90c00ae e-flex e-con-boxed e-con e-parent\" data-id=\"90c00ae\" data-element_type=\"container\" data-e-type=\"container\" data-settings=\"{&quot;background_background&quot;:&quot;classic&quot;}\">\n\t\t\t\t\t<div class=\"e-con-inner\">\n\t\t<div class=\"elementor-element elementor-element-ca9aab8 e-con-full e-flex e-con e-child\" data-id=\"ca9aab8\" data-element_type=\"container\" data-e-type=\"container\">\n\t\t\t\t<\/div>\n\t\t<div class=\"elementor-element elementor-element-b7e249b e-con-full e-flex e-con e-child\" data-id=\"b7e249b\" data-element_type=\"container\" data-e-type=\"container\">\n\t\t\t\t<div data-dce-text-color=\"#000000\" class=\"elementor-element elementor-element-f310454 elementor-widget elementor-widget-text-editor\" data-id=\"f310454\" data-element_type=\"widget\" data-e-type=\"widget\" data-widget_type=\"text-editor.default\">\n\t\t\t\t<div class=\"elementor-widget-container\">\n\t\t\t\t\t\t\t\t\t<div class=\"wpb_column vc_column_container vc_col-sm-6 vc_hidden-sm vc_hidden-xs\"><div class=\"vc_column-inner\"><div class=\"wpb_wrapper\"><strong>L\u00e9tsz\u00e1mig\u00e9nyeit di\u00e1k munkaer\u0151 alkalmaz\u00e1s\u00e1val rendk\u00edv\u00fcl rugalmas m\u00f3don, a TB j\u00e1rul\u00e9k-, szabads\u00e1g- \u00e9s t\u00e1pp\u00e9nzmentess\u00e9g miatt a f\u0151\u00e1ll\u00e1s\u00fa dolgoz\u00f3khoz k\u00e9pest ak\u00e1r 30-40% megtakar\u00edt\u00e1s mellett fedheti le.<\/strong><\/div><\/div><\/div>\t\t\t\t\t\t\t\t<\/div>\n\t\t\t\t<\/div>\n\t\t\t\t<\/div>\n\t\t\t\t\t<\/div>\n\t\t\t\t<\/div>\n\t\t<div class=\"elementor-element elementor-element-e86b9e5 e-flex e-con-boxed e-con e-parent\" data-id=\"e86b9e5\" data-element_type=\"container\" data-e-type=\"container\">\n\t\t\t\t\t<div class=\"e-con-inner\">\n\t\t<div class=\"elementor-element elementor-element-31db2c9 e-con-full e-flex e-con e-child\" data-id=\"31db2c9\" data-element_type=\"container\" data-e-type=\"container\">\n\t\t\t\t<div data-dce-text-color=\"#000000\" class=\"elementor-element elementor-element-d6f6385 elementor-widget elementor-widget-text-editor\" data-id=\"d6f6385\" data-element_type=\"widget\" data-e-type=\"widget\" data-widget_type=\"text-editor.default\">\n\t\t\t\t<div class=\"elementor-widget-container\">\n\t\t\t\t\t\t\t\t\t<p>A hat\u00e1lyos t\u00f6rv\u00e9nyi szab\u00e1lyoz\u00e1s alapj\u00e1n a nappali tagozatos di\u00e1kok iskolasz\u00f6vetkezeti tagk\u00e9nt\u00a0<strong>j\u00e1rul\u00e9kmentesen\u00a0<\/strong>v\u00e9gezhetnek munk\u00e1t \u00e9s foglalkoztat\u00e1suk kapcs\u00e1n nem mer\u00fcl fel szabads\u00e1g, betegszabads\u00e1g, fizetett \u00fcnnep, illetve felmond\u00e1si k\u00f6lts\u00e9g, melynek k\u00f6sz\u00f6nhet\u0151en a f\u0151\u00e1ll\u00e1s\u00fa dolgoz\u00f3khoz k\u00e9pest ak\u00e1r 30-40 %-os megtakar\u00edt\u00e1st is realiz\u00e1lhatnak Partnereink.<br \/>A rezsi\u00f3rad\u00edj a b\u00e9reken \u00e9s ad\u00f3kon fel\u00fcl tartalmazza a hirdet\u00e9si, toborz\u00e1si, szervez\u00e9si, tov\u00e1bb\u00e1 sz\u00e1mfejt\u00e9si \u00e9s adminisztr\u00e1ci\u00f3s k\u00f6lts\u00e9geket is.<\/p><p>Legyen sz\u00f3 a gy\u00e1rt\u00e1s\/termel\u00e9s, kereskedelem, FMCG, logisztika, SSC ter\u00fcleteir\u0151l, di\u00e1kjaink minden ter\u00fcleten helyt tudnak \u00e1llni \u2013 a napr\u00f3l napra, m\u0171szakr\u00f3l m\u0171szakra v\u00e1ltoz\u00f3 fizikai munkak\u00f6r\u00f6k ell\u00e1t\u00e1s\u00e1n t\u00fal a folyamatos irodai, adminisztrat\u00edv feladatok elv\u00e9gz\u00e9s\u00e9n \u00e1t a szaktud\u00e1st ig\u00e9nyl\u0151 megb\u00edz\u00e1sokig egyar\u00e1nt.<\/p><p>Lehet\u0151s\u00e9get k\u00edn\u00e1lunk arra is, hogy munkat\u00e1rsai, ismer\u0151sei gyermekeit\u00a0<strong>iskolasz\u00f6vetkezet\u00fcnk\u00f6n kereszt\u00fcl foglalkoztass\u00e1k v\u00e1llalatukn\u00e1l<\/strong>, ebben az esetben a di\u00e1kok sz\u00e1m\u00e1ra kifizetend\u0151, k\u00f6z\u00f6sen meghat\u00e1rozott b\u00e9ren fel\u00fcl egy jelk\u00e9pes adminisztr\u00e1ci\u00f3s d\u00edjat sz\u00e1m\u00edtunk fel az \u00d6n\u00f6k sz\u00e1m\u00e1ra.<\/p>\t\t\t\t\t\t\t\t<\/div>\n\t\t\t\t<\/div>\n\t\t\t\t<div data-dce-background-color=\"#61CE7000\" class=\"elementor-element elementor-element-89e5795 elementor-align-left elementor-widget elementor-widget-button\" data-id=\"89e5795\" data-element_type=\"widget\" data-e-type=\"widget\" data-widget_type=\"button.default\">\n\t\t\t\t<div class=\"elementor-widget-container\">\n\t\t\t\t\t\t\t\t\t<div class=\"elementor-button-wrapper\">\n\t\t\t\t\t<a class=\"elementor-button elementor-button-link elementor-size-sm\" href=\"https:\/\/delego.hu\/hu\/ajanlatkeres\/\">\n\t\t\t\t\t\t<span class=\"elementor-button-content-wrapper\">\n\t\t\t\t\t\t\t\t\t<span class=\"elementor-button-text\">K\u00e9rjen Aj\u00e1nlatot!<\/span>\n\t\t\t\t\t<\/span>\n\t\t\t\t\t<\/a>\n\t\t\t\t<\/div>\n\t\t\t\t\t\t\t\t<\/div>\n\t\t\t\t<\/div>\n\t\t\t\t<\/div>\n\t\t<div class=\"elementor-element elementor-element-652fcd1 e-con-full e-flex e-con e-child\" data-id=\"652fcd1\" data-element_type=\"container\" data-e-type=\"container\">\n\t\t\t\t<div data-dce-text-color=\"#000000\" class=\"elementor-element elementor-element-e9acf7e elementor-widget elementor-widget-text-editor\" data-id=\"e9acf7e\" data-element_type=\"widget\" data-e-type=\"widget\" data-widget_type=\"text-editor.default\">\n\t\t\t\t<div class=\"elementor-widget-container\">\n\t\t\t\t\t\t\t\t\t<div class=\"wpb_text_column wpb_content_element \"><div class=\"wpb_wrapper\"><p><strong class=\"\" data-ninja-font=\"muli_bold_normal\">Di\u00e1kok \u00e1ltal bet\u00f6lthet\u0151 tev\u00e9kenys\u00e9gi k\u00f6r\u00f6k:<\/strong><\/p><\/div><\/div>\t\t\t\t\t\t\t\t<\/div>\n\t\t\t\t<\/div>\n\t\t\t\t<div class=\"elementor-element elementor-element-ac8f82b elementor-icon-list--layout-traditional elementor-list-item-link-full_width elementor-widget elementor-widget-icon-list\" data-id=\"ac8f82b\" data-element_type=\"widget\" data-e-type=\"widget\" data-widget_type=\"icon-list.default\">\n\t\t\t\t<div class=\"elementor-widget-container\">\n\t\t\t\t\t\t\t<ul class=\"elementor-icon-list-items\">\n\t\t\t\t\t\t\t<li class=\"elementor-icon-list-item\">\n\t\t\t\t\t\t\t\t\t\t\t<span class=\"elementor-icon-list-icon\">\n\t\t\t\t\t\t\t<i aria-hidden=\"true\" class=\"fas fa-chevron-circle-right\"><\/i>\t\t\t\t\t\t<\/span>\n\t\t\t\t\t\t\t\t\t\t<span class=\"elementor-icon-list-text\">adminisztr\u00e1ci\u00f3<\/span>\n\t\t\t\t\t\t\t\t\t<\/li>\n\t\t\t\t\t\t\t\t<li class=\"elementor-icon-list-item\">\n\t\t\t\t\t\t\t\t\t\t\t<span class=\"elementor-icon-list-icon\">\n\t\t\t\t\t\t\t<i aria-hidden=\"true\" class=\"fas fa-chevron-circle-right\"><\/i>\t\t\t\t\t\t<\/span>\n\t\t\t\t\t\t\t\t\t\t<span class=\"elementor-icon-list-text\">adatr\u00f6gz\u00edt\u00e9s<\/span>\n\t\t\t\t\t\t\t\t\t<\/li>\n\t\t\t\t\t\t\t\t<li class=\"elementor-icon-list-item\">\n\t\t\t\t\t\t\t\t\t\t\t<span class=\"elementor-icon-list-icon\">\n\t\t\t\t\t\t\t<i aria-hidden=\"true\" class=\"fas fa-chevron-circle-right\"><\/i>\t\t\t\t\t\t<\/span>\n\t\t\t\t\t\t\t\t\t\t<span class=\"elementor-icon-list-text\">iratrendez\u00e9s<\/span>\n\t\t\t\t\t\t\t\t\t<\/li>\n\t\t\t\t\t\t\t\t<li class=\"elementor-icon-list-item\">\n\t\t\t\t\t\t\t\t\t\t\t<span class=\"elementor-icon-list-icon\">\n\t\t\t\t\t\t\t<i aria-hidden=\"true\" class=\"fas fa-chevron-circle-right\"><\/i>\t\t\t\t\t\t<\/span>\n\t\t\t\t\t\t\t\t\t\t<span class=\"elementor-icon-list-text\">recepci\u00f3s, titk\u00e1ri feladatok<\/span>\n\t\t\t\t\t\t\t\t\t<\/li>\n\t\t\t\t\t\t\t\t<li class=\"elementor-icon-list-item\">\n\t\t\t\t\t\t\t\t\t\t\t<span class=\"elementor-icon-list-icon\">\n\t\t\t\t\t\t\t<i aria-hidden=\"true\" class=\"fas fa-chevron-circle-right\"><\/i>\t\t\t\t\t\t<\/span>\n\t\t\t\t\t\t\t\t\t\t<span class=\"elementor-icon-list-text\">hostess-tev\u00e9kenys\u00e9g<\/span>\n\t\t\t\t\t\t\t\t\t<\/li>\n\t\t\t\t\t\t\t\t<li class=\"elementor-icon-list-item\">\n\t\t\t\t\t\t\t\t\t\t\t<span class=\"elementor-icon-list-icon\">\n\t\t\t\t\t\t\t<i aria-hidden=\"true\" class=\"fas fa-chevron-circle-right\"><\/i>\t\t\t\t\t\t<\/span>\n\t\t\t\t\t\t\t\t\t\t<span class=\"elementor-icon-list-text\">telefonos tev\u00e9kenys\u00e9g, telefonos \u00fcgyint\u00e9z\u00e9s, telemarketing, call center<\/span>\n\t\t\t\t\t\t\t\t\t<\/li>\n\t\t\t\t\t\t\t\t<li class=\"elementor-icon-list-item\">\n\t\t\t\t\t\t\t\t\t\t\t<span class=\"elementor-icon-list-icon\">\n\t\t\t\t\t\t\t<i aria-hidden=\"true\" class=\"fas fa-chevron-circle-right\"><\/i>\t\t\t\t\t\t<\/span>\n\t\t\t\t\t\t\t\t\t\t<span class=\"elementor-icon-list-text\">bor\u00edt\u00e9kol\u00e1s<\/span>\n\t\t\t\t\t\t\t\t\t<\/li>\n\t\t\t\t\t\t\t\t<li class=\"elementor-icon-list-item\">\n\t\t\t\t\t\t\t\t\t\t\t<span class=\"elementor-icon-list-icon\">\n\t\t\t\t\t\t\t<i aria-hidden=\"true\" class=\"fas fa-chevron-circle-right\"><\/i>\t\t\t\t\t\t<\/span>\n\t\t\t\t\t\t\t\t\t\t<span class=\"elementor-icon-list-text\">c\u00edmk\u00e9z\u00e9s<\/span>\n\t\t\t\t\t\t\t\t\t<\/li>\n\t\t\t\t\t\t\t\t<li class=\"elementor-icon-list-item\">\n\t\t\t\t\t\t\t\t\t\t\t<span class=\"elementor-icon-list-icon\">\n\t\t\t\t\t\t\t<i aria-hidden=\"true\" class=\"fas fa-chevron-circle-right\"><\/i>\t\t\t\t\t\t<\/span>\n\t\t\t\t\t\t\t\t\t\t<span class=\"elementor-icon-list-text\">csomagol\u00e1s<\/span>\n\t\t\t\t\t\t\t\t\t<\/li>\n\t\t\t\t\t\t\t\t<li class=\"elementor-icon-list-item\">\n\t\t\t\t\t\t\t\t\t\t\t<span class=\"elementor-icon-list-icon\">\n\t\t\t\t\t\t\t<i aria-hidden=\"true\" class=\"fas fa-chevron-circle-right\"><\/i>\t\t\t\t\t\t<\/span>\n\t\t\t\t\t\t\t\t\t\t<span class=\"elementor-icon-list-text\">ragaszt\u00e1s<\/span>\n\t\t\t\t\t\t\t\t\t<\/li>\n\t\t\t\t\t\t\t\t<li class=\"elementor-icon-list-item\">\n\t\t\t\t\t\t\t\t\t\t\t<span class=\"elementor-icon-list-icon\">\n\t\t\t\t\t\t\t<i aria-hidden=\"true\" class=\"fas fa-chevron-circle-right\"><\/i>\t\t\t\t\t\t<\/span>\n\t\t\t\t\t\t\t\t\t\t<span class=\"elementor-icon-list-text\">ford\u00edt\u00e1s, tolm\u00e1csol\u00e1s<\/span>\n\t\t\t\t\t\t\t\t\t<\/li>\n\t\t\t\t\t\t\t\t<li class=\"elementor-icon-list-item\">\n\t\t\t\t\t\t\t\t\t\t\t<span class=\"elementor-icon-list-icon\">\n\t\t\t\t\t\t\t<i aria-hidden=\"true\" class=\"fas fa-chevron-circle-right\"><\/i>\t\t\t\t\t\t<\/span>\n\t\t\t\t\t\t\t\t\t\t<span class=\"elementor-icon-list-text\">sz\u00f3r\u00f3lapoz\u00e1s<\/span>\n\t\t\t\t\t\t\t\t\t<\/li>\n\t\t\t\t\t\t\t\t<li class=\"elementor-icon-list-item\">\n\t\t\t\t\t\t\t\t\t\t\t<span class=\"elementor-icon-list-icon\">\n\t\t\t\t\t\t\t<i aria-hidden=\"true\" class=\"fas fa-chevron-circle-right\"><\/i>\t\t\t\t\t\t<\/span>\n\t\t\t\t\t\t\t\t\t\t<span class=\"elementor-icon-list-text\">egy\u00e9b, szaktud\u00e1st ig\u00e9nyl\u0151 feladatk\u00f6r\u00f6k<\/span>\n\t\t\t\t\t\t\t\t\t<\/li>\n\t\t\t\t\t\t<\/ul>\n\t\t\t\t\t\t<\/div>\n\t\t\t\t<\/div>\n\t\t\t\t<\/div>\n\t\t\t\t\t<\/div>\n\t\t\t\t<\/div>\n\t\t<div class=\"elementor-element elementor-element-3642a66 e-flex e-con-boxed e-con e-parent\" data-id=\"3642a66\" data-element_type=\"container\" data-e-type=\"container\">\n\t\t\t\t\t<div class=\"e-con-inner\">\n\t\t\t\t\t<\/div>\n\t\t\t\t<\/div>\n\t\t\t\t<\/div>\n\t\t","protected":false},"excerpt":{"rendered":"<p>Di\u00e1k munkav\u00e1llal\u00f3k iskolasz\u00f6vetkezeten kereszt\u00fcl t\u00f6rt\u00e9n\u0151 foglalkoztat\u00e1sa\u00a0a jelenleg el\u00e9rhet\u0151 legrugalmasabb \u00e9s legolcs\u00f3bb megold\u00e1s az ig\u00e9nyelt szakmai kompetenci\u00e1kkal rendelkez\u0151, megb\u00edzhat\u00f3, j\u00f3l szervezett munkaer\u0151 alkalmaz\u00e1s\u00e1ra. A sz\u00f6vetkezet megb\u00edz\u00e1si vagy\u00a0v\u00e1llalkoz\u00e1si keretszerz\u0151d\u00e9st\u00a0k\u00f6t c\u00e9g\u00e9vel \u00e9s el\u0151re meghat\u00e1rozott, minden k\u00f6lts\u00e9get mag\u00e1ban foglal\u00f3\u00a0rezsi\u00f3rad\u00edjakon\u00a0di\u00e1k munkav\u00e1llal\u00f3kat biztos\u00edt az \u00d6n\u00f6k sz\u00e1m\u00e1ra. Szolg\u00e1ltat\u00e1sunk ellen\u00e9rt\u00e9ke \u00e1ltal\u00e1nos k\u00f6lts\u00e9gk\u00e9nt elsz\u00e1molhat\u00f3, nem terheli a megb\u00edz\u00f3 b\u00e9rk\u00f6lts\u00e9g-keret\u00e9t. L\u00e9tsz\u00e1mig\u00e9nyeit di\u00e1k munkaer\u0151 alkalmaz\u00e1s\u00e1val rendk\u00edv\u00fcl [&hellip;]<\/p>\n","protected":false},"author":1,"featured_media":0,"parent":0,"menu_order":0,"comment_status":"closed","ping_status":"closed","template":"","meta":{"_acf_changed":false,"footnotes":""},"class_list":["post-317","page","type-page","status-publish","hentry"],"acf":[],"yoast_head":"<!-- This site is optimized with the Yoast SEO plugin v25.3 - https:\/\/yoast.com\/wordpress\/plugins\/seo\/ -->\n<title>Di\u00e1kmunka - Delego<\/title>\n<meta name=\"robots\" content=\"index, follow, max-snippet:-1, max-image-preview:large, max-video-preview:-1\" \/>\n<link rel=\"canonical\" href=\"https:\/\/delego.hu\/hu\/diakmunka2\/\" \/>\n<meta property=\"og:locale\" content=\"hu_HU\" \/>\n<meta property=\"og:type\" content=\"article\" \/>\n<meta property=\"og:title\" content=\"Di\u00e1kmunka - Delego\" \/>\n<meta property=\"og:description\" content=\"Di\u00e1k munkav\u00e1llal\u00f3k iskolasz\u00f6vetkezeten kereszt\u00fcl t\u00f6rt\u00e9n\u0151 foglalkoztat\u00e1sa\u00a0a jelenleg el\u00e9rhet\u0151 legrugalmasabb \u00e9s legolcs\u00f3bb megold\u00e1s az ig\u00e9nyelt szakmai kompetenci\u00e1kkal rendelkez\u0151, megb\u00edzhat\u00f3, j\u00f3l szervezett munkaer\u0151 alkalmaz\u00e1s\u00e1ra. A sz\u00f6vetkezet megb\u00edz\u00e1si vagy\u00a0v\u00e1llalkoz\u00e1si keretszerz\u0151d\u00e9st\u00a0k\u00f6t c\u00e9g\u00e9vel \u00e9s el\u0151re meghat\u00e1rozott, minden k\u00f6lts\u00e9get mag\u00e1ban foglal\u00f3\u00a0rezsi\u00f3rad\u00edjakon\u00a0di\u00e1k munkav\u00e1llal\u00f3kat biztos\u00edt az \u00d6n\u00f6k sz\u00e1m\u00e1ra. Szolg\u00e1ltat\u00e1sunk ellen\u00e9rt\u00e9ke \u00e1ltal\u00e1nos k\u00f6lts\u00e9gk\u00e9nt elsz\u00e1molhat\u00f3, nem terheli a megb\u00edz\u00f3 b\u00e9rk\u00f6lts\u00e9g-keret\u00e9t. L\u00e9tsz\u00e1mig\u00e9nyeit di\u00e1k munkaer\u0151 alkalmaz\u00e1s\u00e1val rendk\u00edv\u00fcl [&hellip;]\" \/>\n<meta property=\"og:url\" content=\"https:\/\/delego.hu\/hu\/diakmunka2\/\" \/>\n<meta property=\"og:site_name\" content=\"Delego\" \/>\n<meta property=\"article:modified_time\" content=\"2026-02-12T13:16:37+00:00\" \/>\n<meta name=\"twitter:card\" content=\"summary_large_image\" \/>\n<meta name=\"twitter:label1\" content=\"Becs\u00fclt olvas\u00e1si id\u0151\" \/>\n\t<meta name=\"twitter:data1\" content=\"2 perc\" \/>\n<script type=\"application\/ld+json\" class=\"yoast-schema-graph\">{\"@context\":\"https:\/\/schema.org\",\"@graph\":[{\"@type\":\"WebPage\",\"@id\":\"https:\/\/delego.hu\/diakmunka2\/\",\"url\":\"https:\/\/delego.hu\/diakmunka2\/\",\"name\":\"Di\u00e1kmunka - Delego\",\"isPartOf\":{\"@id\":\"https:\/\/delego.hu\/ru\/#website\"},\"datePublished\":\"2024-07-16T11:43:23+00:00\",\"dateModified\":\"2026-02-12T13:16:37+00:00\",\"breadcrumb\":{\"@id\":\"https:\/\/delego.hu\/diakmunka2\/#breadcrumb\"},\"inLanguage\":\"hu\",\"potentialAction\":[{\"@type\":\"ReadAction\",\"target\":[\"https:\/\/delego.hu\/diakmunka2\/\"]}]},{\"@type\":\"BreadcrumbList\",\"@id\":\"https:\/\/delego.hu\/diakmunka2\/#breadcrumb\",\"itemListElement\":[{\"@type\":\"ListItem\",\"position\":1,\"name\":\"Kezd\u0151lap\",\"item\":\"https:\/\/delego.hu\/hu\/\"},{\"@type\":\"ListItem\",\"position\":2,\"name\":\"Di\u00e1kmunka\"}]},{\"@type\":\"WebSite\",\"@id\":\"https:\/\/delego.hu\/ru\/#website\",\"url\":\"https:\/\/delego.hu\/ru\/\",\"name\":\"Delego\",\"description\":\"\",\"publisher\":{\"@id\":\"https:\/\/delego.hu\/ru\/#organization\"},\"potentialAction\":[{\"@type\":\"SearchAction\",\"target\":{\"@type\":\"EntryPoint\",\"urlTemplate\":\"https:\/\/delego.hu\/ru\/?s={search_term_string}\"},\"query-input\":{\"@type\":\"PropertyValueSpecification\",\"valueRequired\":true,\"valueName\":\"search_term_string\"}}],\"inLanguage\":\"hu\"},{\"@type\":\"Organization\",\"@id\":\"https:\/\/delego.hu\/ru\/#organization\",\"name\":\"Delego\",\"url\":\"https:\/\/delego.hu\/ru\/\",\"logo\":{\"@type\":\"ImageObject\",\"inLanguage\":\"hu\",\"@id\":\"https:\/\/delego.hu\/ru\/#\/schema\/logo\/image\/\",\"url\":\"https:\/\/delego.hu\/wp-content\/uploads\/2024\/07\/logodelego.png\",\"contentUrl\":\"https:\/\/delego.hu\/wp-content\/uploads\/2024\/07\/logodelego.png\",\"width\":117,\"height\":50,\"caption\":\"Delego\"},\"image\":{\"@id\":\"https:\/\/delego.hu\/ru\/#\/schema\/logo\/image\/\"}}]}<\/script>\n<!-- \/ Yoast SEO plugin. -->","yoast_head_json":{"title":"Di\u00e1kmunka - Delego","robots":{"index":"index","follow":"follow","max-snippet":"max-snippet:-1","max-image-preview":"max-image-preview:large","max-video-preview":"max-video-preview:-1"},"canonical":"https:\/\/delego.hu\/hu\/diakmunka2\/","og_locale":"hu_HU","og_type":"article","og_title":"Di\u00e1kmunka - Delego","og_description":"Di\u00e1k munkav\u00e1llal\u00f3k iskolasz\u00f6vetkezeten kereszt\u00fcl t\u00f6rt\u00e9n\u0151 foglalkoztat\u00e1sa\u00a0a jelenleg el\u00e9rhet\u0151 legrugalmasabb \u00e9s legolcs\u00f3bb megold\u00e1s az ig\u00e9nyelt szakmai kompetenci\u00e1kkal rendelkez\u0151, megb\u00edzhat\u00f3, j\u00f3l szervezett munkaer\u0151 alkalmaz\u00e1s\u00e1ra. A sz\u00f6vetkezet megb\u00edz\u00e1si vagy\u00a0v\u00e1llalkoz\u00e1si keretszerz\u0151d\u00e9st\u00a0k\u00f6t c\u00e9g\u00e9vel \u00e9s el\u0151re meghat\u00e1rozott, minden k\u00f6lts\u00e9get mag\u00e1ban foglal\u00f3\u00a0rezsi\u00f3rad\u00edjakon\u00a0di\u00e1k munkav\u00e1llal\u00f3kat biztos\u00edt az \u00d6n\u00f6k sz\u00e1m\u00e1ra. Szolg\u00e1ltat\u00e1sunk ellen\u00e9rt\u00e9ke \u00e1ltal\u00e1nos k\u00f6lts\u00e9gk\u00e9nt elsz\u00e1molhat\u00f3, nem terheli a megb\u00edz\u00f3 b\u00e9rk\u00f6lts\u00e9g-keret\u00e9t. L\u00e9tsz\u00e1mig\u00e9nyeit di\u00e1k munkaer\u0151 alkalmaz\u00e1s\u00e1val rendk\u00edv\u00fcl [&hellip;]","og_url":"https:\/\/delego.hu\/hu\/diakmunka2\/","og_site_name":"Delego","article_modified_time":"2026-02-12T13:16:37+00:00","twitter_card":"summary_large_image","twitter_misc":{"Becs\u00fclt olvas\u00e1si id\u0151":"2 perc"},"schema":{"@context":"https:\/\/schema.org","@graph":[{"@type":"WebPage","@id":"https:\/\/delego.hu\/diakmunka2\/","url":"https:\/\/delego.hu\/diakmunka2\/","name":"Di\u00e1kmunka - Delego","isPartOf":{"@id":"https:\/\/delego.hu\/ru\/#website"},"datePublished":"2024-07-16T11:43:23+00:00","dateModified":"2026-02-12T13:16:37+00:00","breadcrumb":{"@id":"https:\/\/delego.hu\/diakmunka2\/#breadcrumb"},"inLanguage":"hu","potentialAction":[{"@type":"ReadAction","target":["https:\/\/delego.hu\/diakmunka2\/"]}]},{"@type":"BreadcrumbList","@id":"https:\/\/delego.hu\/diakmunka2\/#breadcrumb","itemListElement":[{"@type":"ListItem","position":1,"name":"Kezd\u0151lap","item":"https:\/\/delego.hu\/hu\/"},{"@type":"ListItem","position":2,"name":"Di\u00e1kmunka"}]},{"@type":"WebSite","@id":"https:\/\/delego.hu\/ru\/#website","url":"https:\/\/delego.hu\/ru\/","name":"Delego","description":"","publisher":{"@id":"https:\/\/delego.hu\/ru\/#organization"},"potentialAction":[{"@type":"SearchAction","target":{"@type":"EntryPoint","urlTemplate":"https:\/\/delego.hu\/ru\/?s={search_term_string}"},"query-input":{"@type":"PropertyValueSpecification","valueRequired":true,"valueName":"search_term_string"}}],"inLanguage":"hu"},{"@type":"Organization","@id":"https:\/\/delego.hu\/ru\/#organization","name":"Delego","url":"https:\/\/delego.hu\/ru\/","logo":{"@type":"ImageObject","inLanguage":"hu","@id":"https:\/\/delego.hu\/ru\/#\/schema\/logo\/image\/","url":"https:\/\/delego.hu\/wp-content\/uploads\/2024\/07\/logodelego.png","contentUrl":"https:\/\/delego.hu\/wp-content\/uploads\/2024\/07\/logodelego.png","width":117,"height":50,"caption":"Delego"},"image":{"@id":"https:\/\/delego.hu\/ru\/#\/schema\/logo\/image\/"}}]}},"_links":{"self":[{"href":"https:\/\/delego.hu\/hu\/wp-json\/wp\/v2\/pages\/317","targetHints":{"allow":["GET"]}}],"collection":[{"href":"https:\/\/delego.hu\/hu\/wp-json\/wp\/v2\/pages"}],"about":[{"href":"https:\/\/delego.hu\/hu\/wp-json\/wp\/v2\/types\/page"}],"author":[{"embeddable":true,"href":"https:\/\/delego.hu\/hu\/wp-json\/wp\/v2\/users\/1"}],"replies":[{"embeddable":true,"href":"https:\/\/delego.hu\/hu\/wp-json\/wp\/v2\/comments?post=317"}],"version-history":[{"count":15,"href":"https:\/\/delego.hu\/hu\/wp-json\/wp\/v2\/pages\/317\/revisions"}],"predecessor-version":[{"id":2072,"href":"https:\/\/delego.hu\/hu\/wp-json\/wp\/v2\/pages\/317\/revisions\/2072"}],"wp:attachment":[{"href":"https:\/\/delego.hu\/hu\/wp-json\/wp\/v2\/media?parent=317"}],"curies":[{"name":"wp","href":"https:\/\/api.w.org\/{rel}","templated":true}]}}