{"id":305,"date":"2024-07-16T09:09:33","date_gmt":"2024-07-16T09:09:33","guid":{"rendered":"https:\/\/delego.hu\/?page_id=305"},"modified":"2025-07-09T09:34:06","modified_gmt":"2025-07-09T09:34:06","slug":"egyszerusitett-foglalkoztatas","status":"publish","type":"page","link":"https:\/\/delego.hu\/hu\/egyszerusitett-foglalkoztatas\/","title":{"rendered":"Egyszer\u0171s\u00edtett foglalkoztat\u00e1s"},"content":{"rendered":"\t\t<div data-elementor-type=\"wp-page\" data-elementor-id=\"305\" class=\"elementor elementor-305\" data-elementor-post-type=\"page\">\n\t\t\t\t<div class=\"elementor-element elementor-element-5c6cd9b e-flex e-con-boxed e-con e-parent\" data-id=\"5c6cd9b\" data-element_type=\"container\" data-e-type=\"container\">\n\t\t\t\t\t<div class=\"e-con-inner\">\n\t\t\t\t<div data-dce-text-color=\"#000000\" class=\"elementor-element elementor-element-8894e6e elementor-widget elementor-widget-text-editor\" data-id=\"8894e6e\" data-element_type=\"widget\" data-e-type=\"widget\" data-widget_type=\"text-editor.default\">\n\t\t\t\t<div class=\"elementor-widget-container\">\n\t\t\t\t\t\t\t\t\t<p>Az\u00a0<strong>\u00faj<\/strong>\u00a0<strong>Munka T\u00f6rv\u00e9nyk\u00f6nyve<\/strong>\u00a0<strong>lehet\u0151v\u00e9 teszi<\/strong>\u00a0t\u00f6bb atipikus foglalkoztat\u00e1si forma egyidej\u0171leg t\u00f6rt\u00e9n\u0151 alkalmaz\u00e1s\u00e1t, \u00edgy munkaer\u0151-k\u00f6lcs\u00f6nz\u00e9s eset\u00e9n a k\u00f6lcs\u00f6nbead\u00f3 c\u00e9g az \u201e<strong>egyszer\u0171s\u00edtett foglalkoztat\u00e1s\u201d<\/strong>\u00a0szab\u00e1lyai szerint is biztos\u00edthat munkav\u00e1llal\u00f3kat Partnerei sz\u00e1m\u00e1ra.<\/p><p>Ez\u00e1ltal olyan lehet\u0151s\u00e9get k\u00edn\u00e1lunk \u00d6n\u00f6knek, amely\u00a0<strong>\u00f6tv\u00f6zi az alkalmi munkav\u00e1llal\u00e1s \u00e9s a munkaer\u0151-k\u00f6lcs\u00f6nz\u00e9s el\u0151nyeit<\/strong>, \u00edgy\u00a0<strong>kiemelten rugalmas<\/strong>\u00a0<strong>\u00e9s k\u00f6lts\u00e9ghat\u00e9kony<\/strong>\u00a0megold\u00e1st ny\u00fajt a gy\u00e1rt\u00e1s\/termel\u00e9sben, logisztik\u00e1ban felmer\u00fcl\u0151,\u00a0<strong>naponta v\u00e1ltoz\u00f3 munkaer\u0151-ig\u00e9nyek<\/strong>\u00a0lefed\u00e9s\u00e9re.<\/p>\t\t\t\t\t\t\t\t<\/div>\n\t\t\t\t<\/div>\n\t\t\t\t\t<\/div>\n\t\t\t\t<\/div>\n\t\t<div data-dce-background-image-url=\"http:\/\/delego.hu\/wp-content\/uploads\/2024\/07\/egyszerusitett.jpg\" class=\"elementor-element elementor-element-90c00ae e-flex e-con-boxed e-con e-parent\" data-id=\"90c00ae\" data-element_type=\"container\" data-e-type=\"container\" data-settings=\"{&quot;background_background&quot;:&quot;classic&quot;}\">\n\t\t\t\t\t<div class=\"e-con-inner\">\n\t\t<div class=\"elementor-element elementor-element-ca9aab8 e-con-full e-flex e-con e-child\" data-id=\"ca9aab8\" data-element_type=\"container\" data-e-type=\"container\">\n\t\t\t\t<div data-dce-title-color=\"#FFFFFF\" class=\"elementor-element elementor-element-0416c02 elementor-widget elementor-widget-heading\" data-id=\"0416c02\" data-element_type=\"widget\" data-e-type=\"widget\" data-widget_type=\"heading.default\">\n\t\t\t\t<div class=\"elementor-widget-container\">\n\t\t\t\t\t<h2 class=\"elementor-heading-title elementor-size-default\">\nEgyszer\u0171s\u00edtett foglalkoztat\u00e1s, alkalmi munkav\u00e1llal\u00e1s<\/h2>\t\t\t\t<\/div>\n\t\t\t\t<\/div>\n\t\t\t\t<div data-dce-text-color=\"#FFFFFF\" class=\"elementor-element elementor-element-f310454 elementor-widget elementor-widget-text-editor\" data-id=\"f310454\" data-element_type=\"widget\" data-e-type=\"widget\" data-widget_type=\"text-editor.default\">\n\t\t\t\t<div class=\"elementor-widget-container\">\n\t\t\t\t\t\t\t\t\t<div class=\"wpb_text_column wpb_content_element \">\n<div class=\"wpb_wrapper\">\nF\u00e9l napos toborz\u00e1si \u00e9s p\u00f3tl\u00e1si hat\u00e1rid\u0151, alacsony k\u00f6zterhek, szabads\u00e1g- \u00e9s t\u00e1pp\u00e9nzmentes munkav\u00e9gz\u00e9s, magasabb nett\u00f3 b\u00e9rek, megtarthat\u00f3 szoci\u00e1lis seg\u00e9ly, egyszer\u0171 adminisztr\u00e1ci\u00f3, \u00fczemorvos mentes gyors munk\u00e1ba \u00e1ll\u00e1s. A hagyom\u00e1nyos munkaviszonyhoz k\u00e9pest jelent\u0151s megtakar\u00edt\u00e1s. Ez az egyszer\u0171s\u00edtett foglalkoztat\u00e1s.\n<\/div>\n<\/div>\t\t\t\t\t\t\t\t<\/div>\n\t\t\t\t<\/div>\n\t\t\t\t<\/div>\n\t\t<div class=\"elementor-element elementor-element-b7e249b e-con-full e-flex e-con e-child\" data-id=\"b7e249b\" data-element_type=\"container\" data-e-type=\"container\">\n\t\t\t\t<\/div>\n\t\t\t\t\t<\/div>\n\t\t\t\t<\/div>\n\t\t<div class=\"elementor-element elementor-element-3642a66 e-flex e-con-boxed e-con e-parent\" data-id=\"3642a66\" data-element_type=\"container\" data-e-type=\"container\">\n\t\t\t\t\t<div class=\"e-con-inner\">\n\t\t\t\t<div data-dce-text-color=\"#000000\" class=\"elementor-element elementor-element-d6f6385 elementor-widget elementor-widget-text-editor\" data-id=\"d6f6385\" data-element_type=\"widget\" data-e-type=\"widget\" data-widget_type=\"text-editor.default\">\n\t\t\t\t<div class=\"elementor-widget-container\">\n\t\t\t\t\t\t\t\t\t<p>Egyszer\u0171s\u00edtett foglalkoztat\u00e1s keret\u00e9ben<strong>\u00a0alkalmi munkav\u00e1llal\u00f3kat<\/strong>\u00a0biztos\u00edtunk \u00d6n\u00f6knek\u00a0<strong>ak\u00e1r napr\u00f3l-napra, m\u0171szakr\u00f3l-m\u0171szakra v\u00e1ltoz\u00f3 l\u00e9tsz\u00e1mig\u00e9nyekre szervezve,<\/strong>\u00a0kapcsolattart\u00f3nk r\u00e9sz\u00e9r\u0151l\u00a0<strong>folyamatos jelenl\u00e9ttel \u00e9s el\u00e9rhet\u0151s\u00e9ggel<\/strong>, t\u00f6bb csatorn\u00e1s toborz\u00e1ssal, gondos kiv\u00e1laszt\u00e1ssal, tartal\u00e9kemberek (\u201e<strong>pool l\u00e9tsz\u00e1m<\/strong>\u201d) biztos\u00edt\u00e1s\u00e1val,\u00a0<strong>azonnali csere<\/strong>lehet\u0151s\u00e9g\u00e9vel.<\/p><p>\u00d6n\u00f6knek csak a l\u00e9tsz\u00e1mig\u00e9nyeket \u00e9s a munkav\u00e1llal\u00f3kkal szembeni elv\u00e1r\u00e1sokat kell meghat\u00e1rozniuk, az elsz\u00e1mol\u00e1s pedig a\u00a0<strong>t\u00e9nylegesen ledolgozott munka\u00f3r\u00e1k alapj\u00e1n t\u00f6rt\u00e9nik, \u00edgy nem mer\u00fcl fel szabads\u00e1g, betegszabads\u00e1g, fizetett \u00fcnnep, \u00e1ll\u00e1sid\u0151 \u00e9s felmond\u00e1si k\u00f6lts\u00e9g<\/strong>.<\/p><p>\u00c9ljen ezzel a\u00a0<strong>saj\u00e1t munkav\u00e1llal\u00f3k alkalmaz\u00e1s\u00e1hoz k\u00e9pest<\/strong>\u00a0<strong>kifejezetten kedvez\u0151 k\u00f6lts\u00e9g\u0171<\/strong>\u00a0foglalkoztat\u00e1si lehet\u0151s\u00e9ggel, mely r\u00e9v\u00e9n a\u00a0<strong>di\u00e1kmunk\u00e1ra jellemz\u0151 rugalmass\u00e1ggal<\/strong>, de ann\u00e1l\u00a0<strong>alacsonyabb fluktu\u00e1ci\u00f3 mellett<\/strong>\u00a0tehet szert\u00a0<strong>feln\u0151tt, tapasztalt munkaer\u0151re<\/strong>.<\/p>\t\t\t\t\t\t\t\t<\/div>\n\t\t\t\t<\/div>\n\t\t\t\t<div data-dce-background-color=\"#61CE7000\" class=\"elementor-element elementor-element-89e5795 elementor-align-left elementor-widget elementor-widget-button\" data-id=\"89e5795\" data-element_type=\"widget\" data-e-type=\"widget\" data-widget_type=\"button.default\">\n\t\t\t\t<div class=\"elementor-widget-container\">\n\t\t\t\t\t\t\t\t\t<div class=\"elementor-button-wrapper\">\n\t\t\t\t\t<a class=\"elementor-button elementor-button-link elementor-size-sm\" href=\"https:\/\/delego.hu\/hu\/ajanlatkeres\/\">\n\t\t\t\t\t\t<span class=\"elementor-button-content-wrapper\">\n\t\t\t\t\t\t\t\t\t<span class=\"elementor-button-text\">K\u00e9rjen Aj\u00e1nlatot!<\/span>\n\t\t\t\t\t<\/span>\n\t\t\t\t\t<\/a>\n\t\t\t\t<\/div>\n\t\t\t\t\t\t\t\t<\/div>\n\t\t\t\t<\/div>\n\t\t\t\t\t<\/div>\n\t\t\t\t<\/div>\n\t\t\t\t<\/div>\n\t\t","protected":false},"excerpt":{"rendered":"<p>Az\u00a0\u00faj\u00a0Munka T\u00f6rv\u00e9nyk\u00f6nyve\u00a0lehet\u0151v\u00e9 teszi\u00a0t\u00f6bb atipikus foglalkoztat\u00e1si forma egyidej\u0171leg t\u00f6rt\u00e9n\u0151 alkalmaz\u00e1s\u00e1t, \u00edgy munkaer\u0151-k\u00f6lcs\u00f6nz\u00e9s eset\u00e9n a k\u00f6lcs\u00f6nbead\u00f3 c\u00e9g az \u201eegyszer\u0171s\u00edtett foglalkoztat\u00e1s\u201d\u00a0szab\u00e1lyai szerint is biztos\u00edthat munkav\u00e1llal\u00f3kat Partnerei sz\u00e1m\u00e1ra. Ez\u00e1ltal olyan lehet\u0151s\u00e9get k\u00edn\u00e1lunk \u00d6n\u00f6knek, amely\u00a0\u00f6tv\u00f6zi az alkalmi munkav\u00e1llal\u00e1s \u00e9s a munkaer\u0151-k\u00f6lcs\u00f6nz\u00e9s el\u0151nyeit, \u00edgy\u00a0kiemelten rugalmas\u00a0\u00e9s k\u00f6lts\u00e9ghat\u00e9kony\u00a0megold\u00e1st ny\u00fajt a gy\u00e1rt\u00e1s\/termel\u00e9sben, logisztik\u00e1ban felmer\u00fcl\u0151,\u00a0naponta v\u00e1ltoz\u00f3 munkaer\u0151-ig\u00e9nyek\u00a0lefed\u00e9s\u00e9re. Egyszer\u0171s\u00edtett foglalkoztat\u00e1s, alkalmi munkav\u00e1llal\u00e1s F\u00e9l napos toborz\u00e1si \u00e9s [&hellip;]<\/p>\n","protected":false},"author":1,"featured_media":0,"parent":0,"menu_order":0,"comment_status":"closed","ping_status":"closed","template":"","meta":{"_acf_changed":false,"footnotes":""},"class_list":["post-305","page","type-page","status-publish","hentry"],"acf":[],"yoast_head":"<!-- This site is optimized with the Yoast SEO plugin v25.3 - https:\/\/yoast.com\/wordpress\/plugins\/seo\/ -->\n<title>Egyszer\u0171s\u00edtett foglalkoztat\u00e1s - Delego<\/title>\n<meta name=\"robots\" content=\"index, follow, max-snippet:-1, max-image-preview:large, max-video-preview:-1\" \/>\n<link rel=\"canonical\" href=\"https:\/\/delego.hu\/hu\/egyszerusitett-foglalkoztatas\/\" \/>\n<meta property=\"og:locale\" content=\"hu_HU\" \/>\n<meta property=\"og:type\" content=\"article\" \/>\n<meta property=\"og:title\" content=\"Egyszer\u0171s\u00edtett foglalkoztat\u00e1s - Delego\" \/>\n<meta property=\"og:description\" content=\"Az\u00a0\u00faj\u00a0Munka T\u00f6rv\u00e9nyk\u00f6nyve\u00a0lehet\u0151v\u00e9 teszi\u00a0t\u00f6bb atipikus foglalkoztat\u00e1si forma egyidej\u0171leg t\u00f6rt\u00e9n\u0151 alkalmaz\u00e1s\u00e1t, \u00edgy munkaer\u0151-k\u00f6lcs\u00f6nz\u00e9s eset\u00e9n a k\u00f6lcs\u00f6nbead\u00f3 c\u00e9g az \u201eegyszer\u0171s\u00edtett foglalkoztat\u00e1s\u201d\u00a0szab\u00e1lyai szerint is biztos\u00edthat munkav\u00e1llal\u00f3kat Partnerei sz\u00e1m\u00e1ra. Ez\u00e1ltal olyan lehet\u0151s\u00e9get k\u00edn\u00e1lunk \u00d6n\u00f6knek, amely\u00a0\u00f6tv\u00f6zi az alkalmi munkav\u00e1llal\u00e1s \u00e9s a munkaer\u0151-k\u00f6lcs\u00f6nz\u00e9s el\u0151nyeit, \u00edgy\u00a0kiemelten rugalmas\u00a0\u00e9s k\u00f6lts\u00e9ghat\u00e9kony\u00a0megold\u00e1st ny\u00fajt a gy\u00e1rt\u00e1s\/termel\u00e9sben, logisztik\u00e1ban felmer\u00fcl\u0151,\u00a0naponta v\u00e1ltoz\u00f3 munkaer\u0151-ig\u00e9nyek\u00a0lefed\u00e9s\u00e9re. Egyszer\u0171s\u00edtett foglalkoztat\u00e1s, alkalmi munkav\u00e1llal\u00e1s F\u00e9l napos toborz\u00e1si \u00e9s [&hellip;]\" \/>\n<meta property=\"og:url\" content=\"https:\/\/delego.hu\/hu\/egyszerusitett-foglalkoztatas\/\" \/>\n<meta property=\"og:site_name\" content=\"Delego\" \/>\n<meta property=\"article:modified_time\" content=\"2025-07-09T09:34:06+00:00\" \/>\n<meta name=\"twitter:card\" content=\"summary_large_image\" \/>\n<meta name=\"twitter:label1\" content=\"Becs\u00fclt olvas\u00e1si id\u0151\" \/>\n\t<meta name=\"twitter:data1\" content=\"2 perc\" \/>\n<script type=\"application\/ld+json\" class=\"yoast-schema-graph\">{\"@context\":\"https:\/\/schema.org\",\"@graph\":[{\"@type\":\"WebPage\",\"@id\":\"https:\/\/delego.hu\/en\/egyszerusitett-foglalkoztatas\/\",\"url\":\"https:\/\/delego.hu\/en\/egyszerusitett-foglalkoztatas\/\",\"name\":\"Egyszer\u0171s\u00edtett foglalkoztat\u00e1s - Delego\",\"isPartOf\":{\"@id\":\"https:\/\/delego.hu\/ru\/#website\"},\"datePublished\":\"2024-07-16T09:09:33+00:00\",\"dateModified\":\"2025-07-09T09:34:06+00:00\",\"breadcrumb\":{\"@id\":\"https:\/\/delego.hu\/en\/egyszerusitett-foglalkoztatas\/#breadcrumb\"},\"inLanguage\":\"hu\",\"potentialAction\":[{\"@type\":\"ReadAction\",\"target\":[\"https:\/\/delego.hu\/en\/egyszerusitett-foglalkoztatas\/\"]}]},{\"@type\":\"BreadcrumbList\",\"@id\":\"https:\/\/delego.hu\/en\/egyszerusitett-foglalkoztatas\/#breadcrumb\",\"itemListElement\":[{\"@type\":\"ListItem\",\"position\":1,\"name\":\"Kezd\u0151lap\",\"item\":\"https:\/\/delego.hu\/hu\/\"},{\"@type\":\"ListItem\",\"position\":2,\"name\":\"Egyszer\u0171s\u00edtett foglalkoztat\u00e1s\"}]},{\"@type\":\"WebSite\",\"@id\":\"https:\/\/delego.hu\/ru\/#website\",\"url\":\"https:\/\/delego.hu\/ru\/\",\"name\":\"Delego\",\"description\":\"\",\"publisher\":{\"@id\":\"https:\/\/delego.hu\/ru\/#organization\"},\"potentialAction\":[{\"@type\":\"SearchAction\",\"target\":{\"@type\":\"EntryPoint\",\"urlTemplate\":\"https:\/\/delego.hu\/ru\/?s={search_term_string}\"},\"query-input\":{\"@type\":\"PropertyValueSpecification\",\"valueRequired\":true,\"valueName\":\"search_term_string\"}}],\"inLanguage\":\"hu\"},{\"@type\":\"Organization\",\"@id\":\"https:\/\/delego.hu\/ru\/#organization\",\"name\":\"Delego\",\"url\":\"https:\/\/delego.hu\/ru\/\",\"logo\":{\"@type\":\"ImageObject\",\"inLanguage\":\"hu\",\"@id\":\"https:\/\/delego.hu\/ru\/#\/schema\/logo\/image\/\",\"url\":\"https:\/\/delego.hu\/wp-content\/uploads\/2024\/07\/logodelego.png\",\"contentUrl\":\"https:\/\/delego.hu\/wp-content\/uploads\/2024\/07\/logodelego.png\",\"width\":117,\"height\":50,\"caption\":\"Delego\"},\"image\":{\"@id\":\"https:\/\/delego.hu\/ru\/#\/schema\/logo\/image\/\"}}]}<\/script>\n<!-- \/ Yoast SEO plugin. -->","yoast_head_json":{"title":"Egyszer\u0171s\u00edtett foglalkoztat\u00e1s - Delego","robots":{"index":"index","follow":"follow","max-snippet":"max-snippet:-1","max-image-preview":"max-image-preview:large","max-video-preview":"max-video-preview:-1"},"canonical":"https:\/\/delego.hu\/hu\/egyszerusitett-foglalkoztatas\/","og_locale":"hu_HU","og_type":"article","og_title":"Egyszer\u0171s\u00edtett foglalkoztat\u00e1s - Delego","og_description":"Az\u00a0\u00faj\u00a0Munka T\u00f6rv\u00e9nyk\u00f6nyve\u00a0lehet\u0151v\u00e9 teszi\u00a0t\u00f6bb atipikus foglalkoztat\u00e1si forma egyidej\u0171leg t\u00f6rt\u00e9n\u0151 alkalmaz\u00e1s\u00e1t, \u00edgy munkaer\u0151-k\u00f6lcs\u00f6nz\u00e9s eset\u00e9n a k\u00f6lcs\u00f6nbead\u00f3 c\u00e9g az \u201eegyszer\u0171s\u00edtett foglalkoztat\u00e1s\u201d\u00a0szab\u00e1lyai szerint is biztos\u00edthat munkav\u00e1llal\u00f3kat Partnerei sz\u00e1m\u00e1ra. Ez\u00e1ltal olyan lehet\u0151s\u00e9get k\u00edn\u00e1lunk \u00d6n\u00f6knek, amely\u00a0\u00f6tv\u00f6zi az alkalmi munkav\u00e1llal\u00e1s \u00e9s a munkaer\u0151-k\u00f6lcs\u00f6nz\u00e9s el\u0151nyeit, \u00edgy\u00a0kiemelten rugalmas\u00a0\u00e9s k\u00f6lts\u00e9ghat\u00e9kony\u00a0megold\u00e1st ny\u00fajt a gy\u00e1rt\u00e1s\/termel\u00e9sben, logisztik\u00e1ban felmer\u00fcl\u0151,\u00a0naponta v\u00e1ltoz\u00f3 munkaer\u0151-ig\u00e9nyek\u00a0lefed\u00e9s\u00e9re. Egyszer\u0171s\u00edtett foglalkoztat\u00e1s, alkalmi munkav\u00e1llal\u00e1s F\u00e9l napos toborz\u00e1si \u00e9s [&hellip;]","og_url":"https:\/\/delego.hu\/hu\/egyszerusitett-foglalkoztatas\/","og_site_name":"Delego","article_modified_time":"2025-07-09T09:34:06+00:00","twitter_card":"summary_large_image","twitter_misc":{"Becs\u00fclt olvas\u00e1si id\u0151":"2 perc"},"schema":{"@context":"https:\/\/schema.org","@graph":[{"@type":"WebPage","@id":"https:\/\/delego.hu\/en\/egyszerusitett-foglalkoztatas\/","url":"https:\/\/delego.hu\/en\/egyszerusitett-foglalkoztatas\/","name":"Egyszer\u0171s\u00edtett foglalkoztat\u00e1s - Delego","isPartOf":{"@id":"https:\/\/delego.hu\/ru\/#website"},"datePublished":"2024-07-16T09:09:33+00:00","dateModified":"2025-07-09T09:34:06+00:00","breadcrumb":{"@id":"https:\/\/delego.hu\/en\/egyszerusitett-foglalkoztatas\/#breadcrumb"},"inLanguage":"hu","potentialAction":[{"@type":"ReadAction","target":["https:\/\/delego.hu\/en\/egyszerusitett-foglalkoztatas\/"]}]},{"@type":"BreadcrumbList","@id":"https:\/\/delego.hu\/en\/egyszerusitett-foglalkoztatas\/#breadcrumb","itemListElement":[{"@type":"ListItem","position":1,"name":"Kezd\u0151lap","item":"https:\/\/delego.hu\/hu\/"},{"@type":"ListItem","position":2,"name":"Egyszer\u0171s\u00edtett foglalkoztat\u00e1s"}]},{"@type":"WebSite","@id":"https:\/\/delego.hu\/ru\/#website","url":"https:\/\/delego.hu\/ru\/","name":"Delego","description":"","publisher":{"@id":"https:\/\/delego.hu\/ru\/#organization"},"potentialAction":[{"@type":"SearchAction","target":{"@type":"EntryPoint","urlTemplate":"https:\/\/delego.hu\/ru\/?s={search_term_string}"},"query-input":{"@type":"PropertyValueSpecification","valueRequired":true,"valueName":"search_term_string"}}],"inLanguage":"hu"},{"@type":"Organization","@id":"https:\/\/delego.hu\/ru\/#organization","name":"Delego","url":"https:\/\/delego.hu\/ru\/","logo":{"@type":"ImageObject","inLanguage":"hu","@id":"https:\/\/delego.hu\/ru\/#\/schema\/logo\/image\/","url":"https:\/\/delego.hu\/wp-content\/uploads\/2024\/07\/logodelego.png","contentUrl":"https:\/\/delego.hu\/wp-content\/uploads\/2024\/07\/logodelego.png","width":117,"height":50,"caption":"Delego"},"image":{"@id":"https:\/\/delego.hu\/ru\/#\/schema\/logo\/image\/"}}]}},"_links":{"self":[{"href":"https:\/\/delego.hu\/hu\/wp-json\/wp\/v2\/pages\/305","targetHints":{"allow":["GET"]}}],"collection":[{"href":"https:\/\/delego.hu\/hu\/wp-json\/wp\/v2\/pages"}],"about":[{"href":"https:\/\/delego.hu\/hu\/wp-json\/wp\/v2\/types\/page"}],"author":[{"embeddable":true,"href":"https:\/\/delego.hu\/hu\/wp-json\/wp\/v2\/users\/1"}],"replies":[{"embeddable":true,"href":"https:\/\/delego.hu\/hu\/wp-json\/wp\/v2\/comments?post=305"}],"version-history":[{"count":16,"href":"https:\/\/delego.hu\/hu\/wp-json\/wp\/v2\/pages\/305\/revisions"}],"predecessor-version":[{"id":1759,"href":"https:\/\/delego.hu\/hu\/wp-json\/wp\/v2\/pages\/305\/revisions\/1759"}],"wp:attachment":[{"href":"https:\/\/delego.hu\/hu\/wp-json\/wp\/v2\/media?parent=305"}],"curies":[{"name":"wp","href":"https:\/\/api.w.org\/{rel}","templated":true}]}}