{"id":299,"date":"2024-07-16T08:53:58","date_gmt":"2024-07-16T08:53:58","guid":{"rendered":"https:\/\/delego.hu\/?page_id=299"},"modified":"2025-07-09T09:32:49","modified_gmt":"2025-07-09T09:32:49","slug":"munkaero-kozvetites","status":"publish","type":"page","link":"https:\/\/delego.hu\/hu\/munkaero-kozvetites\/","title":{"rendered":"Munkaer\u0151-k\u00f6zvet\u00edt\u00e9s"},"content":{"rendered":"\t\t<div data-elementor-type=\"wp-page\" data-elementor-id=\"299\" class=\"elementor elementor-299\" data-elementor-post-type=\"page\">\n\t\t\t\t<div class=\"elementor-element elementor-element-5c6cd9b e-flex e-con-boxed e-con e-parent\" data-id=\"5c6cd9b\" data-element_type=\"container\" data-e-type=\"container\">\n\t\t\t\t\t<div class=\"e-con-inner\">\n\t\t\t\t<div data-dce-text-color=\"#000000\" class=\"elementor-element elementor-element-8894e6e elementor-widget elementor-widget-text-editor\" data-id=\"8894e6e\" data-element_type=\"widget\" data-e-type=\"widget\" data-widget_type=\"text-editor.default\">\n\t\t\t\t<div class=\"elementor-widget-container\">\n\t\t\t\t\t\t\t\t\t<p>Toborz\u00e1si- kiv\u00e1laszt\u00e1si folyamatunk koll\u00e9g\u00e1ink\u00a0<strong>sok\u00e9ves tapasztalat<\/strong>\u00e1n \u00e9s a\u00a0<strong>rendelkez\u00e9sre \u00e1ll\u00f3<\/strong>\u00a0<strong>eszk\u00f6z\u00f6k, m\u00f3dszerek megfelel\u0151 felhaszn\u00e1l\u00e1s\u00e1n<\/strong>\u00a0alapulnak. A poz\u00edci\u00f3 t\u00edpus\u00e1nak, szintj\u00e9nek, valamint az elv\u00e1rt tapasztalat \u00e9s szaktud\u00e1s ismeret\u00e9ben hat\u00e1rozzuk meg azokat a toborz\u00e1si eszk\u00f6z\u00f6ket, amelyekkel biztos\u00edtani tudjuk, hogy \u00dcgyfeleink a legjobb munkat\u00e1rsat a legkevesebb id\u0151 \u00e9s energia r\u00e1ford\u00edt\u00e1ssal tal\u00e1lj\u00e1k meg. A kiv\u00e1laszt\u00e1s szinte teljes folyamat\u00e1t magunkra v\u00e1llaljuk, \u00dcgyfeleinknek m\u00e1r csak azon jel\u00f6ltekre kell id\u0151t ford\u00edtani, akik val\u00f3ban potenci\u00e1lisan megfelel\u0151ek a meghirdetett munkak\u00f6rre.<\/p>\t\t\t\t\t\t\t\t<\/div>\n\t\t\t\t<\/div>\n\t\t\t\t\t<\/div>\n\t\t\t\t<\/div>\n\t\t<div data-dce-background-image-url=\"http:\/\/delego.hu\/wp-content\/uploads\/2024\/07\/piroshatter-2.png\" class=\"elementor-element elementor-element-90c00ae e-flex e-con-boxed e-con e-parent\" data-id=\"90c00ae\" data-element_type=\"container\" data-e-type=\"container\" data-settings=\"{&quot;background_background&quot;:&quot;classic&quot;}\">\n\t\t\t\t\t<div class=\"e-con-inner\">\n\t\t<div class=\"elementor-element elementor-element-ca9aab8 e-con-full e-flex e-con e-child\" data-id=\"ca9aab8\" data-element_type=\"container\" data-e-type=\"container\">\n\t\t\t\t<div data-dce-title-color=\"#FFFFFF\" class=\"elementor-element elementor-element-0416c02 elementor-widget elementor-widget-heading\" data-id=\"0416c02\" data-element_type=\"widget\" data-e-type=\"widget\" data-widget_type=\"heading.default\">\n\t\t\t\t<div class=\"elementor-widget-container\">\n\t\t\t\t\t<h2 class=\"elementor-heading-title elementor-size-default\">Munkaer\u0151-k\u00f6zvet\u00edt\u00e9s, direkt keres\u00e9s, vezet\u0151kiv\u00e1laszt\u00e1s<\/h2>\t\t\t\t<\/div>\n\t\t\t\t<\/div>\n\t\t\t\t<div data-dce-text-color=\"#FFFFFF\" class=\"elementor-element elementor-element-f310454 elementor-widget elementor-widget-text-editor\" data-id=\"f310454\" data-element_type=\"widget\" data-e-type=\"widget\" data-widget_type=\"text-editor.default\">\n\t\t\t\t<div class=\"elementor-widget-container\">\n\t\t\t\t\t\t\t\t\t<div class=\"wpb_text_column wpb_content_element \"><div class=\"wpb_wrapper\"><h5>Delego Consulting Kft.<\/h5><\/div><\/div><div class=\"wpb_text_column wpb_content_element \"><div class=\"wpb_wrapper\"><p>R\u00e9g\u00f3ta keresi, de nem tal\u00e1lja a megfelel\u0151 munkat\u00e1rsat?<br \/>Nincs el\u00e9g kapacit\u00e1sa a toborz\u00e1sra?<br \/>Speci\u00e1lis szaktud\u00e1s\u00fa munkaer\u0151re van sz\u00fcks\u00e9ge?<br \/>Vezet\u0151i poz\u00edci\u00f3ba keres szakembert?<br \/>V\u00e1lassza a Delego Consulting Kft. munkaer\u0151-k\u00f6zvet\u00edt\u00e9si \u00e9s direkt keres\u00e9si szolg\u00e1ltat\u00e1sait.<\/p><\/div><\/div>\t\t\t\t\t\t\t\t<\/div>\n\t\t\t\t<\/div>\n\t\t\t\t<\/div>\n\t\t<div class=\"elementor-element elementor-element-b7e249b e-con-full e-flex e-con e-child\" data-id=\"b7e249b\" data-element_type=\"container\" data-e-type=\"container\">\n\t\t\t\t<\/div>\n\t\t\t\t\t<\/div>\n\t\t\t\t<\/div>\n\t\t<div class=\"elementor-element elementor-element-3642a66 e-flex e-con-boxed e-con e-parent\" data-id=\"3642a66\" data-element_type=\"container\" data-e-type=\"container\">\n\t\t\t\t\t<div class=\"e-con-inner\">\n\t\t\t\t<div data-dce-text-color=\"#000000\" class=\"elementor-element elementor-element-d6f6385 elementor-widget elementor-widget-text-editor\" data-id=\"d6f6385\" data-element_type=\"widget\" data-e-type=\"widget\" data-widget_type=\"text-editor.default\">\n\t\t\t\t<div class=\"elementor-widget-container\">\n\t\t\t\t\t\t\t\t\t<p class=\"fontsninja-font\" data-ninja-font=\"helvetica_light_normal\"><strong class=\"fontsninja-font\" data-ninja-font=\"helvetica_bold_normal\">Kiv\u00e1laszt\u00e1si folyamatunkat rugalmasan alak\u00edtjuk<\/strong>\u00a0\u00dcgyfeleink ig\u00e9nyeinek megfelel\u0151en. Ez teszi lehet\u0151v\u00e9, hogy\u00a0<strong class=\"fontsninja-font\" data-ninja-font=\"helvetica_bold_normal\">c\u00e9gre \u00e9s munkak\u00f6rre szabott szolg\u00e1ltat\u00e1s<\/strong>t ny\u00fajtsunk. Minden munkak\u00f6rre egyenk\u00e9nt vizsg\u00e1ljuk meg, hogy milyen szem\u00e9lyes \u00e9s szakmai kompetenci\u00e1val kell rendelkeznie az ide\u00e1lis p\u00e1ly\u00e1z\u00f3nak, majd ezen kompetenci\u00e1khoz rendelj\u00fck hozz\u00e1 azokat a kiv\u00e1laszt\u00e1si eszk\u00f6z\u00f6ket, melyekkel a leghat\u00e9konyabban \u00e9s legmegb\u00edzhat\u00f3bban vizsg\u00e1lhat\u00f3ak.<\/p><p class=\"fontsninja-font\" data-ninja-font=\"helvetica_light_normal\">Bizonyos ter\u00fcletek, \u00e1gazatok, szakm\u00e1k a hazai munkaad\u00f3k k\u00f6r\u00e9ben komolyan fel\u00e9rt\u00e9kel\u0151dtek. Ezen\u00a0<strong class=\"fontsninja-font\" data-ninja-font=\"helvetica_bold_normal\">speci\u00e1lis tud\u00e1s\u00fa szakemberek, vezet\u0151k szabadon nem el\u00e9rhet\u0151ek a munkaer\u0151-piacon<\/strong>, nem keresnek akt\u00edvan \u00e1ll\u00e1st.\u00a0<strong class=\"fontsninja-font\" data-ninja-font=\"helvetica_bold_normal\">Meg kell \u0151ket sz\u00f3l\u00edtani<\/strong>\u00e9s motiv\u00e1lni a v\u00e1lt\u00e1sra.<\/p><p class=\"fontsninja-font\" data-ninja-font=\"helvetica_light_normal\">Ebben az esetben els\u0151sorban nem hirdet\u00e9sek \u00e9s internetes adatb\u00e1zisok k\u00e9pezik munk\u00e1nk alapj\u00e1t. Sok\u00e9ves tapasztalatunk,\u00a0<strong class=\"fontsninja-font\" data-ninja-font=\"helvetica_bold_normal\">kapcsolatrendszer\u00fcnk<\/strong>\u00a0\u00e9s\u00a0<strong class=\"fontsninja-font\" data-ninja-font=\"helvetica_bold_normal\">alternat\u00edv forr\u00e1sok<\/strong>\u00a0seg\u00edtenek abban, hogy megtal\u00e1ljuk azt a szakembert, vagy vezet\u0151t, aki adott pillanatban nem el\u00e9rhet\u0151 a munkaer\u0151piacon.<\/p><p class=\"fontsninja-font\" data-ninja-font=\"helvetica_light_normal\">Partnerk\u00f6r\u00fcnk els\u0151sorban a\u00a0<strong class=\"fontsninja-font\" data-ninja-font=\"helvetica_bold_normal\">t\u00f6bb nyelven besz\u00e9l\u0151<\/strong>\u00a0<strong class=\"fontsninja-font\" data-ninja-font=\"helvetica_bold_normal\">SSC munkat\u00e1rsakat<\/strong>, a g\u00e9p\u00e9sz- elektronikai-logisztikai\u00a0<strong class=\"fontsninja-font\" data-ninja-font=\"helvetica_bold_normal\">m\u00e9rn\u00f6k\u00f6ket<\/strong>, a gazdas\u00e1gi,\u00a0<strong class=\"fontsninja-font\" data-ninja-font=\"helvetica_bold_normal\">p\u00e9nz\u00fcgyi<\/strong>\u00a0valamint\u00a0<strong class=\"fontsninja-font\" data-ninja-font=\"helvetica_bold_normal\">IT ter\u00fcletek<\/strong>\u00a0szakembereit tal\u00e1lta meg seg\u00edts\u00e9g\u00fcnkkel.<\/p>\t\t\t\t\t\t\t\t<\/div>\n\t\t\t\t<\/div>\n\t\t\t\t<div data-dce-background-color=\"#61CE7000\" class=\"elementor-element elementor-element-89e5795 elementor-align-left elementor-widget elementor-widget-button\" data-id=\"89e5795\" data-element_type=\"widget\" data-e-type=\"widget\" data-widget_type=\"button.default\">\n\t\t\t\t<div class=\"elementor-widget-container\">\n\t\t\t\t\t\t\t\t\t<div class=\"elementor-button-wrapper\">\n\t\t\t\t\t<a class=\"elementor-button elementor-button-link elementor-size-sm\" href=\"https:\/\/delego.hu\/hu\/ajanlatkeres\/\">\n\t\t\t\t\t\t<span class=\"elementor-button-content-wrapper\">\n\t\t\t\t\t\t\t\t\t<span class=\"elementor-button-text\">K\u00e9rjen Aj\u00e1nlatot!<\/span>\n\t\t\t\t\t<\/span>\n\t\t\t\t\t<\/a>\n\t\t\t\t<\/div>\n\t\t\t\t\t\t\t\t<\/div>\n\t\t\t\t<\/div>\n\t\t\t\t\t<\/div>\n\t\t\t\t<\/div>\n\t\t\t\t<\/div>\n\t\t","protected":false},"excerpt":{"rendered":"<p>Toborz\u00e1si- kiv\u00e1laszt\u00e1si folyamatunk koll\u00e9g\u00e1ink\u00a0sok\u00e9ves tapasztalat\u00e1n \u00e9s a\u00a0rendelkez\u00e9sre \u00e1ll\u00f3\u00a0eszk\u00f6z\u00f6k, m\u00f3dszerek megfelel\u0151 felhaszn\u00e1l\u00e1s\u00e1n\u00a0alapulnak. A poz\u00edci\u00f3 t\u00edpus\u00e1nak, szintj\u00e9nek, valamint az elv\u00e1rt tapasztalat \u00e9s szaktud\u00e1s ismeret\u00e9ben hat\u00e1rozzuk meg azokat a toborz\u00e1si eszk\u00f6z\u00f6ket, amelyekkel biztos\u00edtani tudjuk, hogy \u00dcgyfeleink a legjobb munkat\u00e1rsat a legkevesebb id\u0151 \u00e9s energia r\u00e1ford\u00edt\u00e1ssal tal\u00e1lj\u00e1k meg. A kiv\u00e1laszt\u00e1s szinte teljes folyamat\u00e1t magunkra v\u00e1llaljuk, \u00dcgyfeleinknek m\u00e1r csak azon [&hellip;]<\/p>\n","protected":false},"author":1,"featured_media":0,"parent":0,"menu_order":0,"comment_status":"closed","ping_status":"closed","template":"","meta":{"_acf_changed":false,"footnotes":""},"class_list":["post-299","page","type-page","status-publish","hentry"],"acf":[],"yoast_head":"<!-- This site is optimized with the Yoast SEO plugin v25.3 - https:\/\/yoast.com\/wordpress\/plugins\/seo\/ -->\n<title>Munkaer\u0151-k\u00f6zvet\u00edt\u00e9s - Delego<\/title>\n<meta name=\"robots\" content=\"index, follow, max-snippet:-1, max-image-preview:large, max-video-preview:-1\" \/>\n<link rel=\"canonical\" href=\"https:\/\/delego.hu\/hu\/munkaero-kozvetites\/\" \/>\n<meta property=\"og:locale\" content=\"hu_HU\" \/>\n<meta property=\"og:type\" content=\"article\" \/>\n<meta property=\"og:title\" content=\"Munkaer\u0151-k\u00f6zvet\u00edt\u00e9s - Delego\" \/>\n<meta property=\"og:description\" content=\"Toborz\u00e1si- kiv\u00e1laszt\u00e1si folyamatunk koll\u00e9g\u00e1ink\u00a0sok\u00e9ves tapasztalat\u00e1n \u00e9s a\u00a0rendelkez\u00e9sre \u00e1ll\u00f3\u00a0eszk\u00f6z\u00f6k, m\u00f3dszerek megfelel\u0151 felhaszn\u00e1l\u00e1s\u00e1n\u00a0alapulnak. A poz\u00edci\u00f3 t\u00edpus\u00e1nak, szintj\u00e9nek, valamint az elv\u00e1rt tapasztalat \u00e9s szaktud\u00e1s ismeret\u00e9ben hat\u00e1rozzuk meg azokat a toborz\u00e1si eszk\u00f6z\u00f6ket, amelyekkel biztos\u00edtani tudjuk, hogy \u00dcgyfeleink a legjobb munkat\u00e1rsat a legkevesebb id\u0151 \u00e9s energia r\u00e1ford\u00edt\u00e1ssal tal\u00e1lj\u00e1k meg. A kiv\u00e1laszt\u00e1s szinte teljes folyamat\u00e1t magunkra v\u00e1llaljuk, \u00dcgyfeleinknek m\u00e1r csak azon [&hellip;]\" \/>\n<meta property=\"og:url\" content=\"https:\/\/delego.hu\/hu\/munkaero-kozvetites\/\" \/>\n<meta property=\"og:site_name\" content=\"Delego\" \/>\n<meta property=\"article:modified_time\" content=\"2025-07-09T09:32:49+00:00\" \/>\n<meta name=\"twitter:card\" content=\"summary_large_image\" \/>\n<meta name=\"twitter:label1\" content=\"Becs\u00fclt olvas\u00e1si id\u0151\" \/>\n\t<meta name=\"twitter:data1\" content=\"2 perc\" \/>\n<script type=\"application\/ld+json\" class=\"yoast-schema-graph\">{\"@context\":\"https:\/\/schema.org\",\"@graph\":[{\"@type\":\"WebPage\",\"@id\":\"https:\/\/delego.hu\/hu\/munkaero-kozvetites\/\",\"url\":\"https:\/\/delego.hu\/hu\/munkaero-kozvetites\/\",\"name\":\"Munkaer\u0151-k\u00f6zvet\u00edt\u00e9s - Delego\",\"isPartOf\":{\"@id\":\"https:\/\/delego.hu\/ru\/#website\"},\"datePublished\":\"2024-07-16T08:53:58+00:00\",\"dateModified\":\"2025-07-09T09:32:49+00:00\",\"breadcrumb\":{\"@id\":\"https:\/\/delego.hu\/hu\/munkaero-kozvetites\/#breadcrumb\"},\"inLanguage\":\"hu\",\"potentialAction\":[{\"@type\":\"ReadAction\",\"target\":[\"https:\/\/delego.hu\/hu\/munkaero-kozvetites\/\"]}]},{\"@type\":\"BreadcrumbList\",\"@id\":\"https:\/\/delego.hu\/hu\/munkaero-kozvetites\/#breadcrumb\",\"itemListElement\":[{\"@type\":\"ListItem\",\"position\":1,\"name\":\"Kezd\u0151lap\",\"item\":\"https:\/\/delego.hu\/hu\/\"},{\"@type\":\"ListItem\",\"position\":2,\"name\":\"Munkaer\u0151-k\u00f6zvet\u00edt\u00e9s\"}]},{\"@type\":\"WebSite\",\"@id\":\"https:\/\/delego.hu\/ru\/#website\",\"url\":\"https:\/\/delego.hu\/ru\/\",\"name\":\"Delego\",\"description\":\"\",\"publisher\":{\"@id\":\"https:\/\/delego.hu\/ru\/#organization\"},\"potentialAction\":[{\"@type\":\"SearchAction\",\"target\":{\"@type\":\"EntryPoint\",\"urlTemplate\":\"https:\/\/delego.hu\/ru\/?s={search_term_string}\"},\"query-input\":{\"@type\":\"PropertyValueSpecification\",\"valueRequired\":true,\"valueName\":\"search_term_string\"}}],\"inLanguage\":\"hu\"},{\"@type\":\"Organization\",\"@id\":\"https:\/\/delego.hu\/ru\/#organization\",\"name\":\"Delego\",\"url\":\"https:\/\/delego.hu\/ru\/\",\"logo\":{\"@type\":\"ImageObject\",\"inLanguage\":\"hu\",\"@id\":\"https:\/\/delego.hu\/ru\/#\/schema\/logo\/image\/\",\"url\":\"https:\/\/delego.hu\/wp-content\/uploads\/2024\/07\/logodelego.png\",\"contentUrl\":\"https:\/\/delego.hu\/wp-content\/uploads\/2024\/07\/logodelego.png\",\"width\":117,\"height\":50,\"caption\":\"Delego\"},\"image\":{\"@id\":\"https:\/\/delego.hu\/ru\/#\/schema\/logo\/image\/\"}}]}<\/script>\n<!-- \/ Yoast SEO plugin. -->","yoast_head_json":{"title":"Munkaer\u0151-k\u00f6zvet\u00edt\u00e9s - Delego","robots":{"index":"index","follow":"follow","max-snippet":"max-snippet:-1","max-image-preview":"max-image-preview:large","max-video-preview":"max-video-preview:-1"},"canonical":"https:\/\/delego.hu\/hu\/munkaero-kozvetites\/","og_locale":"hu_HU","og_type":"article","og_title":"Munkaer\u0151-k\u00f6zvet\u00edt\u00e9s - Delego","og_description":"Toborz\u00e1si- kiv\u00e1laszt\u00e1si folyamatunk koll\u00e9g\u00e1ink\u00a0sok\u00e9ves tapasztalat\u00e1n \u00e9s a\u00a0rendelkez\u00e9sre \u00e1ll\u00f3\u00a0eszk\u00f6z\u00f6k, m\u00f3dszerek megfelel\u0151 felhaszn\u00e1l\u00e1s\u00e1n\u00a0alapulnak. A poz\u00edci\u00f3 t\u00edpus\u00e1nak, szintj\u00e9nek, valamint az elv\u00e1rt tapasztalat \u00e9s szaktud\u00e1s ismeret\u00e9ben hat\u00e1rozzuk meg azokat a toborz\u00e1si eszk\u00f6z\u00f6ket, amelyekkel biztos\u00edtani tudjuk, hogy \u00dcgyfeleink a legjobb munkat\u00e1rsat a legkevesebb id\u0151 \u00e9s energia r\u00e1ford\u00edt\u00e1ssal tal\u00e1lj\u00e1k meg. A kiv\u00e1laszt\u00e1s szinte teljes folyamat\u00e1t magunkra v\u00e1llaljuk, \u00dcgyfeleinknek m\u00e1r csak azon [&hellip;]","og_url":"https:\/\/delego.hu\/hu\/munkaero-kozvetites\/","og_site_name":"Delego","article_modified_time":"2025-07-09T09:32:49+00:00","twitter_card":"summary_large_image","twitter_misc":{"Becs\u00fclt olvas\u00e1si id\u0151":"2 perc"},"schema":{"@context":"https:\/\/schema.org","@graph":[{"@type":"WebPage","@id":"https:\/\/delego.hu\/hu\/munkaero-kozvetites\/","url":"https:\/\/delego.hu\/hu\/munkaero-kozvetites\/","name":"Munkaer\u0151-k\u00f6zvet\u00edt\u00e9s - Delego","isPartOf":{"@id":"https:\/\/delego.hu\/ru\/#website"},"datePublished":"2024-07-16T08:53:58+00:00","dateModified":"2025-07-09T09:32:49+00:00","breadcrumb":{"@id":"https:\/\/delego.hu\/hu\/munkaero-kozvetites\/#breadcrumb"},"inLanguage":"hu","potentialAction":[{"@type":"ReadAction","target":["https:\/\/delego.hu\/hu\/munkaero-kozvetites\/"]}]},{"@type":"BreadcrumbList","@id":"https:\/\/delego.hu\/hu\/munkaero-kozvetites\/#breadcrumb","itemListElement":[{"@type":"ListItem","position":1,"name":"Kezd\u0151lap","item":"https:\/\/delego.hu\/hu\/"},{"@type":"ListItem","position":2,"name":"Munkaer\u0151-k\u00f6zvet\u00edt\u00e9s"}]},{"@type":"WebSite","@id":"https:\/\/delego.hu\/ru\/#website","url":"https:\/\/delego.hu\/ru\/","name":"Delego","description":"","publisher":{"@id":"https:\/\/delego.hu\/ru\/#organization"},"potentialAction":[{"@type":"SearchAction","target":{"@type":"EntryPoint","urlTemplate":"https:\/\/delego.hu\/ru\/?s={search_term_string}"},"query-input":{"@type":"PropertyValueSpecification","valueRequired":true,"valueName":"search_term_string"}}],"inLanguage":"hu"},{"@type":"Organization","@id":"https:\/\/delego.hu\/ru\/#organization","name":"Delego","url":"https:\/\/delego.hu\/ru\/","logo":{"@type":"ImageObject","inLanguage":"hu","@id":"https:\/\/delego.hu\/ru\/#\/schema\/logo\/image\/","url":"https:\/\/delego.hu\/wp-content\/uploads\/2024\/07\/logodelego.png","contentUrl":"https:\/\/delego.hu\/wp-content\/uploads\/2024\/07\/logodelego.png","width":117,"height":50,"caption":"Delego"},"image":{"@id":"https:\/\/delego.hu\/ru\/#\/schema\/logo\/image\/"}}]}},"_links":{"self":[{"href":"https:\/\/delego.hu\/hu\/wp-json\/wp\/v2\/pages\/299","targetHints":{"allow":["GET"]}}],"collection":[{"href":"https:\/\/delego.hu\/hu\/wp-json\/wp\/v2\/pages"}],"about":[{"href":"https:\/\/delego.hu\/hu\/wp-json\/wp\/v2\/types\/page"}],"author":[{"embeddable":true,"href":"https:\/\/delego.hu\/hu\/wp-json\/wp\/v2\/users\/1"}],"replies":[{"embeddable":true,"href":"https:\/\/delego.hu\/hu\/wp-json\/wp\/v2\/comments?post=299"}],"version-history":[{"count":10,"href":"https:\/\/delego.hu\/hu\/wp-json\/wp\/v2\/pages\/299\/revisions"}],"predecessor-version":[{"id":1756,"href":"https:\/\/delego.hu\/hu\/wp-json\/wp\/v2\/pages\/299\/revisions\/1756"}],"wp:attachment":[{"href":"https:\/\/delego.hu\/hu\/wp-json\/wp\/v2\/media?parent=299"}],"curies":[{"name":"wp","href":"https:\/\/api.w.org\/{rel}","templated":true}]}}