{"id":283,"date":"2024-07-16T08:13:53","date_gmt":"2024-07-16T08:13:53","guid":{"rendered":"https:\/\/delego.hu\/?page_id=283"},"modified":"2025-07-09T09:31:39","modified_gmt":"2025-07-09T09:31:39","slug":"munkaero-kolcsonzes","status":"publish","type":"page","link":"https:\/\/delego.hu\/hu\/munkaero-kolcsonzes\/","title":{"rendered":"Munkaer\u0151-k\u00f6lcs\u00f6nz\u00e9s"},"content":{"rendered":"\t\t<div data-elementor-type=\"wp-page\" data-elementor-id=\"283\" class=\"elementor elementor-283\" data-elementor-post-type=\"page\">\n\t\t\t\t<div class=\"elementor-element elementor-element-5c6cd9b e-flex e-con-boxed e-con e-parent\" data-id=\"5c6cd9b\" data-element_type=\"container\" data-e-type=\"container\">\n\t\t\t\t\t<div class=\"e-con-inner\">\n\t\t\t\t<div data-dce-text-color=\"#000000\" class=\"elementor-element elementor-element-8894e6e elementor-widget elementor-widget-text-editor\" data-id=\"8894e6e\" data-element_type=\"widget\" data-e-type=\"widget\" data-widget_type=\"text-editor.default\">\n\t\t\t\t<div class=\"elementor-widget-container\">\n\t\t\t\t\t\t\t\t\t<p>Napjaink v\u00e1ltoz\u00f3 gazdas\u00e1gi k\u00f6rnyezete a\u00a0<strong>munka vil\u00e1g\u00e1nak<\/strong>\u00a0szerepl\u0151it\u0151l is\u00a0<strong>\u00faj kih\u00edv\u00e1sokat<\/strong>\u00a0k\u00f6vetel meg. A\u00a0<strong>rugalmass\u00e1g<\/strong>, a v\u00e1ltoz\u00e1sokhoz t\u00f6rt\u00e9n\u0151\u00a0<strong>gyors alkalmazkod\u00e1s<\/strong>\u00a0\u00e9s mindezt t\u00e1mogat\u00f3 magas szint\u0171\u00a0<strong>szakmai tud\u00e1s v\u00e1ltak kulcsfogalmakk\u00e1<\/strong>.<\/p><p>Ezen kih\u00edv\u00e1sokra adott\u00a0<strong>v\u00e1lasz<\/strong>\u00a0a hagyom\u00e1nyos \u2013 \u201etipikus\u201d \u2013 foglalkoztat\u00e1si form\u00e1kt\u00f3l elt\u00e9r\u0151 rugalmas megold\u00e1sok, ezen bel\u00fcl is els\u0151sorban a\u00a0<strong>munkaer\u0151-k\u00f6lcs\u00f6nz\u00e9s t\u00e9rnyer\u00e9se<\/strong>.<\/p>\t\t\t\t\t\t\t\t<\/div>\n\t\t\t\t<\/div>\n\t\t\t\t\t<\/div>\n\t\t\t\t<\/div>\n\t\t<div data-dce-background-image-url=\"http:\/\/delego.hu\/wp-content\/uploads\/2024\/07\/careers-lg-1.jpg\" class=\"elementor-element elementor-element-90c00ae e-flex e-con-boxed e-con e-parent\" data-id=\"90c00ae\" data-element_type=\"container\" data-e-type=\"container\" data-settings=\"{&quot;background_background&quot;:&quot;classic&quot;}\">\n\t\t\t\t\t<div class=\"e-con-inner\">\n\t\t<div class=\"elementor-element elementor-element-ca9aab8 e-con-full e-flex e-con e-child\" data-id=\"ca9aab8\" data-element_type=\"container\" data-e-type=\"container\">\n\t\t\t\t<\/div>\n\t\t<div class=\"elementor-element elementor-element-b7e249b e-con-full e-flex e-con e-child\" data-id=\"b7e249b\" data-element_type=\"container\" data-e-type=\"container\">\n\t\t\t\t<div data-dce-title-color=\"#000000\" class=\"elementor-element elementor-element-0416c02 elementor-widget elementor-widget-heading\" data-id=\"0416c02\" data-element_type=\"widget\" data-e-type=\"widget\" data-widget_type=\"heading.default\">\n\t\t\t\t<div class=\"elementor-widget-container\">\n\t\t\t\t\t<h2 class=\"elementor-heading-title elementor-size-default\">A min\u0151s\u00e9g garanci\u00e1ja\nMunkaer\u0151-k\u00f6lcs\u00f6nz\u00e9s<\/h2>\t\t\t\t<\/div>\n\t\t\t\t<\/div>\n\t\t\t\t<div data-dce-text-color=\"#000000\" class=\"elementor-element elementor-element-f310454 elementor-widget elementor-widget-text-editor\" data-id=\"f310454\" data-element_type=\"widget\" data-e-type=\"widget\" data-widget_type=\"text-editor.default\">\n\t\t\t\t<div class=\"elementor-widget-container\">\n\t\t\t\t\t\t\t\t\t<p>A hagyom\u00e1nyos foglalkoztat\u00e1si form\u00e1kn\u00e1l kedvez\u0151bb, rugalmasabb megold\u00e1st keres? Munkaer\u0151-ig\u00e9nye folyamatosan v\u00e1ltozik? Nem tervezi saj\u00e1t munkaer\u0151-\u00e1llom\u00e1nya b\u0151v\u00edt\u00e9s\u00e9t, m\u00e9gis munkaer\u0151re lenne sz\u00fcks\u00e9ge? Akkor a Delego Kft. munkaer\u0151-k\u00f6lcs\u00f6nz\u00e9si szolg\u00e1ltat\u00e1sa a megfelel\u0151 v\u00e1laszt\u00e1s!<\/p>\t\t\t\t\t\t\t\t<\/div>\n\t\t\t\t<\/div>\n\t\t\t\t<\/div>\n\t\t\t\t\t<\/div>\n\t\t\t\t<\/div>\n\t\t<div class=\"elementor-element elementor-element-3642a66 e-flex e-con-boxed e-con e-parent\" data-id=\"3642a66\" data-element_type=\"container\" data-e-type=\"container\">\n\t\t\t\t\t<div class=\"e-con-inner\">\n\t\t\t\t<div data-dce-text-color=\"#000000\" class=\"elementor-element elementor-element-d6f6385 elementor-widget elementor-widget-text-editor\" data-id=\"d6f6385\" data-element_type=\"widget\" data-e-type=\"widget\" data-widget_type=\"text-editor.default\">\n\t\t\t\t<div class=\"elementor-widget-container\">\n\t\t\t\t\t\t\t\t\t<p class=\"fontsninja-font\" data-ninja-font=\"helvetica_light_normal\">Az elm\u00falt n\u00e9h\u00e1ny \u00e9vben az\u00a0<strong class=\"fontsninja-font\" data-ninja-font=\"helvetica_bold_normal\">\u00faj munkahelyek d\u00f6nt\u0151 t\u00f6bbs\u00e9ge munkaer\u0151-k\u00f6lcs\u00f6nz\u00e9s keret\u00e9ben j\u00f6tt l\u00e9tre<\/strong>, hiszen a v\u00e1llalatok \u00fagy fedhett\u00e9k le munkaer\u0151ig\u00e9ny\u00fcket, hogy k\u00f6zben nem b\u0151v\u00edtett\u00e9k saj\u00e1t \u00e1llom\u00e1nyukat. M\u00e1ra t\u00f6bb mint\u00a0<strong class=\"fontsninja-font\" data-ninja-font=\"helvetica_bold_normal\">130\u00a0000 munkav\u00e1llal\u00f3<\/strong>\u00a0ker\u00fcl\u00a0<strong class=\"fontsninja-font\" data-ninja-font=\"helvetica_bold_normal\">\u00e9vente kik\u00f6lcs\u00f6nz\u00e9sre,<\/strong>\u00a0\u00e9s sz\u00e1muk egyre b\u0151v\u00fcl.<\/p><p class=\"fontsninja-font\" data-ninja-font=\"helvetica_light_normal\">A foglalkoztat\u00e1si trendeket figyelembe v\u00e9ve k\u00e9sz\u00fclt el az\u00a0<strong class=\"fontsninja-font\" data-ninja-font=\"helvetica_bold_normal\">\u00faj Munka T\u00f6rv\u00e9nyk\u00f6nyve<\/strong>\u00a0\u2013 \u00e9s a kapcsol\u00f3d\u00f3 jogszab\u00e1lyok -, melyek rendk\u00edv\u00fcl rugalmas \u00e9s\u00a0<strong class=\"fontsninja-font\" data-ninja-font=\"helvetica_bold_normal\">munk\u00e1ltat\u00f3i szempontb\u00f3l is el\u0151ny\u00f6s m\u00f3don szab\u00e1lyozz\u00e1k<\/strong>\u00a0a munkaer\u0151-k\u00f6lcs\u00f6nz\u00e9st \u2013 \u00f6szt\u00f6n\u00f6zve ezzel a foglalkoztatotts\u00e1g n\u00f6vel\u00e9s\u00e9t.<\/p><p class=\"fontsninja-font\" data-ninja-font=\"helvetica_light_normal\">K\u00f6lcs\u00f6nz\u00e9si szolg\u00e1ltat\u00e1sunk r\u00e9v\u00e9n biztos\u00edtjuk \u00dcgyfeleinknek, hogy a\u00a0<strong class=\"fontsninja-font\" data-ninja-font=\"helvetica_bold_normal\">k\u00f6zvetlen munkajogi \u00e9s k\u00f6lts\u00e9g el\u0151ny\u00f6k<\/strong>\u00a0realiz\u00e1l\u00e1s\u00e1n t\u00fal\u00a0<strong class=\"fontsninja-font\" data-ninja-font=\"helvetica_bold_normal\">munkaer\u0151-\u00e1llom\u00e1nyukat gyorsan \u00e9s rugalmasan, az ingadoz\u00f3 termel\u00e9si ig\u00e9nyekhez tudj\u00e1k igaz\u00edtani<\/strong>. Szakembereink tapasztalataikat elismert munkaer\u0151-k\u00f6lcs\u00f6nz\u0151 c\u00e9gekn\u00e9l szerezt\u00e9k, t\u00f6bbek k\u00f6z\u00f6tt olyan ter\u00fcleteken, mint az elektronikai-, aut\u00f3ipari gy\u00e1rt\u00e1s\/termel\u00e9s, logisztika, kereskedelem, \u00fcgyf\u00e9lszolg\u00e1lat, call center, SSC.<\/p>\t\t\t\t\t\t\t\t<\/div>\n\t\t\t\t<\/div>\n\t\t\t\t<div data-dce-background-color=\"#61CE7000\" class=\"elementor-element elementor-element-89e5795 elementor-align-left elementor-widget elementor-widget-button\" data-id=\"89e5795\" data-element_type=\"widget\" data-e-type=\"widget\" data-widget_type=\"button.default\">\n\t\t\t\t<div class=\"elementor-widget-container\">\n\t\t\t\t\t\t\t\t\t<div class=\"elementor-button-wrapper\">\n\t\t\t\t\t<a class=\"elementor-button elementor-button-link elementor-size-sm\" href=\"https:\/\/delego.hu\/hu\/ajanlatkeres\/\">\n\t\t\t\t\t\t<span class=\"elementor-button-content-wrapper\">\n\t\t\t\t\t\t\t\t\t<span class=\"elementor-button-text\">K\u00e9rjen Aj\u00e1nlatot!<\/span>\n\t\t\t\t\t<\/span>\n\t\t\t\t\t<\/a>\n\t\t\t\t<\/div>\n\t\t\t\t\t\t\t\t<\/div>\n\t\t\t\t<\/div>\n\t\t\t\t\t<\/div>\n\t\t\t\t<\/div>\n\t\t\t\t<\/div>\n\t\t","protected":false},"excerpt":{"rendered":"<p>Napjaink v\u00e1ltoz\u00f3 gazdas\u00e1gi k\u00f6rnyezete a\u00a0munka vil\u00e1g\u00e1nak\u00a0szerepl\u0151it\u0151l is\u00a0\u00faj kih\u00edv\u00e1sokat\u00a0k\u00f6vetel meg. A\u00a0rugalmass\u00e1g, a v\u00e1ltoz\u00e1sokhoz t\u00f6rt\u00e9n\u0151\u00a0gyors alkalmazkod\u00e1s\u00a0\u00e9s mindezt t\u00e1mogat\u00f3 magas szint\u0171\u00a0szakmai tud\u00e1s v\u00e1ltak kulcsfogalmakk\u00e1. Ezen kih\u00edv\u00e1sokra adott\u00a0v\u00e1lasz\u00a0a hagyom\u00e1nyos \u2013 \u201etipikus\u201d \u2013 foglalkoztat\u00e1si form\u00e1kt\u00f3l elt\u00e9r\u0151 rugalmas megold\u00e1sok, ezen bel\u00fcl is els\u0151sorban a\u00a0munkaer\u0151-k\u00f6lcs\u00f6nz\u00e9s t\u00e9rnyer\u00e9se. A min\u0151s\u00e9g garanci\u00e1ja Munkaer\u0151-k\u00f6lcs\u00f6nz\u00e9s A hagyom\u00e1nyos foglalkoztat\u00e1si form\u00e1kn\u00e1l kedvez\u0151bb, rugalmasabb megold\u00e1st keres? Munkaer\u0151-ig\u00e9nye folyamatosan v\u00e1ltozik? Nem [&hellip;]<\/p>\n","protected":false},"author":1,"featured_media":0,"parent":0,"menu_order":0,"comment_status":"closed","ping_status":"closed","template":"","meta":{"_acf_changed":false,"footnotes":""},"class_list":["post-283","page","type-page","status-publish","hentry"],"acf":[],"yoast_head":"<!-- This site is optimized with the Yoast SEO plugin v25.3 - https:\/\/yoast.com\/wordpress\/plugins\/seo\/ -->\n<title>Munkaer\u0151-k\u00f6lcs\u00f6nz\u00e9s - Delego<\/title>\n<meta name=\"robots\" content=\"index, follow, max-snippet:-1, max-image-preview:large, max-video-preview:-1\" \/>\n<link rel=\"canonical\" href=\"https:\/\/delego.hu\/hu\/munkaero-kolcsonzes\/\" \/>\n<meta property=\"og:locale\" content=\"hu_HU\" \/>\n<meta property=\"og:type\" content=\"article\" \/>\n<meta property=\"og:title\" content=\"Munkaer\u0151-k\u00f6lcs\u00f6nz\u00e9s - Delego\" \/>\n<meta property=\"og:description\" content=\"Napjaink v\u00e1ltoz\u00f3 gazdas\u00e1gi k\u00f6rnyezete a\u00a0munka vil\u00e1g\u00e1nak\u00a0szerepl\u0151it\u0151l is\u00a0\u00faj kih\u00edv\u00e1sokat\u00a0k\u00f6vetel meg. A\u00a0rugalmass\u00e1g, a v\u00e1ltoz\u00e1sokhoz t\u00f6rt\u00e9n\u0151\u00a0gyors alkalmazkod\u00e1s\u00a0\u00e9s mindezt t\u00e1mogat\u00f3 magas szint\u0171\u00a0szakmai tud\u00e1s v\u00e1ltak kulcsfogalmakk\u00e1. Ezen kih\u00edv\u00e1sokra adott\u00a0v\u00e1lasz\u00a0a hagyom\u00e1nyos \u2013 \u201etipikus\u201d \u2013 foglalkoztat\u00e1si form\u00e1kt\u00f3l elt\u00e9r\u0151 rugalmas megold\u00e1sok, ezen bel\u00fcl is els\u0151sorban a\u00a0munkaer\u0151-k\u00f6lcs\u00f6nz\u00e9s t\u00e9rnyer\u00e9se. A min\u0151s\u00e9g garanci\u00e1ja Munkaer\u0151-k\u00f6lcs\u00f6nz\u00e9s A hagyom\u00e1nyos foglalkoztat\u00e1si form\u00e1kn\u00e1l kedvez\u0151bb, rugalmasabb megold\u00e1st keres? Munkaer\u0151-ig\u00e9nye folyamatosan v\u00e1ltozik? Nem [&hellip;]\" \/>\n<meta property=\"og:url\" content=\"https:\/\/delego.hu\/hu\/munkaero-kolcsonzes\/\" \/>\n<meta property=\"og:site_name\" content=\"Delego\" \/>\n<meta property=\"article:modified_time\" content=\"2025-07-09T09:31:39+00:00\" \/>\n<meta name=\"twitter:card\" content=\"summary_large_image\" \/>\n<meta name=\"twitter:label1\" content=\"Becs\u00fclt olvas\u00e1si id\u0151\" \/>\n\t<meta name=\"twitter:data1\" content=\"2 perc\" \/>\n<script type=\"application\/ld+json\" class=\"yoast-schema-graph\">{\"@context\":\"https:\/\/schema.org\",\"@graph\":[{\"@type\":\"WebPage\",\"@id\":\"https:\/\/delego.hu\/hu\/munkaero-kolcsonzes\/\",\"url\":\"https:\/\/delego.hu\/hu\/munkaero-kolcsonzes\/\",\"name\":\"Munkaer\u0151-k\u00f6lcs\u00f6nz\u00e9s - Delego\",\"isPartOf\":{\"@id\":\"https:\/\/delego.hu\/ru\/#website\"},\"datePublished\":\"2024-07-16T08:13:53+00:00\",\"dateModified\":\"2025-07-09T09:31:39+00:00\",\"breadcrumb\":{\"@id\":\"https:\/\/delego.hu\/hu\/munkaero-kolcsonzes\/#breadcrumb\"},\"inLanguage\":\"hu\",\"potentialAction\":[{\"@type\":\"ReadAction\",\"target\":[\"https:\/\/delego.hu\/hu\/munkaero-kolcsonzes\/\"]}]},{\"@type\":\"BreadcrumbList\",\"@id\":\"https:\/\/delego.hu\/hu\/munkaero-kolcsonzes\/#breadcrumb\",\"itemListElement\":[{\"@type\":\"ListItem\",\"position\":1,\"name\":\"Kezd\u0151lap\",\"item\":\"https:\/\/delego.hu\/hu\/\"},{\"@type\":\"ListItem\",\"position\":2,\"name\":\"Munkaer\u0151-k\u00f6lcs\u00f6nz\u00e9s\"}]},{\"@type\":\"WebSite\",\"@id\":\"https:\/\/delego.hu\/ru\/#website\",\"url\":\"https:\/\/delego.hu\/ru\/\",\"name\":\"Delego\",\"description\":\"\",\"publisher\":{\"@id\":\"https:\/\/delego.hu\/ru\/#organization\"},\"potentialAction\":[{\"@type\":\"SearchAction\",\"target\":{\"@type\":\"EntryPoint\",\"urlTemplate\":\"https:\/\/delego.hu\/ru\/?s={search_term_string}\"},\"query-input\":{\"@type\":\"PropertyValueSpecification\",\"valueRequired\":true,\"valueName\":\"search_term_string\"}}],\"inLanguage\":\"hu\"},{\"@type\":\"Organization\",\"@id\":\"https:\/\/delego.hu\/ru\/#organization\",\"name\":\"Delego\",\"url\":\"https:\/\/delego.hu\/ru\/\",\"logo\":{\"@type\":\"ImageObject\",\"inLanguage\":\"hu\",\"@id\":\"https:\/\/delego.hu\/ru\/#\/schema\/logo\/image\/\",\"url\":\"https:\/\/delego.hu\/wp-content\/uploads\/2024\/07\/logodelego.png\",\"contentUrl\":\"https:\/\/delego.hu\/wp-content\/uploads\/2024\/07\/logodelego.png\",\"width\":117,\"height\":50,\"caption\":\"Delego\"},\"image\":{\"@id\":\"https:\/\/delego.hu\/ru\/#\/schema\/logo\/image\/\"}}]}<\/script>\n<!-- \/ Yoast SEO plugin. -->","yoast_head_json":{"title":"Munkaer\u0151-k\u00f6lcs\u00f6nz\u00e9s - Delego","robots":{"index":"index","follow":"follow","max-snippet":"max-snippet:-1","max-image-preview":"max-image-preview:large","max-video-preview":"max-video-preview:-1"},"canonical":"https:\/\/delego.hu\/hu\/munkaero-kolcsonzes\/","og_locale":"hu_HU","og_type":"article","og_title":"Munkaer\u0151-k\u00f6lcs\u00f6nz\u00e9s - Delego","og_description":"Napjaink v\u00e1ltoz\u00f3 gazdas\u00e1gi k\u00f6rnyezete a\u00a0munka vil\u00e1g\u00e1nak\u00a0szerepl\u0151it\u0151l is\u00a0\u00faj kih\u00edv\u00e1sokat\u00a0k\u00f6vetel meg. A\u00a0rugalmass\u00e1g, a v\u00e1ltoz\u00e1sokhoz t\u00f6rt\u00e9n\u0151\u00a0gyors alkalmazkod\u00e1s\u00a0\u00e9s mindezt t\u00e1mogat\u00f3 magas szint\u0171\u00a0szakmai tud\u00e1s v\u00e1ltak kulcsfogalmakk\u00e1. Ezen kih\u00edv\u00e1sokra adott\u00a0v\u00e1lasz\u00a0a hagyom\u00e1nyos \u2013 \u201etipikus\u201d \u2013 foglalkoztat\u00e1si form\u00e1kt\u00f3l elt\u00e9r\u0151 rugalmas megold\u00e1sok, ezen bel\u00fcl is els\u0151sorban a\u00a0munkaer\u0151-k\u00f6lcs\u00f6nz\u00e9s t\u00e9rnyer\u00e9se. A min\u0151s\u00e9g garanci\u00e1ja Munkaer\u0151-k\u00f6lcs\u00f6nz\u00e9s A hagyom\u00e1nyos foglalkoztat\u00e1si form\u00e1kn\u00e1l kedvez\u0151bb, rugalmasabb megold\u00e1st keres? Munkaer\u0151-ig\u00e9nye folyamatosan v\u00e1ltozik? Nem [&hellip;]","og_url":"https:\/\/delego.hu\/hu\/munkaero-kolcsonzes\/","og_site_name":"Delego","article_modified_time":"2025-07-09T09:31:39+00:00","twitter_card":"summary_large_image","twitter_misc":{"Becs\u00fclt olvas\u00e1si id\u0151":"2 perc"},"schema":{"@context":"https:\/\/schema.org","@graph":[{"@type":"WebPage","@id":"https:\/\/delego.hu\/hu\/munkaero-kolcsonzes\/","url":"https:\/\/delego.hu\/hu\/munkaero-kolcsonzes\/","name":"Munkaer\u0151-k\u00f6lcs\u00f6nz\u00e9s - Delego","isPartOf":{"@id":"https:\/\/delego.hu\/ru\/#website"},"datePublished":"2024-07-16T08:13:53+00:00","dateModified":"2025-07-09T09:31:39+00:00","breadcrumb":{"@id":"https:\/\/delego.hu\/hu\/munkaero-kolcsonzes\/#breadcrumb"},"inLanguage":"hu","potentialAction":[{"@type":"ReadAction","target":["https:\/\/delego.hu\/hu\/munkaero-kolcsonzes\/"]}]},{"@type":"BreadcrumbList","@id":"https:\/\/delego.hu\/hu\/munkaero-kolcsonzes\/#breadcrumb","itemListElement":[{"@type":"ListItem","position":1,"name":"Kezd\u0151lap","item":"https:\/\/delego.hu\/hu\/"},{"@type":"ListItem","position":2,"name":"Munkaer\u0151-k\u00f6lcs\u00f6nz\u00e9s"}]},{"@type":"WebSite","@id":"https:\/\/delego.hu\/ru\/#website","url":"https:\/\/delego.hu\/ru\/","name":"Delego","description":"","publisher":{"@id":"https:\/\/delego.hu\/ru\/#organization"},"potentialAction":[{"@type":"SearchAction","target":{"@type":"EntryPoint","urlTemplate":"https:\/\/delego.hu\/ru\/?s={search_term_string}"},"query-input":{"@type":"PropertyValueSpecification","valueRequired":true,"valueName":"search_term_string"}}],"inLanguage":"hu"},{"@type":"Organization","@id":"https:\/\/delego.hu\/ru\/#organization","name":"Delego","url":"https:\/\/delego.hu\/ru\/","logo":{"@type":"ImageObject","inLanguage":"hu","@id":"https:\/\/delego.hu\/ru\/#\/schema\/logo\/image\/","url":"https:\/\/delego.hu\/wp-content\/uploads\/2024\/07\/logodelego.png","contentUrl":"https:\/\/delego.hu\/wp-content\/uploads\/2024\/07\/logodelego.png","width":117,"height":50,"caption":"Delego"},"image":{"@id":"https:\/\/delego.hu\/ru\/#\/schema\/logo\/image\/"}}]}},"_links":{"self":[{"href":"https:\/\/delego.hu\/hu\/wp-json\/wp\/v2\/pages\/283","targetHints":{"allow":["GET"]}}],"collection":[{"href":"https:\/\/delego.hu\/hu\/wp-json\/wp\/v2\/pages"}],"about":[{"href":"https:\/\/delego.hu\/hu\/wp-json\/wp\/v2\/types\/page"}],"author":[{"embeddable":true,"href":"https:\/\/delego.hu\/hu\/wp-json\/wp\/v2\/users\/1"}],"replies":[{"embeddable":true,"href":"https:\/\/delego.hu\/hu\/wp-json\/wp\/v2\/comments?post=283"}],"version-history":[{"count":28,"href":"https:\/\/delego.hu\/hu\/wp-json\/wp\/v2\/pages\/283\/revisions"}],"predecessor-version":[{"id":1753,"href":"https:\/\/delego.hu\/hu\/wp-json\/wp\/v2\/pages\/283\/revisions\/1753"}],"wp:attachment":[{"href":"https:\/\/delego.hu\/hu\/wp-json\/wp\/v2\/media?parent=283"}],"curies":[{"name":"wp","href":"https:\/\/api.w.org\/{rel}","templated":true}]}}