{"id":176,"date":"2024-07-12T08:27:06","date_gmt":"2024-07-12T08:27:06","guid":{"rendered":"https:\/\/delego.hu\/?page_id=176"},"modified":"2024-07-12T08:59:43","modified_gmt":"2024-07-12T08:59:43","slug":"nyomtatvanyok","status":"publish","type":"page","link":"https:\/\/delego.hu\/hu\/nyomtatvanyok\/","title":{"rendered":"Nyomtatv\u00e1nyok"},"content":{"rendered":"\t\t<div data-elementor-type=\"wp-page\" data-elementor-id=\"176\" class=\"elementor elementor-176\" data-elementor-post-type=\"page\">\n\t\t\t\t<div class=\"elementor-element elementor-element-9abc11c e-flex e-con-boxed e-con e-parent\" data-id=\"9abc11c\" data-element_type=\"container\" data-e-type=\"container\">\n\t\t\t\t\t<div class=\"e-con-inner\">\n\t\t\t\t<div class=\"elementor-element elementor-element-1ec3014 elementor-widget elementor-widget-text-editor\" data-id=\"1ec3014\" data-element_type=\"widget\" data-e-type=\"widget\" data-widget_type=\"text-editor.default\">\n\t\t\t\t<div class=\"elementor-widget-container\">\n\t\t\t\t\t\t\t\t\t<p><a href=\"http:\/\/delego.hu\/wp-content\/uploads\/2024\/07\/ADATVALTOZAS-BEJELENTO-KAPCSOLATTARTAS.docx\">ADATV\u00c1LTOZ\u00c1S BEJELENT\u0150 KAPCSOLATTART\u00c1S<\/a><\/p><p><a href=\"http:\/\/delego.hu\/wp-content\/uploads\/2024\/07\/ADATVALTOZAS-BEJELENTO-MUNKABAJARAS-2024.docx\">ADATV\u00c1LTOZ\u00c1S BEJELENT\u0150 MUNK\u00c1BAJ\u00c1R\u00c1S<\/a><\/p><p><a href=\"http:\/\/delego.hu\/wp-content\/uploads\/2024\/07\/ADATVALTOZAS-BEJELENTO-SZEMELYESADATOK.docx\">ADATV\u00c1LTOZ\u00c1S BEJELENT\u0150 SZEM\u00c9LYESADATOK<\/a><\/p><p><a href=\"http:\/\/delego.hu\/wp-content\/uploads\/2024\/07\/ADOELOLEG-NYILATKOZAT_25-EV-ALATTI-ERVENYESITES-MELLOZES-2022.pdf\">AD\u00d3EL\u0150LEG NYILATKOZAT 25 \u00c9V ALATTI \u00c9RV\u00c9NYES\u00cdT\u00c9S MELL\u0150Z\u00c9S 2022<\/a><\/p><p><a href=\"http:\/\/delego.hu\/wp-content\/uploads\/2024\/07\/ADOELOLEG-NYILATKOZAT_CSALADI-KEDVEZMENY-2022.pdf\">AD\u00d3EL\u0150LEG NYILATKOZAT CSAL\u00c1DI KEDVEZM\u00c9NY 2022<\/a><\/p><p><a href=\"http:\/\/delego.hu\/wp-content\/uploads\/2024\/07\/ADOELOLEG-NYILATKOZAT_ELSO-HAZASOK-KEDVEZMENYE-2022.pdf\">AD\u00d3EL\u0150LEG NYILATKOZAT ELS\u0150 H\u00c1ZASOK KEDVEZM\u00c9NYE 2022<\/a><\/p><p><a href=\"http:\/\/delego.hu\/wp-content\/uploads\/2024\/07\/ADOELOLEG-NYILATKOZAT_KOLTSEGEKROL-2022.pdf\">AD\u00d3EL\u0150LEG NYILATKOZAT K\u00d6LTS\u00c9GEKR\u0150L 2022<\/a><\/p><p><a href=\"http:\/\/delego.hu\/wp-content\/uploads\/2024\/07\/ADOELOLEG-NYILATKOZAT_KULFOLDI-MAGANSZEMELY-2022.pdf\">AD\u00d3EL\u0150LEG NYILATKOZAT K\u00dcLF\u00d6LDI MAG\u00c1NSZEM\u00c9LY 2022<\/a><\/p><p><a href=\"http:\/\/delego.hu\/wp-content\/uploads\/2024\/07\/ADOELOLEG-NYILATKOZAT_NETAK-2022.pdf\">AD\u00d3EL\u0150LEG NYILATKOZAT N\u00c9T\u00c1K 2022<\/a><\/p><p><a href=\"http:\/\/delego.hu\/wp-content\/uploads\/2024\/07\/ADOELOLEG-NYILATKOZAT_SZEMELYI-KEDVEZMENY-2022.pdf\">AD\u00d3EL\u0150LEG NYILATKOZAT SZEM\u00c9LYI KEDVEZM\u00c9NY 2022<\/a><\/p><p><a href=\"http:\/\/delego.hu\/wp-content\/uploads\/2024\/07\/HOZZAJARULASI-NYILATKOZAT-MUNKALTATOIHOZ.docx\">HOZZ\u00c1J\u00c1RUL\u00c1SI NYILATKOZAT MUNK\u00c1LTAT\u00d3IHOZ<\/a><\/p><p><a href=\"http:\/\/delego.hu\/wp-content\/uploads\/2024\/07\/KERELEM-FIZETES-NELKULI-SZABADSAG.docx\">K\u00c9RELEM- FIZET\u00c9S N\u00c9LK\u00dcLI SZABADS\u00c1G<\/a><\/p><p><a href=\"http:\/\/delego.hu\/wp-content\/uploads\/2024\/07\/KERELEM-FIZETESI-ELOLEG.docx\">K\u00c9RELEM- FIZET\u00c9SI EL\u0150LEG<\/a><\/p><p><a href=\"http:\/\/delego.hu\/wp-content\/uploads\/2024\/07\/KERELEM-HIVATALOS-IRAT-KIKERESEHEZ.docx\">K\u00c9RELEM HIVATALOS IRAT KIK\u00c9R\u00c9S\u00c9HEZ<\/a><\/p><p><a href=\"http:\/\/delego.hu\/wp-content\/uploads\/2024\/07\/APASAGI-SZABADSAG-IGENYLES-2024.docx\">NYILATKOZAT- APASZABADS\u00c1G<\/a><\/p><p><a href=\"http:\/\/delego.hu\/wp-content\/uploads\/2024\/07\/NYILATKOZAT-GYAP-MEGALLAPITASHOZ.pdf\">NYILATKOZAT GY\u00c1P MEG\u00c1LLAP\u00cdT\u00c1SHOZ<\/a><\/p><p><a href=\"http:\/\/delego.hu\/wp-content\/uploads\/2024\/07\/NYILATKOZAT-GYERMEK-UTAN-JARO-POTSZABADSAG-IGENYBEVETELEROL-2022.docx\">NYILATKOZAT GYERMEK UT\u00c1N J\u00c1R\u00d3 P\u00d3TSZABADS\u00c1G IG\u00c9NYBEV\u00c9TEL\u00c9R\u0150L 2022<\/a><\/p><p><a href=\"http:\/\/delego.hu\/wp-content\/uploads\/2024\/07\/NYILATKOZAT-AZ-UZEMI-BALESETNEK-NEM-MINOSULO-BALESETROL-2024.pdf\">NYILATKOZAT- \u00dcZEMI BALESETNEK NEM MIN\u0150S\u00dcL\u0150 BALESET K\u00d6R\u00dcLM\u00c9NYEIR\u0150L<\/a><\/p><p><a href=\"http:\/\/delego.hu\/wp-content\/uploads\/2024\/07\/UTNYILVANTARTAS-MENETLEVEL.pdf\">\u00daTNYILV\u00c1NTART\u00c1S-MENETLEV\u00c9L<\/a><\/p><p><a href=\"http:\/\/delego.hu\/wp-content\/uploads\/2024\/07\/ADATVALTOZAS-BEJELENTO-BANKSZAMLASZAM.docx\">ADATV\u00c1LTOZ\u00c1S BEJELENT\u0150 BANKSZ\u00c1MLASZ\u00c1M<\/a><\/p><p><a href=\"http:\/\/delego.hu\/wp-content\/uploads\/2024\/07\/ADATVALTOZAS-BEJELENTO-MUNKABAJARAS-2024.docx\">ADATV\u00c1LTOZ\u00c1S BEJELENT\u0150 MUNK\u00c1BAJ\u00c1R\u00c1S 2024<\/a><\/p><p><a href=\"http:\/\/delego.hu\/wp-content\/uploads\/2024\/07\/ADOELOLEG-NYILATKOZAT_25-EV-ALATTI-ERVENYESITES-MELLOZES-2022.pdf\">AD\u00d3EL\u0150LEG NYILATKOZAT 25 \u00c9V ALATTI \u00c9RV\u00c9NYES\u00cdT\u00c9S MELL\u0150Z\u00c9S 2024<\/a><\/p><p><a href=\"http:\/\/delego.hu\/wp-content\/uploads\/2024\/07\/Adoeloleg-nyilatkozat-a-30-ev-alatti-anyak-kedvezmenyenek-ervenyesiteserol-2024.pdf\">AD\u00d3EL\u0150LEG-NYILATKOZAT A 30 \u00c9V ALATTI ANY\u00c1K KEDVEZM\u00c9NY\u00c9NEK \u00c9RV\u00c9NYES\u00cdT\u00c9S\u00c9R\u0150L 2024<\/a><\/p><p><a href=\"http:\/\/delego.hu\/wp-content\/uploads\/2024\/07\/Adoeloleg-nyilatkozat-a-csaladi-kedvezmeny-es-jarulekkedvezmeny-ervenyesiteserol-2024.pdf\">AD\u00d3EL\u0150LEG-NYILATKOZAT A CSAL\u00c1DI KEDVEZM\u00c9NY \u00c9S J\u00c1RUL\u00c9KKEDVEZM\u00c9NY \u00c9RV\u00c9NYES\u00cdT\u00c9S\u00c9R\u0150L 2024<\/a><\/p><p><a href=\"http:\/\/delego.hu\/wp-content\/uploads\/2024\/07\/Adoeloleg-nyilatkozat-a-negy-vagy-tobb-gyermeket-nevelo-anyak-kedvezmenyenek-ervenyesiteserol-2024.pdf\">AD\u00d3EL\u0150LEG-NYILATKOZAT A N\u00c9GY VAGY T\u00d6BB GYERMEKET NEVEL\u0150 ANY\u00c1K KEDVEZM\u00c9NY\u00c9NEK \u00c9RV\u00c9NYES\u00cdT\u00c9S\u00c9R\u0150L 2024<\/a><\/p><p><a href=\"http:\/\/delego.hu\/wp-content\/uploads\/2024\/07\/Adoeloleg-nyilatkozat-a-szemelyi-kedvezmeny-ervenyesiteserol-2024.pdf\">AD\u00d3EL\u0150LEG-NYILATKOZAT A SZEM\u00c9LYI KEDVEZM\u00c9NY \u00c9RV\u00c9NYES\u00cdT\u00c9S\u00c9R\u0150L 2024<\/a><\/p><p><a href=\"http:\/\/delego.hu\/wp-content\/uploads\/2024\/07\/Adoeloleg-nyilatkozat-az-adoeloleg-meghatarozasakor-figyelembe-veheto-koltsegekrol-2024.pdf\">AD\u00d3EL\u0150LEG-NYILATKOZAT AZ AD\u00d3EL\u0150LEG MEGHAT\u00c1ROZ\u00c1SAKOR FIGYELEMBE VEHET\u0150 K\u00d6LTS\u00c9GEKR\u0150L 2024<\/a><\/p><p><a href=\"http:\/\/delego.hu\/wp-content\/uploads\/2024\/07\/Adoeloleg-nyilatkozat-az-elso-hazasok-kedvezmenyenek-ervenyesiteserol-2024.pdf\">AD\u00d3EL\u0150LEG-NYILATKOZAT AZ ELS\u0150 H\u00c1ZASOK KEDVEZM\u00c9NY\u00c9NEK \u00c9RV\u00c9NYES\u00cdT\u00c9S\u00c9R\u0150L 2024<\/a><\/p><p><a href=\"http:\/\/delego.hu\/wp-content\/uploads\/2024\/07\/APASAGI-SZABADSAG-IGENYLES-2024.docx\">APAS\u00c1GI SZABADS\u00c1G IG\u00c9NYL\u00c9S 2024<\/a><\/p><p><a href=\"http:\/\/delego.hu\/wp-content\/uploads\/2024\/07\/KERELEM-GYERMEKAPOLASI-TAPPENZ-IRANT-2024.pdf\">K\u00c9RELEM GYERMEK\u00c1POL\u00c1SI T\u00c1PP\u00c9NZ IR\u00c1NT 2024<\/a><\/p><p><a href=\"http:\/\/delego.hu\/wp-content\/uploads\/2024\/07\/Kiegeszito-nyilatkozat-a-kulfoldi-adougyi-illetosegu-maganszemelyek-2024.pdf\">KIEG\u00c9SZ\u00cdT\u0150 NYILATKOZAT A K\u00dcLF\u00d6LDI AD\u00d3\u00dcGYI ILLET\u0150S\u00c9G\u0170 MAG\u00c1NSZEM\u00c9LYEK 2024<\/a><\/p><p><a href=\"http:\/\/delego.hu\/wp-content\/uploads\/2024\/07\/NYILATKOZAT-AZ-UZEMI-BALESETNEK-NEM-MINOSULO-BALESETROL-2024.pdf\">NYILATKOZAT AZ \u00dcZEMI BALESETNEK NEM MIN\u0150S\u00dcL\u0150 BALESETR\u0150L 2024<\/a><\/p><p><a href=\"http:\/\/delego.hu\/wp-content\/uploads\/2024\/07\/Nyilatkozat-gyermek-utan-jaro-potszabadsag-igenybevetelerol-2024.docx\">NYILATKOZAT GYERMEK UT\u00c1N J\u00c1R\u00d3 P\u00d3TSZABADS\u00c1G IG\u00c9NYBEV\u00c9TEL\u00c9R\u0150L 2024<\/a><\/p><p><a href=\"http:\/\/delego.hu\/wp-content\/uploads\/2024\/07\/Visszaelesbejelentesi-formanyomtatvany-2024.docx\">VISSZA\u00c9L\u00c9S-BEJELENT\u00c9SI FORMANYOMTATV\u00c1NY 2024<\/a><\/p>\t\t\t\t\t\t\t\t<\/div>\n\t\t\t\t<\/div>\n\t\t\t\t\t<\/div>\n\t\t\t\t<\/div>\n\t\t\t\t<\/div>\n\t\t","protected":false},"excerpt":{"rendered":"<p>ADATV\u00c1LTOZ\u00c1S BEJELENT\u0150 KAPCSOLATTART\u00c1S ADATV\u00c1LTOZ\u00c1S BEJELENT\u0150 MUNK\u00c1BAJ\u00c1R\u00c1S ADATV\u00c1LTOZ\u00c1S BEJELENT\u0150 SZEM\u00c9LYESADATOK AD\u00d3EL\u0150LEG NYILATKOZAT 25 \u00c9V ALATTI \u00c9RV\u00c9NYES\u00cdT\u00c9S MELL\u0150Z\u00c9S 2022 AD\u00d3EL\u0150LEG NYILATKOZAT CSAL\u00c1DI KEDVEZM\u00c9NY 2022 AD\u00d3EL\u0150LEG NYILATKOZAT ELS\u0150 H\u00c1ZASOK KEDVEZM\u00c9NYE 2022 AD\u00d3EL\u0150LEG NYILATKOZAT K\u00d6LTS\u00c9GEKR\u0150L 2022 AD\u00d3EL\u0150LEG NYILATKOZAT K\u00dcLF\u00d6LDI MAG\u00c1NSZEM\u00c9LY 2022 AD\u00d3EL\u0150LEG NYILATKOZAT N\u00c9T\u00c1K 2022 AD\u00d3EL\u0150LEG NYILATKOZAT SZEM\u00c9LYI KEDVEZM\u00c9NY 2022 HOZZ\u00c1J\u00c1RUL\u00c1SI NYILATKOZAT MUNK\u00c1LTAT\u00d3IHOZ K\u00c9RELEM- FIZET\u00c9S N\u00c9LK\u00dcLI SZABADS\u00c1G K\u00c9RELEM- FIZET\u00c9SI [&hellip;]<\/p>\n","protected":false},"author":1,"featured_media":0,"parent":0,"menu_order":0,"comment_status":"closed","ping_status":"closed","template":"","meta":{"_acf_changed":false,"footnotes":""},"class_list":["post-176","page","type-page","status-publish","hentry"],"acf":[],"yoast_head":"<!-- This site is optimized with the Yoast SEO plugin v25.3 - https:\/\/yoast.com\/wordpress\/plugins\/seo\/ -->\n<title>Nyomtatv\u00e1nyok - Delego<\/title>\n<meta name=\"robots\" content=\"index, follow, max-snippet:-1, max-image-preview:large, max-video-preview:-1\" \/>\n<link rel=\"canonical\" href=\"https:\/\/delego.hu\/hu\/nyomtatvanyok\/\" \/>\n<meta property=\"og:locale\" content=\"hu_HU\" \/>\n<meta property=\"og:type\" content=\"article\" \/>\n<meta property=\"og:title\" content=\"Nyomtatv\u00e1nyok - Delego\" \/>\n<meta property=\"og:description\" content=\"ADATV\u00c1LTOZ\u00c1S BEJELENT\u0150 KAPCSOLATTART\u00c1S ADATV\u00c1LTOZ\u00c1S BEJELENT\u0150 MUNK\u00c1BAJ\u00c1R\u00c1S ADATV\u00c1LTOZ\u00c1S BEJELENT\u0150 SZEM\u00c9LYESADATOK AD\u00d3EL\u0150LEG NYILATKOZAT 25 \u00c9V ALATTI \u00c9RV\u00c9NYES\u00cdT\u00c9S MELL\u0150Z\u00c9S 2022 AD\u00d3EL\u0150LEG NYILATKOZAT CSAL\u00c1DI KEDVEZM\u00c9NY 2022 AD\u00d3EL\u0150LEG NYILATKOZAT ELS\u0150 H\u00c1ZASOK KEDVEZM\u00c9NYE 2022 AD\u00d3EL\u0150LEG NYILATKOZAT K\u00d6LTS\u00c9GEKR\u0150L 2022 AD\u00d3EL\u0150LEG NYILATKOZAT K\u00dcLF\u00d6LDI MAG\u00c1NSZEM\u00c9LY 2022 AD\u00d3EL\u0150LEG NYILATKOZAT N\u00c9T\u00c1K 2022 AD\u00d3EL\u0150LEG NYILATKOZAT SZEM\u00c9LYI KEDVEZM\u00c9NY 2022 HOZZ\u00c1J\u00c1RUL\u00c1SI NYILATKOZAT MUNK\u00c1LTAT\u00d3IHOZ K\u00c9RELEM- FIZET\u00c9S N\u00c9LK\u00dcLI SZABADS\u00c1G K\u00c9RELEM- FIZET\u00c9SI [&hellip;]\" \/>\n<meta property=\"og:url\" content=\"https:\/\/delego.hu\/hu\/nyomtatvanyok\/\" \/>\n<meta property=\"og:site_name\" content=\"Delego\" \/>\n<meta property=\"article:modified_time\" content=\"2024-07-12T08:59:43+00:00\" \/>\n<meta name=\"twitter:card\" content=\"summary_large_image\" \/>\n<meta name=\"twitter:label1\" content=\"Becs\u00fclt olvas\u00e1si id\u0151\" \/>\n\t<meta name=\"twitter:data1\" content=\"2 perc\" \/>\n<script type=\"application\/ld+json\" class=\"yoast-schema-graph\">{\"@context\":\"https:\/\/schema.org\",\"@graph\":[{\"@type\":\"WebPage\",\"@id\":\"https:\/\/delego.hu\/hu\/nyomtatvanyok\/\",\"url\":\"https:\/\/delego.hu\/hu\/nyomtatvanyok\/\",\"name\":\"Nyomtatv\u00e1nyok - Delego\",\"isPartOf\":{\"@id\":\"https:\/\/delego.hu\/ru\/#website\"},\"datePublished\":\"2024-07-12T08:27:06+00:00\",\"dateModified\":\"2024-07-12T08:59:43+00:00\",\"breadcrumb\":{\"@id\":\"https:\/\/delego.hu\/hu\/nyomtatvanyok\/#breadcrumb\"},\"inLanguage\":\"hu\",\"potentialAction\":[{\"@type\":\"ReadAction\",\"target\":[\"https:\/\/delego.hu\/hu\/nyomtatvanyok\/\"]}]},{\"@type\":\"BreadcrumbList\",\"@id\":\"https:\/\/delego.hu\/hu\/nyomtatvanyok\/#breadcrumb\",\"itemListElement\":[{\"@type\":\"ListItem\",\"position\":1,\"name\":\"Kezd\u0151lap\",\"item\":\"https:\/\/delego.hu\/hu\/\"},{\"@type\":\"ListItem\",\"position\":2,\"name\":\"Nyomtatv\u00e1nyok\"}]},{\"@type\":\"WebSite\",\"@id\":\"https:\/\/delego.hu\/ru\/#website\",\"url\":\"https:\/\/delego.hu\/ru\/\",\"name\":\"Delego\",\"description\":\"\",\"publisher\":{\"@id\":\"https:\/\/delego.hu\/ru\/#organization\"},\"potentialAction\":[{\"@type\":\"SearchAction\",\"target\":{\"@type\":\"EntryPoint\",\"urlTemplate\":\"https:\/\/delego.hu\/ru\/?s={search_term_string}\"},\"query-input\":{\"@type\":\"PropertyValueSpecification\",\"valueRequired\":true,\"valueName\":\"search_term_string\"}}],\"inLanguage\":\"hu\"},{\"@type\":\"Organization\",\"@id\":\"https:\/\/delego.hu\/ru\/#organization\",\"name\":\"Delego\",\"url\":\"https:\/\/delego.hu\/ru\/\",\"logo\":{\"@type\":\"ImageObject\",\"inLanguage\":\"hu\",\"@id\":\"https:\/\/delego.hu\/ru\/#\/schema\/logo\/image\/\",\"url\":\"https:\/\/delego.hu\/wp-content\/uploads\/2024\/07\/logodelego.png\",\"contentUrl\":\"https:\/\/delego.hu\/wp-content\/uploads\/2024\/07\/logodelego.png\",\"width\":117,\"height\":50,\"caption\":\"Delego\"},\"image\":{\"@id\":\"https:\/\/delego.hu\/ru\/#\/schema\/logo\/image\/\"}}]}<\/script>\n<!-- \/ Yoast SEO plugin. -->","yoast_head_json":{"title":"Nyomtatv\u00e1nyok - Delego","robots":{"index":"index","follow":"follow","max-snippet":"max-snippet:-1","max-image-preview":"max-image-preview:large","max-video-preview":"max-video-preview:-1"},"canonical":"https:\/\/delego.hu\/hu\/nyomtatvanyok\/","og_locale":"hu_HU","og_type":"article","og_title":"Nyomtatv\u00e1nyok - Delego","og_description":"ADATV\u00c1LTOZ\u00c1S BEJELENT\u0150 KAPCSOLATTART\u00c1S ADATV\u00c1LTOZ\u00c1S BEJELENT\u0150 MUNK\u00c1BAJ\u00c1R\u00c1S ADATV\u00c1LTOZ\u00c1S BEJELENT\u0150 SZEM\u00c9LYESADATOK AD\u00d3EL\u0150LEG NYILATKOZAT 25 \u00c9V ALATTI \u00c9RV\u00c9NYES\u00cdT\u00c9S MELL\u0150Z\u00c9S 2022 AD\u00d3EL\u0150LEG NYILATKOZAT CSAL\u00c1DI KEDVEZM\u00c9NY 2022 AD\u00d3EL\u0150LEG NYILATKOZAT ELS\u0150 H\u00c1ZASOK KEDVEZM\u00c9NYE 2022 AD\u00d3EL\u0150LEG NYILATKOZAT K\u00d6LTS\u00c9GEKR\u0150L 2022 AD\u00d3EL\u0150LEG NYILATKOZAT K\u00dcLF\u00d6LDI MAG\u00c1NSZEM\u00c9LY 2022 AD\u00d3EL\u0150LEG NYILATKOZAT N\u00c9T\u00c1K 2022 AD\u00d3EL\u0150LEG NYILATKOZAT SZEM\u00c9LYI KEDVEZM\u00c9NY 2022 HOZZ\u00c1J\u00c1RUL\u00c1SI NYILATKOZAT MUNK\u00c1LTAT\u00d3IHOZ K\u00c9RELEM- FIZET\u00c9S N\u00c9LK\u00dcLI SZABADS\u00c1G K\u00c9RELEM- FIZET\u00c9SI [&hellip;]","og_url":"https:\/\/delego.hu\/hu\/nyomtatvanyok\/","og_site_name":"Delego","article_modified_time":"2024-07-12T08:59:43+00:00","twitter_card":"summary_large_image","twitter_misc":{"Becs\u00fclt olvas\u00e1si id\u0151":"2 perc"},"schema":{"@context":"https:\/\/schema.org","@graph":[{"@type":"WebPage","@id":"https:\/\/delego.hu\/hu\/nyomtatvanyok\/","url":"https:\/\/delego.hu\/hu\/nyomtatvanyok\/","name":"Nyomtatv\u00e1nyok - Delego","isPartOf":{"@id":"https:\/\/delego.hu\/ru\/#website"},"datePublished":"2024-07-12T08:27:06+00:00","dateModified":"2024-07-12T08:59:43+00:00","breadcrumb":{"@id":"https:\/\/delego.hu\/hu\/nyomtatvanyok\/#breadcrumb"},"inLanguage":"hu","potentialAction":[{"@type":"ReadAction","target":["https:\/\/delego.hu\/hu\/nyomtatvanyok\/"]}]},{"@type":"BreadcrumbList","@id":"https:\/\/delego.hu\/hu\/nyomtatvanyok\/#breadcrumb","itemListElement":[{"@type":"ListItem","position":1,"name":"Kezd\u0151lap","item":"https:\/\/delego.hu\/hu\/"},{"@type":"ListItem","position":2,"name":"Nyomtatv\u00e1nyok"}]},{"@type":"WebSite","@id":"https:\/\/delego.hu\/ru\/#website","url":"https:\/\/delego.hu\/ru\/","name":"Delego","description":"","publisher":{"@id":"https:\/\/delego.hu\/ru\/#organization"},"potentialAction":[{"@type":"SearchAction","target":{"@type":"EntryPoint","urlTemplate":"https:\/\/delego.hu\/ru\/?s={search_term_string}"},"query-input":{"@type":"PropertyValueSpecification","valueRequired":true,"valueName":"search_term_string"}}],"inLanguage":"hu"},{"@type":"Organization","@id":"https:\/\/delego.hu\/ru\/#organization","name":"Delego","url":"https:\/\/delego.hu\/ru\/","logo":{"@type":"ImageObject","inLanguage":"hu","@id":"https:\/\/delego.hu\/ru\/#\/schema\/logo\/image\/","url":"https:\/\/delego.hu\/wp-content\/uploads\/2024\/07\/logodelego.png","contentUrl":"https:\/\/delego.hu\/wp-content\/uploads\/2024\/07\/logodelego.png","width":117,"height":50,"caption":"Delego"},"image":{"@id":"https:\/\/delego.hu\/ru\/#\/schema\/logo\/image\/"}}]}},"_links":{"self":[{"href":"https:\/\/delego.hu\/hu\/wp-json\/wp\/v2\/pages\/176","targetHints":{"allow":["GET"]}}],"collection":[{"href":"https:\/\/delego.hu\/hu\/wp-json\/wp\/v2\/pages"}],"about":[{"href":"https:\/\/delego.hu\/hu\/wp-json\/wp\/v2\/types\/page"}],"author":[{"embeddable":true,"href":"https:\/\/delego.hu\/hu\/wp-json\/wp\/v2\/users\/1"}],"replies":[{"embeddable":true,"href":"https:\/\/delego.hu\/hu\/wp-json\/wp\/v2\/comments?post=176"}],"version-history":[{"count":4,"href":"https:\/\/delego.hu\/hu\/wp-json\/wp\/v2\/pages\/176\/revisions"}],"predecessor-version":[{"id":215,"href":"https:\/\/delego.hu\/hu\/wp-json\/wp\/v2\/pages\/176\/revisions\/215"}],"wp:attachment":[{"href":"https:\/\/delego.hu\/hu\/wp-json\/wp\/v2\/media?parent=176"}],"curies":[{"name":"wp","href":"https:\/\/api.w.org\/{rel}","templated":true}]}}