{"id":153,"date":"2024-07-12T07:46:46","date_gmt":"2024-07-12T07:46:46","guid":{"rendered":"https:\/\/delego.hu\/?page_id=153"},"modified":"2024-07-12T07:55:45","modified_gmt":"2024-07-12T07:55:45","slug":"versenyjogi-megfeleles","status":"publish","type":"page","link":"https:\/\/delego.hu\/hu\/versenyjogi-megfeleles\/","title":{"rendered":"Versenyjogi megfelel\u00e9s"},"content":{"rendered":"\t\t<div data-elementor-type=\"wp-page\" data-elementor-id=\"153\" class=\"elementor elementor-153\" data-elementor-post-type=\"page\">\n\t\t\t\t<div class=\"elementor-element elementor-element-8892669 e-flex e-con-boxed e-con e-parent\" data-id=\"8892669\" data-element_type=\"container\" data-e-type=\"container\">\n\t\t\t\t\t<div class=\"e-con-inner\">\n\t\t<div class=\"elementor-element elementor-element-bdb9551 e-con-full e-flex e-con e-child\" data-id=\"bdb9551\" data-element_type=\"container\" data-e-type=\"container\">\n\t\t\t\t<div data-dce-title-color=\"#000000\" class=\"elementor-element elementor-element-0a1d298 elementor-widget elementor-widget-heading\" data-id=\"0a1d298\" data-element_type=\"widget\" data-e-type=\"widget\" data-widget_type=\"heading.default\">\n\t\t\t\t<div class=\"elementor-widget-container\">\n\t\t\t\t\t<h2 class=\"elementor-heading-title elementor-size-default\">VERSENYJOGI MEGFELEL\u00c9S (COMPLIANCE POLICY)<\/h2>\t\t\t\t<\/div>\n\t\t\t\t<\/div>\n\t\t\t\t<div data-dce-text-color=\"#000000\" class=\"elementor-element elementor-element-c5d5e2e elementor-widget elementor-widget-text-editor\" data-id=\"c5d5e2e\" data-element_type=\"widget\" data-e-type=\"widget\" data-widget_type=\"text-editor.default\">\n\t\t\t\t<div class=\"elementor-widget-container\">\n\t\t\t\t\t\t\t\t\t<p>A Delego mindent megtesz annak \u00e9rdek\u00e9ben, hogy a hat\u00e1lyos versenyjog szab\u00e1lyainak keretei k\u00f6z\u00f6tt m\u0171k\u00f6dj\u00f6n. T\u00e1rsas\u00e1gunkn\u00e1l olyan jog\u00e1szok \u00e1ltal ir\u00e1ny\u00edtott \u00e9s ellen\u0151rz\u00f6tt komplex megfelel\u00e9si program van alkalmaz\u00e1sban, amely mag\u00e1ban foglalja munkav\u00e1llal\u00f3ink rendszeres versenyjogi k\u00e9pz\u00e9s\u00e9t \u00e9s a k\u00e9pz\u00e9sen szerzett tud\u00e1sanyag vizsg\u00e1val val\u00f3 ellen\u0151rz\u00e9s\u00e9t. Tov\u00e1bb\u00e1 \u00fcgyvezet\u0151i utas\u00edt\u00e1s form\u00e1j\u00e1ban a versenyjog r\u00e9szleteire kiterjed\u0151 k\u00f6vetelm\u00e9nyrendszert l\u00e9ptett\u00fcnk hat\u00e1lyba, melynek betart\u00e1s\u00e1t munkav\u00e1llal\u00f3inkt\u00f3l szigor\u00faan megk\u00f6vetelj\u00fck \u00e9s amelynek \u00e1lland\u00f3 ellen\u0151rz\u00e9se az \u00faj versenyjogi k\u00f6vetelm\u00e9nyeknek val\u00f3 megfeleltet\u00e9se t\u00e1rsas\u00e1gunk alapvet\u0151 feladatai \u00e9s c\u00e9ljai k\u00f6z\u00e9 tartozik. Rendszeres \u00e9venk\u00e9nt megism\u00e9telt, valamint az \u00faj bel\u00e9p\u0151 munkav\u00e1llal\u00f3k sz\u00e1m\u00e1ra k\u00f6telez\u0151 tr\u00e9ninget tartunk.<u><\/u><u><\/u><\/p><p>T\u00e1rsas\u00e1gunk elk\u00f6telezett a jogszab\u00e1lyok betart\u00e1sa mellett \u00e9s ugyanezen elk\u00f6telezetts\u00e9get v\u00e1rja el munkav\u00e1llal\u00f3it\u00f3l is.<\/p>\t\t\t\t\t\t\t\t<\/div>\n\t\t\t\t<\/div>\n\t\t\t\t<\/div>\n\t\t\t\t\t<\/div>\n\t\t\t\t<\/div>\n\t\t\t\t<\/div>\n\t\t","protected":false},"excerpt":{"rendered":"<p>VERSENYJOGI MEGFELEL\u00c9S (COMPLIANCE POLICY) A Delego mindent megtesz annak \u00e9rdek\u00e9ben, hogy a hat\u00e1lyos versenyjog szab\u00e1lyainak keretei k\u00f6z\u00f6tt m\u0171k\u00f6dj\u00f6n. T\u00e1rsas\u00e1gunkn\u00e1l olyan jog\u00e1szok \u00e1ltal ir\u00e1ny\u00edtott \u00e9s ellen\u0151rz\u00f6tt komplex megfelel\u00e9si program van alkalmaz\u00e1sban, amely mag\u00e1ban foglalja munkav\u00e1llal\u00f3ink rendszeres versenyjogi k\u00e9pz\u00e9s\u00e9t \u00e9s a k\u00e9pz\u00e9sen szerzett tud\u00e1sanyag vizsg\u00e1val val\u00f3 ellen\u0151rz\u00e9s\u00e9t. Tov\u00e1bb\u00e1 \u00fcgyvezet\u0151i utas\u00edt\u00e1s form\u00e1j\u00e1ban a versenyjog r\u00e9szleteire kiterjed\u0151 k\u00f6vetelm\u00e9nyrendszert l\u00e9ptett\u00fcnk [&hellip;]<\/p>\n","protected":false},"author":1,"featured_media":0,"parent":0,"menu_order":0,"comment_status":"closed","ping_status":"closed","template":"","meta":{"_acf_changed":false,"footnotes":""},"class_list":["post-153","page","type-page","status-publish","hentry"],"acf":[],"yoast_head":"<!-- This site is optimized with the Yoast SEO plugin v25.3 - https:\/\/yoast.com\/wordpress\/plugins\/seo\/ -->\n<title>Versenyjogi megfelel\u00e9s - Delego<\/title>\n<meta name=\"robots\" content=\"index, follow, max-snippet:-1, max-image-preview:large, max-video-preview:-1\" \/>\n<link rel=\"canonical\" href=\"https:\/\/delego.hu\/hu\/versenyjogi-megfeleles\/\" \/>\n<meta property=\"og:locale\" content=\"hu_HU\" \/>\n<meta property=\"og:type\" content=\"article\" \/>\n<meta property=\"og:title\" content=\"Versenyjogi megfelel\u00e9s - Delego\" \/>\n<meta property=\"og:description\" content=\"VERSENYJOGI MEGFELEL\u00c9S (COMPLIANCE POLICY) A Delego mindent megtesz annak \u00e9rdek\u00e9ben, hogy a hat\u00e1lyos versenyjog szab\u00e1lyainak keretei k\u00f6z\u00f6tt m\u0171k\u00f6dj\u00f6n. T\u00e1rsas\u00e1gunkn\u00e1l olyan jog\u00e1szok \u00e1ltal ir\u00e1ny\u00edtott \u00e9s ellen\u0151rz\u00f6tt komplex megfelel\u00e9si program van alkalmaz\u00e1sban, amely mag\u00e1ban foglalja munkav\u00e1llal\u00f3ink rendszeres versenyjogi k\u00e9pz\u00e9s\u00e9t \u00e9s a k\u00e9pz\u00e9sen szerzett tud\u00e1sanyag vizsg\u00e1val val\u00f3 ellen\u0151rz\u00e9s\u00e9t. Tov\u00e1bb\u00e1 \u00fcgyvezet\u0151i utas\u00edt\u00e1s form\u00e1j\u00e1ban a versenyjog r\u00e9szleteire kiterjed\u0151 k\u00f6vetelm\u00e9nyrendszert l\u00e9ptett\u00fcnk [&hellip;]\" \/>\n<meta property=\"og:url\" content=\"https:\/\/delego.hu\/hu\/versenyjogi-megfeleles\/\" \/>\n<meta property=\"og:site_name\" content=\"Delego\" \/>\n<meta property=\"article:modified_time\" content=\"2024-07-12T07:55:45+00:00\" \/>\n<meta name=\"twitter:card\" content=\"summary_large_image\" \/>\n<meta name=\"twitter:label1\" content=\"Becs\u00fclt olvas\u00e1si id\u0151\" \/>\n\t<meta name=\"twitter:data1\" content=\"1 perc\" \/>\n<script type=\"application\/ld+json\" class=\"yoast-schema-graph\">{\"@context\":\"https:\/\/schema.org\",\"@graph\":[{\"@type\":\"WebPage\",\"@id\":\"https:\/\/delego.hu\/hu\/versenyjogi-megfeleles\/\",\"url\":\"https:\/\/delego.hu\/hu\/versenyjogi-megfeleles\/\",\"name\":\"Versenyjogi megfelel\u00e9s - Delego\",\"isPartOf\":{\"@id\":\"https:\/\/delego.hu\/ru\/#website\"},\"datePublished\":\"2024-07-12T07:46:46+00:00\",\"dateModified\":\"2024-07-12T07:55:45+00:00\",\"breadcrumb\":{\"@id\":\"https:\/\/delego.hu\/hu\/versenyjogi-megfeleles\/#breadcrumb\"},\"inLanguage\":\"hu\",\"potentialAction\":[{\"@type\":\"ReadAction\",\"target\":[\"https:\/\/delego.hu\/hu\/versenyjogi-megfeleles\/\"]}]},{\"@type\":\"BreadcrumbList\",\"@id\":\"https:\/\/delego.hu\/hu\/versenyjogi-megfeleles\/#breadcrumb\",\"itemListElement\":[{\"@type\":\"ListItem\",\"position\":1,\"name\":\"Kezd\u0151lap\",\"item\":\"https:\/\/delego.hu\/hu\/\"},{\"@type\":\"ListItem\",\"position\":2,\"name\":\"Versenyjogi megfelel\u00e9s\"}]},{\"@type\":\"WebSite\",\"@id\":\"https:\/\/delego.hu\/ru\/#website\",\"url\":\"https:\/\/delego.hu\/ru\/\",\"name\":\"Delego\",\"description\":\"\",\"publisher\":{\"@id\":\"https:\/\/delego.hu\/ru\/#organization\"},\"potentialAction\":[{\"@type\":\"SearchAction\",\"target\":{\"@type\":\"EntryPoint\",\"urlTemplate\":\"https:\/\/delego.hu\/ru\/?s={search_term_string}\"},\"query-input\":{\"@type\":\"PropertyValueSpecification\",\"valueRequired\":true,\"valueName\":\"search_term_string\"}}],\"inLanguage\":\"hu\"},{\"@type\":\"Organization\",\"@id\":\"https:\/\/delego.hu\/ru\/#organization\",\"name\":\"Delego\",\"url\":\"https:\/\/delego.hu\/ru\/\",\"logo\":{\"@type\":\"ImageObject\",\"inLanguage\":\"hu\",\"@id\":\"https:\/\/delego.hu\/ru\/#\/schema\/logo\/image\/\",\"url\":\"https:\/\/delego.hu\/wp-content\/uploads\/2024\/07\/logodelego.png\",\"contentUrl\":\"https:\/\/delego.hu\/wp-content\/uploads\/2024\/07\/logodelego.png\",\"width\":117,\"height\":50,\"caption\":\"Delego\"},\"image\":{\"@id\":\"https:\/\/delego.hu\/ru\/#\/schema\/logo\/image\/\"}}]}<\/script>\n<!-- \/ Yoast SEO plugin. -->","yoast_head_json":{"title":"Versenyjogi megfelel\u00e9s - Delego","robots":{"index":"index","follow":"follow","max-snippet":"max-snippet:-1","max-image-preview":"max-image-preview:large","max-video-preview":"max-video-preview:-1"},"canonical":"https:\/\/delego.hu\/hu\/versenyjogi-megfeleles\/","og_locale":"hu_HU","og_type":"article","og_title":"Versenyjogi megfelel\u00e9s - Delego","og_description":"VERSENYJOGI MEGFELEL\u00c9S (COMPLIANCE POLICY) A Delego mindent megtesz annak \u00e9rdek\u00e9ben, hogy a hat\u00e1lyos versenyjog szab\u00e1lyainak keretei k\u00f6z\u00f6tt m\u0171k\u00f6dj\u00f6n. T\u00e1rsas\u00e1gunkn\u00e1l olyan jog\u00e1szok \u00e1ltal ir\u00e1ny\u00edtott \u00e9s ellen\u0151rz\u00f6tt komplex megfelel\u00e9si program van alkalmaz\u00e1sban, amely mag\u00e1ban foglalja munkav\u00e1llal\u00f3ink rendszeres versenyjogi k\u00e9pz\u00e9s\u00e9t \u00e9s a k\u00e9pz\u00e9sen szerzett tud\u00e1sanyag vizsg\u00e1val val\u00f3 ellen\u0151rz\u00e9s\u00e9t. Tov\u00e1bb\u00e1 \u00fcgyvezet\u0151i utas\u00edt\u00e1s form\u00e1j\u00e1ban a versenyjog r\u00e9szleteire kiterjed\u0151 k\u00f6vetelm\u00e9nyrendszert l\u00e9ptett\u00fcnk [&hellip;]","og_url":"https:\/\/delego.hu\/hu\/versenyjogi-megfeleles\/","og_site_name":"Delego","article_modified_time":"2024-07-12T07:55:45+00:00","twitter_card":"summary_large_image","twitter_misc":{"Becs\u00fclt olvas\u00e1si id\u0151":"1 perc"},"schema":{"@context":"https:\/\/schema.org","@graph":[{"@type":"WebPage","@id":"https:\/\/delego.hu\/hu\/versenyjogi-megfeleles\/","url":"https:\/\/delego.hu\/hu\/versenyjogi-megfeleles\/","name":"Versenyjogi megfelel\u00e9s - Delego","isPartOf":{"@id":"https:\/\/delego.hu\/ru\/#website"},"datePublished":"2024-07-12T07:46:46+00:00","dateModified":"2024-07-12T07:55:45+00:00","breadcrumb":{"@id":"https:\/\/delego.hu\/hu\/versenyjogi-megfeleles\/#breadcrumb"},"inLanguage":"hu","potentialAction":[{"@type":"ReadAction","target":["https:\/\/delego.hu\/hu\/versenyjogi-megfeleles\/"]}]},{"@type":"BreadcrumbList","@id":"https:\/\/delego.hu\/hu\/versenyjogi-megfeleles\/#breadcrumb","itemListElement":[{"@type":"ListItem","position":1,"name":"Kezd\u0151lap","item":"https:\/\/delego.hu\/hu\/"},{"@type":"ListItem","position":2,"name":"Versenyjogi megfelel\u00e9s"}]},{"@type":"WebSite","@id":"https:\/\/delego.hu\/ru\/#website","url":"https:\/\/delego.hu\/ru\/","name":"Delego","description":"","publisher":{"@id":"https:\/\/delego.hu\/ru\/#organization"},"potentialAction":[{"@type":"SearchAction","target":{"@type":"EntryPoint","urlTemplate":"https:\/\/delego.hu\/ru\/?s={search_term_string}"},"query-input":{"@type":"PropertyValueSpecification","valueRequired":true,"valueName":"search_term_string"}}],"inLanguage":"hu"},{"@type":"Organization","@id":"https:\/\/delego.hu\/ru\/#organization","name":"Delego","url":"https:\/\/delego.hu\/ru\/","logo":{"@type":"ImageObject","inLanguage":"hu","@id":"https:\/\/delego.hu\/ru\/#\/schema\/logo\/image\/","url":"https:\/\/delego.hu\/wp-content\/uploads\/2024\/07\/logodelego.png","contentUrl":"https:\/\/delego.hu\/wp-content\/uploads\/2024\/07\/logodelego.png","width":117,"height":50,"caption":"Delego"},"image":{"@id":"https:\/\/delego.hu\/ru\/#\/schema\/logo\/image\/"}}]}},"_links":{"self":[{"href":"https:\/\/delego.hu\/hu\/wp-json\/wp\/v2\/pages\/153","targetHints":{"allow":["GET"]}}],"collection":[{"href":"https:\/\/delego.hu\/hu\/wp-json\/wp\/v2\/pages"}],"about":[{"href":"https:\/\/delego.hu\/hu\/wp-json\/wp\/v2\/types\/page"}],"author":[{"embeddable":true,"href":"https:\/\/delego.hu\/hu\/wp-json\/wp\/v2\/users\/1"}],"replies":[{"embeddable":true,"href":"https:\/\/delego.hu\/hu\/wp-json\/wp\/v2\/comments?post=153"}],"version-history":[{"count":4,"href":"https:\/\/delego.hu\/hu\/wp-json\/wp\/v2\/pages\/153\/revisions"}],"predecessor-version":[{"id":169,"href":"https:\/\/delego.hu\/hu\/wp-json\/wp\/v2\/pages\/153\/revisions\/169"}],"wp:attachment":[{"href":"https:\/\/delego.hu\/hu\/wp-json\/wp\/v2\/media?parent=153"}],"curies":[{"name":"wp","href":"https:\/\/api.w.org\/{rel}","templated":true}]}}