{"id":1543,"date":"2025-02-12T09:12:29","date_gmt":"2025-02-12T09:12:29","guid":{"rendered":"https:\/\/delego.hu\/?page_id=1543"},"modified":"2025-02-12T09:25:16","modified_gmt":"2025-02-12T09:25:16","slug":"outplacement-gondoskodo-elbocsatas","status":"publish","type":"page","link":"https:\/\/delego.hu\/en\/outplacement-gondoskodo-elbocsatas\/","title":{"rendered":"Outplacement - caring redundancy"},"content":{"rendered":"<div data-elementor-type=\"wp-page\" data-elementor-id=\"1543\" class=\"elementor elementor-1543\" data-elementor-post-type=\"page\">\n\t\t\t\t<div class=\"elementor-element elementor-element-5c6cd9b e-flex e-con-boxed e-con e-parent\" data-id=\"5c6cd9b\" data-element_type=\"container\" data-e-type=\"container\">\n\t\t\t\t\t<div class=\"e-con-inner\">\n\t\t\t\t<div data-dce-text-color=\"#000000\" class=\"elementor-element elementor-element-8894e6e elementor-widget elementor-widget-text-editor\" data-id=\"8894e6e\" data-element_type=\"widget\" data-e-type=\"widget\" data-widget_type=\"text-editor.default\">\n\t\t\t\t<div class=\"elementor-widget-container\">\n\t\t\t\t\t\t\t\t\t<h4 style=\"font-weight: 400; text-align: center;\"><b>Outplacement - Support for employees, solutions for employers<\/b><\/h4><p>\u00a0<\/p><p style=\"font-weight: 400;\">Downsizing is never an easy decision, but a responsible employer can help workers move on smoothly. Our outplacement service ensures that departing employees are given the right professional support and tools to find a new job.<\/p>\t\t\t\t\t\t\t\t<\/div>\n\t\t\t\t<\/div>\n\t\t\t\t\t<\/div>\n\t\t\t\t<\/div>\n\t\t<div data-dce-background-image-url=\"http:\/\/delego.hu\/wp-content\/uploads\/2025\/02\/downsizing.jpg\" class=\"elementor-element elementor-element-90c00ae e-flex e-con-boxed e-con e-parent\" data-id=\"90c00ae\" data-element_type=\"container\" data-e-type=\"container\" data-settings=\"{&quot;background_background&quot;:&quot;classic&quot;}\">\n\t\t\t\t\t<div class=\"e-con-inner\">\n\t\t<div class=\"elementor-element elementor-element-ca9aab8 e-con-full e-flex e-con e-child\" data-id=\"ca9aab8\" data-element_type=\"container\" data-e-type=\"container\">\n\t\t\t\t<div data-dce-title-color=\"#FFFFFF\" class=\"elementor-element elementor-element-0416c02 elementor-widget elementor-widget-heading\" data-id=\"0416c02\" data-element_type=\"widget\" data-e-type=\"widget\" data-widget_type=\"heading.default\">\n\t\t\t\t<div class=\"elementor-widget-container\">\n\t\t\t\t\t<h2 class=\"elementor-heading-title elementor-size-default\">\nWhat does our outplacement programme offer?<\/h2>\t\t\t\t<\/div>\n\t\t\t\t<\/div>\n\t\t\t\t<div data-dce-text-color=\"#FFFFFF\" class=\"elementor-element elementor-element-f310454 elementor-widget elementor-widget-text-editor\" data-id=\"f310454\" data-element_type=\"widget\" data-e-type=\"widget\" data-widget_type=\"text-editor.default\">\n\t\t\t\t<div class=\"elementor-widget-container\">\n\t\t\t\t\t\t\t\t\t<div class=\"wpb_text_column wpb_content_element\"><div class=\"wpb_wrapper\"><ul type=\"disc\"><li class=\"m_8445591813561521866MsoListParagraph translation-block\"><b>Individual and Group Career Counseling<\/b> \u2013 We help employees explore their opportunities, develop a career plan, and successfully secure employment.<u><\/u><u><\/u><\/li><li class=\"m_8445591813561521866MsoListParagraph translation-block\"><b>Resume and Interview Preparation<\/b> \u2013 Professional support with resume writing, cover letters, and interview techniques.<u><\/u><u><\/u><\/li><li class=\"m_8445591813561521866MsoListParagraph translation-block\"><b>Developing a Job Search Strategy<\/b> \u2013 Effective job search methods, building a network, and optimizing digital presence.<u><\/u><u><\/u><\/li><li class=\"m_8445591813561521866MsoListParagraph translation-block\"><b>Psychological Support and Motivation<\/b> \u2013 Psychological and mental health support to help navigate uncertain times.<u><\/u><u><\/u><\/li><li class=\"m_8445591813561521866MsoListParagraph translation-block\"><b>Employer Branding and Responsible HR Solutions<\/b> \u2013 The outplacement program is not only beneficial for employees but also helps preserve the company\u2019s reputation and internal morale.<\/li><\/ul><\/div><\/div>\t\t\t\t\t\t\t\t<\/div>\n\t\t\t\t<\/div>\n\t\t\t\t<\/div>\n\t\t<div class=\"elementor-element elementor-element-b7e249b e-con-full e-flex e-con e-child\" data-id=\"b7e249b\" data-element_type=\"container\" data-e-type=\"container\">\n\t\t\t\t<\/div>\n\t\t\t\t\t<\/div>\n\t\t\t\t<\/div>\n\t\t<div class=\"elementor-element elementor-element-3642a66 e-flex e-con-boxed e-con e-parent\" data-id=\"3642a66\" data-element_type=\"container\" data-e-type=\"container\">\n\t\t\t\t\t<div class=\"e-con-inner\">\n\t\t\t\t<div data-dce-text-color=\"#000000\" class=\"elementor-element elementor-element-d6f6385 elementor-widget elementor-widget-text-editor\" data-id=\"d6f6385\" data-element_type=\"widget\" data-e-type=\"widget\" data-widget_type=\"text-editor.default\">\n\t\t\t\t<div class=\"elementor-widget-container\">\n\t\t\t\t\t\t\t\t\t<p><b>Manage change in a humane and professional manner \u2013 entrust your outplacement process to us!<\/b><\/p>\t\t\t\t\t\t\t\t<\/div>\n\t\t\t\t<\/div>\n\t\t\t\t<div data-dce-background-color=\"#61CE7000\" class=\"elementor-element elementor-element-89e5795 elementor-align-left elementor-widget elementor-widget-button\" data-id=\"89e5795\" data-element_type=\"widget\" data-e-type=\"widget\" data-widget_type=\"button.default\">\n\t\t\t\t<div class=\"elementor-widget-container\">\n\t\t\t\t\t\t\t\t\t<div class=\"elementor-button-wrapper\">\n\t\t\t\t\t<a class=\"elementor-button elementor-button-link elementor-size-sm\" href=\"https:\/\/delego.hu\/en\/ajanlatkeres\/\">\n\t\t\t\t\t\t<span class=\"elementor-button-content-wrapper\">\n\t\t\t\t\t\t\t\t\t<span class=\"elementor-button-text\">Request a quote<\/span>\n\t\t\t\t\t<\/span>\n\t\t\t\t\t<\/a>\n\t\t\t\t<\/div>\n\t\t\t\t\t\t\t\t<\/div>\n\t\t\t\t<\/div>\n\t\t\t\t\t<\/div>\n\t\t\t\t<\/div>\n\t\t\t\t<\/div>","protected":false},"excerpt":{"rendered":"<p>Outplacement \u2013 T\u00e1mogat\u00e1s a munkav\u00e1llal\u00f3knak, megold\u00e1s a munk\u00e1ltat\u00f3knak \u00a0 A le\u00e9p\u00edt\u00e9s soha nem k\u00f6nny\u0171 d\u00f6nt\u00e9s, de a felel\u0151s munk\u00e1ltat\u00f3i hozz\u00e1\u00e1ll\u00e1s seg\u00edthet a dolgoz\u00f3k z\u00f6kken\u0151mentes tov\u00e1bbl\u00e9p\u00e9s\u00e9ben. Outplacement szolg\u00e1ltat\u00e1sunkkal biztos\u00edtjuk, hogy a t\u00e1voz\u00f3 munkav\u00e1llal\u00f3k megfelel\u0151 szakmai t\u00e1mogat\u00e1st \u00e9s eszk\u00f6z\u00f6ket kapjanak egy \u00faj \u00e1ll\u00e1s megtal\u00e1l\u00e1s\u00e1hoz. Mit ny\u00fajt az outplacement programunk? Egy\u00e9ni \u00e9s csoportos karriertan\u00e1csad\u00e1s\u00a0\u2013 Seg\u00edt\u00fcnk a munkav\u00e1llal\u00f3knak felt\u00e9rk\u00e9pezni [&hellip;]<\/p>","protected":false},"author":1,"featured_media":0,"parent":0,"menu_order":0,"comment_status":"closed","ping_status":"closed","template":"","meta":{"_acf_changed":false,"footnotes":""},"class_list":["post-1543","page","type-page","status-publish","hentry"],"acf":[],"yoast_head":"<!-- This site is optimized with the Yoast SEO plugin v25.3 - https:\/\/yoast.com\/wordpress\/plugins\/seo\/ -->\n<title>Outplacement \u2013 gondoskod\u00f3 elbocs\u00e1t\u00e1s - Delego<\/title>\n<meta name=\"robots\" content=\"index, follow, max-snippet:-1, max-image-preview:large, max-video-preview:-1\" \/>\n<link rel=\"canonical\" href=\"https:\/\/delego.hu\/en\/outplacement-gondoskodo-elbocsatas\/\" \/>\n<meta property=\"og:locale\" content=\"en_GB\" \/>\n<meta property=\"og:type\" content=\"article\" \/>\n<meta property=\"og:title\" content=\"Outplacement \u2013 gondoskod\u00f3 elbocs\u00e1t\u00e1s - Delego\" \/>\n<meta property=\"og:description\" content=\"Outplacement \u2013 T\u00e1mogat\u00e1s a munkav\u00e1llal\u00f3knak, megold\u00e1s a munk\u00e1ltat\u00f3knak \u00a0 A le\u00e9p\u00edt\u00e9s soha nem k\u00f6nny\u0171 d\u00f6nt\u00e9s, de a felel\u0151s munk\u00e1ltat\u00f3i hozz\u00e1\u00e1ll\u00e1s seg\u00edthet a dolgoz\u00f3k z\u00f6kken\u0151mentes tov\u00e1bbl\u00e9p\u00e9s\u00e9ben. Outplacement szolg\u00e1ltat\u00e1sunkkal biztos\u00edtjuk, hogy a t\u00e1voz\u00f3 munkav\u00e1llal\u00f3k megfelel\u0151 szakmai t\u00e1mogat\u00e1st \u00e9s eszk\u00f6z\u00f6ket kapjanak egy \u00faj \u00e1ll\u00e1s megtal\u00e1l\u00e1s\u00e1hoz. Mit ny\u00fajt az outplacement programunk? Egy\u00e9ni \u00e9s csoportos karriertan\u00e1csad\u00e1s\u00a0\u2013 Seg\u00edt\u00fcnk a munkav\u00e1llal\u00f3knak felt\u00e9rk\u00e9pezni [&hellip;]\" \/>\n<meta property=\"og:url\" content=\"https:\/\/delego.hu\/en\/outplacement-gondoskodo-elbocsatas\/\" \/>\n<meta property=\"og:site_name\" content=\"Delego\" \/>\n<meta property=\"article:modified_time\" content=\"2025-02-12T09:25:16+00:00\" \/>\n<meta name=\"twitter:card\" content=\"summary_large_image\" \/>\n<meta name=\"twitter:label1\" content=\"Estimated reading time\" \/>\n\t<meta name=\"twitter:data1\" content=\"1 minute\" \/>\n<script type=\"application\/ld+json\" class=\"yoast-schema-graph\">{\"@context\":\"https:\/\/schema.org\",\"@graph\":[{\"@type\":\"WebPage\",\"@id\":\"https:\/\/delego.hu\/hu\/outplacement-gondoskodo-elbocsatas\/\",\"url\":\"https:\/\/delego.hu\/hu\/outplacement-gondoskodo-elbocsatas\/\",\"name\":\"Outplacement \u2013 gondoskod\u00f3 elbocs\u00e1t\u00e1s - Delego\",\"isPartOf\":{\"@id\":\"https:\/\/delego.hu\/ru\/#website\"},\"datePublished\":\"2025-02-12T09:12:29+00:00\",\"dateModified\":\"2025-02-12T09:25:16+00:00\",\"breadcrumb\":{\"@id\":\"https:\/\/delego.hu\/hu\/outplacement-gondoskodo-elbocsatas\/#breadcrumb\"},\"inLanguage\":\"en-GB\",\"potentialAction\":[{\"@type\":\"ReadAction\",\"target\":[\"https:\/\/delego.hu\/hu\/outplacement-gondoskodo-elbocsatas\/\"]}]},{\"@type\":\"BreadcrumbList\",\"@id\":\"https:\/\/delego.hu\/hu\/outplacement-gondoskodo-elbocsatas\/#breadcrumb\",\"itemListElement\":[{\"@type\":\"ListItem\",\"position\":1,\"name\":\"Kezd\u0151lap\",\"item\":\"https:\/\/delego.hu\/hu\/\"},{\"@type\":\"ListItem\",\"position\":2,\"name\":\"Outplacement \u2013 gondoskod\u00f3 elbocs\u00e1t\u00e1s\"}]},{\"@type\":\"WebSite\",\"@id\":\"https:\/\/delego.hu\/ru\/#website\",\"url\":\"https:\/\/delego.hu\/ru\/\",\"name\":\"Delego\",\"description\":\"\",\"publisher\":{\"@id\":\"https:\/\/delego.hu\/ru\/#organization\"},\"potentialAction\":[{\"@type\":\"SearchAction\",\"target\":{\"@type\":\"EntryPoint\",\"urlTemplate\":\"https:\/\/delego.hu\/ru\/?s={search_term_string}\"},\"query-input\":{\"@type\":\"PropertyValueSpecification\",\"valueRequired\":true,\"valueName\":\"search_term_string\"}}],\"inLanguage\":\"en-GB\"},{\"@type\":\"Organization\",\"@id\":\"https:\/\/delego.hu\/ru\/#organization\",\"name\":\"Delego\",\"url\":\"https:\/\/delego.hu\/ru\/\",\"logo\":{\"@type\":\"ImageObject\",\"inLanguage\":\"en-GB\",\"@id\":\"https:\/\/delego.hu\/ru\/#\/schema\/logo\/image\/\",\"url\":\"https:\/\/delego.hu\/wp-content\/uploads\/2024\/07\/logodelego.png\",\"contentUrl\":\"https:\/\/delego.hu\/wp-content\/uploads\/2024\/07\/logodelego.png\",\"width\":117,\"height\":50,\"caption\":\"Delego\"},\"image\":{\"@id\":\"https:\/\/delego.hu\/ru\/#\/schema\/logo\/image\/\"}}]}<\/script>\n<!-- \/ Yoast SEO plugin. -->","yoast_head_json":{"title":"Outplacement \u2013 gondoskod\u00f3 elbocs\u00e1t\u00e1s - Delego","robots":{"index":"index","follow":"follow","max-snippet":"max-snippet:-1","max-image-preview":"max-image-preview:large","max-video-preview":"max-video-preview:-1"},"canonical":"https:\/\/delego.hu\/en\/outplacement-gondoskodo-elbocsatas\/","og_locale":"en_GB","og_type":"article","og_title":"Outplacement \u2013 gondoskod\u00f3 elbocs\u00e1t\u00e1s - Delego","og_description":"Outplacement \u2013 T\u00e1mogat\u00e1s a munkav\u00e1llal\u00f3knak, megold\u00e1s a munk\u00e1ltat\u00f3knak \u00a0 A le\u00e9p\u00edt\u00e9s soha nem k\u00f6nny\u0171 d\u00f6nt\u00e9s, de a felel\u0151s munk\u00e1ltat\u00f3i hozz\u00e1\u00e1ll\u00e1s seg\u00edthet a dolgoz\u00f3k z\u00f6kken\u0151mentes tov\u00e1bbl\u00e9p\u00e9s\u00e9ben. Outplacement szolg\u00e1ltat\u00e1sunkkal biztos\u00edtjuk, hogy a t\u00e1voz\u00f3 munkav\u00e1llal\u00f3k megfelel\u0151 szakmai t\u00e1mogat\u00e1st \u00e9s eszk\u00f6z\u00f6ket kapjanak egy \u00faj \u00e1ll\u00e1s megtal\u00e1l\u00e1s\u00e1hoz. Mit ny\u00fajt az outplacement programunk? Egy\u00e9ni \u00e9s csoportos karriertan\u00e1csad\u00e1s\u00a0\u2013 Seg\u00edt\u00fcnk a munkav\u00e1llal\u00f3knak felt\u00e9rk\u00e9pezni [&hellip;]","og_url":"https:\/\/delego.hu\/en\/outplacement-gondoskodo-elbocsatas\/","og_site_name":"Delego","article_modified_time":"2025-02-12T09:25:16+00:00","twitter_card":"summary_large_image","twitter_misc":{"Estimated reading time":"1 minute"},"schema":{"@context":"https:\/\/schema.org","@graph":[{"@type":"WebPage","@id":"https:\/\/delego.hu\/hu\/outplacement-gondoskodo-elbocsatas\/","url":"https:\/\/delego.hu\/hu\/outplacement-gondoskodo-elbocsatas\/","name":"Outplacement \u2013 gondoskod\u00f3 elbocs\u00e1t\u00e1s - Delego","isPartOf":{"@id":"https:\/\/delego.hu\/ru\/#website"},"datePublished":"2025-02-12T09:12:29+00:00","dateModified":"2025-02-12T09:25:16+00:00","breadcrumb":{"@id":"https:\/\/delego.hu\/hu\/outplacement-gondoskodo-elbocsatas\/#breadcrumb"},"inLanguage":"en-GB","potentialAction":[{"@type":"ReadAction","target":["https:\/\/delego.hu\/hu\/outplacement-gondoskodo-elbocsatas\/"]}]},{"@type":"BreadcrumbList","@id":"https:\/\/delego.hu\/hu\/outplacement-gondoskodo-elbocsatas\/#breadcrumb","itemListElement":[{"@type":"ListItem","position":1,"name":"Kezd\u0151lap","item":"https:\/\/delego.hu\/hu\/"},{"@type":"ListItem","position":2,"name":"Outplacement \u2013 gondoskod\u00f3 elbocs\u00e1t\u00e1s"}]},{"@type":"WebSite","@id":"https:\/\/delego.hu\/ru\/#website","url":"https:\/\/delego.hu\/ru\/","name":"Delego","description":"","publisher":{"@id":"https:\/\/delego.hu\/ru\/#organization"},"potentialAction":[{"@type":"SearchAction","target":{"@type":"EntryPoint","urlTemplate":"https:\/\/delego.hu\/ru\/?s={search_term_string}"},"query-input":{"@type":"PropertyValueSpecification","valueRequired":true,"valueName":"search_term_string"}}],"inLanguage":"en-GB"},{"@type":"Organization","@id":"https:\/\/delego.hu\/ru\/#organization","name":"Delego","url":"https:\/\/delego.hu\/ru\/","logo":{"@type":"ImageObject","inLanguage":"en-GB","@id":"https:\/\/delego.hu\/ru\/#\/schema\/logo\/image\/","url":"https:\/\/delego.hu\/wp-content\/uploads\/2024\/07\/logodelego.png","contentUrl":"https:\/\/delego.hu\/wp-content\/uploads\/2024\/07\/logodelego.png","width":117,"height":50,"caption":"Delego"},"image":{"@id":"https:\/\/delego.hu\/ru\/#\/schema\/logo\/image\/"}}]}},"_links":{"self":[{"href":"https:\/\/delego.hu\/en\/wp-json\/wp\/v2\/pages\/1543","targetHints":{"allow":["GET"]}}],"collection":[{"href":"https:\/\/delego.hu\/en\/wp-json\/wp\/v2\/pages"}],"about":[{"href":"https:\/\/delego.hu\/en\/wp-json\/wp\/v2\/types\/page"}],"author":[{"embeddable":true,"href":"https:\/\/delego.hu\/en\/wp-json\/wp\/v2\/users\/1"}],"replies":[{"embeddable":true,"href":"https:\/\/delego.hu\/en\/wp-json\/wp\/v2\/comments?post=1543"}],"version-history":[{"count":7,"href":"https:\/\/delego.hu\/en\/wp-json\/wp\/v2\/pages\/1543\/revisions"}],"predecessor-version":[{"id":1559,"href":"https:\/\/delego.hu\/en\/wp-json\/wp\/v2\/pages\/1543\/revisions\/1559"}],"wp:attachment":[{"href":"https:\/\/delego.hu\/en\/wp-json\/wp\/v2\/media?parent=1543"}],"curies":[{"name":"wp","href":"https:\/\/api.w.org\/{rel}","templated":true}]}}