{"id":153,"date":"2024-07-12T07:46:46","date_gmt":"2024-07-12T07:46:46","guid":{"rendered":"https:\/\/delego.hu\/?page_id=153"},"modified":"2024-07-12T07:55:45","modified_gmt":"2024-07-12T07:55:45","slug":"versenyjogi-megfeleles","status":"publish","type":"page","link":"https:\/\/delego.hu\/en\/versenyjogi-megfeleles\/","title":{"rendered":"Competition Law Compliance"},"content":{"rendered":"<div data-elementor-type=\"wp-page\" data-elementor-id=\"153\" class=\"elementor elementor-153\" data-elementor-post-type=\"page\">\n\t\t\t\t<div class=\"elementor-element elementor-element-8892669 e-flex e-con-boxed e-con e-parent\" data-id=\"8892669\" data-element_type=\"container\" data-e-type=\"container\">\n\t\t\t\t\t<div class=\"e-con-inner\">\n\t\t<div class=\"elementor-element elementor-element-bdb9551 e-con-full e-flex e-con e-child\" data-id=\"bdb9551\" data-element_type=\"container\" data-e-type=\"container\">\n\t\t\t\t<div data-dce-title-color=\"#000000\" class=\"elementor-element elementor-element-0a1d298 elementor-widget elementor-widget-heading\" data-id=\"0a1d298\" data-element_type=\"widget\" data-e-type=\"widget\" data-widget_type=\"heading.default\">\n\t\t\t\t<div class=\"elementor-widget-container\">\n\t\t\t\t\t<h2 class=\"elementor-heading-title elementor-size-default\">COMPETITION LAW COMPLIANCE<\/h2>\t\t\t\t<\/div>\n\t\t\t\t<\/div>\n\t\t\t\t<div data-dce-text-color=\"#000000\" class=\"elementor-element elementor-element-c5d5e2e elementor-widget elementor-widget-text-editor\" data-id=\"c5d5e2e\" data-element_type=\"widget\" data-e-type=\"widget\" data-widget_type=\"text-editor.default\">\n\t\t\t\t<div class=\"elementor-widget-container\">\n\t\t\t\t\t\t\t\t\t<p>Delego Ltd. will make every effort to operate within the rules of the competition law in force. Our company has a complex compliance program, managed, and monitored by lawyers, which includes regular competition law training for our employees and the verification of the knowledge acquired through the training by examination. We have also put in place a set of requirements covering the details of the competition policy in the form of a management directive, which we strictly require our employees to comply with and which we constantly monitor as part of our core tasks and objectives to ensure compliance with the new competition law requirements. The regular training is repeated annually and is mandatory for new employees.<u><\/u><u><\/u><\/p><p>We are committed to complying with the law and expect the same commitment from our employees.<\/p>\t\t\t\t\t\t\t\t<\/div>\n\t\t\t\t<\/div>\n\t\t\t\t<\/div>\n\t\t\t\t\t<\/div>\n\t\t\t\t<\/div>\n\t\t\t\t<\/div>","protected":false},"excerpt":{"rendered":"<p>VERSENYJOGI MEGFELEL\u00c9S (COMPLIANCE POLICY) A Delego mindent megtesz annak \u00e9rdek\u00e9ben, hogy a hat\u00e1lyos versenyjog szab\u00e1lyainak keretei k\u00f6z\u00f6tt m\u0171k\u00f6dj\u00f6n. T\u00e1rsas\u00e1gunkn\u00e1l olyan jog\u00e1szok \u00e1ltal ir\u00e1ny\u00edtott \u00e9s ellen\u0151rz\u00f6tt komplex megfelel\u00e9si program van alkalmaz\u00e1sban, amely mag\u00e1ban foglalja munkav\u00e1llal\u00f3ink rendszeres versenyjogi k\u00e9pz\u00e9s\u00e9t \u00e9s a k\u00e9pz\u00e9sen szerzett tud\u00e1sanyag vizsg\u00e1val val\u00f3 ellen\u0151rz\u00e9s\u00e9t. Tov\u00e1bb\u00e1 \u00fcgyvezet\u0151i utas\u00edt\u00e1s form\u00e1j\u00e1ban a versenyjog r\u00e9szleteire kiterjed\u0151 k\u00f6vetelm\u00e9nyrendszert l\u00e9ptett\u00fcnk [&hellip;]<\/p>","protected":false},"author":1,"featured_media":0,"parent":0,"menu_order":0,"comment_status":"closed","ping_status":"closed","template":"","meta":{"_acf_changed":false,"footnotes":""},"class_list":["post-153","page","type-page","status-publish","hentry"],"acf":[],"yoast_head":"<!-- This site is optimized with the Yoast SEO plugin v25.3 - https:\/\/yoast.com\/wordpress\/plugins\/seo\/ -->\n<title>Versenyjogi megfelel\u00e9s - Delego<\/title>\n<meta name=\"robots\" content=\"index, follow, max-snippet:-1, max-image-preview:large, max-video-preview:-1\" \/>\n<link rel=\"canonical\" href=\"https:\/\/delego.hu\/en\/versenyjogi-megfeleles\/\" \/>\n<meta property=\"og:locale\" content=\"en_GB\" \/>\n<meta property=\"og:type\" content=\"article\" \/>\n<meta property=\"og:title\" content=\"Versenyjogi megfelel\u00e9s - Delego\" \/>\n<meta property=\"og:description\" content=\"VERSENYJOGI MEGFELEL\u00c9S (COMPLIANCE POLICY) A Delego mindent megtesz annak \u00e9rdek\u00e9ben, hogy a hat\u00e1lyos versenyjog szab\u00e1lyainak keretei k\u00f6z\u00f6tt m\u0171k\u00f6dj\u00f6n. T\u00e1rsas\u00e1gunkn\u00e1l olyan jog\u00e1szok \u00e1ltal ir\u00e1ny\u00edtott \u00e9s ellen\u0151rz\u00f6tt komplex megfelel\u00e9si program van alkalmaz\u00e1sban, amely mag\u00e1ban foglalja munkav\u00e1llal\u00f3ink rendszeres versenyjogi k\u00e9pz\u00e9s\u00e9t \u00e9s a k\u00e9pz\u00e9sen szerzett tud\u00e1sanyag vizsg\u00e1val val\u00f3 ellen\u0151rz\u00e9s\u00e9t. Tov\u00e1bb\u00e1 \u00fcgyvezet\u0151i utas\u00edt\u00e1s form\u00e1j\u00e1ban a versenyjog r\u00e9szleteire kiterjed\u0151 k\u00f6vetelm\u00e9nyrendszert l\u00e9ptett\u00fcnk [&hellip;]\" \/>\n<meta property=\"og:url\" content=\"https:\/\/delego.hu\/en\/versenyjogi-megfeleles\/\" \/>\n<meta property=\"og:site_name\" content=\"Delego\" \/>\n<meta property=\"article:modified_time\" content=\"2024-07-12T07:55:45+00:00\" \/>\n<meta name=\"twitter:card\" content=\"summary_large_image\" \/>\n<meta name=\"twitter:label1\" content=\"Estimated reading time\" \/>\n\t<meta name=\"twitter:data1\" content=\"1 minute\" \/>\n<script type=\"application\/ld+json\" class=\"yoast-schema-graph\">{\"@context\":\"https:\/\/schema.org\",\"@graph\":[{\"@type\":\"WebPage\",\"@id\":\"https:\/\/delego.hu\/hu\/versenyjogi-megfeleles\/\",\"url\":\"https:\/\/delego.hu\/hu\/versenyjogi-megfeleles\/\",\"name\":\"Versenyjogi megfelel\u00e9s - Delego\",\"isPartOf\":{\"@id\":\"https:\/\/delego.hu\/ru\/#website\"},\"datePublished\":\"2024-07-12T07:46:46+00:00\",\"dateModified\":\"2024-07-12T07:55:45+00:00\",\"breadcrumb\":{\"@id\":\"https:\/\/delego.hu\/hu\/versenyjogi-megfeleles\/#breadcrumb\"},\"inLanguage\":\"en-GB\",\"potentialAction\":[{\"@type\":\"ReadAction\",\"target\":[\"https:\/\/delego.hu\/hu\/versenyjogi-megfeleles\/\"]}]},{\"@type\":\"BreadcrumbList\",\"@id\":\"https:\/\/delego.hu\/hu\/versenyjogi-megfeleles\/#breadcrumb\",\"itemListElement\":[{\"@type\":\"ListItem\",\"position\":1,\"name\":\"Kezd\u0151lap\",\"item\":\"https:\/\/delego.hu\/hu\/\"},{\"@type\":\"ListItem\",\"position\":2,\"name\":\"Versenyjogi megfelel\u00e9s\"}]},{\"@type\":\"WebSite\",\"@id\":\"https:\/\/delego.hu\/ru\/#website\",\"url\":\"https:\/\/delego.hu\/ru\/\",\"name\":\"Delego\",\"description\":\"\",\"publisher\":{\"@id\":\"https:\/\/delego.hu\/ru\/#organization\"},\"potentialAction\":[{\"@type\":\"SearchAction\",\"target\":{\"@type\":\"EntryPoint\",\"urlTemplate\":\"https:\/\/delego.hu\/ru\/?s={search_term_string}\"},\"query-input\":{\"@type\":\"PropertyValueSpecification\",\"valueRequired\":true,\"valueName\":\"search_term_string\"}}],\"inLanguage\":\"en-GB\"},{\"@type\":\"Organization\",\"@id\":\"https:\/\/delego.hu\/ru\/#organization\",\"name\":\"Delego\",\"url\":\"https:\/\/delego.hu\/ru\/\",\"logo\":{\"@type\":\"ImageObject\",\"inLanguage\":\"en-GB\",\"@id\":\"https:\/\/delego.hu\/ru\/#\/schema\/logo\/image\/\",\"url\":\"https:\/\/delego.hu\/wp-content\/uploads\/2024\/07\/logodelego.png\",\"contentUrl\":\"https:\/\/delego.hu\/wp-content\/uploads\/2024\/07\/logodelego.png\",\"width\":117,\"height\":50,\"caption\":\"Delego\"},\"image\":{\"@id\":\"https:\/\/delego.hu\/ru\/#\/schema\/logo\/image\/\"}}]}<\/script>\n<!-- \/ Yoast SEO plugin. -->","yoast_head_json":{"title":"Versenyjogi megfelel\u00e9s - Delego","robots":{"index":"index","follow":"follow","max-snippet":"max-snippet:-1","max-image-preview":"max-image-preview:large","max-video-preview":"max-video-preview:-1"},"canonical":"https:\/\/delego.hu\/en\/versenyjogi-megfeleles\/","og_locale":"en_GB","og_type":"article","og_title":"Versenyjogi megfelel\u00e9s - Delego","og_description":"VERSENYJOGI MEGFELEL\u00c9S (COMPLIANCE POLICY) A Delego mindent megtesz annak \u00e9rdek\u00e9ben, hogy a hat\u00e1lyos versenyjog szab\u00e1lyainak keretei k\u00f6z\u00f6tt m\u0171k\u00f6dj\u00f6n. T\u00e1rsas\u00e1gunkn\u00e1l olyan jog\u00e1szok \u00e1ltal ir\u00e1ny\u00edtott \u00e9s ellen\u0151rz\u00f6tt komplex megfelel\u00e9si program van alkalmaz\u00e1sban, amely mag\u00e1ban foglalja munkav\u00e1llal\u00f3ink rendszeres versenyjogi k\u00e9pz\u00e9s\u00e9t \u00e9s a k\u00e9pz\u00e9sen szerzett tud\u00e1sanyag vizsg\u00e1val val\u00f3 ellen\u0151rz\u00e9s\u00e9t. Tov\u00e1bb\u00e1 \u00fcgyvezet\u0151i utas\u00edt\u00e1s form\u00e1j\u00e1ban a versenyjog r\u00e9szleteire kiterjed\u0151 k\u00f6vetelm\u00e9nyrendszert l\u00e9ptett\u00fcnk [&hellip;]","og_url":"https:\/\/delego.hu\/en\/versenyjogi-megfeleles\/","og_site_name":"Delego","article_modified_time":"2024-07-12T07:55:45+00:00","twitter_card":"summary_large_image","twitter_misc":{"Estimated reading time":"1 minute"},"schema":{"@context":"https:\/\/schema.org","@graph":[{"@type":"WebPage","@id":"https:\/\/delego.hu\/hu\/versenyjogi-megfeleles\/","url":"https:\/\/delego.hu\/hu\/versenyjogi-megfeleles\/","name":"Versenyjogi megfelel\u00e9s - Delego","isPartOf":{"@id":"https:\/\/delego.hu\/ru\/#website"},"datePublished":"2024-07-12T07:46:46+00:00","dateModified":"2024-07-12T07:55:45+00:00","breadcrumb":{"@id":"https:\/\/delego.hu\/hu\/versenyjogi-megfeleles\/#breadcrumb"},"inLanguage":"en-GB","potentialAction":[{"@type":"ReadAction","target":["https:\/\/delego.hu\/hu\/versenyjogi-megfeleles\/"]}]},{"@type":"BreadcrumbList","@id":"https:\/\/delego.hu\/hu\/versenyjogi-megfeleles\/#breadcrumb","itemListElement":[{"@type":"ListItem","position":1,"name":"Kezd\u0151lap","item":"https:\/\/delego.hu\/hu\/"},{"@type":"ListItem","position":2,"name":"Versenyjogi megfelel\u00e9s"}]},{"@type":"WebSite","@id":"https:\/\/delego.hu\/ru\/#website","url":"https:\/\/delego.hu\/ru\/","name":"Delego","description":"","publisher":{"@id":"https:\/\/delego.hu\/ru\/#organization"},"potentialAction":[{"@type":"SearchAction","target":{"@type":"EntryPoint","urlTemplate":"https:\/\/delego.hu\/ru\/?s={search_term_string}"},"query-input":{"@type":"PropertyValueSpecification","valueRequired":true,"valueName":"search_term_string"}}],"inLanguage":"en-GB"},{"@type":"Organization","@id":"https:\/\/delego.hu\/ru\/#organization","name":"Delego","url":"https:\/\/delego.hu\/ru\/","logo":{"@type":"ImageObject","inLanguage":"en-GB","@id":"https:\/\/delego.hu\/ru\/#\/schema\/logo\/image\/","url":"https:\/\/delego.hu\/wp-content\/uploads\/2024\/07\/logodelego.png","contentUrl":"https:\/\/delego.hu\/wp-content\/uploads\/2024\/07\/logodelego.png","width":117,"height":50,"caption":"Delego"},"image":{"@id":"https:\/\/delego.hu\/ru\/#\/schema\/logo\/image\/"}}]}},"_links":{"self":[{"href":"https:\/\/delego.hu\/en\/wp-json\/wp\/v2\/pages\/153","targetHints":{"allow":["GET"]}}],"collection":[{"href":"https:\/\/delego.hu\/en\/wp-json\/wp\/v2\/pages"}],"about":[{"href":"https:\/\/delego.hu\/en\/wp-json\/wp\/v2\/types\/page"}],"author":[{"embeddable":true,"href":"https:\/\/delego.hu\/en\/wp-json\/wp\/v2\/users\/1"}],"replies":[{"embeddable":true,"href":"https:\/\/delego.hu\/en\/wp-json\/wp\/v2\/comments?post=153"}],"version-history":[{"count":4,"href":"https:\/\/delego.hu\/en\/wp-json\/wp\/v2\/pages\/153\/revisions"}],"predecessor-version":[{"id":169,"href":"https:\/\/delego.hu\/en\/wp-json\/wp\/v2\/pages\/153\/revisions\/169"}],"wp:attachment":[{"href":"https:\/\/delego.hu\/en\/wp-json\/wp\/v2\/media?parent=153"}],"curies":[{"name":"wp","href":"https:\/\/api.w.org\/{rel}","templated":true}]}}