{"id":1342,"date":"2024-12-31T08:17:53","date_gmt":"2024-12-31T08:17:53","guid":{"rendered":"https:\/\/delego.hu\/?page_id=1342"},"modified":"2025-02-18T08:20:12","modified_gmt":"2025-02-18T08:20:12","slug":"ormenyorszag-ormeny-munkaero","status":"publish","type":"page","link":"https:\/\/delego.hu\/en\/ormenyorszag-ormeny-munkaero\/","title":{"rendered":"\u00d6rm\u00e9nyorsz\u00e1g &#8211; \u00f6rm\u00e9ny munkaer\u0151"},"content":{"rendered":"<div data-elementor-type=\"wp-page\" data-elementor-id=\"1342\" class=\"elementor elementor-1342\" data-elementor-post-type=\"page\">\n\t\t\t\t<div data-dce-background-color=\"#CF3334\" data-dce-background-image-url=\"http:\/\/delego.hu\/wp-content\/uploads\/2024\/12\/oremenyorszag-munkaero-e1739866799189.png\" class=\"elementor-element elementor-element-ca4aa65 elementor-hidden-mobile e-flex e-con-boxed e-con e-parent\" data-id=\"ca4aa65\" data-element_type=\"container\" data-e-type=\"container\" data-settings=\"{&quot;background_background&quot;:&quot;classic&quot;}\">\n\t\t\t\t\t<div class=\"e-con-inner\">\n\t\t\t\t\t<\/div>\n\t\t\t\t<\/div>\n\t\t<div class=\"elementor-element elementor-element-325ce17 e-flex e-con-boxed e-con e-parent\" data-id=\"325ce17\" data-element_type=\"container\" data-e-type=\"container\">\n\t\t\t\t\t<div class=\"e-con-inner\">\n\t\t\t\t<div data-dce-title-color=\"#CF3334\" class=\"elementor-element elementor-element-ac44823 elementor-widget elementor-widget-heading\" data-id=\"ac44823\" data-element_type=\"widget\" data-e-type=\"widget\" data-widget_type=\"heading.default\">\n\t\t\t\t<div class=\"elementor-widget-container\">\n\t\t\t\t\t<h2 class=\"elementor-heading-title elementor-size-default\">Why employ Armenian workers in Hungary?<\/h2>\t\t\t\t<\/div>\n\t\t\t\t<\/div>\n\t\t\t\t<div data-dce-text-color=\"#222222\" class=\"elementor-element elementor-element-b7e54ab elementor-widget elementor-widget-text-editor\" data-id=\"b7e54ab\" data-element_type=\"widget\" data-e-type=\"widget\" data-widget_type=\"text-editor.default\">\n\t\t\t\t<div class=\"elementor-widget-container\">\n\t\t\t\t\t\t\t\t\t<p class=\"translation-block\"><a href=\"https:\/\/hu.wikipedia.org\/wiki\/rmnyorszg\" target=\"_self\">Armenia<\/a>, a country located in the heart of the Caucasus, is renowned not only for its stunning natural beauty and ancient cultural heritage but also for its deeply rooted Christian traditions that have shaped Armenian identity since the 4th century. Additionally, the country is increasingly recognized as a reliable and committed source of labor. Due to the dedication, diligence, and expertise of Armenian professionals and workers, more and more Hungarian companies are choosing to employ Armenian labor\u2014whether for physical tasks or skilled positions. The solid moral foundations stemming from Armenian culture, along with their perseverance and resilience, are evident at every level, from factory work to tasks that require advanced skills.<\/p><h3>Outstanding qualities of the Armenian workforce<\/h3><p class=\"translation-block\"><strong>1. Commitment to Hard Work<\/strong><br>In Armenian culture, diligence and perseverance are fundamental values. Armenian workers are extremely conscientious, whether it involves factory work, construction tasks, or office positions. They always strive to perform the tasks entrusted to them accurately and efficiently.<\/p><p class=\"translation-block\"><strong>2. Flexibility and Adaptability<\/strong><br>Armenians quickly adjust to new work environments and processes. They are open to new technologies and working methods, and they easily integrate into the Hungarian corporate culture.<\/p><p class=\"translation-block\"><strong>3. Language Proficiency and Communication<\/strong><br>Many Armenian employees speak Russian, and more are learning English, which is an advantage in an international working environment. This is particularly beneficial for companies that have previously worked with Ukrainian or other Eastern European labor.<\/p><p class=\"translation-block\"><strong>4. Physical Stamina and Expertise<\/strong><br>Armenian labor is particularly suited for physical and factory work, where endurance, a strong physique, and precision are indispensable. Many Armenian workers have professional experience in construction, manufacturing, and other industrial sectors.<\/p><p class=\"translation-block\"><strong>5. Loyalty and Stable Value System<\/strong><br>Armenian culture is built on commitment to family and community, a principle that permeates their work ethic. Armenian employees are reliable, punctual, and long-term thinkers, making them a stable workforce for Hungarian companies.<\/p><p class=\"translation-block\"><strong>6. Young, Ambitious Workforce<\/strong><br>Armenia\u2019s young, proactive generation is motivated to seek opportunities abroad, including in Hungary. These young individuals are ready to learn, develop, and contribute to the success of the Hungarian economy.<\/p><h3>Why employ Armenian workers in Hungary?<\/h3><p>In many sectors of the Hungarian economy, particularly manufacturing, construction and industrial production, there is an increasing need for reliable, hard-working people. Hiring Armenian labour has many advantages:<\/p><ul><li class=\"translation-block\"><strong>Boosts Productivity<\/strong>: The diligence and precision of Armenian employees have a positive impact on the company's performance.<\/li><li class=\"translation-block\"><strong>Reduces Labor Shortage<\/strong>: Through Armenian labor leasing, the missing positions can be quickly and efficiently filled.<\/li><li class=\"translation-block\"><strong>Reduces Labor Shortage<\/strong>: Through Armenian labor leasing, the missing positions can be quickly and efficiently filled.<\/li><\/ul><h3>How can Armenian temporary placement could help you?<\/h3><p class=\"translation-block\">The expert team at <b>Delego Ltd.<\/b> mediates the finest Armenian professionals and employees for Hungarian companies. Whether it\u2019s factory work, physical tasks, or skilled positions, we ensure that you get the best workforce.<br>Our services include:<\/p><ul><li>Carrying out all the administration.<\/li><li>Selecting and recruiting the right people.<\/li><li>Ongoing support for the integration of workers.<\/li><\/ul><h3>Let us find the Armenian workforce for you!<\/h3><p class=\"translation-block\">The employment of Armenian workers in Hungary can be a mutually beneficial opportunity for both parties. If you are looking for reliable, motivated, and dedicated labor, choose <b>Delego Ltd.<\/b>\u00a0<span style=\"text-align: var(--text-align);font-size: 1rem\">We help ensure that your business is in the <span style=\"text-decoration: underline\">best<\/span> hands!<\/span><\/p><p class=\"translation-block\"><strong><a href=\"http:\/\/delego.hu\/en\/\" target=\"_self\">Delego Ltd.<\/a> \u2013 The expert in Armenian labor mediation.<\/strong><br>Choose quality, choose Delego!<\/p>\t\t\t\t\t\t\t\t<\/div>\n\t\t\t\t<\/div>\n\t\t\t\t\t<\/div>\n\t\t\t\t<\/div>\n\t\t<div class=\"elementor-element elementor-element-76ef46e e-flex e-con-boxed e-con e-parent\" data-id=\"76ef46e\" data-element_type=\"container\" data-e-type=\"container\">\n\t\t\t\t\t<div class=\"e-con-inner\">\n\t\t\t\t<div data-dce-background-color=\"#61CE7000\" class=\"elementor-element elementor-element-9b40d8e elementor-align-left elementor-widget elementor-widget-button\" data-id=\"9b40d8e\" data-element_type=\"widget\" data-e-type=\"widget\" data-widget_type=\"button.default\">\n\t\t\t\t<div class=\"elementor-widget-container\">\n\t\t\t\t\t\t\t\t\t<div class=\"elementor-button-wrapper\">\n\t\t\t\t\t<a class=\"elementor-button elementor-button-link elementor-size-sm\" href=\"https:\/\/delego.hu\/en\/ajanlatkeres\/\">\n\t\t\t\t\t\t<span class=\"elementor-button-content-wrapper\">\n\t\t\t\t\t\t\t\t\t<span class=\"elementor-button-text\">QUOTATION<\/span>\n\t\t\t\t\t<\/span>\n\t\t\t\t\t<\/a>\n\t\t\t\t<\/div>\n\t\t\t\t\t\t\t\t<\/div>\n\t\t\t\t<\/div>\n\t\t\t\t\t<\/div>\n\t\t\t\t<\/div>\n\t\t\t\t<\/div>","protected":false},"excerpt":{"rendered":"<p>Mi\u00e9rt \u00e9rdemes \u00f6rm\u00e9ny munkav\u00e1llal\u00f3kat alkalmazni Magyarorsz\u00e1gon? \u00d6rm\u00e9nyorsz\u00e1g, a Kauk\u00e1zus sz\u00edv\u00e9ben fekv\u0151 orsz\u00e1g, nemcsak leny\u0171g\u00f6z\u0151 term\u00e9szeti sz\u00e9ps\u00e9geir\u0151l \u00e9s \u0151si kultur\u00e1lis \u00f6r\u00f6ks\u00e9g\u00e9r\u0151l h\u00edres, hanem m\u00e9lyen gy\u00f6kerez\u0151 kereszt\u00e9ny hagyom\u00e1nyair\u00f3l is, amelyek m\u00e1r a 4. sz\u00e1zadt\u00f3l meghat\u00e1rozz\u00e1k az \u00f6rm\u00e9ny identit\u00e1st. Az orsz\u00e1g emellett megb\u00edzhat\u00f3, elk\u00f6telezett munkaer\u0151-forr\u00e1sk\u00e9nt is egyre nagyobb figyelmet kap. Az \u00f6rm\u00e9ny szakemberek \u00e9s munkav\u00e1llal\u00f3k elhivatotts\u00e1ga, szorgalma \u00e9s [&hellip;]<\/p>","protected":false},"author":2,"featured_media":1345,"parent":0,"menu_order":0,"comment_status":"closed","ping_status":"closed","template":"","meta":{"_acf_changed":false,"footnotes":""},"class_list":["post-1342","page","type-page","status-publish","has-post-thumbnail","hentry"],"acf":[],"yoast_head":"<!-- This site is optimized with the Yoast SEO plugin v25.3 - https:\/\/yoast.com\/wordpress\/plugins\/seo\/ -->\n<title>\u00d6rm\u00e9nyorsz\u00e1g - \u00f6rm\u00e9ny munkaer\u0151 - Delego<\/title>\n<meta name=\"description\" content=\"Fedezze fel az \u00f6rm\u00e9ny munkaer\u0151 el\u0151nyeit: megb\u00edzhat\u00f3s\u00e1g, szorgalom \u00e9s szak\u00e9rtelem Magyarorsz\u00e1gon. K\u00e9rjen seg\u00edts\u00e9get t\u0151l\u00fcnk!\" \/>\n<meta name=\"robots\" content=\"index, follow, max-snippet:-1, max-image-preview:large, max-video-preview:-1\" \/>\n<link rel=\"canonical\" href=\"https:\/\/delego.hu\/en\/ormenyorszag-ormeny-munkaero\/\" \/>\n<meta property=\"og:locale\" content=\"en_GB\" \/>\n<meta property=\"og:type\" content=\"article\" \/>\n<meta property=\"og:title\" content=\"\u00d6rm\u00e9nyorsz\u00e1g - \u00f6rm\u00e9ny munkaer\u0151 - Delego\" \/>\n<meta property=\"og:description\" content=\"Fedezze fel az \u00f6rm\u00e9ny munkaer\u0151 el\u0151nyeit: megb\u00edzhat\u00f3s\u00e1g, szorgalom \u00e9s szak\u00e9rtelem Magyarorsz\u00e1gon. K\u00e9rjen seg\u00edts\u00e9get t\u0151l\u00fcnk!\" \/>\n<meta property=\"og:url\" content=\"https:\/\/delego.hu\/en\/ormenyorszag-ormeny-munkaero\/\" \/>\n<meta property=\"og:site_name\" content=\"Delego\" \/>\n<meta property=\"article:modified_time\" content=\"2025-02-18T08:20:12+00:00\" \/>\n<meta property=\"og:image\" content=\"https:\/\/delego.hu\/wp-content\/uploads\/2024\/12\/oremenyorszag-munkaero-e1739866799189.png\" \/>\n\t<meta property=\"og:image:width\" content=\"1286\" \/>\n\t<meta property=\"og:image:height\" content=\"410\" \/>\n\t<meta property=\"og:image:type\" content=\"image\/png\" \/>\n<meta name=\"twitter:card\" content=\"summary_large_image\" \/>\n<meta name=\"twitter:label1\" content=\"Estimated reading time\" \/>\n\t<meta name=\"twitter:data1\" content=\"3 minutes\" \/>\n<script type=\"application\/ld+json\" class=\"yoast-schema-graph\">{\"@context\":\"https:\/\/schema.org\",\"@graph\":[{\"@type\":\"WebPage\",\"@id\":\"https:\/\/delego.hu\/hu\/ormenyorszag-ormeny-munkaero\/\",\"url\":\"https:\/\/delego.hu\/hu\/ormenyorszag-ormeny-munkaero\/\",\"name\":\"\u00d6rm\u00e9nyorsz\u00e1g - \u00f6rm\u00e9ny munkaer\u0151 - Delego\",\"isPartOf\":{\"@id\":\"https:\/\/delego.hu\/ru\/#website\"},\"primaryImageOfPage\":{\"@id\":\"https:\/\/delego.hu\/hu\/ormenyorszag-ormeny-munkaero\/#primaryimage\"},\"image\":{\"@id\":\"https:\/\/delego.hu\/hu\/ormenyorszag-ormeny-munkaero\/#primaryimage\"},\"thumbnailUrl\":\"https:\/\/delego.hu\/wp-content\/uploads\/2024\/12\/oremenyorszag-munkaero-e1739866799189.png\",\"datePublished\":\"2024-12-31T08:17:53+00:00\",\"dateModified\":\"2025-02-18T08:20:12+00:00\",\"description\":\"Fedezze fel az \u00f6rm\u00e9ny munkaer\u0151 el\u0151nyeit: megb\u00edzhat\u00f3s\u00e1g, szorgalom \u00e9s szak\u00e9rtelem Magyarorsz\u00e1gon. K\u00e9rjen seg\u00edts\u00e9get t\u0151l\u00fcnk!\",\"breadcrumb\":{\"@id\":\"https:\/\/delego.hu\/hu\/ormenyorszag-ormeny-munkaero\/#breadcrumb\"},\"inLanguage\":\"en-GB\",\"potentialAction\":[{\"@type\":\"ReadAction\",\"target\":[\"https:\/\/delego.hu\/hu\/ormenyorszag-ormeny-munkaero\/\"]}]},{\"@type\":\"ImageObject\",\"inLanguage\":\"en-GB\",\"@id\":\"https:\/\/delego.hu\/hu\/ormenyorszag-ormeny-munkaero\/#primaryimage\",\"url\":\"https:\/\/delego.hu\/wp-content\/uploads\/2024\/12\/oremenyorszag-munkaero-e1739866799189.png\",\"contentUrl\":\"https:\/\/delego.hu\/wp-content\/uploads\/2024\/12\/oremenyorszag-munkaero-e1739866799189.png\",\"width\":1286,\"height\":410,\"caption\":\"Az \u00f6rm\u00e9ny kult\u00fara, identit\u00e1s \u00e9s munkaer\u0151 bemutat\u00e1sa.\"},{\"@type\":\"BreadcrumbList\",\"@id\":\"https:\/\/delego.hu\/hu\/ormenyorszag-ormeny-munkaero\/#breadcrumb\",\"itemListElement\":[{\"@type\":\"ListItem\",\"position\":1,\"name\":\"Kezd\u0151lap\",\"item\":\"https:\/\/delego.hu\/hu\/\"},{\"@type\":\"ListItem\",\"position\":2,\"name\":\"\u00d6rm\u00e9nyorsz\u00e1g &#8211; \u00f6rm\u00e9ny munkaer\u0151\"}]},{\"@type\":\"WebSite\",\"@id\":\"https:\/\/delego.hu\/ru\/#website\",\"url\":\"https:\/\/delego.hu\/ru\/\",\"name\":\"Delego\",\"description\":\"\",\"publisher\":{\"@id\":\"https:\/\/delego.hu\/ru\/#organization\"},\"potentialAction\":[{\"@type\":\"SearchAction\",\"target\":{\"@type\":\"EntryPoint\",\"urlTemplate\":\"https:\/\/delego.hu\/ru\/?s={search_term_string}\"},\"query-input\":{\"@type\":\"PropertyValueSpecification\",\"valueRequired\":true,\"valueName\":\"search_term_string\"}}],\"inLanguage\":\"en-GB\"},{\"@type\":\"Organization\",\"@id\":\"https:\/\/delego.hu\/ru\/#organization\",\"name\":\"Delego\",\"url\":\"https:\/\/delego.hu\/ru\/\",\"logo\":{\"@type\":\"ImageObject\",\"inLanguage\":\"en-GB\",\"@id\":\"https:\/\/delego.hu\/ru\/#\/schema\/logo\/image\/\",\"url\":\"https:\/\/delego.hu\/wp-content\/uploads\/2024\/07\/logodelego.png\",\"contentUrl\":\"https:\/\/delego.hu\/wp-content\/uploads\/2024\/07\/logodelego.png\",\"width\":117,\"height\":50,\"caption\":\"Delego\"},\"image\":{\"@id\":\"https:\/\/delego.hu\/ru\/#\/schema\/logo\/image\/\"}}]}<\/script>\n<!-- \/ Yoast SEO plugin. -->","yoast_head_json":{"title":"\u00d6rm\u00e9nyorsz\u00e1g - \u00f6rm\u00e9ny munkaer\u0151 - Delego","description":"Fedezze fel az \u00f6rm\u00e9ny munkaer\u0151 el\u0151nyeit: megb\u00edzhat\u00f3s\u00e1g, szorgalom \u00e9s szak\u00e9rtelem Magyarorsz\u00e1gon. K\u00e9rjen seg\u00edts\u00e9get t\u0151l\u00fcnk!","robots":{"index":"index","follow":"follow","max-snippet":"max-snippet:-1","max-image-preview":"max-image-preview:large","max-video-preview":"max-video-preview:-1"},"canonical":"https:\/\/delego.hu\/en\/ormenyorszag-ormeny-munkaero\/","og_locale":"en_GB","og_type":"article","og_title":"\u00d6rm\u00e9nyorsz\u00e1g - \u00f6rm\u00e9ny munkaer\u0151 - Delego","og_description":"Fedezze fel az \u00f6rm\u00e9ny munkaer\u0151 el\u0151nyeit: megb\u00edzhat\u00f3s\u00e1g, szorgalom \u00e9s szak\u00e9rtelem Magyarorsz\u00e1gon. K\u00e9rjen seg\u00edts\u00e9get t\u0151l\u00fcnk!","og_url":"https:\/\/delego.hu\/en\/ormenyorszag-ormeny-munkaero\/","og_site_name":"Delego","article_modified_time":"2025-02-18T08:20:12+00:00","og_image":[{"width":1286,"height":410,"url":"https:\/\/delego.hu\/wp-content\/uploads\/2024\/12\/oremenyorszag-munkaero-e1739866799189.png","type":"image\/png"}],"twitter_card":"summary_large_image","twitter_misc":{"Estimated reading time":"3 minutes"},"schema":{"@context":"https:\/\/schema.org","@graph":[{"@type":"WebPage","@id":"https:\/\/delego.hu\/hu\/ormenyorszag-ormeny-munkaero\/","url":"https:\/\/delego.hu\/hu\/ormenyorszag-ormeny-munkaero\/","name":"\u00d6rm\u00e9nyorsz\u00e1g - \u00f6rm\u00e9ny munkaer\u0151 - Delego","isPartOf":{"@id":"https:\/\/delego.hu\/ru\/#website"},"primaryImageOfPage":{"@id":"https:\/\/delego.hu\/hu\/ormenyorszag-ormeny-munkaero\/#primaryimage"},"image":{"@id":"https:\/\/delego.hu\/hu\/ormenyorszag-ormeny-munkaero\/#primaryimage"},"thumbnailUrl":"https:\/\/delego.hu\/wp-content\/uploads\/2024\/12\/oremenyorszag-munkaero-e1739866799189.png","datePublished":"2024-12-31T08:17:53+00:00","dateModified":"2025-02-18T08:20:12+00:00","description":"Fedezze fel az \u00f6rm\u00e9ny munkaer\u0151 el\u0151nyeit: megb\u00edzhat\u00f3s\u00e1g, szorgalom \u00e9s szak\u00e9rtelem Magyarorsz\u00e1gon. K\u00e9rjen seg\u00edts\u00e9get t\u0151l\u00fcnk!","breadcrumb":{"@id":"https:\/\/delego.hu\/hu\/ormenyorszag-ormeny-munkaero\/#breadcrumb"},"inLanguage":"en-GB","potentialAction":[{"@type":"ReadAction","target":["https:\/\/delego.hu\/hu\/ormenyorszag-ormeny-munkaero\/"]}]},{"@type":"ImageObject","inLanguage":"en-GB","@id":"https:\/\/delego.hu\/hu\/ormenyorszag-ormeny-munkaero\/#primaryimage","url":"https:\/\/delego.hu\/wp-content\/uploads\/2024\/12\/oremenyorszag-munkaero-e1739866799189.png","contentUrl":"https:\/\/delego.hu\/wp-content\/uploads\/2024\/12\/oremenyorszag-munkaero-e1739866799189.png","width":1286,"height":410,"caption":"Az \u00f6rm\u00e9ny kult\u00fara, identit\u00e1s \u00e9s munkaer\u0151 bemutat\u00e1sa."},{"@type":"BreadcrumbList","@id":"https:\/\/delego.hu\/hu\/ormenyorszag-ormeny-munkaero\/#breadcrumb","itemListElement":[{"@type":"ListItem","position":1,"name":"Kezd\u0151lap","item":"https:\/\/delego.hu\/hu\/"},{"@type":"ListItem","position":2,"name":"\u00d6rm\u00e9nyorsz\u00e1g &#8211; \u00f6rm\u00e9ny munkaer\u0151"}]},{"@type":"WebSite","@id":"https:\/\/delego.hu\/ru\/#website","url":"https:\/\/delego.hu\/ru\/","name":"Delego","description":"","publisher":{"@id":"https:\/\/delego.hu\/ru\/#organization"},"potentialAction":[{"@type":"SearchAction","target":{"@type":"EntryPoint","urlTemplate":"https:\/\/delego.hu\/ru\/?s={search_term_string}"},"query-input":{"@type":"PropertyValueSpecification","valueRequired":true,"valueName":"search_term_string"}}],"inLanguage":"en-GB"},{"@type":"Organization","@id":"https:\/\/delego.hu\/ru\/#organization","name":"Delego","url":"https:\/\/delego.hu\/ru\/","logo":{"@type":"ImageObject","inLanguage":"en-GB","@id":"https:\/\/delego.hu\/ru\/#\/schema\/logo\/image\/","url":"https:\/\/delego.hu\/wp-content\/uploads\/2024\/07\/logodelego.png","contentUrl":"https:\/\/delego.hu\/wp-content\/uploads\/2024\/07\/logodelego.png","width":117,"height":50,"caption":"Delego"},"image":{"@id":"https:\/\/delego.hu\/ru\/#\/schema\/logo\/image\/"}}]}},"_links":{"self":[{"href":"https:\/\/delego.hu\/en\/wp-json\/wp\/v2\/pages\/1342","targetHints":{"allow":["GET"]}}],"collection":[{"href":"https:\/\/delego.hu\/en\/wp-json\/wp\/v2\/pages"}],"about":[{"href":"https:\/\/delego.hu\/en\/wp-json\/wp\/v2\/types\/page"}],"author":[{"embeddable":true,"href":"https:\/\/delego.hu\/en\/wp-json\/wp\/v2\/users\/2"}],"replies":[{"embeddable":true,"href":"https:\/\/delego.hu\/en\/wp-json\/wp\/v2\/comments?post=1342"}],"version-history":[{"count":14,"href":"https:\/\/delego.hu\/en\/wp-json\/wp\/v2\/pages\/1342\/revisions"}],"predecessor-version":[{"id":1575,"href":"https:\/\/delego.hu\/en\/wp-json\/wp\/v2\/pages\/1342\/revisions\/1575"}],"wp:featuredmedia":[{"embeddable":true,"href":"https:\/\/delego.hu\/en\/wp-json\/wp\/v2\/media\/1345"}],"wp:attachment":[{"href":"https:\/\/delego.hu\/en\/wp-json\/wp\/v2\/media?parent=1342"}],"curies":[{"name":"wp","href":"https:\/\/api.w.org\/{rel}","templated":true}]}}