{"id":1294,"date":"2024-12-19T13:37:58","date_gmt":"2024-12-19T13:37:58","guid":{"rendered":"https:\/\/delego.hu\/?page_id=1294"},"modified":"2025-02-18T08:19:21","modified_gmt":"2025-02-18T08:19:21","slug":"gruzia-gruz-munkaero","status":"publish","type":"page","link":"https:\/\/delego.hu\/en\/gruzia-gruz-munkaero\/","title":{"rendered":"Gr\u00fazia &#8211; gr\u00faz munkaer\u0151"},"content":{"rendered":"<div data-elementor-type=\"wp-page\" data-elementor-id=\"1294\" class=\"elementor elementor-1294\" data-elementor-post-type=\"page\">\n\t\t\t\t<div data-dce-background-color=\"#CF3334\" data-dce-background-image-url=\"http:\/\/delego.hu\/wp-content\/uploads\/2024\/12\/gruzia-kep-e1739866749176.png\" class=\"elementor-element elementor-element-ca4aa65 elementor-hidden-mobile e-flex e-con-boxed e-con e-parent\" data-id=\"ca4aa65\" data-element_type=\"container\" data-e-type=\"container\" data-settings=\"{&quot;background_background&quot;:&quot;classic&quot;}\">\n\t\t\t\t\t<div class=\"e-con-inner\">\n\t\t\t\t\t<\/div>\n\t\t\t\t<\/div>\n\t\t<div class=\"elementor-element elementor-element-325ce17 e-flex e-con-boxed e-con e-parent\" data-id=\"325ce17\" data-element_type=\"container\" data-e-type=\"container\">\n\t\t\t\t\t<div class=\"e-con-inner\">\n\t\t\t\t<div data-dce-title-color=\"#CF3334\" class=\"elementor-element elementor-element-ac44823 elementor-widget elementor-widget-heading\" data-id=\"ac44823\" data-element_type=\"widget\" data-e-type=\"widget\" data-widget_type=\"heading.default\">\n\t\t\t\t<div class=\"elementor-widget-container\">\n\t\t\t\t\t<h2 class=\"elementor-heading-title elementor-size-default\">Why employ Georgian workers in Hungary?<\/h2>\t\t\t\t<\/div>\n\t\t\t\t<\/div>\n\t\t\t\t<div data-dce-text-color=\"#222222\" class=\"elementor-element elementor-element-b7e54ab elementor-widget elementor-widget-text-editor\" data-id=\"b7e54ab\" data-element_type=\"widget\" data-e-type=\"widget\" data-widget_type=\"text-editor.default\">\n\t\t\t\t<div class=\"elementor-widget-container\">\n\t\t\t\t\t\t\t\t\t<p class=\"translation-block\"><span style=\"font-weight: 400\"><a href=\"https:\/\/hu.wikipedia.org\/wiki\/Grzia\" target=\"_self\">Georgia<\/a>, the jewel of the Caucasus, is a country blessed with beautiful natural treasures and a rich cultural heritage. The people who live here are known for their kindness, hospitality, and diligence. In recent years, an increasing number of Hungarian companies have turned their attention to Georgia when seeking reliable, dedicated workers. But why are Georgian workers so special, and how can they contribute to the success of Hungarian businesses?<\/span><\/p>\n<p><b>Georgia's cultural heritage and work ethic<\/b><\/p>\n<p><span style=\"font-weight: 400;\">The people of Georgia are imbued with a family-oriented mindset, respect for each other and dedication to hard work. The country places a strong emphasis on independence and responsibility from a young age, which also shapes the professional outlook of Georgian workers.<\/span><\/p>\n<p><span style=\"font-weight: 400;\">Georgian culture values hospitality and mutual support. This approach to life is perfectly reflected in the work culture: Georgian workers are team players, able to work together effectively in any working environment.<\/span><\/p>\n<p><b>Why is it beneficial to employ Georgian workers?<\/b><\/p>\n<ol>\n<li style=\"font-weight: 400;\" aria-level=\"1\" class=\"translation-block\"><b>Dedication and Diligence \u2013 <\/b><span style=\"font-weight: 400\">Georgian workers are exceptionally persevering and conscientious. Whether it is physical labor or professional challenges, they always strive to deliver the best possible performance.<\/span><\/li>\n<li style=\"font-weight: 400;\" aria-level=\"1\" class=\"translation-block\"><b>Quick Adaptation<\/b><span style=\"font-weight: 400\"> \u2013 Georgian workers easily adapt to new environments and workflows. They are open to acquiring new knowledge and innovative solutions.<\/span><\/li>\n<li style=\"font-weight: 400;\" aria-level=\"1\" class=\"translation-block\"><b>Language Skills<\/b><span style=\"font-weight: 400\"> \u2013 Georgians not only speak their native language but also typically speak Russian. This is especially beneficial for those who have previously worked with Ukrainian or Kyrgyz labor forces, as Georgian workers integrate seamlessly into these environments.<\/span><\/li>\n<li style=\"font-weight: 400;\" aria-level=\"1\" class=\"translation-block\"><b>Strong Physique<\/b><span style=\"font-weight: 400\"> \u2013 Georgian workers typically possess a strong physique, which contributes to their excellent performance in physically demanding roles. This attribute is especially advantageous in industrial tasks where endurance and resilience are crucial.<\/span><\/li>\n<li style=\"font-weight: 400;\" aria-level=\"1\" class=\"translation-block\"><b>Stable Value System<\/b><span style=\"font-weight: 400\"> \u2013 Georgian culture provides a strong ethical foundation, which is reflected in workplace reliability. Georgian workers are loyal, punctual, and meticulous in executing the tasks entrusted to them.<\/span><\/li>\n<li style=\"font-weight: 400;\" aria-level=\"1\" class=\"translation-block\"><b>Christian Cultural Sphere<\/b><span style=\"font-weight: 400\"> \u2013 Georgians come from a Christian cultural background, with Orthodox Christianity being the leading faith in the country. This moral foundation ensures harmonious cooperation in the Hungarian work environment.<\/span><\/li>\n<li style=\"font-weight: 400;\" aria-level=\"1\" class=\"translation-block\"><b>Young, Dynamic Workforce<\/b><span style=\"font-weight: 400\"> \u2013 Thanks to the current economic and political climate, Hungary is receiving a large number of ready-to-work, dynamic young workers from Georgia. These employees are motivated and plan to establish long-term careers in the Hungarian labor market.<\/span><\/li>\n<\/ol>\n<p><b>How can Georgian labour help boost the Hungarian economy?<\/b><\/p>\n<p><span style=\"font-weight: 400;\">There is a high demand for skilled and motivated workers in many sectors of the Hungarian economy, especially in industry and construction. The presence of Georgian workers can contribute to the stability and development of these sectors.<\/span><\/p>\n<p><span style=\"font-weight: 400;\">Hiring Georgian workers not only increases the performance of companies, but also contributes to strengthening intercultural dialogue. It is a mutually beneficial relationship that will enrich both countries in the long term.<\/span><\/p>\n<p class=\"translation-block\"><b><a href=\"http:\/\/delego.hu\/en\/\" target=\"_self\">Delego Ltd.<\/a> \u2013 Your partner in employing Georgian labor<\/b><\/p>\n<p><span style=\"font-weight: 400;\">Delego Ltd. has a special expertise in helping you find reliable and dedicated employees from Georgia. Our experienced team will take care of the entire administrative process, so you only have to worry about the essentials: finding the right staff.<\/span><\/p>\n<p class=\"translation-block\"><b>Choose <a href=\"http:\/\/delego.hu\/en\/ajanlatkeres\/\" target=\"_self\">DELEGO<\/a> \u2013 choose quality!<\/b><\/p>\t\t\t\t\t\t\t\t<\/div>\n\t\t\t\t<\/div>\n\t\t\t\t\t<\/div>\n\t\t\t\t<\/div>\n\t\t<div class=\"elementor-element elementor-element-76ef46e e-flex e-con-boxed e-con e-parent\" data-id=\"76ef46e\" data-element_type=\"container\" data-e-type=\"container\">\n\t\t\t\t\t<div class=\"e-con-inner\">\n\t\t\t\t<div data-dce-background-color=\"#61CE7000\" class=\"elementor-element elementor-element-9b40d8e elementor-align-left elementor-widget elementor-widget-button\" data-id=\"9b40d8e\" data-element_type=\"widget\" data-e-type=\"widget\" data-widget_type=\"button.default\">\n\t\t\t\t<div class=\"elementor-widget-container\">\n\t\t\t\t\t\t\t\t\t<div class=\"elementor-button-wrapper\">\n\t\t\t\t\t<a class=\"elementor-button elementor-button-link elementor-size-sm\" href=\"https:\/\/delego.hu\/en\/ajanlatkeres\/\">\n\t\t\t\t\t\t<span class=\"elementor-button-content-wrapper\">\n\t\t\t\t\t\t\t\t\t<span class=\"elementor-button-text\">QUOTATION<\/span>\n\t\t\t\t\t<\/span>\n\t\t\t\t\t<\/a>\n\t\t\t\t<\/div>\n\t\t\t\t\t\t\t\t<\/div>\n\t\t\t\t<\/div>\n\t\t\t\t\t<\/div>\n\t\t\t\t<\/div>\n\t\t\t\t<\/div>","protected":false},"excerpt":{"rendered":"<p>Mi\u00e9rt \u00e9rdemes gr\u00faz munkav\u00e1llal\u00f3kat alkalmazni Magyarorsz\u00e1gon? Gr\u00fazia, a Kauk\u00e1zus gy\u00f6ngyszeme, egy gy\u00f6ny\u00f6r\u0171 term\u00e9szeti kincsekkel \u00e9s gazdag kultur\u00e1lis \u00f6r\u00f6ks\u00e9ggel meg\u00e1ldott orsz\u00e1g. Az itt \u00e9l\u0151 emberek kedvess\u00e9g\u00fckr\u0151l, vend\u00e9gszeretet\u00fckr\u0151l \u00e9s szorgalmukr\u00f3l ismertek. Az elm\u00falt \u00e9vekben egyre t\u00f6bb magyar c\u00e9g ford\u00edtja figyelm\u00e9t Gr\u00fazia fel\u00e9, amikor megb\u00edzhat\u00f3, elhivatott munkaer\u0151t keres. De mi\u00e9rt olyan k\u00fcl\u00f6nlegesek a gr\u00faz munkav\u00e1llal\u00f3k, \u00e9s hogyan j\u00e1rulhatnak [&hellip;]<\/p>","protected":false},"author":1,"featured_media":1566,"parent":0,"menu_order":0,"comment_status":"closed","ping_status":"closed","template":"","meta":{"_acf_changed":false,"footnotes":""},"class_list":["post-1294","page","type-page","status-publish","has-post-thumbnail","hentry"],"acf":[],"yoast_head":"<!-- This site is optimized with the Yoast SEO plugin v25.3 - https:\/\/yoast.com\/wordpress\/plugins\/seo\/ -->\n<title>Gr\u00fazia - gr\u00faz munkaer\u0151 - Delego<\/title>\n<meta name=\"robots\" content=\"index, follow, max-snippet:-1, max-image-preview:large, max-video-preview:-1\" \/>\n<link rel=\"canonical\" href=\"https:\/\/delego.hu\/en\/gruzia-gruz-munkaero\/\" \/>\n<meta property=\"og:locale\" content=\"en_GB\" \/>\n<meta property=\"og:type\" content=\"article\" \/>\n<meta property=\"og:title\" content=\"Gr\u00fazia - gr\u00faz munkaer\u0151 - Delego\" \/>\n<meta property=\"og:description\" content=\"Mi\u00e9rt \u00e9rdemes gr\u00faz munkav\u00e1llal\u00f3kat alkalmazni Magyarorsz\u00e1gon? Gr\u00fazia, a Kauk\u00e1zus gy\u00f6ngyszeme, egy gy\u00f6ny\u00f6r\u0171 term\u00e9szeti kincsekkel \u00e9s gazdag kultur\u00e1lis \u00f6r\u00f6ks\u00e9ggel meg\u00e1ldott orsz\u00e1g. Az itt \u00e9l\u0151 emberek kedvess\u00e9g\u00fckr\u0151l, vend\u00e9gszeretet\u00fckr\u0151l \u00e9s szorgalmukr\u00f3l ismertek. Az elm\u00falt \u00e9vekben egyre t\u00f6bb magyar c\u00e9g ford\u00edtja figyelm\u00e9t Gr\u00fazia fel\u00e9, amikor megb\u00edzhat\u00f3, elhivatott munkaer\u0151t keres. De mi\u00e9rt olyan k\u00fcl\u00f6nlegesek a gr\u00faz munkav\u00e1llal\u00f3k, \u00e9s hogyan j\u00e1rulhatnak [&hellip;]\" \/>\n<meta property=\"og:url\" content=\"https:\/\/delego.hu\/en\/gruzia-gruz-munkaero\/\" \/>\n<meta property=\"og:site_name\" content=\"Delego\" \/>\n<meta property=\"article:modified_time\" content=\"2025-02-18T08:19:21+00:00\" \/>\n<meta property=\"og:image\" content=\"https:\/\/delego.hu\/wp-content\/uploads\/2025\/02\/georgia-workforce-delego.png\" \/>\n\t<meta property=\"og:image:width\" content=\"1366\" \/>\n\t<meta property=\"og:image:height\" content=\"768\" \/>\n\t<meta property=\"og:image:type\" content=\"image\/png\" \/>\n<meta name=\"twitter:card\" content=\"summary_large_image\" \/>\n<meta name=\"twitter:label1\" content=\"Estimated reading time\" \/>\n\t<meta name=\"twitter:data1\" content=\"3 minutes\" \/>\n<script type=\"application\/ld+json\" class=\"yoast-schema-graph\">{\"@context\":\"https:\/\/schema.org\",\"@graph\":[{\"@type\":\"WebPage\",\"@id\":\"https:\/\/delego.hu\/hu\/gruzia-gruz-munkaero\/\",\"url\":\"https:\/\/delego.hu\/hu\/gruzia-gruz-munkaero\/\",\"name\":\"Gr\u00fazia - gr\u00faz munkaer\u0151 - Delego\",\"isPartOf\":{\"@id\":\"https:\/\/delego.hu\/ru\/#website\"},\"primaryImageOfPage\":{\"@id\":\"https:\/\/delego.hu\/hu\/gruzia-gruz-munkaero\/#primaryimage\"},\"image\":{\"@id\":\"https:\/\/delego.hu\/hu\/gruzia-gruz-munkaero\/#primaryimage\"},\"thumbnailUrl\":\"https:\/\/delego.hu\/wp-content\/uploads\/2025\/02\/georgia-workforce-delego.png\",\"datePublished\":\"2024-12-19T13:37:58+00:00\",\"dateModified\":\"2025-02-18T08:19:21+00:00\",\"breadcrumb\":{\"@id\":\"https:\/\/delego.hu\/hu\/gruzia-gruz-munkaero\/#breadcrumb\"},\"inLanguage\":\"en-GB\",\"potentialAction\":[{\"@type\":\"ReadAction\",\"target\":[\"https:\/\/delego.hu\/hu\/gruzia-gruz-munkaero\/\"]}]},{\"@type\":\"ImageObject\",\"inLanguage\":\"en-GB\",\"@id\":\"https:\/\/delego.hu\/hu\/gruzia-gruz-munkaero\/#primaryimage\",\"url\":\"https:\/\/delego.hu\/wp-content\/uploads\/2025\/02\/georgia-workforce-delego.png\",\"contentUrl\":\"https:\/\/delego.hu\/wp-content\/uploads\/2025\/02\/georgia-workforce-delego.png\",\"width\":1366,\"height\":768,\"caption\":\"Georgian workforce image with our Comapany Delego\"},{\"@type\":\"BreadcrumbList\",\"@id\":\"https:\/\/delego.hu\/hu\/gruzia-gruz-munkaero\/#breadcrumb\",\"itemListElement\":[{\"@type\":\"ListItem\",\"position\":1,\"name\":\"Kezd\u0151lap\",\"item\":\"https:\/\/delego.hu\/hu\/\"},{\"@type\":\"ListItem\",\"position\":2,\"name\":\"Gr\u00fazia &#8211; gr\u00faz munkaer\u0151\"}]},{\"@type\":\"WebSite\",\"@id\":\"https:\/\/delego.hu\/ru\/#website\",\"url\":\"https:\/\/delego.hu\/ru\/\",\"name\":\"Delego\",\"description\":\"\",\"publisher\":{\"@id\":\"https:\/\/delego.hu\/ru\/#organization\"},\"potentialAction\":[{\"@type\":\"SearchAction\",\"target\":{\"@type\":\"EntryPoint\",\"urlTemplate\":\"https:\/\/delego.hu\/ru\/?s={search_term_string}\"},\"query-input\":{\"@type\":\"PropertyValueSpecification\",\"valueRequired\":true,\"valueName\":\"search_term_string\"}}],\"inLanguage\":\"en-GB\"},{\"@type\":\"Organization\",\"@id\":\"https:\/\/delego.hu\/ru\/#organization\",\"name\":\"Delego\",\"url\":\"https:\/\/delego.hu\/ru\/\",\"logo\":{\"@type\":\"ImageObject\",\"inLanguage\":\"en-GB\",\"@id\":\"https:\/\/delego.hu\/ru\/#\/schema\/logo\/image\/\",\"url\":\"https:\/\/delego.hu\/wp-content\/uploads\/2024\/07\/logodelego.png\",\"contentUrl\":\"https:\/\/delego.hu\/wp-content\/uploads\/2024\/07\/logodelego.png\",\"width\":117,\"height\":50,\"caption\":\"Delego\"},\"image\":{\"@id\":\"https:\/\/delego.hu\/ru\/#\/schema\/logo\/image\/\"}}]}<\/script>\n<!-- \/ Yoast SEO plugin. -->","yoast_head_json":{"title":"Gr\u00fazia - gr\u00faz munkaer\u0151 - Delego","robots":{"index":"index","follow":"follow","max-snippet":"max-snippet:-1","max-image-preview":"max-image-preview:large","max-video-preview":"max-video-preview:-1"},"canonical":"https:\/\/delego.hu\/en\/gruzia-gruz-munkaero\/","og_locale":"en_GB","og_type":"article","og_title":"Gr\u00fazia - gr\u00faz munkaer\u0151 - Delego","og_description":"Mi\u00e9rt \u00e9rdemes gr\u00faz munkav\u00e1llal\u00f3kat alkalmazni Magyarorsz\u00e1gon? Gr\u00fazia, a Kauk\u00e1zus gy\u00f6ngyszeme, egy gy\u00f6ny\u00f6r\u0171 term\u00e9szeti kincsekkel \u00e9s gazdag kultur\u00e1lis \u00f6r\u00f6ks\u00e9ggel meg\u00e1ldott orsz\u00e1g. Az itt \u00e9l\u0151 emberek kedvess\u00e9g\u00fckr\u0151l, vend\u00e9gszeretet\u00fckr\u0151l \u00e9s szorgalmukr\u00f3l ismertek. Az elm\u00falt \u00e9vekben egyre t\u00f6bb magyar c\u00e9g ford\u00edtja figyelm\u00e9t Gr\u00fazia fel\u00e9, amikor megb\u00edzhat\u00f3, elhivatott munkaer\u0151t keres. De mi\u00e9rt olyan k\u00fcl\u00f6nlegesek a gr\u00faz munkav\u00e1llal\u00f3k, \u00e9s hogyan j\u00e1rulhatnak [&hellip;]","og_url":"https:\/\/delego.hu\/en\/gruzia-gruz-munkaero\/","og_site_name":"Delego","article_modified_time":"2025-02-18T08:19:21+00:00","og_image":[{"width":1366,"height":768,"url":"https:\/\/delego.hu\/wp-content\/uploads\/2025\/02\/georgia-workforce-delego.png","type":"image\/png"}],"twitter_card":"summary_large_image","twitter_misc":{"Estimated reading time":"3 minutes"},"schema":{"@context":"https:\/\/schema.org","@graph":[{"@type":"WebPage","@id":"https:\/\/delego.hu\/hu\/gruzia-gruz-munkaero\/","url":"https:\/\/delego.hu\/hu\/gruzia-gruz-munkaero\/","name":"Gr\u00fazia - gr\u00faz munkaer\u0151 - Delego","isPartOf":{"@id":"https:\/\/delego.hu\/ru\/#website"},"primaryImageOfPage":{"@id":"https:\/\/delego.hu\/hu\/gruzia-gruz-munkaero\/#primaryimage"},"image":{"@id":"https:\/\/delego.hu\/hu\/gruzia-gruz-munkaero\/#primaryimage"},"thumbnailUrl":"https:\/\/delego.hu\/wp-content\/uploads\/2025\/02\/georgia-workforce-delego.png","datePublished":"2024-12-19T13:37:58+00:00","dateModified":"2025-02-18T08:19:21+00:00","breadcrumb":{"@id":"https:\/\/delego.hu\/hu\/gruzia-gruz-munkaero\/#breadcrumb"},"inLanguage":"en-GB","potentialAction":[{"@type":"ReadAction","target":["https:\/\/delego.hu\/hu\/gruzia-gruz-munkaero\/"]}]},{"@type":"ImageObject","inLanguage":"en-GB","@id":"https:\/\/delego.hu\/hu\/gruzia-gruz-munkaero\/#primaryimage","url":"https:\/\/delego.hu\/wp-content\/uploads\/2025\/02\/georgia-workforce-delego.png","contentUrl":"https:\/\/delego.hu\/wp-content\/uploads\/2025\/02\/georgia-workforce-delego.png","width":1366,"height":768,"caption":"Georgian workforce image with our Comapany Delego"},{"@type":"BreadcrumbList","@id":"https:\/\/delego.hu\/hu\/gruzia-gruz-munkaero\/#breadcrumb","itemListElement":[{"@type":"ListItem","position":1,"name":"Kezd\u0151lap","item":"https:\/\/delego.hu\/hu\/"},{"@type":"ListItem","position":2,"name":"Gr\u00fazia &#8211; gr\u00faz munkaer\u0151"}]},{"@type":"WebSite","@id":"https:\/\/delego.hu\/ru\/#website","url":"https:\/\/delego.hu\/ru\/","name":"Delego","description":"","publisher":{"@id":"https:\/\/delego.hu\/ru\/#organization"},"potentialAction":[{"@type":"SearchAction","target":{"@type":"EntryPoint","urlTemplate":"https:\/\/delego.hu\/ru\/?s={search_term_string}"},"query-input":{"@type":"PropertyValueSpecification","valueRequired":true,"valueName":"search_term_string"}}],"inLanguage":"en-GB"},{"@type":"Organization","@id":"https:\/\/delego.hu\/ru\/#organization","name":"Delego","url":"https:\/\/delego.hu\/ru\/","logo":{"@type":"ImageObject","inLanguage":"en-GB","@id":"https:\/\/delego.hu\/ru\/#\/schema\/logo\/image\/","url":"https:\/\/delego.hu\/wp-content\/uploads\/2024\/07\/logodelego.png","contentUrl":"https:\/\/delego.hu\/wp-content\/uploads\/2024\/07\/logodelego.png","width":117,"height":50,"caption":"Delego"},"image":{"@id":"https:\/\/delego.hu\/ru\/#\/schema\/logo\/image\/"}}]}},"_links":{"self":[{"href":"https:\/\/delego.hu\/en\/wp-json\/wp\/v2\/pages\/1294","targetHints":{"allow":["GET"]}}],"collection":[{"href":"https:\/\/delego.hu\/en\/wp-json\/wp\/v2\/pages"}],"about":[{"href":"https:\/\/delego.hu\/en\/wp-json\/wp\/v2\/types\/page"}],"author":[{"embeddable":true,"href":"https:\/\/delego.hu\/en\/wp-json\/wp\/v2\/users\/1"}],"replies":[{"embeddable":true,"href":"https:\/\/delego.hu\/en\/wp-json\/wp\/v2\/comments?post=1294"}],"version-history":[{"count":23,"href":"https:\/\/delego.hu\/en\/wp-json\/wp\/v2\/pages\/1294\/revisions"}],"predecessor-version":[{"id":1572,"href":"https:\/\/delego.hu\/en\/wp-json\/wp\/v2\/pages\/1294\/revisions\/1572"}],"wp:featuredmedia":[{"embeddable":true,"href":"https:\/\/delego.hu\/en\/wp-json\/wp\/v2\/media\/1566"}],"wp:attachment":[{"href":"https:\/\/delego.hu\/en\/wp-json\/wp\/v2\/media?parent=1294"}],"curies":[{"name":"wp","href":"https:\/\/api.w.org\/{rel}","templated":true}]}}