{"id":153,"date":"2024-07-12T07:46:46","date_gmt":"2024-07-12T07:46:46","guid":{"rendered":"https:\/\/delego.hu\/?page_id=153"},"modified":"2024-07-12T07:55:45","modified_gmt":"2024-07-12T07:55:45","slug":"versenyjogi-megfeleles","status":"publish","type":"page","link":"http:\/\/delego.hu\/ru\/versenyjogi-megfeleles\/","title":{"rendered":"\u0421\u043e\u0431\u043b\u044e\u0434\u0435\u043d\u0438\u0435 \u0442\u0440\u0435\u0431\u043e\u0432\u0430\u043d\u0438\u0439 \u043a \u043a\u043e\u043d\u043a\u0443\u0440\u0435\u043d\u0446\u0438\u0438"},"content":{"rendered":"<div data-elementor-type=\"wp-page\" data-elementor-id=\"153\" class=\"elementor elementor-153\" data-elementor-post-type=\"page\">\n\t\t\t\t<div class=\"elementor-element elementor-element-8892669 e-flex e-con-boxed e-con e-parent\" data-id=\"8892669\" data-element_type=\"container\" data-e-type=\"container\">\n\t\t\t\t\t<div class=\"e-con-inner\">\n\t\t<div class=\"elementor-element elementor-element-bdb9551 e-con-full e-flex e-con e-child\" data-id=\"bdb9551\" data-element_type=\"container\" data-e-type=\"container\">\n\t\t\t\t<div data-dce-title-color=\"#000000\" class=\"elementor-element elementor-element-0a1d298 elementor-widget elementor-widget-heading\" data-id=\"0a1d298\" data-element_type=\"widget\" data-e-type=\"widget\" data-widget_type=\"heading.default\">\n\t\t\t\t<div class=\"elementor-widget-container\">\n\t\t\t\t\t<h2 class=\"elementor-heading-title elementor-size-default\">\u0421\u041e\u0411\u041b\u042e\u0414\u0415\u041d\u0418\u0415 \u041a\u041e\u041d\u041a\u0423\u0420\u0415\u041d\u0422\u041d\u041e\u0413\u041e \u0417\u0410\u041a\u041e\u041d\u041e\u0414\u0410\u0422\u0415\u041b\u042c\u0421\u0422\u0412\u0410 (\u041f\u041e\u041b\u0418\u0422\u0418\u041a\u0410 \u0421\u041e\u0411\u041b\u042e\u0414\u0415\u041d\u0418\u042f)<\/h2>\t\t\t\t<\/div>\n\t\t\t\t<\/div>\n\t\t\t\t<div data-dce-text-color=\"#000000\" class=\"elementor-element elementor-element-c5d5e2e elementor-widget elementor-widget-text-editor\" data-id=\"c5d5e2e\" data-element_type=\"widget\" data-e-type=\"widget\" data-widget_type=\"text-editor.default\">\n\t\t\t\t<div class=\"elementor-widget-container\">\n\t\t\t\t\t\t\t\t\t<p>Delego \u0434\u0435\u043b\u0430\u0435\u0442 \u0432\u0441\u0435 \u0432\u043e\u0437\u043c\u043e\u0436\u043d\u043e\u0435, \u0447\u0442\u043e\u0431\u044b \u0434\u0435\u0439\u0441\u0442\u0432\u043e\u0432\u0430\u0442\u044c \u0432 \u0440\u0430\u043c\u043a\u0430\u0445 \u043f\u0440\u0438\u043c\u0435\u043d\u0438\u043c\u043e\u0433\u043e \u0437\u0430\u043a\u043e\u043d\u043e\u0434\u0430\u0442\u0435\u043b\u044c\u0441\u0442\u0432\u0430 \u043e \u043a\u043e\u043d\u043a\u0443\u0440\u0435\u043d\u0446\u0438\u0438. \u0412 \u043d\u0430\u0448\u0435\u0439 \u043a\u043e\u043c\u043f\u0430\u043d\u0438\u0438 \u0434\u0435\u0439\u0441\u0442\u0432\u0443\u0435\u0442 \u043a\u043e\u043c\u043f\u043b\u0435\u043a\u0441\u043d\u0430\u044f \u043f\u0440\u043e\u0433\u0440\u0430\u043c\u043c\u0430 \u043a\u043e\u043c\u043f\u043b\u0430\u0435\u043d\u0441, \u0443\u043f\u0440\u0430\u0432\u043b\u044f\u0435\u043c\u0430\u044f \u0438 \u043a\u043e\u043d\u0442\u0440\u043e\u043b\u0438\u0440\u0443\u0435\u043c\u0430\u044f \u044e\u0440\u0438\u0441\u0442\u0430\u043c\u0438, \u043a\u043e\u0442\u043e\u0440\u0430\u044f \u0432\u043a\u043b\u044e\u0447\u0430\u0435\u0442 \u0432 \u0441\u0435\u0431\u044f \u0440\u0435\u0433\u0443\u043b\u044f\u0440\u043d\u043e\u0435 \u043e\u0431\u0443\u0447\u0435\u043d\u0438\u0435 \u043d\u0430\u0448\u0438\u0445 \u0441\u043e\u0442\u0440\u0443\u0434\u043d\u0438\u043a\u043e\u0432 \u043a\u043e\u043d\u043a\u0443\u0440\u0435\u043d\u0442\u043d\u043e\u043c\u0443 \u043f\u0440\u0430\u0432\u0443 \u0438 \u043f\u0440\u043e\u0432\u0435\u0440\u043a\u0443 \u0437\u043d\u0430\u043d\u0438\u0439, \u043f\u043e\u043b\u0443\u0447\u0435\u043d\u043d\u044b\u0445 \u0432 \u0445\u043e\u0434\u0435 \u043e\u0431\u0443\u0447\u0435\u043d\u0438\u044f. \u041a\u0440\u043e\u043c\u0435 \u0442\u043e\u0433\u043e, \u0432 \u0432\u0438\u0434\u0435 \u0443\u043a\u0430\u0437\u0430 \u043c\u044b \u0432\u0432\u043e\u0434\u0438\u043c \u0432 \u0434\u0435\u0439\u0441\u0442\u0432\u0438\u0435 \u0441\u0438\u0441\u0442\u0435\u043c\u0443 \u0442\u0440\u0435\u0431\u043e\u0432\u0430\u043d\u0438\u0439, \u043e\u0445\u0432\u0430\u0442\u044b\u0432\u0430\u044e\u0449\u0443\u044e \u0434\u0435\u0442\u0430\u043b\u0438 \u0437\u0430\u043a\u043e\u043d\u043e\u0434\u0430\u0442\u0435\u043b\u044c\u0441\u0442\u0432\u0430 \u043e \u043a\u043e\u043d\u043a\u0443\u0440\u0435\u043d\u0446\u0438\u0438, \u0441\u043e\u0431\u043b\u044e\u0434\u0435\u043d\u0438\u044f \u043a\u043e\u0442\u043e\u0440\u044b\u0445 \u043c\u044b \u0441\u0442\u0440\u043e\u0433\u043e \u0442\u0440\u0435\u0431\u0443\u0435\u043c \u043e\u0442 \u043d\u0430\u0448\u0438\u0445 \u0441\u043e\u0442\u0440\u0443\u0434\u043d\u0438\u043a\u043e\u0432 \u0438 \u043f\u043e\u0441\u0442\u043e\u044f\u043d\u043d\u044b\u0439 \u043a\u043e\u043d\u0442\u0440\u043e\u043b\u044c \u0438 \u0441\u043e\u0431\u043b\u044e\u0434\u0435\u043d\u0438\u0435 \u043a\u043e\u0442\u043e\u0440\u044b\u0445 \u044f\u0432\u043b\u044f\u0435\u0442\u0441\u044f \u043e\u0434\u043d\u0438\u043c \u0438\u0437 \u043e\u0441\u043d\u043e\u0432\u043d\u044b\u0445 \u0437\u0430\u0434\u0430\u0447 \u0438 \u0446\u0435\u043b\u0435\u0439 \u043d\u0430\u0448\u0435\u0439 \u043a\u043e\u043c\u043f\u0430\u043d\u0438\u0438. \u041c\u044b \u043f\u0440\u043e\u0432\u043e\u0434\u0438\u043c \u0440\u0435\u0433\u0443\u043b\u044f\u0440\u043d\u043e\u0435 \u0435\u0436\u0435\u0433\u043e\u0434\u043d\u043e\u0435 \u043e\u0431\u0443\u0447\u0435\u043d\u0438\u0435 \u0438 \u043e\u0431\u044f\u0437\u0430\u0442\u0435\u043b\u044c\u043d\u043e\u0435 \u043e\u0431\u0443\u0447\u0435\u043d\u0438\u0435 \u043d\u043e\u0432\u044b\u0445 \u0441\u043e\u0442\u0440\u0443\u0434\u043d\u0438\u043a\u043e\u0432.<u><\/u><u><\/u><\/p><p>\u041d\u0430\u0448\u0430 \u043a\u043e\u043c\u043f\u0430\u043d\u0438\u044f \u0441\u0442\u0440\u0435\u043c\u0438\u0442\u0441\u044f \u0441\u043e\u0431\u043b\u044e\u0434\u0430\u0442\u044c \u0437\u0430\u043a\u043e\u043d \u0438 \u043e\u0436\u0438\u0434\u0430\u0435\u0442 \u0442\u043e\u0433\u043e \u0436\u0435 \u043e\u0442 \u0441\u0432\u043e\u0438\u0445 \u0441\u043e\u0442\u0440\u0443\u0434\u043d\u0438\u043a\u043e\u0432.<\/p>\t\t\t\t\t\t\t\t<\/div>\n\t\t\t\t<\/div>\n\t\t\t\t<\/div>\n\t\t\t\t\t<\/div>\n\t\t\t\t<\/div>\n\t\t\t\t<\/div>","protected":false},"excerpt":{"rendered":"<p>VERSENYJOGI MEGFELEL\u00c9S (COMPLIANCE POLICY) A Delego mindent megtesz annak \u00e9rdek\u00e9ben, hogy a hat\u00e1lyos versenyjog szab\u00e1lyainak keretei k\u00f6z\u00f6tt m\u0171k\u00f6dj\u00f6n. T\u00e1rsas\u00e1gunkn\u00e1l olyan jog\u00e1szok \u00e1ltal ir\u00e1ny\u00edtott \u00e9s ellen\u0151rz\u00f6tt komplex megfelel\u00e9si program van alkalmaz\u00e1sban, amely mag\u00e1ban foglalja munkav\u00e1llal\u00f3ink rendszeres versenyjogi k\u00e9pz\u00e9s\u00e9t \u00e9s a k\u00e9pz\u00e9sen szerzett tud\u00e1sanyag vizsg\u00e1val val\u00f3 ellen\u0151rz\u00e9s\u00e9t. Tov\u00e1bb\u00e1 \u00fcgyvezet\u0151i utas\u00edt\u00e1s form\u00e1j\u00e1ban a versenyjog r\u00e9szleteire kiterjed\u0151 k\u00f6vetelm\u00e9nyrendszert l\u00e9ptett\u00fcnk [&hellip;]<\/p>","protected":false},"author":1,"featured_media":0,"parent":0,"menu_order":0,"comment_status":"closed","ping_status":"closed","template":"","meta":{"_acf_changed":false,"footnotes":""},"class_list":["post-153","page","type-page","status-publish","hentry"],"acf":[],"yoast_head":"<!-- This site is optimized with the Yoast SEO plugin v25.3 - https:\/\/yoast.com\/wordpress\/plugins\/seo\/ -->\n<title>Versenyjogi megfelel\u00e9s - Delego<\/title>\n<meta name=\"robots\" content=\"index, follow, max-snippet:-1, max-image-preview:large, max-video-preview:-1\" \/>\n<link rel=\"canonical\" href=\"https:\/\/delego.hu\/ru\/versenyjogi-megfeleles\/\" \/>\n<meta property=\"og:locale\" content=\"ru_RU\" \/>\n<meta property=\"og:type\" content=\"article\" \/>\n<meta property=\"og:title\" content=\"Versenyjogi megfelel\u00e9s - Delego\" \/>\n<meta property=\"og:description\" content=\"VERSENYJOGI MEGFELEL\u00c9S (COMPLIANCE POLICY) A Delego mindent megtesz annak \u00e9rdek\u00e9ben, hogy a hat\u00e1lyos versenyjog szab\u00e1lyainak keretei k\u00f6z\u00f6tt m\u0171k\u00f6dj\u00f6n. T\u00e1rsas\u00e1gunkn\u00e1l olyan jog\u00e1szok \u00e1ltal ir\u00e1ny\u00edtott \u00e9s ellen\u0151rz\u00f6tt komplex megfelel\u00e9si program van alkalmaz\u00e1sban, amely mag\u00e1ban foglalja munkav\u00e1llal\u00f3ink rendszeres versenyjogi k\u00e9pz\u00e9s\u00e9t \u00e9s a k\u00e9pz\u00e9sen szerzett tud\u00e1sanyag vizsg\u00e1val val\u00f3 ellen\u0151rz\u00e9s\u00e9t. Tov\u00e1bb\u00e1 \u00fcgyvezet\u0151i utas\u00edt\u00e1s form\u00e1j\u00e1ban a versenyjog r\u00e9szleteire kiterjed\u0151 k\u00f6vetelm\u00e9nyrendszert l\u00e9ptett\u00fcnk [&hellip;]\" \/>\n<meta property=\"og:url\" content=\"https:\/\/delego.hu\/ru\/versenyjogi-megfeleles\/\" \/>\n<meta property=\"og:site_name\" content=\"Delego\" \/>\n<meta property=\"article:modified_time\" content=\"2024-07-12T07:55:45+00:00\" \/>\n<meta name=\"twitter:card\" content=\"summary_large_image\" \/>\n<meta name=\"twitter:label1\" content=\"\u041f\u0440\u0438\u043c\u0435\u0440\u043d\u043e\u0435 \u0432\u0440\u0435\u043c\u044f \u0434\u043b\u044f \u0447\u0442\u0435\u043d\u0438\u044f\" \/>\n\t<meta name=\"twitter:data1\" content=\"1 \u043c\u0438\u043d\u0443\u0442\u0430\" \/>\n<script type=\"application\/ld+json\" class=\"yoast-schema-graph\">{\"@context\":\"https:\/\/schema.org\",\"@graph\":[{\"@type\":\"WebPage\",\"@id\":\"https:\/\/delego.hu\/hu\/versenyjogi-megfeleles\/\",\"url\":\"https:\/\/delego.hu\/hu\/versenyjogi-megfeleles\/\",\"name\":\"Versenyjogi megfelel\u00e9s - Delego\",\"isPartOf\":{\"@id\":\"https:\/\/delego.hu\/ru\/#website\"},\"datePublished\":\"2024-07-12T07:46:46+00:00\",\"dateModified\":\"2024-07-12T07:55:45+00:00\",\"breadcrumb\":{\"@id\":\"https:\/\/delego.hu\/hu\/versenyjogi-megfeleles\/#breadcrumb\"},\"inLanguage\":\"ru-RU\",\"potentialAction\":[{\"@type\":\"ReadAction\",\"target\":[\"https:\/\/delego.hu\/hu\/versenyjogi-megfeleles\/\"]}]},{\"@type\":\"BreadcrumbList\",\"@id\":\"https:\/\/delego.hu\/hu\/versenyjogi-megfeleles\/#breadcrumb\",\"itemListElement\":[{\"@type\":\"ListItem\",\"position\":1,\"name\":\"Kezd\u0151lap\",\"item\":\"https:\/\/delego.hu\/hu\/\"},{\"@type\":\"ListItem\",\"position\":2,\"name\":\"Versenyjogi megfelel\u00e9s\"}]},{\"@type\":\"WebSite\",\"@id\":\"https:\/\/delego.hu\/ru\/#website\",\"url\":\"https:\/\/delego.hu\/ru\/\",\"name\":\"Delego\",\"description\":\"\",\"publisher\":{\"@id\":\"https:\/\/delego.hu\/ru\/#organization\"},\"potentialAction\":[{\"@type\":\"SearchAction\",\"target\":{\"@type\":\"EntryPoint\",\"urlTemplate\":\"https:\/\/delego.hu\/ru\/?s={search_term_string}\"},\"query-input\":{\"@type\":\"PropertyValueSpecification\",\"valueRequired\":true,\"valueName\":\"search_term_string\"}}],\"inLanguage\":\"ru-RU\"},{\"@type\":\"Organization\",\"@id\":\"https:\/\/delego.hu\/ru\/#organization\",\"name\":\"Delego\",\"url\":\"https:\/\/delego.hu\/ru\/\",\"logo\":{\"@type\":\"ImageObject\",\"inLanguage\":\"ru-RU\",\"@id\":\"https:\/\/delego.hu\/ru\/#\/schema\/logo\/image\/\",\"url\":\"https:\/\/delego.hu\/wp-content\/uploads\/2024\/07\/logodelego.png\",\"contentUrl\":\"https:\/\/delego.hu\/wp-content\/uploads\/2024\/07\/logodelego.png\",\"width\":117,\"height\":50,\"caption\":\"Delego\"},\"image\":{\"@id\":\"https:\/\/delego.hu\/ru\/#\/schema\/logo\/image\/\"}}]}<\/script>\n<!-- \/ Yoast SEO plugin. -->","yoast_head_json":{"title":"Versenyjogi megfelel\u00e9s - Delego","robots":{"index":"index","follow":"follow","max-snippet":"max-snippet:-1","max-image-preview":"max-image-preview:large","max-video-preview":"max-video-preview:-1"},"canonical":"https:\/\/delego.hu\/ru\/versenyjogi-megfeleles\/","og_locale":"ru_RU","og_type":"article","og_title":"Versenyjogi megfelel\u00e9s - Delego","og_description":"VERSENYJOGI MEGFELEL\u00c9S (COMPLIANCE POLICY) A Delego mindent megtesz annak \u00e9rdek\u00e9ben, hogy a hat\u00e1lyos versenyjog szab\u00e1lyainak keretei k\u00f6z\u00f6tt m\u0171k\u00f6dj\u00f6n. T\u00e1rsas\u00e1gunkn\u00e1l olyan jog\u00e1szok \u00e1ltal ir\u00e1ny\u00edtott \u00e9s ellen\u0151rz\u00f6tt komplex megfelel\u00e9si program van alkalmaz\u00e1sban, amely mag\u00e1ban foglalja munkav\u00e1llal\u00f3ink rendszeres versenyjogi k\u00e9pz\u00e9s\u00e9t \u00e9s a k\u00e9pz\u00e9sen szerzett tud\u00e1sanyag vizsg\u00e1val val\u00f3 ellen\u0151rz\u00e9s\u00e9t. Tov\u00e1bb\u00e1 \u00fcgyvezet\u0151i utas\u00edt\u00e1s form\u00e1j\u00e1ban a versenyjog r\u00e9szleteire kiterjed\u0151 k\u00f6vetelm\u00e9nyrendszert l\u00e9ptett\u00fcnk [&hellip;]","og_url":"https:\/\/delego.hu\/ru\/versenyjogi-megfeleles\/","og_site_name":"Delego","article_modified_time":"2024-07-12T07:55:45+00:00","twitter_card":"summary_large_image","twitter_misc":{"\u041f\u0440\u0438\u043c\u0435\u0440\u043d\u043e\u0435 \u0432\u0440\u0435\u043c\u044f \u0434\u043b\u044f \u0447\u0442\u0435\u043d\u0438\u044f":"1 \u043c\u0438\u043d\u0443\u0442\u0430"},"schema":{"@context":"https:\/\/schema.org","@graph":[{"@type":"WebPage","@id":"https:\/\/delego.hu\/hu\/versenyjogi-megfeleles\/","url":"https:\/\/delego.hu\/hu\/versenyjogi-megfeleles\/","name":"Versenyjogi megfelel\u00e9s - Delego","isPartOf":{"@id":"https:\/\/delego.hu\/ru\/#website"},"datePublished":"2024-07-12T07:46:46+00:00","dateModified":"2024-07-12T07:55:45+00:00","breadcrumb":{"@id":"https:\/\/delego.hu\/hu\/versenyjogi-megfeleles\/#breadcrumb"},"inLanguage":"ru-RU","potentialAction":[{"@type":"ReadAction","target":["https:\/\/delego.hu\/hu\/versenyjogi-megfeleles\/"]}]},{"@type":"BreadcrumbList","@id":"https:\/\/delego.hu\/hu\/versenyjogi-megfeleles\/#breadcrumb","itemListElement":[{"@type":"ListItem","position":1,"name":"Kezd\u0151lap","item":"https:\/\/delego.hu\/hu\/"},{"@type":"ListItem","position":2,"name":"Versenyjogi megfelel\u00e9s"}]},{"@type":"WebSite","@id":"https:\/\/delego.hu\/ru\/#website","url":"https:\/\/delego.hu\/ru\/","name":"Delego","description":"","publisher":{"@id":"https:\/\/delego.hu\/ru\/#organization"},"potentialAction":[{"@type":"SearchAction","target":{"@type":"EntryPoint","urlTemplate":"https:\/\/delego.hu\/ru\/?s={search_term_string}"},"query-input":{"@type":"PropertyValueSpecification","valueRequired":true,"valueName":"search_term_string"}}],"inLanguage":"ru-RU"},{"@type":"Organization","@id":"https:\/\/delego.hu\/ru\/#organization","name":"Delego","url":"https:\/\/delego.hu\/ru\/","logo":{"@type":"ImageObject","inLanguage":"ru-RU","@id":"https:\/\/delego.hu\/ru\/#\/schema\/logo\/image\/","url":"https:\/\/delego.hu\/wp-content\/uploads\/2024\/07\/logodelego.png","contentUrl":"https:\/\/delego.hu\/wp-content\/uploads\/2024\/07\/logodelego.png","width":117,"height":50,"caption":"Delego"},"image":{"@id":"https:\/\/delego.hu\/ru\/#\/schema\/logo\/image\/"}}]}},"_links":{"self":[{"href":"http:\/\/delego.hu\/ru\/wp-json\/wp\/v2\/pages\/153","targetHints":{"allow":["GET"]}}],"collection":[{"href":"http:\/\/delego.hu\/ru\/wp-json\/wp\/v2\/pages"}],"about":[{"href":"http:\/\/delego.hu\/ru\/wp-json\/wp\/v2\/types\/page"}],"author":[{"embeddable":true,"href":"http:\/\/delego.hu\/ru\/wp-json\/wp\/v2\/users\/1"}],"replies":[{"embeddable":true,"href":"http:\/\/delego.hu\/ru\/wp-json\/wp\/v2\/comments?post=153"}],"version-history":[{"count":4,"href":"http:\/\/delego.hu\/ru\/wp-json\/wp\/v2\/pages\/153\/revisions"}],"predecessor-version":[{"id":169,"href":"http:\/\/delego.hu\/ru\/wp-json\/wp\/v2\/pages\/153\/revisions\/169"}],"wp:attachment":[{"href":"http:\/\/delego.hu\/ru\/wp-json\/wp\/v2\/media?parent=153"}],"curies":[{"name":"wp","href":"https:\/\/api.w.org\/{rel}","templated":true}]}}