{"id":1389,"date":"2024-12-31T13:13:33","date_gmt":"2024-12-31T13:13:33","guid":{"rendered":"https:\/\/delego.hu\/?page_id=1389"},"modified":"2025-01-02T07:43:30","modified_gmt":"2025-01-02T07:43:30","slug":"evertekelo-2024","status":"publish","type":"page","link":"http:\/\/delego.hu\/en\/evertekelo-2024\/","title":{"rendered":"\u00c9v\u00e9rt\u00e9kel\u0151 &#8211; 2024"},"content":{"rendered":"<div data-elementor-type=\"wp-page\" data-elementor-id=\"1389\" class=\"elementor elementor-1389\" data-elementor-post-type=\"page\">\n\t\t\t\t<div class=\"elementor-element elementor-element-a79bef9 e-flex e-con-boxed e-con e-parent\" data-id=\"a79bef9\" data-element_type=\"container\" data-e-type=\"container\">\n\t\t\t\t\t<div class=\"e-con-inner\">\n\t\t<div class=\"elementor-element elementor-element-d1a8fa0 e-con-full e-flex e-con e-child\" data-id=\"d1a8fa0\" data-element_type=\"container\" data-e-type=\"container\">\n\t\t\t\t<div class=\"elementor-element elementor-element-8ee0abc dce_masking-none elementor-widget elementor-widget-image\" data-id=\"8ee0abc\" data-element_type=\"widget\" data-e-type=\"widget\" data-widget_type=\"image.default\">\n\t\t\t\t<div class=\"elementor-widget-container\">\n\t\t\t\t\t\t\t\t\t\t\t\t\t\t\t<img fetchpriority=\"high\" decoding=\"async\" width=\"1920\" height=\"1080\" src=\"https:\/\/delego.hu\/wp-content\/uploads\/2024\/12\/rrrr.png\" class=\"attachment-full size-full wp-image-1397\" alt=\"\" srcset=\"https:\/\/delego.hu\/wp-content\/uploads\/2024\/12\/rrrr.png 1920w, https:\/\/delego.hu\/wp-content\/uploads\/2024\/12\/rrrr-300x169.png 300w, https:\/\/delego.hu\/wp-content\/uploads\/2024\/12\/rrrr-1024x576.png 1024w, https:\/\/delego.hu\/wp-content\/uploads\/2024\/12\/rrrr-768x432.png 768w, https:\/\/delego.hu\/wp-content\/uploads\/2024\/12\/rrrr-1536x864.png 1536w, https:\/\/delego.hu\/wp-content\/uploads\/2024\/12\/rrrr-18x10.png 18w\" sizes=\"(max-width: 1920px) 100vw, 1920px\" \/>\t\t\t\t\t\t\t\t\t\t\t\t\t\t\t<\/div>\n\t\t\t\t<\/div>\n\t\t\t\t<\/div>\n\t\t\t\t<div data-dce-title-color=\"#CF3334\" class=\"elementor-element elementor-element-d2a1ec7 elementor-widget elementor-widget-heading\" data-id=\"d2a1ec7\" data-element_type=\"widget\" data-e-type=\"widget\" data-widget_type=\"heading.default\">\n\t\t\t\t<div class=\"elementor-widget-container\">\n\t\t\t\t\t<h2 class=\"elementor-heading-title elementor-size-default\">Delego Kft. - \u00c9v\u00e9rt\u00e9kel\u0151 2024<\/h2>\t\t\t\t<\/div>\n\t\t\t\t<\/div>\n\t\t\t\t<div data-dce-text-color=\"#3C3C3C\" class=\"elementor-element elementor-element-a7dc9c5 elementor-widget elementor-widget-text-editor\" data-id=\"a7dc9c5\" data-element_type=\"widget\" data-e-type=\"widget\" data-widget_type=\"text-editor.default\">\n\t\t\t\t<div class=\"elementor-widget-container\">\n\t\t\t\t\t\t\t\t\t<p>Most, hogy el\u00e9rt\u00fcnk az \u00e9v v\u00e9g\u00e9hez, a <strong>Delego Kft.<\/strong> b\u00fcszk\u00e9n tekint vissza a 2024-es esztend\u0151 eredm\u00e9nyeire \u00e9s fejl\u0151d\u00e9si m\u00e9rf\u00f6ldk\u00f6veire. Gazdas\u00e1gi neh\u00e9zs\u00e9gek ellen\u00e9re ez az \u00e9v nemcsak \u00faj lehet\u0151s\u00e9geket \u00e9s kih\u00edv\u00e1sokat hozott, hanem sz\u00e1mos jelent\u0151s sikert is, amelyek\u00e9rt h\u00e1l\u00e1sak vagyunk partnereinknek, munkav\u00e1llal\u00f3inknak \u00e9s minden k\u00f6zrem\u0171k\u00f6d\u0151nek.<\/p><h2>F\u0151bb Eredm\u00e9nyeink<\/h2><p>Eg\u00e9sz \u00e9vben arra t\u00f6rekedt\u00fcnk, hogy min\u00e9l t\u00f6bb embernek ny\u00fajtsunk seg\u00edts\u00e9get az \u00e1ll\u00e1skeres\u00e9sben. Sz\u00e1mos ember tal\u00e1lt \u00faj \u00e1ll\u00e1st \u00e9s biztons\u00e1gosabb j\u00f6v\u0151t a k\u00f6zrem\u0171k\u00f6d\u00e9s\u00fcnknek k\u00f6sz\u00f6nhet\u0151en.<\/p><ul><li><strong>Portf\u00f3li\u00f3nk b\u0151v\u00fclt<\/strong>, \u00faj partnerekkel l\u00e9pt\u00fcnk egy\u00fcttm\u0171k\u00f6d\u00e9sre, amely lehet\u0151v\u00e9 teszi, hogy m\u00e9g sz\u00e9lesebb k\u00f6rben t\u00e1mogassuk a munkaer\u0151piaci ig\u00e9nyeket.<\/li><li><strong>ISO 9001 min\u0151s\u00e9gir\u00e1ny\u00edt\u00e1si tan\u00fas\u00edtv\u00e1nyunkat meg\u0151rizt\u00fck<\/strong>, az AAA tan\u00fas\u00edtv\u00e1nyt is tov\u00e1bbra is birtokoljuk, \u00e9s a Sz\u00e9chenyi Terv keret\u00e9ben is b\u0151v\u00fclt\u00fcnk. Ez lehet\u0151v\u00e9 tette koll\u00e9g\u00e1ink szaktud\u00e1s\u00e1nak tov\u00e1bbi fejleszt\u00e9s\u00e9t.<\/li><li><strong>Outplacement rendezv\u00e9nyt szervezt\u00fcnk<\/strong>, amely sor\u00e1n a r\u00e9sztvev\u0151k hasznos tan\u00e1csokat kaptak karrierj\u00fck \u00fajratervez\u00e9s\u00e9hez.<\/li><li><strong>Szakdolgozat\u00edr\u00f3 di\u00e1kokat t\u00e1mogattunk<\/strong>, seg\u00edtve k\u00e9rd\u0151\u00edveik sz\u00e9lesebb k\u00f6r\u0171 kit\u00f6lt\u00e9s\u00e9t.<\/li><\/ul><h2>K\u00f6sz\u00f6netnyilv\u00e1n\u00edt\u00e1s<\/h2><p>Minden munkat\u00e1rsunk \u00e9s partner\u00fcnk hozz\u00e1j\u00e1rul\u00e1sa elengedhetetlen volt ahhoz, hogy ezt az \u00e9vet ilyen eredm\u00e9nyesen z\u00e1rhassuk. <strong>K\u00f6sz\u00f6nj\u00fck mindenkinek, aki r\u00e9sze volt a 2024-es sikert\u00f6rt\u00e9net\u00fcnknek!<\/strong><\/p><h2>A 2024-es \u00c9v Kiugr\u00f3 Sz\u00e1mai<\/h2><ul><li><strong>338.191 kilom\u00e9ter<\/strong> \u2013 \u00d6sszesen ennyit tett\u00fcnk meg az \u00fcgyfeleink \u00e9rdek\u00e9ben. Ez a F\u00f6ld \u00e9s a Hold k\u00f6z\u00f6tti t\u00e1vols\u00e1g! Ennyi megtett kilom\u00e9terrel 9-szer megker\u00fclt\u00fck volna a F\u00f6ldet.<\/li><li><strong>16.000 jelentkez\u0151t \u00e9rt\u00fcnk el<\/strong> \u2013 Ez olyan, mintha egy teljes Balassagyarmatot megsz\u00f3l\u00edtottunk volna.<\/li><li><strong>2670 f\u0151t t\u00e1mogattunk<\/strong> partnereink kiv\u00e1laszt\u00e1si napjain \u2013 Ez 476 kiv\u00e1laszt\u00e1si esem\u00e9nyt jelentett. Ennyi alkalommal \u00e1lltunk \u00fcgyfeleink mellett.<\/li><li><strong>1222 f\u0151t helyezt\u00fcnk el<\/strong> partnereinkn\u00e9l \u2013 Ezzel t\u00f6bb mint 5000 ember \u00e9let\u00e9re gyakoroltunk hat\u00e1st.<\/li><\/ul><h2>V\u00e1rakoz\u00e1saink 2025-re<\/h2><p>2025-ben \u00fajult er\u0151vel, m\u00e9g nagyobb amb\u00edci\u00f3val haladunk tov\u00e1bb a sikeress\u00e9g \u00fatj\u00e1n. Hisz\u00fcnk abban, hogy a k\u00f6z\u00f6s munka \u00e9s a folyamatos fejl\u0151d\u00e9s az, ami igaz\u00e1n meghat\u00e1rozza a j\u00f6v\u0151t.<\/p><p><strong>Legyen a k\u00f6vetkez\u0151 \u00e9v\u00fcnk is tele \u00faj lehet\u0151s\u00e9gekkel, k\u00f6z\u00f6s sikerekkel \u00e9s el\u00e9gedett \u00fcgyfelekkel!<\/strong><\/p><p><strong>Boldog \u00fcnnepeket \u00e9s sikeres, eredm\u00e9nyes \u00faj \u00e9vet k\u00edv\u00e1nunk!<\/strong><\/p><p><strong><a href=\"http:\/\/delego.hu\/en\/\">Delego Kft.<\/a><\/strong><\/p>\t\t\t\t\t\t\t\t<\/div>\n\t\t\t\t<\/div>\n\t\t\t\t\t<\/div>\n\t\t\t\t<\/div>\n\t\t\t\t<\/div>","protected":false},"excerpt":{"rendered":"<p>Delego Kft. &#8211; \u00c9v\u00e9rt\u00e9kel\u0151 2024 Most, hogy el\u00e9rt\u00fcnk az \u00e9v v\u00e9g\u00e9hez, a Delego Kft. b\u00fcszk\u00e9n tekint vissza a 2024-es esztend\u0151 eredm\u00e9nyeire \u00e9s fejl\u0151d\u00e9si m\u00e9rf\u00f6ldk\u00f6veire. Gazdas\u00e1gi neh\u00e9zs\u00e9gek ellen\u00e9re ez az \u00e9v nemcsak \u00faj lehet\u0151s\u00e9geket \u00e9s kih\u00edv\u00e1sokat hozott, hanem sz\u00e1mos jelent\u0151s sikert is, amelyek\u00e9rt h\u00e1l\u00e1sak vagyunk partnereinknek, munkav\u00e1llal\u00f3inknak \u00e9s minden k\u00f6zrem\u0171k\u00f6d\u0151nek. F\u0151bb Eredm\u00e9nyeink Eg\u00e9sz \u00e9vben arra t\u00f6rekedt\u00fcnk, [&hellip;]<\/p>","protected":false},"author":2,"featured_media":0,"parent":0,"menu_order":0,"comment_status":"closed","ping_status":"closed","template":"","meta":{"_acf_changed":false,"footnotes":""},"class_list":["post-1389","page","type-page","status-publish","hentry"],"acf":[],"yoast_head":"<!-- This site is optimized with the Yoast SEO plugin v25.3 - https:\/\/yoast.com\/wordpress\/plugins\/seo\/ -->\n<title>\u00c9v\u00e9rt\u00e9kel\u0151 - 2024 - Delego<\/title>\n<meta name=\"robots\" content=\"index, follow, max-snippet:-1, max-image-preview:large, max-video-preview:-1\" \/>\n<link rel=\"canonical\" href=\"http:\/\/delego.hu\/en\/evertekelo-2024\/\" \/>\n<meta property=\"og:locale\" content=\"en_GB\" \/>\n<meta property=\"og:type\" content=\"article\" \/>\n<meta property=\"og:title\" content=\"\u00c9v\u00e9rt\u00e9kel\u0151 - 2024 - Delego\" \/>\n<meta property=\"og:description\" content=\"Delego Kft. &#8211; \u00c9v\u00e9rt\u00e9kel\u0151 2024 Most, hogy el\u00e9rt\u00fcnk az \u00e9v v\u00e9g\u00e9hez, a Delego Kft. b\u00fcszk\u00e9n tekint vissza a 2024-es esztend\u0151 eredm\u00e9nyeire \u00e9s fejl\u0151d\u00e9si m\u00e9rf\u00f6ldk\u00f6veire. Gazdas\u00e1gi neh\u00e9zs\u00e9gek ellen\u00e9re ez az \u00e9v nemcsak \u00faj lehet\u0151s\u00e9geket \u00e9s kih\u00edv\u00e1sokat hozott, hanem sz\u00e1mos jelent\u0151s sikert is, amelyek\u00e9rt h\u00e1l\u00e1sak vagyunk partnereinknek, munkav\u00e1llal\u00f3inknak \u00e9s minden k\u00f6zrem\u0171k\u00f6d\u0151nek. F\u0151bb Eredm\u00e9nyeink Eg\u00e9sz \u00e9vben arra t\u00f6rekedt\u00fcnk, [&hellip;]\" \/>\n<meta property=\"og:url\" content=\"http:\/\/delego.hu\/en\/evertekelo-2024\/\" \/>\n<meta property=\"og:site_name\" content=\"Delego\" \/>\n<meta property=\"article:modified_time\" content=\"2025-01-02T07:43:30+00:00\" \/>\n<meta property=\"og:image\" content=\"http:\/\/delego.hu\/wp-content\/uploads\/2024\/12\/rrrr.png\" \/>\n<meta name=\"twitter:card\" content=\"summary_large_image\" \/>\n<meta name=\"twitter:label1\" content=\"Estimated reading time\" \/>\n\t<meta name=\"twitter:data1\" content=\"2 minutes\" \/>\n<script type=\"application\/ld+json\" class=\"yoast-schema-graph\">{\"@context\":\"https:\/\/schema.org\",\"@graph\":[{\"@type\":\"WebPage\",\"@id\":\"http:\/\/delego.hu\/en\/evertekelo-2024\/\",\"url\":\"http:\/\/delego.hu\/en\/evertekelo-2024\/\",\"name\":\"\u00c9v\u00e9rt\u00e9kel\u0151 - 2024 - Delego\",\"isPartOf\":{\"@id\":\"https:\/\/delego.hu\/ru\/#website\"},\"primaryImageOfPage\":{\"@id\":\"http:\/\/delego.hu\/en\/evertekelo-2024\/#primaryimage\"},\"image\":{\"@id\":\"http:\/\/delego.hu\/en\/evertekelo-2024\/#primaryimage\"},\"thumbnailUrl\":\"http:\/\/delego.hu\/wp-content\/uploads\/2024\/12\/rrrr.png\",\"datePublished\":\"2024-12-31T13:13:33+00:00\",\"dateModified\":\"2025-01-02T07:43:30+00:00\",\"breadcrumb\":{\"@id\":\"http:\/\/delego.hu\/en\/evertekelo-2024\/#breadcrumb\"},\"inLanguage\":\"en-GB\",\"potentialAction\":[{\"@type\":\"ReadAction\",\"target\":[\"http:\/\/delego.hu\/en\/evertekelo-2024\/\"]}]},{\"@type\":\"ImageObject\",\"inLanguage\":\"en-GB\",\"@id\":\"http:\/\/delego.hu\/en\/evertekelo-2024\/#primaryimage\",\"url\":\"http:\/\/delego.hu\/wp-content\/uploads\/2024\/12\/rrrr.png\",\"contentUrl\":\"http:\/\/delego.hu\/wp-content\/uploads\/2024\/12\/rrrr.png\"},{\"@type\":\"BreadcrumbList\",\"@id\":\"http:\/\/delego.hu\/en\/evertekelo-2024\/#breadcrumb\",\"itemListElement\":[{\"@type\":\"ListItem\",\"position\":1,\"name\":\"Kezd\u0151lap\",\"item\":\"https:\/\/delego.hu\/hu\/\"},{\"@type\":\"ListItem\",\"position\":2,\"name\":\"\u00c9v\u00e9rt\u00e9kel\u0151 &#8211; 2024\"}]},{\"@type\":\"WebSite\",\"@id\":\"https:\/\/delego.hu\/ru\/#website\",\"url\":\"https:\/\/delego.hu\/ru\/\",\"name\":\"Delego\",\"description\":\"\",\"publisher\":{\"@id\":\"https:\/\/delego.hu\/ru\/#organization\"},\"potentialAction\":[{\"@type\":\"SearchAction\",\"target\":{\"@type\":\"EntryPoint\",\"urlTemplate\":\"https:\/\/delego.hu\/ru\/?s={search_term_string}\"},\"query-input\":{\"@type\":\"PropertyValueSpecification\",\"valueRequired\":true,\"valueName\":\"search_term_string\"}}],\"inLanguage\":\"en-GB\"},{\"@type\":\"Organization\",\"@id\":\"https:\/\/delego.hu\/ru\/#organization\",\"name\":\"Delego\",\"url\":\"https:\/\/delego.hu\/ru\/\",\"logo\":{\"@type\":\"ImageObject\",\"inLanguage\":\"en-GB\",\"@id\":\"https:\/\/delego.hu\/ru\/#\/schema\/logo\/image\/\",\"url\":\"https:\/\/delego.hu\/wp-content\/uploads\/2024\/07\/logodelego.png\",\"contentUrl\":\"https:\/\/delego.hu\/wp-content\/uploads\/2024\/07\/logodelego.png\",\"width\":117,\"height\":50,\"caption\":\"Delego\"},\"image\":{\"@id\":\"https:\/\/delego.hu\/ru\/#\/schema\/logo\/image\/\"}}]}<\/script>\n<!-- \/ Yoast SEO plugin. -->","yoast_head_json":{"title":"\u00c9v\u00e9rt\u00e9kel\u0151 - 2024 - Delego","robots":{"index":"index","follow":"follow","max-snippet":"max-snippet:-1","max-image-preview":"max-image-preview:large","max-video-preview":"max-video-preview:-1"},"canonical":"http:\/\/delego.hu\/en\/evertekelo-2024\/","og_locale":"en_GB","og_type":"article","og_title":"\u00c9v\u00e9rt\u00e9kel\u0151 - 2024 - Delego","og_description":"Delego Kft. &#8211; \u00c9v\u00e9rt\u00e9kel\u0151 2024 Most, hogy el\u00e9rt\u00fcnk az \u00e9v v\u00e9g\u00e9hez, a Delego Kft. b\u00fcszk\u00e9n tekint vissza a 2024-es esztend\u0151 eredm\u00e9nyeire \u00e9s fejl\u0151d\u00e9si m\u00e9rf\u00f6ldk\u00f6veire. Gazdas\u00e1gi neh\u00e9zs\u00e9gek ellen\u00e9re ez az \u00e9v nemcsak \u00faj lehet\u0151s\u00e9geket \u00e9s kih\u00edv\u00e1sokat hozott, hanem sz\u00e1mos jelent\u0151s sikert is, amelyek\u00e9rt h\u00e1l\u00e1sak vagyunk partnereinknek, munkav\u00e1llal\u00f3inknak \u00e9s minden k\u00f6zrem\u0171k\u00f6d\u0151nek. F\u0151bb Eredm\u00e9nyeink Eg\u00e9sz \u00e9vben arra t\u00f6rekedt\u00fcnk, [&hellip;]","og_url":"http:\/\/delego.hu\/en\/evertekelo-2024\/","og_site_name":"Delego","article_modified_time":"2025-01-02T07:43:30+00:00","og_image":[{"url":"http:\/\/delego.hu\/wp-content\/uploads\/2024\/12\/rrrr.png","type":"","width":"","height":""}],"twitter_card":"summary_large_image","twitter_misc":{"Estimated reading time":"2 minutes"},"schema":{"@context":"https:\/\/schema.org","@graph":[{"@type":"WebPage","@id":"http:\/\/delego.hu\/en\/evertekelo-2024\/","url":"http:\/\/delego.hu\/en\/evertekelo-2024\/","name":"\u00c9v\u00e9rt\u00e9kel\u0151 - 2024 - Delego","isPartOf":{"@id":"https:\/\/delego.hu\/ru\/#website"},"primaryImageOfPage":{"@id":"http:\/\/delego.hu\/en\/evertekelo-2024\/#primaryimage"},"image":{"@id":"http:\/\/delego.hu\/en\/evertekelo-2024\/#primaryimage"},"thumbnailUrl":"http:\/\/delego.hu\/wp-content\/uploads\/2024\/12\/rrrr.png","datePublished":"2024-12-31T13:13:33+00:00","dateModified":"2025-01-02T07:43:30+00:00","breadcrumb":{"@id":"http:\/\/delego.hu\/en\/evertekelo-2024\/#breadcrumb"},"inLanguage":"en-GB","potentialAction":[{"@type":"ReadAction","target":["http:\/\/delego.hu\/en\/evertekelo-2024\/"]}]},{"@type":"ImageObject","inLanguage":"en-GB","@id":"http:\/\/delego.hu\/en\/evertekelo-2024\/#primaryimage","url":"http:\/\/delego.hu\/wp-content\/uploads\/2024\/12\/rrrr.png","contentUrl":"http:\/\/delego.hu\/wp-content\/uploads\/2024\/12\/rrrr.png"},{"@type":"BreadcrumbList","@id":"http:\/\/delego.hu\/en\/evertekelo-2024\/#breadcrumb","itemListElement":[{"@type":"ListItem","position":1,"name":"Kezd\u0151lap","item":"https:\/\/delego.hu\/hu\/"},{"@type":"ListItem","position":2,"name":"\u00c9v\u00e9rt\u00e9kel\u0151 &#8211; 2024"}]},{"@type":"WebSite","@id":"https:\/\/delego.hu\/ru\/#website","url":"https:\/\/delego.hu\/ru\/","name":"Delego","description":"","publisher":{"@id":"https:\/\/delego.hu\/ru\/#organization"},"potentialAction":[{"@type":"SearchAction","target":{"@type":"EntryPoint","urlTemplate":"https:\/\/delego.hu\/ru\/?s={search_term_string}"},"query-input":{"@type":"PropertyValueSpecification","valueRequired":true,"valueName":"search_term_string"}}],"inLanguage":"en-GB"},{"@type":"Organization","@id":"https:\/\/delego.hu\/ru\/#organization","name":"Delego","url":"https:\/\/delego.hu\/ru\/","logo":{"@type":"ImageObject","inLanguage":"en-GB","@id":"https:\/\/delego.hu\/ru\/#\/schema\/logo\/image\/","url":"https:\/\/delego.hu\/wp-content\/uploads\/2024\/07\/logodelego.png","contentUrl":"https:\/\/delego.hu\/wp-content\/uploads\/2024\/07\/logodelego.png","width":117,"height":50,"caption":"Delego"},"image":{"@id":"https:\/\/delego.hu\/ru\/#\/schema\/logo\/image\/"}}]}},"_links":{"self":[{"href":"http:\/\/delego.hu\/en\/wp-json\/wp\/v2\/pages\/1389","targetHints":{"allow":["GET"]}}],"collection":[{"href":"http:\/\/delego.hu\/en\/wp-json\/wp\/v2\/pages"}],"about":[{"href":"http:\/\/delego.hu\/en\/wp-json\/wp\/v2\/types\/page"}],"author":[{"embeddable":true,"href":"http:\/\/delego.hu\/en\/wp-json\/wp\/v2\/users\/2"}],"replies":[{"embeddable":true,"href":"http:\/\/delego.hu\/en\/wp-json\/wp\/v2\/comments?post=1389"}],"version-history":[{"count":10,"href":"http:\/\/delego.hu\/en\/wp-json\/wp\/v2\/pages\/1389\/revisions"}],"predecessor-version":[{"id":1416,"href":"http:\/\/delego.hu\/en\/wp-json\/wp\/v2\/pages\/1389\/revisions\/1416"}],"wp:attachment":[{"href":"http:\/\/delego.hu\/en\/wp-json\/wp\/v2\/media?parent=1389"}],"curies":[{"name":"wp","href":"https:\/\/api.w.org\/{rel}","templated":true}]}}